{"id":10831,"date":"2021-04-21T09:29:38","date_gmt":"2021-04-21T07:29:38","guid":{"rendered":"https:\/\/skrivanek.cz\/?page_id=10831"},"modified":"2026-03-24T11:50:40","modified_gmt":"2026-03-24T10:50:40","slug":"fj-expert","status":"publish","type":"page","link":"https:\/\/skrivanek.cz\/cz\/jazykova-skola\/fj-expert\/","title":{"rendered":"Francouz\u0161tina C2"},"content":{"rendered":"<div id=\"pl-10831\"  class=\"panel-layout\" ><div id=\"pg-10831-0\"  class=\"panel-grid panel-has-style\"  style=\"margin-bottom: 0px\" ><div class=\"panel-row-padding-none panel-row-style panel-row-style-for-10831-0\" ><div id=\"pgc-10831-0-0\"  class=\"panel-grid-cell\" ><div id=\"panel-10831-0-0-0\" class=\"so-panel widget widget_wpa9-editor-ext panel-first-child panel-last-child\" data-index=\"0\" ><div\n\t\t\t\n\t\t\tclass=\"so-widget-wpa9-editor-ext so-widget-wpa9-editor-ext-default-c93e1481a745-10831\"\n\t\t\t\n\t\t>\n<div class=\"siteorigin-widget-tinymce textwidget\">\n\t<h2 class=\"wpa9-panel-title\">\u00darove\u0148 francouz\u0161tiny C2<\/h2>\n<div class=\"wpa9-panel-content\">\n<ul>\n \t<li>Snadno rozum\u00ed prakticky v\u0161emu, co sly\u0161\u00ed nebo\u00a0\u010dte.<\/li>\n \t<li>Dok\u00e1\u017ee shrnout informace z\u00a0r\u016fzn\u00fdch mluven\u00fdch a\u00a0psan\u00fdch zdroj\u016f, rekonstruovat argumenty a\u00a0vysv\u011btlen\u00ed a\u00a0souvisle je\u00a0prezentovat.<\/li>\n \t<li>Um\u00ed se vyjad\u0159ovat spont\u00e1nn\u011b, velice plynule a\u00a0p\u0159esn\u011b, p\u0159i\u010dem\u017e rozli\u0161uje jemn\u011bj\u0161\u00ed v\u00fdznamov\u00e9 odst\u00edny i\u00a0ve slo\u017eit\u011bj\u0161\u00edch\u00a0situac\u00edch.<\/li>\n \t<li>Jazykov\u00e1 \u00farove\u0148 Sk\u0159iv\u00e1nek:\u00a0<strong>expert<\/strong>.<\/li>\n<\/ul>\n<strong>Pot\u0159ebujete pomoc s\u00a0p\u0159\u00edpravou na zkou\u0161ky? Chcete se procvi\u010dit v\u00a0oblasti, ve kter\u00e9 si nejste \u00fapln\u011b jist\u00ed? R\u00e1di v\u00e1m s\u00a0t\u00edm pom\u016f\u017eeme! Sta\u010d\u00ed si objednat u\u00a0n\u00e1s kurz.<\/strong>\n\n<p style=\"text-align: center;\"><a class=\"btn btn-negative\" href=\"https:\/\/skrivanek.cz\/cz\/jazykova-skola\/individualni-vyuka-jazyku\/francouzstina\/\">Chci kurz francouz\u0161tiny na \u00farovni C2<\/a><\/p>\n\n<\/div><\/div>\n<\/div><\/div><\/div><\/div><\/div><div id=\"pg-10831-1\"  class=\"panel-grid panel-has-style\"  style=\"margin-bottom: 0px\" ><div class=\"siteorigin-panels-stretch panel-row-padding-none panel-row-style panel-row-style-for-10831-1\" data-stretch-type=\"full\" ><div id=\"pgc-10831-1-0\"  class=\"panel-grid-cell\" ><div id=\"panel-10831-1-0-0\" class=\"so-panel widget widget_wpa9-card-l panel-first-child panel-last-child\" data-index=\"1\" ><div\n\t\t\t\n\t\t\tclass=\"so-widget-wpa9-card-l so-widget-wpa9-card-l-default-c93e1481a745-10831\"\n\t\t\t\n\t\t>\n<h3 class=\"widget-title\">Jazykov\u00e9 zkou\u0161ky francouz\u0161tiny pro \u00farove\u0148 C2<\/h3>\n<div class=\"wpa9-card wpa9-card-l-container d-flex flex-wrap wpa9-columns-2\">\n\n\t\n\t\t\n\t<div class=\"wpa9-card-l-panel wpa9-panel shadow rounded d-flex flex-column justify-content-between\">\n\n\t\t<div>\n\t\t\t\t\n\t\t\t\t\t\t\t\t<h2 class=\"wpa9-panel-title\">DALF C2<\/h2>\n\t\t\n\t\t\t\t\t\t\t<div class=\"wpa9-panel-content\"><p>Dipl\u00f4me approfondi de langue fran\u00e7aise\u00a0<span class=\"caps\">C2<\/span><\/p>\n<ul style=\"list-style-type: disc\">\n<li>zkou\u0161ka z&nbsp;obecn\u00e9 francouz\u0161tiny na \u00farovni <span class=\"caps\">C2<\/span><\/li>\n<li>minimum absolvovan\u00fdch hodin v\u00fduky: 1060\u20131200<\/li>\n<li>zkou\u0161ka obsahuje:\n<ul style=\"list-style-type: square\">\n<li>poslech<\/li>\n<li>\u010dten\u00ed<\/li>\n<li>psan\u00ed<\/li>\n<li>\u00fastn\u00ed testov\u00e1n\u00ed<\/li>\n<\/ul>\n<\/li>\n<li>v\u0161echny \u010dty\u0159i \u010d\u00e1sti zkou\u0161ky jsou bodov\u011b ohodnoceny, p\u0159i\u010dem\u017e z&nbsp;ka\u017ed\u00e9 je mo\u017eno z\u00edskat maxim\u00e1ln\u011b 25 bod\u016f<\/li>\n<li>celkov\u011b mus\u00ed uchaze\u010d obdr\u017eet minim\u00e1ln\u011b 50 bod\u016f ze 100, aby zkou\u0161ku \u00fasp\u011b\u0161n\u011b slo\u017eil<\/li>\n<\/ul>\n<div class=\"box-proscons__item\"><\/div>\n<\/div>\n\t\t\t\t<\/div>\n\n\t\t\t\t<div class=\"meta meta-buttons d-flex flex-column flex-sm-row justify-content-start\">\n\t\t\t\t\t<a class=\"btn \" href=\"https:\/\/www.france-education-international.fr\/diplome\/dalf\" title=\"V\u00edce na www.france-education-international.fr\" target=\"_blank\">V\u00edce na www.france-education-international.fr<\/a>\n\t\t\t\t\t\t<\/div>\n\t\t\n\t<\/div>\n\n\t\t\n\t<div class=\"wpa9-card-l-panel wpa9-panel shadow rounded d-flex flex-column justify-content-between\">\n\n\t\t<div>\n\t\t\t\t\n\t\t\t\t\t\t\t\t<h2 class=\"wpa9-panel-title\">TCF<\/h2>\n\t\t\n\t\t\t\t\t\t\t<div class=\"wpa9-panel-content\"><p>Test de connaissance du\u00a0fran\u00e7ais<\/p>\n<ul style=\"list-style-type: disc\">\n<li>zkou\u0161ka z&nbsp;obecn\u00e9 francouz\u0161tiny, ve kter\u00e9 se pokro\u010dilost ur\u010duje podle bodov\u00e9ho sk\u00f3re<\/li>\n<li>na \u00farove\u0148\u00a0<span class=\"caps\">C2<\/span>\u00a0mus\u00ed kandid\u00e1t z\u00edskat 600\u2013699\u00a0bod\u016f<\/li>\n<li>zkou\u0161ka obsahuje t\u0159i povinn\u00e9 a&nbsp;dv\u011b fakultativn\u00ed \u010d\u00e1sti<\/li>\n<li>povinn\u00e1 \u010d\u00e1st trv\u00e1 celkem 1 hodinu 25 minut:\n<ul style=\"list-style-type: square\">\n<li>poslech (25 minut)<\/li>\n<li>u\u017eit\u00ed jazyka (15 minut)<\/li>\n<li>\u010dten\u00ed (45 minut)<\/li>\n<\/ul>\n<\/li>\n<li>fakultativn\u00ed \u010d\u00e1st:\n<ul style=\"list-style-type: square\">\n<li>mluven\u00ed (12 minut)<\/li>\n<li>psan\u00ed (60 minut)<\/li>\n<\/ul>\n<\/li>\n<\/ul>\n<\/div>\n\t\t\t\t<\/div>\n\n\t\t\t\t<div class=\"meta meta-buttons d-flex flex-column flex-sm-row justify-content-start\">\n\t\t\t\t\t<a class=\"btn \" href=\"https:\/\/www.france-education-international.fr\/hub\/diplomes-tests\" title=\"V\u00edce na www.france-education-international.fr\" target=\"_blank\">V\u00edce na www.france-education-international.fr<\/a>\n\t\t\t\t\t\t<\/div>\n\t\t\n\t<\/div>\n\n\t\t\n\t<div class=\"wpa9-card-l-panel wpa9-panel shadow rounded d-flex flex-column justify-content-between\">\n\n\t\t<div>\n\t\t\t\t\n\t\t\t\t\t\t\t\t<h2 class=\"wpa9-panel-title\">TCF RI<\/h2>\n\t\t\n\t\t\t\t\t\t\t<div class=\"wpa9-panel-content\"><p>Test de connaissance du fran\u00e7ais version relations\u00a0internationales<\/p>\n<ul style=\"list-style-type: disc\">\n<li>zkou\u0161ka testuje schopnost komunikace v&nbsp;oblasti mezin\u00e1rodn\u00edch vztah\u016f a&nbsp;diplomacie<\/li>\n<li>tato zkou\u0161ka umo\u017e\u0148uje z\u00edskat certifikaci od \u00farovn\u011b\u00a0<span class=\"caps\">A1<\/span>\u00a0a\u017e po\u00a0<span class=\"caps\">C2<\/span><\/li>\n<li>na \u00farove\u0148\u00a0<span class=\"caps\">C2<\/span>\u00a0mus\u00ed kandid\u00e1t z\u00edskat 600\u2013699\u00a0bod\u016f<\/li>\n<li>zkou\u0161ka obsahuje t\u0159i povinn\u00e9 a&nbsp;dv\u011b fakultativn\u00ed \u010d\u00e1sti<\/li>\n<li>povinn\u00e1 \u010d\u00e1st trv\u00e1 celkem 1 hodinu 30 minut:\n<ul style=\"list-style-type: square\">\n<li>poslech<\/li>\n<li>u\u017eit\u00ed jazyka<\/li>\n<li>\u010dten\u00ed<\/li>\n<\/ul>\n<\/li>\n<li>fakultativn\u00ed \u010d\u00e1st:\n<ul style=\"list-style-type: square\">\n<li>mluven\u00ed (15 minut)<\/li>\n<li>psan\u00ed (1 hodina 45 minut)<\/li>\n<\/ul>\n<\/li>\n<\/ul>\n<\/div>\n\t\t\t\t<\/div>\n\n\t\t\t\t<div class=\"meta meta-buttons d-flex flex-column flex-sm-row justify-content-start\">\n\t\t\t\t\t<a class=\"btn \" href=\"https:\/\/www.france-education-international.fr\/hub\/diplomes-tests\" title=\"V\u00edce na www.france-education-international.fr\" target=\"_blank\">V\u00edce na www.france-education-international.fr<\/a>\n\t\t\t\t\t\t<\/div>\n\t\t\n\t<\/div>\n\n\t\t\n\t<div class=\"wpa9-card-l-panel wpa9-panel shadow rounded d-flex flex-column justify-content-between\">\n\n\t\t<div>\n\t\t\t\t\n\t\t\t\t\t\t\t\t<h2 class=\"wpa9-panel-title\">TEF<\/h2>\n\t\t\n\t\t\t\t\t\t\t<div class=\"wpa9-panel-content\"><div class=\"boards-section\">\n<div class=\"section-wrapper\">\n<div class=\"boards-section__box-wrapper\">\n<div class=\"boards-section__box \">\n<div class=\"box-content\">\n<p>(Test d\u2019\u00e9valuation de\u00a0fran\u00e7ais)<\/p>\n<ul style=\"list-style-type: disc\">\n<li>zkou\u0161ka z&nbsp;obecn\u00e9 francouz\u0161tiny, ve kter\u00e9 se pokro\u010dilost ur\u010duje podle bodov\u00e9ho sk\u00f3re<\/li>\n<li>na \u00farove\u0148\u00a0<span class=\"caps\">C2<\/span>\u00a0mus\u00ed kandid\u00e1t z\u00edskat 600\u2013699\u00a0bod\u016f<\/li>\n<li>tento test vytv\u00e1\u0159\u00ed Centre de langue fran\u00e7aise pro Pa\u0159\u00ed\u017eskou pr\u016fmyslovou a&nbsp;obchodn\u00ed komoru (<span class=\"caps\">CCIP<\/span>)<\/li>\n<li>kandid\u00e1ti v\u0161ech pokro\u010dilost\u00ed skl\u00e1daj\u00ed stejn\u00fd test<\/li>\n<li>zkou\u0161ka obsahuje: poslech, porozum\u011bn\u00ed textu, voliteln\u011b nav\u00edc p\u00edsemn\u00fd a\/nebo mluven\u00fd\u00a0projev,<\/li>\n<li>je mo\u017en\u00e9 ho podstoupit tak\u00e9 ve variant\u011b ur\u010den\u00e9 pro \u017eadatele o&nbsp;imigraci do Kanady \u2013\u00a0<strong><span class=\"caps\">TEF<\/span>\u00a0Canada<\/strong>\u00a0\u2013 nebo Qu\u00e9becu \u2013\u00a0<strong><span class=\"caps\">TEF<\/span>aQ<\/strong><\/li>\n<\/ul>\n<\/div>\n<\/div>\n<\/div>\n<\/div>\n<\/div>\n<div class=\"amp-decoration\">\n<div class=\"inquiry-section var-language-school\">\n<div class=\"section-wrapper\"><\/div>\n<\/div>\n<\/div>\n<\/div>\n\t\t\t\t<\/div>\n\n\t\t\t\t<div class=\"meta meta-buttons d-flex flex-column flex-sm-row justify-content-start\">\n\t\t\t\t\t<a class=\"btn \" href=\"https:\/\/www.lefrancaisdesaffaires.fr\/en\/tests-diplomas\/test-for-evaluating-french-tef\/\" title=\"V\u00edce na www.lefrancaisdesaffaires.fr\" target=\"_blank\">V\u00edce na www.lefrancaisdesaffaires.fr<\/a>\n\t\t\t\t\t\t<\/div>\n\t\t\n\t<\/div>\n\n\t\t\n\t<div class=\"wpa9-card-l-panel wpa9-panel shadow rounded d-flex flex-column justify-content-between\">\n\n\t\t<div>\n\t\t\t\t\n\t\t\t\t\t\t\t\t<h2 class=\"wpa9-panel-title\">DPF Affaires C2<\/h2>\n\t\t\n\t\t\t\t\t\t\t<div class=\"wpa9-panel-content\"><div class=\"box-content\">\n<div class=\"box-content\">\n<div class=\"box-content\">\n<div class=\"box-content\">\n<div class=\"box-content\">\n<p>Dipl\u00f4mes de fran\u00e7ais professionnel Affaires\u00a0<span class=\"caps\">C2<\/span><\/p>\n<ul style=\"list-style-type: disc\">\n<li>zkou\u0161ka testuje znalosti obchodn\u00ed francouz\u0161tiny na \u00farovni <span class=\"caps\">C2<\/span><\/li>\n<li>minimum absolvovan\u00fdch hodin v\u00fduky: cca 900 hodin<\/li>\n<li>zkou\u0161ka obsahuje:\n<ul style=\"list-style-type: square\">\n<li>porozum\u011bn\u00ed textu<\/li>\n<li>samostatn\u00fd p\u00edsemn\u00fd projev<\/li>\n<li>poslech<\/li>\n<li>samostatn\u00fd mluven\u00fd projev<\/li>\n<\/ul>\n<\/li>\n<\/ul>\n<\/div>\n<\/div>\n<\/div>\n<\/div>\n<\/div>\n<div class=\"box-proscons__item\"><\/div>\n<\/div>\n\t\t\t\t<\/div>\n\n\t\t\t\t<div class=\"meta meta-buttons d-flex flex-column flex-sm-row justify-content-start\">\n\t\t\t\t\t<a class=\"btn \" href=\"https:\/\/www.lefrancaisdesaffaires.fr\/tests-diplomes\/diplomes-francais-professionnel-dfp\/\" title=\"V\u00edce na www.lefrancaisdesaffaires.fr\" target=\"_blank\">V\u00edce na www.lefrancaisdesaffaires.fr<\/a>\n\t\t\t\t\t\t<\/div>\n\t\t\n\t<\/div>\n\n\t\t\n\t<div class=\"wpa9-card-l-panel wpa9-panel shadow rounded d-flex flex-column justify-content-between\">\n\n\t\t<div>\n\t\t\t\t\n\t\t\t\t\t\t\t\t<h2 class=\"wpa9-panel-title\">St\u00e1tn\u00ed jazykov\u00e1 zkou\u0161ka speci\u00e1ln\u00ed \u2013 tlumo\u010dnick\u00e1<\/h2>\n\t\t\n\t\t\t\t\t\t\t<div class=\"wpa9-panel-content\"><div class=\"box-content\">\n<div class=\"box-content\">\n<div class=\"box-content\">\n<div class=\"box-content\">\n<div class=\"box-content\">\n<div class=\"box-content\">\n<p>Zkou\u0161ka testuje znalosti francouzsk\u00e9ho jazyka pro obor tlumo\u010dnictv\u00ed na \u00farovni <span class=\"caps\">C2<\/span><\/p>\n<ul style=\"list-style-type: disc\">\n<li>minimum absolvovan\u00fdch hodin v\u00fduky: cca 1000 hodin<\/li>\n<li>zkou\u0161ku organizuj\u00ed jazykov\u00e9 \u0161koly s&nbsp;pr\u00e1vem st\u00e1tn\u00ed jazykov\u00e9 zkou\u0161ky po&nbsp;cel\u00e9\u00a0<span class=\"caps\">\u010cR<\/span><\/li>\n<li>zkou\u0161ka obsahuje:\n<ul style=\"list-style-type: square\">\n<li>p\u00edsemnou \u010d\u00e1st (180 minut, spo\u010d\u00edv\u00e1 v&nbsp;poslechu)<\/li>\n<li>\u00fastn\u00ed \u010d\u00e1st (40\u201345 minut)<\/li>\n<\/ul>\n<\/li>\n<\/ul>\n<\/div>\n<\/div>\n<\/div>\n<\/div>\n<\/div>\n<\/div>\n<\/div>\n\t\t\t\t<\/div>\n\n\t\t\t\t<div class=\"meta meta-buttons d-flex flex-column flex-sm-row justify-content-start\">\n\t\t\t\t\t<a class=\"btn \" href=\"https:\/\/www.msmt.cz\/vzdelavani\/stredni-vzdelavani\/jazykove-skoly-s-pravem-statni-jazykove-zkousky\" title=\"V\u00edce na www.msmt.cz\" target=\"_blank\">V\u00edce na www.msmt.cz<\/a>\n\t\t\t\t\t\t<\/div>\n\t\t\n\t<\/div>\n\n\t\t\n\t<div class=\"wpa9-card-l-panel wpa9-panel shadow rounded d-flex flex-column justify-content-between\">\n\n\t\t<div>\n\t\t\t\t\n\t\t\t\t\t\t\t\t<h2 class=\"wpa9-panel-title\">St\u00e1tn\u00ed jazykov\u00e1 zkou\u0161ka speci\u00e1ln\u00ed \u2013 p\u0159ekladatelsk\u00e1<\/h2>\n\t\t\n\t\t\t\t\t\t\t<div class=\"wpa9-panel-content\"><div class=\"box-content\">\n<div class=\"box-content\">\n<div class=\"box-content\">\n<div class=\"box-content\">\n<div class=\"box-content\">\n<div class=\"box-content\">\n<div class=\"box-content\">\n<p>St\u00e1tn\u00ed jazykov\u00e1 zkou\u0161ka speci\u00e1ln\u00ed \u2013 p\u0159ekladatelsk\u00e1 je zkou\u0161ka testuj\u00edc\u00ed znalosti francouzsk\u00e9ho jazyka<\/p>\n<ul style=\"list-style-type: disc\">\n<li>minimum absolvovan\u00fdch hodin v\u00fduky: cca 1000 hodin<\/li>\n<li>zkou\u0161ku organizuj\u00ed jazykov\u00e9 \u0161koly s&nbsp;pr\u00e1vem st\u00e1tn\u00ed jazykov\u00e9 zkou\u0161ky po&nbsp;cel\u00e9\u00a0<span class=\"caps\">\u010cR<\/span><\/li>\n<li>zkou\u0161ka obsahuje:\n<ul style=\"list-style-type: square\">\n<li>p\u00edsemnou \u010d\u00e1st (240 minut: \u010dten\u00ed, p\u0159eklad text\u016f a&nbsp;psan\u00ed)<\/li>\n<li>\u00fastn\u00ed \u010d\u00e1st (25\u201330 minut)<\/li>\n<\/ul>\n<\/li>\n<\/ul>\n<\/div>\n<\/div>\n<\/div>\n<\/div>\n<\/div>\n<\/div>\n<\/div>\n<\/div>\n\t\t\t\t<\/div>\n\n\t\t\t\t<div class=\"meta meta-buttons d-flex flex-column flex-sm-row justify-content-start\">\n\t\t\t\t\t<a class=\"btn \" href=\"https:\/\/www.msmt.cz\/vzdelavani\/stredni-vzdelavani\/jazykove-skoly-s-pravem-statni-jazykove-zkousky\" title=\"V\u00edce na www.msmt.cz\" target=\"_blank\">V\u00edce na www.msmt.cz<\/a>\n\t\t\t\t\t\t<\/div>\n\t\t\n\t<\/div>\n\n\t\t\n\t\n<\/div>\n<\/div><\/div><\/div><\/div><\/div><div id=\"pg-10831-2\"  class=\"panel-grid panel-has-style\" ><div class=\"siteorigin-panels-stretch panel-row-padding-none panel-row-style panel-row-style-for-10831-2\" data-stretch-type=\"full\" ><div id=\"pgc-10831-2-0\"  class=\"panel-grid-cell\" ><div id=\"panel-10831-2-0-0\" class=\"so-panel widget widget_skrv-incl-widget panel-first-child panel-last-child\" data-index=\"2\" ><div\n\t\t\t\n\t\t\tclass=\"so-widget-skrv-incl-widget so-widget-skrv-incl-widget-default-c93e1481a745-10831\"\n\t\t\t\n\t\t><div id=\"pl-8541\"  class=\"panel-layout\" ><div id=\"pg-8541-0\"  class=\"panel-grid panel-no-style\" ><div id=\"pgc-8541-0-0\"  class=\"panel-grid-cell\" ><div id=\"panel-8541-0-0-0\" class=\"so-panel widget widget_wpa9-card-s panel-first-child panel-last-child\" data-index=\"0\" ><div\n\t\t\t\n\t\t\tclass=\"so-widget-wpa9-card-s so-widget-wpa9-card-s-default-c93e1481a745-10831\"\n\t\t\t\n\t\t><div class=\"wpa9-card wpa9-card-s wide negative\">\n\n\t<div class=\"wpa9-card-wrapper container\">\n\n\t\t<div class=\"wpa9-card-text\">\n\t\t\t<h2 class=\"wpa9-card-title\">P\u0159\u00edpravn\u00e9 kurzy<\/h2>\n\t\t\t<div class=\"wpa9-card-content\"><p style=\"text-align: center\">Vybrali jste si zkou\u0161ku a&nbsp;chcete se na ni p\u0159ipravit? Anebo st\u00e1le v\u00e1h\u00e1te, kter\u00e1 je pro v\u00e1s vhodn\u00e1? Za\u0161lete nez\u00e1vaznou popt\u00e1vku, r\u00e1di v\u00e1m porad\u00edme.<\/p>\n<\/div>\t\t<\/div>\n\n\t\t\t\t<div class=\"meta meta-buttons d-flex flex-row justify-content-center\">\n\t\t\t\t\t\t\t<a class=\"btn btn-negative \" href=\"https:\/\/skrivanek.cz\/cz\/poptavka\/\" title=\"M\u00e1m z\u00e1jem \">M\u00e1m z\u00e1jem <\/a>\n\t\t\t\t<\/div>\n\t\t\n\t<\/div>\n\n<\/div>\n<\/div><\/div><\/div><\/div><\/div><\/div><\/div><\/div><\/div><\/div><\/div>","protected":false},"excerpt":{"rendered":"<p>\u00darove\u0148 francouz\u0161tiny C2 Snadno rozum\u00ed prakticky v\u0161emu, co sly\u0161\u00ed nebo\u00a0\u010dte. Dok\u00e1\u017ee shrnout informace z\u00a0r\u016fzn\u00fdch mluven\u00fdch a\u00a0psan\u00fdch zdroj\u016f, rekonstruovat argumenty a\u00a0vysv\u011btlen\u00ed a\u00a0souvisle je\u00a0prezentovat. Um\u00ed se vyjad\u0159ovat spont\u00e1nn\u011b, velice plynule a\u00a0p\u0159esn\u011b, p\u0159i\u010dem\u017e rozli\u0161uje jemn\u011bj\u0161\u00ed v\u00fdznamov\u00e9 odst\u00edny i\u00a0ve slo\u017eit\u011bj\u0161\u00edch\u00a0situac\u00edch. Jazykov\u00e1 \u00farove\u0148 Sk\u0159iv\u00e1nek:\u00a0expert. Pot\u0159ebujete pomoc s\u00a0p\u0159\u00edpravou na zkou\u0161ky? Chcete se procvi\u010dit v\u00a0oblasti, ve kter\u00e9 si nejste \u00fapln\u011b jist\u00ed? R\u00e1di [&hellip;]<\/p>\n","protected":false},"author":7,"featured_media":0,"parent":305,"menu_order":0,"comment_status":"closed","ping_status":"closed","template":"","meta":{"_acf_changed":false,"footnotes":""},"class_list":["post-10831","page","type-page","status-publish","hentry"],"acf":[],"aioseo_notices":[],"_links":{"self":[{"href":"https:\/\/skrivanek.cz\/cz\/wp-json\/wp\/v2\/pages\/10831","targetHints":{"allow":["GET"]}}],"collection":[{"href":"https:\/\/skrivanek.cz\/cz\/wp-json\/wp\/v2\/pages"}],"about":[{"href":"https:\/\/skrivanek.cz\/cz\/wp-json\/wp\/v2\/types\/page"}],"author":[{"embeddable":true,"href":"https:\/\/skrivanek.cz\/cz\/wp-json\/wp\/v2\/users\/7"}],"replies":[{"embeddable":true,"href":"https:\/\/skrivanek.cz\/cz\/wp-json\/wp\/v2\/comments?post=10831"}],"version-history":[{"count":3,"href":"https:\/\/skrivanek.cz\/cz\/wp-json\/wp\/v2\/pages\/10831\/revisions"}],"predecessor-version":[{"id":80217,"href":"https:\/\/skrivanek.cz\/cz\/wp-json\/wp\/v2\/pages\/10831\/revisions\/80217"}],"up":[{"embeddable":true,"href":"https:\/\/skrivanek.cz\/cz\/wp-json\/wp\/v2\/pages\/305"}],"wp:attachment":[{"href":"https:\/\/skrivanek.cz\/cz\/wp-json\/wp\/v2\/media?parent=10831"}],"curies":[{"name":"wp","href":"https:\/\/api.w.org\/{rel}","templated":true}]}}