{"id":1260,"date":"2021-01-17T10:45:41","date_gmt":"2021-01-17T09:45:41","guid":{"rendered":"https:\/\/skrivanek.cz\/?page_id=1260"},"modified":"2026-03-24T13:13:19","modified_gmt":"2026-03-24T12:13:19","slug":"unikatni-vyukova-metoda-effecto","status":"publish","type":"page","link":"https:\/\/skrivanek.cz\/cz\/jazykova-skola\/unikatni-vyukova-metoda-effecto\/","title":{"rendered":"Unik\u00e1tn\u00ed v\u00fdukov\u00e1 metoda Effecto\u00ae"},"content":{"rendered":"<div id=\"pl-1260\"  class=\"panel-layout\" ><div id=\"pg-1260-0\"  class=\"panel-grid panel-has-style\"  style=\"margin-bottom: 0px\" ><div class=\"siteorigin-panels-stretch panel-row-padding-none panel-row-style panel-row-style-for-1260-0\" data-stretch-type=\"full\" ><div id=\"pgc-1260-0-0\"  class=\"panel-grid-cell\" ><div id=\"panel-1260-0-0-0\" class=\"so-panel widget widget_wpa9-card-m panel-first-child panel-last-child\" data-index=\"0\" ><div\n\t\t\t\n\t\t\tclass=\"so-widget-wpa9-card-m so-widget-wpa9-card-m-default-c93e1481a745-1260\"\n\t\t\t\n\t\t>\n\n<section class=\"wpa9-card wpa9-card-m-container d-flex flex-wrap justify-content-center yAh3zu\">\n\n\t\n\t\t\n\t\t\t\n\t<article class=\"wpa9-card-m-panel wpa9-panel \">\n\t<div class=\"rounded\">\n\t\t\t\t<header class=\"d-block flex-wrap pb-4\">\n\t\t\t\n\t\t\t\t\t\t\t\t<h2 class=\"wpa9-card-title\">Vlastn\u00ed v\u00fdukov\u00e1 metoda<\/h2>\n\t\t\t\t<\/header>\n\n\t\t\t\t<main class=\"wpa9-card-content\"><p>P\u0159es 20 let jsme sb\u00edrali zku\u0161enosti s&nbsp;jazykovou v\u00fdukou, abychom vytvo\u0159ili v\u00fdukovou metodu Effecto\u00ae, kter\u00e1 zohled\u0148uje to nejpodstatn\u011bj\u0161\u00ed \u2013 <strong>schopnost domluvit\u00a0se<\/strong>.<\/p>\n<\/main>\n\t\t\n\t<\/div>\t<\/article>\n\t\t\n\t\t\t\n\t<article class=\"wpa9-card-m-panel wpa9-panel \">\n\t<div class=\"rounded\">\n\t\t\t\t<header class=\"d-block flex-wrap pb-4\">\n\t\t\t\n\t\t\t\t\t\t\t\t<h2 class=\"wpa9-card-title\">Rozmluven\u00ed<\/h2>\n\t\t\t\t<\/header>\n\n\t\t\t\t<main class=\"wpa9-card-content\"><p>P\u0159i v\u00fduce mluv\u00edme o&nbsp;b\u011b\u017en\u00fdch situac\u00edch, kter\u00e9 respektuj\u00ed va\u0161i jazykovou \u00farove\u0148. D\u00edky tomu <strong>budete mluvit ka\u017edou hodinu\u00a0l\u00e9pe<\/strong>.<\/p>\n<\/main>\n\t\t\n\t<\/div>\t<\/article>\n\t\t\n\t\t\t\n\t<article class=\"wpa9-card-m-panel wpa9-panel \">\n\t<div class=\"rounded\">\n\t\t\t\t<header class=\"d-block flex-wrap pb-4\">\n\t\t\t\n\t\t\t\t\t\t\t\t<h2 class=\"wpa9-card-title\">Kontrola \u00farovn\u011b<\/h2>\n\t\t\t\t<\/header>\n\n\t\t\t\t<main class=\"wpa9-card-content\"><p>Jazykov\u00fdm auditem p\u0159ed za\u010d\u00e1tkem kurzu a&nbsp;pr\u016fb\u011b\u017en\u00fdm testov\u00e1n\u00edm ov\u011b\u0159ujeme va\u0161i <a href=\"https:\/\/skrivanek.cz\/cz\/jazykove-urovne-dle-err\/\">jazykovou \u00farove\u0148<\/a>. D\u00edky tomu zjist\u00edte, jak si\u00a0vedete.<\/p>\n<\/main>\n\t\t\n\t<\/div>\t<\/article>\n\t\t\n\n\t\t\n\t\n<\/section>\n<\/div><\/div><\/div><\/div><\/div><div id=\"pg-1260-1\"  class=\"panel-grid panel-no-style\"  style=\"margin-bottom: 0px\" ><div id=\"pgc-1260-1-0\"  class=\"panel-grid-cell\" ><div id=\"panel-1260-1-0-0\" class=\"so-panel widget widget_wpa9-steps panel-first-child panel-last-child\" data-index=\"1\" ><div\n\t\t\t\n\t\t\tclass=\"so-widget-wpa9-steps so-widget-wpa9-steps-default-c93e1481a745-1260\"\n\t\t\t\n\t\t><div class=\"wpa9-steps\">\n\t<div class=\"wpa9-steps-togglers d-flex flex-wrap justify-content-center\" data-wpa9-interval=\"7000\">\n\t\t\t\n\t\t<div class=\"wpa9-steps-toggler-wrapper wpa9-steps-active\" id=\"wpa9-steps-toggler-panel-0\">\n\t\t\t<div class=\"wpa9-steps-toggler f-headlines d-flex align-items-center justify-content-center\" data-content=\"panel-0\" role=\"button\">\n\t\t\t\t\t\t\t\t<span class=\"wpa9-step-title\">Aktivn\u00ed zapojen\u00ed do v\u00fduky<\/span>\n\t\t\t\t\t\t\t<\/div>\n\t\t\t<div class=\"wpa9-steps-decoration\"><\/div>\n\t\t<\/div>\n\t\t<div class=\"wpa9-steps-content wpa9-steps-active\" role=\"region\" id=\"wpa9-steps-content-panel-0\">\n\t\t\t<p>D\u00edky r\u016fznorod\u00fdm aktivit\u00e1m je nov\u00e1 l\u00e1tka probr\u00e1na z\u00a0r\u016fzn\u00fdch \u00fahl\u016f, a&nbsp;proto jej ka\u017ed\u00fd student rychleji p\u0159ijme a&nbsp;za\u010dne automaticky pou\u017e\u00edvat v&nbsp;praxi.<\/p>\n\t\t<\/div>\n\t\t<div class=\"wpa9-steps-hyphen hyphen-visible\"><\/div>\t\t\t\n\t\t<div class=\"wpa9-steps-toggler-wrapper\" id=\"wpa9-steps-toggler-panel-1\">\n\t\t\t<div class=\"wpa9-steps-toggler f-headlines d-flex align-items-center justify-content-center\" data-content=\"panel-1\" role=\"button\">\n\t\t\t\t\t\t\t\t<span class=\"wpa9-step-title\">Inspirace k&nbsp;lep\u0161\u00edm v\u00fdsledk\u016fm<\/span>\n\t\t\t\t\t\t\t<\/div>\n\t\t\t<div class=\"wpa9-steps-decoration\"><\/div>\n\t\t<\/div>\n\t\t<div class=\"wpa9-steps-content\" role=\"region\" id=\"wpa9-steps-content-panel-1\">\n\t\t\t<p>P\u0159ed za\u010d\u00e1tkem kurzu provedeme jazykov\u00fd audit va\u0161ich znalost\u00ed. Pr\u016fb\u011b\u017en\u00fdmi testy si ov\u011b\u0159\u00edte, jak si vedete. Na konci kurzu si podle z\u00e1v\u011bre\u010dn\u00e9ho jazykov\u00e9ho auditu ov\u011b\u0159\u00edte \u00farove\u0148, na kterou jste se\u00a0dostali.<\/p>\n\t\t<\/div>\n\t\t<div class=\"wpa9-steps-hyphen hyphen-visible\"><\/div>\t\t\t\n\t\t<div class=\"wpa9-steps-toggler-wrapper\" id=\"wpa9-steps-toggler-panel-2\">\n\t\t\t<div class=\"wpa9-steps-toggler f-headlines d-flex align-items-center justify-content-center\" data-content=\"panel-2\" role=\"button\">\n\t\t\t\t\t\t\t\t<span class=\"wpa9-step-title\">Ovlivn\u011bn\u00ed n\u00e1pln\u011b kurzu<\/span>\n\t\t\t\t\t\t\t<\/div>\n\t\t\t<div class=\"wpa9-steps-decoration\"><\/div>\n\t\t<\/div>\n\t\t<div class=\"wpa9-steps-content\" role=\"region\" id=\"wpa9-steps-content-panel-2\">\n\t\t\t<p>M\u00e1te jedine\u010dnou p\u0159\u00edle\u017eitost p\u0159izp\u016fsobit si kurz vlastn\u00edm pot\u0159eb\u00e1m. Lektor vyb\u00edr\u00e1 postupy, kter\u00e9 odpov\u00eddaj\u00ed va\u0161im o\u010dek\u00e1v\u00e1n\u00edm.<\/p>\n\t\t<\/div>\n\t\t<div class=\"wpa9-steps-hyphen hyphen-visible\"><\/div>\t\t\t\n\t\t<div class=\"wpa9-steps-toggler-wrapper\" id=\"wpa9-steps-toggler-panel-3\">\n\t\t\t<div class=\"wpa9-steps-toggler f-headlines d-flex align-items-center justify-content-center\" data-content=\"panel-3\" role=\"button\">\n\t\t\t\t\t\t\t\t<span class=\"wpa9-step-title\">Praktick\u00e9 a&nbsp;z\u00e1bavn\u00e9<\/span>\n\t\t\t\t\t\t\t<\/div>\n\t\t\t<div class=\"wpa9-steps-decoration\"><\/div>\n\t\t<\/div>\n\t\t<div class=\"wpa9-steps-content\" role=\"region\" id=\"wpa9-steps-content-panel-3\">\n\t\t\t<p>V\u011b\u0159\u00edte, \u017ee u\u010dit se ciz\u00ed jazyk nesm\u00ed b\u00fdt dril, ale z\u00e1bava? My tak\u00e9! Proto tvo\u0159\u00ed pevnou sou\u010d\u00e1st v\u00fduky jazykov\u00e9 hry, m\u00e9dia i&nbsp;nov\u00e9 technologie. A\u00a0nav\u00edc \u010d\u00edm v\u00edce zp\u016fsoby studenti nov\u00fd jazyk vn\u00edmaj\u00ed, t\u00edm v\u00edce si pamatuj\u00ed.<\/p>\n\t\t<\/div>\n\t\t<div class=\"wpa9-steps-hyphen hyphen-visible\"><\/div>\t\t\t\n\t\t<div class=\"wpa9-steps-toggler-wrapper\" id=\"wpa9-steps-toggler-panel-4\">\n\t\t\t<div class=\"wpa9-steps-toggler f-headlines d-flex align-items-center justify-content-center\" data-content=\"panel-4\" role=\"button\">\n\t\t\t\t\t\t\t\t<span class=\"wpa9-step-title\">Garance<\/span>\n\t\t\t\t\t\t\t<\/div>\n\t\t\t<div class=\"wpa9-steps-decoration\"><\/div>\n\t\t<\/div>\n\t\t<div class=\"wpa9-steps-content\" role=\"region\" id=\"wpa9-steps-content-panel-4\">\n\t\t\t<p>S v\u00fdukou pomoc\u00ed na\u0161\u00ed metody Effecto v\u00e1s \u010dekaj\u00ed hodiny s&nbsp;jasn\u011b danou a&nbsp;efektivn\u00ed strukturou, kter\u00e1 garantuje, \u017ee va\u0161e snaha povede k\u00a0pokroku.<\/p>\n\t\t<\/div>\n\t\t\t\t<\/div>\n\t<div class=\"wpa9-steps-contents-wrapper\">\n\t\t\t\t\t<div class=\"wpa9-steps-content _step_5_1 wpa9-steps-active\" role=\"region\" id=\"wpa9-steps-content-panel-0\">\n\t\t\t<p>D\u00edky r\u016fznorod\u00fdm aktivit\u00e1m je nov\u00e1 l\u00e1tka probr\u00e1na z\u00a0r\u016fzn\u00fdch \u00fahl\u016f, a&nbsp;proto jej ka\u017ed\u00fd student rychleji p\u0159ijme a&nbsp;za\u010dne automaticky pou\u017e\u00edvat v&nbsp;praxi.<\/p>\n\t\t<\/div>\n\t\t\t\t\t<div class=\"wpa9-steps-content _step_5_2\" role=\"region\" id=\"wpa9-steps-content-panel-1\">\n\t\t\t<p>P\u0159ed za\u010d\u00e1tkem kurzu provedeme jazykov\u00fd audit va\u0161ich znalost\u00ed. Pr\u016fb\u011b\u017en\u00fdmi testy si ov\u011b\u0159\u00edte, jak si vedete. Na konci kurzu si podle z\u00e1v\u011bre\u010dn\u00e9ho jazykov\u00e9ho auditu ov\u011b\u0159\u00edte \u00farove\u0148, na kterou jste se\u00a0dostali.<\/p>\n\t\t<\/div>\n\t\t\t\t\t<div class=\"wpa9-steps-content _step_5_3\" role=\"region\" id=\"wpa9-steps-content-panel-2\">\n\t\t\t<p>M\u00e1te jedine\u010dnou p\u0159\u00edle\u017eitost p\u0159izp\u016fsobit si kurz vlastn\u00edm pot\u0159eb\u00e1m. Lektor vyb\u00edr\u00e1 postupy, kter\u00e9 odpov\u00eddaj\u00ed va\u0161im o\u010dek\u00e1v\u00e1n\u00edm.<\/p>\n\t\t<\/div>\n\t\t\t\t\t<div class=\"wpa9-steps-content _step_5_4\" role=\"region\" id=\"wpa9-steps-content-panel-3\">\n\t\t\t<p>V\u011b\u0159\u00edte, \u017ee u\u010dit se ciz\u00ed jazyk nesm\u00ed b\u00fdt dril, ale z\u00e1bava? My tak\u00e9! Proto tvo\u0159\u00ed pevnou sou\u010d\u00e1st v\u00fduky jazykov\u00e9 hry, m\u00e9dia i&nbsp;nov\u00e9 technologie. A\u00a0nav\u00edc \u010d\u00edm v\u00edce zp\u016fsoby studenti nov\u00fd jazyk vn\u00edmaj\u00ed, t\u00edm v\u00edce si pamatuj\u00ed.<\/p>\n\t\t<\/div>\n\t\t\t\t\t<div class=\"wpa9-steps-content _step_5_5\" role=\"region\" id=\"wpa9-steps-content-panel-4\">\n\t\t\t<p>S v\u00fdukou pomoc\u00ed na\u0161\u00ed metody Effecto v\u00e1s \u010dekaj\u00ed hodiny s&nbsp;jasn\u011b danou a&nbsp;efektivn\u00ed strukturou, kter\u00e1 garantuje, \u017ee va\u0161e snaha povede k\u00a0pokroku.<\/p>\n\t\t<\/div>\n\t\t<\/div>\n\t<\/div>\n<\/div><\/div><\/div><\/div><div id=\"pg-1260-2\"  class=\"panel-grid panel-has-style\"  style=\"margin-bottom: 0px\" ><div class=\"siteorigin-panels-stretch panel-row-padding-none panel-row-style panel-row-style-for-1260-2\" data-stretch-type=\"full\" ><div id=\"pgc-1260-2-0\"  class=\"panel-grid-cell\" ><div id=\"panel-1260-2-0-0\" class=\"so-panel widget widget_wpa9-buttons-group panel-first-child panel-last-child\" data-index=\"2\" ><div\n\t\t\t\n\t\t\tclass=\"so-widget-wpa9-buttons-group so-widget-wpa9-buttons-group-default-7f91da832e02-1260\"\n\t\t\t\n\t\t>\n<h3 class=\"wpa9-buttons-group-title widget-title layout-\">Jak\u00e9 typy kurz\u016f nab\u00edz\u00edme?<\/h3>\n<div class=\"wpa9-buttons-group-wrapper\">\n\n\t<div class=\"wpa9-buttons-group d-flex flex-wrap justify-content-center\">\n\n\t\n\t\t\n\t\t<a class=\"wpa9-buttons-group-button btn btn-size-s btn- d-flex flex-row justify-content-center \" href=\"https:\/\/skrivanek.cz\/cz\/jazykova-skola\/typy-kurzu\/\" id=\"wpa9-buttons-group-panel-skupinova-vyuka\" title=\"Skupinov\u00e1 v\u00fduka\"><span class=\"align-self-center\">Skupinov\u00e1 v\u00fduka<\/span><\/a>\n\n\t\n\t\t\n\t\t<a class=\"wpa9-buttons-group-button btn btn-size-s btn- d-flex flex-row justify-content-center \" href=\"https:\/\/skrivanek.cz\/cz\/jazykova-skola\/typy-kurzu\/\" id=\"wpa9-buttons-group-panel-individualni-vyuka\" title=\"Individu\u00e1ln\u00ed v\u00fduka\"><span class=\"align-self-center\">Individu\u00e1ln\u00ed v\u00fduka<\/span><\/a>\n\n\t\n\t\t\n\t\t<a class=\"wpa9-buttons-group-button btn btn-size-s btn- d-flex flex-row justify-content-center \" href=\"https:\/\/skrivanek.cz\/cz\/jazykova-skola\/online-vyuka\/\" id=\"wpa9-buttons-group-panel-online-vyuka\" title=\"Online v\u00fduka\"><span class=\"align-self-center\">Online v\u00fduka<\/span><\/a>\n\n\t\n\t\t\n\t\t<a class=\"wpa9-buttons-group-button btn btn-size-s btn- d-flex flex-row justify-content-center \" href=\"https:\/\/skrivanek.cz\/cz\/jazykova-skola\/telefonicka-vyuka\/\" id=\"wpa9-buttons-group-panel-telefonicka-vyuka\" title=\"Telefonick\u00e1 v\u00fduka\"><span class=\"align-self-center\">Telefonick\u00e1 v\u00fduka<\/span><\/a>\n\n\t\n\t\t\n\t\t<a class=\"wpa9-buttons-group-button btn btn-size-s btn- d-flex flex-row justify-content-center \" href=\"https:\/\/skrivanek.cz\/cz\/jazykova-skola\/workshopy\/\" id=\"wpa9-buttons-group-panel-soft-skills-workshopy\" title=\"Soft skills workshopy\"><span class=\"align-self-center\">Soft skills workshopy<\/span><\/a>\n\n\t\n\t\t\n\t\t<a class=\"wpa9-buttons-group-button btn btn-size-s btn- d-flex flex-row justify-content-center \" href=\"https:\/\/skrivanek.cz\/cz\/jazykova-skola\/e-learning\/\" id=\"wpa9-buttons-group-panel-e-learning\" title=\"E-learning\"><span class=\"align-self-center\">E-learning<\/span><\/a>\n\n\t\n\t<\/div>\n\n<\/div>\n<\/div><\/div><\/div><\/div><\/div><div id=\"pg-1260-3\"  class=\"panel-grid panel-has-style\" ><div class=\"siteorigin-panels-stretch panel-row-padding-none panel-row-style panel-row-style-for-1260-3\" data-stretch-type=\"full\" ><div id=\"pgc-1260-3-0\"  class=\"panel-grid-cell\" ><div id=\"panel-1260-3-0-0\" class=\"so-panel widget widget_wpa9-card-s panel-first-child panel-last-child\" data-index=\"3\" ><div\n\t\t\t\n\t\t\tclass=\"so-widget-wpa9-card-s so-widget-wpa9-card-s-default-c93e1481a745-1260\"\n\t\t\t\n\t\t><div class=\"wpa9-card wpa9-card-s narrow negative\">\n\n\t<div class=\"wpa9-card-wrapper container\">\n\n\t\t<div class=\"wpa9-card-text\">\n\t\t\t<h2 class=\"wpa9-card-title\">Chcete se zlep\u0161it v&nbsp;ciz\u00edm jazyce?<\/h2>\n\t\t\t<div class=\"wpa9-card-content\"><p style=\"text-align: center\">Pod\u00edvejte se na <a href=\"https:\/\/isweb.skrivanek.cz\/cs\/language-course-list.aspx?Lang=cs-CZ\" target=\"_blank\" rel=\"noopener\">nab\u00eddku kurz\u016f<\/a> a&nbsp;vyberte si ten prav\u00fd nebo se pora\u010fte s&nbsp;n\u00e1mi.<\/p>\n<\/div>\t\t<\/div>\n\n\t\t\t\t<div class=\"meta meta-buttons d-flex flex-row justify-content-center\">\n\t\t\t\t\t\t\t<a class=\"btn btn-negative show-inquiry-form\" href=\"https:\/\/skrivanek.cz\/cz\/poptavka\/\" title=\"Zaslat popt\u00e1vku na jazykov\u00fd kurz\">Zaslat popt\u00e1vku na jazykov\u00fd kurz<\/a>\n\t\t\t\t<\/div>\n\t\t\n\t<\/div>\n\n<\/div>\n<\/div><\/div><\/div><\/div><\/div><\/div>","protected":false},"excerpt":{"rendered":"<p>Vlastn\u00ed v\u00fdukov\u00e1 metoda P\u0159es 20 let jsme sb\u00edrali zku\u0161enosti s&nbsp;jazykovou v\u00fdukou, abychom vytvo\u0159ili v\u00fdukovou metodu Effecto\u00ae, kter\u00e1 zohled\u0148uje to nejpodstatn\u011bj\u0161\u00ed \u2013 schopnost domluvit\u00a0se. Rozmluven\u00ed P\u0159i&nbsp;v\u00fduce mluv\u00edme o&nbsp;b\u011b\u017en\u00fdch situac\u00edch, kter\u00e9 respektuj\u00ed va\u0161i jazykovou \u00farove\u0148. D\u00edky tomu budete mluvit ka\u017edou hodinu\u00a0l\u00e9pe. Kontrola \u00farovn\u011b Jazykov\u00fdm auditem p\u0159ed za\u010d\u00e1tkem kurzu a&nbsp;pr\u016fb\u011b\u017en\u00fdm testov\u00e1n\u00edm ov\u011b\u0159ujeme va\u0161i jazykovou \u00farove\u0148. D\u00edky tomu [&hellip;]<\/p>\n","protected":false},"author":1,"featured_media":0,"parent":305,"menu_order":0,"comment_status":"closed","ping_status":"closed","template":"","meta":{"_acf_changed":false,"footnotes":""},"class_list":["post-1260","page","type-page","status-publish","hentry"],"acf":[],"aioseo_notices":[],"_links":{"self":[{"href":"https:\/\/skrivanek.cz\/cz\/wp-json\/wp\/v2\/pages\/1260","targetHints":{"allow":["GET"]}}],"collection":[{"href":"https:\/\/skrivanek.cz\/cz\/wp-json\/wp\/v2\/pages"}],"about":[{"href":"https:\/\/skrivanek.cz\/cz\/wp-json\/wp\/v2\/types\/page"}],"author":[{"embeddable":true,"href":"https:\/\/skrivanek.cz\/cz\/wp-json\/wp\/v2\/users\/1"}],"replies":[{"embeddable":true,"href":"https:\/\/skrivanek.cz\/cz\/wp-json\/wp\/v2\/comments?post=1260"}],"version-history":[{"count":3,"href":"https:\/\/skrivanek.cz\/cz\/wp-json\/wp\/v2\/pages\/1260\/revisions"}],"predecessor-version":[{"id":80261,"href":"https:\/\/skrivanek.cz\/cz\/wp-json\/wp\/v2\/pages\/1260\/revisions\/80261"}],"up":[{"embeddable":true,"href":"https:\/\/skrivanek.cz\/cz\/wp-json\/wp\/v2\/pages\/305"}],"wp:attachment":[{"href":"https:\/\/skrivanek.cz\/cz\/wp-json\/wp\/v2\/media?parent=1260"}],"curies":[{"name":"wp","href":"https:\/\/api.w.org\/{rel}","templated":true}]}}