{"id":14518,"date":"2021-11-25T09:37:49","date_gmt":"2021-11-25T08:37:49","guid":{"rendered":"https:\/\/skrivanek.cz\/?page_id=14518"},"modified":"2026-02-11T15:51:34","modified_gmt":"2026-02-11T14:51:34","slug":"vanoce","status":"publish","type":"page","link":"https:\/\/skrivanek.cz\/cz\/vanoce\/","title":{"rendered":"V\u00e1noce"},"content":{"rendered":"<div id=\"pl-14518\"  class=\"panel-layout\" ><div id=\"pg-14518-0\"  class=\"panel-grid panel-has-style\"  style=\"margin-bottom: -80px\" ><div class=\"siteorigin-panels-stretch panel-row-padding-none panel-row-style panel-row-style-for-14518-0\" data-stretch-type=\"full\" ><div id=\"pgc-14518-0-0\"  class=\"panel-grid-cell\" ><div id=\"panel-14518-0-0-0\" class=\"so-panel widget widget_wpa9-card-l panel-first-child\" data-index=\"0\" ><div\n\t\t\t\n\t\t\tclass=\"so-widget-wpa9-card-l so-widget-wpa9-card-l-default-c93e1481a745-14518\"\n\t\t\t\n\t\t>\n<h3 class=\"widget-title\">Kdy\u017e Je\u017e\u00ed\u0161ek nad\u011bluje smyslupln\u00e9 d\u00e1rky<\/h3>\n<div class=\"wpa9-card wpa9-card-l-container d-flex flex-wrap wpa9-columns-2\">\n\n\t\n\t\t\n\t<div class=\"wpa9-card-l-panel wpa9-panel shadow rounded d-flex flex-column justify-content-between\">\n\n\t\t<div>\n\t\t\t\t\t\t\t<span class=\"wpa9-panel-icon icon\" style=\"display: none; background-image: url('https:\/\/skrivanek.cz\/wp-content\/uploads\/2023\/11\/vlocka.svg')\"><\/span>\n\t\t\t<span class=\"wpa9-panel-icon icon\" style=\"mask-image: url(https:\/\/skrivanek.cz\/wp-content\/uploads\/2023\/11\/vlocka.svg); -webkit-mask-image: url(https:\/\/skrivanek.cz\/wp-content\/uploads\/2023\/11\/vlocka.svg);\"><\/span>\n\t\t\n\t\t\t\t\t\t\t\t<h2 class=\"wpa9-panel-title\">Jak v\u00e1no\u010dn\u00ed bal\u00ed\u010dek kurz\u016f vypad\u00e1?<\/h2>\n\t\t\n\t\t\t\t\t\t\t<div class=\"wpa9-panel-content\"><p>\u2744\ufe0f\u00a0<strong>Obsah bal\u00ed\u010dku:<\/strong> m\u016f\u017eete si vybrat 10, 15 nebo 20 lekc\u00ed po&nbsp;60 minut\u00e1ch<\/p>\n<p><strong>\u2744\ufe0f Forma kurzu:<\/strong> online<\/p>\n<p>\u2744\ufe0f\u00a0<strong>Po\u010det \u00fa\u010dastn\u00edk\u016f kurzu:<\/strong> 1<\/p>\n<p>\u2744\ufe0f\u00a0<strong>Z jak\u00fdch jazyk\u016f si m\u016f\u017ee obdarovan\u00fd vybrat:<\/strong> <a href=\"https:\/\/skrivanek.cz\/cz\/jazykova-skola\/individualni-vyuka-jazyku\/anglictina\/\">angli\u010dtina<\/a>, <a href=\"https:\/\/skrivanek.cz\/cz\/jazykova-skola\/individualni-vyuka-jazyku\/nemcina\/\">n\u011bm\u010dina<\/a>, <a href=\"https:\/\/skrivanek.cz\/cz\/jazykova-skola\/individualni-vyuka-jazyku\/francouzstina\/\">francouz\u0161tina<\/a>, <a href=\"https:\/\/skrivanek.cz\/cz\/jazykova-skola\/individualni-vyuka-jazyku\/italstina\/\">ital\u0161tina<\/a>, <a href=\"https:\/\/skrivanek.cz\/cz\/jazykova-skola\/individualni-vyuka-jazyku\/spanelstina\/\">\u0161pan\u011bl\u0161tina<\/a><\/p>\n<p>\u2744\ufe0f\u00a0<strong>Platnost bal\u00ed\u010dku:<\/strong> kurzy je mo\u017en\u00e9 vy\u010derpat do z\u00e1\u0159\u00ed 2026<\/p>\n<h5><strong>\ud83d\udd6f\ufe0f Jak to funguje?<\/strong><\/h5>\n<p>Po objedn\u00e1n\u00ed od n\u00e1s obdr\u017e\u00edte d\u00e1rkov\u00fd poukaz v&nbsp;PDF, kter\u00fd m\u016f\u017eete vytisknout nebo p\u0159eposlat e-mailem. Obdarovan\u00fd se n\u00e1m pot\u00e9 jednodu\u0161e ozve a&nbsp;domluv\u00edme se na jazyku a&nbsp;term\u00ednu v\u00fduku podle preferenc\u00ed obdarovan\u00e9ho.<\/p>\n<\/div>\n\t\t\t\t<\/div>\n\n\t\t\n\t<\/div>\n\n\t\t\n\t<div class=\"wpa9-card-l-panel wpa9-panel shadow rounded d-flex flex-column justify-content-between\">\n\n\t\t<div>\n\t\t\t\t\t\t\t<span class=\"wpa9-panel-icon icon\" style=\"display: none; background-image: url('https:\/\/skrivanek.cz\/wp-content\/uploads\/2023\/11\/darek.svg')\"><\/span>\n\t\t\t<span class=\"wpa9-panel-icon icon\" style=\"mask-image: url(https:\/\/skrivanek.cz\/wp-content\/uploads\/2023\/11\/darek.svg); -webkit-mask-image: url(https:\/\/skrivanek.cz\/wp-content\/uploads\/2023\/11\/darek.svg);\"><\/span>\n\t\t\n\t\t\t\t\t\t\t\t<h2 class=\"wpa9-panel-title\">Jak\u00e9 jsou v\u00fdhody v\u00e1no\u010dn\u00edho bal\u00ed\u010dku od Sk\u0159iv\u00e1nka?<\/h2>\n\t\t\n\t\t\t\t\t\t\t<div class=\"wpa9-panel-content\"><p>\u2744\ufe0f Kurzy jsou <strong>individu\u00e1ln\u00ed<\/strong>. Lektor se tedy bude v\u011bnovat pouze obdarovan\u00e9 osob\u011b a&nbsp;nikomu jin\u00e9mu, co\u017e zaji\u0161\u0165uje v\u011bt\u0161\u00ed flexibilitu a&nbsp;tak\u00e9 maxim\u00e1ln\u00ed p\u0159izp\u016fsoben\u00ed lekc\u00ed dan\u00e9 osob\u011b.<\/p>\n<p>\u2744\ufe0f Kurzy prob\u00edhaj\u00ed <strong>online<\/strong>. Obdarovan\u00fd se m\u016f\u017ee tedy p\u0159ipojit odkudkoliv a&nbsp;nemus\u00ed pl\u00fdtvat sv\u00fdm \u010dasem na doj\u00ed\u017ed\u011bn\u00ed do u\u010debny!<\/p>\n<p>\u2744\ufe0f Nejste si jist\u00ed, <strong>jak\u00fd jazyk<\/strong> by se v\u00e1\u0161 bl\u00edzk\u00fd r\u00e1d nau\u010dil? Nevad\u00ed! Jazyk p\u0159i&nbsp;koupi v\u00e1no\u010dn\u00edho bal\u00ed\u010dku nemus\u00edte vyb\u00edrat. Obdarovan\u00fd si jazyk vybere s\u00e1m p\u0159i&nbsp;uplatn\u011bn\u00ed poukazu.<\/p>\n<p>\u2744\ufe0f Nev\u00edte, \u010d\u00edm obdarovat svou rodinu nebo p\u0159\u00e1tele? Darujte n\u011bco, co m\u00e1 smysl. <strong>Darujte vzd\u011bl\u00e1n\u00ed!<\/strong><\/p>\n<p>\u2744\ufe0f Obdarovan\u00fd z\u00edsk\u00e1 10, 15 nebo 20 lekc\u00ed nabit\u00fdch nejen v\u011bdomostmi, ale i&nbsp;<strong>inspirac\u00ed, z\u00e1bavou<\/strong> a&nbsp;<strong>motivac\u00ed<\/strong>.<\/p>\n<\/div>\n\t\t\t\t<\/div>\n\n\t\t\n\t<\/div>\n\n\t\t\n\t\n<\/div>\n<\/div><\/div><div id=\"panel-14518-0-0-1\" class=\"so-panel widget widget_wpa9-editor-ext\" data-index=\"1\" ><div\n\t\t\t\n\t\t\tclass=\"so-widget-wpa9-editor-ext so-widget-wpa9-editor-ext-default-c93e1481a745-14518\"\n\t\t\t\n\t\t>\n<div class=\"siteorigin-widget-tinymce textwidget\">\n\t<h3><\/h3>\n<h3 class=\"widget-title\" style=\"text-align: center;\">Chci obdarovat sv\u00e9 bl\u00edzk\u00e9! \ud83c\udf81<\/h3>\n<div id=\"wpforms-78804\" class=\"wpforms-container wpforms-container-full wpforms-render-modern\">\n<form id=\"wpforms-form-78804\" class=\"wpforms-validate wpforms-form wpforms-ajax-form\" action=\"https:\/\/skrivanek.cz\/cz\/vanoce\/\" enctype=\"multipart\/form-data\" method=\"post\" novalidate=\"novalidate\" data-formid=\"78804\" data-token=\"3e63208b7464296f9fb965c51421e6d4\" data-token-time=\"1762348664\">\n<div class=\"wpforms-head-container\">\n<div class=\"wpforms-description\" style=\"text-align: center;\">Darujte sv\u00fdm bl\u00edzk\u00fdm v\u00fdjime\u010dn\u00fd d\u00e1rek! Pomozte Je\u017e\u00ed\u0161kovi a\u00a0objednejte v\u00e1no\u010dn\u00ed bal\u00ed\u010dek jazykov\u00fdch kurz\u016f, kter\u00fd va\u0161e bl\u00edzk\u00e9 jist\u011b pot\u011b\u0161\u00ed. Rozjasn\u011bte jim V\u00e1noce!<\/div>\n<\/div>\n<p>&nbsp;<\/p>\n<p style=\"text-align: center;\">Vyberte si bal\u00ed\u010dek podle sv\u00fdch p\u0159edstav:<br data-start=\"735\" data-end=\"738\" \/>\ud83c\udf84 <strong data-start=\"743\" data-end=\"755\">10 lekc\u00ed<\/strong> za 6&nbsp;000&nbsp;K\u010d <em data-start=\"768\" data-end=\"786\">(600&nbsp;K\u010d \/ lekce)<\/em><br data-start=\"786\" data-end=\"789\" \/>\ud83c\udf84 <strong data-start=\"794\" data-end=\"806\">15 lekc\u00ed<\/strong> za 9&nbsp;000&nbsp;K\u010d <em data-start=\"820\" data-end=\"838\">(600&nbsp;K\u010d \/ lekce)<\/em><br data-start=\"838\" data-end=\"841\" \/>\ud83c\udf84 <strong data-start=\"846\" data-end=\"858\">20 lekc\u00ed<\/strong> za 11&nbsp;800&nbsp;K\u010d <em data-start=\"872\" data-end=\"890\">(590&nbsp;K\u010d \/ lekce)<\/em><\/p>\n<\/form>\n<\/div>\n<\/div>\n<\/div><\/div><div id=\"panel-14518-0-0-2\" class=\"so-panel widget widget_wpa9-buttons-group panel-last-child\" data-index=\"2\" ><div\n\t\t\t\n\t\t\tclass=\"so-widget-wpa9-buttons-group so-widget-wpa9-buttons-group-default-7f91da832e02-14518\"\n\t\t\t\n\t\t>\n\n<div class=\"wpa9-buttons-group-wrapper\">\n\n\t<div class=\"wpa9-buttons-group d-flex flex-wrap justify-content-center\">\n\n\t\n\t\t\n\t\t<a class=\"wpa9-buttons-group-button btn btn-size-l btn-dark d-flex flex-row justify-content-center \" href=\"https:\/\/skrivanek.cz\/cz\/produkt\/vanocni-darkovy-poukaz-jazykovy-kurz-10-lekci\/\" id=\"wpa9-buttons-group-panel-10-lekci\" title=\"10 lekc\u00ed\"><span class=\"align-self-center\">10 lekc\u00ed<\/span><\/a>\n\n\t\n\t\t\n\t\t<a class=\"wpa9-buttons-group-button btn btn-size-l btn-dark d-flex flex-row justify-content-center \" href=\"https:\/\/skrivanek.cz\/cz\/produkt\/vanocni-darkovy-poukaz-na-jazykovy-kurz-15-lekci\/\" id=\"wpa9-buttons-group-panel-15-lekci\" title=\"15 lekc\u00ed\"><span class=\"align-self-center\">15 lekc\u00ed<\/span><\/a>\n\n\t\n\t\t\n\t\t<a class=\"wpa9-buttons-group-button btn btn-size-l btn-dark d-flex flex-row justify-content-center \" href=\"https:\/\/skrivanek.cz\/cz\/produkt\/vanocni-darkovy-poukaz-na-jazykovy-kurz-20-lekci\/\" id=\"wpa9-buttons-group-panel-20-lekci\" title=\"20 lekc\u00ed\"><span class=\"align-self-center\">20 lekc\u00ed<\/span><\/a>\n\n\t\n\t<\/div>\n\n<\/div>\n<\/div><\/div><\/div><\/div><\/div><div id=\"pg-14518-1\"  class=\"panel-grid panel-has-style\" ><div class=\"panel-row-padding-none panel-row-style panel-row-style-for-14518-1\" ><div id=\"pgc-14518-1-0\"  class=\"panel-grid-cell\" ><div id=\"panel-14518-1-0-0\" class=\"so-panel widget widget_sow-image panel-first-child panel-last-child\" data-index=\"3\" ><div\n\t\t\t\n\t\t\tclass=\"so-widget-sow-image so-widget-sow-image-default-8b5b6f678277-14518\"\n\t\t\t\n\t\t>\n<div class=\"sow-image-container\">\n\t\t<img \n\tsrc=\"https:\/\/skrivanek.cz\/wp-content\/uploads\/2025\/11\/ig-post-voucher-vyplneny-small.jpg\" width=\"540\" height=\"675\" sizes=\"(max-width: 540px) 100vw, 540px\" title=\"IG_post_voucher_VYPLNENY-small\" alt=\"V\u00e1no\u010dn\u00ed voucher 2025\" \t\tclass=\"so-widget-image\"\/>\n\t<\/div>\n\n<\/div><\/div><\/div><div id=\"pgc-14518-1-1\"  class=\"panel-grid-cell\" ><div id=\"panel-14518-1-1-0\" class=\"so-panel widget widget_wpforms-widget wpforms-widget panel-first-child panel-last-child\" data-index=\"4\" ><h3 class=\"widget-title\">Formul\u00e1\u0159 pro individu\u00e1ln\u00ed objedn\u00e1vku nebo platbu jinou formou<\/h3>\r\n<style type=\"text\/css\">\r\n\r\n\r\n\r\nbody #wpforms-78804 {\r\n\t\t\r\n\t\t\tfont-family:inherit;}\r\n\r\n\t\r\n\r\n\tbody #wpforms-78804 .wpforms-head-container {\r\n\t\tborder-width: 0px;}\r\n\r\n\tbody #wpforms-78804 .wpforms-head-container .wpforms-title {\r\n\t\t}\r\n\r\n\tbody #wpforms-78804 .wpforms-head-container .wpforms-description {\r\n\t\t\t\tdisplay:block;\r\n\t}\r\n\r\n\r\n\tbody #wpforms-78804 .wpforms-submit-container .wpforms-submit, body #wpforms-78804 .wpforms-field-pagebreak button.wpforms-page-button {\r\n\t\tcolor:#ffffff ;background-color:#ff643b ;border-width:0px ;border-style:none ;border-radius:10px ;-web-border-radius:10px ;-moz-border-radius:10px ;\t\t\t}\r\n\r\n\tbody #wpforms-78804 .wpforms-submit-container .wpforms-submit:hover, body #wpforms-78804 .wpforms-field-pagebreak button.wpforms-page-button:hover {\r\n\tbackground-color:;\tcolor:;\t}\r\n\r\n\tbody #wpforms-78804 .wpforms-submit-container,\r\n\tbody #wpforms-78804 .wpforms-field-pagebreak .wpforms-pagebreak-left{\r\n\t\t}\r\n\r\n\r\n\tbody #wpforms-78804 .wpforms-form .wpforms-field input[type=text],\r\n\tbody #wpforms-78804 .wpforms-form .wpforms-field input[type=email],\r\n\tbody #wpforms-78804 .wpforms-form .wpforms-field input[type=tel],\r\n\tbody #wpforms-78804 .wpforms-form .wpforms-field input[type=url],\r\n\tbody #wpforms-78804 .wpforms-form .wpforms-field input[type=password],\r\n\tbody #wpforms-78804 .wpforms-form .wpforms-field input[type=number]\r\n\t{\r\n\t\tborder-width:1px ;border-style:solid ;\t\t\t}\r\n\r\n\tbody #wpforms-78804 .wpforms-form .wpforms-field .wpforms-field-row\r\n\t{\r\n\t\t\t}\r\n\r\n\tbody #wpforms-78804 .wpforms-form .wpforms-field-layout.wpforms-field input[type=text],\r\n\tbody #wpforms-78804 .wpforms-form .wpforms-field-layout.wpforms-field input[type=email],\r\n\tbody #wpforms-78804 .wpforms-form .wpforms-field-layout.wpforms-field input[type=tel],\r\n\tbody #wpforms-78804 .wpforms-form .wpforms-field-layout.wpforms-field input[type=url],\r\n\tbody #wpforms-78804 .wpforms-form .wpforms-field-layout.wpforms-field input[type=password],\r\n\tbody #wpforms-78804 .wpforms-form .wpforms-field-layout.wpforms-field input[type=number]{\r\n\t\twidth: 100%;\r\n\t}\r\n\r\n\tbody #wpforms-78804 .wpforms-form .wpforms-field .wpforms-field-row input[type=text]{\r\n\t\twidth: 100%;\r\n\t}\r\n\r\n\r\n\r\n\t#wpforms-78804 .wpforms-form .wpforms-field-layout-rows,\r\n\t#wpforms-78804 .wpforms-form .wpforms-field-layout-columns{\r\n\t\t\t}\r\n\r\n\r\n\r\n\tbody #wpforms-78804 .wpforms-form .wpforms-field textarea {\r\n\t\t\t\t\tborder-width: 1px;\t}\r\n\r\n \r\n\r\n\tbody #wpforms-78804 .wpforms-form .wpforms-field select {\r\n\r\n\t\t\r\n\t\tborder-width: 1px;\t}\r\n\r\n\t\/* dropdown styles on modern background *\/\r\n\tbody #wpforms-78804 .wpforms-form .wpforms-field-select-style-modern .choices__inner{\r\n\t\t\t\t\r\n\t}\r\n\r\n\t\/* background color on modern dropdown *\/\r\n\t\r\n \r\n\tbody #wpforms-78804 .wpforms-form .wpforms-field-radio li label,\r\n\tbody #wpforms-78804 .wpforms-form .wpforms-field-payment-multiple li label {\r\n\t\t\t}\r\n \r\n\tbody #wpforms-78804 .wpforms-form .wpforms-field-checkbox li label {\r\n\t\t\t}\r\n \r\n\tbody #wpforms-78804 .wpforms-form .wpforms-field .wpforms-field-description {\r\n\r\n\t\t\t}\r\n\r\n \r\n\tbody #wpforms-78804 .wpforms-form .wpforms-field label.wpforms-field-label,\r\n\tbody #wpforms-78804 .wpforms-form .wpforms-field .wpforms-field-label {\r\n\t\tfont-weight: bold;\t}\r\n\r\n\r\n \r\n\tbody #wpforms-confirmation-78804  {\r\n\r\n\t\t\t\tborder-width: 1px;\t}\r\n\r\n\tbody #wpforms-confirmation-78804 p{\r\n\t\ttext-transform: uppercase;\r\n\t\ttext-decoration: underline;\r\n\t\tcolor: inherit;\r\n\t}\r\n\r\n \r\n\tbody #wpforms-78804 label.wpforms-error,\r\n\tbody #wpforms-78804 .wpforms-error[role=\"alert\"] {\r\n\t\t\r\n\t\t\t\tborder-width: 1px;\t}\r\n\/* Styling for Tablets *\/\r\n@media only screen and (max-width: 800px) and (min-width:481px) {\r\n\t\r\n\r\n\r\n\r\n}\r\n\r\n@media only screen and (max-width: 480px){\r\n\t\r\n\r\n\r\n\r\n}\r\n\/*Option to add custom CSS *\/\r\n\r\n\r\n\r\n\t\t<\/style>\r\n\t\t<div class=\"wpforms-container wpforms-container-full wpforms-render-modern\" id=\"wpforms-78804\"><form id=\"wpforms-form-78804\" class=\"wpforms-validate wpforms-form wpforms-ajax-form\" data-formid=\"78804\" method=\"post\" enctype=\"multipart\/form-data\" action=\"\/cz\/wp-json\/wp\/v2\/pages\/14518\" data-token=\"19a192c884baa0ddd06d98aae9fa2acd\" data-token-time=\"1777612877\"><div class=\"wpforms-head-container\"><div class=\"wpforms-description\">Pokud si p\u0159ejete voucher zaplatit bankovn\u00edm p\u0159evodem, hotov\u011b na pobo\u010dce, benefitn\u00ed kartou \u010di&nbsp;pouk\u00e1zkami, nebo m\u00e1te speci\u00e1ln\u00ed p\u0159\u00e1n\u00ed (nap\u0159.&nbsp;jin\u00fd jazyk \u010di&nbsp;po\u010det lekc\u00ed), <strong>vypl\u0148te formul\u00e1\u0159 n\u00ed\u017ee<\/strong>.\r\nV&nbsp;p\u0159\u00edpad\u011b dotaz\u016f n\u00e1s nev\u00e1hejte kontaktovat na e\u2011mailu <strong data-start=\"534\" data-end=\"556\"><a class=\"cursor-pointer\" href=\"javascript:secureDecryptAndNavigate('ezTiOGVmIdxnJNZ89zVD0waRv4FF5q9rwJrK\/HMjcF8h4JTmoFnFByYX3KQW1+kuuM1n4CK7vk49tzMdKBfwolpPaPbai7X5WQ==', '9c1e8f5271bf4f233390c22bdf43601f044e80460c2e9cc63c40d8bc66437679')\" data-start=\"536\" data-end=\"554\">&#115;kol&#97;&#64;&#115;kr&#105;&#118;anek.cz<\/a><\/strong>\u00a0nebo na telefonn\u00edm \u010d\u00edsle\u00a0<a href=\"tel:+420731644435\">+420\u202f731\u202f644\u202f435<\/a>.<\/div><\/div><noscript class=\"wpforms-error-noscript\">Chcete-li vyplnit tento formul\u00e1\u0159, pros\u00edm povolte v&nbsp;prohl\u00ed\u017ee\u010di JavaScript.<\/noscript><div id=\"wpforms-error-noscript\" style=\"display: none;\">Chcete-li vyplnit tento formul\u00e1\u0159, pros\u00edm povolte v&nbsp;prohl\u00ed\u017ee\u010di JavaScript.<\/div><div class=\"wpforms-field-container\"><div id=\"wpforms-78804-field_4-container\" class=\"wpforms-field wpforms-field-layout\" data-field-id=\"4\"><div class=\"wpforms-field-layout-rows wpforms-field-large\"><div class=\"wpforms-layout-row\"><div class=\"wpforms-layout-column wpforms-layout-column-50\"><div id=\"wpforms-78804-field_7-container\" class=\"wpforms-field wpforms-field-text\" data-field-id=\"7\"><label class=\"wpforms-field-label\" for=\"wpforms-78804-field_7\">Jm\u00e9no obdarovan\u00e9\/ho <span class=\"wpforms-required-label\" aria-hidden=\"true\">*<\/span><\/label><input type=\"text\" id=\"wpforms-78804-field_7\" class=\"wpforms-field-medium wpforms-field-required\" name=\"wpforms[fields][7]\" aria-errormessage=\"wpforms-78804-field_7-error\" required><\/div><\/div><div class=\"wpforms-layout-column wpforms-layout-column-50\"><div id=\"wpforms-78804-field_8-container\" class=\"wpforms-field wpforms-field-text\" data-field-id=\"8\"><label class=\"wpforms-field-label\" for=\"wpforms-78804-field_8\">Po\u010det lekc\u00ed <span class=\"wpforms-required-label\" aria-hidden=\"true\">*<\/span><\/label><input type=\"text\" id=\"wpforms-78804-field_8\" class=\"wpforms-field-medium wpforms-field-required\" name=\"wpforms[fields][8]\" aria-errormessage=\"wpforms-78804-field_8-error\" required><\/div><\/div><\/div><div class=\"wpforms-layout-row\"><div class=\"wpforms-layout-column wpforms-layout-column-50\"><div id=\"wpforms-78804-field_6-container\" class=\"wpforms-field wpforms-field-text\" data-field-id=\"6\"><label class=\"wpforms-field-label\" for=\"wpforms-78804-field_6\">Va\u0161e jm\u00e9no a&nbsp;p\u0159\u00edjmen\u00ed <span class=\"wpforms-required-label\" aria-hidden=\"true\">*<\/span><\/label><input type=\"text\" id=\"wpforms-78804-field_6\" class=\"wpforms-field-medium wpforms-field-required\" name=\"wpforms[fields][6]\" aria-errormessage=\"wpforms-78804-field_6-error\" required><\/div><\/div><div class=\"wpforms-layout-column wpforms-layout-column-50\"><div id=\"wpforms-78804-field_5-container\" class=\"wpforms-field wpforms-field-phone\" data-field-id=\"5\"><label class=\"wpforms-field-label\" for=\"wpforms-78804-field_5\">Telefon <span class=\"wpforms-required-label\" aria-hidden=\"true\">*<\/span><\/label><input type=\"tel\" id=\"wpforms-78804-field_5\" class=\"wpforms-field-medium wpforms-field-required wpforms-smart-phone-field\" data-rule-smart-phone-field=\"true\" name=\"wpforms[fields][5]\" aria-label=\"Telefon\" aria-errormessage=\"wpforms-78804-field_5-error\" required><\/div><\/div><\/div><div class=\"wpforms-layout-row\"><div class=\"wpforms-layout-column wpforms-layout-column-50\"><div id=\"wpforms-78804-field_2-container\" class=\"wpforms-field wpforms-field-email\" data-field-id=\"2\"><label class=\"wpforms-field-label\" for=\"wpforms-78804-field_2\">V\u00e1\u0161 e-mail <span class=\"wpforms-required-label\" aria-hidden=\"true\">*<\/span><\/label><input type=\"email\" id=\"wpforms-78804-field_2\" class=\"wpforms-field-medium wpforms-field-required\" name=\"wpforms[fields][2]\" spellcheck=\"false\" aria-errormessage=\"wpforms-78804-field_2-error\" required><\/div><\/div><div class=\"wpforms-layout-column wpforms-layout-column-50\"><div id=\"wpforms-78804-field_9-container\" class=\"wpforms-field wpforms-field-text\" data-field-id=\"9\"><label class=\"wpforms-field-label\" for=\"wpforms-78804-field_9\">PS\u010c <span class=\"wpforms-required-label\" aria-hidden=\"true\">*<\/span><\/label><input type=\"text\" id=\"wpforms-78804-field_9\" class=\"wpforms-field-medium wpforms-field-required\" name=\"wpforms[fields][9]\" aria-errormessage=\"wpforms-78804-field_9-error\" required><\/div><\/div><\/div><\/div><\/div>\t\t<div id=\"wpforms-78804-field_1-container\"\n\t\t\tclass=\"wpforms-field wpforms-field-text\"\n\t\t\tdata-field-type=\"text\"\n\t\t\tdata-field-id=\"1\"\n\t\t\t>\n\t\t\t<label class=\"wpforms-field-label\" for=\"wpforms-78804-field_1\" >Layout jm\u00e9no n\u011bjak\u00e9<\/label>\n\t\t\t<input type=\"text\" id=\"wpforms-78804-field_1\" class=\"wpforms-field-medium\" name=\"wpforms[fields][1]\" >\n\t\t<\/div>\n\t\t<div id=\"wpforms-78804-field_3-container\" class=\"wpforms-field wpforms-field-textarea\" data-field-id=\"3\"><label class=\"wpforms-field-label\" for=\"wpforms-78804-field_3\">Chcete doplnit n\u011bjak\u00e9 informace?<\/label><textarea id=\"wpforms-78804-field_3\" class=\"wpforms-field-medium\" name=\"wpforms[fields][3]\" aria-errormessage=\"wpforms-78804-field_3-error\" ><\/textarea><\/div><script>\n\t\t\t\t( function() {\n\t\t\t\t\tconst style = document.createElement( 'style' );\n\t\t\t\t\tstyle.appendChild( document.createTextNode( '#wpforms-78804-field_1-container { position: absolute !important; overflow: hidden !important; display: inline !important; height: 1px !important; width: 1px !important; z-index: -1000 !important; padding: 0 !important; } #wpforms-78804-field_1-container input { visibility: hidden; } #wpforms-conversational-form-page #wpforms-78804-field_1-container label { counter-increment: none; }' ) );\n\t\t\t\t\tdocument.head.appendChild( style );\n\t\t\t\t\tdocument.currentScript?.remove();\n\t\t\t\t} )();\n\t\t\t<\/script><\/div><!-- .wpforms-field-container --><div class=\"wpforms-recaptcha-container wpforms-is-recaptcha wpforms-is-recaptcha-type-v3\" ><input type=\"hidden\" name=\"wpforms[recaptcha]\" value=\"\"><\/div><div class=\"wpforms-submit-container\" ><input type=\"hidden\" name=\"wpforms[id]\" value=\"78804\"><input type=\"hidden\" name=\"page_title\" value=\"\"><input type=\"hidden\" name=\"page_url\" value=\"https:\/\/skrivanek.cz\/cz\/wp-json\/wp\/v2\/pages\/14518\"><input type=\"hidden\" name=\"url_referer\" value=\"\"><button type=\"submit\" name=\"wpforms[submit]\" id=\"wpforms-submit-78804\" class=\"wpforms-submit\" data-alt-text=\"Odes\u00edl\u00e1ni...\" data-submit-text=\"Odeslat\" aria-live=\"assertive\" value=\"wpforms-submit\">Odeslat<\/button><img loading=\"lazy\" decoding=\"async\" src=\"https:\/\/skrivanek.cz\/wp-content\/plugins\/wpforms\/assets\/images\/submit-spin.svg\" class=\"wpforms-submit-spinner\" style=\"display: none;\" width=\"26\" height=\"26\" alt=\"Na\u010d\u00edt\u00e1n\u00ed\"><\/div><\/form><\/div>  <!-- .wpforms-container --><\/div><\/div><\/div><\/div><\/div>","protected":false},"excerpt":{"rendered":"<p>Kdy\u017e Je\u017e\u00ed\u0161ek nad\u011bluje smyslupln\u00e9 d\u00e1rky Jak v\u00e1no\u010dn\u00ed bal\u00ed\u010dek kurz\u016f vypad\u00e1? \u2744\ufe0f\u00a0Obsah bal\u00ed\u010dku: m\u016f\u017eete si vybrat 10, 15 nebo 20 lekc\u00ed po&nbsp;60 minut\u00e1ch \u2744\ufe0f Forma kurzu: online \u2744\ufe0f\u00a0Po\u010det \u00fa\u010dastn\u00edk\u016f kurzu: 1 \u2744\ufe0f\u00a0Z jak\u00fdch jazyk\u016f si m\u016f\u017ee obdarovan\u00fd vybrat: angli\u010dtina, n\u011bm\u010dina, francouz\u0161tina, ital\u0161tina, \u0161pan\u011bl\u0161tina \u2744\ufe0f\u00a0Platnost bal\u00ed\u010dku: kurzy je mo\u017en\u00e9 vy\u010derpat do z\u00e1\u0159\u00ed 2026 \ud83d\udd6f\ufe0f Jak to funguje? [&hellip;]<\/p>\n","protected":false},"author":7,"featured_media":0,"parent":0,"menu_order":0,"comment_status":"closed","ping_status":"closed","template":"","meta":{"_acf_changed":false,"footnotes":""},"class_list":["post-14518","page","type-page","status-publish","hentry"],"acf":[],"aioseo_notices":[],"_links":{"self":[{"href":"https:\/\/skrivanek.cz\/cz\/wp-json\/wp\/v2\/pages\/14518","targetHints":{"allow":["GET"]}}],"collection":[{"href":"https:\/\/skrivanek.cz\/cz\/wp-json\/wp\/v2\/pages"}],"about":[{"href":"https:\/\/skrivanek.cz\/cz\/wp-json\/wp\/v2\/types\/page"}],"author":[{"embeddable":true,"href":"https:\/\/skrivanek.cz\/cz\/wp-json\/wp\/v2\/users\/7"}],"replies":[{"embeddable":true,"href":"https:\/\/skrivanek.cz\/cz\/wp-json\/wp\/v2\/comments?post=14518"}],"version-history":[{"count":4,"href":"https:\/\/skrivanek.cz\/cz\/wp-json\/wp\/v2\/pages\/14518\/revisions"}],"predecessor-version":[{"id":78934,"href":"https:\/\/skrivanek.cz\/cz\/wp-json\/wp\/v2\/pages\/14518\/revisions\/78934"}],"wp:attachment":[{"href":"https:\/\/skrivanek.cz\/cz\/wp-json\/wp\/v2\/media?parent=14518"}],"curies":[{"name":"wp","href":"https:\/\/api.w.org\/{rel}","templated":true}]}}