{"id":16826,"date":"2022-04-06T08:40:44","date_gmt":"2022-04-06T06:40:44","guid":{"rendered":"https:\/\/skrivanek.cz\/?page_id=16826"},"modified":"2023-06-27T09:12:23","modified_gmt":"2023-06-27T07:12:23","slug":"budte-v-obraze","status":"publish","type":"page","link":"https:\/\/skrivanek.cz\/cz\/budte-v-obraze\/","title":{"rendered":"Bu\u010fte v&nbsp;obraze"},"content":{"rendered":"<div id=\"pl-16826\"  class=\"panel-layout\" ><div id=\"pg-16826-0\"  class=\"panel-grid panel-no-style\" ><div id=\"pgc-16826-0-0\"  class=\"panel-grid-cell\" ><div id=\"panel-16826-0-0-0\" class=\"so-panel widget widget_wpa9-card-s panel-first-child panel-last-child\" data-index=\"0\" ><div\n\t\t\t\n\t\t\tclass=\"so-widget-wpa9-card-s so-widget-wpa9-card-s-default-c93e1481a745-16826\"\n\t\t\t\n\t\t><div class=\"wpa9-card wpa9-card-s narrow positive\">\n\n\t<div class=\"wpa9-card-wrapper container\">\n\n\t\t<div class=\"wpa9-card-text\">\n\t\t\t<h2 class=\"wpa9-card-title\">D\u011bkujeme!<\/h2>\n\t\t\t<div class=\"wpa9-card-content\"><p style=\"text-align: center\">Nyn\u00ed budete dost\u00e1vat pravideln\u00e9 zpr\u00e1vy od Sk\u0159iv\u00e1nka.<\/p>\n<\/div>\t\t<\/div>\n\n\t\t\n\t<\/div>\n\n<\/div>\n<\/div><\/div><\/div><\/div><\/div>","protected":false},"excerpt":{"rendered":"<p>D\u011bkujeme! Nyn\u00ed budete dost\u00e1vat pravideln\u00e9 zpr\u00e1vy od Sk\u0159iv\u00e1nka.<\/p>\n","protected":false},"author":1,"featured_media":0,"parent":0,"menu_order":0,"comment_status":"closed","ping_status":"closed","template":"","meta":{"_acf_changed":false,"footnotes":""},"class_list":["post-16826","page","type-page","status-publish","hentry"],"acf":[],"aioseo_notices":[],"_links":{"self":[{"href":"https:\/\/skrivanek.cz\/cz\/wp-json\/wp\/v2\/pages\/16826","targetHints":{"allow":["GET"]}}],"collection":[{"href":"https:\/\/skrivanek.cz\/cz\/wp-json\/wp\/v2\/pages"}],"about":[{"href":"https:\/\/skrivanek.cz\/cz\/wp-json\/wp\/v2\/types\/page"}],"author":[{"embeddable":true,"href":"https:\/\/skrivanek.cz\/cz\/wp-json\/wp\/v2\/users\/1"}],"replies":[{"embeddable":true,"href":"https:\/\/skrivanek.cz\/cz\/wp-json\/wp\/v2\/comments?post=16826"}],"version-history":[{"count":3,"href":"https:\/\/skrivanek.cz\/cz\/wp-json\/wp\/v2\/pages\/16826\/revisions"}],"predecessor-version":[{"id":60038,"href":"https:\/\/skrivanek.cz\/cz\/wp-json\/wp\/v2\/pages\/16826\/revisions\/60038"}],"wp:attachment":[{"href":"https:\/\/skrivanek.cz\/cz\/wp-json\/wp\/v2\/media?parent=16826"}],"curies":[{"name":"wp","href":"https:\/\/api.w.org\/{rel}","templated":true}]}}