{"id":2185,"date":"2021-02-27T12:37:05","date_gmt":"2021-02-27T11:37:05","guid":{"rendered":"https:\/\/skrivanek.cz\/?page_id=2185"},"modified":"2026-03-24T14:48:10","modified_gmt":"2026-03-24T13:48:10","slug":"management","status":"publish","type":"page","link":"https:\/\/skrivanek.cz\/cz\/management\/","title":{"rendered":"Management spole\u010dnosti"},"content":{"rendered":"<div id=\"pl-2185\"  class=\"panel-layout\" ><div id=\"pg-2185-0\"  class=\"panel-grid panel-has-style\"  style=\"margin-bottom: 0px\" ><div class=\"siteorigin-panels-stretch panel-row-padding-none panel-row-style panel-row-style-for-2185-0\" data-stretch-type=\"full\" ><div id=\"pgc-2185-0-0\"  class=\"panel-grid-cell\" ><div id=\"panel-2185-0-0-0\" class=\"so-panel widget widget_wpa9-team-members panel-first-child panel-last-child\" data-index=\"0\" ><div\n\t\t\t\n\t\t\tclass=\"so-widget-wpa9-team-members so-widget-wpa9-team-members-default-c93e1481a745-2185\"\n\t\t\t\n\t\t>\n\n<h3 class=\"widget-title\">Management<\/h3>\n<div class=\"wpa9-team-members row\">\n\n\t\n\t\t\n\t\t\n\t\t\t<div class=\"wpa9-team-members-panel col-12 col-md-6 col-lg-4\">\n\n\t\t\t\t\t\t\t<figure class=\"wpa9-team-members-image\">\n\t\t\t\t\t<img alt=\"eva-parentova\" decoding=\"async\" src=\"https:\/\/skrivanek.cz\/wp-content\/uploads\/2024\/11\/eva-parentova.jpg\" alt=\"\" class=\"img-responsive\" \/>\n\t\t\t\t<\/figure>\n\n\t\t\t\t<h4 class=\"wpa9-team-members-name\">Eva Parentov\u00e1, DiS.<\/h4>\n\n\t\t\t\t<div class=\"wpa9-team-members-position\">region\u00e1ln\u00ed mana\u017eerka \u010cR<\/div>\n\t\t\t\t<div class=\"wpa9-team-members-email\"><a href=\"javascript:secureDecryptAndNavigate('jTylg96SCcvixnmZrcgwnLs5XbZjIFIE7+6WM30TWeglXeVOwJaQR2owXTgporYXlQDKtE9TTP3x4b\/302ZxGxhzkZ9Cj9aSjsQQupT8j5jE', '9c1e8f5271bf4f233390c22bdf43601f044e80460c2e9cc63c40d8bc66437679')\" title=\"Send e-mail to Eva Parentov\u00e1, DiS.\">eva.p&#97;ren&#116;o&#118;&#97;&#64;&#115;&#107;ri&#118;a&#110;&#101;k&#46;&#99;z<\/a><\/div>\n\t\t\t\t<div class=\"wpa9-team-members-phone\"><\/div>\n\t\t\t\t<div class=\"wpa9-team-members-description\"><\/div>\n\n\t\t\t<\/div>\n\n\t\t\n\t\t\t<div class=\"wpa9-team-members-panel col-12 col-md-6 col-lg-4\">\n\n\t\t\t\t\t\t\t<figure class=\"wpa9-team-members-image\">\n\t\t\t\t\t<img alt=\"anna-skrivankova-ecomail\" decoding=\"async\" src=\"https:\/\/skrivanek.cz\/wp-content\/uploads\/2026\/03\/anna-skrivankova-ecomail.png\" alt=\"\" class=\"img-responsive\" \/>\n\t\t\t\t<\/figure>\n\n\t\t\t\t<h4 class=\"wpa9-team-members-name\">Anna Sk\u0159iv\u00e1nkov\u00e1<\/h4>\n\n\t\t\t\t<div class=\"wpa9-team-members-position\">\u0159editel glob\u00e1ln\u00ed divize<\/div>\n\t\t\t\t<div class=\"wpa9-team-members-email\"><a href=\"javascript:secureDecryptAndNavigate('SOZI0W1XXdZRujhswjl26Z3mzDklf1TzR7As+uMrhJCwQGSrIhFmTT8smB5KV4Rp3P26K6B1l173u\/A7By5ZUCc3DdqV6arBrprDoQGOyFbhxBZM', '9c1e8f5271bf4f233390c22bdf43601f044e80460c2e9cc63c40d8bc66437679')\" title=\"Send e-mail to Anna Sk\u0159iv\u00e1nkov\u00e1\">a&#110;&#110;a&#46;&#115;kr&#105;v&#97;nk&#111;&#118;a&#64;&#115;kriv&#97;&#110;&#101;k.c&#122;<\/a><\/div>\n\t\t\t\t<div class=\"wpa9-team-members-phone\"><\/div>\n\t\t\t\t<div class=\"wpa9-team-members-description\"><\/div>\n\n\t\t\t<\/div>\n\n\t\t\n\t\t\t<div class=\"wpa9-team-members-panel col-12 col-md-6 col-lg-4\">\n\n\t\t\t\t\t\t\t<figure class=\"wpa9-team-members-image\">\n\t\t\t\t\t<img alt=\"oldrich-novak\" decoding=\"async\" src=\"https:\/\/skrivanek.cz\/wp-content\/uploads\/2021\/02\/oldrich-novak.jpg\" alt=\"\" class=\"img-responsive\" \/>\n\t\t\t\t<\/figure>\n\n\t\t\t\t<h4 class=\"wpa9-team-members-name\">Old\u0159ich Nov\u00e1k<\/h4>\n\n\t\t\t\t<div class=\"wpa9-team-members-position\">vedouc\u00ed IT odd\u011blen\u00ed<\/div>\n\t\t\t\t<div class=\"wpa9-team-members-email\"><a href=\"javascript:secureDecryptAndNavigate('7lZi193+buKabkHqNO8ciO\/9+zMzWi6Sh5RerD1wi6hveUg3XlFedwSRgmlUj0SlFb5kiJYXaYjwSY2ZQxXhOwOeC6YAC0xv9icNDSA8kChh', '9c1e8f5271bf4f233390c22bdf43601f044e80460c2e9cc63c40d8bc66437679')\" title=\"Send e-mail to Old\u0159ich Nov\u00e1k\">&#111;l&#100;ri&#99;&#104;&#46;no&#118;&#97;k&#64;&#115;kr&#105;&#118;&#97;&#110;ek&#46;cz<\/a><\/div>\n\t\t\t\t<div class=\"wpa9-team-members-phone\"><\/div>\n\t\t\t\t<div class=\"wpa9-team-members-description\"><\/div>\n\n\t\t\t<\/div>\n\n\t\t\n\t\t\t<div class=\"wpa9-team-members-panel col-12 col-md-6 col-lg-4\">\n\n\t\t\t\t\t\t\t<figure class=\"wpa9-team-members-image\">\n\t\t\t\t\t<img alt=\"lucie-slovackova\" decoding=\"async\" src=\"https:\/\/skrivanek.cz\/wp-content\/uploads\/2021\/02\/lucie-slovackova.jpg\" alt=\"\" class=\"img-responsive\" \/>\n\t\t\t\t<\/figure>\n\n\t\t\t\t<h4 class=\"wpa9-team-members-name\">Ing. Lucie Slov\u00e1\u010dkov\u00e1<\/h4>\n\n\t\t\t\t<div class=\"wpa9-team-members-position\">vedouc\u00ed ekonomick\u00e9ho odd\u011blen\u00ed<\/div>\n\t\t\t\t<div class=\"wpa9-team-members-email\"><a href=\"javascript:secureDecryptAndNavigate('wrfJEvlwt86rRbaFeghfyedWA0O5GU2P2bd5Finhcd8XtDYZhk\/uysO2QB229jIh4BpIGNEWBFE8Kvw6xsaD8tI9xK3zYTlwZ3+k8OGrl1xc3lx+', '9c1e8f5271bf4f233390c22bdf43601f044e80460c2e9cc63c40d8bc66437679')\" title=\"Send e-mail to Ing. Lucie Slov\u00e1\u010dkov\u00e1\">luc&#105;e&#46;s&#108;&#111;v&#97;&#99;&#107;ova&#64;s&#107;ri&#118;&#97;&#110;&#101;&#107;&#46;c&#122;<\/a><\/div>\n\t\t\t\t<div class=\"wpa9-team-members-phone\"><\/div>\n\t\t\t\t<div class=\"wpa9-team-members-description\"><\/div>\n\n\t\t\t<\/div>\n\n\t\t\n\t\t\t<div class=\"wpa9-team-members-panel col-12 col-md-6 col-lg-4\">\n\n\t\t\t\t\t\t\t<figure class=\"wpa9-team-members-image\">\n\t\t\t\t\t<img alt=\"jiri-proniuk-2-948x520\" decoding=\"async\" src=\"https:\/\/skrivanek.cz\/wp-content\/uploads\/2021\/04\/jiri-proniuk-2-948x520.jpg\" alt=\"\" class=\"img-responsive\" \/>\n\t\t\t\t<\/figure>\n\n\t\t\t\t<h4 class=\"wpa9-team-members-name\">Ji\u0159\u00ed Proniuk<\/h4>\n\n\t\t\t\t<div class=\"wpa9-team-members-position\">vedouc\u00ed CAT a&nbsp;DTP odd\u011blen\u00ed<\/div>\n\t\t\t\t<div class=\"wpa9-team-members-email\"><a href=\"javascript:secureDecryptAndNavigate('mOH6+oGtL26UdiciOR5rzpA9JPfhJse3Zwn2W1xwpuLt9WafRL7d5uDgu0vFNu6YKu1+vWDXU9o5ksJK1eCGkSFCEUs5OLRjBJok69Oj9Vg=', '9c1e8f5271bf4f233390c22bdf43601f044e80460c2e9cc63c40d8bc66437679')\" title=\"Send e-mail to Ji\u0159\u00ed Proniuk\">&#106;&#105;&#114;i&#46;&#112;r&#111;&#110;i&#117;&#107;&#64;s&#107;&#114;i&#118;ane&#107;.&#99;z<\/a><\/div>\n\t\t\t\t<div class=\"wpa9-team-members-phone\"><\/div>\n\t\t\t\t<div class=\"wpa9-team-members-description\"><\/div>\n\n\t\t\t<\/div>\n\n\t\t\n\t\t\t<div class=\"wpa9-team-members-panel col-12 col-md-6 col-lg-4\">\n\n\t\t\t\t\t\t\t<figure class=\"wpa9-team-members-image\">\n\t\t\t\t\t<img alt=\"patrik-2-600x520\" decoding=\"async\" src=\"https:\/\/skrivanek.cz\/wp-content\/uploads\/2024\/09\/patrik-2-600x520.jpg\" alt=\"\" class=\"img-responsive\" \/>\n\t\t\t\t<\/figure>\n\n\t\t\t\t<h4 class=\"wpa9-team-members-name\">Mgr. Patrik Bulak<\/h4>\n\n\t\t\t\t<div class=\"wpa9-team-members-position\">senior technick\u00fd produktov\u00fd mana\u017eer<\/div>\n\t\t\t\t<div class=\"wpa9-team-members-email\"><a href=\"javascript:secureDecryptAndNavigate('coxzCV9K52C\/efeQGpG+D8TTvPJ6ctuiU7RPukrfX8O4gNqAZAHqbKUJr9RBumN4QZvOU395VXsQj7lYmQEzk6TNPtoJNCLHDCEEL2sagoY=', '9c1e8f5271bf4f233390c22bdf43601f044e80460c2e9cc63c40d8bc66437679')\" title=\"Send e-mail to Mgr. Patrik Bulak\">&#112;&#97;&#116;r&#105;&#107;.b&#117;lak&#64;skriva&#110;ek.cz<\/a><\/div>\n\t\t\t\t<div class=\"wpa9-team-members-phone\"><\/div>\n\t\t\t\t<div class=\"wpa9-team-members-description\"><\/div>\n\n\t\t\t<\/div>\n\n\t\t\n\t\n<\/div>\n<\/div><\/div><\/div><\/div><\/div><div id=\"pg-2185-1\"  class=\"panel-grid panel-has-style\"  style=\"margin-bottom: 0px\" ><div style=\"padding: 40px 0px 60px 0px;\" class=\"panel-row-style panel-row-style-for-2185-1\" ><div id=\"pgc-2185-1-0\"  class=\"panel-grid-cell\" ><div id=\"panel-2185-1-0-0\" class=\"so-panel widget widget_wpa9-editor-ext panel-first-child panel-last-child\" data-index=\"1\" ><div\n\t\t\t\n\t\t\tclass=\"so-widget-wpa9-editor-ext so-widget-wpa9-editor-ext-default-c93e1481a745-2185\"\n\t\t\t\n\t\t>\n<div class=\"siteorigin-widget-tinymce textwidget\">\n\t<h4 class=\"wpa9-icon d-flex flex-row\" style=\"margin-bottom:20px\"><span class=\"icon icon-location icon-xxl icon-outline\"><\/span><span class=\"wpa9-icon-content\">Adresa<\/span><\/h4>\n<p>Sk\u0159iv\u00e1nek s.r.o.<br \/>\nNa dolin\u00e1ch 153\/22<br \/>\n147\u00a000 Praha-Podol\u00ed<br \/>\n\u010cesko<\/p>\n<p><a href=\"https:\/\/www.google.cz\/maps\/place\/Sk%C5%99iv%C3%A1nek+s.r.o.+%E2%80%93+p%C5%99eklady,+tlumo%C4%8Den%C3%AD,+jazykov%C3%A1+%C5%A1kola,+lokalizace\/@50.0572775,14.4071487,14z\/data=!4m8!1m2!2m1!1zU2vFmWl2w6FuZWs!3m4!1s0x470b946f04ac4459:0x2eca2807090ca9bc!8m2!3d50.0572443!4d14.424659\" target=\"_blank\" rel=\"noopener\">GPS 50\u00b03\u201926.08\u201dN, 14\u00b025\u201928.77\u201dE<\/a><\/p>\n<\/div>\n<\/div><\/div><\/div><div id=\"pgc-2185-1-1\"  class=\"panel-grid-cell\" ><div id=\"panel-2185-1-1-0\" class=\"so-panel widget widget_wpa9-editor-ext panel-first-child panel-last-child\" data-index=\"2\" ><div\n\t\t\t\n\t\t\tclass=\"so-widget-wpa9-editor-ext so-widget-wpa9-editor-ext-default-c93e1481a745-2185\"\n\t\t\t\n\t\t>\n<div class=\"siteorigin-widget-tinymce textwidget\">\n\t<h4 class=\"wpa9-icon d-flex flex-row\" style=\"margin-bottom:20px\"><span class=\"icon icon-location icon-xxl icon-outline\"><\/span><span class=\"wpa9-icon-content\">Kontakt<\/span><\/h4>\n<p><a class=\"btn\" href=\"javascript:secureDecryptAndNavigate('19tCL9pS9tmU0wucsq3qQSrfyorLcuBaXheQyAYQ9wuhhr6M46BXmZSfWg2rkbIUg8lzfygLYRdz17XCjx3UktF97+kHq\/pZE03JTcs=', '9c1e8f5271bf4f233390c22bdf43601f044e80460c2e9cc63c40d8bc66437679')\" target=\"_blank\" rel=\"noopener\">sk&#114;&#105;vanek&#64;&#115;kriv&#97;n&#101;k&#46;&#99;z<\/a><\/p>\n<\/div>\n<\/div><\/div><\/div><div id=\"pgc-2185-1-2\"  class=\"panel-grid-cell\" ><div id=\"panel-2185-1-2-0\" class=\"so-panel widget widget_wpa9-editor-ext panel-first-child panel-last-child\" data-index=\"3\" ><div\n\t\t\t\n\t\t\tclass=\"so-widget-wpa9-editor-ext so-widget-wpa9-editor-ext-default-c93e1481a745-2185\"\n\t\t\t\n\t\t>\n<div class=\"siteorigin-widget-tinymce textwidget\">\n\t<h4 class=\"wpa9-icon d-flex flex-row\" style=\"margin-bottom:20px\"><span class=\"icon icon-location icon-xxl icon-outline\"><\/span><span class=\"wpa9-icon-content\">Faktura\u010dn\u00ed \u00fadaje<\/span><\/h4>\n<p>Sk\u0159iv\u00e1nek s.r.o.<br \/>\nNa dolin\u00e1ch 153\/22<br \/>\n147\u00a000 Praha-Podol\u00ed<\/p>\n<p>I\u010c: 60715235<br \/>\nDI\u010c:\u00a0CZ60715235<\/p>\n<p>Spole\u010dnost je zapsan\u00e1 u&nbsp;M\u011bstsk\u00e9ho soudu v&nbsp;Praze, odd\u00edl C, vlo\u017eka 232789, 20.&nbsp;7.&nbsp;1994<\/p>\n<\/div>\n<\/div><\/div><\/div><\/div><\/div><div id=\"pg-2185-2\"  class=\"panel-grid panel-has-style\" ><div class=\"siteorigin-panels-stretch panel-row-padding-none panel-row-style panel-row-style-for-2185-2\" data-stretch-type=\"full\" ><div id=\"pgc-2185-2-0\"  class=\"panel-grid-cell\" ><div id=\"panel-2185-2-0-0\" class=\"so-panel widget widget_wpa9-card-s panel-first-child panel-last-child\" data-index=\"4\" ><div\n\t\t\t\n\t\t\tclass=\"so-widget-wpa9-card-s so-widget-wpa9-card-s-default-c93e1481a745-2185\"\n\t\t\t\n\t\t><div class=\"wpa9-card wpa9-card-s narrow negative\">\n\n\t<div class=\"wpa9-card-wrapper container\">\n\n\t\t<div class=\"wpa9-card-text\">\n\t\t\t<h2 class=\"wpa9-card-title\">Pot\u0159ebujete poradit s&nbsp;p\u0159eklady, tlumo\u010den\u00edm nebo jazykov\u00fdm kurzem?<\/h2>\n\t\t\t<div class=\"wpa9-card-content\"><p style=\"text-align: center\">Kontaktujte z\u00e1stupce na\u0161ich\u00a0pobo\u010dek.<\/p>\n<\/div>\t\t<\/div>\n\n\t\t\t\t<div class=\"meta meta-buttons d-flex flex-row justify-content-center\">\n\t\t\t\t\t<a class=\"btn \" href=\"https:\/\/skrivanek.cz\/cz\/kontakty\/\" title=\"Vybrat pobo\u010dku\">Vybrat pobo\u010dku<\/a>\n\t\t\t\t\t\t<\/div>\n\t\t\n\t<\/div>\n\n<\/div>\n<\/div><\/div><\/div><\/div><\/div><\/div>","protected":false},"excerpt":{"rendered":"<p>Management Eva Parentov\u00e1, DiS. region\u00e1ln\u00ed mana\u017eerka \u010cR e&#118;&#97;.p&#97;&#114;&#101;nt&#111;v&#97;&#64;&#115;k&#114;&#105;&#118;a&#110;ek.cz Anna Sk\u0159iv\u00e1nkov\u00e1 \u0159editel glob\u00e1ln\u00ed divize ann&#97;.&#115;k&#114;&#105;v&#97;&#110;k&#111;&#118;a&#64;sk&#114;&#105;va&#110;e&#107;&#46;&#99;&#122; Old\u0159ich Nov\u00e1k vedouc\u00ed IT odd\u011blen\u00ed &#111;&#108;d&#114;&#105;&#99;h&#46;no&#118;ak&#64;skr&#105;&#118;an&#101;&#107;.c&#122; Ing. Lucie Slov\u00e1\u010dkov\u00e1 vedouc\u00ed ekonomick\u00e9ho odd\u011blen\u00ed l&#117;c&#105;&#101;.sl&#111;vackova&#64;skriva&#110;e&#107;.&#99;&#122; Ji\u0159\u00ed Proniuk vedouc\u00ed CAT a&nbsp;DTP odd\u011blen\u00ed &#106;i&#114;&#105;.p&#114;&#111;&#110;iu&#107;&#64;&#115;&#107;r&#105;&#118;a&#110;&#101;&#107;.&#99;z&nbsp;Mgr. Patrik Bulak senior technick\u00fd produktov\u00fd mana\u017eer &#112;atr&#105;&#107;&#46;b&#117;&#108;&#97;k&#64;skr&#105;&#118;&#97;ne&#107;.cz Adresa Sk\u0159iv\u00e1nek s.r.o. Na dolin\u00e1ch 153\/22&nbsp;147\u00a000 Praha-Podol\u00ed \u010cesko GPS 50\u00b03\u201926.08\u201dN, 14\u00b025\u201928.77\u201dE Kontakt [&hellip;]<\/p>\n","protected":false},"author":1,"featured_media":0,"parent":0,"menu_order":0,"comment_status":"closed","ping_status":"closed","template":"","meta":{"_acf_changed":false,"footnotes":""},"class_list":["post-2185","page","type-page","status-publish","hentry"],"acf":[],"aioseo_notices":[],"_links":{"self":[{"href":"https:\/\/skrivanek.cz\/cz\/wp-json\/wp\/v2\/pages\/2185","targetHints":{"allow":["GET"]}}],"collection":[{"href":"https:\/\/skrivanek.cz\/cz\/wp-json\/wp\/v2\/pages"}],"about":[{"href":"https:\/\/skrivanek.cz\/cz\/wp-json\/wp\/v2\/types\/page"}],"author":[{"embeddable":true,"href":"https:\/\/skrivanek.cz\/cz\/wp-json\/wp\/v2\/users\/1"}],"replies":[{"embeddable":true,"href":"https:\/\/skrivanek.cz\/cz\/wp-json\/wp\/v2\/comments?post=2185"}],"version-history":[{"count":4,"href":"https:\/\/skrivanek.cz\/cz\/wp-json\/wp\/v2\/pages\/2185\/revisions"}],"predecessor-version":[{"id":80325,"href":"https:\/\/skrivanek.cz\/cz\/wp-json\/wp\/v2\/pages\/2185\/revisions\/80325"}],"wp:attachment":[{"href":"https:\/\/skrivanek.cz\/cz\/wp-json\/wp\/v2\/media?parent=2185"}],"curies":[{"name":"wp","href":"https:\/\/api.w.org\/{rel}","templated":true}]}}