{"id":2350,"date":"2021-02-28T18:42:48","date_gmt":"2021-02-28T17:42:48","guid":{"rendered":"https:\/\/skrivanek.cz\/?page_id=2350"},"modified":"2026-04-14T16:24:38","modified_gmt":"2026-04-14T14:24:38","slug":"certifikace-spolecnosti","status":"publish","type":"page","link":"https:\/\/skrivanek.cz\/cz\/certifikace-spolecnosti\/","title":{"rendered":"Certifikace spole\u010dnosti"},"content":{"rendered":"<div id=\"pl-2350\"  class=\"panel-layout\" ><div id=\"pg-2350-0\"  class=\"panel-grid panel-has-style\"  style=\"margin-bottom: 0px\" ><div class=\"siteorigin-panels-stretch panel-row-padding-none panel-row-style panel-row-style-for-2350-0\" data-stretch-type=\"full\" ><div id=\"pgc-2350-0-0\"  class=\"panel-grid-cell\" ><div id=\"panel-2350-0-0-0\" class=\"so-panel widget widget_wpa9-editor-ext panel-first-child panel-last-child\" data-index=\"0\" ><div\n\t\t\t\n\t\t\tclass=\"so-widget-wpa9-editor-ext so-widget-wpa9-editor-ext-default-c93e1481a745-2350\"\n\t\t\t\n\t\t>\n<div class=\"siteorigin-widget-tinymce textwidget\">\n\t<p>V roce 2006 jsme zavedli <strong>oborovou p\u0159ekladatelskou normu<\/strong> EN 15038 a&nbsp;i&nbsp;v&nbsp;tomto p\u0159\u00edpad\u011b jsme byli pr\u016fkopn\u00edky zaveden\u00ed v&nbsp;\u010cR. EN 15038 jsme v&nbsp;roce 2016 \u00fasp\u011b\u0161n\u011b vym\u011bnili za nejnov\u011bj\u0161\u00ed oborovou normu EN ISO 17100.<\/p>\n<p><strong>Va\u0161e data jsou u&nbsp;n\u00e1s v&nbsp;bezpe\u010d\u00ed<\/strong> a&nbsp;jsou chr\u00e1n\u011bna proti odcizen\u00ed a&nbsp;zneu\u017eit\u00ed d\u00edky na\u0161emu syst\u00e9mu \u0159\u00edzen\u00ed bezpe\u010dnosti informac\u00ed podle normy \u010cSN ISO\/IEC 27001.<\/p>\n<p>Je pro n\u00e1s tak\u00e9 d\u016fle\u017eit\u00e1 <strong>environment\u00e1ln\u00ed odpov\u011bdnost<\/strong>, proto jsme se zav\u00e1zali dodr\u017eovat normu EN ISO 14001, a&nbsp;to ji\u017e od roku 2011.<\/p>\n<p>Od roku 2021 jsme se v&nbsp;<strong>kvalit\u011b na\u0161ich p\u0159eklad\u016f<\/strong> posunuli je\u0161t\u011b d\u00e1l. Jako prvn\u00ed agentura v\u00a0\u010cesk\u00e9 republice jsme zavedli certifikaci 18587, d\u00edky kter\u00e9 garantujeme na\u0161im klient\u016fm perfektn\u00ed posteditaci <a href=\"https:\/\/skrivanek.cz\/cz\/technologie\/skrivanek-machine-translation\/\">strojov\u00e9ho p\u0159ekladu<\/a>.<\/p>\n<p>Jazykov\u00e1 \u0161kola Sk\u0159iv\u00e1nek je <strong>p\u0159\u00edpravn\u00fdm centrem<\/strong> pro r\u016fzn\u00e9 typy <a href=\"https:\/\/skrivanek.cz\/cz\/jazykova-skola\/jazykove-zkousky\/\">jazykov\u00fdch zkou\u0161ek<\/a> a&nbsp;mimo jin\u00e9 i&nbsp;pro Cambridge English Language Assessment.<\/p>\n<\/div>\n<\/div><\/div><\/div><\/div><\/div><div id=\"pg-2350-1\"  class=\"panel-grid panel-has-style\" ><div class=\"siteorigin-panels-stretch panel-row-padding-none panel-row-style panel-row-style-for-2350-1\" data-stretch-type=\"full\" ><div id=\"pgc-2350-1-0\"  class=\"panel-grid-cell\" ><div id=\"panel-2350-1-0-0\" class=\"so-panel widget widget_wpa9-card-l panel-first-child panel-last-child\" data-index=\"1\" ><div\n\t\t\t\n\t\t\tclass=\"so-widget-wpa9-card-l so-widget-wpa9-card-l-default-c93e1481a745-2350\"\n\t\t\t\n\t\t>\n\n<div class=\"wpa9-card wpa9-card-l-container d-flex flex-wrap wpa9-columns-2\">\n\n\t\n\t\t\n\t<div class=\"wpa9-card-l-panel wpa9-panel shadow rounded d-flex flex-column justify-content-between\">\n\n\t\t<div>\n\t\t\t\t\n\t\t\t\t\t\t\t\t<h2 class=\"wpa9-panel-title\">ISO Certifik\u00e1ty<\/h2>\n\t\t\n\t\t\t\t\t\t\t<div class=\"wpa9-panel-content\"><p>Nejzn\u00e1m\u011bj\u0161\u00ed normou, kterou jsme zavedli ji\u017e v&nbsp;roce 2002 jako jedni z&nbsp;prvn\u00edch v&nbsp;\u010cR, je mezin\u00e1rodn\u00ed norma ISO 9001 stanovuj\u00edc\u00ed po\u017eadavky na syst\u00e9m \u0159\u00edzen\u00ed kvality. V&nbsp;sou\u010dasnosti v&nbsp;praxi uplat\u0148ujeme \u0159adu dal\u0161\u00edch v\u00fdznamn\u00fdch syst\u00e9mov\u00fdch norem.<\/p>\n<ul>\n<li><a href=\"https:\/\/skrivanek.cz\/wp-content\/uploads\/2021\/03\/iso-9001-2015-1.pdf\" target=\"_blank\" rel=\"noopener\"><span class=\"link\"><span class=\"innerText\">Certifik\u00e1t\u00a0<span class=\"caps\">EN<\/span>\u00a0<span class=\"caps\">ISO<\/span> 9001 Syst\u00e9m managementu kvality<\/span><\/span><\/a><\/li>\n<li><a href=\"https:\/\/skrivanek.cz\/wp-content\/uploads\/2021\/03\/iso-14001-2015-cz.pdf\" target=\"_blank\" rel=\"noopener\"><span class=\"link\"><span class=\"innerText\">Certifik\u00e1t <span class=\"caps\">EN<\/span>\u00a0<span class=\"caps\">ISO<\/span> 14001 Syst\u00e9m managementu ochrany \u017eivotn\u00edho prost\u0159ed\u00ed<\/span><\/span><\/a><\/li>\n<li><a href=\"https:\/\/skrivanek.cz\/wp-content\/uploads\/2021\/03\/certifikat-en-iso-171002015.pdf\" target=\"_blank\" rel=\"noopener\"><span class=\"link\"><span class=\"innerText\">Certifik\u00e1t <span class=\"caps\">EN<\/span>\u00a0<span class=\"caps\">ISO<\/span> 17100 Syst\u00e9m managementu p\u0159ekladatelsk\u00fdch slu\u017eeb<\/span><\/span><\/a><\/li>\n<li><a href=\"https:\/\/skrivanek.cz\/wp-content\/uploads\/2021\/03\/iso-27001-2015-1.pdf\" target=\"_blank\" rel=\"noopener\">Certifik\u00e1t ISO\/IEC 27001 Syst\u00e9m managementu bezpe\u010dnosti informac\u00ed<\/a><\/li>\n<li><a href=\"https:\/\/skrivanek.cz\/wp-content\/uploads\/2021\/11\/iso-tspm-18578-cz.pdf\">Certifik\u00e1t EN ISO 18587 Syst\u00e9m managementu post-editace strojov\u00e9ho p\u0159ekladu<\/a><\/li>\n<li><a href=\"https:\/\/skrivanek.cz\/wp-content\/uploads\/2025\/04\/iso-13485-2016-en.pdf\">Certifik\u00e1t EN ISO 13485 Syst\u00e9m managementu zdravotnick\u00fdch prost\u0159edk\u016f<\/a><\/li>\n<\/ul>\n<\/div>\n\t\t\t\t<\/div>\n\n\t\t\n\t<\/div>\n\n\t\t\n\t<div class=\"wpa9-card-l-panel wpa9-panel shadow rounded d-flex flex-column justify-content-between\">\n\n\t\t<div>\n\t\t\t\t\n\t\t\t\t\t\t\t\t<h2 class=\"wpa9-panel-title\">Firemn\u00ed z\u00e1sady a&nbsp;c\u00edle<\/h2>\n\t\t\n\t\t\t\t\t\t\t<div class=\"wpa9-panel-content\"><p>Firemn\u00ed z\u00e1sady a&nbsp;c\u00edle spojuj\u00ed v\u0161echny v&nbsp;na\u0161\u00ed spole\u010dnosti, majitele, veden\u00ed spole\u010dnosti a&nbsp;zam\u011bstnance. Jsou z\u00e1kladem na\u0161eho\u00a0\u00fasp\u011bchu.<\/p>\n<ul>\n<li><a href=\"https:\/\/skrivanek.cz\/wp-content\/uploads\/2021\/03\/politika-kvality-environmentalniho-managementu.pdf\" target=\"_blank\" rel=\"noopener\"><span class=\"link\"><span class=\"innerText\">Politika kvality <span class=\"amp\">&amp;<\/span>\u00a0environment\u00e1ln\u00edho\u00a0managementu<\/span><\/span><\/a><\/li>\n<li><span class=\"link\"><span class=\"innerText\"><a href=\"https:\/\/skrivanek.cz\/wp-content\/uploads\/2021\/03\/bezpecnostni-politika-informaci.pdf\" target=\"_blank\" rel=\"noopener\">Bezpe\u010dnostn\u00ed politika informac\u00ed<\/a><\/span><\/span><\/li>\n<li><a href=\"https:\/\/skrivanek.cz\/wp-content\/uploads\/2021\/03\/zasady-pro-zamestnance-dodavatele-smluvni-partnery.pdf\" target=\"_blank\" rel=\"noopener\"><span class=\"link\"><span class=\"innerText\">Z\u00e1sady pro zam\u011bstnance, dodavatele <span class=\"amp\">&amp;<\/span> smluvn\u00ed partnery \u2014\u00a0<span class=\"caps\">WE<\/span>\u00a0<span class=\"caps\">ACT<\/span>\u00a0<span class=\"caps\">ECO<\/span><\/span><\/span><\/a><\/li>\n<\/ul>\n<\/div>\n\t\t\t\t<\/div>\n\n\t\t\n\t<\/div>\n\n\t\t\n\t<div class=\"wpa9-card-l-panel wpa9-panel shadow rounded d-flex flex-column justify-content-between\">\n\n\t\t<div>\n\t\t\t\t\n\t\t\t\t\t\t\t\t<h2 class=\"wpa9-panel-title\">Certifikace jazykov\u00e9ho vzd\u011bl\u00e1n\u00ed<\/h2>\n\t\t\n\t\t\t\t\t\t\t<div class=\"wpa9-panel-content\"><p>Certifik\u00e1ty jazykov\u00e9ho vzd\u011bl\u00e1n\u00ed zaji\u0161\u0165uj\u00ed a&nbsp;udr\u017euj\u00ed vysokou kvalitu na\u0161ich jazykov\u00fdch\u00a0kurz\u016f.<\/p>\n<ul>\n<li><a href=\"https:\/\/skrivanek.cz\/wp-content\/uploads\/2022\/07\/certifikat-ajs.pdf\" target=\"_blank\" rel=\"noopener\">Jsme \u010dlenem\u00a0AJ\u0160<\/a><\/li>\n<li><a href=\"https:\/\/skrivanek.cz\/wp-content\/uploads\/2021\/03\/esol-examination-certificate.pdf\" target=\"_blank\" rel=\"noopener\">Cambridge\u00a0ESOL\u00a0certificate<\/a><\/li>\n<\/ul>\n<p><img loading=\"lazy\" decoding=\"async\" class=\"alignnone wp-image-61209\" src=\"https:\/\/skrivanek.cz\/wp-content\/uploads\/2023\/08\/ajs-ctverec-512x340.jpg\" alt=\"Bureau Veritas\" width=\"250\" height=\"247\" \/><\/p>\n<\/div>\n\t\t\t\t<\/div>\n\n\t\t\n\t<\/div>\n\n\t\t\n\t<div class=\"wpa9-card-l-panel wpa9-panel shadow rounded d-flex flex-column justify-content-between\">\n\n\t\t<div>\n\t\t\t\t\n\t\t\t\t\t\t\t\t<h2 class=\"wpa9-panel-title\">Ostatn\u00ed certifik\u00e1ty<\/h2>\n\t\t\n\t\t\t\t\t\t\t<div class=\"wpa9-panel-content\"><p><strong>Sk\u0159iv\u00e1nek ji\u017e 10 let v&nbsp;TOP 100!<\/strong><\/p>\n<p>Nez\u00e1visl\u00e1 v\u00fdzkumn\u00e1 a&nbsp;konzultantsk\u00e1 organizace Common Sense Advisory ohodnotila spole\u010dnost Sk\u0159iv\u00e1nek s.r.o.\u00a0jako jednoho z&nbsp;hlavn\u00edch sv\u011btov\u00fdch hr\u00e1\u010d\u016f v\u00a0oboru\u00a0p\u0159ekladatelstv\u00ed.<\/p>\n<p><img alt=\"csa-badge-2021-1\" loading=\"lazy\" decoding=\"async\" class=\"alignnone size-full wp-image-13113\" src=\"https:\/\/skrivanek.cz\/wp-content\/uploads\/2021\/07\/csa-badge-2021-1.png\" alt=\"\" width=\"433\" height=\"235\" \/><\/p>\n<\/div>\n\t\t\t\t<\/div>\n\n\t\t\t\t<div class=\"meta meta-buttons d-flex flex-column flex-sm-row justify-content-start\">\n\t\t\t\t\t<a class=\"btn \" href=\"https:\/\/csa-research.com\/\" title=\"P\u0159ej\u00edt na web CSA\">P\u0159ej\u00edt na web CSA<\/a>\n\t\t\t\t\t\t<\/div>\n\t\t\n\t<\/div>\n\n\t\t\n\t\n<\/div>\n<\/div><\/div><\/div><\/div><\/div><\/div>","protected":false},"excerpt":{"rendered":"<p>V roce 2006 jsme zavedli oborovou p\u0159ekladatelskou normu EN 15038 a&nbsp;i&nbsp;v&nbsp;tomto p\u0159\u00edpad\u011b jsme byli pr\u016fkopn\u00edky zaveden\u00ed v&nbsp;\u010cR. EN 15038 jsme v&nbsp;roce 2016 \u00fasp\u011b\u0161n\u011b vym\u011bnili za nejnov\u011bj\u0161\u00ed oborovou normu EN ISO 17100. Va\u0161e data jsou u&nbsp;n\u00e1s v&nbsp;bezpe\u010d\u00ed a&nbsp;jsou chr\u00e1n\u011bna proti odcizen\u00ed a&nbsp;zneu\u017eit\u00ed d\u00edky na\u0161emu syst\u00e9mu \u0159\u00edzen\u00ed bezpe\u010dnosti informac\u00ed podle normy \u010cSN ISO\/IEC 27001. Je pro n\u00e1s [&hellip;]<\/p>\n","protected":false},"author":1,"featured_media":0,"parent":0,"menu_order":0,"comment_status":"closed","ping_status":"closed","template":"","meta":{"_acf_changed":false,"footnotes":""},"class_list":["post-2350","page","type-page","status-publish","hentry"],"acf":[],"aioseo_notices":[],"_links":{"self":[{"href":"https:\/\/skrivanek.cz\/cz\/wp-json\/wp\/v2\/pages\/2350","targetHints":{"allow":["GET"]}}],"collection":[{"href":"https:\/\/skrivanek.cz\/cz\/wp-json\/wp\/v2\/pages"}],"about":[{"href":"https:\/\/skrivanek.cz\/cz\/wp-json\/wp\/v2\/types\/page"}],"author":[{"embeddable":true,"href":"https:\/\/skrivanek.cz\/cz\/wp-json\/wp\/v2\/users\/1"}],"replies":[{"embeddable":true,"href":"https:\/\/skrivanek.cz\/cz\/wp-json\/wp\/v2\/comments?post=2350"}],"version-history":[{"count":4,"href":"https:\/\/skrivanek.cz\/cz\/wp-json\/wp\/v2\/pages\/2350\/revisions"}],"predecessor-version":[{"id":63405,"href":"https:\/\/skrivanek.cz\/cz\/wp-json\/wp\/v2\/pages\/2350\/revisions\/63405"}],"wp:attachment":[{"href":"https:\/\/skrivanek.cz\/cz\/wp-json\/wp\/v2\/media?parent=2350"}],"curies":[{"name":"wp","href":"https:\/\/api.w.org\/{rel}","templated":true}]}}