{"id":2421,"date":"2021-02-28T19:16:20","date_gmt":"2021-02-28T18:16:20","guid":{"rendered":"https:\/\/skrivanek.cz\/?page_id=2421"},"modified":"2026-03-24T09:53:11","modified_gmt":"2026-03-24T08:53:11","slug":"hotline","status":"publish","type":"page","link":"https:\/\/skrivanek.cz\/cz\/hotline\/","title":{"rendered":"Hotline pro p\u0159eklady"},"content":{"rendered":"<div id=\"pl-2421\"  class=\"panel-layout\" ><div id=\"pg-2421-0\"  class=\"panel-grid panel-no-style\" ><div id=\"pgc-2421-0-0\"  class=\"panel-grid-cell\" ><div id=\"panel-2421-0-0-0\" class=\"so-panel widget widget_wpa9-card-s panel-first-child panel-last-child\" data-index=\"0\" style=\"margin: 40px 0px 80px 0px;\" ><div\n\t\t\t\n\t\t\tclass=\"so-widget-wpa9-card-s so-widget-wpa9-card-s-default-c93e1481a745-2421\"\n\t\t\t\n\t\t><div class=\"wpa9-card wpa9-card-s narrow positive\">\n\n\t<div class=\"wpa9-card-wrapper container\">\n\n\t\t<div class=\"wpa9-card-text\">\n\t\t\t<h2 class=\"wpa9-card-title\">O v\u00e1\u0161 p\u0159eklad se postar\u00e1me<br \/>i po&nbsp;otev\u00edrac\u00ed dob\u011b<\/h2>\n\t\t\t<div class=\"wpa9-card-content\"><p style=\"text-align: center\">R\u00e1di V\u00e1m okam\u017eit\u011b a&nbsp;odborn\u011b pom\u016f\u017eeme.<\/p>\n<p style=\"text-align: center\"><a class=\"btn\" href=\"javascript:secureDecryptAndNavigate('IDXzDPk6cXJsme55SW5SjAIoH0045HIsDYyVL+JN7yHtxT\/Nn9IYlCZAegMpEc+pS0mEfuKq2TEGyE2v7jFROGYXACZ\/y3GpCIuy', '9c1e8f5271bf4f233390c22bdf43601f044e80460c2e9cc63c40d8bc66437679')\">&#104;&#111;&#116;l&#105;n&#101;&#64;s&#107;&#114;i&#118;a&#110;e&#107;&#46;cz<\/a><\/p>\n<p class=\"hotline1719\" style=\"text-align: center\"><span class=\"fs-28\">po\u2014p\u00e1<strong> 17.00\u201421.00<\/strong><br \/>\n+420\u00a0731\u00a0435\u00a0222<\/span><\/p>\n<p class=\"hotline1924\" style=\"text-align: center\"><span class=\"fs-28\">po\u2014p\u00e1<strong> 19.00\u201424.00<\/strong><br \/>\n+420&nbsp;737&nbsp;208&nbsp;420<\/span><\/p>\n<p>&nbsp;<\/p>\n<p class=\"phone-info\" style=\"text-align: center\">Uveden\u00e1 telefonn\u00ed \u010d\u00edsla jsou k&nbsp;dispozici pouze v&nbsp;uveden\u00fdch \u010dasech.<\/p>\n<\/div>\t\t<\/div>\n\n\t\t\n\t<\/div>\n\n<\/div>\n<\/div><\/div><\/div><\/div><\/div>","protected":false},"excerpt":{"rendered":"<p>O v\u00e1\u0161 p\u0159eklad se postar\u00e1mei po&nbsp;otev\u00edrac\u00ed dob\u011b R\u00e1di V\u00e1m okam\u017eit\u011b a&nbsp;odborn\u011b pom\u016f\u017eeme. hotline&#64;&#115;krivane&#107;.c&#122; po\u2014p\u00e1 17.00\u201421.00 +420\u00a0731\u00a0435\u00a0222 po\u2014p\u00e1 19.00\u201424.00 +420&nbsp;737&nbsp;208&nbsp;420 &nbsp; Uveden\u00e1 telefonn\u00ed \u010d\u00edsla jsou k&nbsp;dispozici pouze v&nbsp;uveden\u00fdch \u010dasech.<\/p>\n","protected":false},"author":1,"featured_media":0,"parent":0,"menu_order":0,"comment_status":"closed","ping_status":"closed","template":"","meta":{"_acf_changed":false,"footnotes":""},"class_list":["post-2421","page","type-page","status-publish","hentry"],"acf":[],"aioseo_notices":[],"_links":{"self":[{"href":"https:\/\/skrivanek.cz\/cz\/wp-json\/wp\/v2\/pages\/2421","targetHints":{"allow":["GET"]}}],"collection":[{"href":"https:\/\/skrivanek.cz\/cz\/wp-json\/wp\/v2\/pages"}],"about":[{"href":"https:\/\/skrivanek.cz\/cz\/wp-json\/wp\/v2\/types\/page"}],"author":[{"embeddable":true,"href":"https:\/\/skrivanek.cz\/cz\/wp-json\/wp\/v2\/users\/1"}],"replies":[{"embeddable":true,"href":"https:\/\/skrivanek.cz\/cz\/wp-json\/wp\/v2\/comments?post=2421"}],"version-history":[{"count":3,"href":"https:\/\/skrivanek.cz\/cz\/wp-json\/wp\/v2\/pages\/2421\/revisions"}],"predecessor-version":[{"id":80175,"href":"https:\/\/skrivanek.cz\/cz\/wp-json\/wp\/v2\/pages\/2421\/revisions\/80175"}],"wp:attachment":[{"href":"https:\/\/skrivanek.cz\/cz\/wp-json\/wp\/v2\/media?parent=2421"}],"curies":[{"name":"wp","href":"https:\/\/api.w.org\/{rel}","templated":true}]}}