{"id":25939,"date":"2023-01-23T13:12:30","date_gmt":"2023-01-23T12:12:30","guid":{"rendered":"https:\/\/skrivanek.cz\/?page_id=25939"},"modified":"2025-04-22T17:43:38","modified_gmt":"2025-04-22T15:43:38","slug":"dotaznik-ftv-prima","status":"publish","type":"page","link":"https:\/\/skrivanek.cz\/cz\/dotaznik-ftv-prima\/","title":{"rendered":"FTV Prima dotazn\u00edk"},"content":{"rendered":"<div id=\"pl-25939\"  class=\"panel-layout\" ><div id=\"pg-25939-0\"  class=\"panel-grid panel-no-style\" ><div id=\"pgc-25939-0-0\"  class=\"panel-grid-cell\" ><div id=\"panel-25939-0-0-0\" class=\"so-panel widget widget_wpforms-widget wpforms-widget panel-first-child panel-last-child\" data-index=\"0\" >\r\n<style type=\"text\/css\">\r\n\r\n\r\n\r\nbody #wpforms-75527 {\r\n\t\t\r\n\t\t\tfont-family:inherit;}\r\n\r\n\t\r\n\r\n\tbody #wpforms-75527 .wpforms-head-container {\r\n\t\tborder-width: 0px;}\r\n\r\n\tbody #wpforms-75527 .wpforms-head-container .wpforms-title {\r\n\t\t}\r\n\r\n\tbody #wpforms-75527 .wpforms-head-container .wpforms-description {\r\n\t\t\t\tdisplay:block;\r\n\t}\r\n\r\n\r\n\tbody #wpforms-75527 .wpforms-submit-container .wpforms-submit, body #wpforms-75527 .wpforms-field-pagebreak button.wpforms-page-button {\r\n\t\tcolor:#ffffff ;background-color:#ff643b ;border-width:0px ;border-style:solid ;border-radius:10px ;-web-border-radius:10px ;-moz-border-radius:10px ;\t\t\t}\r\n\r\n\tbody #wpforms-75527 .wpforms-submit-container .wpforms-submit:hover, body #wpforms-75527 .wpforms-field-pagebreak button.wpforms-page-button:hover {\r\n\tbackground-color:;\tcolor:;\t}\r\n\r\n\tbody #wpforms-75527 .wpforms-submit-container,\r\n\tbody #wpforms-75527 .wpforms-field-pagebreak .wpforms-pagebreak-left{\r\n\t\t}\r\n\r\n\r\n\tbody #wpforms-75527 .wpforms-form .wpforms-field input[type=text],\r\n\tbody #wpforms-75527 .wpforms-form .wpforms-field input[type=email],\r\n\tbody #wpforms-75527 .wpforms-form .wpforms-field input[type=tel],\r\n\tbody #wpforms-75527 .wpforms-form .wpforms-field input[type=url],\r\n\tbody #wpforms-75527 .wpforms-form .wpforms-field input[type=password],\r\n\tbody #wpforms-75527 .wpforms-form .wpforms-field input[type=number]\r\n\t{\r\n\t\tborder-width:1px ;border-style:solid ;\t\t\t}\r\n\r\n\tbody #wpforms-75527 .wpforms-form .wpforms-field .wpforms-field-row\r\n\t{\r\n\t\t\t}\r\n\r\n\tbody #wpforms-75527 .wpforms-form .wpforms-field-layout.wpforms-field input[type=text],\r\n\tbody #wpforms-75527 .wpforms-form .wpforms-field-layout.wpforms-field input[type=email],\r\n\tbody #wpforms-75527 .wpforms-form .wpforms-field-layout.wpforms-field input[type=tel],\r\n\tbody #wpforms-75527 .wpforms-form .wpforms-field-layout.wpforms-field input[type=url],\r\n\tbody #wpforms-75527 .wpforms-form .wpforms-field-layout.wpforms-field input[type=password],\r\n\tbody #wpforms-75527 .wpforms-form .wpforms-field-layout.wpforms-field input[type=number]{\r\n\t\twidth: 100%;\r\n\t}\r\n\r\n\tbody #wpforms-75527 .wpforms-form .wpforms-field .wpforms-field-row input[type=text]{\r\n\t\twidth: 100%;\r\n\t}\r\n\r\n\r\n\r\n\t#wpforms-75527 .wpforms-form .wpforms-field-layout-rows,\r\n\t#wpforms-75527 .wpforms-form .wpforms-field-layout-columns{\r\n\t\t\t}\r\n\r\n\r\n\r\n\tbody #wpforms-75527 .wpforms-form .wpforms-field textarea {\r\n\t\t\t\t\tborder-width: 1px;\t}\r\n\r\n \r\n\r\n\tbody #wpforms-75527 .wpforms-form .wpforms-field select {\r\n\r\n\t\t\r\n\t\tborder-width: 1px;\t}\r\n\r\n\t\/* dropdown styles on modern background *\/\r\n\tbody #wpforms-75527 .wpforms-form .wpforms-field-select-style-modern .choices__inner{\r\n\t\t\t\t\r\n\t}\r\n\r\n\t\/* background color on modern dropdown *\/\r\n\t\r\n \r\n\tbody #wpforms-75527 .wpforms-form .wpforms-field-radio li label,\r\n\tbody #wpforms-75527 .wpforms-form .wpforms-field-payment-multiple li label {\r\n\t\t\t}\r\n \r\n\tbody #wpforms-75527 .wpforms-form .wpforms-field-checkbox li label {\r\n\t\t\t}\r\n \r\n\tbody #wpforms-75527 .wpforms-form .wpforms-field .wpforms-field-description {\r\n\r\n\t\t\t}\r\n\r\n \r\n\tbody #wpforms-75527 .wpforms-form .wpforms-field label.wpforms-field-label,\r\n\tbody #wpforms-75527 .wpforms-form .wpforms-field .wpforms-field-label {\r\n\t\tfont-weight: bold;\t}\r\n\r\n\r\n \r\n\tbody #wpforms-confirmation-75527  {\r\n\r\n\tbackground-color:#ffffff ;border-color:#ffffff ;\t\t\tborder-width: 1px;\t}\r\n\r\n\tbody #wpforms-confirmation-75527 p{\r\n\t\ttext-transform: uppercase;\r\n\t\ttext-decoration: underline;\r\n\t\tcolor: inherit;\r\n\t}\r\n\r\n \r\n\tbody #wpforms-75527 label.wpforms-error,\r\n\tbody #wpforms-75527 .wpforms-error[role=\"alert\"] {\r\n\t\t\r\n\t\t\t\tborder-width: 1px;\t}\r\n\/* Styling for Tablets *\/\r\n@media only screen and (max-width: 800px) and (min-width:481px) {\r\n\t\r\n\r\n\r\n\r\n}\r\n\r\n@media only screen and (max-width: 480px){\r\n\t\r\n\r\n\r\n\r\n}\r\n\/*Option to add custom CSS *\/\r\n\r\n\r\n\r\n\t\t<\/style>\r\n\t\t<div class=\"wpforms-container wpforms-container-full wpforms-render-modern\" id=\"wpforms-75527\"><form id=\"wpforms-form-75527\" class=\"wpforms-validate wpforms-form wpforms-ajax-form\" data-formid=\"75527\" method=\"post\" enctype=\"multipart\/form-data\" action=\"\/cz\/wp-json\/wp\/v2\/pages\/25939\" data-token=\"2f2462cf6c2521a61f5bee59f9531970\" data-token-time=\"1775609131\"><noscript class=\"wpforms-error-noscript\">Chcete-li vyplnit tento formul\u00e1\u0159, pros\u00edm povolte v&nbsp;prohl\u00ed\u017ee\u010di JavaScript.<\/noscript><div id=\"wpforms-error-noscript\" style=\"display: none;\">Chcete-li vyplnit tento formul\u00e1\u0159, pros\u00edm povolte v&nbsp;prohl\u00ed\u017ee\u010di JavaScript.<\/div><div class=\"wpforms-field-container\">\t\t<div id=\"wpforms-75527-field_3-container\"\n\t\t\tclass=\"wpforms-field wpforms-field-text\"\n\t\t\tdata-field-type=\"text\"\n\t\t\tdata-field-id=\"3\"\n\t\t\t>\n\t\t\t<label class=\"wpforms-field-label\" for=\"wpforms-75527-field_3\" >Layout Typ Jste<\/label>\n\t\t\t<input type=\"text\" id=\"wpforms-75527-field_3\" class=\"wpforms-field-medium\" name=\"wpforms[fields][3]\" >\n\t\t<\/div>\n\t\t<div id=\"wpforms-75527-field_17-container\" class=\"wpforms-field wpforms-field-content\" data-field-id=\"17\"><div id=\"wpforms-75527-field_17\" class=\"wpforms-field-small wpforms-field-row\" aria-errormessage=\"wpforms-75527-field_17-error\"><p><img decoding=\"async\" alt=\"logo prima\" src=\"https:\/\/skrivanek.cz\/wp-content\/uploads\/2024\/01\/prima.svg\" class=\"alignnone size-full wp-image-65027\" \/><\/p>\n<div class=\"wpforms-field-content-display-frontend-clear\"><\/div><\/div><\/div><div id=\"wpforms-75527-field_4-container\" class=\"wpforms-field wpforms-field-layout\" data-field-id=\"4\"><div class=\"wpforms-field-layout-rows wpforms-field-large\"><div class=\"wpforms-layout-row\"><div class=\"wpforms-layout-column wpforms-layout-column-50\"><div id=\"wpforms-75527-field_1-container\" class=\"wpforms-field wpforms-field-name\" data-field-id=\"1\"><label class=\"wpforms-field-label\" for=\"wpforms-75527-field_1\">Jm\u00e9no <span class=\"wpforms-required-label\" aria-hidden=\"true\">*<\/span><\/label><input type=\"text\" id=\"wpforms-75527-field_1\" class=\"wpforms-field-medium wpforms-field-required\" name=\"wpforms[fields][1]\" aria-errormessage=\"wpforms-75527-field_1-error\" required><\/div><\/div><div class=\"wpforms-layout-column wpforms-layout-column-50\"><div id=\"wpforms-75527-field_5-container\" class=\"wpforms-field wpforms-field-name\" data-field-id=\"5\"><label class=\"wpforms-field-label\" for=\"wpforms-75527-field_5\">P\u0159\u00edjmen\u00ed <span class=\"wpforms-required-label\" aria-hidden=\"true\">*<\/span><\/label><input type=\"text\" id=\"wpforms-75527-field_5\" class=\"wpforms-field-medium wpforms-field-required\" name=\"wpforms[fields][5]\" aria-errormessage=\"wpforms-75527-field_5-error\" required><\/div><\/div><\/div><div class=\"wpforms-layout-row\"><div class=\"wpforms-layout-column wpforms-layout-column-50\"><div id=\"wpforms-75527-field_2-container\" class=\"wpforms-field wpforms-field-email\" data-field-id=\"2\"><label class=\"wpforms-field-label\" for=\"wpforms-75527-field_2\">E-mail <span class=\"wpforms-required-label\" aria-hidden=\"true\">*<\/span><\/label><input type=\"email\" id=\"wpforms-75527-field_2\" class=\"wpforms-field-medium wpforms-field-required\" name=\"wpforms[fields][2]\" spellcheck=\"false\" aria-errormessage=\"wpforms-75527-field_2-error\" required><\/div><\/div><div class=\"wpforms-layout-column wpforms-layout-column-50\"><div id=\"wpforms-75527-field_6-container\" class=\"wpforms-field wpforms-field-phone\" data-field-id=\"6\"><label class=\"wpforms-field-label\" for=\"wpforms-75527-field_6\">Telefon <span class=\"wpforms-required-label\" aria-hidden=\"true\">*<\/span><\/label><input type=\"tel\" id=\"wpforms-75527-field_6\" class=\"wpforms-field-medium wpforms-field-required wpforms-smart-phone-field\" data-rule-smart-phone-field=\"true\" name=\"wpforms[fields][6]\" aria-label=\"Telefon\" aria-errormessage=\"wpforms-75527-field_6-error\" required><\/div><\/div><\/div><div class=\"wpforms-layout-row\"><div class=\"wpforms-layout-column wpforms-layout-column-50\"><div id=\"wpforms-75527-field_7-container\" class=\"wpforms-field wpforms-field-select wpforms-conditional-trigger wpforms-field-select-style-classic\" data-field-id=\"7\"><label class=\"wpforms-field-label\" for=\"wpforms-75527-field_7\">Jazyk <span class=\"wpforms-required-label\" aria-hidden=\"true\">*<\/span><\/label><select id=\"wpforms-75527-field_7\" class=\"wpforms-field-medium wpforms-field-required\" name=\"wpforms[fields][7]\" required=\"required\"><option value=\"angli\u010dtina\"  class=\"choice-1 depth-1\"  >angli\u010dtina<\/option><option value=\"n\u011bm\u010dina\"  class=\"choice-2 depth-1\"  >n\u011bm\u010dina<\/option><option value=\"\u0161pan\u011bl\u0161tina\"  class=\"choice-3 depth-1\"  >\u0161pan\u011bl\u0161tina<\/option><option value=\"ital\u0161tina\"  class=\"choice-4 depth-1\"  >ital\u0161tina<\/option><option value=\"francouz\u0161tina\"  class=\"choice-5 depth-1\"  >francouz\u0161tina<\/option><option value=\"ru\u0161tina\"  class=\"choice-6 depth-1\"  >ru\u0161tina<\/option><option value=\"\u010de\u0161tina pro cizince\"  class=\"choice-7 depth-1\"  >\u010de\u0161tina pro cizince<\/option><option value=\"jin\u00fd\"  class=\"choice-8 depth-1\"  >jin\u00fd<\/option><\/select><\/div><\/div><div class=\"wpforms-layout-column wpforms-layout-column-50\"><div id=\"wpforms-75527-field_8-container\" class=\"wpforms-field wpforms-field-text wpforms-conditional-field wpforms-conditional-show\" data-field-id=\"8\" style=\"display:none;\"><label class=\"wpforms-field-label\" for=\"wpforms-75527-field_8\">Pros\u00edm uve\u010fte jak\u00fd:<\/label><input type=\"text\" id=\"wpforms-75527-field_8\" class=\"wpforms-field-medium\" name=\"wpforms[fields][8]\" aria-errormessage=\"wpforms-75527-field_8-error\" ><\/div><\/div><\/div><div class=\"wpforms-layout-row\"><div class=\"wpforms-layout-column wpforms-layout-column-50\"><div id=\"wpforms-75527-field_9-container\" class=\"wpforms-field wpforms-field-select wpforms-field-select-style-classic\" data-field-id=\"9\"><label class=\"wpforms-field-label\" for=\"wpforms-75527-field_9\">Typ kurzu <span class=\"wpforms-required-label\" aria-hidden=\"true\">*<\/span><\/label><select id=\"wpforms-75527-field_9\" class=\"wpforms-field-medium wpforms-field-required\" name=\"wpforms[fields][9]\" required=\"required\"><option value=\"Skupinov\u00fd kurz\"  class=\"choice-1 depth-1\"  >Skupinov\u00fd kurz<\/option><option value=\"Individu\u00e1ln\u00ed kurz\"  class=\"choice-2 depth-1\"  >Individu\u00e1ln\u00ed kurz<\/option><\/select><\/div><\/div><div class=\"wpforms-layout-column wpforms-layout-column-50\"><div id=\"wpforms-75527-field_10-container\" class=\"wpforms-field wpforms-field-select wpforms-field-select-style-classic\" data-field-id=\"10\"><label class=\"wpforms-field-label\" for=\"wpforms-75527-field_10\">D\u00e9lka trv\u00e1n\u00ed kurzu <span class=\"wpforms-required-label\" aria-hidden=\"true\">*<\/span><\/label><select id=\"wpforms-75527-field_10\" class=\"wpforms-field-medium wpforms-field-required\" name=\"wpforms[fields][10]\" required=\"required\"><option value=\"60 minut\"  class=\"choice-1 depth-1\"  >60 minut<\/option><option value=\"90 minut\"  class=\"choice-2 depth-1\"  >90 minut<\/option><\/select><\/div><\/div><\/div><div class=\"wpforms-layout-row\"><div class=\"wpforms-layout-column wpforms-layout-column-50\"><div id=\"wpforms-75527-field_11-container\" class=\"wpforms-field wpforms-field-radio wpforms-list-2-columns\" data-field-id=\"11\"><fieldset><legend class=\"wpforms-field-label\">V\u00edce mo\u017enost\u00ed <span class=\"wpforms-required-label\" aria-hidden=\"true\">*<\/span><\/legend><ul id=\"wpforms-75527-field_11\" class=\"wpforms-field-required\"><li class=\"choice-1 depth-1\"><input type=\"radio\" id=\"wpforms-75527-field_11_1\" name=\"wpforms[fields][11]\" value=\"FTV Prima\" aria-errormessage=\"wpforms-75527-field_11_1-error\" required ><label class=\"wpforms-field-label-inline\" for=\"wpforms-75527-field_11_1\">FTV Prima<\/label><\/li><li class=\"choice-2 depth-1\"><input type=\"radio\" id=\"wpforms-75527-field_11_2\" name=\"wpforms[fields][11]\" value=\"MEDIA CLUB\" aria-errormessage=\"wpforms-75527-field_11_2-error\" required ><label class=\"wpforms-field-label-inline\" for=\"wpforms-75527-field_11_2\">MEDIA CLUB<\/label><\/li><li class=\"choice-3 depth-1\"><input type=\"radio\" id=\"wpforms-75527-field_11_3\" name=\"wpforms[fields][11]\" value=\"PRIMA GROUP MANA\u017dERSK\u00c1\" aria-errormessage=\"wpforms-75527-field_11_3-error\" required ><label class=\"wpforms-field-label-inline\" for=\"wpforms-75527-field_11_3\">PRIMA GROUP MANA\u017dERSK\u00c1<\/label><\/li><li class=\"choice-4 depth-1\"><input type=\"radio\" id=\"wpforms-75527-field_11_4\" name=\"wpforms[fields][11]\" value=\"Prima Technologies\" aria-errormessage=\"wpforms-75527-field_11_4-error\" required ><label class=\"wpforms-field-label-inline\" for=\"wpforms-75527-field_11_4\">Prima Technologies<\/label><\/li><\/ul><\/fieldset><\/div><\/div><div class=\"wpforms-layout-column wpforms-layout-column-50\"><div id=\"wpforms-75527-field_12-container\" class=\"wpforms-field wpforms-field-radio wpforms-list-2-columns\" data-field-id=\"12\"><fieldset><legend class=\"wpforms-field-label\">Jste za\u010d\u00e1te\u010dn\u00edk <span class=\"wpforms-required-label\" aria-hidden=\"true\">*<\/span><\/legend><ul id=\"wpforms-75527-field_12\" class=\"wpforms-field-required\"><li class=\"choice-1 depth-1\"><input type=\"radio\" id=\"wpforms-75527-field_12_1\" name=\"wpforms[fields][12]\" value=\"ano\" aria-errormessage=\"wpforms-75527-field_12_1-error\" required ><label class=\"wpforms-field-label-inline\" for=\"wpforms-75527-field_12_1\">ano<\/label><\/li><li class=\"choice-2 depth-1\"><input type=\"radio\" id=\"wpforms-75527-field_12_2\" name=\"wpforms[fields][12]\" value=\"ne\" aria-errormessage=\"wpforms-75527-field_12_2-error\" required ><label class=\"wpforms-field-label-inline\" for=\"wpforms-75527-field_12_2\">ne<\/label><\/li><\/ul><\/fieldset><\/div><\/div><\/div><div class=\"wpforms-layout-row\"><div class=\"wpforms-layout-column wpforms-layout-column-50\"><div id=\"wpforms-75527-field_13-container\" class=\"wpforms-field wpforms-field-select wpforms-field-select-style-classic\" data-field-id=\"13\"><label class=\"wpforms-field-label\" for=\"wpforms-75527-field_13\">Preferovan\u00fd den v\u00fduky <span class=\"wpforms-required-label\" aria-hidden=\"true\">*<\/span><\/label><select id=\"wpforms-75527-field_13\" class=\"wpforms-field-medium wpforms-field-required\" name=\"wpforms[fields][13]\" required=\"required\"><option value=\"pond\u011bl\u00ed\"  class=\"choice-1 depth-1\"  >pond\u011bl\u00ed<\/option><option value=\"\u00fater\u00fd\"  class=\"choice-2 depth-1\"  >\u00fater\u00fd<\/option><option value=\"st\u0159eda\"  class=\"choice-3 depth-1\"  >st\u0159eda<\/option><option value=\"\u010dtvrtek\"  class=\"choice-4 depth-1\"  >\u010dtvrtek<\/option><option value=\"p\u00e1tek\"  class=\"choice-5 depth-1\"  >p\u00e1tek<\/option><\/select><\/div><\/div><div class=\"wpforms-layout-column wpforms-layout-column-50\"><div id=\"wpforms-75527-field_14-container\" class=\"wpforms-field wpforms-field-date-time\" data-field-id=\"14\"><label class=\"wpforms-field-label\" for=\"wpforms-75527-field_14-time\">Preferovan\u00fd \u010das v\u00fduky <span class=\"wpforms-required-label\" aria-hidden=\"true\">*<\/span><\/label><input type=\"text\" id=\"wpforms-75527-field_14-time\" class=\"wpforms-field-date-time-time wpforms-timepicker wpforms-field-required wpforms-field-medium\" data-time-format=\"H:i\" data-step=\"60\" data-rule-time24h=\"true\" name=\"wpforms[fields][14][time]\" aria-errormessage=\"wpforms-75527-field_14-time-error\" required><\/div><\/div><\/div><\/div><\/div><div id=\"wpforms-75527-field_15-container\" class=\"wpforms-field wpforms-field-html\" data-field-id=\"15\"><div id=\"wpforms-75527-field_15\" aria-errormessage=\"wpforms-75527-field_15-error\">V p\u0159\u00edpad\u011b dotaz\u016f kontaktujte Kate\u0159inu Pato\u010dkovou na e-mailu <a href=\"javascript:secureDecryptAndNavigate('pws7vptakEznbpeluKnoGLO58C2wtld4uW6hmo2JCXIUvIaGgkfgZiOlh\/Vpprv1Kqi37yUdGVM+h3qYGe5FUfZTBwkrJCh1O9jnMAgWUg==', '9c1e8f5271bf4f233390c22bdf43601f044e80460c2e9cc63c40d8bc66437679')\">pr&#97;ha&#64;&#115;ko&#108;a&#46;&#115;&#107;r&#105;v&#97;&#110;&#101;k&#46;cz<\/a> nebo telefonicky na \u010d\u00edsle +420&nbsp;731&nbsp;644&nbsp;435.<\/div><\/div><script>\n\t\t\t\t( function() {\n\t\t\t\t\tconst style = document.createElement( 'style' );\n\t\t\t\t\tstyle.appendChild( document.createTextNode( '#wpforms-75527-field_3-container { position: absolute !important; overflow: hidden !important; display: inline !important; height: 1px !important; width: 1px !important; z-index: -1000 !important; padding: 0 !important; } #wpforms-75527-field_3-container input { visibility: hidden; } #wpforms-conversational-form-page #wpforms-75527-field_3-container label { counter-increment: none; }' ) );\n\t\t\t\t\tdocument.head.appendChild( style );\n\t\t\t\t\tdocument.currentScript?.remove();\n\t\t\t\t} )();\n\t\t\t<\/script><\/div><!-- .wpforms-field-container --><div class=\"wpforms-recaptcha-container wpforms-is-recaptcha wpforms-is-recaptcha-type-v3\" ><input type=\"hidden\" name=\"wpforms[recaptcha]\" value=\"\"><\/div><div class=\"wpforms-submit-container\" ><input type=\"hidden\" name=\"wpforms[id]\" value=\"75527\"><input type=\"hidden\" name=\"page_title\" value=\"\"><input type=\"hidden\" name=\"page_url\" value=\"https:\/\/skrivanek.cz\/cz\/wp-json\/wp\/v2\/pages\/25939\"><input type=\"hidden\" name=\"url_referer\" value=\"\"><button type=\"submit\" name=\"wpforms[submit]\" id=\"wpforms-submit-75527\" class=\"wpforms-submit\" data-alt-text=\"Odes\u00edl\u00e1ni...\" data-submit-text=\"Odeslat\" aria-live=\"assertive\" value=\"wpforms-submit\">Odeslat<\/button><img loading=\"lazy\" decoding=\"async\" src=\"https:\/\/skrivanek.cz\/wp-content\/plugins\/wpforms\/assets\/images\/submit-spin.svg\" class=\"wpforms-submit-spinner\" style=\"display: none;\" width=\"26\" height=\"26\" alt=\"Na\u010d\u00edt\u00e1n\u00ed\"><\/div><\/form><\/div>  <!-- .wpforms-container --><\/div><\/div><\/div><\/div>","protected":false},"excerpt":{"rendered":"<p>Chcete-li vyplnit tento formul\u00e1\u0159, pros\u00edm povolte v&nbsp;prohl\u00ed\u017ee\u010di JavaScript.Chcete-li vyplnit tento formul\u00e1\u0159, pros\u00edm povolte v&nbsp;prohl\u00ed\u017ee\u010di JavaScript. Jm\u00e9no *P\u0159\u00edjmen\u00ed *E-mail *Telefon *Jazyk *angli\u010dtinan\u011bm\u010dina\u0161pan\u011bl\u0161tinaital\u0161tinafrancouz\u0161tinaru\u0161tina\u010de\u0161tina pro cizincejin\u00fdPros\u00edm uve\u010fte jak\u00fd:Typ kurzu *Skupinov\u00fd kurzIndividu\u00e1ln\u00ed kurzD\u00e9lka trv\u00e1n\u00ed kurzu *60 minut90 minutV\u00edce mo\u017enost\u00ed *FTV PrimaMEDIA CLUBPRIMA GROUP MANA\u017dERSK\u00c1Prima TechnologiesJste za\u010d\u00e1te\u010dn\u00edk *anonePreferovan\u00fd den v\u00fduky *pond\u011bl\u00ed\u00fater\u00fdst\u0159eda\u010dtvrtekp\u00e1tekPreferovan\u00fd \u010das v\u00fduky * Jm\u00e9no den Preferovan\u00fd V&nbsp;p\u0159\u00edpad\u011b dotaz\u016f [&hellip;]<\/p>\n","protected":false},"author":9,"featured_media":0,"parent":0,"menu_order":0,"comment_status":"closed","ping_status":"closed","template":"","meta":{"_acf_changed":false,"footnotes":""},"class_list":["post-25939","page","type-page","status-publish","hentry"],"acf":[],"aioseo_notices":[],"_links":{"self":[{"href":"https:\/\/skrivanek.cz\/cz\/wp-json\/wp\/v2\/pages\/25939","targetHints":{"allow":["GET"]}}],"collection":[{"href":"https:\/\/skrivanek.cz\/cz\/wp-json\/wp\/v2\/pages"}],"about":[{"href":"https:\/\/skrivanek.cz\/cz\/wp-json\/wp\/v2\/types\/page"}],"author":[{"embeddable":true,"href":"https:\/\/skrivanek.cz\/cz\/wp-json\/wp\/v2\/users\/9"}],"replies":[{"embeddable":true,"href":"https:\/\/skrivanek.cz\/cz\/wp-json\/wp\/v2\/comments?post=25939"}],"version-history":[{"count":2,"href":"https:\/\/skrivanek.cz\/cz\/wp-json\/wp\/v2\/pages\/25939\/revisions"}],"predecessor-version":[{"id":75536,"href":"https:\/\/skrivanek.cz\/cz\/wp-json\/wp\/v2\/pages\/25939\/revisions\/75536"}],"wp:attachment":[{"href":"https:\/\/skrivanek.cz\/cz\/wp-json\/wp\/v2\/media?parent=25939"}],"curies":[{"name":"wp","href":"https:\/\/api.w.org\/{rel}","templated":true}]}}