{"id":2672,"date":"2021-03-01T13:57:23","date_gmt":"2021-03-01T12:57:23","guid":{"rendered":"https:\/\/skrivanek.cz\/?page_id=2672"},"modified":"2026-03-24T14:01:19","modified_gmt":"2026-03-24T13:01:19","slug":"kariera","status":"publish","type":"page","link":"https:\/\/skrivanek.cz\/cz\/kariera\/","title":{"rendered":"Kari\u00e9ra"},"content":{"rendered":"<div id=\"pl-2672\"  class=\"panel-layout\" ><div id=\"pg-2672-0\"  class=\"panel-grid panel-has-style\"  style=\"margin-bottom: 0px\" ><div class=\"siteorigin-panels-stretch panel-row-padding-none panel-row-style panel-row-style-for-2672-0\" data-stretch-type=\"full\" ><div id=\"pgc-2672-0-0\"  class=\"panel-grid-cell\" ><div id=\"panel-2672-0-0-0\" class=\"so-panel widget widget_wpa9-buttons-group panel-first-child panel-last-child\" data-index=\"0\" ><div\n\t\t\t\n\t\t\tclass=\"so-widget-wpa9-buttons-group so-widget-wpa9-buttons-group-default-7f91da832e02-2672\"\n\t\t\t\n\t\t>\n<h3 class=\"wpa9-buttons-group-title widget-title layout-default\">Voln\u00e9 pozice<\/h3>\n<div class=\"wpa9-buttons-group-wrapper\">\n\n\t<div class=\"wpa9-buttons-group d-flex flex-wrap justify-content-center\">\n\n\t\n\t\t\n\t\t<a class=\"wpa9-buttons-group-button btn btn-size-m btn-default d-flex flex-row justify-content-center \" href=\"https:\/\/skrivanek.cz\/cz\/lektor-anglictiny-brno\/\" id=\"wpa9-buttons-group-panel-lektor-anglictiny-brno\" title=\"Lektor angli\u010dtiny Brno\"><span class=\"align-self-center\">Lektor angli\u010dtiny Brno<\/span><\/a>\n\n\t\n\t\t\n\t\t<a class=\"wpa9-buttons-group-button btn btn-size-m btn-default d-flex flex-row justify-content-center \" href=\"https:\/\/skrivanek.cz\/cz\/lektor-nemciny-brno\/\" id=\"wpa9-buttons-group-panel-lektor-nemciny-brno\" title=\"Lektor n\u011bm\u010diny Brno\"><span class=\"align-self-center\">Lektor n\u011bm\u010diny Brno<\/span><\/a>\n\n\t\n\t\t\n\t\t<a class=\"wpa9-buttons-group-button btn btn-size-m btn-default d-flex flex-row justify-content-center \" href=\"https:\/\/skrivanek.cz\/cz\/lektor-anglictiny-plzen\/\" id=\"wpa9-buttons-group-panel-lektor-anglictiny-plzen\" title=\"Lektor angli\u010dtiny Plze\u0148\"><span class=\"align-self-center\">Lektor angli\u010dtiny Plze\u0148<\/span><\/a>\n\n\t\n\t\t\n\t\t<a class=\"wpa9-buttons-group-button btn btn-size-m btn-default d-flex flex-row justify-content-center \" href=\"https:\/\/skrivanek.cz\/cz\/prekladatel\/\" id=\"wpa9-buttons-group-panel-prekladatel-korektor-tlumocnik\" title=\"P\u0159ekladatel, korektor, tlumo\u010dn\u00edk\"><span class=\"align-self-center\">P\u0159ekladatel, korektor, tlumo\u010dn\u00edk<\/span><\/a>\n\n\t\n\t<\/div>\n\n<\/div>\n<\/div><\/div><\/div><\/div><\/div><div id=\"pg-2672-1\"  class=\"panel-grid panel-no-style\"  style=\"margin-bottom: 0px\" ><div id=\"pgc-2672-1-0\"  class=\"panel-grid-cell\" ><div id=\"panel-2672-1-0-0\" class=\"so-panel widget widget_wpa9-steps panel-first-child panel-last-child\" data-index=\"1\" ><div\n\t\t\t\n\t\t\tclass=\"so-widget-wpa9-steps so-widget-wpa9-steps-default-c93e1481a745-2672\"\n\t\t\t\n\t\t><h3 class=\"widget-title\">Sk\u0159iv\u00e1n\u010d\u00ed kultura<\/h3><div class=\"wpa9-steps\">\n\t<div class=\"wpa9-steps-togglers d-flex flex-wrap justify-content-center\" data-wpa9-interval=\"7000\">\n\t\t\t\n\t\t<div class=\"wpa9-steps-toggler-wrapper wpa9-steps-active\" id=\"wpa9-steps-toggler-panel-0\">\n\t\t\t<div class=\"wpa9-steps-toggler f-headlines d-flex align-items-center justify-content-center\" data-content=\"panel-0\" role=\"button\">\n\t\t\t\t\t\t\t\t<span class=\"wpa9-step-title\">P\u0159\u00e1telsk\u00fd kolektiv<\/span>\n\t\t\t\t\t\t\t<\/div>\n\t\t\t<div class=\"wpa9-steps-decoration\"><\/div>\n\t\t<\/div>\n\t\t<div class=\"wpa9-steps-content wpa9-steps-active\" role=\"region\" id=\"wpa9-steps-content-panel-0\">\n\t\t\t<p style=\"text-align: center;\">Ve Sk\u0159iv\u00e1nkovi si tyk\u00e1me. Nemus\u00ed\u0161 se b\u00e1t \u0161kroben\u00e9ho jedn\u00e1n\u00ed. Jsme p\u0159\u00e1tel\u0161t\u00ed a\u00a0nekou\u0161eme.<\/p>\n\t\t<\/div>\n\t\t<div class=\"wpa9-steps-hyphen hyphen-visible\"><\/div>\t\t\t\n\t\t<div class=\"wpa9-steps-toggler-wrapper\" id=\"wpa9-steps-toggler-panel-1\">\n\t\t\t<div class=\"wpa9-steps-toggler f-headlines d-flex align-items-center justify-content-center\" data-content=\"panel-1\" role=\"button\">\n\t\t\t\t\t\t\t\t<span class=\"wpa9-step-title\">Osobn\u00ed r\u016fst<\/span>\n\t\t\t\t\t\t\t<\/div>\n\t\t\t<div class=\"wpa9-steps-decoration\"><\/div>\n\t\t<\/div>\n\t\t<div class=\"wpa9-steps-content\" role=\"region\" id=\"wpa9-steps-content-panel-1\">\n\t\t\t<p style=\"text-align: center;\">Nejen\u017ee vzd\u011bl\u00e1v\u00e1me sv\u00e9 z\u00e1kazn\u00edky, ale vzd\u011bl\u00e1v\u00e1me i&nbsp;sebe\u2026 pro p\u0159ekladatele po\u0159\u00e1d\u00e1me r\u016fzn\u00e9 semin\u00e1\u0159e a&nbsp;webin\u00e1\u0159e, pro lektory tu m\u00e1me Effecto akademii a&nbsp;webin\u00e1\u0159e.<\/p>\n\t\t<\/div>\n\t\t<div class=\"wpa9-steps-hyphen hyphen-visible\"><\/div>\t\t\t\n\t\t<div class=\"wpa9-steps-toggler-wrapper\" id=\"wpa9-steps-toggler-panel-2\">\n\t\t\t<div class=\"wpa9-steps-toggler f-headlines d-flex align-items-center justify-content-center\" data-content=\"panel-2\" role=\"button\">\n\t\t\t\t\t\t\t\t<span class=\"wpa9-step-title\">Stabiln\u00ed z\u00e1zem\u00ed <\/span>\n\t\t\t\t\t\t\t<\/div>\n\t\t\t<div class=\"wpa9-steps-decoration\"><\/div>\n\t\t<\/div>\n\t\t<div class=\"wpa9-steps-content\" role=\"region\" id=\"wpa9-steps-content-panel-2\">\n\t\t\t<p style=\"text-align: center;\">Jsme glob\u00e1ln\u00ed a&nbsp;to n\u00e1m zaru\u010duje \u0159adu zak\u00e1zek z&nbsp;cel\u00e9ho\u00a0sv\u011bta.<\/p>\n\t\t<\/div>\n\t\t<div class=\"wpa9-steps-hyphen hyphen-visible\"><\/div>\t\t\t\n\t\t<div class=\"wpa9-steps-toggler-wrapper\" id=\"wpa9-steps-toggler-panel-3\">\n\t\t\t<div class=\"wpa9-steps-toggler f-headlines d-flex align-items-center justify-content-center\" data-content=\"panel-3\" role=\"button\">\n\t\t\t\t\t\t\t\t<span class=\"wpa9-step-title\">P\u0159\u00edjemn\u00e9 prost\u0159ed\u00ed <\/span>\n\t\t\t\t\t\t\t<\/div>\n\t\t\t<div class=\"wpa9-steps-decoration\"><\/div>\n\t\t<\/div>\n\t\t<div class=\"wpa9-steps-content\" role=\"region\" id=\"wpa9-steps-content-panel-3\">\n\t\t\t<p style=\"text-align: center;\">Na\u0161e pr\u00e1ce n\u00e1s bav\u00ed, a&nbsp;proto usilujeme o&nbsp;co nejp\u0159\u00edjemn\u011bj\u0161\u00ed pracovn\u00ed z\u00e1zem\u00ed.<\/p>\n\t\t<\/div>\n\t\t\t\t<\/div>\n\t<div class=\"wpa9-steps-contents-wrapper\">\n\t\t\t\t\t<div class=\"wpa9-steps-content _step_4_1 wpa9-steps-active\" role=\"region\" id=\"wpa9-steps-content-panel-0\">\n\t\t\t<p style=\"text-align: center;\">Ve Sk\u0159iv\u00e1nkovi si tyk\u00e1me. Nemus\u00ed\u0161 se b\u00e1t \u0161kroben\u00e9ho jedn\u00e1n\u00ed. Jsme p\u0159\u00e1tel\u0161t\u00ed a\u00a0nekou\u0161eme.<\/p>\n\t\t<\/div>\n\t\t\t\t\t<div class=\"wpa9-steps-content _step_4_2\" role=\"region\" id=\"wpa9-steps-content-panel-1\">\n\t\t\t<p style=\"text-align: center;\">Nejen\u017ee vzd\u011bl\u00e1v\u00e1me sv\u00e9 z\u00e1kazn\u00edky, ale vzd\u011bl\u00e1v\u00e1me i&nbsp;sebe\u2026 pro p\u0159ekladatele po\u0159\u00e1d\u00e1me r\u016fzn\u00e9 semin\u00e1\u0159e a&nbsp;webin\u00e1\u0159e, pro lektory tu m\u00e1me Effecto akademii a&nbsp;webin\u00e1\u0159e.<\/p>\n\t\t<\/div>\n\t\t\t\t\t<div class=\"wpa9-steps-content _step_4_3\" role=\"region\" id=\"wpa9-steps-content-panel-2\">\n\t\t\t<p style=\"text-align: center;\">Jsme glob\u00e1ln\u00ed a&nbsp;to n\u00e1m zaru\u010duje \u0159adu zak\u00e1zek z&nbsp;cel\u00e9ho\u00a0sv\u011bta.<\/p>\n\t\t<\/div>\n\t\t\t\t\t<div class=\"wpa9-steps-content _step_4_4\" role=\"region\" id=\"wpa9-steps-content-panel-3\">\n\t\t\t<p style=\"text-align: center;\">Na\u0161e pr\u00e1ce n\u00e1s bav\u00ed, a&nbsp;proto usilujeme o&nbsp;co nejp\u0159\u00edjemn\u011bj\u0161\u00ed pracovn\u00ed z\u00e1zem\u00ed.<\/p>\n\t\t<\/div>\n\t\t<\/div>\n\t<\/div>\n<\/div><\/div><\/div><\/div><div id=\"pg-2672-2\"  class=\"panel-grid panel-has-style\"  style=\"margin-bottom: 0px\" ><div class=\"siteorigin-panels-stretch panel-row-padding-none panel-row-style panel-row-style-for-2672-2\" data-stretch-type=\"full\" ><div id=\"pgc-2672-2-0\"  class=\"panel-grid-cell\" ><div id=\"panel-2672-2-0-0\" class=\"so-panel widget widget_wpa9-editor-ext panel-first-child panel-last-child\" data-index=\"2\" ><div\n\t\t\t\n\t\t\tclass=\"so-widget-wpa9-editor-ext so-widget-wpa9-editor-ext-default-c93e1481a745-2672\"\n\t\t\t\n\t\t>\n<div class=\"siteorigin-widget-tinymce textwidget\">\n\t<h2 style=\"text-align: center;\"><span style=\"color: #ffffff;\">Jsme aktivn\u00ed<\/span><\/h2>\n<h2 style=\"text-align: center;\"><span style=\"color: #ffffff;\"> r\u00e1di se bav\u00edme<\/span><\/h2>\n<h2 style=\"text-align: center;\"><span style=\"color: #ffffff;\">jsme origin\u00e1ln\u00ed <\/span><\/h2>\n<h2 style=\"text-align: center;\"><span style=\"color: #ffffff;\">jsme zap\u00e1len\u00ed<\/span><\/h2>\n<\/div>\n<\/div><\/div><\/div><\/div><\/div><div id=\"pg-2672-3\"  class=\"panel-grid panel-has-style\"  style=\"margin-bottom: 0px\" ><div class=\"siteorigin-panels-stretch panel-row-padding-none panel-row-style panel-row-style-for-2672-3\" data-stretch-type=\"full\" ><div id=\"pgc-2672-3-0\"  class=\"panel-grid-cell\" ><div id=\"panel-2672-3-0-0\" class=\"so-panel widget widget_wpa9-card-l panel-first-child\" data-index=\"3\" ><div\n\t\t\t\n\t\t\tclass=\"so-widget-wpa9-card-l so-widget-wpa9-card-l-default-c93e1481a745-2672\"\n\t\t\t\n\t\t>\n<h3 class=\"widget-title\">Co nab\u00edz\u00edme?<\/h3>\n<div class=\"wpa9-card wpa9-card-l-container d-flex flex-wrap wpa9-columns-2\">\n\n\t\n\t\t\n\t<div class=\"wpa9-card-l-panel wpa9-panel shadow rounded d-flex flex-column justify-content-between\">\n\n\t\t<div>\n\t\t\t\t\n\t\t\t\t\t\t\t\t<h2 class=\"wpa9-panel-title\">Na\u0161im zam\u011bstnanc\u016fm<\/h2>\n\t\t\n\t\t\t\t\t\t\t<div class=\"wpa9-panel-content\"><p>Nab\u00edz\u00edme stabiln\u00ed z\u00e1zem\u00ed nejv\u011bt\u0161\u00ed jazykov\u00e9 agentury ve st\u0159edn\u00ed a&nbsp;v\u00fdchodn\u00ed Evrop\u011b.<\/p>\n<p>Jsme modern\u00ed spole\u010dnost a&nbsp;pojem home office n\u00e1m nen\u00ed ciz\u00ed. Nav\u00edc m\u00e1me b\u00e1je\u010dn\u00fd bal\u00ed\u010dek benefit\u016f, nap\u0159\u00edklad:<\/p>\n<ul>\n<li>t\u00fdden dovolen\u00e9 nav\u00edc<\/li>\n<li>p\u0159\u00edsp\u011bvek na vzd\u011bl\u00e1v\u00e1n\u00ed<\/li>\n<li>p\u0159\u00edsp\u011bvek na sportovn\u00ed aktivity<\/li>\n<li>stravenky<\/li>\n<li>sick days.<\/li>\n<\/ul>\n<\/div>\n\t\t\t\t<\/div>\n\n\t\t\n\t<\/div>\n\n\t\t\n\t<div class=\"wpa9-card-l-panel wpa9-panel shadow rounded d-flex flex-column justify-content-between\">\n\n\t\t<div>\n\t\t\t\t\n\t\t\t\t\t\t\t\t<h2 class=\"wpa9-panel-title\">Na\u0161im p\u0159ekladatel\u016fm a&nbsp;lektor\u016fm<\/h2>\n\t\t\n\t\t\t\t\t\t\t<div class=\"wpa9-panel-content\"><p>D\u00e1v\u00e1me najevo, \u017ee si v\u00e1\u017e\u00edme spolupr\u00e1ce s&nbsp;lidmi a\u00a0je pro n\u00e1s samoz\u0159ejmost\u00ed je\u00a0podporovat.<\/p>\n<p><strong>P\u0159ekladatele a&nbsp;korektory<\/strong>\u00a0r\u00e1di za\u0161kol\u00edme v\u00a0p\u0159ekladatelsk\u00e9m softwaru, p\u0159ekladatel\u00e9 od n\u00e1s z\u00edskaj\u00ed zp\u011btnou vazbu ve form\u011b hodnocen\u00ed a&nbsp;korektur, korekto\u0159i zaj\u00edmav\u00e9 zak\u00e1zky z\u00a0\u0161irok\u00e9 palety r\u016fzn\u00fdch\u00a0obor\u016f.<\/p>\n<p><strong>Lekto\u0159i<\/strong>\u00a0si mohou p\u0159izp\u016fsobit rozvrh podle sv\u00fdch mo\u017enost\u00ed a\u00a0maj\u00ed u&nbsp;n\u00e1s k&nbsp;dispozici rozs\u00e1hlou knihovnu\u00a0s v\u00fdukov\u00fdmi\u00a0materi\u00e1ly.<\/p>\n<p>A co d\u00e1l? Nap\u0159\u00edklad:<\/p>\n<ul>\n<li>dostatek kurz\u016f b\u011bhem cel\u00e9ho roku\/pravideln\u00fd p\u0159\u00edsun pr\u00e1ce,<\/li>\n<li>mo\u017enost dal\u0161\u00edho vzd\u011bl\u00e1v\u00e1n\u00ed a&nbsp;profesn\u00edho r\u016fstu,<\/li>\n<li>metodickou a&nbsp;technickou podporu.<\/li>\n<\/ul>\n<\/div>\n\t\t\t\t<\/div>\n\n\t\t\n\t<\/div>\n\n\t\t\n\t\n<\/div>\n<\/div><\/div><div id=\"panel-2672-3-0-1\" class=\"so-panel widget widget_wpa9-card-l panel-last-child\" data-index=\"4\" ><div\n\t\t\t\n\t\t\tclass=\"so-widget-wpa9-card-l so-widget-wpa9-card-l-default-c93e1481a745-2672\"\n\t\t\t\n\t\t>\n<h3 class=\"widget-title\">Najdi svou budoucnost<\/h3>\n<div class=\"wpa9-card wpa9-card-l-container d-flex flex-wrap wpa9-columns-2\">\n\n\t\n\t\t\n\t<div class=\"wpa9-card-l-panel wpa9-panel shadow rounded d-flex flex-column justify-content-between\">\n\n\t\t<div>\n\t\t\t\t\n\t\t\t\t\t\t\t\t<h2 class=\"wpa9-panel-title\">Lektor<\/h2>\n\t\t\n\t\t\t\t\t\t\t<div class=\"wpa9-panel-content\"><p>Lektor ciz\u00edch jazyk\u016f je sv\u00fdm zp\u016fsobem lidumil. Vzd\u011bl\u00e1v\u00e1 r\u00e1d jin\u00e9 lidi, je otev\u0159en\u00fd, d\u016fsledn\u00fd a&nbsp;m\u00e1 smysl pro\u00a0po\u0159\u00e1dek.<\/p>\n<p>Vyzna\u010duje se zpravidla vysoko\u0161kolsk\u00fdm vzd\u011bl\u00e1n\u00edm v\u00a0oblasti pedagogiky nebo filologie, standardizovanou jazykovou zkou\u0161kou nebo certifik\u00e1tem na \u00farovni\u00a0C1\u00a0a\u00a0vy\u0161\u0161\u00ed.<\/p>\n<\/div>\n\t\t\t\t<\/div>\n\n\t\t\t\t<div class=\"meta meta-buttons d-flex flex-column flex-sm-row justify-content-start\">\n\t\t\t\t\t<a class=\"btn \" href=\"https:\/\/skrivanek.cz\/cz\/lektor\/\" title=\"V\u00edce informac\u00ed\">V\u00edce informac\u00ed<\/a>\n\t\t\t\t\t\t<\/div>\n\t\t\n\t<\/div>\n\n\t\t\n\t<div class=\"wpa9-card-l-panel wpa9-panel shadow rounded d-flex flex-column justify-content-between\">\n\n\t\t<div>\n\t\t\t\t\n\t\t\t\t\t\t\t\t<h2 class=\"wpa9-panel-title\">Obchodn\u00ed z\u00e1stupce<\/h2>\n\t\t\n\t\t\t\t\t\t\t<div class=\"wpa9-panel-content\"><p>Ne\u010dekaj\u00ed, a\u017e jim spadne zak\u00e1zka z\u00a0nebes, ale aktivn\u011b vyhled\u00e1vaj\u00ed p\u0159\u00edle\u017eitosti. Cel\u00fd den jsou v&nbsp;ter\u00e9nu, drav\u00ed,\u00a0neboj\u00e1cn\u00ed a\u00a0p\u0159itom kolegi\u00e1ln\u00ed.\u00a0R\u00e1di navazuj\u00ed kontakty a\u00a0dok\u00e1\u017eou se postarat o&nbsp;spokojenost\u00a0klient\u016f.<\/p>\n<p>Obchodn\u00ed z\u00e1stupce je tv\u00e1\u0159\u00ed spole\u010dnosti, m\u00e1 skv\u011bl\u00e9 komunika\u010dn\u00ed schopnosti a&nbsp;p\u00e1dn\u00e9\u00a0argumenty.<\/p>\n<\/div>\n\t\t\t\t<\/div>\n\n\t\t\t\t<div class=\"meta meta-buttons d-flex flex-column flex-sm-row justify-content-start\">\n\t\t\t\t\t<a class=\"btn \" href=\"https:\/\/skrivanek.cz\/cz\/strediska-podpory-obchodni-zastupce\/\" title=\"V\u00edce informac\u00ed\">V\u00edce informac\u00ed<\/a>\n\t\t\t\t\t\t<\/div>\n\t\t\n\t<\/div>\n\n\t\t\n\t<div class=\"wpa9-card-l-panel wpa9-panel shadow rounded d-flex flex-column justify-content-between\">\n\n\t\t<div>\n\t\t\t\t\n\t\t\t\t\t\t\t\t<h2 class=\"wpa9-panel-title\">P\u0159ekladatel\/korektor\/tlumo\u010dn\u00edk<\/h2>\n\t\t\n\t\t\t\t\t\t\t<div class=\"wpa9-panel-content\"><p>P\u0159ekladatel\/korektor\/tlumo\u010dn\u00edk je osoba, kter\u00e1 dokonale ovl\u00e1d\u00e1 ciz\u00ed jazyk\u00a0slovem i\u00a0p\u00edsmem.<\/p>\n<p>V ide\u00e1ln\u00edm p\u0159\u00edpad\u011b m\u00e1 vysokou \u0161kolu v&nbsp;oboru p\u0159ekladatelstv\u00ed nebo praxi alespo\u0148 2\u00a0roky. Nen\u00ed t\u011b\u017ek\u00e9 se s&nbsp;n\u00edm spojit, proto\u017ee je spolehliv\u00fd a\u00a0flexibiln\u00ed.<\/p>\n<\/div>\n\t\t\t\t<\/div>\n\n\t\t\t\t<div class=\"meta meta-buttons d-flex flex-column flex-sm-row justify-content-start\">\n\t\t\t\t\t<a class=\"btn \" href=\"https:\/\/skrivanek.cz\/cz\/prekladatel\/\" title=\"V\u00edce informac\u00ed\">V\u00edce informac\u00ed<\/a>\n\t\t\t\t\t\t<\/div>\n\t\t\n\t<\/div>\n\n\t\t\n\t<div class=\"wpa9-card-l-panel wpa9-panel shadow rounded d-flex flex-column justify-content-between\">\n\n\t\t<div>\n\t\t\t\t\n\t\t\t\t\t\t\t\t<h2 class=\"wpa9-panel-title\">Koordin\u00e1tor jazykov\u00fdch slu\u017eeb<\/h2>\n\t\t\n\t\t\t\t\t\t\t<div class=\"wpa9-panel-content\"><p>Pro na\u0161e koordin\u00e1tory je komunikace denn\u00edm chlebem. T\u00e9m\u011b\u0159 90&nbsp;% sv\u00e9 pracovn\u00ed doby tr\u00e1v\u00ed na pobo\u010dce, kde se mile usm\u00edvaj\u00ed na sv\u00e9 klienty i&nbsp;dodavatele a&nbsp;sna\u017e\u00ed se jim vyj\u00edt\u00a0vst\u0159\u00edc.<\/p>\n<p>Koordin\u00e1to\u0159i jsou ale tak\u00e9 trochu dravci, a&nbsp;kdy\u017e na to p\u0159ijde, projev\u00ed sv\u00e9ho obchodn\u00edho\u00a0ducha.<\/p>\n<\/div>\n\t\t\t\t<\/div>\n\n\t\t\t\t<div class=\"meta meta-buttons d-flex flex-column flex-sm-row justify-content-start\">\n\t\t\t\t\t<a class=\"btn \" href=\"https:\/\/skrivanek.cz\/cz\/koordinator\/\" title=\"V\u00edce informac\u00ed\">V\u00edce informac\u00ed<\/a>\n\t\t\t\t\t\t<\/div>\n\t\t\n\t<\/div>\n\n\t\t\n\t<div class=\"wpa9-card-l-panel wpa9-panel shadow rounded d-flex flex-column justify-content-between\">\n\n\t\t<div>\n\t\t\t\t\n\t\t\t\t\t\t\t\t<h2 class=\"wpa9-panel-title\">Pracovn\u00edk st\u0159edisek podpory<\/h2>\n\t\t\n\t\t\t\t\t\t\t<div class=\"wpa9-panel-content\"><p>St\u0159ediska podpory jsou\u00a0trochu jako mraveni\u0161t\u011b, ve kter\u00e9m se pohybuje cel\u00e9 spektrum skv\u011bl\u00fdch\u00a0pracovn\u00edk\u016f.<\/p>\n<p>Jsou piln\u00ed a&nbsp;pe\u010dliv\u00ed, st\u011b\u017eejn\u00ed je pro n\u011b t\u00fdmov\u00fd duch a&nbsp;skv\u011bl\u00e9 komunika\u010dn\u00ed\u00a0dovednosti.<\/p>\n<\/div>\n\t\t\t\t<\/div>\n\n\t\t\t\t<div class=\"meta meta-buttons d-flex flex-column flex-sm-row justify-content-start\">\n\t\t\t\t\t<a class=\"btn \" href=\"https:\/\/skrivanek.cz\/cz\/strediska-podpory-obchodni-zastupce\/\" title=\"V\u00edce informac\u00ed\">V\u00edce informac\u00ed<\/a>\n\t\t\t\t\t\t<\/div>\n\t\t\n\t<\/div>\n\n\t\t\n\t<div class=\"wpa9-card-l-panel wpa9-panel shadow rounded d-flex flex-column justify-content-between\">\n\n\t\t<div>\n\t\t\t\t\n\t\t\t\t\t\t\t\t<h2 class=\"wpa9-panel-title\">Jin\u00e9 pozice<\/h2>\n\t\t\n\t\t\t\t\t\t\t<div class=\"wpa9-panel-content\"><p>Jak u\u017e to chod\u00ed \u2013 a&nbsp;\u017ee to n\u011bkdy m\u00ed\u0159\u00ed daleko \u2013 ob\u010das se n\u00e1m uvoln\u00ed i&nbsp;jin\u00e9\u00a0m\u00edsto.<\/p>\n<p>V p\u0159\u00edpad\u011b, \u017ee jsi stejn\u00fd nad\u0161enec jako my, r\u00e1d(a) bys pronikl(a) do sv\u011bta jazyk\u016f a&nbsp;mysl\u00ed\u0161, \u017ee m\u00e1\u0161 co nab\u00eddnout, po\u0161li sv\u016fj motiva\u010dn\u00ed dopis v\u010detn\u011b strukturovan\u00e9ho \u017eivotopisu na\u00a0<a href=\"javascript:secureDecryptAndNavigate('Hil4Ar0FL8j+nWNEO3RXOyknOAXk8uhekvkrtk38wFXppQy4RMSc1\/\/BZYe4PkMssoodmNtzl23+1Ao57zNfWCtAFbzYble3vaV8', '9c1e8f5271bf4f233390c22bdf43601f044e80460c2e9cc63c40d8bc66437679')\">kar&#105;er&#97;&#64;&#115;k&#114;&#105;va&#110;e&#107;&#46;&#99;z<\/a>.<\/p>\n<p>A jedna oblig\u00e1tn\u00ed v\u011bc: Odesl\u00e1n\u00edm sv\u00e9ho \u017eivotopisu na v\u00fd\u0161e uvedenou e-mailovou adresu vyslovuje\u0161 souhlas se\u00a0zpracov\u00e1n\u00edm sv\u00fdch osobn\u00edch \u00fadaj\u016f\u00a0v souladu s\u00a0Na\u0159\u00edzen\u00edm Evropsk\u00e9ho parlamentu ze dne 27.&nbsp;dubna 2016 a&nbsp;v&nbsp;souladu se z\u00e1konem \u010d.&nbsp;110\/2019 Sb., o&nbsp;zpracov\u00e1n\u00ed osobn\u00edch \u00fadaj\u016f. Jin\u00fdmi slovy, tv\u00e9 osobn\u00ed \u00fadaje si na na\u0161em person\u00e1ln\u00edm odd\u011blen\u00ed ponech\u00e1me po&nbsp;dobu dvou let a\u00a0nevyu\u017eijeme je pro jin\u00fd \u00fa\u010del ne\u017e pro p\u0159\u00edpadnou nab\u00eddku\u00a0spolupr\u00e1ce.<\/p>\n<p>D\u011bkujeme.<\/p>\n<\/div>\n\t\t\t\t<\/div>\n\n\t\t\n\t<\/div>\n\n\t\t\n\t\n<\/div>\n<\/div><\/div><\/div><\/div><\/div><div id=\"pg-2672-4\"  class=\"panel-grid panel-has-style\" ><div class=\"siteorigin-panels-stretch panel-row-padding-none panel-row-style panel-row-style-for-2672-4\" data-stretch-type=\"full\" ><div id=\"pgc-2672-4-0\"  class=\"panel-grid-cell\" ><div id=\"panel-2672-4-0-0\" class=\"so-panel widget widget_skrv-testimonials panel-first-child panel-last-child\" data-index=\"5\" ><div\n\t\t\t\n\t\t\tclass=\"so-widget-skrv-testimonials so-widget-skrv-testimonials-default-c93e1481a745-2672\"\n\t\t\t\n\t\t>\n\n<div class=\"skrv-testimonials\">\n\n    \n  <h3 class=\"widget-title\"><span class=\"title-wrapper\"><span class=\"title\">Co o&nbsp;n\u00e1s \u0159\u00edkaj\u00ed na\u0161i zam\u011bstnanci a&nbsp;dodavatel\u00e9?<\/span><\/span><\/h3>\n  <div id=\"skrv-testimonial\" class=\"carousel slide\" data-bs-interval=\"4000\" data-bs-ride=\"carousel\" data-bs-touch=\"true\">\n    <div class=\"carousel-inner\">\n                <div class=\"skrv-testimonial-item carousel-item active\">\n        <div class=\"d-block\">\n                    <blockquote class=\"skrv-testimonial-text\">\u201eI po&nbsp;7 letech m\u011b tato pr\u00e1ce st\u00e1le bav\u00ed a&nbsp;nejv\u00edc mi vyhovuje to, \u017ee si m\u016f\u017eu organizovat sv\u016fj vlastn\u00ed \u010das, a&nbsp;tak\u00e9 to, \u017ee m\u016f\u017eu pozn\u00e1vat a&nbsp;pov\u00eddat si s&nbsp;r\u016fzn\u00fdmi lidmi o&nbsp;r\u016fzn\u00fdch v\u011bcech a&nbsp;vid\u011bt je usm\u00edvat\u00a0se.\u201c<\/blockquote>\n          <h6 class=\"skrv-testimonial-client\">Kl\u00e1ra H., lektorka<\/h6>\n        <\/div>\n      <\/div>\n                <div class=\"skrv-testimonial-item carousel-item\">\n        <div class=\"d-block\">\n                    <blockquote class=\"skrv-testimonial-text\">\u201eSk\u0159iv\u00e1nek je stabiln\u00ed zadavatel p\u0159eklad\u016f a&nbsp;tlumo\u010den\u00ed s&nbsp;jasn\u00fdmi pravidly. Komunikace je perfektn\u00ed a&nbsp;p\u0159\u00e1telsk\u00e1.\u201c<\/blockquote>\n          <h6 class=\"skrv-testimonial-client\">Daniela W., p\u0159ekladatelka<\/h6>\n        <\/div>\n      <\/div>\n                <div class=\"skrv-testimonial-item carousel-item\">\n        <div class=\"d-block\">\n                    <blockquote class=\"skrv-testimonial-text\">\u201eSe Sk\u0159iv\u00e1nky je skv\u011bl\u00e1 komunikace a&nbsp;spolupr\u00e1ce, jsou pru\u017en\u00ed a&nbsp;pohotov\u00ed. Zkr\u00e1tka seri\u00f3zn\u00ed p\u0159\u00edstup a&nbsp;profesion\u00e1ln\u00ed jedn\u00e1n\u00ed \u2013 to je, \u010deho si v\u00e1\u017e\u00edm nejv\u00edc.\u201c<\/blockquote>\n          <h6 class=\"skrv-testimonial-client\">Martina \u0160., lektorka<\/h6>\n        <\/div>\n      <\/div>\n                <div class=\"skrv-testimonial-item carousel-item\">\n        <div class=\"d-block\">\n                    <blockquote class=\"skrv-testimonial-text\">\u201eV\u017edy v\u00fdborn\u00e1 spolupr\u00e1ce, a&nbsp;to se v\u0161emi pobo\u010dkami v&nbsp;\u010cesk\u00e9 republice.\u201c<\/blockquote>\n          <h6 class=\"skrv-testimonial-client\">Ivan S., p\u0159ekladatel<\/h6>\n        <\/div>\n      <\/div>\n        <\/div>\n\n    <a class=\"carousel-control-prev\" href=\"#0\" data-bs-target=\"#skrv-testimonial\" role=\"button\" data-bs-slide=\"prev\">\n      <span class=\"carousel-control-prev-icon\" aria-hidden=\"true\"><\/span>\n      <span class=\"sr-only\">Previous<\/span>\n    <\/a>\n    <a class=\"carousel-control-next\" href=\"#0\" data-bs-target=\"#skrv-testimonial\" role=\"button\" data-bs-slide=\"next\">\n      <span class=\"carousel-control-next-icon\" aria-hidden=\"true\"><\/span>\n      <span class=\"sr-only\">Next<\/span>\n    <\/a>\n\n    <ol class=\"carousel-indicators hidden\">\n                <li data-bs-target=\"#skrv-testimonial\" data-bs-slide-to=\"0\" class=\"active\"><\/li>\n                <li data-bs-target=\"#skrv-testimonial\" data-bs-slide-to=\"1\" class=\"\"><\/li>\n                <li data-bs-target=\"#skrv-testimonial\" data-bs-slide-to=\"2\" class=\"\"><\/li>\n                <li data-bs-target=\"#skrv-testimonial\" data-bs-slide-to=\"3\" class=\"\"><\/li>\n        <\/ol>\n  <\/div>\n\n<\/div>\n\n<\/div><\/div><\/div><\/div><\/div><\/div>","protected":false},"excerpt":{"rendered":"<p>Voln\u00e9 pozice Lektor angli\u010dtiny Brno Lektor n\u011bm\u010diny Brno Lektor angli\u010dtiny Plze\u0148 P\u0159ekladatel, korektor, tlumo\u010dn\u00edk Sk\u0159iv\u00e1n\u010d\u00ed kultura P\u0159\u00e1telsk\u00fd kolektiv Ve Sk\u0159iv\u00e1nkovi si tyk\u00e1me. Nemus\u00ed\u0161 se b\u00e1t \u0161kroben\u00e9ho jedn\u00e1n\u00ed. Jsme p\u0159\u00e1tel\u0161t\u00ed a\u00a0nekou\u0161eme. Osobn\u00ed r\u016fst Nejen\u017ee vzd\u011bl\u00e1v\u00e1me sv\u00e9 z\u00e1kazn\u00edky, ale vzd\u011bl\u00e1v\u00e1me i&nbsp;sebe\u2026 pro p\u0159ekladatele po\u0159\u00e1d\u00e1me r\u016fzn\u00e9 semin\u00e1\u0159e a&nbsp;webin\u00e1\u0159e, pro lektory tu m\u00e1me Effecto akademii a&nbsp;webin\u00e1\u0159e. Stabiln\u00ed z\u00e1zem\u00ed Jsme [&hellip;]<\/p>\n","protected":false},"author":1,"featured_media":0,"parent":0,"menu_order":0,"comment_status":"closed","ping_status":"closed","template":"","meta":{"_acf_changed":false,"footnotes":""},"class_list":["post-2672","page","type-page","status-publish","hentry"],"acf":[],"aioseo_notices":[],"_links":{"self":[{"href":"https:\/\/skrivanek.cz\/cz\/wp-json\/wp\/v2\/pages\/2672","targetHints":{"allow":["GET"]}}],"collection":[{"href":"https:\/\/skrivanek.cz\/cz\/wp-json\/wp\/v2\/pages"}],"about":[{"href":"https:\/\/skrivanek.cz\/cz\/wp-json\/wp\/v2\/types\/page"}],"author":[{"embeddable":true,"href":"https:\/\/skrivanek.cz\/cz\/wp-json\/wp\/v2\/users\/1"}],"replies":[{"embeddable":true,"href":"https:\/\/skrivanek.cz\/cz\/wp-json\/wp\/v2\/comments?post=2672"}],"version-history":[{"count":4,"href":"https:\/\/skrivanek.cz\/cz\/wp-json\/wp\/v2\/pages\/2672\/revisions"}],"predecessor-version":[{"id":80280,"href":"https:\/\/skrivanek.cz\/cz\/wp-json\/wp\/v2\/pages\/2672\/revisions\/80280"}],"wp:attachment":[{"href":"https:\/\/skrivanek.cz\/cz\/wp-json\/wp\/v2\/media?parent=2672"}],"curies":[{"name":"wp","href":"https:\/\/api.w.org\/{rel}","templated":true}]}}