{"id":27356,"date":"2023-03-09T16:04:10","date_gmt":"2023-03-09T15:04:10","guid":{"rendered":"https:\/\/skrivanek.cz\/?page_id=27356"},"modified":"2024-10-24T10:58:21","modified_gmt":"2024-10-24T08:58:21","slug":"anglictina-pro-stredoskolaky","status":"publish","type":"page","link":"https:\/\/skrivanek.cz\/cz\/jazykova-skola\/anglictina-pro-stredoskolaky\/","title":{"rendered":"P\u0159\u00edprava na maturitu z&nbsp;angli\u010dtiny: konverza\u010dn\u00ed kurz"},"content":{"rendered":"<div id=\"pl-27356\"  class=\"panel-layout\" ><div id=\"pg-27356-0\"  class=\"panel-grid panel-has-style\"  style=\"margin-bottom: 0px\" ><div class=\"siteorigin-panels-stretch panel-row-padding-none panel-row-style panel-row-style-for-27356-0\" data-stretch-type=\"full\" ><div id=\"pgc-27356-0-0\"  class=\"panel-grid-cell\" ><div id=\"panel-27356-0-0-0\" class=\"so-panel widget widget_wpa9-card-l panel-first-child panel-last-child\" data-index=\"0\" ><div\n\t\t\t\n\t\t\tclass=\"so-widget-wpa9-card-l so-widget-wpa9-card-l-default-c93e1481a745-27356\"\n\t\t\t\n\t\t>\n\n<div class=\"wpa9-card wpa9-card-l-container d-flex flex-wrap wpa9-columns-2\">\n\n\t\n\t\t\n\t<div class=\"wpa9-card-l-panel wpa9-panel shadow rounded d-flex flex-column justify-content-between\">\n\n\t\t<div>\n\t\t\t\t\t\t\t<span class=\"wpa9-panel-icon icon\" style=\"display: none; background-image: url('https:\/\/skrivanek.cz\/wp-content\/uploads\/2021\/03\/ico-tlumoceni-konsekutivni.svg')\"><\/span>\n\t\t\t<span class=\"wpa9-panel-icon icon\" style=\"mask-image: url(https:\/\/skrivanek.cz\/wp-content\/uploads\/2021\/03\/ico-tlumoceni-konsekutivni.svg); -webkit-mask-image: url(https:\/\/skrivanek.cz\/wp-content\/uploads\/2021\/03\/ico-tlumoceni-konsekutivni.svg);\"><\/span>\n\t\t\n\t\t\t\t\t\t\t\t<h2 class=\"wpa9-panel-title\">Co od n\u00e1s m\u016f\u017ee\u0161 o\u010dek\u00e1vat?<\/h2>\n\t\t\n\t\t\t\t\t\t\t<div class=\"wpa9-panel-content\"><p>V\u00edme, \u017ee nejd\u016fle\u017eit\u011bj\u0161\u00ed je <strong>domluvit se<\/strong>!<\/p>\n<p>Ne\u010dekej proto \u017e\u00e1dn\u00e9 nudn\u00e9 gramatick\u00e9 hodiny a&nbsp;\u0161prt\u00e1n\u00ed slov\u00ed\u010dek. \u010cekaj\u00ed na tebe <strong>jazykov\u00e9 hry a&nbsp;aktivity<\/strong>, u&nbsp;kter\u00fdch se ur\u010dit\u011b nudit nebude\u0161. Zapoj\u00edme tak\u00e9 <strong>simulaci re\u00e1ln\u00fdch situac\u00ed<\/strong>, p\u0159i&nbsp;kter\u00fdch se rozmluv\u00ed\u0161. Pom\u016f\u017eeme ti odbourat strach a&nbsp;nesm\u011blost z&nbsp;mluven\u00ed v&nbsp;angli\u010dtin\u011b a&nbsp;vy\u0161perkovat tv\u00e9 konverza\u010dn\u00ed dovednosti.<\/p>\n<p>V na\u0161em lektorsk\u00e9m t\u00fdmu m\u00e1me tak\u00e9 zahrani\u010dn\u00ed lektory. Bude\u0161 m\u00edt tedy p\u0159\u00edle\u017eitost poslechnout si na\u017eivo rodilou angli\u010dtinu a&nbsp;komunikovat s&nbsp;rodil\u00fdm mluv\u010d\u00edm.<\/p>\n<p><strong>Nese\u010f doma, p\u0159idej se k&nbsp;n\u00e1m, rozmluv se a&nbsp;vyst\u0159el svou angli\u010dtinu na vy\u0161\u0161\u00ed level!<\/strong> \ud83d\ude80<\/p>\n<\/div>\n\t\t\t\t<\/div>\n\n\t\t\n\t<\/div>\n\n\t\t\n\t<div class=\"wpa9-card-l-panel wpa9-panel shadow rounded d-flex flex-column justify-content-between\">\n\n\t\t<div>\n\t\t\t\t\t\t\t<span class=\"wpa9-panel-icon icon\" style=\"display: none; background-image: url('https:\/\/skrivanek.cz\/wp-content\/uploads\/2021\/03\/ico-zkusenosti.svg')\"><\/span>\n\t\t\t<span class=\"wpa9-panel-icon icon\" style=\"mask-image: url(https:\/\/skrivanek.cz\/wp-content\/uploads\/2021\/03\/ico-zkusenosti.svg); -webkit-mask-image: url(https:\/\/skrivanek.cz\/wp-content\/uploads\/2021\/03\/ico-zkusenosti.svg);\"><\/span>\n\t\t\n\t\t\t\t\t\t\t\t<h2 class=\"wpa9-panel-title\">Pro\u010d intenzivn\u00ed t\u00fdden angli\u010dtiny zkusit?<\/h2>\n\t\t\n\t\t\t\t\t\t\t<div class=\"wpa9-panel-content\"><ul style=\"list-style-type: disc\">\n<li>Nah\u00e1n\u00ed ti komunikace v&nbsp;angli\u010dtin\u011b strach? Vylep\u0161i sv\u00e9 konverza\u010dn\u00ed schopnosti v&nbsp;angli\u010dtin\u011b a&nbsp;mluv plynule a&nbsp;bez ostychu! N\u00e1\u0161 kurz ti s&nbsp;t\u00edm hrav\u011b pom\u016f\u017ee. <strong>\ud83d\udc4c<\/strong><\/li>\n<li>Filmy, seri\u00e1ly a&nbsp;videa v&nbsp;angli\u010dtin\u011b jsou skv\u011bl\u00e1 pom\u016fcka, ale d\u00e1l t\u011b moc neposunou a&nbsp;konverzaci si s&nbsp;nimi taky neprocvi\u010d\u00ed\u0161. B\u011bhem na\u0161eho t\u00fddenn\u00edho kurzu bude\u0161 ve v\u00edru angli\u010dtiny!<\/li>\n<li>Maturita je bl\u00ed\u017e, ne\u017e se zd\u00e1. Ale kryjeme ti z\u00e1da, s&nbsp;p\u0159\u00edpravou ti pom\u016f\u017eeme a&nbsp;ty ohrom\u00ed\u0161 komisi svou plynulou angli\u010dtinou. \ud83d\ude0e<\/li>\n<li>Pozn\u00e1\u0161 nov\u00e9, zaj\u00edmav\u00e9 lidi.<\/li>\n<li>Str\u00e1v\u00ed\u0161 t\u00fdden v&nbsp;p\u0159\u00edjemn\u00e9m prost\u0159ed\u00ed a&nbsp;kolektivu.<\/li>\n<li>Vyu\u017eije\u0161 l\u00e9to efektivn\u011b a&nbsp;posune\u0161 se v&nbsp;angli\u010dtin\u011b.<\/li>\n<\/ul>\n<\/div>\n\t\t\t\t<\/div>\n\n\t\t\t\t<div class=\"meta meta-buttons d-flex flex-column flex-sm-row justify-content-center\">\n\t\t\t\t\t\t\t<a class=\"btn btn-negative \" href=\"#stredoskolaci\" title=\"Chci to vyzkou\u0161et!\">Chci to vyzkou\u0161et!<\/a>\n\t\t\t\t<\/div>\n\t\t\n\t<\/div>\n\n\t\t\n\t<div class=\"wpa9-card-l-panel wpa9-panel shadow rounded d-flex flex-column justify-content-between\">\n\n\t\t<div>\n\t\t\t\t\t\t\t<span class=\"wpa9-panel-icon icon\" style=\"display: none; background-image: url('https:\/\/skrivanek.cz\/wp-content\/uploads\/2021\/03\/ico-seznam.svg')\"><\/span>\n\t\t\t<span class=\"wpa9-panel-icon icon\" style=\"mask-image: url(https:\/\/skrivanek.cz\/wp-content\/uploads\/2021\/03\/ico-seznam.svg); -webkit-mask-image: url(https:\/\/skrivanek.cz\/wp-content\/uploads\/2021\/03\/ico-seznam.svg);\"><\/span>\n\t\t\n\t\t\t\t\t\t\t\t<h2 class=\"wpa9-panel-title\">Organizace v\u00fduky<\/h2>\n\t\t\n\t\t\t\t\t\t\t<div class=\"wpa9-panel-content\"><p><img alt=\"icon-marker-gm-outline\" decoding=\"async\" class=\"alignnone wp-image-1808\" src=\"https:\/\/skrivanek.cz\/wp-content\/uploads\/2021\/02\/icon-marker-gm-outline.svg\" alt=\"\" width=\"20\" \/> M\u00edsto: kurz se kon\u00e1 na na\u0161\u00ed <a href=\"https:\/\/skrivanek.cz\/cz\/office\/praha\/\">pobo\u010dce v&nbsp;Praze<\/a>.<\/p>\n<p><a href=\"https:\/\/skrivanek.cz\/wp-content\/uploads\/2023\/03\/ico-termin.svg\"><img alt=\"ico-termin\" decoding=\"async\" class=\"alignnone wp-image-27256\" src=\"https:\/\/skrivanek.cz\/wp-content\/uploads\/2023\/03\/ico-termin.svg\" alt=\"\" width=\"20\" \/> <\/a>Term\u00edn: <strong>24.&nbsp;7. \u2013 28.&nbsp;7.&nbsp;2023<\/strong> nebo <strong>14.&nbsp;8. \u2013 18.&nbsp;8.&nbsp;2023<\/strong><\/p>\n<p><img alt=\"ico-time\" decoding=\"async\" class=\"alignnone wp-image-1979\" src=\"https:\/\/skrivanek.cz\/wp-content\/uploads\/2021\/02\/ico-time.svg\" alt=\"\" width=\"20\" \/> Cel\u00fd kurz v&nbsp;d\u00e9lce <strong>5&nbsp;dn\u00ed<\/strong>\u00a0prob\u00edh\u00e1 od <strong>pond\u011bl\u00ed do p\u00e1tku<\/strong> v&nbsp;\u010dase od <strong>9:00 do 13:00<\/strong>. B\u011bhem jednoho dne bude\u0161 m\u00edt celkem <strong>4 lekce<\/strong>. Ka\u017ed\u00e1 lekce trv\u00e1 <strong>45\u00a0minut<\/strong> a&nbsp;po&nbsp;n\u00ed bude n\u00e1sledovat <strong>15minutov\u00e1 pauza <\/strong>na ob\u010derstven\u00ed a&nbsp;odpo\u010dinek.<\/p>\n<p><img alt=\"ico-lidi\" decoding=\"async\" class=\"alignnone wp-image-248\" src=\"https:\/\/skrivanek.cz\/wp-content\/uploads\/2021\/01\/ico-lidi.svg\" alt=\"\" width=\"20\" \/> Po\u010det student\u016f v&nbsp;kurzu je <strong>6\u2013\u20608<\/strong>. V&nbsp;tomto po\u010dtu bude\u0161 m\u00edt dostate\u010dn\u00fd <strong>prostor k&nbsp;aktivit\u011b<\/strong> a&nbsp;z\u00e1rove\u0148 n\u00e1m to umo\u017e\u0148uje za\u0159adit <strong>zaj\u00edmav\u00e9 aktivity a&nbsp;hry<\/strong>, kter\u00e9 cel\u00fd kurz ozvl\u00e1\u0161tn\u00ed a&nbsp;d\u00edky nim t\u011b bude angli\u010dtina bavit.<\/p>\n<\/div>\n\t\t\t\t<\/div>\n\n\t\t\n\t<\/div>\n\n\t\t\n\t<div class=\"wpa9-card-l-panel wpa9-panel shadow rounded d-flex flex-column justify-content-between\">\n\n\t\t<div>\n\t\t\t\t\t\t\t<span class=\"wpa9-panel-icon icon\" style=\"display: none; background-image: url('https:\/\/skrivanek.cz\/wp-content\/uploads\/2023\/03\/ico-cena-1.svg')\"><\/span>\n\t\t\t<span class=\"wpa9-panel-icon icon\" style=\"mask-image: url(https:\/\/skrivanek.cz\/wp-content\/uploads\/2023\/03\/ico-cena-1.svg); -webkit-mask-image: url(https:\/\/skrivanek.cz\/wp-content\/uploads\/2023\/03\/ico-cena-1.svg);\"><\/span>\n\t\t\n\t\t\t\t\t\t\t\t<h2 class=\"wpa9-panel-title\">Cena kurzu angli\u010dtiny<\/h2>\n\t\t\n\t\t\t\t\t\t\t<div class=\"wpa9-panel-content\"><p>T\u00fddenn\u00ed kurz angli\u010dtiny stoj\u00ed <strong>3&nbsp;000&nbsp;K\u010d<\/strong>.<\/p>\n<p>P\u0159ihl\u00e1sit se m\u016f\u017ee\u0161 do 15.&nbsp;6.&nbsp;2023.<\/p>\n<div class=\"columns columns-2\" data-columns=\"2\">\n<div class=\"column column-1\">\n<h6><strong>Storno podm\u00ednky<\/strong><\/h6>\n<p>Ch\u00e1peme, \u017ee se mohou pl\u00e1ny na l\u00e9to zm\u011bnit. Pokud ti term\u00edn kurzu nevyhovuje, m\u00e1\u0161 samoz\u0159ejm\u011b mo\u017enost jej zru\u0161it.<br \/>\nP\u0159i\u00a0zru\u0161en\u00ed kurzu do<\/p>\n<ul>\n<li>21.&nbsp;6.&nbsp;2023 vr\u00e1t\u00edme 100&nbsp;% \u010d\u00e1stky,<\/li>\n<li>28.&nbsp;6.&nbsp;2023 vr\u00e1t\u00edme 50&nbsp;% \u010d\u00e1stky.<\/li>\n<\/ul>\n<p>&nbsp;<\/p>\n<\/div>\n<div class=\"column column-2\">\n<p><img alt=\"pozice-10\" loading=\"lazy\" decoding=\"async\" class=\"wp-image-27485 alignright\" src=\"https:\/\/skrivanek.cz\/wp-content\/uploads\/2023\/03\/pozice-10.png\" alt=\"\" width=\"400\" height=\"631\" \/><\/p>\n<\/div>\n<\/div>\n<\/div>\n\t\t\t\t<\/div>\n\n\t\t\n\t<\/div>\n\n\t\t\n\t\n<\/div>\n<\/div><\/div><\/div><\/div><\/div><div id=\"pg-27356-1\"  class=\"panel-grid panel-has-style\"  style=\"margin-bottom: 0px\" ><div class=\"panel-row-padding-none panel-row-style panel-row-style-for-27356-1\" ><div id=\"pgc-27356-1-0\"  class=\"panel-grid-cell\" ><div id=\"panel-27356-1-0-0\" class=\"so-panel widget widget_wpa9-editor-ext panel-first-child panel-last-child\" data-index=\"1\" ><div\n\t\t\t\n\t\t\tclass=\"so-widget-wpa9-editor-ext so-widget-wpa9-editor-ext-default-c93e1481a745-27356\"\n\t\t\t\n\t\t>\n<div class=\"siteorigin-widget-tinymce textwidget\">\n\t<div class=\"columns columns-2\" data-columns=\"2\">\n<div class=\"column column-1\">\n<p><img loading=\"lazy\" decoding=\"async\" class=\"alignnone size-full wp-image-1938\" src=\"https:\/\/skrivanek.cz\/wp-content\/uploads\/2021\/02\/praha4.jpg\" alt=\"jazykov\u00e1 agentura Praha Sk\u0159iv\u00e1nek\" width=\"512\" height=\"340\" \/>\n<\/p><\/div>\n<div class=\"column column-2\">\n<p><img loading=\"lazy\" decoding=\"async\" class=\"alignnone size-medium wp-image-27265\" src=\"https:\/\/skrivanek.cz\/wp-content\/uploads\/2023\/03\/img-9357-948x520.jpg\" alt=\"jazykov\u00e1 \u0161kola Praha\" width=\"948\" height=\"520\" \/><\/p>\n<\/div>\n<\/div>\n<\/div>\n<\/div><\/div><\/div><div id=\"pgc-27356-1-1\"  class=\"panel-grid-cell\" ><div id=\"panel-27356-1-1-0\" class=\"so-panel widget widget_wpa9-editor-ext panel-first-child panel-last-child\" data-index=\"2\" ><div\n\t\t\t\n\t\t\tclass=\"so-widget-wpa9-editor-ext so-widget-wpa9-editor-ext-default-c93e1481a745-27356\"\n\t\t\t\n\t\t>\n<div class=\"siteorigin-widget-tinymce textwidget\">\n\t<h4>Prost\u0159ed\u00ed kurzu<\/h4>\n<p>Intenzivn\u00ed t\u00fdden angli\u010dtiny bude prob\u00edhat na na\u0161\u00ed pra\u017esk\u00e9 pobo\u010dce. R\u00e1di do kurz\u016f za\u0159azujeme\u00a0<strong>nov\u00e9 trendy, zaj\u00edmav\u00e9 aktivity, hry\u00a0<\/strong>a tak\u00e9<strong>\u00a0prost\u0159ed\u00ed<\/strong>.\u00a0Proto se \u010d\u00e1st kurzu bude konat na\u00a0<strong>na\u0161\u00ed kr\u00e1sn\u00e9 soukrom\u00e9 zahrad\u011b<\/strong>, kde bude\u0161 na \u010derstv\u00e9m vzduchu, kurz angli\u010dtiny bude veden\u00fd <strong>z\u00e1bavnou formou<\/strong> a&nbsp;nebude\u0161 se tak c\u00edtit jako ve \u0161kole.<\/p>\n<p>M\u00e1me i\u00a0pln\u011b vybavenou u\u010debnu, kterou vyu\u017eijeme v\u00a0p\u0159\u00edpad\u011b pot\u0159eby nebo \u0161patn\u00e9ho po\u010das\u00ed.<\/p>\n<p>Pro \u00fa\u010dastn\u00edky bude k&nbsp;dispozici osv\u011b\u017een\u00ed v&nbsp;podob\u011b n\u00e1poj\u016f, strava zaji\u0161t\u011bna nebude. Nicm\u00e9n\u011b na\u0161e pobo\u010dka je vybavena lednic\u00ed, do kter\u00e9 si m\u016f\u017ee\u0161 d\u00e1t svou sva\u010dinu.<\/p>\n<\/div>\n<\/div><\/div><\/div><\/div><\/div><div id=\"pg-27356-2\"  class=\"panel-grid panel-has-style\"  style=\"margin-bottom: 0px\" ><div class=\"siteorigin-panels-stretch panel-row-padding-none panel-row-style panel-row-style-for-27356-2\" data-stretch-type=\"full\" ><div id=\"pgc-27356-2-0\"  class=\"panel-grid-cell\" ><div id=\"panel-27356-2-0-0\" class=\"so-panel widget widget_wpa9-editor-ext panel-first-child panel-last-child\" data-index=\"3\" ><div\n\t\t\t\n\t\t\tclass=\"so-widget-wpa9-editor-ext so-widget-wpa9-editor-ext-default-c93e1481a745-27356\"\n\t\t\t\n\t\t>\n<div class=\"siteorigin-widget-tinymce textwidget\">\n\t<h4 data-wp-editing=\"1\"><img alt=\"ico-lidi\" decoding=\"async\" class=\"alignnone wp-image-248\" src=\"https:\/\/skrivanek.cz\/wp-content\/uploads\/2021\/01\/ico-lidi.svg\" alt=\"\" width=\"30\" \/> Profesion\u00e1ln\u00ed lekto\u0159i<\/h4>\n<p>Budou se ti v\u011bnovat zku\u0161en\u00ed lekto\u0159i s&nbsp;<strong>n\u011bkolikaletou prax\u00ed ve v\u00fduce angli\u010dtiny<\/strong>. Bude\u0161 m\u00edt tak\u00e9 mo\u017enost potkat se s&nbsp;<strong>rodil\u00fdmi mluv\u010d\u00edmi<\/strong> a&nbsp;zahrani\u010dn\u00edmi lektory. Vyzkou\u0161\u00ed\u0161 si tak komunikaci s&nbsp;cizincem a&nbsp;usly\u0161\u00ed\u0161, jak zn\u00ed angli\u010dtina rodil\u00e9ho mluv\u010d\u00edho!<\/p>\n<p>P\u0159i v\u00fdb\u011bru lektor\u016f jsou pro n\u00e1s z\u00e1sadn\u00ed jejich <strong>odborn\u00e9 jazykov\u00e9 a&nbsp;pedagogick\u00e9 kvalifikace, jejich zku\u0161enosti s&nbsp;v\u00fdukou a&nbsp;ochota d\u00e1le se profesn\u011b rozv\u00edjet<\/strong>. N\u00e1\u0161 lektorsk\u00fd t\u00fdm je tedy tvo\u0159en zku\u0161en\u00fdmi lektory, kte\u0159\u00ed maj\u00ed chu\u0165 se trvale vzd\u011bl\u00e1vat a\u00a0do v\u00fduky zapojovat\u00a0<strong>nov\u00e9 trendy<\/strong>.<\/p>\n<\/div>\n<\/div><\/div><\/div><\/div><\/div><div id=\"pg-27356-3\"  class=\"panel-grid panel-has-style\"  style=\"margin-bottom: 0px\" ><div class=\"panel-row-padding-none panel-row-style panel-row-style-for-27356-3\" ><div id=\"pgc-27356-3-0\"  class=\"panel-grid-cell\" ><div id=\"panel-27356-3-0-0\" class=\"so-panel widget widget_wpa9-editor-ext panel-first-child panel-last-child\" data-index=\"4\" ><div\n\t\t\t\n\t\t\tclass=\"so-widget-wpa9-editor-ext so-widget-wpa9-editor-ext-default-c93e1481a745-27356\"\n\t\t\t\n\t\t>\n<div class=\"siteorigin-widget-tinymce textwidget\">\n\t<h3 style=\"text-align: center;\">Pro\u010d je pro tebe letn\u00ed kurz od Sk\u0159iv\u00e1nka ta spr\u00e1vn\u00e1 volba?<\/h3>\n<div class=\"columns columns-5\" data-columns=\"5\">\n<div class=\"column column-1\">\n<p style=\"text-align: center;\"><img alt=\"ico-hvezdy\" decoding=\"async\" class=\"alignnone wp-image-27309\" src=\"https:\/\/skrivanek.cz\/wp-content\/uploads\/2023\/03\/ico-hvezdy.svg\" alt=\"\" width=\"80\" \/><\/p>\n<p style=\"text-align: center;\"><strong>Z\u00e1bavn\u00e1 forma<\/strong><\/p>\n<p style=\"text-align: center;\">Chceme, aby byl pro tebe kurz z\u00e1bavn\u00fd a&nbsp;u\u017eil\/a sis ho. M\u016f\u017ee\u0161 tedy o\u010dek\u00e1vat, jazykov\u00e9 hry, zaj\u00edmav\u00e9 aktivity a&nbsp;p\u0159\u00edjemn\u00e9 prost\u0159ed\u00ed.<\/p>\n<\/div>\n<div class=\"column column-2\" style=\"text-align: center;\">\n<p><img alt=\"ico-certifikovana-spolecnost\" decoding=\"async\" class=\"alignnone wp-image-5285\" src=\"https:\/\/skrivanek.cz\/wp-content\/uploads\/2021\/03\/ico-certifikovana-spolecnost.svg\" alt=\"\" width=\"60\" \/><\/p>\n<p><strong>Kvalifikovan\u00ed lekto\u0159i<\/strong><\/p>\n<p>Na\u0161e jazykov\u00e9 kurzy v\u017edy vede kvalifikovan\u00fd profesion\u00e1l, kter\u00fd m\u00e1 bohat\u00e9 zku\u0161enosti s&nbsp;veden\u00edm kurz\u016f angli\u010dtiny a&nbsp;p\u0159\u00edpravou k&nbsp;maturit\u011b.<\/p>\n<\/div>\n<div class=\"column column-3\" style=\"text-align: center;\">\n<p><img alt=\"ico-individual\" decoding=\"async\" class=\"alignnone wp-image-27312\" src=\"https:\/\/skrivanek.cz\/wp-content\/uploads\/2023\/03\/ico-individual.svg\" alt=\"\" width=\"45\" \/><\/p>\n<p><strong>Individu\u00e1ln\u00ed p\u0159\u00edstup<\/strong><\/p>\n<p>Dob\u0159e v\u00edme, \u017ee ka\u017ed\u00fd m\u00e1 jin\u00e9 pot\u0159eby a&nbsp;po\u017eadavky. Budeme se sna\u017eit t\u011bm tv\u00fdm vyj\u00edt maxim\u00e1ln\u011b vst\u0159\u00edc.<\/p>\n<\/div>\n<div class=\"column column-4\" style=\"text-align: center;\">\n<p><img alt=\"ico-cena-1\" decoding=\"async\" class=\"alignnone wp-image-27212\" src=\"https:\/\/skrivanek.cz\/wp-content\/uploads\/2023\/03\/ico-cena-1.svg\" alt=\"\" width=\"60\" \/><\/p>\n<p><strong>P\u0159\u00edzniv\u00e1 cena<\/strong><\/p>\n<p>T\u00fddenn\u00ed kurz stoj\u00ed 3&nbsp;000&nbsp;K\u010d. Dostane se ti tak 15 hodin intenzivn\u00ed angli\u010dtiny za skv\u011blou cenu!<\/p>\n<\/div>\n<div class=\"column column-5\">\n<p style=\"text-align: center;\"><img alt=\"ico-skupina-lidi\" decoding=\"async\" class=\"alignnone wp-image-27315\" src=\"https:\/\/skrivanek.cz\/wp-content\/uploads\/2023\/03\/ico-skupina-lidi.svg\" alt=\"\" width=\"60\" \/><\/p>\n<p style=\"text-align: center;\"><strong>Mal\u00e1 skupina<\/strong><\/p>\n<p style=\"text-align: center;\">Skupinka bude slo\u017eena ze 6\u2013\u20608 mlad\u00fdch lid\u00ed. Ka\u017ed\u00fd tak bude m\u00edt prostor k&nbsp;dostate\u010dn\u00e9 aktivit\u011b.<\/p>\n<\/div>\n<\/div>\n<\/div>\n<\/div><\/div><\/div><\/div><\/div><div id=\"pg-27356-4\"  class=\"panel-grid panel-has-style\"  style=\"margin-bottom: 0px\" ><div class=\"siteorigin-panels-stretch panel-row-padding-none panel-row-style panel-row-style-for-27356-4\" data-stretch-type=\"full\" ><div id=\"pgc-27356-4-0\"  class=\"panel-grid-cell\" ><div id=\"panel-27356-4-0-0\" class=\"so-panel widget widget_skrv-incl-widget panel-first-child panel-last-child\" data-index=\"5\" ><div\n\t\t\t\n\t\t\tclass=\"so-widget-skrv-incl-widget so-widget-skrv-incl-widget-default-c93e1481a745-27356\"\n\t\t\t\n\t\t><div id=\"pl-27143\"  class=\"panel-layout\" ><div id=\"pg-27143-0\"  class=\"panel-grid panel-no-style\" ><div id=\"pgc-27143-0-0\"  class=\"panel-grid-cell\" ><div id=\"panel-27143-0-0-0\" class=\"so-panel widget widget_skrv-testimonials panel-first-child panel-last-child\" data-index=\"0\" ><div\n\t\t\t\n\t\t\tclass=\"so-widget-skrv-testimonials so-widget-skrv-testimonials-default-c93e1481a745-27356\"\n\t\t\t\n\t\t>\n\n<div class=\"skrv-testimonials\">\n\n    \n  <h3 class=\"widget-title\"><span class=\"title-wrapper\"><span class=\"title\">Co \u0159\u00edkaj\u00ed studenti na na\u0161e kurzy?<\/span><\/span><\/h3>\n  <div id=\"skrv-testimonial\" class=\"carousel slide\" data-bs-interval=\"4000\" data-bs-ride=\"carousel\" data-bs-touch=\"true\">\n    <div class=\"carousel-inner\">\n                <div class=\"skrv-testimonial-item carousel-item active\">\n        <div class=\"d-block\">\n                    <blockquote class=\"skrv-testimonial-text\">L\u00edb\u00ed se mi, \u017ee kurz je veden\u00fd z\u00e1bavnou a&nbsp;poutavou formou. Nen\u00ed to such\u00e1 teorie, ale je to sp\u00ed\u0161e konverzace o&nbsp;b\u011b\u017en\u00fdch t\u00e9matech, co\u017e mi vyhovuje.<\/blockquote>\n          <h6 class=\"skrv-testimonial-client\">R. E.<\/h6>\n        <\/div>\n      <\/div>\n                <div class=\"skrv-testimonial-item carousel-item\">\n        <div class=\"d-block\">\n                    <blockquote class=\"skrv-testimonial-text\">Kurz se mi l\u00edb\u00ed, pan\u00ed lektorka je p\u0159\u00edjemn\u00e1, p\u0159ipraven\u00e1, ochotn\u00e1 v\u0161e srozumiteln\u011b vysv\u011btlit, krom\u011b pl\u00e1novan\u00e9ho u\u010diva nem\u00e1 probl\u00e9m vysv\u011btlit i&nbsp;t\u00e9mata kolem, kter\u00e1 n\u00e1s zaj\u00edmaj\u00ed. \nD\u011bkuji.<\/blockquote>\n          <h6 class=\"skrv-testimonial-client\">V. O.<\/h6>\n        <\/div>\n      <\/div>\n                <div class=\"skrv-testimonial-item carousel-item\">\n        <div class=\"d-block\">\n                    <blockquote class=\"skrv-testimonial-text\">L\u00e1tku, kterou n\u00e1m u\u010ditel na st\u0159edn\u00ed \u0161kole vysv\u011btluje u\u017e skoro rok a&nbsp;nikdo ji nech\u00e1pe, jsem dok\u00e1zala pochopit za p\u00e1r minut. V\u017edy se na hodiny t\u011b\u0161\u00edm a&nbsp;p\u0159ijde mi, \u017ee oproti \u0161kole je v\u0161e stra\u0161n\u011b jednoduch\u00e9 na pochopen\u00ed.<\/blockquote>\n          <h6 class=\"skrv-testimonial-client\">L. K.<\/h6>\n        <\/div>\n      <\/div>\n                <div class=\"skrv-testimonial-item carousel-item\">\n        <div class=\"d-block\">\n                    <blockquote class=\"skrv-testimonial-text\">Ka\u010dka je \"ta\" nejskv\u011blej\u0161\u00ed lektorka! Nezn\u00e1m lep\u0161\u00ed u\u010ditelku a&nbsp;to po&nbsp;ka\u017ed\u00e9 str\u00e1nce. Je velice vn\u00edmav\u00e1, intuitivn\u00ed, empatick\u00e1 a&nbsp;inspiruj\u00edc\u00ed. Prost\u011b, je radost se s&nbsp;n\u00ed u\u010dit!<\/blockquote>\n          <h6 class=\"skrv-testimonial-client\">D. H.<\/h6>\n        <\/div>\n      <\/div>\n        <\/div>\n\n    <a class=\"carousel-control-prev\" href=\"#0\" data-bs-target=\"#skrv-testimonial\" role=\"button\" data-bs-slide=\"prev\">\n      <span class=\"carousel-control-prev-icon\" aria-hidden=\"true\"><\/span>\n      <span class=\"sr-only\">Previous<\/span>\n    <\/a>\n    <a class=\"carousel-control-next\" href=\"#0\" data-bs-target=\"#skrv-testimonial\" role=\"button\" data-bs-slide=\"next\">\n      <span class=\"carousel-control-next-icon\" aria-hidden=\"true\"><\/span>\n      <span class=\"sr-only\">Next<\/span>\n    <\/a>\n\n    <ol class=\"carousel-indicators hidden\">\n                <li data-bs-target=\"#skrv-testimonial\" data-bs-slide-to=\"0\" class=\"active\"><\/li>\n                <li data-bs-target=\"#skrv-testimonial\" data-bs-slide-to=\"1\" class=\"\"><\/li>\n                <li data-bs-target=\"#skrv-testimonial\" data-bs-slide-to=\"2\" class=\"\"><\/li>\n                <li data-bs-target=\"#skrv-testimonial\" data-bs-slide-to=\"3\" class=\"\"><\/li>\n        <\/ol>\n  <\/div>\n\n<\/div>\n\n<\/div><\/div><\/div><\/div><\/div><\/div><\/div><\/div><\/div><\/div><div id=\"pg-27356-5\"  class=\"panel-grid panel-has-style\" ><div class=\"panel-row-padding-none panel-row-style panel-row-style-for-27356-5\" ><div id=\"pgc-27356-5-0\"  class=\"panel-grid-cell\" ><div id=\"panel-27356-5-0-0\" class=\"so-panel widget widget_gform_widget gform_widget panel-first-child panel-last-child\" data-index=\"6\" ><div id=\"stredoskolaci\" class=\"panel-widget-style panel-widget-style-for-27356-5-0-0\" ><\/div><\/div><\/div><\/div><\/div><\/div>","protected":false},"excerpt":{"rendered":"<p>Co od n\u00e1s m\u016f\u017ee\u0161 o\u010dek\u00e1vat? V\u00edme, \u017ee nejd\u016fle\u017eit\u011bj\u0161\u00ed je domluvit se! Ne\u010dekej proto \u017e\u00e1dn\u00e9 nudn\u00e9 gramatick\u00e9 hodiny a&nbsp;\u0161prt\u00e1n\u00ed slov\u00ed\u010dek. \u010cekaj\u00ed na tebe jazykov\u00e9 hry a&nbsp;aktivity, u&nbsp;kter\u00fdch se ur\u010dit\u011b nudit nebude\u0161. Zapoj\u00edme tak\u00e9 simulaci re\u00e1ln\u00fdch situac\u00ed, p\u0159i&nbsp;kter\u00fdch se rozmluv\u00ed\u0161. Pom\u016f\u017eeme ti odbourat strach a&nbsp;nesm\u011blost z&nbsp;mluven\u00ed v&nbsp;angli\u010dtin\u011b a&nbsp;vy\u0161perkovat tv\u00e9 konverza\u010dn\u00ed dovednosti. V&nbsp;na\u0161em lektorsk\u00e9m t\u00fdmu m\u00e1me tak\u00e9 [&hellip;]<\/p>\n","protected":false},"author":9,"featured_media":0,"parent":305,"menu_order":0,"comment_status":"closed","ping_status":"closed","template":"","meta":{"_acf_changed":false,"footnotes":""},"class_list":["post-27356","page","type-page","status-publish","hentry"],"acf":[],"aioseo_notices":[],"_links":{"self":[{"href":"https:\/\/skrivanek.cz\/cz\/wp-json\/wp\/v2\/pages\/27356","targetHints":{"allow":["GET"]}}],"collection":[{"href":"https:\/\/skrivanek.cz\/cz\/wp-json\/wp\/v2\/pages"}],"about":[{"href":"https:\/\/skrivanek.cz\/cz\/wp-json\/wp\/v2\/types\/page"}],"author":[{"embeddable":true,"href":"https:\/\/skrivanek.cz\/cz\/wp-json\/wp\/v2\/users\/9"}],"replies":[{"embeddable":true,"href":"https:\/\/skrivanek.cz\/cz\/wp-json\/wp\/v2\/comments?post=27356"}],"version-history":[{"count":4,"href":"https:\/\/skrivanek.cz\/cz\/wp-json\/wp\/v2\/pages\/27356\/revisions"}],"predecessor-version":[{"id":72514,"href":"https:\/\/skrivanek.cz\/cz\/wp-json\/wp\/v2\/pages\/27356\/revisions\/72514"}],"up":[{"embeddable":true,"href":"https:\/\/skrivanek.cz\/cz\/wp-json\/wp\/v2\/pages\/305"}],"wp:attachment":[{"href":"https:\/\/skrivanek.cz\/cz\/wp-json\/wp\/v2\/media?parent=27356"}],"curies":[{"name":"wp","href":"https:\/\/api.w.org\/{rel}","templated":true}]}}