{"id":28465,"date":"2023-03-31T13:19:04","date_gmt":"2023-03-31T11:19:04","guid":{"rendered":"https:\/\/skrivanek.cz\/?page_id=28465"},"modified":"2026-03-24T15:49:32","modified_gmt":"2026-03-24T14:49:32","slug":"jazyky","status":"publish","type":"page","link":"https:\/\/skrivanek.cz\/cz\/preklady\/jazyky\/","title":{"rendered":"P\u0159ekl\u00e1dan\u00e9 jazyky"},"content":{"rendered":"<div id=\"pl-28465\"  class=\"panel-layout\" ><div id=\"pg-28465-0\"  class=\"panel-grid panel-has-style\"  style=\"margin-bottom: 0px\" ><div class=\"siteorigin-panels-stretch panel-row-padding-none panel-row-style panel-row-style-for-28465-0\" data-stretch-type=\"full\" ><div id=\"pgc-28465-0-0\"  class=\"panel-grid-cell\" ><div id=\"panel-28465-0-0-0\" class=\"so-panel widget widget_wpa9-editor-ext panel-first-child panel-last-child\" data-index=\"0\" ><div\n\t\t\t\n\t\t\tclass=\"so-widget-wpa9-editor-ext so-widget-wpa9-editor-ext-default-c93e1481a745-28465\"\n\t\t\t\n\t\t>\n<div class=\"siteorigin-widget-tinymce textwidget\">\n\t<h2 style=\"text-align: center;\">Nej\u010dast\u011bji p\u0159ekl\u00e1dan\u00e9 jazyky<\/h2>\n<p style=\"text-align: center;\"><a class=\"btn btn-negative\" href=\"https:\/\/skrivanek.cz\/cz\/preklady\/preklady-anglictina\/\">angli\u010dtina<\/a> <a class=\"btn btn-negative\" href=\"https:\/\/skrivanek.cz\/cz\/preklady\/preklady-nemcina\/\">n\u011bm\u010dina<\/a> <a class=\"btn btn-negative\" href=\"https:\/\/skrivanek.cz\/cz\/preklady\/preklady-francouzstina\/\">francouz\u0161tina<\/a><br \/>\n<a class=\"btn btn-negative\" href=\"https:\/\/skrivanek.cz\/cz\/preklady\/preklady-italstina\/\">ital\u0161tina<\/a> <a class=\"btn btn-negative\" href=\"https:\/\/skrivanek.cz\/cz\/preklady\/preklady-cestina\/\">\u010de\u0161tina<\/a> <a class=\"btn btn-negative\" href=\"https:\/\/skrivanek.cz\/cz\/preklady\/preklady-rustina\/\">ru\u0161tina<\/a><\/p>\n<p>&nbsp;<\/p>\n<p style=\"text-align: center;\">\n<\/p><\/div>\n<\/div><\/div><\/div><\/div><\/div><div id=\"pg-28465-1\"  class=\"panel-grid panel-has-style\"  style=\"margin-bottom: 0px\" ><div class=\"panel-row-padding-none panel-row-style panel-row-style-for-28465-1\" ><div id=\"pgc-28465-1-0\"  class=\"panel-grid-cell\" ><div id=\"panel-28465-1-0-0\" class=\"so-panel widget widget_wpa9-editor-ext panel-first-child panel-last-child\" data-index=\"1\" ><div\n\t\t\t\n\t\t\tclass=\"so-widget-wpa9-editor-ext so-widget-wpa9-editor-ext-default-c93e1481a745-28465\"\n\t\t\t\n\t\t>\n<div class=\"siteorigin-widget-tinymce textwidget\">\n\t<h3 style=\"text-align: center;\">Dal\u0161\u00ed jazyky, kter\u00e9 nab\u00edz\u00edme<\/h3>\n<div class=\"columns columns-3\" data-columns=\"3\">\n<div class=\"column column-1\">\n<p style=\"text-align: center;\"><a href=\"https:\/\/skrivanek.cz\/cz\/preklady\/preklady-arabstina\/\">arab\u0161tina<\/a><\/p>\n<p style=\"text-align: center;\"><a href=\"https:\/\/skrivanek.cz\/cz\/preklady\/preklady-bulharstina\/\">bulhar\u0161tina<\/a><\/p>\n<p style=\"text-align: center;\"><a href=\"https:\/\/skrivanek.cz\/cz\/preklady\/preklady-cinstina\/\">\u010d\u00edn\u0161tina<\/a><\/p>\n<p style=\"text-align: center;\"><a href=\"https:\/\/skrivanek.cz\/cz\/preklady\/preklady-danstina\/\">d\u00e1n\u0161tina<\/a><\/p>\n<p style=\"text-align: center;\"><a href=\"https:\/\/skrivanek.cz\/cz\/preklady\/preklady-estonstina\/\">eston\u0161tina<\/a><\/p>\n<p style=\"text-align: center;\"><a href=\"https:\/\/skrivanek.cz\/cz\/preklady\/preklady-finstina\/\">fin\u0161tina<\/a><\/p>\n<p style=\"text-align: center;\"><a href=\"https:\/\/skrivanek.cz\/cz\/preklady\/preklady-chorvatstina\/\">chorvat\u0161tina<\/a><\/p>\n<p style=\"text-align: center;\"><a href=\"https:\/\/skrivanek.cz\/cz\/preklady\/preklady-japonstina\/\">japon\u0161tina<\/a><\/p>\n<\/div>\n<div class=\"column column-2\">\n<p style=\"text-align: center;\"><a href=\"https:\/\/skrivanek.cz\/cz\/preklady\/preklady-litevstina\/\">litev\u0161tina<\/a><\/p>\n<p style=\"text-align: center;\"><a href=\"https:\/\/skrivanek.cz\/cz\/preklady\/preklady-lotystina\/\">loty\u0161tina<\/a><\/p>\n<p style=\"text-align: center;\"><a href=\"https:\/\/skrivanek.cz\/cz\/preklady\/preklady-madarstina\/\">ma\u010far\u0161tina<\/a><\/p>\n<p style=\"text-align: center;\"><a href=\"https:\/\/skrivanek.cz\/cz\/preklady\/preklady-nizozemstina\/\">nizozem\u0161tina<\/a><\/p>\n<p style=\"text-align: center;\"><a href=\"https:\/\/skrivanek.cz\/cz\/preklady\/preklady-norstina\/\">nor\u0161tina<\/a><\/p>\n<p style=\"text-align: center;\"><a href=\"https:\/\/skrivanek.cz\/cz\/preklady\/preklady-polstina\/\">pol\u0161tina<\/a><\/p>\n<p style=\"text-align: center;\"><a href=\"https:\/\/skrivanek.cz\/cz\/preklady\/preklady-portugalstina\/\">portugal\u0161tina<\/a><\/p>\n<p style=\"text-align: center;\"><a href=\"https:\/\/skrivanek.cz\/cz\/preklady\/preklady-rumunstina\/\">rumun\u0161tina<\/a><\/p>\n<\/div>\n<div class=\"column column-3\">\n<p style=\"text-align: center;\"><a href=\"https:\/\/skrivanek.cz\/cz\/preklady\/preklady-rectina\/\">\u0159e\u010dtina<\/a><\/p>\n<p style=\"text-align: center;\"><a href=\"https:\/\/skrivanek.cz\/cz\/preklady\/preklady-slovenstina\/\">sloven\u0161tina<\/a><\/p>\n<p style=\"text-align: center;\"><a href=\"https:\/\/skrivanek.cz\/cz\/preklady\/preklady-slovinstina\/\">slovin\u0161tina<\/a><\/p>\n<p style=\"text-align: center;\"><a href=\"https:\/\/skrivanek.cz\/cz\/preklady\/preklady-spanelstina\/\">\u0161pan\u011bl\u0161tina<\/a><\/p>\n<p style=\"text-align: center;\"><a href=\"https:\/\/skrivanek.cz\/cz\/preklady\/preklady-svedstina\/\">\u0161v\u00e9d\u0161tina<\/a><\/p>\n<p style=\"text-align: center;\"><a href=\"https:\/\/skrivanek.cz\/cz\/preklady\/preklady-turectina\/\">ture\u010dtina<\/a><\/p>\n<p style=\"text-align: center;\"><a href=\"https:\/\/skrivanek.cz\/cz\/preklady\/preklady-ukrajinstina\/\">ukrajin\u0161tina<\/a><\/p>\n<\/div>\n<\/div>\n<p style=\"text-align: center;\">a mnoho dal\u0161\u00edch<\/p>\n<\/div>\n<\/div><\/div><\/div><\/div><\/div><div id=\"pg-28465-2\"  class=\"panel-grid panel-has-style\"  style=\"margin-bottom: 0px\" ><div class=\"siteorigin-panels-stretch panel-row-padding-none panel-row-style panel-row-style-for-28465-2\" data-stretch-type=\"full\" ><div id=\"pgc-28465-2-0\"  class=\"panel-grid-cell\" ><div id=\"panel-28465-2-0-0\" class=\"so-panel widget widget_wpa9-card-m-ext panel-first-child panel-last-child\" data-index=\"2\" ><div\n\t\t\t\n\t\t\tclass=\"so-widget-wpa9-card-m-ext so-widget-wpa9-card-m-ext-default-c93e1481a745-28465\"\n\t\t\t\n\t\t>\n\n<div class=\"wpa9-card wpa9-card-m-ext-container d-flex flex-wrap justify-content-center wpa9-columns-4\">\n\n\n\t\n\t<div class=\"wpa9-card-m-ext-panel wpa9-panel _shadow rounded d-flex flex-wrap align-items-stretch\">\n\n\t\t\t<div>\n\n\t\t\t\t\n\t\t\t\t\t\t\t\t<figure class=\"dadsad wpa9-card-image wpa9-card-icon icon-size-m text-center\">\n\t\t\t\t\t\t\t\t    <img loading=\"lazy\" decoding=\"async\" src=\"https:\/\/skrivanek.cz\/wp-content\/uploads\/2021\/03\/ico-zkusenosti.svg\" alt=\"Vysok\u00e1 kvalita\" width=\"62\" height=\"62\" style=\"display: none\" \/>\n\t\t\t\t\t<span style=\"mask-image: url(https:\/\/skrivanek.cz\/wp-content\/uploads\/2021\/03\/ico-zkusenosti.svg); -webkit-mask-image: url(https:\/\/skrivanek.cz\/wp-content\/uploads\/2021\/03\/ico-zkusenosti.svg);\"><\/span>\n\t\t\t\t\t\t\t\t  <\/figure>\n\t\t\t\t\n\n\n\t\t\t\t\n\t\t    <div class=\"wpa9-card-header\">\n\t\t\t\t\t\t\t      <h2 class=\"wpa9-card-title text-center\">Vysok\u00e1 kvalita<\/h2>\n\t\t\t\t\t\t\t    <\/div>\n\n\t\t    <div class=\"wpa9-card-main wpa9-card-content text-center\">\n\t\t      Na\u0161e p\u0159ekladatele si pe\u010dliv\u011b vyb\u00edr\u00e1me. Pat\u0159\u00ed k&nbsp;t\u011bm nejlep\u0161\u00edm lingvist\u016fm. Jako dr\u017eitel\u00e9 mnoha certifikac\u00ed v\u00e1m m\u016f\u017eeme zaru\u010dit kvalitu podlo\u017eenou letit\u00fdmi zku\u0161enostmi z&nbsp;oboru i&nbsp;referencemi na\u0161ich spokojen\u00fdch z\u00e1kazn\u00edk\u016f.\t\t    <\/div>\n\n\t\t\t<\/div>\n\n\t\t\t<div class=\"wpa9-card-aside meta meta-buttons align-self-end text-start\">\n\t\t\t\t\t\t<\/div>\n\n\t<\/div>\n\n\t\n\t<div class=\"wpa9-card-m-ext-panel wpa9-panel _shadow rounded d-flex flex-wrap align-items-stretch\">\n\n\t\t\t<div>\n\n\t\t\t\t\n\t\t\t\t\t\t\t\t<figure class=\"dadsad wpa9-card-image wpa9-card-icon icon-size-m text-center\">\n\t\t\t\t\t\t\t\t    <img loading=\"lazy\" decoding=\"async\" src=\"https:\/\/skrivanek.cz\/wp-content\/uploads\/2021\/03\/ico-seznam.svg\" alt=\"Spolehlivost\" width=\"62\" height=\"62\" style=\"display: none\" \/>\n\t\t\t\t\t<span style=\"mask-image: url(https:\/\/skrivanek.cz\/wp-content\/uploads\/2021\/03\/ico-seznam.svg); -webkit-mask-image: url(https:\/\/skrivanek.cz\/wp-content\/uploads\/2021\/03\/ico-seznam.svg);\"><\/span>\n\t\t\t\t\t\t\t\t  <\/figure>\n\t\t\t\t\n\n\n\t\t\t\t\n\t\t    <div class=\"wpa9-card-header\">\n\t\t\t\t\t\t\t      <h2 class=\"wpa9-card-title text-center\">Spolehlivost<\/h2>\n\t\t\t\t\t\t\t    <\/div>\n\n\t\t    <div class=\"wpa9-card-main wpa9-card-content text-center\">\n\t\t      Vyu\u017e\u00edv\u00e1me l\u00e9ty prov\u011b\u0159en\u00e9 procesy a&nbsp;neboj\u00edme se nov\u00fdch trend\u016f. D\u00edky \u0161irok\u00e9mu produktov\u00e9mu portfoliu \u0161et\u0159\u00edme v\u00e1\u0161 \u010das i&nbsp;pen\u00edze. Vysok\u00e1 kvalita je na\u0161\u00edm standardem.\t\t    <\/div>\n\n\t\t\t<\/div>\n\n\t\t\t<div class=\"wpa9-card-aside meta meta-buttons align-self-end text-start\">\n\t\t\t\t\t\t<\/div>\n\n\t<\/div>\n\n\t\n\t<div class=\"wpa9-card-m-ext-panel wpa9-panel _shadow rounded d-flex flex-wrap align-items-stretch\">\n\n\t\t\t<div>\n\n\t\t\t\t\n\t\t\t\t\t\t\t\t<figure class=\"dadsad wpa9-card-image wpa9-card-icon icon-size-m text-center\">\n\t\t\t\t\t\t\t\t    <img loading=\"lazy\" decoding=\"async\" src=\"https:\/\/skrivanek.cz\/wp-content\/uploads\/2021\/01\/ico-odbornypreklad.svg\" alt=\"Odbornost\" width=\"62\" height=\"62\" style=\"display: none\" \/>\n\t\t\t\t\t<span style=\"mask-image: url(https:\/\/skrivanek.cz\/wp-content\/uploads\/2021\/01\/ico-odbornypreklad.svg); -webkit-mask-image: url(https:\/\/skrivanek.cz\/wp-content\/uploads\/2021\/01\/ico-odbornypreklad.svg);\"><\/span>\n\t\t\t\t\t\t\t\t  <\/figure>\n\t\t\t\t\n\n\n\t\t\t\t\n\t\t    <div class=\"wpa9-card-header\">\n\t\t\t\t\t\t\t      <h2 class=\"wpa9-card-title text-center\">Odbornost<\/h2>\n\t\t\t\t\t\t\t    <\/div>\n\n\t\t    <div class=\"wpa9-card-main wpa9-card-content text-center\">\n\t\t      P\u0159eklad odborn\u00fdch text\u016f, jako jsou l\u00e9ka\u0159sk\u00e9 zpr\u00e1vy, finan\u010dn\u00ed anal\u00fdzy, softwarov\u00e9 aplikace, konstruk\u010dn\u00ed n\u00e1vody nebo patenty, je na\u0161e specialita. U&nbsp;t\u011bchto text\u016f je extr\u00e9mn\u011b d\u016fle\u017eit\u00e1 kontrola a&nbsp;n\u00e1sledn\u00e9 ov\u011b\u0159en\u00ed odborn\u00edkem. Pokud m\u00e1te na p\u0159eklad vysok\u00e9 n\u00e1roky, jste tu spr\u00e1vn\u011b.\t\t    <\/div>\n\n\t\t\t<\/div>\n\n\t\t\t<div class=\"wpa9-card-aside meta meta-buttons align-self-end text-start\">\n\t\t\t\t\t\t<\/div>\n\n\t<\/div>\n\n\t\n\t<div class=\"wpa9-card-m-ext-panel wpa9-panel _shadow rounded d-flex flex-wrap align-items-stretch\">\n\n\t\t\t<div>\n\n\t\t\t\t\n\t\t\t\t\t\t\t\t<figure class=\"dadsad wpa9-card-image wpa9-card-icon icon-size-m text-center\">\n\t\t\t\t\t\t\t\t    <img loading=\"lazy\" decoding=\"async\" src=\"https:\/\/skrivanek.cz\/wp-content\/uploads\/2023\/03\/ico-individual.svg\" alt=\"Z\u00e1kaznick\u00fd servis\" width=\"62\" height=\"62\" style=\"display: none\" \/>\n\t\t\t\t\t<span style=\"mask-image: url(https:\/\/skrivanek.cz\/wp-content\/uploads\/2023\/03\/ico-individual.svg); -webkit-mask-image: url(https:\/\/skrivanek.cz\/wp-content\/uploads\/2023\/03\/ico-individual.svg);\"><\/span>\n\t\t\t\t\t\t\t\t  <\/figure>\n\t\t\t\t\n\n\n\t\t\t\t\n\t\t    <div class=\"wpa9-card-header\">\n\t\t\t\t\t\t\t      <h2 class=\"wpa9-card-title text-center\">Z\u00e1kaznick\u00fd servis<\/h2>\n\t\t\t\t\t\t\t    <\/div>\n\n\t\t    <div class=\"wpa9-card-main wpa9-card-content text-center\">\n\t\t      Ke ka\u017ed\u00e9mu klientovi p\u0159istupujeme individu\u00e1ln\u011b a&nbsp;sna\u017e\u00edme se maxim\u00e1ln\u011b vyj\u00edt vst\u0159\u00edc va\u0161im pot\u0159eb\u00e1m. M\u00e1me propracovan\u00fd z\u00e1kaznick\u00fd servis, komunikujeme rychle, spolehliv\u011b a&nbsp;reagujeme flexibiln\u011b. V\u00e1\u0161 p\u0159eklad je u&nbsp;n\u00e1s v&nbsp;dobr\u00fdch rukou!\t\t    <\/div>\n\n\t\t\t<\/div>\n\n\t\t\t<div class=\"wpa9-card-aside meta meta-buttons align-self-end text-start\">\n\t\t\t\t\t\t<\/div>\n\n\t<\/div>\n\n\t\n\n<\/div>\n<\/div><\/div><\/div><\/div><\/div><div id=\"pg-28465-3\"  class=\"panel-grid panel-has-style\" ><div class=\"panel-row-padding-none panel-row-style panel-row-style-for-28465-3\" ><div id=\"pgc-28465-3-0\"  class=\"panel-grid-cell\" ><div id=\"panel-28465-3-0-0\" class=\"so-panel widget widget_wpa9-card-s panel-first-child panel-last-child\" data-index=\"3\" ><div\n\t\t\t\n\t\t\tclass=\"so-widget-wpa9-card-s so-widget-wpa9-card-s-default-c93e1481a745-28465\"\n\t\t\t\n\t\t><div class=\"wpa9-card wpa9-card-s wide positive\">\n\n\t<div class=\"wpa9-card-wrapper container\">\n\n\t\t<div class=\"wpa9-card-text\">\n\t\t\t<h2 class=\"wpa9-card-title\">Nena\u0161li jste jazyk, kter\u00fd hled\u00e1te?<\/h2>\n\t\t\t<div class=\"wpa9-card-content\"><p style=\"text-align: center\">Kontaktujte n\u00e1s! O&nbsp;v\u00e1\u0161 p\u0159eklad se postar\u00e1me.<\/p>\n<\/div>\t\t<\/div>\n\n\t\t\t\t<div class=\"meta meta-buttons d-flex flex-row justify-content-center\">\n\t\t\t\t\t\t\t<a class=\"btn btn-negative \" href=\"https:\/\/skrivanek.cz\/cz\/poptavka\/preklad\/\" title=\"M\u00e1m z\u00e1jem\">M\u00e1m z\u00e1jem<\/a>\n\t\t\t\t<\/div>\n\t\t\n\t<\/div>\n\n<\/div>\n<\/div><\/div><\/div><\/div><\/div><\/div>","protected":false},"excerpt":{"rendered":"<p>Nej\u010dast\u011bji p\u0159ekl\u00e1dan\u00e9 jazyky angli\u010dtina n\u011bm\u010dina francouz\u0161tina ital\u0161tina \u010de\u0161tina ru\u0161tina &nbsp; Dal\u0161\u00ed jazyky, kter\u00e9 nab\u00edz\u00edme arab\u0161tina bulhar\u0161tina \u010d\u00edn\u0161tina d\u00e1n\u0161tina eston\u0161tina fin\u0161tina chorvat\u0161tina japon\u0161tina litev\u0161tina loty\u0161tina ma\u010far\u0161tina nizozem\u0161tina nor\u0161tina pol\u0161tina portugal\u0161tina rumun\u0161tina \u0159e\u010dtina sloven\u0161tina slovin\u0161tina \u0161pan\u011bl\u0161tina \u0161v\u00e9d\u0161tina ture\u010dtina ukrajin\u0161tina a&nbsp;mnoho dal\u0161\u00edch Vysok\u00e1 kvalita Na\u0161e p\u0159ekladatele si pe\u010dliv\u011b vyb\u00edr\u00e1me. Pat\u0159\u00ed k&nbsp;t\u011bm nejlep\u0161\u00edm lingvist\u016fm. Jako dr\u017eitel\u00e9 mnoha certifikac\u00ed [&hellip;]<\/p>\n","protected":false},"author":9,"featured_media":0,"parent":527,"menu_order":0,"comment_status":"closed","ping_status":"closed","template":"","meta":{"_acf_changed":false,"footnotes":""},"class_list":["post-28465","page","type-page","status-publish","hentry"],"acf":[],"aioseo_notices":[],"_links":{"self":[{"href":"https:\/\/skrivanek.cz\/cz\/wp-json\/wp\/v2\/pages\/28465","targetHints":{"allow":["GET"]}}],"collection":[{"href":"https:\/\/skrivanek.cz\/cz\/wp-json\/wp\/v2\/pages"}],"about":[{"href":"https:\/\/skrivanek.cz\/cz\/wp-json\/wp\/v2\/types\/page"}],"author":[{"embeddable":true,"href":"https:\/\/skrivanek.cz\/cz\/wp-json\/wp\/v2\/users\/9"}],"replies":[{"embeddable":true,"href":"https:\/\/skrivanek.cz\/cz\/wp-json\/wp\/v2\/comments?post=28465"}],"version-history":[{"count":4,"href":"https:\/\/skrivanek.cz\/cz\/wp-json\/wp\/v2\/pages\/28465\/revisions"}],"predecessor-version":[{"id":80393,"href":"https:\/\/skrivanek.cz\/cz\/wp-json\/wp\/v2\/pages\/28465\/revisions\/80393"}],"up":[{"embeddable":true,"href":"https:\/\/skrivanek.cz\/cz\/wp-json\/wp\/v2\/pages\/527"}],"wp:attachment":[{"href":"https:\/\/skrivanek.cz\/cz\/wp-json\/wp\/v2\/media?parent=28465"}],"curies":[{"name":"wp","href":"https:\/\/api.w.org\/{rel}","templated":true}]}}