{"id":28987,"date":"2023-04-28T15:21:14","date_gmt":"2023-04-28T13:21:14","guid":{"rendered":"https:\/\/skrivanek.cz\/?page_id=28987"},"modified":"2024-07-31T09:24:22","modified_gmt":"2024-07-31T07:24:22","slug":"letni-konverzacni-kurzy","status":"publish","type":"page","link":"https:\/\/skrivanek.cz\/cz\/jazykova-skola\/letni-konverzacni-kurzy\/","title":{"rendered":"Intenzivn\u00ed konverza\u010dn\u00ed letn\u00ed kurz angli\u010dtiny"},"content":{"rendered":"<div id=\"pl-28987\"  class=\"panel-layout\" ><div id=\"pg-28987-0\"  class=\"panel-grid panel-has-style\"  style=\"margin-bottom: 0px\" ><div class=\"siteorigin-panels-stretch panel-row-padding-none panel-row-style panel-row-style-for-28987-0\" data-stretch-type=\"full\" ><div id=\"pgc-28987-0-0\"  class=\"panel-grid-cell\" ><div id=\"panel-28987-0-0-0\" class=\"so-panel widget widget_wpa9-editor-ext panel-first-child panel-last-child\" data-index=\"0\" ><div\n\t\t\t\n\t\t\tclass=\"so-widget-wpa9-editor-ext so-widget-wpa9-editor-ext-default-c93e1481a745-28987\"\n\t\t\t\n\t\t>\n<div class=\"siteorigin-widget-tinymce textwidget\">\n\t<h2 class=\"wpa9-panel-title\">Rozmluvte se b\u011bhem l\u00e9ta<\/h2>\n<div class=\"wpa9-panel-content\">\n<p>Chcete b\u011bhem l\u00e9ta zlep\u0161it sv\u00e9 konverza\u010dn\u00ed schopnosti v\u00a0angli\u010dtin\u011b?\u00a0<strong>Na\u0161e letn\u00ed intenzivn\u00ed kurzy jsou p\u0159esn\u011b pro v\u00e1s!<\/strong>\u00a0Pono\u0159te se do angli\u010dtiny v\u00a0mal\u00fdch skupink\u00e1ch se zam\u011b\u0159en\u00edm na konverzaci a\u00a0praktick\u00e9 pou\u017eit\u00ed jazyka, veden\u00e9 zku\u0161en\u00fdmi lektory v\u00a0duchu inspiruj\u00edc\u00edch TED Talks.<\/p>\n<h4>Podrobnosti kurzu:<\/h4>\n<div class=\"columns columns-2\" data-columns=\"2\">\n<div class=\"column column-1\">\n<p><strong><img decoding=\"async\" class=\"alignnone wp-image-27256\" title=\"ico-termin \u2013 Kvalitn\u00ed p\u0159eklady, tlumo\u010den\u00ed, jazykov\u00e1 \u0161kola | Sk\u0159iv\u00e1nek\" src=\"https:\/\/skrivanek.cz\/wp-content\/uploads\/2023\/03\/ico-termin.svg\" alt=\"ico-termin\" width=\"25\" \/>\u00a0Term\u00edny<\/strong>: 12.\u00a08. \u2013\u00a016.\u00a08.\u00a02024<\/p>\n<p><strong data-wp-editing=\"1\"><img decoding=\"async\" class=\"alignnone wp-image-1979\" title=\"ico-time \u2013 Kvalitn\u00ed p\u0159eklady, tlumo\u010den\u00ed, jazykov\u00e1 \u0161kola | Sk\u0159iv\u00e1nek\" src=\"https:\/\/skrivanek.cz\/wp-content\/uploads\/2021\/02\/ico-time.svg\" alt=\"ikona hodin\" width=\"25\" \/>\u00a0\u010cas kurzu<\/strong>: Ka\u017ed\u00fd den od 17:30 do 19:00<\/p>\n<p><strong><img decoding=\"async\" class=\"alignnone wp-image-246\" title=\"ico-expresnipreklad \u2013 Kvalitn\u00ed p\u0159eklady, tlumo\u010den\u00ed, jazykov\u00e1 \u0161kola | Sk\u0159iv\u00e1nek\" src=\"https:\/\/skrivanek.cz\/wp-content\/uploads\/2021\/01\/ico-expresnipreklad.svg\" alt=\"ico-expresnipreklad\" width=\"25\" \/>\u00a0D\u00e9lka lekce<\/strong>: 90 minut<\/p>\n<p><strong><img decoding=\"async\" class=\"alignnone wp-image-61775\" title=\"ico-puzzle \u2013 Kvalitn\u00ed p\u0159eklady, tlumo\u010den\u00ed, jazykov\u00e1 \u0161kola | Sk\u0159iv\u00e1nek\" src=\"https:\/\/skrivanek.cz\/wp-content\/uploads\/2023\/08\/ico-puzzle.svg\" alt=\"puzzle\" width=\"25\" \/>\u00a0Po\u010det lekc\u00ed<\/strong>: 5 lekc\u00ed za t\u00fdden (celkem 7,5 hodiny)<\/p>\n<p><strong><img decoding=\"async\" class=\"alignnone wp-image-27212\" title=\"ico-cena \u2013 Kvalitn\u00ed p\u0159eklady, tlumo\u010den\u00ed, jazykov\u00e1 \u0161kola | Sk\u0159iv\u00e1nek\" src=\"https:\/\/skrivanek.cz\/wp-content\/uploads\/2023\/03\/ico-cena-1.svg\" alt=\"ico-cena-1\" width=\"25\" \/>\u00a0Cena<\/strong>: 1790\u00a0K\u010d za intenzivn\u00ed a\u00a0nabit\u00fd t\u00fdden angli\u010dtiny<\/p>\n<p><strong><img loading=\"lazy\" decoding=\"async\" class=\"alignnone wp-image-61326\" title=\"ico-jazykovka_big \u2013 Kvalitn\u00ed p\u0159eklady, tlumo\u010den\u00ed, jazykov\u00e1 \u0161kola | Sk\u0159iv\u00e1nek\" src=\"https:\/\/skrivanek.cz\/wp-content\/uploads\/2023\/08\/ico-jazykovka-big.png\" alt=\"jazykov\u00e1 \u0161kola\" width=\"25\" height=\"18\" \/>\u00a0\u00darovn\u011b<\/strong>: B1, B2 a\u00a0C1<\/p>\n<\/div>\n<div class=\"column column-2\">\n<p><img decoding=\"async\" class=\"alignnone wp-image-5209\" title=\"ico-tlumoceni-online \u2013 Kvalitn\u00ed p\u0159eklady, tlumo\u010den\u00ed, jazykov\u00e1 \u0161kola | Sk\u0159iv\u00e1nek\" src=\"https:\/\/skrivanek.cz\/wp-content\/uploads\/2021\/03\/ico-tlumoceni-online.svg\" alt=\"online tlumo\u010den\u00ed\" width=\"25\" \/>\u00a0<strong>Forma kurzu<\/strong>: Kurzy prob\u00edhaj\u00ed\u00a0<strong>online<\/strong>. M\u016f\u017eete se tak p\u0159ipojit odkudkoliv a\u00a0neztr\u00e1c\u00edte \u010das doj\u00ed\u017ed\u011bn\u00edm!<\/p>\n<p><strong><img decoding=\"async\" class=\"alignnone wp-image-248\" title=\"ico-lidi \u2013 Kvalitn\u00ed p\u0159eklady, tlumo\u010den\u00ed, jazykov\u00e1 \u0161kola | Sk\u0159iv\u00e1nek\" src=\"https:\/\/skrivanek.cz\/wp-content\/uploads\/2021\/01\/ico-lidi.svg\" alt=\"ico-lidi\" width=\"25\" \/>\u00a0Lekto\u0159i<\/strong>: Kurzy povedou zku\u0161en\u00ed\u00a0<strong>\u010de\u0161t\u00ed lekto\u0159i spole\u010dn\u011b s\u00a0rodil\u00fdm mluv\u010d\u00edm<\/strong>, co\u017e zaru\u010duje vysoce kvalitn\u00ed a\u00a0autentick\u00e9 v\u00fdukov\u00e9 zku\u0161enosti.<\/p>\n<p><strong data-wp-editing=\"1\"><img decoding=\"async\" class=\"alignnone wp-image-27315\" title=\"ico-skupina-lidi \u2013 Kvalitn\u00ed p\u0159eklady, tlumo\u010den\u00ed, jazykov\u00e1 \u0161kola | Sk\u0159iv\u00e1nek\" src=\"https:\/\/skrivanek.cz\/wp-content\/uploads\/2023\/03\/ico-skupina-lidi.svg\" alt=\"skupinov\u00fd kurz \/ group course\" width=\"25\" \/>\u00a0Po\u010det student\u016f<\/strong>: 4\u20136 student\u016f. Ka\u017ed\u00fd se dostane ke slovu!<\/p>\n<\/div>\n<\/div>\n<p>&nbsp;<\/p>\n<p>Lekce jsou zalo\u017eeny na principu\u00a0<strong>TED talks<\/strong>, co\u017e znamen\u00e1, \u017ee se m\u016f\u017eete t\u011b\u0161it na\u00a0<strong>motivuj\u00edc\u00ed<\/strong>\u00a0a\u00a0<strong>dynamick\u00e9 hodiny pln\u00e9 zaj\u00edmav\u00fdch t\u00e9mat<\/strong>\u00a0a\u00a0<strong>aktivn\u00edho zapojen\u00ed<\/strong>.<\/p>\n<p>P\u0159ihlaste se na n\u00e1\u0161 intenzivn\u00ed kurz angli\u010dtiny a\u00a0vyu\u017eijte letn\u00ed t\u00fdden ke zlep\u0161en\u00ed va\u0161ich jazykov\u00fdch dovednost\u00ed v\u00a0p\u0159\u00e1telsk\u00e9 a\u00a0podn\u011btn\u00e9 atmosf\u00e9\u0159e. Na\u0161e kurzy jsou skv\u011bl\u00fdm zp\u016fsobem, jak se intenzivn\u011b pono\u0159it do angli\u010dtiny a\u00a0zlep\u0161it va\u0161e konverza\u010dn\u00ed dovednosti.<\/p>\n<h4>P\u0159ihlaste se a&nbsp;zlep\u0161ete svou angli\u010dtinu!<\/h4>\n<div class=\"columns columns-3\" data-columns=\"3\">\n<div class=\"column column-1\">\n<p style=\"text-align: center;\"><strong>\u00farove\u0148 B1<\/strong><br \/>\n<span style=\"font-size: 15px;\"><a class=\"btn btn-negative\" href=\"https:\/\/skrivanek.cz\/cz\/produkt\/intenzivni-kurz-anglictiny-b1-srpen\/\">To beru!<\/a><\/span><\/p>\n<\/div>\n<div class=\"column column-2\">\n<p style=\"text-align: center;\"><strong>\u00farove\u0148 B2<\/strong><br \/>\n<span style=\"font-size: 15px;\"><a class=\"btn btn-negative\" href=\"https:\/\/skrivanek.cz\/cz\/produkt\/intenzivni-kurz-anglictiny-b2-srpen\/\">Chci intenzivn\u00ed kurz!<\/a><\/span><\/p>\n<\/div>\n<div class=\"column column-3\">\n<p style=\"text-align: center;\"><strong>\u00farove\u0148 C1<\/strong><br \/>\n<span style=\"font-size: 15px;\"><a class=\"btn btn-negative\" href=\"https:\/\/skrivanek.cz\/cz\/produkt\/intenzivni-kurz-anglictiny-c1-srpen\/\">To si nenech\u00e1m uj\u00edt!<\/a><\/span><\/p>\n<\/div>\n<\/div>\n<\/div>\n<\/div>\n<\/div><\/div><\/div><\/div><\/div><div id=\"pg-28987-1\"  class=\"panel-grid panel-has-style\"  style=\"margin-bottom: 0px\" ><div class=\"panel-row-padding-none panel-row-style panel-row-style-for-28987-1\" ><div id=\"pgc-28987-1-0\"  class=\"panel-grid-cell\" ><div id=\"panel-28987-1-0-0\" class=\"so-panel widget widget_skrv-testimonials panel-first-child panel-last-child\" data-index=\"1\" ><div\n\t\t\t\n\t\t\tclass=\"so-widget-skrv-testimonials so-widget-skrv-testimonials-default-c93e1481a745-28987\"\n\t\t\t\n\t\t>\n\n<div class=\"skrv-testimonials\">\n\n    \n  <h3 class=\"widget-title\"><span class=\"title-wrapper\"><span class=\"title\">Co na n\u00e1\u0161 kurz \u0159\u00edkaj\u00ed studenti?<\/span><\/span><\/h3>\n  <div id=\"skrv-testimonial\" class=\"carousel slide\" data-bs-interval=\"4000\" data-bs-ride=\"carousel\" data-bs-touch=\"true\">\n    <div class=\"carousel-inner\">\n                <div class=\"skrv-testimonial-item carousel-item active\">\n        <div class=\"d-block\">\n                    <blockquote class=\"skrv-testimonial-text\">Pln\u00e1 spokojenost. Lektorka je v\u017edy p\u0159ipraven\u00e1 a&nbsp;po&nbsp;celou dobu mluv\u00edme francouzsky, nav\u00edc um\u00ed vybrat zaj\u00edmav\u00e1 t\u00e9ma k&nbsp;diskuzi. <\/blockquote>\n          <h6 class=\"skrv-testimonial-client\">J. H.<\/h6>\n        <\/div>\n      <\/div>\n                <div class=\"skrv-testimonial-item carousel-item\">\n        <div class=\"d-block\">\n                    <blockquote class=\"skrv-testimonial-text\">Pan\u00ed Jana je vynikaj\u00edc\u00ed lektorka, d\u00edky kter\u00e9 se na ka\u017edou onlne hodinu t\u011b\u0161\u00edm. Je v\u017edy 100% p\u0159ipraven\u00e1, mil\u00e1, trp\u011bliv\u00e1. Nejv\u00edce si cen\u00edm faktu, \u017ee od sam\u00e9ho za\u010d\u00e1tku v\u00fduku se bav\u00edme pouze italsky. Um\u00ed ud\u011blat hodinu zaj\u00edmavou.<\/blockquote>\n          <h6 class=\"skrv-testimonial-client\">E. F.<\/h6>\n        <\/div>\n      <\/div>\n                <div class=\"skrv-testimonial-item carousel-item\">\n        <div class=\"d-block\">\n                    <blockquote class=\"skrv-testimonial-text\">Oce\u0148uji on-line vyu\u010dov\u00e1n\u00ed, maxim\u00e1ln\u011b mi vyhovuje tento form\u00e1t. Dal jsem si letos za c\u00edl rozmluvit se anglicky, tento kurz m\u00e1m jako podp\u016frn\u00fd.<\/blockquote>\n          <h6 class=\"skrv-testimonial-client\">T. D.<\/h6>\n        <\/div>\n      <\/div>\n                <div class=\"skrv-testimonial-item carousel-item\">\n        <div class=\"d-block\">\n                    <blockquote class=\"skrv-testimonial-text\">Lekce jako takov\u00e9 splnily m\u00e9 o\u010dek\u00e1v\u00e1n\u00ed \na&nbsp;l\u00edbily se mi. Lektorky byly mil\u00e9 a&nbsp;konverzace mi v\u017edy n\u011bco nov\u00e9ho daly. P\u0159\u00ed\u0161t\u00ed l\u00e9to bych r\u00e1da zkusila t\u0159eba kurz \u0161pan\u011blsk\u00e9ho jazyka<\/blockquote>\n          <h6 class=\"skrv-testimonial-client\">E. J.<\/h6>\n        <\/div>\n      <\/div>\n                <div class=\"skrv-testimonial-item carousel-item\">\n        <div class=\"d-block\">\n                    <blockquote class=\"skrv-testimonial-text\">Jako jednatel spole\u010dnosti hodnot\u00edm na\u0161i spolupr\u00e1ci se spole\u010dnost\u00ed Sk\u0159iv\u00e1nek velmi pozitivn\u011b. Pan\u00ed lektorka Klementov\u00e1 je pro m\u011b asi to nejlep\u0161\u00ed, co bych si pro zlep\u0161ov\u00e1n\u00ed AJ mohl p\u0159\u00e1t. Velk\u00e1 empatie, znalost AJ, celkov\u00fd rozhled. N\u011bkdy to nen\u00ed jen o&nbsp;v\u00fduce jazyka, ale i&nbsp;mo\u017enost probrat aktu\u00e1ln\u00ed t\u00e9mata z&nbsp;byznysu a&nbsp;soukrom\u00e9ho \u017eivota. Velmi mi to pom\u00e1h\u00e1!! Na na\u0161e lekce se i&nbsp;p\u0159i&nbsp;m\u00e9m velk\u00e9m vyt\u00ed\u017een\u00ed v\u017edy t\u011b\u0161\u00edm.<\/blockquote>\n          <h6 class=\"skrv-testimonial-client\">V. H.<\/h6>\n        <\/div>\n      <\/div>\n                <div class=\"skrv-testimonial-item carousel-item\">\n        <div class=\"d-block\">\n                    <blockquote class=\"skrv-testimonial-text\">Naprosto spokojen\u00e1. Bez v\u00fdhrad \ud83d\ude0aKlidn\u011b bych si to v&nbsp;podobn\u00e9m duchu zopakovala. <\/blockquote>\n          <h6 class=\"skrv-testimonial-client\">J. R.<\/h6>\n        <\/div>\n      <\/div>\n                <div class=\"skrv-testimonial-item carousel-item\">\n        <div class=\"d-block\">\n                    <blockquote class=\"skrv-testimonial-text\">Vy\u010derpala jsem v\u0161ech osm lekc\u00ed a&nbsp;bylo to skv\u011bl\u00e9 - byl to p\u0159esn\u011b form\u00e1t, kter\u00fd by mi vyhovoval s&nbsp;ohledem na m\u00e9 \u010dasov\u00e9 mo\u017enosti. Lektorka Kl\u00e1ra byla moc fajn, d\u011bkuju za tuto mo\u017enost letn\u00ed angli\u010dtiny!<\/blockquote>\n          <h6 class=\"skrv-testimonial-client\">M. V.<\/h6>\n        <\/div>\n      <\/div>\n        <\/div>\n\n    <a class=\"carousel-control-prev\" href=\"#0\" data-bs-target=\"#skrv-testimonial\" role=\"button\" data-bs-slide=\"prev\">\n      <span class=\"carousel-control-prev-icon\" aria-hidden=\"true\"><\/span>\n      <span class=\"sr-only\">Previous<\/span>\n    <\/a>\n    <a class=\"carousel-control-next\" href=\"#0\" data-bs-target=\"#skrv-testimonial\" role=\"button\" data-bs-slide=\"next\">\n      <span class=\"carousel-control-next-icon\" aria-hidden=\"true\"><\/span>\n      <span class=\"sr-only\">Next<\/span>\n    <\/a>\n\n    <ol class=\"carousel-indicators hidden\">\n                <li data-bs-target=\"#skrv-testimonial\" data-bs-slide-to=\"0\" class=\"active\"><\/li>\n                <li data-bs-target=\"#skrv-testimonial\" data-bs-slide-to=\"1\" class=\"\"><\/li>\n                <li data-bs-target=\"#skrv-testimonial\" data-bs-slide-to=\"2\" class=\"\"><\/li>\n                <li data-bs-target=\"#skrv-testimonial\" data-bs-slide-to=\"3\" class=\"\"><\/li>\n                <li data-bs-target=\"#skrv-testimonial\" data-bs-slide-to=\"4\" class=\"\"><\/li>\n                <li data-bs-target=\"#skrv-testimonial\" data-bs-slide-to=\"5\" class=\"\"><\/li>\n                <li data-bs-target=\"#skrv-testimonial\" data-bs-slide-to=\"6\" class=\"\"><\/li>\n        <\/ol>\n  <\/div>\n\n<\/div>\n\n<\/div><\/div><\/div><\/div><\/div><div id=\"pg-28987-2\"  class=\"panel-grid panel-has-style\"  style=\"margin-bottom: 0px\" ><div class=\"siteorigin-panels-stretch panel-row-padding-none panel-row-style panel-row-style-for-28987-2\" data-stretch-type=\"full\" ><div id=\"pgc-28987-2-0\"  class=\"panel-grid-cell\" ><div id=\"panel-28987-2-0-0\" class=\"so-panel widget widget_wpa9-editor-ext panel-first-child panel-last-child\" data-index=\"2\" ><div\n\t\t\t\n\t\t\tclass=\"so-widget-wpa9-editor-ext so-widget-wpa9-editor-ext-default-c93e1481a745-28987\"\n\t\t\t\n\t\t>\n<div class=\"siteorigin-widget-tinymce textwidget\">\n\t<h3 class=\"wpa9-panel-title\"><img alt=\"ico-zkusenosti\" loading=\"lazy\" decoding=\"async\" class=\"alignnone wp-image-5289\" src=\"https:\/\/skrivanek.cz\/wp-content\/uploads\/2021\/03\/ico-zkusenosti.svg\" alt=\"\" width=\"30\" height=\"30\" \/>\u00a0Profesion\u00e1ln\u00ed lekto\u0159i<\/h3>\n<div class=\"wpa9-panel-content\">\n<p>Budou se v\u00e1m v\u011bnovat\u00a0<strong>zku\u0161en\u00ed lekto\u0159i s\u00a0n\u011bkolikaletou prax\u00ed<\/strong>\u00a0ve v\u00fduce. Budete m\u00edt tak\u00e9 mo\u017enost potkat se\u00a0<strong>s rodil\u00fdmi mluv\u010d\u00edmi<\/strong>\u00a0a\u00a0zahrani\u010dn\u00edmi lektory. Vyzkou\u0161\u00edte si tak komunikaci s\u00a0cizincem!<\/p>\n<p>P\u0159i v\u00fdb\u011bru lektor\u016f jsou pro n\u00e1s z\u00e1sadn\u00ed jejich\u00a0<strong>odborn\u00e9 jazykov\u00e9 a\u00a0pedagogick\u00e9 kvalifikace, jejich zku\u0161enosti s\u00a0v\u00fdukou<\/strong>\u00a0a\u00a0<strong>ochota d\u00e1le se profesn\u011b rozv\u00edjet<\/strong>. N\u00e1\u0161 lektorsk\u00fd t\u00fdm je tedy tvo\u0159en zku\u0161en\u00fdmi lektory, kte\u0159\u00ed maj\u00ed chu\u0165 se trvale vzd\u011bl\u00e1vat a\u00a0<strong>do v\u00fduky zapojovat\u00a0nov\u00e9 trendy<\/strong>.<\/p>\n<\/div>\n<\/div>\n<\/div><\/div><\/div><\/div><\/div><div id=\"pg-28987-3\"  class=\"panel-grid panel-has-style\" ><div class=\"siteorigin-panels-stretch panel-row-padding-none panel-row-style panel-row-style-for-28987-3\" data-stretch-type=\"full\" ><div id=\"pgc-28987-3-0\"  class=\"panel-grid-cell\" ><div id=\"panel-28987-3-0-0\" class=\"so-panel widget widget_wpa9-editor-ext panel-first-child panel-last-child\" data-index=\"3\" ><div id=\"speakinskillskurzy\" class=\"panel-widget-style panel-widget-style-for-28987-3-0-0\" ><div\n\t\t\t\n\t\t\tclass=\"so-widget-wpa9-editor-ext so-widget-wpa9-editor-ext-default-c93e1481a745-28987\"\n\t\t\t\n\t\t>\n<div class=\"siteorigin-widget-tinymce textwidget\">\n\t<p style=\"text-align: center;\"><span style=\"font-size: 20px;\">Nejste si jist\u00ed, jak\u00e1 je va\u0161e jazykov\u00e1 \u00farove\u0148? Otestujte se!<\/span><\/p>\n<p style=\"text-align: center;\"><span style=\"font-size: 20px;\"><a class=\"btn \" href=\"https:\/\/testy.skrivanek.cz\/\">Pot\u0159ebuji otestovat svou \u00farove\u0148<\/a><\/span><\/p>\n<\/div>\n<\/div><\/div><\/div><\/div><\/div><\/div><\/div>","protected":false},"excerpt":{"rendered":"<p>Rozmluvte se b\u011bhem l\u00e9ta Chcete b\u011bhem l\u00e9ta zlep\u0161it sv\u00e9 konverza\u010dn\u00ed schopnosti v\u00a0angli\u010dtin\u011b?\u00a0Na\u0161e letn\u00ed intenzivn\u00ed kurzy jsou p\u0159esn\u011b pro v\u00e1s!\u00a0Pono\u0159te se do angli\u010dtiny v\u00a0mal\u00fdch skupink\u00e1ch se zam\u011b\u0159en\u00edm na konverzaci a\u00a0praktick\u00e9 pou\u017eit\u00ed jazyka, veden\u00e9 zku\u0161en\u00fdmi lektory v\u00a0duchu inspiruj\u00edc\u00edch TED Talks. Podrobnosti kurzu: \u00a0Term\u00edny: 12.\u00a08. \u2013\u00a016.\u00a08.\u00a02024 \u00a0\u010cas kurzu: Ka\u017ed\u00fd den od 17:30 do 19:00 \u00a0D\u00e9lka lekce: 90 minut [&hellip;]<\/p>\n","protected":false},"author":9,"featured_media":0,"parent":305,"menu_order":0,"comment_status":"closed","ping_status":"closed","template":"","meta":{"_acf_changed":false,"footnotes":""},"class_list":["post-28987","page","type-page","status-publish","hentry"],"acf":[],"aioseo_notices":[],"_links":{"self":[{"href":"https:\/\/skrivanek.cz\/cz\/wp-json\/wp\/v2\/pages\/28987","targetHints":{"allow":["GET"]}}],"collection":[{"href":"https:\/\/skrivanek.cz\/cz\/wp-json\/wp\/v2\/pages"}],"about":[{"href":"https:\/\/skrivanek.cz\/cz\/wp-json\/wp\/v2\/types\/page"}],"author":[{"embeddable":true,"href":"https:\/\/skrivanek.cz\/cz\/wp-json\/wp\/v2\/users\/9"}],"replies":[{"embeddable":true,"href":"https:\/\/skrivanek.cz\/cz\/wp-json\/wp\/v2\/comments?post=28987"}],"version-history":[{"count":3,"href":"https:\/\/skrivanek.cz\/cz\/wp-json\/wp\/v2\/pages\/28987\/revisions"}],"predecessor-version":[{"id":29011,"href":"https:\/\/skrivanek.cz\/cz\/wp-json\/wp\/v2\/pages\/28987\/revisions\/29011"}],"up":[{"embeddable":true,"href":"https:\/\/skrivanek.cz\/cz\/wp-json\/wp\/v2\/pages\/305"}],"wp:attachment":[{"href":"https:\/\/skrivanek.cz\/cz\/wp-json\/wp\/v2\/media?parent=28987"}],"curies":[{"name":"wp","href":"https:\/\/api.w.org\/{rel}","templated":true}]}}