{"id":3054,"date":"2021-03-03T10:13:57","date_gmt":"2021-03-03T09:13:57","guid":{"rendered":"https:\/\/skrivanek.cz\/?page_id=3054"},"modified":"2026-03-24T20:57:59","modified_gmt":"2026-03-24T19:57:59","slug":"sponzorske-aktivity","status":"publish","type":"page","link":"https:\/\/skrivanek.cz\/cz\/sponzorske-aktivity\/","title":{"rendered":"Sponzorsk\u00e9 aktivity"},"content":{"rendered":"<div id=\"pl-3054\"  class=\"panel-layout\" ><div id=\"pg-3054-0\"  class=\"panel-grid panel-has-style\" ><div class=\"siteorigin-panels-stretch panel-row-padding-none panel-row-style panel-row-style-for-3054-0\" data-stretch-type=\"full\" ><div id=\"pgc-3054-0-0\"  class=\"panel-grid-cell\" ><div id=\"panel-3054-0-0-0\" class=\"so-panel widget widget_wpa9-card-l panel-first-child\" data-index=\"0\" ><div\n\t\t\t\n\t\t\tclass=\"so-widget-wpa9-card-l so-widget-wpa9-card-l-default-c93e1481a745-3054\"\n\t\t\t\n\t\t>\n\n<div class=\"wpa9-card wpa9-card-l-container d-flex flex-wrap wpa9-columns-2\">\n\n\t\n\t\t\n\t<div class=\"wpa9-card-l-panel wpa9-panel shadow rounded d-flex flex-column justify-content-between\">\n\n\t\t<div>\n\t\t\t\t\n\t\t\t\t\t\t\t\t<h2 class=\"wpa9-panel-title\">Remobil<\/h2>\n\t\t\n\t\t\t\t\t\t\t<div class=\"wpa9-panel-content\"><p>We act ECO! Proto jsme se tak\u00e9 z\u00fa\u010dastnili neziskov\u00e9ho projektu Remobil a&nbsp;zbavili se tak ekologicky star\u00fdch, nepot\u0159ebn\u00fdch mobiln\u00edch telefon\u016f.<\/p>\n<p>Projekt Remobil je ur\u010den pro <strong>v\u0161echny typy subjekt\u016f v\u010detn\u011b ob\u010dan\u016f<\/strong> a&nbsp;funguje v&nbsp;<strong>cel\u00e9 \u010cesk\u00e9 republice<\/strong>. Hlavn\u00edm c\u00edlem je zm\u011bna stavu, kdy se telefony hromad\u00ed v&nbsp;dom\u00e1cnostech a&nbsp;znamenaj\u00ed tak do budoucna enviroment\u00e1ln\u00ed probl\u00e9m. Nab\u00edz\u00ed proto co nejjednodu\u0161\u0161\u00ed zp\u016fsob jak se nepot\u0159ebn\u00fdch telefon\u016f zbavit.\u00a0 Z\u00e1rove\u0148 se z&nbsp;ka\u017ed\u00e9ho telefonu p\u0159isp\u00edv\u00e1 10&nbsp;K\u010d na charitativn\u00ed \u00fa\u010dely a&nbsp;d\u00edky recyklaci mobil\u016f doch\u00e1z\u00ed k&nbsp;op\u011btovn\u00e9mu vyu\u017eit\u00ed surovin. To v&nbsp;sou\u010dtu znamen\u00e1 nap\u0159\u00edklad v\u00fdznamn\u00e9 \u00faspory vody a&nbsp;sn\u00ed\u017een\u00ed produkce ekvivalentu CO\u00b2. Oboje vznik\u00e1 nebo se spot\u0159ebov\u00e1v\u00e1 p\u0159i&nbsp;t\u011b\u017eb\u011b nerostn\u00fdch surovin nutn\u00fdch pro v\u00fdrobu, nap\u0159\u00edklad nov\u00fdch mobiln\u00edch telefon\u016f.<\/p>\n<p>&nbsp;<\/p>\n<p>Jak jsme p\u0159isp\u011bli my?<\/p>\n<ul>\n<li>po\u010det sesb\u00edran\u00fdch telefon\u016f: 113 kus\u016f<\/li>\n<li>ostatn\u00ed p\u0159\u00edslu\u0161enstv\u00ed nebo elektroza\u0159\u00edzen\u00ed: 3&nbsp;kg<\/li>\n<li>mno\u017estv\u00ed pr\u00e1ce pro hendikepovan\u00e9: 18 hod.<\/li>\n<li>p\u0159\u00edsp\u011bvek na dobro\u010dinnost: 1&nbsp;130&nbsp;K\u010d<\/li>\n<li>sn\u00ed\u017een\u00ed emis\u00ed ekv. CO2: 297&nbsp;kg<\/li>\n<li>\u00faspora pitn\u00e9 vody: 4&nbsp;161&nbsp;l<\/li>\n<li>sn\u00ed\u017een\u00ed po\u010dtu kilometr\u016f: 1&nbsp;811 km<\/li>\n<\/ul>\n<\/div>\n\t\t\t\t<\/div>\n\n\t\t\t\t<div class=\"meta meta-buttons d-flex flex-column flex-sm-row justify-content-center\">\n\t\t\t\t\t<a class=\"btn \" href=\"https:\/\/remobil.cz\/\" title=\"Remobil\">Remobil<\/a>\n\t\t\t\t\t\t\t<a class=\"btn \" href=\"https:\/\/skrivanek.cz\/wp-content\/uploads\/2021\/06\/skrivanek-sro-certifikat.pdf\" title=\"Certifik\u00e1t od Remobil\">Certifik\u00e1t od Remobil<\/a>\n\t\t\t\t<\/div>\n\t\t\n\t<\/div>\n\n\t\t\n\t<div class=\"wpa9-card-l-panel wpa9-panel shadow rounded d-flex flex-column justify-content-between\">\n\n\t\t<div>\n\t\t\t\t\n\t\t\t\t\t\t\t\t<h2 class=\"wpa9-panel-title\">Spolupracujeme s&nbsp;organizac\u00ed Klub \u017dAP<\/h2>\n\t\t\n\t\t\t\t\t\t\t<div class=\"wpa9-panel-content\"><p>Klub\u00a0\u017dAP\u00a0je neziskov\u00e9 sv\u00e9pomocn\u00e9 sdru\u017een\u00ed \u017een s&nbsp;rakovinou prsu. Jeho c\u00edlem je pom\u00e1hat \u017een\u00e1m s&nbsp;n\u00e1dorov\u00fdm onemocn\u011bn\u00edm, p\u0159ekonat slo\u017eit\u00e9 p\u0159ed i&nbsp;poopera\u010dn\u00ed obdob\u00ed, poskytnout jim co nejv\u00edce informac\u00ed o&nbsp;nemoci a&nbsp;jej\u00ed l\u00e9\u010db\u011b, podporovat zlep\u0161en\u00ed psychick\u00e9 i&nbsp;fyzick\u00e9 kondice, zv\u00fd\u0161en\u00ed sebev\u011bdom\u00ed a&nbsp;celkov\u00e9 zlep\u0161en\u00ed kvality \u017eivota. V&nbsp;r\u00e1mci prevence rakoviny prsu prov\u00e1d\u00ed instrukt\u00e1\u017ee o&nbsp;samovy\u0161et\u0159ov\u00e1n\u00ed prsu pro\u00a0ve\u0159ejnost.<\/p>\n<\/div>\n\t\t\t\t<\/div>\n\n\t\t\t\t<div class=\"meta meta-buttons d-flex flex-column flex-sm-row justify-content-start\">\n\t\t\t\t\t<a class=\"btn \" href=\"https:\/\/www.klubzap.cz\/\" title=\"Web Klub \u017dAP\">Web Klub \u017dAP<\/a>\n\t\t\t\t\t\t<\/div>\n\t\t\n\t<\/div>\n\n\t\t\n\t\n<\/div>\n<\/div><\/div><div id=\"panel-3054-0-0-1\" class=\"so-panel widget widget_wpa9-card-l panel-last-child\" data-index=\"1\" ><div\n\t\t\t\n\t\t\tclass=\"so-widget-wpa9-card-l so-widget-wpa9-card-l-default-c93e1481a745-3054\"\n\t\t\t\n\t\t>\n\n<div class=\"wpa9-card wpa9-card-l-container d-flex flex-wrap wpa9-columns-2\">\n\n\t\n\t\t\n\t<div class=\"wpa9-card-l-panel wpa9-panel shadow rounded d-flex flex-column justify-content-between\">\n\n\t\t<div>\n\t\t\t\t\n\t\t\t\t\t\t\t\t<h2 class=\"wpa9-panel-title\">Spolupr\u00e1ce se sdru\u017een\u00edm ProCit<\/h2>\n\t\t\n\t\t\t\t\t\t\t<div class=\"wpa9-panel-content\"><p>ProCit je poskytovatel soci\u00e1ln\u011b akvizi\u010dn\u00edch slu\u017eeb pro rodiny s&nbsp;d\u011btmi s&nbsp;poruchou autistick\u00e9ho spektra. C\u00edlem tohoto ob\u010dansk\u00e9ho sdru\u017een\u00ed je uleh\u010dit rodin\u00e1m d\u011bt\u00ed s&nbsp;autismem, poskytnout jim z\u00e1zem\u00ed s&nbsp;odbornou p\u00e9\u010d\u00ed a&nbsp;znovu je zapojit do v\u011bt\u0161inov\u00e9\u00a0spole\u010dnosti.<\/p>\n<\/div>\n\t\t\t\t<\/div>\n\n\t\t\t\t<div class=\"meta meta-buttons d-flex flex-column flex-sm-row justify-content-start\">\n\t\t\t\t\t<a class=\"btn \" href=\"http:\/\/www.autismusprocit.cz\/\" title=\"Web ProCit\">Web ProCit<\/a>\n\t\t\t\t\t\t<\/div>\n\t\t\n\t<\/div>\n\n\t\t\n\t<div class=\"wpa9-card-l-panel wpa9-panel shadow rounded d-flex flex-column justify-content-between\">\n\n\t\t<div>\n\t\t\t\t\n\t\t\t\t\t\t\t\t<h2 class=\"wpa9-panel-title\">Sk\u0159iv\u00e1nek v&nbsp;modr\u00e9 2020<\/h2>\n\t\t\n\t\t\t\t\t\t\t<div class=\"wpa9-panel-content\"><p><strong>Bu\u010f jinej, bu\u010f modrej!<\/strong><br \/>\nK&nbsp;p\u0159\u00edle\u017eitosti Sv\u011btov\u00e9ho dne porozum\u011bn\u00ed autismu se Sk\u0159iv\u00e1n\u010d\u00ed zam\u011bstnanci p\u0159evl\u00e9kli do modr\u00e9.\u00a0Modrou barvou vyjad\u0159ujeme podporu\u00a0<a href=\"https:\/\/www.facebook.com\/ProCitPlzen\/?eid=ARB07nYXkuMArp8cZyQkh4Y7DcZb7pnThsP5w1VLrJGBJsR3XijEHIGxBys2GZ3QH-_uNzqVqq68fEkg&amp;fref=mentions&amp;__xts__[0]=68.ARDkDW2VdEvoeXZJPF7V_EuxZ-9P8_Ftd5_Fk9qCdkH7k2WqObjhXYQLrLc69YT-GFx8CH9AoifAbJhPaoXPRZ86v-HdH0x9p5GPmKFyGjLNHoivTReyVJ2QlJufv6WWKVW-Cipx45L1HJFhnO-wg38YYo_k3dRED5uBIcFMCmvKjbIpai8IvVt4Wr3JTj2HGTUNUjr9QAmPrvrU_4Qn3ZHE6u_mcnDkRDkXD8caVMQvMOLPU42V0ZBSLoGd-6gYnOJg7JeAYO6yPq2nI_TUa19qaEOBg9pTh8ZXQxs_OJkPbybTCOidip7UK90yuA\">Ob\u010dansk\u00e9 sdru\u017een\u00ed ProCit, z.s.<\/a>\u00a0(Plze\u0148) . A&nbsp;pro\u010d pr\u00e1v\u011b modr\u00e1? \u00a0Symbolizuje schopnost komunikovat a&nbsp;rozum\u011bt. Jde o&nbsp;dv\u011b oblasti, kde lid\u00e9 s&nbsp;autismem pot\u0159ebuj\u00ed\u00a0<strong>nejv\u011bt\u0161\u00ed podporu a&nbsp;pochopen\u00ed od ve\u0159ejnosti<\/strong>.<\/p>\n<p>Pod\u00edvejte se na zn\u00e1m\u00e9 osobnosti, kter\u00e9 se obl\u00e9kly\u00a0do\u00a0<a href=\"https:\/\/www.youtube.com\/watch?v=YCNk8bFrOQ4\">modr\u00e9<\/a>.<\/p>\n<\/div>\n\t\t\t\t<\/div>\n\n\t\t\t\t<div class=\"meta meta-buttons d-flex flex-column flex-sm-row justify-content-start\">\n\t\t\t\t\t<a class=\"btn \" href=\"http:\/\/www.autismusprocit.cz\/\" title=\"Web ProCit\" target=\"_blank\">Web ProCit<\/a>\n\t\t\t\t\t\t<\/div>\n\t\t\n\t<\/div>\n\n\t\t\n\t<div class=\"wpa9-card-l-panel wpa9-panel shadow rounded d-flex flex-column justify-content-between\">\n\n\t\t<div>\n\t\t\t\t\n\t\t\t\t\t\t\t\t<h2 class=\"wpa9-panel-title\">RUN for ProCit 2019<\/h2>\n\t\t\n\t\t\t\t\t\t\t<div class=\"wpa9-panel-content\"><p><span class=\"caps\">RUN<\/span>\u00a0for ProCit se moc povedl, akci hodnot\u00edme velice dob\u0159e. B\u011b\u017ec\u016f se z\u00fa\u010dastnilo kolem 400, celkem bylo p\u0159\u00edtomno cca 500&nbsp;lid\u00ed.<br \/>\nV\u00fdt\u011b\u017eek pro ProCit na konto ve\u0159ejn\u00e9 sb\u00edrky byl cca 80 tis\u00edc, co\u017e je nejv\u00edce za \u00e9ru po\u0159\u00e1d\u00e1n\u00ed modr\u00e9ho b\u011bhu, m\u00e1me moc velkou radost. V\u011b\u0159\u00edm, \u017ee i&nbsp;p\u0159\u00ed\u0161t\u00ed rok, kdy slav\u00edme 10.&nbsp;v\u00fdro\u010d\u00ed od zalo\u017een\u00ed ProCitu se b\u011bhu z\u00fa\u010dastn\u00edte a&nbsp;podpo\u0159\u00edte\u00a0n\u00e1s.<\/p>\n<\/div>\n\t\t\t\t<\/div>\n\n\t\t\t\t<div class=\"meta meta-buttons d-flex flex-column flex-sm-row justify-content-start\">\n\t\t\t\t\t<a class=\"btn \" href=\"https:\/\/youtu.be\/gHT6EAq6EpI\" title=\"Jak vypadal RUN for ProCit 2019?\" target=\"_blank\">Jak vypadal RUN for ProCit 2019?<\/a>\n\t\t\t\t\t\t<\/div>\n\t\t\n\t<\/div>\n\n\t\t\n\t<div class=\"wpa9-card-l-panel wpa9-panel shadow rounded d-flex flex-column justify-content-between\">\n\n\t\t<div>\n\t\t\t\t\n\t\t\t\t\t\t\t\t<h2 class=\"wpa9-panel-title\">Sk\u0159iv\u00e1nek v&nbsp;modr\u00e9m<\/h2>\n\t\t\n\t\t\t\t\t\t\t<div class=\"wpa9-panel-content\"><p>Dne 2.&nbsp;4.&nbsp;ka\u017edoro\u010dn\u011b nast\u00e1v\u00e1 sv\u011btov\u00fd den porozum\u011bn\u00ed\u00a0autismu.<\/p>\n<p>V\u00a0souladu s\u00a0Mezin\u00e1rodn\u00ed konvenc\u00ed o&nbsp;pr\u00e1vech lid\u00ed s\u00a0posti\u017een\u00edm tento den slou\u017e\u00ed p\u0159edev\u0161\u00edm pro zd\u016frazn\u011bn\u00ed faktu, \u017ee je t\u0159eba zkvalit\u0148ovat \u017eivot lid\u00ed s&nbsp;autismem, aby mohli v\u00e9st smyslupln\u00fd a&nbsp;d\u016fstojn\u00fd\u00a0\u017eivot.<\/p>\n<p>Lid\u00e9 na cel\u00e9m sv\u011bt\u011b zapojuj\u00ed do osv\u011btov\u00fdch kampan\u00ed. V\u011bt\u0161inu akc\u00ed spojuje modr\u00e1 barva. Pro\u010d modr\u00e1? Modr\u00e1 je barvou komunikace a&nbsp;sebevyj\u00e1d\u0159en\u00ed, co\u017e je jedna z&nbsp;oblast\u00ed, ve kter\u00e9 maj\u00ed lid\u00e9 s&nbsp;autismem nejv\u011bt\u0161\u00ed\u00a0pot\u00ed\u017ee.<\/p>\n<p>V r\u00e1mci projektu \u201cSk\u0159iv\u00e1nek v&nbsp;modr\u00e9m\u201d se cel\u00e1 firma\u00a0barv\u00ed do modra. Zam\u011bstnanci p\u0159ijdou do pr\u00e1ce v&nbsp;modr\u00e9m oble\u010den\u00ed, firemn\u00ed e-maily se zabarv\u00ed na modro. Modrou barvou d\u00e1v\u00e1me najevo koho podporujeme a&nbsp;komu pom\u00e1h\u00e1me v&nbsp;t\u011b\u017ek\u00e9\u00a0situaci.<\/p>\n<\/div>\n\t\t\t\t<\/div>\n\n\t\t\t\t<div class=\"meta meta-buttons d-flex flex-column flex-sm-row justify-content-start\">\n\t\t\t\t\t<a class=\"btn \" href=\"https:\/\/www.facebook.com\/skrivanekczech\/photos\/?tab=album&#038;album_id=10154220001276326\" title=\"Sk\u0159iv\u00e1nci v modr\u00e9m\">Sk\u0159iv\u00e1nci v&nbsp;modr\u00e9m<\/a>\n\t\t\t\t\t\t<\/div>\n\t\t\n\t<\/div>\n\n\t\t\n\t<div class=\"wpa9-card-l-panel wpa9-panel shadow rounded d-flex flex-column justify-content-between\">\n\n\t\t<div>\n\t\t\t\t\n\t\t\t\t\t\t\t\t<h2 class=\"wpa9-panel-title\">RUN for ProCit 2018<\/h2>\n\t\t\n\t\t\t\t\t\t\t<div class=\"wpa9-panel-content\"><p>Sv\u011btov\u00fd den autismu v\u00a0roce 2018 p\u0159ipadl na Velikono\u010dn\u00ed pond\u011bl\u00ed. M\u00edsto dress codu a&nbsp;emailov\u00fdch schr\u00e1nek jsme v\u00a0tento sv\u00e1te\u010dn\u00ed den ve Sk\u0159iv\u00e1nkovi zbarvili do modra velikono\u010dn\u00ed vaj\u00ed\u010dka. V&nbsp;kruhu rodinn\u00e9m jsme tedy oslavili Vesel\u00e9 a&nbsp;modr\u00e9\u00a0Velikonoce.<\/p>\n<p>Dne 7.4.&nbsp;jsme si op\u011bt nenechali uj\u00edt ji\u017e 3.ro\u010dn\u00edk rodinn\u00e9ho charitativn\u00edho b\u011bhu\u00a0<u><a href=\"https:\/\/www.runforprocit.cz\/\"><span class=\"caps\">RUN<\/span>\u00a0for ProCit<\/a><\/u>\u00a0na podporu d\u011bt\u00ed s\u00a0autismem. Nada\u010dn\u00ed b\u011bh m\u016f\u017eete ka\u017ed\u00fd rok podpo\u0159it i&nbsp;vy. Zakoupen\u00edm startovn\u00e9ho nebo drobn\u00fdch d\u00e1rk\u016f v&nbsp;den z\u00e1vodu. Letos byl b\u011bh nav\u00edc zpest\u0159en modrou pr\u00e1\u0161kovac\u00ed barvou, na vybran\u00e9m \u00faseku trati. D\u00e9lka b\u011b\u017eeck\u00fd tras jsou 2 a&nbsp;5 km. Ocen\u011bn\u00ed byli prvn\u00ed t\u0159i b\u011b\u017eci a&nbsp;b\u011b\u017ekyn\u011b z\u00a0ka\u017ed\u00e9ho\u00a0b\u011bhu.<\/p>\n<p>\u017de nepat\u0159\u00edte mezi velk\u00e9 sportovce? Nevad\u00ed, ka\u017ed\u00fd si zde najde n\u011bco sv\u00e9ho. Tento rok byli mile pot\u011b\u0161en\u00ed v\u0161ichni fanou\u0161ci dobr\u00e9 k\u00e1vy, piva a&nbsp;dobr\u00e9ho j\u00eddla. D\u011bkujeme v\u0161em, kte\u0159\u00ed nesed\u011bli doma a&nbsp;p\u0159ipojili se k\u00a0n\u00e1m v\u00a0boji za dobrou v\u011bc. V\u00fdt\u011b\u017eek z\u00a0cel\u00e9 akce putuje na podporu rodin\u00e1m, kter\u00e9 pe\u010duj\u00ed o&nbsp;d\u011bti s\u00a0poruchou autistick\u00e9ho spektra (<span class=\"caps\">PAS<\/span>).<\/p>\n<\/div>\n\t\t\t\t<\/div>\n\n\t\t\t\t<div class=\"meta meta-buttons d-flex flex-column flex-sm-row justify-content-start\">\n\t\t\t\t\t<a class=\"btn \" href=\"https:\/\/www.youtube.com\/watch?v=bI-UNUPuYpg&#038;feature=youtu.be\" title=\"Jak vypadal RUN for ProCit 2018?\">Jak vypadal RUN for ProCit 2018?<\/a>\n\t\t\t\t\t\t<\/div>\n\t\t\n\t<\/div>\n\n\t\t\n\t<div class=\"wpa9-card-l-panel wpa9-panel shadow rounded d-flex flex-column justify-content-between\">\n\n\t\t<div>\n\t\t\t\t\n\t\t\t\t\t\t\t\t<h2 class=\"wpa9-panel-title\">RUN for ProCit 2017<\/h2>\n\t\t\n\t\t\t\t\t\t\t<div class=\"wpa9-panel-content\"><p>1.&nbsp;dubna 2017 prob\u011bhl 2.&nbsp;ro\u010dn\u00edk charitativn\u00edho rodinn\u00e9ho b\u011bhu\u00a0<span class=\"caps\">RUN<\/span>\u00a0for ProCit na podporu d\u011bt\u00ed s\u00a0autismem.<\/p>\n<p>B\u011b\u017eci mohli p\u0159isp\u011bt na konto ProCit zakoupen\u00edm startovn\u00e9ho nebo koup\u00ed drobn\u00e9ho d\u00e1rku v&nbsp;den\u00a0z\u00e1vodu.<\/p>\n<p>Sou\u010d\u00e1st\u00ed akce byl i&nbsp;bohat\u00fd doprovodn\u00fd program. Pro d\u011bti byl p\u0159ipraven sk\u00e1kac\u00ed hrad a&nbsp;malov\u00e1n\u00ed na obli\u010dej. Pro dobrodruhy byla p\u0159ipravena speci\u00e1ln\u00ed z\u00e1\u017eitkov\u00e1 b\u011b\u017eeck\u00e1 trasa. Milovn\u00edci dobr\u00e9ho j\u00eddla a&nbsp;pit\u00ed mohli ochutnat skv\u011blou k\u00e1vu, francouzsk\u00e9 delikatesy, v\u00fdbornou vegetari\u00e1nskou pol\u00e9vku nebo b\u011b\u017eeck\u00e9 pivo a&nbsp;mo\u0161ty z\u00a0m\u00edstn\u00edho\u00a0pivovaru.<\/p>\n<p>Akce se z\u00fa\u010dastnilo okolo\u00a0500 nad\u0161en\u00fdch b\u011b\u017ec\u016f a&nbsp;pro ProCit se poda\u0159ilo vybrat skv\u011bl\u00fdch 70&nbsp;000\u00a0K\u010d.<\/p>\n<\/div>\n\t\t\t\t<\/div>\n\n\t\t\t\t<div class=\"meta meta-buttons d-flex flex-column flex-sm-row justify-content-start\">\n\t\t\t\t\t<a class=\"btn \" href=\"https:\/\/www.facebook.com\/ProCitPlzen\/photos\/?tab=album&#038;album_id=1268724503211763\" title=\"Jak vypadal RUN for ProCit 2017?\">Jak vypadal RUN for ProCit 2017?<\/a>\n\t\t\t\t\t\t<\/div>\n\t\t\n\t<\/div>\n\n\t\t\n\t\n<\/div>\n<\/div><\/div><\/div><\/div><\/div><\/div>","protected":false},"excerpt":{"rendered":"<p>Remobil We act ECO! Proto jsme se tak\u00e9 z\u00fa\u010dastnili neziskov\u00e9ho projektu Remobil a&nbsp;zbavili se tak ekologicky star\u00fdch, nepot\u0159ebn\u00fdch mobiln\u00edch telefon\u016f. Projekt Remobil je ur\u010den pro v\u0161echny typy subjekt\u016f v\u010detn\u011b ob\u010dan\u016f a&nbsp;funguje v&nbsp;cel\u00e9 \u010cesk\u00e9 republice. Hlavn\u00edm c\u00edlem je zm\u011bna stavu, kdy se telefony hromad\u00ed v&nbsp;dom\u00e1cnostech a&nbsp;znamenaj\u00ed tak do budoucna enviroment\u00e1ln\u00ed probl\u00e9m. Nab\u00edz\u00ed proto co nejjednodu\u0161\u0161\u00ed zp\u016fsob [&hellip;]<\/p>\n","protected":false},"author":1,"featured_media":0,"parent":0,"menu_order":0,"comment_status":"closed","ping_status":"closed","template":"","meta":{"_acf_changed":false,"footnotes":""},"class_list":["post-3054","page","type-page","status-publish","hentry"],"acf":[],"aioseo_notices":[],"_links":{"self":[{"href":"https:\/\/skrivanek.cz\/cz\/wp-json\/wp\/v2\/pages\/3054","targetHints":{"allow":["GET"]}}],"collection":[{"href":"https:\/\/skrivanek.cz\/cz\/wp-json\/wp\/v2\/pages"}],"about":[{"href":"https:\/\/skrivanek.cz\/cz\/wp-json\/wp\/v2\/types\/page"}],"author":[{"embeddable":true,"href":"https:\/\/skrivanek.cz\/cz\/wp-json\/wp\/v2\/users\/1"}],"replies":[{"embeddable":true,"href":"https:\/\/skrivanek.cz\/cz\/wp-json\/wp\/v2\/comments?post=3054"}],"version-history":[{"count":3,"href":"https:\/\/skrivanek.cz\/cz\/wp-json\/wp\/v2\/pages\/3054\/revisions"}],"predecessor-version":[{"id":80580,"href":"https:\/\/skrivanek.cz\/cz\/wp-json\/wp\/v2\/pages\/3054\/revisions\/80580"}],"wp:attachment":[{"href":"https:\/\/skrivanek.cz\/cz\/wp-json\/wp\/v2\/media?parent=3054"}],"curies":[{"name":"wp","href":"https:\/\/api.w.org\/{rel}","templated":true}]}}