{"id":3080,"date":"2021-03-03T10:56:01","date_gmt":"2021-03-03T09:56:01","guid":{"rendered":"https:\/\/skrivanek.cz\/?page_id=3080"},"modified":"2026-03-24T21:00:08","modified_gmt":"2026-03-24T20:00:08","slug":"pro-media","status":"publish","type":"page","link":"https:\/\/skrivanek.cz\/cz\/pro-media\/","title":{"rendered":"Pro m\u00e9dia"},"content":{"rendered":"<div id=\"pl-3080\"  class=\"panel-layout\" ><div id=\"pg-3080-0\"  class=\"panel-grid panel-has-style\"  style=\"margin-bottom: 0px\" ><div class=\"siteorigin-panels-stretch panel-row-padding-none panel-row-style panel-row-style-for-3080-0\" style=\"padding: 40px 0px 40px 0px;\" data-stretch-type=\"full\" ><div id=\"pgc-3080-0-0\"  class=\"panel-grid-cell panel-grid-cell-empty\" ><\/div><div id=\"pgc-3080-0-1\"  class=\"panel-grid-cell panel-grid-cell-mobile-last\" ><div id=\"panel-3080-0-1-0\" class=\"so-panel widget widget_wpa9-editor-ext panel-first-child panel-last-child\" data-index=\"0\" ><div\n\t\t\t\n\t\t\tclass=\"so-widget-wpa9-editor-ext so-widget-wpa9-editor-ext-default-c93e1481a745-3080\"\n\t\t\t\n\t\t>\n<div class=\"siteorigin-widget-tinymce textwidget\">\n\t<h3 style=\"text-align: center;\">Loga Sk\u0159iv\u00e1nek ke sta\u017een\u00ed<\/h3>\n<p style=\"text-align: center;\"><a href=\"https:\/\/skrivanek.cz\/wp-content\/uploads\/2021\/09\/skrivanek-ci.zip\">Loga Sk\u0159iv\u00e1nek ke sta\u017een\u00ed<\/a><\/p>\n<h3 class=\"wpa9-buttons-group-title widget-title layout-positive\" style=\"text-align: center;\">Promo fotografie a\u00a0videa k\u00a0voln\u00e9mu u\u017eit\u00ed<\/h3>\n<p style=\"text-align: center;\"><a href=\"https:\/\/www.youtube.com\/watch?v=IYRZeQPM2MU\" target=\"_blank\" rel=\"noopener\">Rozum\u011bt a\u00a0porozum\u011bt<\/a><\/p>\n<p style=\"text-align: center;\"><a href=\"https:\/\/www.youtube.com\/watch?v=YdEf7yNnHgA\" target=\"_blank\" rel=\"noopener\">Jazykov\u00e1 \u0161kola: The wor(l)d is yours<\/a><\/p>\n<p style=\"text-align: center;\"><a href=\"https:\/\/www.youtube.com\/watch?v=C5pIZr7OAJI\" target=\"_blank\" rel=\"noopener\">Jak usp\u011bt p\u0159i\u00a0pohovoru v\u00a0ciz\u00edm jazyce<\/a><\/p>\n<\/div>\n<\/div><\/div><\/div><div id=\"pgc-3080-0-2\"  class=\"panel-grid-cell panel-grid-cell-empty\" ><\/div><\/div><\/div><div id=\"pg-3080-1\"  class=\"panel-grid panel-no-style\" ><div id=\"pgc-3080-1-0\"  class=\"panel-grid-cell\" ><div id=\"panel-3080-1-0-0\" class=\"so-panel widget widget_wpa9-posts widget-posts panel-first-child panel-last-child\" data-index=\"1\" ><div\n\t\t\t\n\t\t\tclass=\"so-widget-wpa9-posts so-widget-wpa9-posts-base\"\n\t\t\t\n\t\t><h3 class=\"widget-title\">Novinky ze sv\u011bta jazyk\u016f<\/h3><div class=\"widget-subheadline\"><\/div>\n\n  <!-- .posts -->\n  <div class=\"loop-posts row\">\n\n\t  \n    <!-- article -->\n    \n<article class=\"col-lg-3 col-sm-6 post-80733 post type-post status-publish format-standard has-post-thumbnail hentry category-blog\" id=\"post-80733\">\n\n  \n  <a href=\"https:\/\/skrivanek.cz\/cz\/blog\/jakoby-nebo-jako-by-jaky-je-rozdil-a-kdy-co-pouzit\/\" class=\"post-ajax thumbnail\" data-postid=\"80733\" title=\"Jakoby nebo jako by: jak\u00fd je rozd\u00edl a&nbsp;kdy co pou\u017e\u00edt?\">\n    <figure class=\"r3x2\">\n      <img loading=\"lazy\" decoding=\"async\" width=\"512\" height=\"340\" src=\"https:\/\/skrivanek.cz\/wp-content\/uploads\/2026\/03\/jakoby-jako-by.jpg\" class=\"rounded wp-post-image\" alt=\"jakoby nebo jako by\" \/>    <\/figure>\n  <\/a>\n\n  <div class=\"entry-container\">\n\n    <header>\n            <div class=\"meta-date\">26\/3\/2026<\/div>\n            <h2 class=\"post-title\"><a class=\"post-ajax\" href=\"https:\/\/skrivanek.cz\/cz\/blog\/jakoby-nebo-jako-by-jaky-je-rozdil-a-kdy-co-pouzit\/\" data-postid=\"80733\" title=\"Jakoby nebo jako by: jak\u00fd je rozd\u00edl a&nbsp;kdy co pou\u017e\u00edt?\">Jakoby nebo jako by: jak\u00fd je rozd\u00edl a&nbsp;kdy co pou\u017e\u00edt?<\/a><\/h2>\n    <\/header>\n\n    <main class=\"entry-excerpt\">\n      V\u00e1h\u00e1te n\u011bkdy, zda napsat \u201ejakoby\u201c, nebo \u201ejako by\u201c? Nejste sami. Pat\u0159\u00ed to mezi typick\u00e9 pravopisn\u00e9 chyt\u00e1ky, kter\u00e9 d\u011blaj\u00ed probl\u00e9m i&hellip;    <\/main>\n\n  <\/div>\n\n<\/article>\n<!-- \/article -->\n\n    \n    <!-- article -->\n    \n<article class=\"col-lg-3 col-sm-6 post-79226 post type-post status-publish format-standard has-post-thumbnail hentry category-blog\" id=\"post-79226\">\n\n  \n  <a href=\"https:\/\/skrivanek.cz\/cz\/blog\/podpora-pro-energeticky-prumysl-preklad-rozsahlych-servisnich-dokumentu\/\" class=\"post-ajax thumbnail\" data-postid=\"79226\" title=\"Podpora pro energetick\u00fd pr\u016fmysl: p\u0159eklad rozs\u00e1hl\u00fdch servisn\u00edch dokument\u016f\">\n    <figure class=\"r3x2\">\n      <img loading=\"lazy\" decoding=\"async\" width=\"512\" height=\"340\" src=\"https:\/\/skrivanek.cz\/wp-content\/uploads\/2025\/12\/turbinove-technologie-preklady-pro-energeticky-prumysl.jpg\" class=\"rounded wp-post-image\" alt=\"turb\u00ednov\u00e9-technologie- p\u0159eklady pro energetick\u00fd pr\u016fmysl\" \/>    <\/figure>\n  <\/a>\n\n  <div class=\"entry-container\">\n\n    <header>\n            <div class=\"meta-date\">13\/1\/2026<\/div>\n            <h2 class=\"post-title\"><a class=\"post-ajax\" href=\"https:\/\/skrivanek.cz\/cz\/blog\/podpora-pro-energeticky-prumysl-preklad-rozsahlych-servisnich-dokumentu\/\" data-postid=\"79226\" title=\"Podpora pro energetick\u00fd pr\u016fmysl: p\u0159eklad rozs\u00e1hl\u00fdch servisn\u00edch dokument\u016f\">Podpora pro energetick\u00fd pr\u016fmysl: p\u0159eklad rozs\u00e1hl\u00fdch servisn\u00edch dokument\u016f<\/a><\/h2>\n    <\/header>\n\n    <main class=\"entry-excerpt\">\n      V&nbsp;energetice rozhoduj\u00ed o&nbsp;bezpe\u010dn\u00e9m provozu nejen \u0161pi\u010dkov\u00e9 technologie, ale i&nbsp;dokumentace, kter\u00e1 je doprov\u00e1z\u00ed. Servisn\u00ed smlouvy pro turb\u00ednov\u00e9 syst\u00e9my&hellip;    <\/main>\n\n  <\/div>\n\n<\/article>\n<!-- \/article -->\n\n    \n    <!-- article -->\n    \n<article class=\"col-lg-3 col-sm-6 post-79154 post type-post status-publish format-standard has-post-thumbnail hentry category-blog\" id=\"post-79154\">\n\n  \n  <a href=\"https:\/\/skrivanek.cz\/cz\/blog\/technicke-preklady-pro-mezinarodni-automotive-zavod-rychlost-konzistence-a-podpora-vicejazycnych-tymu\/\" class=\"post-ajax thumbnail\" data-postid=\"79154\" title=\"Technick\u00e9 p\u0159eklady pro mezin\u00e1rodn\u00ed automotive z\u00e1vod: rychlost, konzistence a&nbsp;podpora v\u00edcejazy\u010dn\u00fdch t\u00fdm\u016f\">\n    <figure class=\"r3x2\">\n      <img loading=\"lazy\" decoding=\"async\" width=\"512\" height=\"340\" src=\"https:\/\/skrivanek.cz\/wp-content\/uploads\/2025\/12\/technicke-preklady-pro-mezinarodni-automotive-zavod.jpg\" class=\"rounded wp-post-image\" alt=\"Technick\u00e9 p\u0159eklady pro mezin\u00e1rodn\u00ed automotive z\u00e1vod\" \/>    <\/figure>\n  <\/a>\n\n  <div class=\"entry-container\">\n\n    <header>\n            <div class=\"meta-date\">6\/1\/2026<\/div>\n            <h2 class=\"post-title\"><a class=\"post-ajax\" href=\"https:\/\/skrivanek.cz\/cz\/blog\/technicke-preklady-pro-mezinarodni-automotive-zavod-rychlost-konzistence-a-podpora-vicejazycnych-tymu\/\" data-postid=\"79154\" title=\"Technick\u00e9 p\u0159eklady pro mezin\u00e1rodn\u00ed automotive z\u00e1vod: rychlost, konzistence a&nbsp;podpora v\u00edcejazy\u010dn\u00fdch t\u00fdm\u016f\">Technick\u00e9 p\u0159eklady pro mezin\u00e1rodn\u00ed automotive z\u00e1vod: rychlost, konzistence a&nbsp;podpora v\u00edcejazy\u010dn\u00fdch t\u00fdm\u016f<\/a><\/h2>\n    <\/header>\n\n    <main class=\"entry-excerpt\">\n      Mezin\u00e1rodn\u00ed v\u00fdrobn\u00ed z\u00e1vody v&nbsp;automobilov\u00e9m pr\u016fmyslu pracuj\u00ed s&nbsp;rozs\u00e1hlou technickou dokumentac\u00ed, kter\u00e1 mus\u00ed b\u00fdt dostupn\u00e1 v&nbsp;n\u011bkolika jazyc\u00edch a&nbsp;v\u017edy&hellip;    <\/main>\n\n  <\/div>\n\n<\/article>\n<!-- \/article -->\n\n    \n    <!-- article -->\n    \n<article class=\"col-lg-3 col-sm-6 post-79070 post type-post status-publish format-standard has-post-thumbnail hentry category-blog\" id=\"post-79070\">\n\n  \n  <a href=\"https:\/\/skrivanek.cz\/cz\/blog\/preklady-pro-mezinarodni-vystavu-v-japonsku-precizni-priprava-expresni-terminy-a-globalni-tym\/\" class=\"post-ajax thumbnail\" data-postid=\"79070\" title=\"P\u0159eklady pro mezin\u00e1rodn\u00ed v\u00fdstavu v&nbsp;Japonsku: precizn\u00ed p\u0159\u00edprava, expresn\u00ed term\u00edny a&nbsp;glob\u00e1ln\u00ed t\u00fdm\">\n    <figure class=\"r3x2\">\n      <img loading=\"lazy\" decoding=\"async\" width=\"512\" height=\"340\" src=\"https:\/\/skrivanek.cz\/wp-content\/uploads\/2025\/12\/case-study-japansko-expo.jpg\" class=\"rounded wp-post-image\" alt=\"P\u0159eklady pro mezin\u00e1rodn\u00ed v\u00fdstavu v Japonsku\" \/>    <\/figure>\n  <\/a>\n\n  <div class=\"entry-container\">\n\n    <header>\n            <div class=\"meta-date\">22\/12\/2025<\/div>\n            <h2 class=\"post-title\"><a class=\"post-ajax\" href=\"https:\/\/skrivanek.cz\/cz\/blog\/preklady-pro-mezinarodni-vystavu-v-japonsku-precizni-priprava-expresni-terminy-a-globalni-tym\/\" data-postid=\"79070\" title=\"P\u0159eklady pro mezin\u00e1rodn\u00ed v\u00fdstavu v&nbsp;Japonsku: precizn\u00ed p\u0159\u00edprava, expresn\u00ed term\u00edny a&nbsp;glob\u00e1ln\u00ed t\u00fdm\">P\u0159eklady pro mezin\u00e1rodn\u00ed v\u00fdstavu v&nbsp;Japonsku: precizn\u00ed p\u0159\u00edprava, expresn\u00ed term\u00edny a&nbsp;glob\u00e1ln\u00ed t\u00fdm<\/a><\/h2>\n    <\/header>\n\n    <main class=\"entry-excerpt\">\n      Kdy\u017e se na n\u00e1s obr\u00e1tila dlouholet\u00e1 klientka s&nbsp;urgentn\u00edm po\u017eadavkem na p\u0159eklady v\u00fdstavn\u00edch materi\u00e1l\u016f pro presti\u017en\u00ed EXPO v&nbsp;Japonsku, bylo&hellip;    <\/main>\n\n  <\/div>\n\n<\/article>\n<!-- \/article -->\n\n    \n    \n  <\/div>\n  <!-- \/posts -->\n\n  <aside>\n  <\/aside>\n\n<\/div><\/div><\/div><\/div><\/div>","protected":false},"excerpt":{"rendered":"<p>Loga Sk\u0159iv\u00e1nek ke sta\u017een\u00ed Loga Sk\u0159iv\u00e1nek ke sta\u017een\u00ed Promo fotografie a\u00a0videa k\u00a0voln\u00e9mu u\u017eit\u00ed Rozum\u011bt a\u00a0porozum\u011bt Jazykov\u00e1 \u0161kola: The wor(l)d is yours Jak usp\u011bt p\u0159i\u00a0pohovoru v\u00a0ciz\u00edm jazyce Novinky ze sv\u011bta jazyk\u016f 26\/3\/2026 Jakoby nebo jako by: jak\u00fd je rozd\u00edl a&nbsp;kdy co pou\u017e\u00edt? V\u00e1h\u00e1te n\u011bkdy, zda napsat \u201ejakoby\u201c, nebo \u201ejako by\u201c? Nejste sami. Pat\u0159\u00ed to mezi typick\u00e9 [&hellip;]<\/p>\n","protected":false},"author":1,"featured_media":0,"parent":0,"menu_order":0,"comment_status":"closed","ping_status":"closed","template":"","meta":{"_acf_changed":false,"footnotes":""},"class_list":["post-3080","page","type-page","status-publish","hentry"],"acf":[],"aioseo_notices":[],"_links":{"self":[{"href":"https:\/\/skrivanek.cz\/cz\/wp-json\/wp\/v2\/pages\/3080","targetHints":{"allow":["GET"]}}],"collection":[{"href":"https:\/\/skrivanek.cz\/cz\/wp-json\/wp\/v2\/pages"}],"about":[{"href":"https:\/\/skrivanek.cz\/cz\/wp-json\/wp\/v2\/types\/page"}],"author":[{"embeddable":true,"href":"https:\/\/skrivanek.cz\/cz\/wp-json\/wp\/v2\/users\/1"}],"replies":[{"embeddable":true,"href":"https:\/\/skrivanek.cz\/cz\/wp-json\/wp\/v2\/comments?post=3080"}],"version-history":[{"count":4,"href":"https:\/\/skrivanek.cz\/cz\/wp-json\/wp\/v2\/pages\/3080\/revisions"}],"predecessor-version":[{"id":80586,"href":"https:\/\/skrivanek.cz\/cz\/wp-json\/wp\/v2\/pages\/3080\/revisions\/80586"}],"wp:attachment":[{"href":"https:\/\/skrivanek.cz\/cz\/wp-json\/wp\/v2\/media?parent=3080"}],"curies":[{"name":"wp","href":"https:\/\/api.w.org\/{rel}","templated":true}]}}