{"id":3435,"date":"2021-03-04T21:37:47","date_gmt":"2021-03-04T20:37:47","guid":{"rendered":"https:\/\/skrivanek.cz\/?page_id=3435"},"modified":"2024-11-28T10:09:34","modified_gmt":"2024-11-28T09:09:34","slug":"dekujeme","status":"publish","type":"page","link":"https:\/\/skrivanek.cz\/cz\/dekujeme\/","title":{"rendered":"D\u011bkujeme"},"content":{"rendered":"<div id=\"pl-3435\"  class=\"panel-layout\" ><div id=\"pg-3435-0\"  class=\"panel-grid panel-has-style\" ><div class=\"mascot mascot-4c mascot-4c-thankyou panel-row-padding-none panel-row-style panel-row-style-for-3435-0\" ><div id=\"pgc-3435-0-0\"  class=\"panel-grid-cell\" ><div id=\"panel-3435-0-0-0\" class=\"so-panel widget widget_wpa9-card-s panel-first-child panel-last-child\" data-index=\"0\" ><div\n\t\t\t\n\t\t\tclass=\"so-widget-wpa9-card-s so-widget-wpa9-card-s-default-c93e1481a745-3435\"\n\t\t\t\n\t\t><div class=\"wpa9-card wpa9-card-s narrow positive\">\n\n\t<div class=\"wpa9-card-wrapper container\">\n\n\t\t<div class=\"wpa9-card-text\">\n\t\t\t<h2 class=\"wpa9-card-title\">Va\u0161i popt\u00e1vku jsme p\u0159ijali.<\/h2>\n\t\t\t<div class=\"wpa9-card-content\"><p style=\"text-align: center\">D\u011bkujeme, \u017ee jste n\u00e1s oslovili. Budeme V\u00e1s kontaktovat.<\/p>\n<\/div>\t\t<\/div>\n\n\t\t\n\t<\/div>\n\n<\/div>\n<\/div><\/div><\/div><\/div><\/div><\/div>","protected":false},"excerpt":{"rendered":"<p>Va\u0161i popt\u00e1vku jsme p\u0159ijali. D\u011bkujeme, \u017ee jste n\u00e1s oslovili. Budeme V\u00e1s kontaktovat.<\/p>\n","protected":false},"author":1,"featured_media":0,"parent":0,"menu_order":0,"comment_status":"closed","ping_status":"closed","template":"","meta":{"_acf_changed":false,"footnotes":""},"class_list":["post-3435","page","type-page","status-publish","hentry"],"acf":[],"aioseo_notices":[],"_links":{"self":[{"href":"https:\/\/skrivanek.cz\/cz\/wp-json\/wp\/v2\/pages\/3435","targetHints":{"allow":["GET"]}}],"collection":[{"href":"https:\/\/skrivanek.cz\/cz\/wp-json\/wp\/v2\/pages"}],"about":[{"href":"https:\/\/skrivanek.cz\/cz\/wp-json\/wp\/v2\/types\/page"}],"author":[{"embeddable":true,"href":"https:\/\/skrivanek.cz\/cz\/wp-json\/wp\/v2\/users\/1"}],"replies":[{"embeddable":true,"href":"https:\/\/skrivanek.cz\/cz\/wp-json\/wp\/v2\/comments?post=3435"}],"version-history":[{"count":1,"href":"https:\/\/skrivanek.cz\/cz\/wp-json\/wp\/v2\/pages\/3435\/revisions"}],"predecessor-version":[{"id":73151,"href":"https:\/\/skrivanek.cz\/cz\/wp-json\/wp\/v2\/pages\/3435\/revisions\/73151"}],"wp:attachment":[{"href":"https:\/\/skrivanek.cz\/cz\/wp-json\/wp\/v2\/media?parent=3435"}],"curies":[{"name":"wp","href":"https:\/\/api.w.org\/{rel}","templated":true}]}}