{"id":3443,"date":"2021-03-04T21:48:11","date_gmt":"2021-03-04T20:48:11","guid":{"rendered":"https:\/\/skrivanek.cz\/?page_id=3443"},"modified":"2026-03-24T09:34:16","modified_gmt":"2026-03-24T08:34:16","slug":"bonusovy-program-max","status":"publish","type":"page","link":"https:\/\/skrivanek.cz\/cz\/bonusovy-program-max\/","title":{"rendered":"Bonusov\u00fd program MAX"},"content":{"rendered":"<div id=\"pl-3443\"  class=\"panel-layout\" ><div id=\"pg-3443-0\"  class=\"panel-grid panel-has-style\" ><div class=\"siteorigin-panels-stretch panel-row-padding-none panel-row-style panel-row-style-for-3443-0\" data-stretch-type=\"full\" ><div id=\"pgc-3443-0-0\"  class=\"panel-grid-cell\" ><div id=\"panel-3443-0-0-0\" class=\"so-panel widget widget_wpa9-card-l panel-first-child panel-last-child\" data-index=\"0\" ><div\n\t\t\t\n\t\t\tclass=\"so-widget-wpa9-card-l so-widget-wpa9-card-l-default-c93e1481a745-3443\"\n\t\t\t\n\t\t>\n\n<div class=\"wpa9-card wpa9-card-l-container d-flex flex-wrap wpa9-columns-2\">\n\n\t\n\t\t\n\t<div class=\"wpa9-card-l-panel wpa9-panel shadow rounded d-flex flex-column justify-content-between\">\n\n\t\t<div>\n\t\t\t\t\n\t\t\t\t\t\t\t\t<h2 class=\"wpa9-panel-title\">O programu<\/h2>\n\t\t\n\t\t\t\t\t\t\t<div class=\"wpa9-panel-content\"><p>Sb\u00edrejte body za vyu\u017e\u00edv\u00e1n\u00ed na\u0161ich slu\u017eeb a&nbsp;vyberte si odm\u011bnu, kterou chcete. Body v\u00e1m p\u0159ip\u00ed\u0161eme za p\u0159eklady, tlumo\u010den\u00ed, jazykov\u00e9 kurzy a&nbsp;dal\u0161\u00ed produkty. Zaregistrujte se do bonusov\u00e9ho programu online nebo na pobo\u010dce.<\/p>\n<ul>\n<li>Odm\u011bny formou pouk\u00e1zky na n\u00e1kup v&nbsp;internetov\u00e9m obchod\u011b <a href=\"https:\/\/www.mall.cz\/\" target=\"_blank\" rel=\"noopener\">www.mall.cz<\/a><\/li>\n<li>D\u00e1rek podle va\u0161eho v\u00fdb\u011bru<\/li>\n<li>Unik\u00e1tn\u00ed k\u00f3d pro ka\u017edou pouk\u00e1zku<\/li>\n<li>1&nbsp;000 bod\u016f = poukaz v&nbsp;hodnot\u011b 200&nbsp;K\u010d<\/li>\n<li>2&nbsp;000 bod\u016f = poukaz v&nbsp;hodnot\u011b 500&nbsp;K\u010d<\/li>\n<li>3&nbsp;500 bod\u016f = poukaz v&nbsp;hodnot\u011b 1&nbsp;000&nbsp;K\u010d<\/li>\n<li>7&nbsp;000 bod\u016f = poukaz v&nbsp;hodnot\u011b 2&nbsp;500&nbsp;K\u010d<\/li>\n<li>12&nbsp;000 bod\u016f = poukaz v&nbsp;hodnot\u011b 5&nbsp;000&nbsp;K\u010d<\/li>\n<\/ul>\n<\/div>\n\t\t\t\t<\/div>\n\n\t\t\t\t<div class=\"meta meta-buttons d-flex flex-column flex-sm-row justify-content-start\">\n\t\t\t\t\t<a class=\"btn btn-negative \" href=\"https:\/\/isweb.skrivanek.cz\/cs\/customer-loyality-registration.aspx?Lang=cs-CZ\" title=\"Registrace do programu\" target=\"_blank\">Registrace do programu<\/a>\n\t\t\t\t\t\t<\/div>\n\t\t\n\t<\/div>\n\n\t\t\n\t<div class=\"wpa9-card-l-panel wpa9-panel shadow rounded d-flex flex-column justify-content-between\">\n\n\t\t<div>\n\t\t\t\t\n\t\t\t\t\t\t\t\t<h2 class=\"wpa9-panel-title\">Pravidla \u010derp\u00e1n\u00ed odm\u011bn<\/h2>\n\t\t\n\t\t\t\t\t\t\t<div class=\"wpa9-panel-content\"><p>\u010cerp\u00e1n\u00ed pouk\u00e1zek podl\u00e9h\u00e1 pravidl\u016fm bonusov\u00e9ho programu\u00a0MAX.<\/p>\n<p>\u00da\u010dastn\u00edk m\u00e1 pr\u00e1vo \u010derpat odm\u011bny v&nbsp;takov\u00e9 v\u00fd\u0161i, jak\u00e1 odpov\u00edd\u00e1 aktu\u00e1ln\u00edmu stavu jeho konta v&nbsp;r\u00e1mci bonusov\u00e9ho programu\u00a0MAX. V&nbsp;p\u0159\u00edpad\u011b objedn\u00e1vky d\u00e1rku s&nbsp;vy\u0161\u0161\u00ed hodnotou uhrad\u00ed rozd\u00edl oproti pouk\u00e1zce podle platebn\u00edch podm\u00ednek\u00a0MALL.CZ.<\/p>\n<p>\u010cerp\u00e1n\u00edm odm\u011bny se stav bodov\u00e9ho konta \u00fa\u010dastn\u00edka automaticky sn\u00ed\u017e\u00ed o&nbsp;p\u0159\u00edslu\u0161n\u00fd po\u010det\u00a0bod\u016f.<\/p>\n<p>Body na kont\u011b \u00fa\u010dastn\u00edka maj\u00ed platnost 24 m\u011bs\u00edc\u016f od data p\u0159ips\u00e1n\u00ed. Po&nbsp;vypr\u0161en\u00ed t\u00e9to lh\u016fty se nevy\u010derpan\u00e9 body automaticky a&nbsp;bez n\u00e1hrady odepisuj\u00ed z\u00a0konta.<\/p>\n<p>Sk\u0159iv\u00e1nek s.r.o. nen\u00ed zodpov\u011bdn\u00fd za d\u00e1rky vybran\u00e9 klientem na webov\u00fdch str\u00e1nk\u00e1ch\u00a0<a href=\"https:\/\/www.mall.cz\/\" target=\"_blank\" rel=\"noopener\">www.mall.cz<\/a>.<\/p>\n<p>MALL.CZ\u00a0pln\u011b p\u0159eb\u00edr\u00e1 zodpov\u011bdnost za objedn\u00e1vky a&nbsp;doru\u010den\u00ed d\u00e1rk\u016f objednan\u00fdch klienty spole\u010dnosti Sk\u0159iv\u00e1nek na z\u00e1klad\u011b \u010derp\u00e1n\u00ed v\u011brnostn\u00edch bod\u016f za objedn\u00e1vky jazykov\u00fdch\u00a0slu\u017eeb.<\/p>\n<\/div>\n\t\t\t\t<\/div>\n\n\t\t\t\t<div class=\"meta meta-buttons d-flex flex-column flex-sm-row justify-content-start\">\n\t\t\t\t\t<a class=\"btn \" href=\"https:\/\/skrivanek.cz\/cz\/pravidla-max\/\" title=\"Podm\u00ednky a pravidla v\u011brnostn\u00edho programu\">Podm\u00ednky a&nbsp;pravidla v\u011brnostn\u00edho programu<\/a>\n\t\t\t\t\t\t<\/div>\n\t\t\n\t<\/div>\n\n\t\t\n\t\n<\/div>\n<\/div><\/div><\/div><\/div><\/div><\/div>","protected":false},"excerpt":{"rendered":"<p>O programu Sb\u00edrejte body za vyu\u017e\u00edv\u00e1n\u00ed na\u0161ich slu\u017eeb a&nbsp;vyberte si odm\u011bnu, kterou chcete. Body v\u00e1m p\u0159ip\u00ed\u0161eme za p\u0159eklady, tlumo\u010den\u00ed, jazykov\u00e9 kurzy a&nbsp;dal\u0161\u00ed produkty. Zaregistrujte se do bonusov\u00e9ho programu online nebo na pobo\u010dce. Odm\u011bny formou pouk\u00e1zky na n\u00e1kup v&nbsp;internetov\u00e9m obchod\u011b www.mall.cz D\u00e1rek podle va\u0161eho v\u00fdb\u011bru Unik\u00e1tn\u00ed k\u00f3d pro ka\u017edou pouk\u00e1zku 1&nbsp;000 bod\u016f = poukaz v&nbsp;hodnot\u011b 200&nbsp;K\u010d [&hellip;]<\/p>\n","protected":false},"author":1,"featured_media":0,"parent":0,"menu_order":0,"comment_status":"closed","ping_status":"closed","template":"","meta":{"_acf_changed":false,"footnotes":""},"class_list":["post-3443","page","type-page","status-publish","hentry"],"acf":[],"aioseo_notices":[],"_links":{"self":[{"href":"https:\/\/skrivanek.cz\/cz\/wp-json\/wp\/v2\/pages\/3443","targetHints":{"allow":["GET"]}}],"collection":[{"href":"https:\/\/skrivanek.cz\/cz\/wp-json\/wp\/v2\/pages"}],"about":[{"href":"https:\/\/skrivanek.cz\/cz\/wp-json\/wp\/v2\/types\/page"}],"author":[{"embeddable":true,"href":"https:\/\/skrivanek.cz\/cz\/wp-json\/wp\/v2\/users\/1"}],"replies":[{"embeddable":true,"href":"https:\/\/skrivanek.cz\/cz\/wp-json\/wp\/v2\/comments?post=3443"}],"version-history":[{"count":4,"href":"https:\/\/skrivanek.cz\/cz\/wp-json\/wp\/v2\/pages\/3443\/revisions"}],"predecessor-version":[{"id":80161,"href":"https:\/\/skrivanek.cz\/cz\/wp-json\/wp\/v2\/pages\/3443\/revisions\/80161"}],"wp:attachment":[{"href":"https:\/\/skrivanek.cz\/cz\/wp-json\/wp\/v2\/media?parent=3443"}],"curies":[{"name":"wp","href":"https:\/\/api.w.org\/{rel}","templated":true}]}}