{"id":3452,"date":"2021-03-04T21:49:17","date_gmt":"2021-03-04T20:49:17","guid":{"rendered":"https:\/\/skrivanek.cz\/?page_id=3452"},"modified":"2026-03-24T15:13:41","modified_gmt":"2026-03-24T14:13:41","slug":"pravidla-max","status":"publish","type":"page","link":"https:\/\/skrivanek.cz\/cz\/pravidla-max\/","title":{"rendered":"Pravidla v\u011brnostn\u00edho bonusov\u00e9ho programu MAX"},"content":{"rendered":"<div id=\"pl-3452\"  class=\"panel-layout\" ><div id=\"pg-3452-0\"  class=\"panel-grid panel-no-style\" ><div id=\"pgc-3452-0-0\"  class=\"panel-grid-cell\" ><div id=\"panel-3452-0-0-0\" class=\"so-panel widget widget_wpa9-editor-ext panel-first-child panel-last-child\" data-index=\"0\" ><div class=\"panel-widget-style panel-widget-style-for-3452-0-0-0\" ><div\n\t\t\t\n\t\t\tclass=\"so-widget-wpa9-editor-ext so-widget-wpa9-editor-ext-default-c93e1481a745-3452\"\n\t\t\t\n\t\t>\n<div class=\"siteorigin-widget-tinymce textwidget\">\n\t<p>Pro z\u00e1kazn\u00edky spole\u010dnosti Sk\u0159iv\u00e1nek s.r.o., se s\u00eddlem Na dolin\u00e1ch 22, Praha 4, 147&nbsp;00,\u00a0<span class=\"caps\">I\u010c<\/span>: 607&nbsp;15\u00a0235 (d\u00e1le jen \u201eprovozovatel\u201c), je p\u0159ipraven V\u011brnostn\u00ed program (d\u00e1le jen \u201e<span class=\"caps\">VP<\/span>\u201c). V&nbsp;r\u00e1mci\u00a0<span class=\"caps\">VP<\/span>\u00a0z\u00edsk\u00e1vaj\u00ed registrovan\u00ed z\u00e1kazn\u00edci (d\u00e1le jen \u201e\u00fa\u010dastn\u00edci\u201c) body za \u010derpan\u00e9 slu\u017eby. Tyto body si\u00a0mohou \u00fa\u010dastn\u00edci za stanoven\u00fdch podm\u00ednek vym\u011bnit za odm\u011bny. \u010clenstv\u00ed ve\u00a0<span class=\"caps\">VP<\/span>\u00a0se \u0159\u00edd\u00ed n\u00ed\u017ee uveden\u00fdmi\u00a0pravidly.<\/p>\n<p>&nbsp;<\/p>\n<h4>1.&nbsp;\u010clenstv\u00ed ve V\u011brnostn\u00edm\u00a0programu<\/h4>\n<p><strong>1.1.<\/strong>\u00a0\u00da\u010dastn\u00edkem\u00a0<span class=\"caps\">VP<\/span>\u00a0se m\u016f\u017ee st\u00e1t v\u00fdhradn\u011b fyzick\u00e1 osoba, z\u00e1kazn\u00edk provozovatele, star\u0161\u00ed 18\u00a0let<\/p>\n<p><strong>1.2.<\/strong>\u00a0Registrace do\u00a0<span class=\"caps\">VP<\/span> prob\u00edh\u00e1 elektronickou cestou na tomto <a href=\"https:\/\/isweb.skrivanek.cz\/cs\/customer-loyality-registration.aspx?Lang=cs-CZ\">odkazu<\/a>\u00a0nebo odevzd\u00e1n\u00edm vypln\u011bn\u00e9 ti\u0161t\u011bn\u00e9 p\u0159ihl\u00e1\u0161ky na kter\u00e9koli z\u00a0pobo\u010dek provozovatele. Povinn\u00fdm \u00fadajem p\u0159ihl\u00e1\u0161ky je, bez ohledu na jej\u00ed formu, mj.<br \/>\ne-mailov\u00e1 adresa \u017eadatele o&nbsp;\u00fa\u010dast v\u00a0bonusov\u00e9m programu\u00a0<span class=\"caps\">MAX<\/span>.<\/p>\n<p><strong>1.3.<\/strong>\u00a0Po vypln\u011bn\u00ed a&nbsp;odesl\u00e1n\u00ed\/odevzd\u00e1n\u00ed p\u0159ihl\u00e1\u0161ky provozovateli si provozovatel vyhrazuje lh\u016ftu v\u00a0trv\u00e1n\u00ed 5\u00a0pracovn\u00edch dn\u00ed na zpracov\u00e1n\u00ed a&nbsp;ov\u011b\u0159en\u00ed \u00fadaj\u016f uveden\u00fdch\u00a0v\u00a0p\u0159ihl\u00e1\u0161ce.<\/p>\n<p><strong>1.4.<\/strong>\u00a0Pokud je p\u0159ihl\u00e1\u0161ka ne\u00fapln\u00e1 nebo jsou v\u00a0p\u0159ihl\u00e1\u0161ce uveden\u00e9 nespr\u00e1vn\u00e9 \u00fadaje, provozovatel si\u00a0vyhrazuje pr\u00e1vo neprov\u00e9st kroky vedouc\u00ed k\u00a0dokon\u010den\u00ed\u00a0registrace.<\/p>\n<p><strong>1.5.<\/strong>\u00a0Provozovatel informuje \u017eadatele o&nbsp;p\u0159\u00edpadn\u00e9 ne\u00faplnosti p\u0159ihl\u00e1\u0161ky nebo chyb\u00e1ch \u00fadaj\u016f zde\u00a0uveden\u00fdch v\u00fdhradn\u011b elektronickou cestou na e-mailovou adresu uvedenou v\u00a0p\u0159ihl\u00e1\u0161ce. Jestli\u017ee se nepoda\u0159\u00ed vady p\u0159ihl\u00e1\u0161ky odstranit, pak provozovatel ozn\u00e1m\u00ed \u017eadateli o&nbsp;\u00fa\u010dast jeho nezaregistrov\u00e1n\u00ed v\u00fdhradn\u011b elektronickou cestou na e-mailovou adresu uvedenou\u00a0v\u00a0p\u0159ihl\u00e1\u0161ce.<\/p>\n<p><strong>1.6.<\/strong>\u00a0\u00da\u010dast ve\u00a0<span class=\"caps\">VP<\/span>\u00a0vznik\u00e1 a&nbsp;body se za\u010d\u00ednaj\u00ed na kont\u011b \u00fa\u010dastn\u00edka evidovat k\u00a0datu uveden\u00e9mu v&nbsp;potvrzen\u00ed p\u0159ihl\u00e1\u0161ky ze strany\u00a0provozovatele.<\/p>\n<p><strong>1.7.<\/strong>\u00a0Registra\u010dn\u00ed \u00fadaje s\u00a0potvrzen\u00edm o&nbsp;p\u0159ijet\u00ed p\u0159ihl\u00e1\u0161ky ode\u0161le provozovatel v\u00fdhradn\u011b elektronickou cestou na e-mailovou adresu uvedenou \u017eadatelem.<br \/>\nStejn\u00fdm zp\u016fsobem zas\u00edl\u00e1 provozovatel \u00fa\u010dastn\u00edkovi tak\u00e9 jakoukoliv dal\u0161\u00ed korespondenci v\u00a0r\u00e1mci\u00a0<span class=\"caps\">VP<\/span>.<\/p>\n<p><strong>1.8.<\/strong>\u00a0Ka\u017ed\u00e9mu \u00fa\u010dastn\u00edkovi provozovatel vytvo\u0159\u00ed a&nbsp;vede pouze jeden \u00fa\u010dastnick\u00fd \u00fa\u010det, dal\u0161\u00ed \u00fa\u010det \u00fa\u010dastn\u00edkovi vytvo\u0159\u00ed teprve po&nbsp;zru\u0161en\u00ed p\u016fvodn\u00edho\u00a0\u00fa\u010dtu.<\/p>\n<h4>2. Evidence\u00a0bod\u016f<\/h4>\n<p><strong>2.1.<\/strong>\u00a0Po \u00fasp\u011b\u0161n\u00e9 registraci se \u00fa\u010dastn\u00edkovi automaticky p\u0159ipo\u010d\u00edt\u00e1vaj\u00ed body na konto \u00fa\u010dastn\u00edka za\u00a0ve\u0161ker\u00e9 \u010derpan\u00e9 jazykov\u00e9 slu\u017eby nab\u00edzen\u00e9 spole\u010dnost\u00ed Sk\u0159iv\u00e1nek s.r.o., objednan\u00e9 dan\u00fdm registrovan\u00fdm\u00a0\u00fa\u010dastn\u00edkem.<\/p>\n<p><strong>2.2.<\/strong>\u00a0P\u0159i\u010d\u00edt\u00e1n\u00ed bod\u016f na konto \u00fa\u010dastn\u00edka prob\u00edh\u00e1 ze zak\u00e1zek objednan\u00fdch dan\u00fdm registrovan\u00fdm \u00fa\u010dastn\u00edkem p\u0159\u00edmo pro \u00fa\u010dastn\u00edka a\/nebo \u00fa\u010dastn\u00edkem opr\u00e1vn\u011bn\u011b objednan\u00fdch pro t\u0159et\u00ed osobu \u010di\u00a0jm\u00e9nem t\u0159et\u00ed\u00a0osoby.<\/p>\n<p><strong>2.3.<\/strong>\u00a0Body budou na konto \u00fa\u010dastn\u00edka p\u0159ips\u00e1ny p\u0159i&nbsp;spln\u011bn\u00ed ve\u0161ker\u00fdch podm\u00ednek k\u00a0datu p\u0159ips\u00e1n\u00ed pen\u011b\u017en\u00edch prost\u0159edk\u016f na \u00fa\u010det provozovatele, evidovan\u00fdch provozovatelem jako pln\u00e1 \u00fahrada p\u0159edm\u011btn\u00fdch slu\u017eeb objednan\u00fdch\u00a0\u00fa\u010dastn\u00edkem.<\/p>\n<p><strong>2.4.<\/strong>\u00a0V\u00a0p\u0159\u00edpad\u011b, \u017ee \u00fahrada za objednanou slu\u017ebu byla p\u0159ips\u00e1na na \u00fa\u010det provozovatele se zpo\u017ed\u011bn\u00edm a\u00a0nikoli v\u00a0\u0159\u00e1dn\u00e9m term\u00ednu splatnosti, uveden\u00e9m na da\u0148ov\u00e9m dokladu vystaven\u00e9m provozovatelem za \u010derp\u00e1n\u00ed t\u011bchto slu\u017eeb, je provozovatel opr\u00e1vn\u011bn nezapo\u010d\u00edtat \u00fa\u010dastn\u00edkovi body za p\u0159edm\u011btn\u00e9 pozdn\u011b uhrazen\u00e9\u00a0slu\u017eby.<\/p>\n<p><strong>2.5.<\/strong>\u00a0Body se na\u010d\u00edtaj\u00ed pouze na \u00fa\u010dty \u00fa\u010dastn\u00edk\u016f \u0159\u00e1dn\u011b registrovan\u00fdch ve V\u011brnostn\u00edm\u00a0programu.<\/p>\n<p><strong>2.6.<\/strong>\u00a0P\u0159i spln\u011bn\u00ed v\u0161ech podm\u00ednek uveden\u00fdch v\u00a0t\u011bchto pravidlech se \u00fa\u010dastn\u00edkovi na jeho konto p\u0159i\u010d\u00edt\u00e1 1\u00a0bod za ka\u017ed\u00fdch 50&nbsp;K\u010d bez\u00a0<span class=\"caps\">DPH<\/span>\u00a0z\u00a0plateb p\u0159ipsan\u00fdch za zak\u00e1zky objednan\u00e9 \u00fa\u010dastn\u00edkem. \u010c\u00edm\u00a0v\u00edce \u00fa\u010dastn\u00edk objedn\u00e1v\u00e1, t\u00edm vy\u0161\u0161\u00ed pom\u011brovou \u010d\u00e1st bod\u016f z\u00edsk\u00e1v\u00e1. P\u0159esn\u00fd rozpis se \u0159\u00edd\u00ed n\u00e1sleduj\u00edc\u00ed\u00a0tabulkou:<\/p>\n<p>&nbsp;<\/p>\n<p>Po\u010det bod\u016f\u00a0\u2013 Hodnota\u00a0poukazu<\/p>\n<ul>\n<li>1&nbsp;000 bod\u016f \u2013 poukaz v&nbsp;hodnot\u011b 200\u00a0K\u010d<\/li>\n<li>2&nbsp;000 bod\u016f\u00a0\u2013 poukaz v&nbsp;hodnot\u011b 500\u00a0K\u010d<\/li>\n<li>3&nbsp;500 bod\u016f \u2013\u00a0poukaz v&nbsp;hodnot\u011b 1&nbsp;000\u00a0K\u010d<\/li>\n<li>7&nbsp;000 bod\u016f\u00a0\u2013 poukaz v&nbsp;hodnot\u011b 2&nbsp;500\u00a0K\u010d<\/li>\n<li>12&nbsp;000 bod\u016f\u00a0\u2013 poukaz v&nbsp;hodnot\u011b 5&nbsp;000\u00a0K\u010d<\/li>\n<\/ul>\n<p>&nbsp;<\/p>\n<p><strong>2.7.<\/strong>\u00a0Nelze s\u010d\u00edtat body z\u00a0n\u011bkolika \u00fa\u010dastnick\u00fdch kont, i&nbsp;kdyby tyto \u00fa\u010dty byly v\u00a0r\u00e1mci jedn\u00e9 spole\u010dnosti a\/nebo jedin\u00e9ho\u00a0\u00fa\u010dastn\u00edka.<\/p>\n<h4>3. Informace o\u00a0bodech<\/h4>\n<p><strong>3.1.<\/strong> Stav bodov\u00e9ho konta si m\u016f\u017eete zkontrolovat ve va\u0161em online \u00fa\u010dtu na adrese: <a href=\"https:\/\/muj.skrivanek.cz\/Account\/Login\/\">https:\/\/muj.skrivanek.cz\/Account\/Login\/<\/a>.\u00a0Pro zji\u0161t\u011bn\u00ed stavu bodov\u00e9ho konta \u00fa\u010dastn\u00edka je tak\u00e9 mo\u017en\u00e9 obr\u00e1tit se e-mailem na adresu\u00a0<a href=\"javascript:secureDecryptAndNavigate('E9llezD1s8B8LIHoqoE\/vH0moXnZgarObXzExkFLR+BqHccQietYuUuJKzS7oIlLmPlceOIsa6VvwXirsEuaVKSG3hjQay0\/7vgopIY=', '9c1e8f5271bf4f233390c22bdf43601f044e80460c2e9cc63c40d8bc66437679')\"><u><a href=\"javascript:secureDecryptAndNavigate('E9llezD1s8B8LIHoqoE\/vH0moXnZgarObXzExkFLR+BqHccQietYuUuJKzS7oIlLmPlceOIsa6VvwXirsEuaVKSG3hjQay0\/7vgopIY=', '9c1e8f5271bf4f233390c22bdf43601f044e80460c2e9cc63c40d8bc66437679')\">moj&#101;ko&#110;&#116;o&#64;sk&#114;&#105;&#118;&#97;ne&#107;.cz<\/a><\/u><\/a>, p\u0159\u00edpadn\u011b telefonicky na p\u0159\u00edslu\u0161nou spolupracuj\u00edc\u00ed pobo\u010dku spole\u010dnosti Sk\u0159iv\u00e1nek s.r.o. (p\u0159i&nbsp;dotazu je v\u017edy nutn\u00e9 uv\u00e9st registra\u010dn\u00ed \u00fadaje\u00a0\u00fa\u010dastn\u00edka).<\/p>\n<h4>4.&nbsp;\u010cerp\u00e1n\u00ed\u00a0odm\u011bn<\/h4>\n<p><strong>4.1.<\/strong> Odm\u011bnou za z\u00edskan\u00e9 body jsou pouk\u00e1zky na n\u00e1kup zbo\u017e\u00ed v&nbsp;internetov\u00e9m obchod\u011b Alza\u00a0na\u00a0internetov\u00e9 adrese\u00a0<a href=\"https:\/\/www.alza.cz\/\"><u>alza.cz<\/u><\/a>.<\/p>\n<p><strong>4.2.<\/strong>\u00a0\u017d\u00e1dost o&nbsp;\u010derp\u00e1n\u00ed odm\u011bn lze zaslat bu\u010f elektronicky pomoc\u00ed dotazu ze sv\u00e9ho \u00fa\u010dtu, e-mailem na\u00a0adrese\u00a0<a href=\"javascript:secureDecryptAndNavigate('SQiLSNAz2fvhGLxjcpgI2TMGPneGEVXFaoyjZ1b7besjjsQc1YifTg\/D05c3tx9JpfxND1sPMnQBcc7Txfn+voalZs678HlNo90CvFU=', '9c1e8f5271bf4f233390c22bdf43601f044e80460c2e9cc63c40d8bc66437679')\"><u><a href=\"javascript:secureDecryptAndNavigate('SQiLSNAz2fvhGLxjcpgI2TMGPneGEVXFaoyjZ1b7besjjsQc1YifTg\/D05c3tx9JpfxND1sPMnQBcc7Txfn+voalZs678HlNo90CvFU=', '9c1e8f5271bf4f233390c22bdf43601f044e80460c2e9cc63c40d8bc66437679')\">&#109;&#111;j&#101;konto&#64;&#115;&#107;&#114;&#105;van&#101;&#107;.c&#122;<\/a><\/u><\/a>, nebo telefonicky, pop\u0159.&nbsp;osobn\u011b na p\u0159\u00edslu\u0161n\u00e9 spolupracuj\u00edc\u00ed\u00a0pobo\u010dce.<\/p>\n<p><strong>4.3.<\/strong>\u00a0\u00da\u010dastn\u00edk je opr\u00e1vn\u011bn \u010derpat odm\u011bny v&nbsp;takov\u00e9 v\u00fd\u0161i, jak\u00e1 odpov\u00edd\u00e1 aktu\u00e1ln\u00edmu stavu jeho\u00a0konta.<\/p>\n<p><strong>4.4.<\/strong>\u00a0Odm\u011bny z\u00edskan\u00e9 v\u00a0r\u00e1mci\u00a0<span class=\"caps\">VP<\/span>\u00a0je mo\u017en\u00e9 obdr\u017eet na \u017e\u00e1dost \u00fa\u010dastn\u00edka bu\u010f po\u0161tou, elektronicky nebo osobn\u00edm\u00a0p\u0159ed\u00e1n\u00edm.<\/p>\n<p><strong>4.5.<\/strong>\u00a0V\u00a0p\u0159\u00edpad\u011b osobn\u00edho p\u0159ed\u00e1n\u00ed je \u00fa\u010dastn\u00edk povinen podepsat p\u0159ej\u00edmac\u00ed protokol jako d\u016fkaz o&nbsp;tom, \u017ee odm\u011bna byla\u00a0p\u0159evzata.<\/p>\n<p><strong>4.6.<\/strong>\u00a0P\u0159evzet\u00edm odm\u011bny se stav bodov\u00e9ho konta \u00fa\u010dastn\u00edka automaticky sni\u017euje o&nbsp;p\u0159\u00edslu\u0161n\u00fd po\u010det\u00a0bod\u016f.<\/p>\n<h4>5. Platnost\u00a0bod\u016f<\/h4>\n<p><strong>5.1.<\/strong>\u00a0Body na kont\u011b \u00fa\u010dastn\u00edka maj\u00ed platnost 24 m\u011bs\u00edc\u016f od data jejich\u00a0p\u0159ips\u00e1n\u00ed.<\/p>\n<p><strong>5.2.<\/strong>\u00a0Po vypr\u0161en\u00ed t\u00e9to lh\u016fty se nevy\u010derpan\u00e9 body automaticky a&nbsp;bez n\u00e1hrady odepisuj\u00ed z\u00a0konta\u00a0\u00fa\u010dastn\u00edka.<\/p>\n<p><strong>6.\u00a0St\u00ed\u017enosti<\/strong><\/p>\n<p><strong>6.1<\/strong>\u00a0St\u00ed\u017enosti t\u00fdkaj\u00edc\u00ed se\u00a0<span class=\"caps\">VP<\/span>\u00a0vy\u0159izuj\u00ed mana\u017ee\u0159i p\u0159\u00edslu\u0161n\u00fdch z\u00fa\u010dastn\u011bn\u00fdch pobo\u010dek na z\u00e1klad\u011b posouzen\u00ed konkr\u00e9tn\u00edho\u00a0p\u0159\u00edpadu.<\/p>\n<p><strong>7. Ostatn\u00ed\u00a0ustanoven\u00ed<\/strong><\/p>\n<p><strong>7.1<\/strong>\u00a0V p\u0159\u00edpad\u011b poru\u0161en\u00ed pravidel nebo zneu\u017eit\u00ed\u00a0<span class=\"caps\">VP<\/span>\u00a0je provozovatel opr\u00e1vn\u011bn vylou\u010dit takov\u00e9ho \u00fa\u010dastn\u00edka z&nbsp;programu\u00a0<span class=\"caps\">VP<\/span>\u00a0bez\u00a0n\u00e1hrady.<\/p>\n<p><strong>7.2<\/strong>\u00a0Provozovatel m\u016f\u017ee pravidla\u00a0<span class=\"caps\">VP<\/span>\u00a0jednostrann\u011b m\u011bnit a&nbsp;dopl\u0148ovat. O&nbsp;t\u011bchto zm\u011bn\u00e1ch a&nbsp;dodatc\u00edch a&nbsp;o&nbsp;datech \u00fa\u010dinnosti t\u011bchto zm\u011bn a&nbsp;dodatk\u016f je provozovatel povinen v&nbsp;dostate\u010dn\u00e9m p\u0159edstihu informovat \u00fa\u010dastn\u00edky registrovan\u00e9 ve\u00a0<span class=\"caps\">VP<\/span>. Provozovatel si vyhrazuje pr\u00e1vo ukon\u010dit\u00a0<span class=\"caps\">VP<\/span>\u00a0a v&nbsp;takov\u00e9m p\u0159\u00edpad\u011b je povinen umo\u017enit odb\u011br z\u00edskan\u00fdch bod\u016f v&nbsp;p\u0159edem stanoven\u00e9 lh\u016ft\u011b a&nbsp;za p\u0159edem stanoven\u00fdch obchodn\u00edch podm\u00ednek. Sou\u010dasn\u011b provozovatel zajist\u00ed, aby byly zm\u011bny a&nbsp;dopln\u011bn\u00ed pravidel\u00a0<span class=\"caps\">VP<\/span>\u00a0i s&nbsp;daty jejich \u00fa\u010dinnosti zp\u0159\u00edstupn\u011bny r\u016fzn\u00fdmi informa\u010dn\u00edmi\u00a0prost\u0159edky.<\/p>\n<p><strong>7.3<\/strong>\u00a0\u00da\u010dastn\u00edk zaps\u00e1n\u00edm do programu\u00a0<span class=\"caps\">LP<\/span>\u00a0potvrzuje, \u017ee si p\u0159e\u010detl pravidla pro zpracov\u00e1n\u00ed osobn\u00edch \u00fadaj\u016f ve spole\u010dnosti Sk\u0159iv\u00e1nek, s.r.o., kter\u00e1 lze naj\u00edt na str\u00e1nce:\u00a0<a href=\"https:\/\/skrivanek.cz\/cz\/zpracovani-ochrana-osobnich-udaju\/\">https:\/\/www.skrivanek.cz\/cz\/zpracovani-ochrana-osobnich-udaju<\/a>.\u00a0Provozovatel m\u016f\u017ee tento informa\u010dn\u00ed syst\u00e9m v\u00e9st v\u00fdhradn\u011b pro sv\u00e9 pot\u0159eby na dobu neur\u010ditou v&nbsp;souladu s&nbsp;na\u0159\u00edzen\u00edm Evropsk\u00e9ho parlamentu a&nbsp;Rady (<span class=\"caps\">EU<\/span>) 2016\/679 ze dne 27.&nbsp;dubna 2016 o&nbsp;ochran\u011b fyzick\u00fdch osob v&nbsp;souvislosti se zpracov\u00e1n\u00edm osobn\u00edch \u00fadaj\u016f a&nbsp;o&nbsp;voln\u00e9m pohybu t\u011bchto \u00fadaj\u016f a&nbsp;o&nbsp;zru\u0161en\u00ed sm\u011brnice 95\/46\/<span class=\"caps\">ES<\/span>\u00a0(obecn\u00e9 na\u0159\u00edzen\u00ed o&nbsp;ochran\u011b osobn\u00edch\u00a0\u00fadaj\u016f).<\/p>\n<p><strong>7.4<\/strong>\u00a0Po vymaz\u00e1n\u00ed e-mailov\u00e9 adresy na \u017e\u00e1dost \u00fa\u010dastn\u00edka jsou dosud nevyu\u017eit\u00e9 body na jeho \u00fa\u010dtu automaticky a&nbsp;bez n\u00e1hrady z&nbsp;jeho \u00fa\u010dtu odeps\u00e1ny v&nbsp;den, kdy byla pod\u00e1na \u017e\u00e1dost o\u00a0v\u00fdmaz.<\/p>\n<p>Pravidla\u00a0<span class=\"caps\">VP<\/span>\u00a0nab\u00fdvaj\u00ed \u00fa\u010dinnosti dne 25.&nbsp;5.\u00a02018.<\/p>\n<\/div>\n<\/div><\/div><\/div><\/div><\/div><\/div>","protected":false},"excerpt":{"rendered":"<p>Pro z\u00e1kazn\u00edky spole\u010dnosti Sk\u0159iv\u00e1nek s.r.o., se s\u00eddlem Na dolin\u00e1ch 22, Praha 4, 147&nbsp;00,\u00a0I\u010c: 607&nbsp;15\u00a0235 (d\u00e1le jen \u201eprovozovatel\u201c), je p\u0159ipraven V\u011brnostn\u00ed program (d\u00e1le jen \u201eVP\u201c). V&nbsp;r\u00e1mci\u00a0VP\u00a0z\u00edsk\u00e1vaj\u00ed registrovan\u00ed z\u00e1kazn\u00edci (d\u00e1le jen \u201e\u00fa\u010dastn\u00edci\u201c) body za \u010derpan\u00e9 slu\u017eby. Tyto body si\u00a0mohou \u00fa\u010dastn\u00edci za stanoven\u00fdch podm\u00ednek vym\u011bnit za odm\u011bny. \u010clenstv\u00ed ve\u00a0VP\u00a0se \u0159\u00edd\u00ed n\u00ed\u017ee uveden\u00fdmi\u00a0pravidly. &nbsp; 1.&nbsp;\u010clenstv\u00ed ve V\u011brnostn\u00edm\u00a0programu 1.1.\u00a0\u00da\u010dastn\u00edkem\u00a0VP\u00a0se m\u016f\u017ee [&hellip;]<\/p>\n","protected":false},"author":1,"featured_media":0,"parent":0,"menu_order":0,"comment_status":"closed","ping_status":"closed","template":"","meta":{"_acf_changed":false,"footnotes":""},"class_list":["post-3452","page","type-page","status-publish","hentry"],"acf":[],"aioseo_notices":[],"_links":{"self":[{"href":"https:\/\/skrivanek.cz\/cz\/wp-json\/wp\/v2\/pages\/3452","targetHints":{"allow":["GET"]}}],"collection":[{"href":"https:\/\/skrivanek.cz\/cz\/wp-json\/wp\/v2\/pages"}],"about":[{"href":"https:\/\/skrivanek.cz\/cz\/wp-json\/wp\/v2\/types\/page"}],"author":[{"embeddable":true,"href":"https:\/\/skrivanek.cz\/cz\/wp-json\/wp\/v2\/users\/1"}],"replies":[{"embeddable":true,"href":"https:\/\/skrivanek.cz\/cz\/wp-json\/wp\/v2\/comments?post=3452"}],"version-history":[{"count":3,"href":"https:\/\/skrivanek.cz\/cz\/wp-json\/wp\/v2\/pages\/3452\/revisions"}],"predecessor-version":[{"id":80361,"href":"https:\/\/skrivanek.cz\/cz\/wp-json\/wp\/v2\/pages\/3452\/revisions\/80361"}],"wp:attachment":[{"href":"https:\/\/skrivanek.cz\/cz\/wp-json\/wp\/v2\/media?parent=3452"}],"curies":[{"name":"wp","href":"https:\/\/api.w.org\/{rel}","templated":true}]}}