{"id":3566,"date":"2021-03-05T08:04:36","date_gmt":"2021-03-05T07:04:36","guid":{"rendered":"https:\/\/skrivanek.cz\/?page_id=3566"},"modified":"2026-03-24T21:27:31","modified_gmt":"2026-03-24T20:27:31","slug":"vseobecne-obchodni-podminky","status":"publish","type":"page","link":"https:\/\/skrivanek.cz\/cz\/vseobecne-obchodni-podminky\/","title":{"rendered":"V\u0161eobecn\u00e9 obchodn\u00ed podm\u00ednky"},"content":{"rendered":"<div id=\"pl-3566\"  class=\"panel-layout\" ><div id=\"pg-3566-0\"  class=\"panel-grid panel-has-style\" ><div class=\"siteorigin-panels-stretch panel-row-padding-none panel-row-style panel-row-style-for-3566-0\" data-stretch-type=\"full\" ><div id=\"pgc-3566-0-0\"  class=\"panel-grid-cell\" ><div id=\"panel-3566-0-0-0\" class=\"so-panel widget widget_wpa9-card-l panel-first-child panel-last-child\" data-index=\"0\" style=\"margin: 40px 0px 80px 0px;\" ><div\n\t\t\t\n\t\t\tclass=\"so-widget-wpa9-card-l so-widget-wpa9-card-l-default-c93e1481a745-3566\"\n\t\t\t\n\t\t>\n\n<div class=\"wpa9-card wpa9-card-l-container d-flex flex-wrap wpa9-columns-2\">\n\n\t\n\t\t\n\t<div class=\"wpa9-card-l-panel wpa9-panel shadow rounded d-flex flex-column justify-content-between\">\n\n\t\t<div>\n\t\t\t\t\n\t\t\t\t\t\t\t\t<h2 class=\"wpa9-panel-title\">V\u0161eobecn\u00e9 obchodn\u00ed podm\u00ednky \u2013 p\u0159eklady a&nbsp;tlumo\u010den\u00ed<\/h2>\n\t\t\n\t\t\t\t\t\t\t<div class=\"wpa9-panel-content\"><p>P\u0159e\u010dt\u011bte si d\u016fle\u017eit\u00fd dokument, kter\u00fd upravuje podm\u00ednky poskytov\u00e1n\u00ed a&nbsp;zaji\u0161t\u011bn\u00ed p\u0159eklad\u016f, korektorsk\u00fdch nebo jin\u00fdch souvisej\u00edc\u00edch slu\u017eeb a\u00a0tlumo\u010den\u00ed.<\/p>\n<\/div>\n\t\t\t\t<\/div>\n\n\t\t\t\t<div class=\"meta meta-buttons d-flex flex-column flex-sm-row justify-content-start\">\n\t\t\t\t\t<a class=\"btn \" href=\"https:\/\/skrivanek.cz\/wp-content\/uploads\/2021\/03\/vop-pt-cz.pdf\" title=\"VOP \u2013 p\u0159eklady a tlumo\u010den\u00ed\">VOP \u2013 p\u0159eklady a&nbsp;tlumo\u010den\u00ed<\/a>\n\t\t\t\t\t\t<\/div>\n\t\t\n\t<\/div>\n\n\t\t\n\t<div class=\"wpa9-card-l-panel wpa9-panel shadow rounded d-flex flex-column justify-content-between\">\n\n\t\t<div>\n\t\t\t\t\n\t\t\t\t\t\t\t\t<h2 class=\"wpa9-panel-title\">V\u0161eobecn\u00e9 obchodn\u00ed podm\u00ednky \u2013 jazykov\u00e1 \u0161kola<\/h2>\n\t\t\n\t\t\t\t\t\t\t<div class=\"wpa9-panel-content\"><p>P\u0159e\u010dt\u011bte si d\u016fle\u017eit\u00fd dokument, kter\u00fd upravuje podm\u00ednky poskytov\u00e1n\u00ed a&nbsp;zaji\u0161t\u011bn\u00ed jazykov\u00e9\u00a0v\u00fduky.<\/p>\n<\/div>\n\t\t\t\t<\/div>\n\n\t\t\t\t<div class=\"meta meta-buttons d-flex flex-column flex-sm-row justify-content-start\">\n\t\t\t\t\t<a class=\"btn \" href=\"https:\/\/skrivanek.cz\/wp-content\/uploads\/2021\/03\/vop-js-cz.pdf\" title=\"VOP \u2013 jazykov\u00e1 \u0161kola\">VOP \u2013 jazykov\u00e1 \u0161kola<\/a>\n\t\t\t\t\t\t<\/div>\n\t\t\n\t<\/div>\n\n\t\t\n\t\n<\/div>\n<\/div><\/div><\/div><\/div><\/div><\/div>","protected":false},"excerpt":{"rendered":"<p>V\u0161eobecn\u00e9 obchodn\u00ed podm\u00ednky \u2013 p\u0159eklady a&nbsp;tlumo\u010den\u00ed P\u0159e\u010dt\u011bte si d\u016fle\u017eit\u00fd dokument, kter\u00fd upravuje podm\u00ednky poskytov\u00e1n\u00ed a&nbsp;zaji\u0161t\u011bn\u00ed p\u0159eklad\u016f, korektorsk\u00fdch nebo jin\u00fdch souvisej\u00edc\u00edch slu\u017eeb a\u00a0tlumo\u010den\u00ed. VOP \u2013 p\u0159eklady a&nbsp;tlumo\u010den\u00ed V\u0161eobecn\u00e9 obchodn\u00ed podm\u00ednky \u2013 jazykov\u00e1 \u0161kola P\u0159e\u010dt\u011bte si d\u016fle\u017eit\u00fd dokument, kter\u00fd upravuje podm\u00ednky poskytov\u00e1n\u00ed a&nbsp;zaji\u0161t\u011bn\u00ed jazykov\u00e9\u00a0v\u00fduky. VOP \u2013 jazykov\u00e1 \u0161kola<\/p>\n","protected":false},"author":1,"featured_media":0,"parent":0,"menu_order":0,"comment_status":"closed","ping_status":"closed","template":"","meta":{"_acf_changed":false,"footnotes":""},"class_list":["post-3566","page","type-page","status-publish","hentry"],"acf":[],"aioseo_notices":[],"_links":{"self":[{"href":"https:\/\/skrivanek.cz\/cz\/wp-json\/wp\/v2\/pages\/3566","targetHints":{"allow":["GET"]}}],"collection":[{"href":"https:\/\/skrivanek.cz\/cz\/wp-json\/wp\/v2\/pages"}],"about":[{"href":"https:\/\/skrivanek.cz\/cz\/wp-json\/wp\/v2\/types\/page"}],"author":[{"embeddable":true,"href":"https:\/\/skrivanek.cz\/cz\/wp-json\/wp\/v2\/users\/1"}],"replies":[{"embeddable":true,"href":"https:\/\/skrivanek.cz\/cz\/wp-json\/wp\/v2\/comments?post=3566"}],"version-history":[{"count":4,"href":"https:\/\/skrivanek.cz\/cz\/wp-json\/wp\/v2\/pages\/3566\/revisions"}],"predecessor-version":[{"id":80649,"href":"https:\/\/skrivanek.cz\/cz\/wp-json\/wp\/v2\/pages\/3566\/revisions\/80649"}],"wp:attachment":[{"href":"https:\/\/skrivanek.cz\/cz\/wp-json\/wp\/v2\/media?parent=3566"}],"curies":[{"name":"wp","href":"https:\/\/api.w.org\/{rel}","templated":true}]}}