{"id":3596,"date":"2021-03-05T08:33:49","date_gmt":"2021-03-05T07:33:49","guid":{"rendered":"https:\/\/skrivanek.cz\/?page_id=3596"},"modified":"2026-03-24T09:42:31","modified_gmt":"2026-03-24T08:42:31","slug":"dodavatele","status":"publish","type":"page","link":"https:\/\/skrivanek.cz\/cz\/dodavatele\/","title":{"rendered":"Dodavatel\u00e9"},"content":{"rendered":"<div id=\"pl-3596\"  class=\"panel-layout\" ><div id=\"pg-3596-0\"  class=\"panel-grid panel-has-style\"  style=\"margin-bottom: 0px\" ><div class=\"siteorigin-panels-stretch panel-row-padding-none panel-row-style panel-row-style-for-3596-0\" data-stretch-type=\"full\" ><div id=\"pgc-3596-0-0\"  class=\"panel-grid-cell\" ><div id=\"panel-3596-0-0-0\" class=\"so-panel widget widget_wpa9-card-l panel-first-child panel-last-child\" data-index=\"0\" ><div\n\t\t\t\n\t\t\tclass=\"so-widget-wpa9-card-l so-widget-wpa9-card-l-default-c93e1481a745-3596\"\n\t\t\t\n\t\t>\n\n<div class=\"wpa9-card wpa9-card-l-container d-flex flex-wrap wpa9-columns-2\">\n\n\t\n\t\t\n\t<div class=\"wpa9-card-l-panel wpa9-panel shadow rounded d-flex flex-column justify-content-between\">\n\n\t\t<div>\n\t\t\t\t\t\t\t<span class=\"wpa9-panel-icon icon\" style=\"display: none; background-image: url('https:\/\/skrivanek.cz\/wp-content\/uploads\/2021\/03\/ico-lokalita.svg')\"><\/span>\n\t\t\t<span class=\"wpa9-panel-icon icon\" style=\"mask-image: url(https:\/\/skrivanek.cz\/wp-content\/uploads\/2021\/03\/ico-lokalita.svg); -webkit-mask-image: url(https:\/\/skrivanek.cz\/wp-content\/uploads\/2021\/03\/ico-lokalita.svg);\"><\/span>\n\t\t\n\t\t\t\t\t\t\t\t<h2 class=\"wpa9-panel-title\">Lok\u00e1ln\u00ed dodavatel\u00e9<\/h2>\n\t\t\n\t\t\t\t\t\t\t<div class=\"wpa9-panel-content\"><p>Nespornou v\u00fdhodou, kterou p\u0159in\u00e1\u0161ej\u00ed na\u0161e pobo\u010dky v\u00a0zahrani\u010d\u00ed, je mo\u017enost vyu\u017e\u00edvat v\u00a0dan\u00e9 zemi lok\u00e1ln\u00ed dodavatele \u2013 tedy rodil\u00e9 mluv\u010d\u00ed. V\u00a0sou\u010dasn\u00e9 dob\u011b spolupracujeme s\u00a0v\u00edce ne\u017e 3000 extern\u00edmi dodavateli z\u00a0cel\u00e9ho sv\u011bta. Jsou mezi nimi v\u00fdborn\u00ed filologov\u00e9 i\u00a0profesion\u00e1lov\u00e9 aktivn\u011b p\u016fsob\u00edc\u00ed v\u00a0mnoha rozli\u010dn\u00fdch\u00a0oborech.<\/p>\n<\/div>\n\t\t\t\t<\/div>\n\n\t\t\n\t<\/div>\n\n\t\t\n\t<div class=\"wpa9-card-l-panel wpa9-panel shadow rounded d-flex flex-column justify-content-between\">\n\n\t\t<div>\n\t\t\t\t\t\t\t<span class=\"wpa9-panel-icon icon\" style=\"display: none; background-image: url('https:\/\/skrivanek.cz\/wp-content\/uploads\/2021\/03\/ico-seznam-1.svg')\"><\/span>\n\t\t\t<span class=\"wpa9-panel-icon icon\" style=\"mask-image: url(https:\/\/skrivanek.cz\/wp-content\/uploads\/2021\/03\/ico-seznam-1.svg); -webkit-mask-image: url(https:\/\/skrivanek.cz\/wp-content\/uploads\/2021\/03\/ico-seznam-1.svg);\"><\/span>\n\t\t\n\t\t\t\t\t\t\t\t<h2 class=\"wpa9-panel-title\">V\u00fdb\u011br dodavatel\u016f<\/h2>\n\t\t\n\t\t\t\t\t\t\t<div class=\"wpa9-panel-content\"><p>V\u00fdb\u011bru p\u0159ekladatel\u016f v\u011bnujeme mimo\u0159\u00e1dnou pozornost. Pravidelnou zp\u011btnou vazbou, kterou jim poskytujeme formou jazykov\u00fdch a\u00a0terminologick\u00fdch korektur, neust\u00e1le zvy\u0161ujeme \u00farove\u0148 na\u0161ich\u00a0p\u0159eklad\u016f.<\/p>\n<\/div>\n\t\t\t\t<\/div>\n\n\t\t\n\t<\/div>\n\n\t\t\n\t\n<\/div>\n<\/div><\/div><\/div><\/div><\/div><div id=\"pg-3596-1\"  class=\"panel-grid panel-has-style\" ><div class=\"siteorigin-panels-stretch panel-row-padding-none panel-row-style panel-row-style-for-3596-1\" data-stretch-type=\"full\" ><div id=\"pgc-3596-1-0\"  class=\"panel-grid-cell\" ><div id=\"panel-3596-1-0-0\" class=\"so-panel widget widget_wpa9-card-l panel-first-child panel-last-child\" data-index=\"1\" ><div\n\t\t\t\n\t\t\tclass=\"so-widget-wpa9-card-l so-widget-wpa9-card-l-default-c93e1481a745-3596\"\n\t\t\t\n\t\t>\n<h3 class=\"widget-title\">Informace pro dodavatele<\/h3>\n<div class=\"wpa9-card wpa9-card-l-container d-flex flex-wrap wpa9-columns-2\">\n\n\t\n\t\t\n\t<div class=\"wpa9-card-l-panel wpa9-panel shadow rounded d-flex flex-column justify-content-between\">\n\n\t\t<div>\n\t\t\t\t\t\t\t<span class=\"wpa9-panel-icon icon\" style=\"display: none; background-image: url('https:\/\/skrivanek.cz\/wp-content\/uploads\/2021\/01\/ico-lidi.svg')\"><\/span>\n\t\t\t<span class=\"wpa9-panel-icon icon\" style=\"mask-image: url(https:\/\/skrivanek.cz\/wp-content\/uploads\/2021\/01\/ico-lidi.svg); -webkit-mask-image: url(https:\/\/skrivanek.cz\/wp-content\/uploads\/2021\/01\/ico-lidi.svg);\"><\/span>\n\t\t\n\t\t\t\t\t\t\t\t<h2 class=\"wpa9-panel-title\">Pro p\u0159ekladatele, korektory a&nbsp;tlumo\u010dn\u00edky<\/h2>\n\t\t\n\t\t\t\t\t\t\t<div class=\"wpa9-panel-content\"><p>Hled\u00e1te pravideln\u00fd p\u0159\u00ednos pr\u00e1ce a&nbsp;chcete spolupracovat s\u00a0p\u0159edn\u00ed p\u0159ekladatelskou agenturou ve st\u0159edn\u00ed a\u00a0v\u00fdchodn\u00ed Evrop\u011b? St\u00e1le hled\u00e1me p\u0159ekladatele, korektory\u00a0a tlumo\u010dn\u00edky r\u016fzn\u00fdch jazykov\u00fdch\u00a0kombinac\u00ed.<\/p>\n<\/div>\n\t\t\t\t<\/div>\n\n\t\t\t\t<div class=\"meta meta-buttons d-flex flex-column flex-sm-row justify-content-start\">\n\t\t\t\t\t\t\t<a class=\"btn btn-negative \" href=\"https:\/\/skrivanek.cz\/cz\/prekladatel\/\" title=\"Voln\u00e9 pracovn\u00ed pozice\">Voln\u00e9 pracovn\u00ed pozice<\/a>\n\t\t\t\t<\/div>\n\t\t\n\t<\/div>\n\n\t\t\n\t<div class=\"wpa9-card-l-panel wpa9-panel shadow rounded d-flex flex-column justify-content-between\">\n\n\t\t<div>\n\t\t\t\t\t\t\t<span class=\"wpa9-panel-icon icon\" style=\"display: none; background-image: url('https:\/\/skrivanek.cz\/wp-content\/uploads\/2021\/01\/ico-lidi.svg')\"><\/span>\n\t\t\t<span class=\"wpa9-panel-icon icon\" style=\"mask-image: url(https:\/\/skrivanek.cz\/wp-content\/uploads\/2021\/01\/ico-lidi.svg); -webkit-mask-image: url(https:\/\/skrivanek.cz\/wp-content\/uploads\/2021\/01\/ico-lidi.svg);\"><\/span>\n\t\t\n\t\t\t\t\t\t\t\t<h2 class=\"wpa9-panel-title\">Pro lektory<\/h2>\n\t\t\n\t\t\t\t\t\t\t<div class=\"wpa9-panel-content\"><p>Zkuste to s&nbsp;n\u00e1mi!\u00a0Hled\u00e1me vhodn\u00e9 kandid\u00e1ty na pozici\u00a0lektor anglick\u00e9ho, n\u011bmeck\u00e9ho, francouzsk\u00e9ho \u010di&nbsp;\u0161pan\u011blsk\u00e9ho jazyka.\u00a0Obr\u00e1tit se m\u016f\u017eete na jazykovou \u0161kolu na\u00a0kter\u00e9koli na\u0161\u00ed\u00a0pobo\u010dce.<\/p>\n<\/div>\n\t\t\t\t<\/div>\n\n\t\t\t\t<div class=\"meta meta-buttons d-flex flex-column flex-sm-row justify-content-start\">\n\t\t\t\t\t\t\t<a class=\"btn btn-negative \" href=\"https:\/\/skrivanek.cz\/cz\/kontakty\/\" title=\"Naj\u00edt pobo\u010dku\">Naj\u00edt pobo\u010dku<\/a>\n\t\t\t\t<\/div>\n\t\t\n\t<\/div>\n\n\t\t\n\t\n<\/div>\n<\/div><\/div><\/div><\/div><\/div><\/div>","protected":false},"excerpt":{"rendered":"<p>Lok\u00e1ln\u00ed dodavatel\u00e9 Nespornou v\u00fdhodou, kterou p\u0159in\u00e1\u0161ej\u00ed na\u0161e pobo\u010dky v\u00a0zahrani\u010d\u00ed, je mo\u017enost vyu\u017e\u00edvat v\u00a0dan\u00e9 zemi lok\u00e1ln\u00ed dodavatele \u2013 tedy rodil\u00e9 mluv\u010d\u00ed. V\u00a0sou\u010dasn\u00e9 dob\u011b spolupracujeme s\u00a0v\u00edce ne\u017e 3000 extern\u00edmi dodavateli z\u00a0cel\u00e9ho sv\u011bta. Jsou mezi nimi v\u00fdborn\u00ed filologov\u00e9 i\u00a0profesion\u00e1lov\u00e9 aktivn\u011b p\u016fsob\u00edc\u00ed v\u00a0mnoha rozli\u010dn\u00fdch\u00a0oborech. V\u00fdb\u011br dodavatel\u016f V\u00fdb\u011bru p\u0159ekladatel\u016f v\u011bnujeme mimo\u0159\u00e1dnou pozornost. Pravidelnou zp\u011btnou vazbou, kterou jim poskytujeme formou jazykov\u00fdch [&hellip;]<\/p>\n","protected":false},"author":1,"featured_media":0,"parent":0,"menu_order":0,"comment_status":"closed","ping_status":"closed","template":"","meta":{"_acf_changed":false,"footnotes":""},"class_list":["post-3596","page","type-page","status-publish","hentry"],"acf":[],"aioseo_notices":[],"_links":{"self":[{"href":"https:\/\/skrivanek.cz\/cz\/wp-json\/wp\/v2\/pages\/3596","targetHints":{"allow":["GET"]}}],"collection":[{"href":"https:\/\/skrivanek.cz\/cz\/wp-json\/wp\/v2\/pages"}],"about":[{"href":"https:\/\/skrivanek.cz\/cz\/wp-json\/wp\/v2\/types\/page"}],"author":[{"embeddable":true,"href":"https:\/\/skrivanek.cz\/cz\/wp-json\/wp\/v2\/users\/1"}],"replies":[{"embeddable":true,"href":"https:\/\/skrivanek.cz\/cz\/wp-json\/wp\/v2\/comments?post=3596"}],"version-history":[{"count":3,"href":"https:\/\/skrivanek.cz\/cz\/wp-json\/wp\/v2\/pages\/3596\/revisions"}],"predecessor-version":[{"id":80169,"href":"https:\/\/skrivanek.cz\/cz\/wp-json\/wp\/v2\/pages\/3596\/revisions\/80169"}],"wp:attachment":[{"href":"https:\/\/skrivanek.cz\/cz\/wp-json\/wp\/v2\/media?parent=3596"}],"curies":[{"name":"wp","href":"https:\/\/api.w.org\/{rel}","templated":true}]}}