{"id":3672,"date":"2021-03-07T18:26:11","date_gmt":"2021-03-07T17:26:11","guid":{"rendered":"https:\/\/skrivanek.cz\/?page_id=3672"},"modified":"2026-03-24T13:11:38","modified_gmt":"2026-03-24T12:11:38","slug":"telefonicka-vyuka","status":"publish","type":"page","link":"https:\/\/skrivanek.cz\/cz\/jazykova-skola\/telefonicka-vyuka\/","title":{"rendered":"Telefonick\u00e1 v\u00fduka"},"content":{"rendered":"<div id=\"pl-3672\"  class=\"panel-layout\" ><div id=\"pg-3672-0\"  class=\"panel-grid panel-has-style\"  style=\"margin-bottom: 0px\" ><div class=\"siteorigin-panels-stretch panel-row-padding-none panel-row-style panel-row-style-for-3672-0\" data-stretch-type=\"full\" ><div id=\"pgc-3672-0-0\"  class=\"panel-grid-cell\" ><div id=\"panel-3672-0-0-0\" class=\"so-panel widget widget_wpa9-card-m-ext panel-first-child\" data-index=\"0\" ><div\n\t\t\t\n\t\t\tclass=\"so-widget-wpa9-card-m-ext so-widget-wpa9-card-m-ext-default-c93e1481a745-3672\"\n\t\t\t\n\t\t>\n\n<div class=\"wpa9-card wpa9-card-m-ext-container d-flex flex-wrap justify-content-center wpa9-columns-4\">\n\n\n\t\n\t<div class=\"wpa9-card-m-ext-panel wpa9-panel _shadow rounded d-flex flex-wrap align-items-stretch\">\n\n\t\t\t<div>\n\n\t\t\t\t\n\t\t\t\t\t\t\t\t<figure class=\"dadsad wpa9-card-image wpa9-card-icon icon-size-s text-start\">\n\t\t\t\t\t\t\t\t    <img loading=\"lazy\" decoding=\"async\" src=\"https:\/\/skrivanek.cz\/wp-content\/uploads\/2025\/04\/globalni-dosah-512x340.png\" alt=\"Nab\u00edz\u00edme v\u00fduku jazyk\u016f:\" width=\"62\" height=\"62\" style=\"display: none\" \/>\n\t\t\t\t\t<span style=\"mask-image: url(https:\/\/skrivanek.cz\/wp-content\/uploads\/2025\/04\/globalni-dosah-512x340.png); -webkit-mask-image: url(https:\/\/skrivanek.cz\/wp-content\/uploads\/2025\/04\/globalni-dosah-512x340.png);\"><\/span>\n\t\t\t\t\t\t\t\t  <\/figure>\n\t\t\t\t\n\n\n\t\t\t\t\n\t\t    <div class=\"wpa9-card-header\">\n\t\t\t\t\t\t\t      <h2 class=\"wpa9-card-title text-start\">Nab\u00edz\u00edme v\u00fduku jazyk\u016f:<\/h2>\n\t\t\t\t\t\t\t    <\/div>\n\n\t\t    <div class=\"wpa9-card-main wpa9-card-content text-start\">\n\t\t      angli\u010dtiny, n\u011bm\u010diny, francouz\u0161tiny, ital\u0161tiny, ru\u0161tiny, \u0161pan\u011bl\u0161tiny, \u010de\u0161tiny pro cizince.\t\t    <\/div>\n\n\t\t\t<\/div>\n\n\t\t\t<div class=\"wpa9-card-aside meta meta-buttons align-self-end text-start\">\n\t\t\t\t\t\t<\/div>\n\n\t<\/div>\n\n\t\n\t<div class=\"wpa9-card-m-ext-panel wpa9-panel _shadow rounded d-flex flex-wrap align-items-stretch\">\n\n\t\t\t<div>\n\n\t\t\t\t\n\t\t\t\t\t\t\t\t<figure class=\"dadsad wpa9-card-image wpa9-card-icon icon-size-s text-start\">\n\t\t\t\t\t\t\t\t    <img loading=\"lazy\" decoding=\"async\" src=\"https:\/\/skrivanek.cz\/wp-content\/uploads\/2021\/03\/ico-tlumoceni-distancni.svg\" alt=\"Kdykoliv a kdekoliv\" width=\"62\" height=\"62\" style=\"display: none\" \/>\n\t\t\t\t\t<span style=\"mask-image: url(https:\/\/skrivanek.cz\/wp-content\/uploads\/2021\/03\/ico-tlumoceni-distancni.svg); -webkit-mask-image: url(https:\/\/skrivanek.cz\/wp-content\/uploads\/2021\/03\/ico-tlumoceni-distancni.svg);\"><\/span>\n\t\t\t\t\t\t\t\t  <\/figure>\n\t\t\t\t\n\n\n\t\t\t\t\n\t\t    <div class=\"wpa9-card-header\">\n\t\t\t\t\t\t\t      <h2 class=\"wpa9-card-title text-start\">Kdykoliv a&nbsp;kdekoliv<\/h2>\n\t\t\t\t\t\t\t    <\/div>\n\n\t\t    <div class=\"wpa9-card-main wpa9-card-content text-start\">\n\t\t      Telefon\u00e1t trv\u00e1 <b>10 minut<\/b>, kter\u00e9 si b\u011bhem dne najde ka\u017ed\u00fd.\n\nM\u016f\u017eete jej prov\u00e9st doma, b\u011bhem ob\u011bdov\u00e9 pauzy nebo na cest\u011b z&nbsp;pr\u00e1ce.\t\t    <\/div>\n\n\t\t\t<\/div>\n\n\t\t\t<div class=\"wpa9-card-aside meta meta-buttons align-self-end text-start\">\n\t\t\t\t\t\t<\/div>\n\n\t<\/div>\n\n\t\n\t<div class=\"wpa9-card-m-ext-panel wpa9-panel _shadow rounded d-flex flex-wrap align-items-stretch\">\n\n\t\t\t<div>\n\n\t\t\t\t\n\t\t\t\t\t\t\t\t<figure class=\"dadsad wpa9-card-image wpa9-card-icon icon-size-s text-start\">\n\t\t\t\t\t\t\t\t    <img loading=\"lazy\" decoding=\"async\" src=\"https:\/\/skrivanek.cz\/wp-content\/uploads\/2023\/08\/ico-puzzle.svg\" alt=\"T\u00e9mata v\u00fduky\" width=\"62\" height=\"62\" style=\"display: none\" \/>\n\t\t\t\t\t<span style=\"mask-image: url(https:\/\/skrivanek.cz\/wp-content\/uploads\/2023\/08\/ico-puzzle.svg); -webkit-mask-image: url(https:\/\/skrivanek.cz\/wp-content\/uploads\/2023\/08\/ico-puzzle.svg);\"><\/span>\n\t\t\t\t\t\t\t\t  <\/figure>\n\t\t\t\t\n\n\n\t\t\t\t\n\t\t    <div class=\"wpa9-card-header\">\n\t\t\t\t\t\t\t      <h2 class=\"wpa9-card-title text-start\">T\u00e9mata v\u00fduky<\/h2>\n\t\t\t\t\t\t\t    <\/div>\n\n\t\t    <div class=\"wpa9-card-main wpa9-card-content text-start\">\n\t\t      Vyb\u00edrat si m\u016f\u017eete z&nbsp;obecn\u00fdch nebo obchodn\u00edch t\u00e9mat. Nap\u0159.:\n<ul>\n<li>m\u00e9 z\u00e1liby a&nbsp;netradi\u010dn\u00ed volno\u010dasov\u00e9 aktivity,<\/li>\n<li>objedn\u00e1vka a&nbsp;vr\u00e1cen\u00ed zbo\u017e\u00ed po&nbsp;telefonu,<\/li>\n<li>telefonick\u00e9 pozv\u00e1n\u00ed na pohovor (\u010dasto kladen\u00e9 ot\u00e1zky personalist\u016f).<\/li><\/ul>\t\t    <\/div>\n\n\t\t\t<\/div>\n\n\t\t\t<div class=\"wpa9-card-aside meta meta-buttons align-self-end text-start\">\n\t\t\t\t\t\t<\/div>\n\n\t<\/div>\n\n\t\n\t<div class=\"wpa9-card-m-ext-panel wpa9-panel _shadow rounded d-flex flex-wrap align-items-stretch\">\n\n\t\t\t<div>\n\n\t\t\t\t\n\t\t\t\t\t\t\t\t<figure class=\"dadsad wpa9-card-image wpa9-card-icon icon-size-s text-start\">\n\t\t\t\t\t\t\t\t    <img loading=\"lazy\" decoding=\"async\" src=\"https:\/\/skrivanek.cz\/wp-content\/uploads\/2023\/03\/ico-cena-1.svg\" alt=\"Cena telefonick\u00e9 v\u00fduky\" width=\"62\" height=\"62\" style=\"display: none\" \/>\n\t\t\t\t\t<span style=\"mask-image: url(https:\/\/skrivanek.cz\/wp-content\/uploads\/2023\/03\/ico-cena-1.svg); -webkit-mask-image: url(https:\/\/skrivanek.cz\/wp-content\/uploads\/2023\/03\/ico-cena-1.svg);\"><\/span>\n\t\t\t\t\t\t\t\t  <\/figure>\n\t\t\t\t\n\n\n\t\t\t\t\n\t\t    <div class=\"wpa9-card-header\">\n\t\t\t\t\t\t\t      <h2 class=\"wpa9-card-title text-start\">Cena telefonick\u00e9 v\u00fduky<\/h2>\n\t\t\t\t\t\t\t    <\/div>\n\n\t\t    <div class=\"wpa9-card-main wpa9-card-content text-start\">\n\t\t      <b>3x 10 minut t\u00fddn\u011b: 2000 K\u010d\/m\u011bs\u00edc<br \/>\n\n5x 10 minut t\u00fddn\u011b: 3200 K\u010d\/m\u011bs\u00edc<br \/><\/b>\n\nS&nbsp;telefonickou v\u00fdukou \u0161et\u0159\u00edte \u010das i&nbsp;pen\u00edze. Pro nez\u00e1vaznou objedn\u00e1vku nebo v\u00edce informac\u00ed klikn\u011bte na odkaz n\u00ed\u017ee.\t\t    <\/div>\n\n\t\t\t<\/div>\n\n\t\t\t<div class=\"wpa9-card-aside meta meta-buttons align-self-end text-start\">\n\t\t\t\t\t\t<\/div>\n\n\t<\/div>\n\n\t\n\n<\/div>\n<\/div><\/div><div id=\"panel-3672-0-0-1\" class=\"so-panel widget widget_wpa9-card-l panel-last-child\" data-index=\"1\" ><div\n\t\t\t\n\t\t\tclass=\"so-widget-wpa9-card-l so-widget-wpa9-card-l-default-c93e1481a745-3672\"\n\t\t\t\n\t\t>\n\n<div class=\"wpa9-card wpa9-card-l-container d-flex flex-wrap wpa9-columns-2\">\n\n\t\n\t\t\n\t<div class=\"wpa9-card-l-panel wpa9-panel shadow rounded d-flex flex-column justify-content-between\">\n\n\t\t<div>\n\t\t\t\t\t\t\t<span class=\"wpa9-panel-icon icon\" style=\"display: none; background-image: url('https:\/\/skrivanek.cz\/wp-content\/uploads\/2021\/03\/ico-whatsup.svg')\"><\/span>\n\t\t\t<span class=\"wpa9-panel-icon icon\" style=\"mask-image: url(https:\/\/skrivanek.cz\/wp-content\/uploads\/2021\/03\/ico-whatsup.svg); -webkit-mask-image: url(https:\/\/skrivanek.cz\/wp-content\/uploads\/2021\/03\/ico-whatsup.svg);\"><\/span>\n\t\t\n\t\t\t\t\t\t\t\t<h2 class=\"wpa9-panel-title\">10 minut denn\u011b zvl\u00e1dne ka\u017ed\u00fd!<\/h2>\n\t\t\n\t\t\t\t\t\t\t<div class=\"wpa9-panel-content\"><p>Telefonick\u00e1 v\u00fduka je vhodn\u00e1\u00a0pro<\/p>\n<ul>\n<li>v\u0161echny, kte\u0159\u00ed se boj\u00ed zvedat \u010d\u00edsla s&nbsp;jinou p\u0159edvolbou ne\u017e\u00a0+420,<\/li>\n<li>pro vyt\u00ed\u017een\u00e9 jedince, kte\u0159\u00ed se cht\u011bj\u00ed zlep\u0161ovat v&nbsp;ciz\u00edm\u00a0jazyce,<\/li>\n<li>pro ty, kte\u0159\u00ed nav\u0161t\u011bvuj\u00ed klasick\u00e9 kurzy, ale r\u00e1di by se zdokonalovali v\u00a0konverzaci,<\/li>\n<li>pro osoby s&nbsp;jazykovou\u00a0\u00farovn\u00ed\u00a0<span class=\"caps\">A2<\/span> a&nbsp;v\u00fd\u0161e. (Nev\u00edte, jak\u00e1 je va\u0161e jazykov\u00e1 \u00farove\u0148? Prov\u011b\u0159te\u00a0sv\u00e9 znalosti <a href=\"https:\/\/testy.skrivanek.cz\/rozrazovaci-testy\/\">online testem<\/a>.)<\/li>\n<\/ul>\n<\/div>\n\t\t\t\t<\/div>\n\n\t\t\n\t<\/div>\n\n\t\t\n\t<div class=\"wpa9-card-l-panel wpa9-panel shadow rounded d-flex flex-column justify-content-between\">\n\n\t\t<div>\n\t\t\t\t\t\t\t<span class=\"wpa9-panel-icon icon\" style=\"display: none; background-image: url('https:\/\/skrivanek.cz\/wp-content\/uploads\/2021\/03\/ico-zkusenosti.svg')\"><\/span>\n\t\t\t<span class=\"wpa9-panel-icon icon\" style=\"mask-image: url(https:\/\/skrivanek.cz\/wp-content\/uploads\/2021\/03\/ico-zkusenosti.svg); -webkit-mask-image: url(https:\/\/skrivanek.cz\/wp-content\/uploads\/2021\/03\/ico-zkusenosti.svg);\"><\/span>\n\t\t\n\t\t\t\t\t\t\t\t<h2 class=\"wpa9-panel-title\">Jak\u00e9 jsou dal\u0161\u00ed v\u00fdhody telefonick\u00e9 v\u00fduky?<\/h2>\n\t\t\n\t\t\t\t\t\t\t<div class=\"wpa9-panel-content\"><div class=\"box-content\">\n<ul>\n<li>Z\u00edsk\u00e1te pravidelnou v\u00fduku <strong>kdekoliv a\u00a0kdykoliv.<\/strong><\/li>\n<li><strong>Rychlej\u0161\u00ed pokrok<\/strong> v&nbsp;komunikaci dan\u00e9ho jazyka - d\u00edky intenzivn\u00ed\u00a0konverzaci v&nbsp;ciz\u00edm jazyce cel\u00fdch 10 minut se va\u0161e komunika\u010dn\u00ed schopnosti budou rychleji rozv\u00edjet.<\/li>\n<li>Zp\u011btn\u00e1 vazba - po&nbsp;skon\u010den\u00ed v\u00fduky obdr\u017e\u00edte slov\u00ed\u010dka z&nbsp;lekce v&nbsp;<span class=\"caps\">SMS<\/span>.<\/li>\n<li>D\u00edky v\u00fduce po&nbsp;telefonu se nebudete b\u00e1t zvednout zahrani\u010dn\u00ed \u010d\u00edsla - konverzac\u00ed s&nbsp;lektorem nabudete <strong>sebev\u011bdom\u00ed<\/strong> p\u0159i&nbsp;hovoru v&nbsp;ciz\u00edm jazyce a&nbsp;hovor ze zahrani\u010d\u00ed pro v\u00e1s ji\u017e nebude\u00a0pot\u00ed\u017e.<\/li>\n<li>Budete schopn\u00ed\u00a0<strong>spont\u00e1nn\u011b mluvit<\/strong> o&nbsp;jak\u00e9mkoliv t\u00e9matu v&nbsp;ciz\u00edm\u00a0jazyce.<\/li>\n<li>M\u016f\u017eete tak procvi\u010dit ji\u017e zn\u00e1mou <strong>slovn\u00ed z\u00e1sobu<\/strong>, ale hlavn\u011b z\u00edsk\u00e1te novou, kter\u00e1 vyplyne z\u00a0konverzace.<\/li>\n<\/ul>\n<\/div>\n<\/div>\n\t\t\t\t<\/div>\n\n\t\t\n\t<\/div>\n\n\t\t\n\t\n<\/div>\n<\/div><\/div><\/div><\/div><\/div><div id=\"pg-3672-1\"  class=\"panel-grid panel-has-style\"  style=\"margin-bottom: 0px\" ><div class=\"siteorigin-panels-stretch panel-row-style panel-row-style-for-3672-1\" data-stretch-type=\"full\" ><div id=\"pgc-3672-1-0\"  class=\"panel-grid-cell\" ><div id=\"panel-3672-1-0-0\" class=\"so-panel widget widget_wpa9-buttons-group panel-first-child panel-last-child\" data-index=\"2\" ><div\n\t\t\t\n\t\t\tclass=\"so-widget-wpa9-buttons-group so-widget-wpa9-buttons-group-default-7f91da832e02-3672\"\n\t\t\t\n\t\t>\n<h3 class=\"wpa9-buttons-group-title widget-title layout-default\">Preferujete sp\u00ed\u0161e tradi\u010dn\u00ed v\u00fduku?<\/h3>\n<div class=\"wpa9-buttons-group-wrapper\">\n\n\t<div class=\"wpa9-buttons-group d-flex flex-wrap justify-content-center\">\n\n\t\n\t\t\n\t\t<a class=\"wpa9-buttons-group-button btn btn-size-m btn-default d-flex flex-row justify-content-center \" href=\"https:\/\/skrivanek.cz\/cz\/jazykova-skola\/kurzy\/\" id=\"wpa9-buttons-group-panel-skupinova-vyuka\" title=\"Skupinov\u00e1 v\u00fduka\"><span class=\"align-self-center\">Skupinov\u00e1 v\u00fduka<\/span><\/a>\n\n\t\n\t\t\n\t\t<a class=\"wpa9-buttons-group-button btn btn-size-m btn-default d-flex flex-row justify-content-center \" href=\"https:\/\/skrivanek.cz\/cz\/jazykova-skola\/individualni-vyuka-jazyku\/\" id=\"wpa9-buttons-group-panel-individualni-vyuka\" title=\"Individu\u00e1ln\u00ed v\u00fduka\"><span class=\"align-self-center\">Individu\u00e1ln\u00ed v\u00fduka<\/span><\/a>\n\n\t\n\t\t\n\t\t<a class=\"wpa9-buttons-group-button btn btn-size-m btn-default d-flex flex-row justify-content-center \" href=\"https:\/\/skrivanek.cz\/cz\/jazykova-skola\/online-vyuka\/\" id=\"wpa9-buttons-group-panel-online-vyuka\" title=\"Online v\u00fduka\"><span class=\"align-self-center\">Online v\u00fduka<\/span><\/a>\n\n\t\n\t\t\n\t\t<a class=\"wpa9-buttons-group-button btn btn-size-m btn-default d-flex flex-row justify-content-center \" href=\"https:\/\/skrivanek.cz\/cz\/jazykova-skola\/e-learning\/\" id=\"wpa9-buttons-group-panel-e-learning\" title=\"E-learning\"><span class=\"align-self-center\">E-learning<\/span><\/a>\n\n\t\n\t\t\n\t\t<a class=\"wpa9-buttons-group-button btn btn-size-m btn-default d-flex flex-row justify-content-center \" href=\"https:\/\/skrivanek.cz\/cz\/jazykova-skola\/prehled-jazykovych-zkousek\/\" id=\"wpa9-buttons-group-panel-pripravne-kurzy\" title=\"P\u0159\u00edpravn\u00e9 kurzy\"><span class=\"align-self-center\">P\u0159\u00edpravn\u00e9 kurzy<\/span><\/a>\n\n\t\n\t<\/div>\n\n<\/div>\n<\/div><\/div><\/div><\/div><\/div><div id=\"pg-3672-2\"  class=\"panel-grid panel-has-style\" ><div class=\"siteorigin-panels-stretch panel-row-padding-none panel-row-style panel-row-style-for-3672-2\" data-stretch-type=\"full\" ><div id=\"pgc-3672-2-0\"  class=\"panel-grid-cell\" ><div id=\"panel-3672-2-0-0\" class=\"so-panel widget widget_wpa9-card-s panel-first-child panel-last-child\" data-index=\"3\" ><div\n\t\t\t\n\t\t\tclass=\"so-widget-wpa9-card-s so-widget-wpa9-card-s-default-c93e1481a745-3672\"\n\t\t\t\n\t\t><div class=\"wpa9-card wpa9-card-s wide negative\">\n\n\t<div class=\"wpa9-card-wrapper container\">\n\n\t\t<div class=\"wpa9-card-text\">\n\t\t\t<h2 class=\"wpa9-card-title\">Chcete se zlep\u0161it v&nbsp;ciz\u00edm jazyce?<\/h2>\n\t\t\t<div class=\"wpa9-card-content\"><p style=\"text-align: center\">Kontaktujte n\u00e1s a&nbsp;vybereme pro v\u00e1s ten spr\u00e1vn\u00fd kurz.<\/p>\n<\/div>\t\t<\/div>\n\n\t\t\t\t<div class=\"meta meta-buttons d-flex flex-row justify-content-center\">\n\t\t\t\t\t\t\t<a class=\"btn btn-negative show-inquiry-form\" href=\"https:\/\/skrivanek.cz\/cz\/poptavka\/\" title=\"Zaslat popt\u00e1vku\">Zaslat popt\u00e1vku<\/a>\n\t\t\t\t<\/div>\n\t\t\n\t<\/div>\n\n<\/div>\n<\/div><\/div><\/div><\/div><\/div><\/div>","protected":false},"excerpt":{"rendered":"<p>Nab\u00edz\u00edme v\u00fduku jazyk\u016f: angli\u010dtiny, n\u011bm\u010diny, francouz\u0161tiny, ital\u0161tiny, ru\u0161tiny, \u0161pan\u011bl\u0161tiny, \u010de\u0161tiny pro cizince. Kdykoliv a&nbsp;kdekoliv Telefon\u00e1t trv\u00e1 10 minut, kter\u00e9 si b\u011bhem dne najde ka\u017ed\u00fd. M\u016f\u017eete jej prov\u00e9st doma, b\u011bhem ob\u011bdov\u00e9 pauzy nebo na cest\u011b z&nbsp;pr\u00e1ce. T\u00e9mata v\u00fduky Vyb\u00edrat si m\u016f\u017eete z&nbsp;obecn\u00fdch nebo obchodn\u00edch t\u00e9mat. Nap\u0159.: m\u00e9 z\u00e1liby a&nbsp;netradi\u010dn\u00ed volno\u010dasov\u00e9 aktivity, objedn\u00e1vka a&nbsp;vr\u00e1cen\u00ed zbo\u017e\u00ed po&nbsp;telefonu, telefonick\u00e9 [&hellip;]<\/p>\n","protected":false},"author":3,"featured_media":0,"parent":305,"menu_order":0,"comment_status":"closed","ping_status":"closed","template":"","meta":{"_acf_changed":false,"footnotes":""},"class_list":["post-3672","page","type-page","status-publish","hentry"],"acf":[],"aioseo_notices":[],"_links":{"self":[{"href":"https:\/\/skrivanek.cz\/cz\/wp-json\/wp\/v2\/pages\/3672","targetHints":{"allow":["GET"]}}],"collection":[{"href":"https:\/\/skrivanek.cz\/cz\/wp-json\/wp\/v2\/pages"}],"about":[{"href":"https:\/\/skrivanek.cz\/cz\/wp-json\/wp\/v2\/types\/page"}],"author":[{"embeddable":true,"href":"https:\/\/skrivanek.cz\/cz\/wp-json\/wp\/v2\/users\/3"}],"replies":[{"embeddable":true,"href":"https:\/\/skrivanek.cz\/cz\/wp-json\/wp\/v2\/comments?post=3672"}],"version-history":[{"count":4,"href":"https:\/\/skrivanek.cz\/cz\/wp-json\/wp\/v2\/pages\/3672\/revisions"}],"predecessor-version":[{"id":80257,"href":"https:\/\/skrivanek.cz\/cz\/wp-json\/wp\/v2\/pages\/3672\/revisions\/80257"}],"up":[{"embeddable":true,"href":"https:\/\/skrivanek.cz\/cz\/wp-json\/wp\/v2\/pages\/305"}],"wp:attachment":[{"href":"https:\/\/skrivanek.cz\/cz\/wp-json\/wp\/v2\/media?parent=3672"}],"curies":[{"name":"wp","href":"https:\/\/api.w.org\/{rel}","templated":true}]}}