{"id":3678,"date":"2021-03-08T04:29:00","date_gmt":"2021-03-08T03:29:00","guid":{"rendered":"https:\/\/skrivanek.cz\/?page_id=3678"},"modified":"2026-03-24T15:00:37","modified_gmt":"2026-03-24T14:00:37","slug":"online-doucovani-jazyku-pro-skolaky","status":"publish","type":"page","link":"https:\/\/skrivanek.cz\/cz\/online-doucovani-jazyku-pro-skolaky\/","title":{"rendered":"Online dou\u010dov\u00e1n\u00ed jazyk\u016f pro \u0161kol\u00e1ky"},"content":{"rendered":"<div id=\"pl-3678\"  class=\"panel-layout\" ><div id=\"pg-3678-0\"  class=\"panel-grid panel-has-style\"  style=\"margin-bottom: 0px\" ><div class=\"siteorigin-panels-stretch panel-row-padding-none panel-row-style panel-row-style-for-3678-0\" data-stretch-type=\"full\" ><div id=\"pgc-3678-0-0\"  class=\"panel-grid-cell\" ><div id=\"panel-3678-0-0-0\" class=\"so-panel widget widget_wpa9-card-l panel-first-child panel-last-child\" data-index=\"0\" ><div\n\t\t\t\n\t\t\tclass=\"so-widget-wpa9-card-l so-widget-wpa9-card-l-default-c93e1481a745-3678\"\n\t\t\t\n\t\t>\n<h3 class=\"widget-title\"> Usnadn\u00edme v\u00e1m dom\u00e1c\u00ed v\u00fduku va\u0161ich d\u011bt\u00ed.<\/h3>\n<div class=\"wpa9-card wpa9-card-l-container d-flex flex-wrap wpa9-columns-2\">\n\n\t\n\t\t\n\t<div class=\"wpa9-card-l-panel wpa9-panel shadow rounded d-flex flex-column justify-content-between\">\n\n\t\t<div>\n\t\t\t\t\t\t\t<span class=\"wpa9-panel-icon icon\" style=\"display: none; background-image: url('https:\/\/skrivanek.cz\/wp-content\/uploads\/2021\/03\/ico-online-doucovani.svg')\"><\/span>\n\t\t\t<span class=\"wpa9-panel-icon icon\" style=\"mask-image: url(https:\/\/skrivanek.cz\/wp-content\/uploads\/2021\/03\/ico-online-doucovani.svg); -webkit-mask-image: url(https:\/\/skrivanek.cz\/wp-content\/uploads\/2021\/03\/ico-online-doucovani.svg);\"><\/span>\n\t\t\n\t\t\t\t\t\t\t\t<h2 class=\"wpa9-panel-title\">Online dou\u010dov\u00e1n\u00ed\u00a0\u0161kol\u00e1k\u016f<\/h2>\n\t\t\n\t\t\t\t\t\t\t<div class=\"wpa9-panel-content\"><div class=\"box-header\">\n<ul>\n<li class=\"decorated-heading\"><span style=\"color: #333333;font-family: Hind, sans-serif;font-size: 16px;font-weight: 300\">Jde v\u00e1m ze \u0161koln\u00edch\u00a0\u00fakol\u016f hlava\u00a0kolem?<\/span><\/li>\n<li class=\"decorated-heading\">Nest\u00edh\u00e1te se s\u00a0d\u011btmi u\u010dit ciz\u00ed\u00a0jazyky?<\/li>\n<li class=\"decorated-heading\">Nerozum\u00edte\u00a0zad\u00e1n\u00ed?<\/li>\n<li class=\"decorated-heading\">Neum\u00edte si ov\u011b\u0159it, jestli va\u0161e d\u00edt\u011b u\u010divo\u00a0spr\u00e1vn\u011b\u00a0pochopilo?<\/li>\n<li class=\"decorated-heading\">Nebo jen chcete, aby se d\u00e1l aktivn\u011b v\u00a0jazyce\u00a0rozv\u00edjelo?<\/li>\n<\/ul>\n<\/div>\n<div class=\"box-content\"><\/div>\n<\/div>\n\t\t\t\t<\/div>\n\n\t\t\n\t<\/div>\n\n\t\t\n\t<div class=\"wpa9-card-l-panel wpa9-panel shadow rounded d-flex flex-column justify-content-between\">\n\n\t\t<div>\n\t\t\t\t\t\t\t<span class=\"wpa9-panel-icon icon\" style=\"display: none; background-image: url('https:\/\/skrivanek.cz\/wp-content\/uploads\/2021\/01\/ico-lidi.svg')\"><\/span>\n\t\t\t<span class=\"wpa9-panel-icon icon\" style=\"mask-image: url(https:\/\/skrivanek.cz\/wp-content\/uploads\/2021\/01\/ico-lidi.svg); -webkit-mask-image: url(https:\/\/skrivanek.cz\/wp-content\/uploads\/2021\/01\/ico-lidi.svg);\"><\/span>\n\t\t\n\t\t\t\t\t\t\t\t<h2 class=\"wpa9-panel-title\">Na\u0161i kvalifikovan\u00ed lekto\u0159i jsou tu pro v\u00e1s, u\u010d\u00edme v\u0161echny sv\u011btov\u00e9 jazyky!<\/h2>\n\t\t\n\t\t\t\t\t\t\t<div class=\"wpa9-panel-content\"><ul>\n<li>Na z\u00e1klad\u011b po\u017eadavk\u016f vybereme <strong>vhodn\u00e9ho lektora<\/strong>, kter\u00fd se \u0161kol\u00e1kem\/studentem\u00a0probere <strong>pot\u0159ebn\u00e1\u00a0t\u00e9mata<\/strong>. Dou\u010dujeme \u0161kol\u00e1ky\/studenty jak\u00e9hokoliv v\u011bku i&nbsp;jazykov\u00e9\u00a0\u00farovn\u011b.<\/li>\n<li>Jedna lekce trv\u00e1 45 min., \u010das s&nbsp;v\u00e1mi domluv\u00edme\u00a0p\u0159edem.<\/li>\n<li>V\u00fduka prob\u00edh\u00e1 nej\u010dast\u011bji p\u0159es Skype, ale po&nbsp;dohod\u011b je mo\u017en\u00e9 zvolit i&nbsp;jin\u00fd komunika\u010dn\u00ed\u00a0n\u00e1stroj.<\/li>\n<li>V\u00fduka je zam\u011b\u0159en\u00e1 p\u0159edev\u0161\u00edm na zadanou \u0161koln\u00ed l\u00e1tku \u2013 vysv\u011btlen\u00ed gramatiky, kontrola vypracovan\u00fdch \u00fakol\u016f, procvi\u010dov\u00e1n\u00ed star\u0161\u00edho u\u010diva, z\u00e1bavn\u00e9 dopl\u0148uj\u00edc\u00ed\u00a0aktivity.<\/li>\n<li>Pot\u0159ebujete sp\u00ed\u0161e konverzaci s\u00a0<strong>rodil\u00fdm mluv\u010d\u00edm<\/strong>? Ani to nen\u00ed\u00a0probl\u00e9m!<\/li>\n<li>Cena od 285 K\u010d\/45\u00a0min.<\/li>\n<\/ul>\n<\/div>\n\t\t\t\t<\/div>\n\n\t\t\t\t<div class=\"meta meta-buttons d-flex flex-column flex-sm-row justify-content-center\">\n\t\t\t\t\t\t\t<a class=\"btn btn-negative show-inquiry-form\" href=\"https:\/\/skrivanek.cz\/cz\/poptavka\/\" title=\"Zaslat popt\u00e1vku\">Zaslat popt\u00e1vku<\/a>\n\t\t\t\t<\/div>\n\t\t\n\t<\/div>\n\n\t\t\n\t\n<\/div>\n<\/div><\/div><\/div><\/div><\/div><div id=\"pg-3678-1\"  class=\"panel-grid panel-has-style\"  style=\"margin-bottom: 0px\" ><div class=\"siteorigin-panels-stretch panel-row-style panel-row-style-for-3678-1\" data-stretch-type=\"full\" ><div id=\"pgc-3678-1-0\"  class=\"panel-grid-cell\" ><div id=\"panel-3678-1-0-0\" class=\"so-panel widget widget_skrv-incl-widget panel-first-child panel-last-child\" data-index=\"1\" ><div\n\t\t\t\n\t\t\tclass=\"so-widget-skrv-incl-widget so-widget-skrv-incl-widget-default-c93e1481a745-3678\"\n\t\t\t\n\t\t><div id=\"pl-5422\"  class=\"panel-layout\" ><div id=\"pg-5422-0\"  class=\"panel-grid panel-has-style\" ><div class=\"siteorigin-panels-stretch panel-row-padding-none panel-row-style panel-row-style-for-5422-0\" data-stretch-type=\"full\" ><div id=\"pgc-5422-0-0\"  class=\"panel-grid-cell\" ><div id=\"panel-5422-0-0-0\" class=\"so-panel widget widget_wpa9-editor-ext panel-first-child\" data-index=\"0\" ><div\n\t\t\t\n\t\t\tclass=\"so-widget-wpa9-editor-ext so-widget-wpa9-editor-ext-default-c93e1481a745-3678\"\n\t\t\t\n\t\t>\n<div class=\"siteorigin-widget-tinymce textwidget\">\n\t<h2 style=\"text-align: center;\"><span style=\"color: #4e172e;\">Z na\u0161\u00ed \u0161irok\u00e9 nab\u00eddky kurz\u016f si vyberete i&nbsp;vy!<\/span><\/h2>\n<\/div>\n<\/div><\/div><div id=\"panel-5422-0-0-1\" class=\"so-panel widget widget_wpa9-buttons-group panel-last-child\" data-index=\"1\" ><div\n\t\t\t\n\t\t\tclass=\"so-widget-wpa9-buttons-group so-widget-wpa9-buttons-group-default-7f91da832e02-3678\"\n\t\t\t\n\t\t>\n\n<div class=\"wpa9-buttons-group-wrapper\">\n\n\t<div class=\"wpa9-buttons-group d-flex flex-wrap justify-content-center\">\n\n\t\n\t\t\n\t\t<a class=\"wpa9-buttons-group-button btn btn-size-m btn-light d-flex flex-row justify-content-center \" href=\"https:\/\/skrivanek.cz\/cz\/jazykova-skola\/typy-kurzu\/\" id=\"wpa9-buttons-group-panel-vsechny-typy-vyuky\" title=\"V\u0161echny typy v\u00fduky\"><span class=\"align-self-center\">V\u0161echny typy v\u00fduky<\/span><\/a>\n\n\t\n\t<\/div>\n\n<\/div>\n<\/div><\/div><\/div><\/div><\/div><\/div><\/div><\/div><\/div><\/div><\/div><div id=\"pg-3678-2\"  class=\"panel-grid panel-no-style\" ><div id=\"pgc-3678-2-0\"  class=\"panel-grid-cell\" ><div id=\"panel-3678-2-0-0\" class=\"so-panel widget widget_wpa9-card-s panel-first-child panel-last-child\" data-index=\"2\" ><div\n\t\t\t\n\t\t\tclass=\"so-widget-wpa9-card-s so-widget-wpa9-card-s-default-c93e1481a745-3678\"\n\t\t\t\n\t\t><div class=\"wpa9-card wpa9-card-s wide positive\">\n\n\t<div class=\"wpa9-card-wrapper container\">\n\n\t\t<div class=\"wpa9-card-text\">\n\t\t\t<h2 class=\"wpa9-card-title\">Jsme tu pro v\u00e1s<\/h2>\n\t\t\t<div class=\"wpa9-card-content\"><p style=\"text-align: center\">Kontaktujte n\u00e1s a\u00a0vybereme pro v\u00e1s ten spr\u00e1vn\u00fd kurz.<\/p>\n<\/div>\t\t<\/div>\n\n\t\t\t\t<div class=\"meta meta-buttons d-flex flex-row justify-content-center\">\n\t\t\t\t\t\t\t<a class=\"btn btn-negative show-inquiry-form\" href=\"https:\/\/skrivanek.cz\/cz\/poptavka\/\" title=\"Zaslat popt\u00e1vku\">Zaslat popt\u00e1vku<\/a>\n\t\t\t\t<\/div>\n\t\t\n\t<\/div>\n\n<\/div>\n<\/div><\/div><\/div><\/div><\/div>","protected":false},"excerpt":{"rendered":"<p>Usnadn\u00edme v\u00e1m dom\u00e1c\u00ed v\u00fduku va\u0161ich d\u011bt\u00ed. Online dou\u010dov\u00e1n\u00ed\u00a0\u0161kol\u00e1k\u016f Jde v\u00e1m ze \u0161koln\u00edch\u00a0\u00fakol\u016f hlava\u00a0kolem? Nest\u00edh\u00e1te se s\u00a0d\u011btmi u\u010dit ciz\u00ed\u00a0jazyky? Nerozum\u00edte\u00a0zad\u00e1n\u00ed? Neum\u00edte si ov\u011b\u0159it, jestli va\u0161e d\u00edt\u011b u\u010divo\u00a0spr\u00e1vn\u011b\u00a0pochopilo? Nebo jen chcete, aby se d\u00e1l aktivn\u011b v\u00a0jazyce\u00a0rozv\u00edjelo? Na\u0161i kvalifikovan\u00ed lekto\u0159i jsou tu pro v\u00e1s, u\u010d\u00edme v\u0161echny sv\u011btov\u00e9 jazyky! Na z\u00e1klad\u011b po\u017eadavk\u016f vybereme vhodn\u00e9ho lektora, kter\u00fd se \u0161kol\u00e1kem\/studentem\u00a0probere pot\u0159ebn\u00e1\u00a0t\u00e9mata. [&hellip;]<\/p>\n","protected":false},"author":3,"featured_media":0,"parent":0,"menu_order":0,"comment_status":"closed","ping_status":"closed","template":"","meta":{"_acf_changed":false,"footnotes":""},"class_list":["post-3678","page","type-page","status-publish","hentry"],"acf":[],"aioseo_notices":[],"_links":{"self":[{"href":"https:\/\/skrivanek.cz\/cz\/wp-json\/wp\/v2\/pages\/3678","targetHints":{"allow":["GET"]}}],"collection":[{"href":"https:\/\/skrivanek.cz\/cz\/wp-json\/wp\/v2\/pages"}],"about":[{"href":"https:\/\/skrivanek.cz\/cz\/wp-json\/wp\/v2\/types\/page"}],"author":[{"embeddable":true,"href":"https:\/\/skrivanek.cz\/cz\/wp-json\/wp\/v2\/users\/3"}],"replies":[{"embeddable":true,"href":"https:\/\/skrivanek.cz\/cz\/wp-json\/wp\/v2\/comments?post=3678"}],"version-history":[{"count":3,"href":"https:\/\/skrivanek.cz\/cz\/wp-json\/wp\/v2\/pages\/3678\/revisions"}],"predecessor-version":[{"id":80343,"href":"https:\/\/skrivanek.cz\/cz\/wp-json\/wp\/v2\/pages\/3678\/revisions\/80343"}],"wp:attachment":[{"href":"https:\/\/skrivanek.cz\/cz\/wp-json\/wp\/v2\/media?parent=3678"}],"curies":[{"name":"wp","href":"https:\/\/api.w.org\/{rel}","templated":true}]}}