{"id":3754,"date":"2021-03-08T05:27:44","date_gmt":"2021-03-08T04:27:44","guid":{"rendered":"https:\/\/skrivanek.cz\/?page_id=3754"},"modified":"2026-03-24T10:20:49","modified_gmt":"2026-03-24T09:20:49","slug":"e-learning","status":"publish","type":"page","link":"https:\/\/skrivanek.cz\/cz\/jazykova-skola\/e-learning\/","title":{"rendered":"E-learning"},"content":{"rendered":"<div id=\"pl-3754\"  class=\"panel-layout\" ><div id=\"pg-3754-0\"  class=\"panel-grid panel-has-style\"  style=\"margin-bottom: 0px\" ><div class=\"siteorigin-panels-stretch panel-row-style panel-row-style-for-3754-0\" data-stretch-type=\"full\" ><div id=\"pgc-3754-0-0\"  class=\"panel-grid-cell\" ><div id=\"panel-3754-0-0-0\" class=\"so-panel widget widget_wpa9-steps panel-first-child panel-last-child\" data-index=\"0\" ><div\n\t\t\t\n\t\t\tclass=\"so-widget-wpa9-steps so-widget-wpa9-steps-default-c93e1481a745-3754\"\n\t\t\t\n\t\t><div class=\"wpa9-steps\">\n\t<div class=\"wpa9-steps-togglers d-flex flex-wrap justify-content-center\" data-wpa9-interval=\"7000\">\n\t\t\t\n\t\t<div class=\"wpa9-steps-toggler-wrapper wpa9-steps-active\" id=\"wpa9-steps-toggler-panel-0\">\n\t\t\t<div class=\"wpa9-steps-toggler f-headlines d-flex align-items-center justify-content-center\" data-content=\"panel-0\" role=\"button\">\n\t\t\t\t\t\t\t\t<span class=\"wpa9-step-title\">Kdekoliv a&nbsp;kdykoliv<\/span>\n\t\t\t\t\t\t\t<\/div>\n\t\t\t<div class=\"wpa9-steps-decoration\"><\/div>\n\t\t<\/div>\n\t\t<div class=\"wpa9-steps-content wpa9-steps-active\" role=\"region\" id=\"wpa9-steps-content-panel-0\">\n\t\t\t<p style=\"text-align: left;\">doma, ve vlaku, v\u00a0kav\u00e1rn\u011b<\/p>\n\t\t<\/div>\n\t\t<div class=\"wpa9-steps-hyphen\"><\/div>\t\t\t\n\t\t<div class=\"wpa9-steps-toggler-wrapper\" id=\"wpa9-steps-toggler-panel-1\">\n\t\t\t<div class=\"wpa9-steps-toggler f-headlines d-flex align-items-center justify-content-center\" data-content=\"panel-1\" role=\"button\">\n\t\t\t\t\t\t\t\t<span class=\"wpa9-step-title\">U\u0161et\u0159\u00edte<\/span>\n\t\t\t\t\t\t\t<\/div>\n\t\t\t<div class=\"wpa9-steps-decoration\"><\/div>\n\t\t<\/div>\n\t\t<div class=\"wpa9-steps-content\" role=\"region\" id=\"wpa9-steps-content-panel-1\">\n\t\t\t<p style=\"text-align: center;\">\u010das a\u00a0pen\u00edze<\/p>\n\t\t<\/div>\n\t\t<div class=\"wpa9-steps-hyphen\"><\/div>\t\t\t\n\t\t<div class=\"wpa9-steps-toggler-wrapper\" id=\"wpa9-steps-toggler-panel-2\">\n\t\t\t<div class=\"wpa9-steps-toggler f-headlines d-flex align-items-center justify-content-center\" data-content=\"panel-2\" role=\"button\">\n\t\t\t\t\t\t\t\t<span class=\"wpa9-step-title\">Mo\u017enost vyu\u017e\u00edt podpory<\/span>\n\t\t\t\t\t\t\t<\/div>\n\t\t\t<div class=\"wpa9-steps-decoration\"><\/div>\n\t\t<\/div>\n\t\t<div class=\"wpa9-steps-content\" role=\"region\" id=\"wpa9-steps-content-panel-2\">\n\t\t\t<p style=\"text-align: right;\">virtu\u00e1ln\u00edho\u00a0lektora<\/p>\n\t\t<\/div>\n\t\t\t\t<\/div>\n\t<div class=\"wpa9-steps-contents-wrapper\">\n\t\t\t\t\t<div class=\"wpa9-steps-content _step_3_1 wpa9-steps-active\" role=\"region\" id=\"wpa9-steps-content-panel-0\">\n\t\t\t<p style=\"text-align: left;\">doma, ve vlaku, v\u00a0kav\u00e1rn\u011b<\/p>\n\t\t<\/div>\n\t\t\t\t\t<div class=\"wpa9-steps-content _step_3_2\" role=\"region\" id=\"wpa9-steps-content-panel-1\">\n\t\t\t<p style=\"text-align: center;\">\u010das a\u00a0pen\u00edze<\/p>\n\t\t<\/div>\n\t\t\t\t\t<div class=\"wpa9-steps-content _step_3_3\" role=\"region\" id=\"wpa9-steps-content-panel-2\">\n\t\t\t<p style=\"text-align: right;\">virtu\u00e1ln\u00edho\u00a0lektora<\/p>\n\t\t<\/div>\n\t\t<\/div>\n\t\t<div class=\"wpa9-steps-button d-flex justify-content-center\">\n\t\t<a href=\"#0\" class=\"btn btn-negative show-inquiry-form\">M\u00e1m z\u00e1jem o&nbsp;e-learning<\/a>\n\t<\/div>\n\t<\/div>\n<\/div><\/div><\/div><\/div><\/div><div id=\"pg-3754-1\"  class=\"panel-grid panel-has-style\"  style=\"margin-bottom: 0px\" ><div class=\"siteorigin-panels-stretch panel-row-padding-none panel-row-style panel-row-style-for-3754-1\" data-stretch-type=\"full\" ><div id=\"pgc-3754-1-0\"  class=\"panel-grid-cell\" ><div id=\"panel-3754-1-0-0\" class=\"so-panel widget widget_wpa9-card-l panel-first-child panel-last-child\" data-index=\"1\" ><div\n\t\t\t\n\t\t\tclass=\"so-widget-wpa9-card-l so-widget-wpa9-card-l-default-c93e1481a745-3754\"\n\t\t\t\n\t\t>\n<h3 class=\"widget-title\">Jak\u00e9 typy e-learningu nab\u00edz\u00edme?<\/h3>\n<div class=\"wpa9-card wpa9-card-l-container d-flex flex-wrap wpa9-columns-2\">\n\n\t\n\t\t\n\t<div class=\"wpa9-card-l-panel wpa9-panel shadow rounded d-flex flex-column justify-content-between\">\n\n\t\t<div>\n\t\t\t\t\t\t\t<span class=\"wpa9-panel-icon icon\" style=\"display: none; background-image: url('https:\/\/skrivanek.cz\/wp-content\/uploads\/2021\/03\/ico-tlumoceni-online.svg')\"><\/span>\n\t\t\t<span class=\"wpa9-panel-icon icon\" style=\"mask-image: url(https:\/\/skrivanek.cz\/wp-content\/uploads\/2021\/03\/ico-tlumoceni-online.svg); -webkit-mask-image: url(https:\/\/skrivanek.cz\/wp-content\/uploads\/2021\/03\/ico-tlumoceni-online.svg);\"><\/span>\n\t\t\n\t\t\t\t\t\t\t\t<h2 class=\"wpa9-panel-title\">Online obchodn\u00ed angli\u010dtina s&nbsp;Ashleym<\/h2>\n\t\t\n\t\t\t\t\t\t\t<div class=\"wpa9-panel-content\"><div class=\"box-content\">\n<div class=\"box-content\">\n<p>\u010cek\u00e1 v\u00e1s prezentace, telefon\u00e1t nebo firemn\u00ed jedn\u00e1n\u00ed\u00a0v angli\u010dtin\u011b? Nebojte se, v\u0161echno zvl\u00e1dnete!\u00a0D\u00edky online kurz\u016fm angli\u010dtiny s&nbsp;Ashleym u\u017e budete jist\u00ed, pohotov\u00ed\u00a0a nic v\u00e1s\u00a0nezasko\u010d\u00ed.<\/p>\n<p>Celkem jsme pro v\u00e1s p\u0159ipravili 6\u00a0videokurz\u016f.<\/p>\n<\/div>\n<div class=\"box-proscons\"><\/div>\n<div>\n<p><strong><span class=\"caps\">CO<\/span> V&nbsp;<span class=\"caps\">KURZECH<\/span>\u00a0<span class=\"caps\">Z\u00cdSK\u00c1TE<\/span>?<\/strong><\/p>\n<ul style=\"list-style-type: square\">\n<li>Jistotu p\u0159i&nbsp;<strong>prezentov\u00e1n\u00ed v&nbsp;angli\u010dtin\u011b<\/strong>,<\/li>\n<li>nau\u010d\u00edte se spr\u00e1vn\u011b p\u0159ijmout a&nbsp;vy\u0159\u00eddit\u00a0telefon\u00e1t,<\/li>\n<li>fr\u00e1ze, se kter\u00fdmi zaujmete u\u00a0p\u0159ij\u00edmac\u00edho\u00a0pohovoru,<\/li>\n<li>vyjednat ty nejlep\u0161\u00ed podm\u00ednky s&nbsp;va\u0161imi obchodn\u00edmi\u00a0partnery,<\/li>\n<li>napsat <strong>perfektn\u00ed e-mail v&nbsp;angli\u010dtin\u011b<\/strong> za p\u00e1r\u00a0minut,<\/li>\n<li>anglick\u00e9 fr\u00e1ze pro zvl\u00e1dnut\u00ed pracovn\u00edch\u00a0porad,<\/li>\n<li>certifik\u00e1t o&nbsp;absolvov\u00e1n\u00ed\u00a0kurzu.<\/li>\n<\/ul>\n<p><strong><span class=\"caps\">JAK<\/span> <span class=\"caps\">KURZY<\/span> <span class=\"caps\">VYPADAJ\u00cd<\/span>?<\/strong><\/p>\n<ul style=\"list-style-type: square\">\n<li>\u010cek\u00e1 v\u00e1s n\u011bkolik kr\u00e1tk\u00fdch\u00a0vide\u00ed,<\/li>\n<li>dopl\u0148uj\u00edc\u00ed materi\u00e1ly:\u00a0pracovn\u00ed se\u0161ity, kv\u00edzy\u00a0aj.,<\/li>\n<li>jednotliv\u00e9 <strong>videolekce lze kdykoliv opakovat<\/strong>,<\/li>\n<li>kurz je zakon\u010den z\u00e1v\u011bre\u010dn\u00fdm\u00a0testem.<\/li>\n<\/ul>\n<p><strong><span class=\"caps\">CO<\/span> <span class=\"caps\">JE<\/span> <span class=\"caps\">POT\u0158EBA<\/span>?<\/strong><\/p>\n<ul style=\"list-style-type: square\">\n<li>Jazykov\u00e1 \u00farove\u0148 angli\u010dtiny alespo\u0148\u00a0<span class=\"caps\">A2<\/span>,<\/li>\n<li><span class=\"caps\">PC<\/span> s\u00a0p\u0159ipojen\u00edm\u00a0k\u00a0internetu,<\/li>\n<li>registrace na <a href=\"https:\/\/www.seduo.cz\/lektor\/skrivanek\">seduo.cz<\/a>.<\/li>\n<\/ul>\n<p><strong>Cena za 1 kurz je pouze 390&nbsp;K\u010d v\u010d. <span class=\"caps\">DPH<\/span><\/strong><\/p>\n<\/div>\n<\/div>\n<\/div>\n\t\t\t\t<\/div>\n\n\t\t\t\t<div class=\"meta meta-buttons d-flex flex-column flex-sm-row justify-content-start\">\n\t\t\t\t\t<a class=\"btn \" href=\"https:\/\/skrivanek.cz\/cz\/online-anglictina-s-ashleym\/\" title=\"V\u00edce informac\u00ed\">V\u00edce informac\u00ed<\/a>\n\t\t\t\t\t\t<\/div>\n\t\t\n\t<\/div>\n\n\t\t\n\t<div class=\"wpa9-card-l-panel wpa9-panel shadow rounded d-flex flex-column justify-content-between\">\n\n\t\t<div>\n\t\t\t\t\t\t\t<span class=\"wpa9-panel-icon icon\" style=\"display: none; background-image: url('https:\/\/skrivanek.cz\/wp-content\/uploads\/2021\/03\/ico-online-vyuka.svg')\"><\/span>\n\t\t\t<span class=\"wpa9-panel-icon icon\" style=\"mask-image: url(https:\/\/skrivanek.cz\/wp-content\/uploads\/2021\/03\/ico-online-vyuka.svg); -webkit-mask-image: url(https:\/\/skrivanek.cz\/wp-content\/uploads\/2021\/03\/ico-online-vyuka.svg);\"><\/span>\n\t\t\n\t\t\t\t\t\t\t\t<h2 class=\"wpa9-panel-title\">Online jazyky<\/h2>\n\t\t\n\t\t\t\t\t\t\t<div class=\"wpa9-panel-content\"><div class=\"box-content\">\n<p>Nem\u00e1te \u010das doch\u00e1zet na klasickou v\u00fduku?\u00a0Chcete studovat intenzivn\u011bji? Chcete studovat online v\u00a0u\u017eivatelsky p\u0159\u00edjemn\u00e9m prost\u0159ed\u00ed? Vyzkou\u0161ejte Online\u00a0jazyky!<\/p>\n<\/div>\n<div class=\"box-proscons\"><\/div>\n<div>\n<p><strong><span class=\"caps\">CO<\/span> V&nbsp;<span class=\"caps\">KURZU<\/span> <span class=\"caps\">Z\u00cdSK\u00c1TE<\/span>?<\/strong><\/p>\n<ul style=\"list-style-type: square\">\n<li>kvalitn\u00ed v\u00fdukov\u00fd obsah tvo\u0159en\u00fd p\u0159edev\u0161\u00edm pro pot\u0159eby <strong>\u010desk\u00fdch student\u016f<\/strong>,<\/li>\n<li>online studovnu, kter\u00e1 se p\u0159izp\u016fsob\u00ed <span class=\"caps\">PC<\/span>, tabletu i&nbsp;mobiln\u00edmu\u00a0telefonu,<\/li>\n<li>jednodu\u0161e vysv\u011btlenou l\u00e1tku rozlo\u017eenou do <strong>kr\u00e1tk\u00fdch 20minutov\u00fdch<\/strong> \u00fasek\u016f,<\/li>\n<li><strong>virtu\u00e1ln\u00edho lektora<\/strong>, kter\u00fd v\u00e1s provede\u00a0kurzem,<\/li>\n<li>v\u00fduku dle nejnov\u011bj\u0161\u00edch\u00a0trend\u016f,<\/li>\n<li>\u0159adu motiva\u010dn\u00edch a&nbsp;gamifika\u010dn\u00edch prvk\u016f (humor, momenty p\u0159ekvapen\u00ed, pomocn\u00e9 help boxy, videohodnocen\u00ed\u00a0atp.),<\/li>\n<li>podporu lektora po&nbsp;ruce na <strong>online chatu<\/strong>,<\/li>\n<li>p\u0159ehledn\u00e9 <strong>statistiky<\/strong> postupu\u00a0kurzem,<\/li>\n<li><strong>tipy a&nbsp;rady<\/strong> pro efektivn\u00ed\u00a0v\u00fduku,<\/li>\n<li>spolehlivou <span class=\"caps\">IT<\/span>\u00a0podporu.<\/li>\n<\/ul>\n<p><strong><span class=\"caps\">CO<\/span> <span class=\"caps\">JE<\/span> <span class=\"caps\">POT\u0158EBA<\/span>?<\/strong><\/p>\n<p>sluch\u00e1tka, mikrofon,<br \/>\n<span class=\"caps\">PC<\/span> s&nbsp;p\u0159ipojen\u00edm k\u00a0internetu.<\/p>\n<\/div>\n<p><strong>STUDOVNA VA\u0160ICH KURZ\u016e<\/strong><br \/>\nDo studovny se p\u0159ihl\u00e1s\u00edte na adrese <a href=\"https:\/\/www.onlinejazyky.cz\/\">www.onlinejazyky.cz<\/a> kliknut\u00edm na \"P\u0159ihl\u00e1sit se\" vpravo naho\u0159e.Vyzkou\u0161ejte, jak studovna vypad\u00e1 pomoc\u00ed t\u011bchto p\u0159ihla\u0161ovac\u00edch \u00fadaj\u016f:<\/p>\n<ul>\n<li>p\u0159ihla\u0161ovac\u00ed jm\u00e9no: online&#106;&#97;&#122;&#121;&#107;y&#64;&#115;kri&#118;ane&#107;&#46;c&#122;<\/li>\n<li>heslo: onlinejazyky<\/li>\n<\/ul>\n<\/div>\n\t\t\t\t<\/div>\n\n\t\t\t\t<div class=\"meta meta-buttons d-flex flex-column flex-sm-row justify-content-start\">\n\t\t\t\t\t\t\t<a class=\"btn btn-negative show-inquiry-form\" href=\"https:\/\/skrivanek.cz\/cz\/poptavka\/\" title=\"Zaslat popt\u00e1vku\">Zaslat popt\u00e1vku<\/a>\n\t\t\t\t<\/div>\n\t\t\n\t<\/div>\n\n\t\t\n\t\n<\/div>\n<\/div><\/div><\/div><\/div><\/div><div id=\"pg-3754-2\"  class=\"panel-grid panel-has-style\"  style=\"margin-bottom: 0px\" ><div class=\"siteorigin-panels-stretch panel-row-padding-none panel-row-style panel-row-style-for-3754-2\" data-stretch-type=\"full\" ><div id=\"pgc-3754-2-0\"  class=\"panel-grid-cell\" ><div id=\"panel-3754-2-0-0\" class=\"so-panel widget widget_skrv-incl-widget panel-first-child panel-last-child\" data-index=\"2\" ><div\n\t\t\t\n\t\t\tclass=\"so-widget-skrv-incl-widget so-widget-skrv-incl-widget-default-c93e1481a745-3754\"\n\t\t\t\n\t\t><div id=\"pl-5422\"  class=\"panel-layout\" ><div id=\"pg-5422-0\"  class=\"panel-grid panel-has-style\" ><div class=\"siteorigin-panels-stretch panel-row-padding-none panel-row-style panel-row-style-for-5422-0\" data-stretch-type=\"full\" ><div id=\"pgc-5422-0-0\"  class=\"panel-grid-cell\" ><div id=\"panel-5422-0-0-0\" class=\"so-panel widget widget_wpa9-editor-ext panel-first-child\" data-index=\"0\" ><div\n\t\t\t\n\t\t\tclass=\"so-widget-wpa9-editor-ext so-widget-wpa9-editor-ext-default-c93e1481a745-3754\"\n\t\t\t\n\t\t>\n<div class=\"siteorigin-widget-tinymce textwidget\">\n\t<h2 style=\"text-align: center;\"><span style=\"color: #4e172e;\">Z na\u0161\u00ed \u0161irok\u00e9 nab\u00eddky kurz\u016f si vyberete i&nbsp;vy!<\/span><\/h2>\n<\/div>\n<\/div><\/div><div id=\"panel-5422-0-0-1\" class=\"so-panel widget widget_wpa9-buttons-group panel-last-child\" data-index=\"1\" ><div\n\t\t\t\n\t\t\tclass=\"so-widget-wpa9-buttons-group so-widget-wpa9-buttons-group-default-7f91da832e02-3754\"\n\t\t\t\n\t\t>\n\n<div class=\"wpa9-buttons-group-wrapper\">\n\n\t<div class=\"wpa9-buttons-group d-flex flex-wrap justify-content-center\">\n\n\t\n\t\t\n\t\t<a class=\"wpa9-buttons-group-button btn btn-size-m btn-light d-flex flex-row justify-content-center \" href=\"https:\/\/skrivanek.cz\/cz\/jazykova-skola\/typy-kurzu\/\" id=\"wpa9-buttons-group-panel-vsechny-typy-vyuky\" title=\"V\u0161echny typy v\u00fduky\"><span class=\"align-self-center\">V\u0161echny typy v\u00fduky<\/span><\/a>\n\n\t\n\t<\/div>\n\n<\/div>\n<\/div><\/div><\/div><\/div><\/div><\/div><\/div><\/div><\/div><\/div><\/div><div id=\"pg-3754-3\"  class=\"panel-grid panel-has-style\" ><div class=\"siteorigin-panels-stretch panel-row-padding-none panel-row-style panel-row-style-for-3754-3\" data-stretch-type=\"full\" ><div id=\"pgc-3754-3-0\"  class=\"panel-grid-cell\" ><div id=\"panel-3754-3-0-0\" class=\"so-panel widget widget_wpa9-card-s panel-first-child panel-last-child\" data-index=\"3\" ><div\n\t\t\t\n\t\t\tclass=\"so-widget-wpa9-card-s so-widget-wpa9-card-s-default-c93e1481a745-3754\"\n\t\t\t\n\t\t><div class=\"wpa9-card wpa9-card-s wide negative\">\n\n\t<div class=\"wpa9-card-wrapper container\">\n\n\t\t<div class=\"wpa9-card-text\">\n\t\t\t<h2 class=\"wpa9-card-title\">Chcete jazykov\u00fd kurz na m\u00edru?<\/h2>\n\t\t\t<div class=\"wpa9-card-content\"><p style=\"text-align: center\">R\u00e1di ho pro v\u00e1s vytvo\u0159\u00edme.<\/p>\n<\/div>\t\t<\/div>\n\n\t\t\t\t<div class=\"meta meta-buttons d-flex flex-row justify-content-center\">\n\t\t\t\t\t\t\t<a class=\"btn btn-negative show-inquiry-form\" href=\"https:\/\/skrivanek.cz\/cz\/poptavka\/\" title=\"Zaslat popt\u00e1vku\">Zaslat popt\u00e1vku<\/a>\n\t\t\t\t<\/div>\n\t\t\n\t<\/div>\n\n<\/div>\n<\/div><\/div><\/div><\/div><\/div><\/div>","protected":false},"excerpt":{"rendered":"<p>Kdekoliv a&nbsp;kdykoliv doma, ve vlaku, v\u00a0kav\u00e1rn\u011b U\u0161et\u0159\u00edte \u010das a\u00a0pen\u00edze Mo\u017enost vyu\u017e\u00edt podpory virtu\u00e1ln\u00edho\u00a0lektora doma, ve vlaku, v\u00a0kav\u00e1rn\u011b \u010das a\u00a0pen\u00edze virtu\u00e1ln\u00edho\u00a0lektora M\u00e1m z\u00e1jem o&nbsp;e-learning Jak\u00e9 typy e-learningu nab\u00edz\u00edme? Online obchodn\u00ed angli\u010dtina s&nbsp;Ashleym \u010cek\u00e1 v\u00e1s prezentace, telefon\u00e1t nebo firemn\u00ed jedn\u00e1n\u00ed\u00a0v angli\u010dtin\u011b? Nebojte se, v\u0161echno zvl\u00e1dnete!\u00a0D\u00edky online kurz\u016fm angli\u010dtiny s&nbsp;Ashleym u\u017e budete jist\u00ed, pohotov\u00ed\u00a0a nic v\u00e1s\u00a0nezasko\u010d\u00ed. Celkem jsme [&hellip;]<\/p>\n","protected":false},"author":3,"featured_media":0,"parent":305,"menu_order":0,"comment_status":"closed","ping_status":"closed","template":"","meta":{"_acf_changed":false,"footnotes":""},"class_list":["post-3754","page","type-page","status-publish","hentry"],"acf":[],"aioseo_notices":[],"_links":{"self":[{"href":"https:\/\/skrivanek.cz\/cz\/wp-json\/wp\/v2\/pages\/3754","targetHints":{"allow":["GET"]}}],"collection":[{"href":"https:\/\/skrivanek.cz\/cz\/wp-json\/wp\/v2\/pages"}],"about":[{"href":"https:\/\/skrivanek.cz\/cz\/wp-json\/wp\/v2\/types\/page"}],"author":[{"embeddable":true,"href":"https:\/\/skrivanek.cz\/cz\/wp-json\/wp\/v2\/users\/3"}],"replies":[{"embeddable":true,"href":"https:\/\/skrivanek.cz\/cz\/wp-json\/wp\/v2\/comments?post=3754"}],"version-history":[{"count":3,"href":"https:\/\/skrivanek.cz\/cz\/wp-json\/wp\/v2\/pages\/3754\/revisions"}],"predecessor-version":[{"id":80186,"href":"https:\/\/skrivanek.cz\/cz\/wp-json\/wp\/v2\/pages\/3754\/revisions\/80186"}],"up":[{"embeddable":true,"href":"https:\/\/skrivanek.cz\/cz\/wp-json\/wp\/v2\/pages\/305"}],"wp:attachment":[{"href":"https:\/\/skrivanek.cz\/cz\/wp-json\/wp\/v2\/media?parent=3754"}],"curies":[{"name":"wp","href":"https:\/\/api.w.org\/{rel}","templated":true}]}}