{"id":4437,"date":"2021-03-09T10:25:55","date_gmt":"2021-03-09T09:25:55","guid":{"rendered":"https:\/\/skrivanek.cz\/?page_id=4437"},"modified":"2026-03-24T12:48:02","modified_gmt":"2026-03-24T11:48:02","slug":"prehled-jazykovych-zkousek","status":"publish","type":"page","link":"https:\/\/skrivanek.cz\/cz\/jazykova-skola\/prehled-jazykovych-zkousek\/","title":{"rendered":"P\u0159ehled jazykov\u00fdch zkou\u0161ek"},"content":{"rendered":"<div id=\"pl-4437\"  class=\"panel-layout\" ><div id=\"pg-4437-0\"  class=\"panel-grid panel-has-style\"  style=\"margin-bottom: 0px\" ><div class=\"panel-row-padding-none panel-row-style panel-row-style-for-4437-0\" ><div id=\"pgc-4437-0-0\"  class=\"panel-grid-cell\" ><div id=\"panel-4437-0-0-0\" class=\"so-panel widget widget_wpa9-steps panel-first-child panel-last-child\" data-index=\"0\" ><div\n\t\t\t\n\t\t\tclass=\"so-widget-wpa9-steps so-widget-wpa9-steps-default-c93e1481a745-4437\"\n\t\t\t\n\t\t><h3 class=\"widget-title\">Pro\u010d slo\u017eit jazykovou zkou\u0161ku?<\/h3><div class=\"wpa9-steps\">\n\t<div class=\"wpa9-steps-togglers d-flex flex-wrap justify-content-center\" data-wpa9-interval=\"7000\">\n\t\t\t\n\t\t<div class=\"wpa9-steps-toggler-wrapper wpa9-steps-active\" id=\"wpa9-steps-toggler-panel-0\">\n\t\t\t<div class=\"wpa9-steps-toggler f-headlines d-flex align-items-center justify-content-center\" data-content=\"panel-0\" role=\"button\">\n\t\t\t\t\t\t\t\t<span class=\"wpa9-step-title\">Potvrzen\u00ed jazykov\u00e9 \u00farovn\u011b<\/span>\n\t\t\t\t\t\t\t<\/div>\n\t\t\t<div class=\"wpa9-steps-decoration\"><\/div>\n\t\t<\/div>\n\t\t<div class=\"wpa9-steps-content wpa9-steps-active\" role=\"region\" id=\"wpa9-steps-content-panel-0\">\n\t\t\t<p style=\"text-align: center;\">D\u00edky \u00fasp\u011b\u0161n\u011b slo\u017een\u00e9 zkou\u0161ce budete m\u00edt ofici\u00e1ln\u011b potvrzenou va\u0161i \u00farove\u0148. Budete tedy p\u0159esn\u011b v\u011bd\u011bt, na \u010dem jste a&nbsp;my v\u00e1m r\u00e1di pom\u016f\u017eeme posunout se d\u00e1l.<\/p>\n\t\t<\/div>\n\t\t<div class=\"wpa9-steps-hyphen\"><\/div>\t\t\t\n\t\t<div class=\"wpa9-steps-toggler-wrapper\" id=\"wpa9-steps-toggler-panel-1\">\n\t\t\t<div class=\"wpa9-steps-toggler f-headlines d-flex align-items-center justify-content-center\" data-content=\"panel-1\" role=\"button\">\n\t\t\t\t\t\t\t\t<span class=\"wpa9-step-title\">Konkuren\u010dn\u00ed v\u00fdhoda<\/span>\n\t\t\t\t\t\t\t<\/div>\n\t\t\t<div class=\"wpa9-steps-decoration\"><\/div>\n\t\t<\/div>\n\t\t<div class=\"wpa9-steps-content\" role=\"region\" id=\"wpa9-steps-content-panel-1\">\n\t\t\t<p style=\"text-align: center;\">Z\u00edsk\u00e1n\u00ed certifik\u00e1tu v\u00e1m zaru\u010d\u00ed konkuren\u010dn\u00ed v\u00fdhodu. Angli\u010dtina na \u00farovni C1 se bude v&nbsp;CV vyj\u00edmat.<\/p>\n\t\t<\/div>\n\t\t<div class=\"wpa9-steps-hyphen\"><\/div>\t\t\t\n\t\t<div class=\"wpa9-steps-toggler-wrapper\" id=\"wpa9-steps-toggler-panel-2\">\n\t\t\t<div class=\"wpa9-steps-toggler f-headlines d-flex align-items-center justify-content-center\" data-content=\"panel-2\" role=\"button\">\n\t\t\t\t\t\t\t\t<span class=\"wpa9-step-title\">Mezin\u00e1rodn\u011b uzn\u00e1van\u00fd certifik\u00e1t<\/span>\n\t\t\t\t\t\t\t<\/div>\n\t\t\t<div class=\"wpa9-steps-decoration\"><\/div>\n\t\t<\/div>\n\t\t<div class=\"wpa9-steps-content\" role=\"region\" id=\"wpa9-steps-content-panel-2\">\n\t\t\t<p style=\"text-align: center;\">Obavy stranou! Vybrat si m\u016f\u017eete zkou\u0161ky, kter\u00e9 pat\u0159\u00ed k&nbsp;mezin\u00e1rodn\u011b uzn\u00e1van\u00fdm. Certifik\u00e1t m\u016f\u017eete tedy pak vyu\u017e\u00edt p\u0159i&nbsp;studiu nebo pr\u00e1ci v&nbsp;zahrani\u010d\u00ed.<\/p>\n\t\t<\/div>\n\t\t\t\t<\/div>\n\t<div class=\"wpa9-steps-contents-wrapper\">\n\t\t\t\t\t<div class=\"wpa9-steps-content _step_3_1 wpa9-steps-active\" role=\"region\" id=\"wpa9-steps-content-panel-0\">\n\t\t\t<p style=\"text-align: center;\">D\u00edky \u00fasp\u011b\u0161n\u011b slo\u017een\u00e9 zkou\u0161ce budete m\u00edt ofici\u00e1ln\u011b potvrzenou va\u0161i \u00farove\u0148. Budete tedy p\u0159esn\u011b v\u011bd\u011bt, na \u010dem jste a&nbsp;my v\u00e1m r\u00e1di pom\u016f\u017eeme posunout se d\u00e1l.<\/p>\n\t\t<\/div>\n\t\t\t\t\t<div class=\"wpa9-steps-content _step_3_2\" role=\"region\" id=\"wpa9-steps-content-panel-1\">\n\t\t\t<p style=\"text-align: center;\">Z\u00edsk\u00e1n\u00ed certifik\u00e1tu v\u00e1m zaru\u010d\u00ed konkuren\u010dn\u00ed v\u00fdhodu. Angli\u010dtina na \u00farovni C1 se bude v&nbsp;CV vyj\u00edmat.<\/p>\n\t\t<\/div>\n\t\t\t\t\t<div class=\"wpa9-steps-content _step_3_3\" role=\"region\" id=\"wpa9-steps-content-panel-2\">\n\t\t\t<p style=\"text-align: center;\">Obavy stranou! Vybrat si m\u016f\u017eete zkou\u0161ky, kter\u00e9 pat\u0159\u00ed k&nbsp;mezin\u00e1rodn\u011b uzn\u00e1van\u00fdm. Certifik\u00e1t m\u016f\u017eete tedy pak vyu\u017e\u00edt p\u0159i&nbsp;studiu nebo pr\u00e1ci v&nbsp;zahrani\u010d\u00ed.<\/p>\n\t\t<\/div>\n\t\t<\/div>\n\t<\/div>\n<\/div><\/div><\/div><\/div><\/div><div id=\"pg-4437-1\"  class=\"panel-grid panel-has-style\"  style=\"margin-bottom: 0px\" ><div class=\"siteorigin-panels-stretch panel-row-padding-none panel-row-style panel-row-style-for-4437-1\" data-stretch-type=\"full\" ><div id=\"pgc-4437-1-0\"  class=\"panel-grid-cell\" ><div id=\"panel-4437-1-0-0\" class=\"so-panel widget widget_wpa9-card-l panel-first-child\" data-index=\"1\" ><div\n\t\t\t\n\t\t\tclass=\"so-widget-wpa9-card-l so-widget-wpa9-card-l-default-c93e1481a745-4437\"\n\t\t\t\n\t\t>\n<h3 class=\"widget-title\">Angli\u010dtina<\/h3>\n<div class=\"wpa9-card wpa9-card-l-container d-flex flex-wrap wpa9-columns-3\">\n\n\t\n\t\t\n\t<div class=\"wpa9-card-l-panel wpa9-panel shadow rounded d-flex flex-column justify-content-between\">\n\n\t\t<div>\n\t\t\t\t\n\t\t\t\t\t\t\t\t<h2 class=\"wpa9-panel-title\"><a href=\"https:\/\/skrivanek.cz\/cz\/jazykova-skola\/aj-zacatecnik\/\">angli\u010dtina A1<\/a><\/h2>\n\t\t\n\t\t\t\t\t\t<\/div>\n\n\t\t\n\t<\/div>\n\n\t\t\n\t<div class=\"wpa9-card-l-panel wpa9-panel shadow rounded d-flex flex-column justify-content-between\">\n\n\t\t<div>\n\t\t\t\t\n\t\t\t\t\t\t\t\t<h2 class=\"wpa9-panel-title\"><a href=\"https:\/\/skrivanek.cz\/cz\/jazykova-skola\/aj-mirne-pokrocily\/\">angli\u010dtina A2<\/a><\/h2>\n\t\t\n\t\t\t\t\t\t<\/div>\n\n\t\t\n\t<\/div>\n\n\t\t\n\t<div class=\"wpa9-card-l-panel wpa9-panel shadow rounded d-flex flex-column justify-content-between\">\n\n\t\t<div>\n\t\t\t\t\n\t\t\t\t\t\t\t\t<h2 class=\"wpa9-panel-title\"><a href=\"https:\/\/skrivanek.cz\/cz\/jazykova-skola\/aj-stredne-pokrocily\/\">angli\u010dtina B1<\/a><\/h2>\n\t\t\n\t\t\t\t\t\t<\/div>\n\n\t\t\n\t<\/div>\n\n\t\t\n\t<div class=\"wpa9-card-l-panel wpa9-panel shadow rounded d-flex flex-column justify-content-between\">\n\n\t\t<div>\n\t\t\t\t\n\t\t\t\t\t\t\t\t<h2 class=\"wpa9-panel-title\"><a href=\"https:\/\/skrivanek.cz\/cz\/jazykova-skola\/aj-pokrocily\/\">angli\u010dtina B2<\/a><\/h2>\n\t\t\n\t\t\t\t\t\t<\/div>\n\n\t\t\n\t<\/div>\n\n\t\t\n\t<div class=\"wpa9-card-l-panel wpa9-panel shadow rounded d-flex flex-column justify-content-between\">\n\n\t\t<div>\n\t\t\t\t\n\t\t\t\t\t\t\t\t<h2 class=\"wpa9-panel-title\"><a href=\"https:\/\/skrivanek.cz\/cz\/jazykova-skola\/aj-velmi-pokrocily\/\">angli\u010dtina C1<\/a><\/h2>\n\t\t\n\t\t\t\t\t\t<\/div>\n\n\t\t\n\t<\/div>\n\n\t\t\n\t<div class=\"wpa9-card-l-panel wpa9-panel shadow rounded d-flex flex-column justify-content-between\">\n\n\t\t<div>\n\t\t\t\t\n\t\t\t\t\t\t\t\t<h2 class=\"wpa9-panel-title\"><a href=\"https:\/\/skrivanek.cz\/cz\/jazykova-skola\/aj-expert\/\">angli\u010dtina C2<\/a><\/h2>\n\t\t\n\t\t\t\t\t\t<\/div>\n\n\t\t\n\t<\/div>\n\n\t\t\n\t\n<\/div>\n<\/div><\/div><div id=\"panel-4437-1-0-1\" class=\"so-panel widget widget_wpa9-card-l\" data-index=\"2\" ><div\n\t\t\t\n\t\t\tclass=\"so-widget-wpa9-card-l so-widget-wpa9-card-l-default-c93e1481a745-4437\"\n\t\t\t\n\t\t>\n<h3 class=\"widget-title\">N\u011bm\u010dina<\/h3>\n<div class=\"wpa9-card wpa9-card-l-container d-flex flex-wrap wpa9-columns-3\">\n\n\t\n\t\t\n\t<div class=\"wpa9-card-l-panel wpa9-panel shadow rounded d-flex flex-column justify-content-between\">\n\n\t\t<div>\n\t\t\t\t\n\t\t\t\t\t\t\t\t<h2 class=\"wpa9-panel-title\"><a href=\"https:\/\/skrivanek.cz\/cz\/jazykova-skola\/nj-zacatecnik\/\">n\u011bm\u010dina A1<\/a><\/h2>\n\t\t\n\t\t\t\t\t\t<\/div>\n\n\t\t\n\t<\/div>\n\n\t\t\n\t<div class=\"wpa9-card-l-panel wpa9-panel shadow rounded d-flex flex-column justify-content-between\">\n\n\t\t<div>\n\t\t\t\t\n\t\t\t\t\t\t\t\t<h2 class=\"wpa9-panel-title\"><a href=\"https:\/\/skrivanek.cz\/cz\/jazykova-skola\/nj-mirne-pokrocily\/\">n\u011bm\u010dina A2<\/a><\/h2>\n\t\t\n\t\t\t\t\t\t<\/div>\n\n\t\t\n\t<\/div>\n\n\t\t\n\t<div class=\"wpa9-card-l-panel wpa9-panel shadow rounded d-flex flex-column justify-content-between\">\n\n\t\t<div>\n\t\t\t\t\n\t\t\t\t\t\t\t\t<h2 class=\"wpa9-panel-title\"><a href=\"https:\/\/skrivanek.cz\/cz\/jazykova-skola\/nj-stredne-pokrocily\/\">n\u011bm\u010dina B1<\/a><\/h2>\n\t\t\n\t\t\t\t\t\t<\/div>\n\n\t\t\n\t<\/div>\n\n\t\t\n\t<div class=\"wpa9-card-l-panel wpa9-panel shadow rounded d-flex flex-column justify-content-between\">\n\n\t\t<div>\n\t\t\t\t\n\t\t\t\t\t\t\t\t<h2 class=\"wpa9-panel-title\"><a href=\"https:\/\/skrivanek.cz\/cz\/jazykova-skola\/nj-pokrocily\/\">n\u011bm\u010dina B2<\/a><\/h2>\n\t\t\n\t\t\t\t\t\t<\/div>\n\n\t\t\n\t<\/div>\n\n\t\t\n\t<div class=\"wpa9-card-l-panel wpa9-panel shadow rounded d-flex flex-column justify-content-between\">\n\n\t\t<div>\n\t\t\t\t\n\t\t\t\t\t\t\t\t<h2 class=\"wpa9-panel-title\"><a href=\"https:\/\/skrivanek.cz\/cz\/jazykova-skola\/nj-velmi-pokrocily\/\">n\u011bm\u010dina C1<\/a><\/h2>\n\t\t\n\t\t\t\t\t\t<\/div>\n\n\t\t\n\t<\/div>\n\n\t\t\n\t<div class=\"wpa9-card-l-panel wpa9-panel shadow rounded d-flex flex-column justify-content-between\">\n\n\t\t<div>\n\t\t\t\t\n\t\t\t\t\t\t\t\t<h2 class=\"wpa9-panel-title\"><a href=\"https:\/\/skrivanek.cz\/cz\/jazykova-skola\/nj-expert\/\">n\u011bm\u010dina C2<\/a><\/h2>\n\t\t\n\t\t\t\t\t\t<\/div>\n\n\t\t\n\t<\/div>\n\n\t\t\n\t\n<\/div>\n<\/div><\/div><div id=\"panel-4437-1-0-2\" class=\"so-panel widget widget_wpa9-card-l panel-last-child\" data-index=\"3\" ><div\n\t\t\t\n\t\t\tclass=\"so-widget-wpa9-card-l so-widget-wpa9-card-l-default-c93e1481a745-4437\"\n\t\t\t\n\t\t>\n<h3 class=\"widget-title\">Francouz\u0161tina<\/h3>\n<div class=\"wpa9-card wpa9-card-l-container d-flex flex-wrap wpa9-columns-3\">\n\n\t\n\t\t\n\t<div class=\"wpa9-card-l-panel wpa9-panel shadow rounded d-flex flex-column justify-content-between\">\n\n\t\t<div>\n\t\t\t\t\n\t\t\t\t\t\t\t\t<h2 class=\"wpa9-panel-title\"><a href=\"https:\/\/skrivanek.cz\/cz\/jazykova-skola\/fj-zacatecnik\/\">francouz\u0161tina A1<\/a><\/h2>\n\t\t\n\t\t\t\t\t\t<\/div>\n\n\t\t\n\t<\/div>\n\n\t\t\n\t<div class=\"wpa9-card-l-panel wpa9-panel shadow rounded d-flex flex-column justify-content-between\">\n\n\t\t<div>\n\t\t\t\t\n\t\t\t\t\t\t\t\t<h2 class=\"wpa9-panel-title\"><a href=\"https:\/\/skrivanek.cz\/cz\/jazykova-skola\/fj-mirne-pokrocily\/\">francouz\u0161tina A2<\/a><\/h2>\n\t\t\n\t\t\t\t\t\t<\/div>\n\n\t\t\n\t<\/div>\n\n\t\t\n\t<div class=\"wpa9-card-l-panel wpa9-panel shadow rounded d-flex flex-column justify-content-between\">\n\n\t\t<div>\n\t\t\t\t\n\t\t\t\t\t\t\t\t<h2 class=\"wpa9-panel-title\"><a href=\"https:\/\/skrivanek.cz\/cz\/jazykova-skola\/fj-stredne-pokrocily\/\">francouz\u0161tina B1<\/a><\/h2>\n\t\t\n\t\t\t\t\t\t<\/div>\n\n\t\t\n\t<\/div>\n\n\t\t\n\t<div class=\"wpa9-card-l-panel wpa9-panel shadow rounded d-flex flex-column justify-content-between\">\n\n\t\t<div>\n\t\t\t\t\n\t\t\t\t\t\t\t\t<h2 class=\"wpa9-panel-title\"><a href=\"https:\/\/skrivanek.cz\/cz\/jazykova-skola\/fj-pokrocily\/\">francouz\u0161tina B2<\/a><\/h2>\n\t\t\n\t\t\t\t\t\t<\/div>\n\n\t\t\n\t<\/div>\n\n\t\t\n\t<div class=\"wpa9-card-l-panel wpa9-panel shadow rounded d-flex flex-column justify-content-between\">\n\n\t\t<div>\n\t\t\t\t\n\t\t\t\t\t\t\t\t<h2 class=\"wpa9-panel-title\"><a href=\"https:\/\/skrivanek.cz\/cz\/jazykova-skola\/fj-velmi-pokrocily\/\">francouz\u0161tina C1<\/a><\/h2>\n\t\t\n\t\t\t\t\t\t<\/div>\n\n\t\t\n\t<\/div>\n\n\t\t\n\t<div class=\"wpa9-card-l-panel wpa9-panel shadow rounded d-flex flex-column justify-content-between\">\n\n\t\t<div>\n\t\t\t\t\n\t\t\t\t\t\t\t\t<h2 class=\"wpa9-panel-title\"><a href=\"https:\/\/skrivanek.cz\/cz\/jazykova-skola\/fj-expert\/\">francouz\u0161tina C2<\/a><\/h2>\n\t\t\n\t\t\t\t\t\t<\/div>\n\n\t\t\n\t<\/div>\n\n\t\t\n\t\n<\/div>\n<\/div><\/div><\/div><\/div><\/div><div id=\"pg-4437-2\"  class=\"panel-grid panel-has-style\"  style=\"margin-bottom: 0px\" ><div class=\"siteorigin-panels-stretch panel-row-padding-none panel-row-style panel-row-style-for-4437-2\" data-stretch-type=\"full\" ><div id=\"pgc-4437-2-0\"  class=\"panel-grid-cell\" ><div id=\"panel-4437-2-0-0\" class=\"so-panel widget widget_wpa9-editor-ext panel-first-child panel-last-child\" data-index=\"4\" ><div\n\t\t\t\n\t\t\tclass=\"so-widget-wpa9-editor-ext so-widget-wpa9-editor-ext-default-c93e1481a745-4437\"\n\t\t\t\n\t\t>\n<div class=\"siteorigin-widget-tinymce textwidget\">\n\t<h3 style=\"text-align: center;\"><span style=\"color: #4e172e;\">Chcete zjistit svou jazykovou \u00farove\u0148?<\/span><\/h3>\n<p style=\"text-align: center;\"><span style=\"color: #4e172e;\">Ov\u011b\u0159te si sv\u00e9 znalosti testem.<\/span><\/p>\n<p style=\"text-align: center;\"><a class=\"btn btn-negative\" href=\"https:\/\/testy.skrivanek.cz\/\">Chci test<\/a><\/p>\n<\/div>\n<\/div><\/div><\/div><\/div><\/div><div id=\"pg-4437-3\"  class=\"panel-grid panel-has-style\" ><div class=\"siteorigin-panels-stretch panel-row-padding-none panel-row-style panel-row-style-for-4437-3\" data-stretch-type=\"full\" ><div id=\"pgc-4437-3-0\"  class=\"panel-grid-cell\" ><div id=\"panel-4437-3-0-0\" class=\"so-panel widget widget_wpa9-card-s panel-first-child panel-last-child\" data-index=\"5\" ><div\n\t\t\t\n\t\t\tclass=\"so-widget-wpa9-card-s so-widget-wpa9-card-s-default-c93e1481a745-4437\"\n\t\t\t\n\t\t><div class=\"wpa9-card wpa9-card-s wide negative\">\n\n\t<div class=\"wpa9-card-wrapper container\">\n\n\t\t<div class=\"wpa9-card-text\">\n\t\t\t<h2 class=\"wpa9-card-title\">P\u0159\u00edpravn\u00e9 kurzy<\/h2>\n\t\t\t<div class=\"wpa9-card-content\"><p style=\"text-align: center\">P\u0159iprav\u00edme v\u00e1s na jakoukoliv jazykovou\u00a0zkou\u0161ku.<\/p>\n<\/div>\t\t<\/div>\n\n\t\t\t\t<div class=\"meta meta-buttons d-flex flex-row justify-content-center\">\n\t\t\t\t\t\t\t<a class=\"btn btn-negative \" href=\"https:\/\/skrivanek.cz\/cz\/poptavka\/\" title=\"Chci p\u0159\u00edpravn\u00fd kurz\">Chci p\u0159\u00edpravn\u00fd kurz<\/a>\n\t\t\t\t<\/div>\n\t\t\n\t<\/div>\n\n<\/div>\n<\/div><\/div><\/div><\/div><\/div><\/div>","protected":false},"excerpt":{"rendered":"<p>Pro\u010d slo\u017eit jazykovou zkou\u0161ku? Potvrzen\u00ed jazykov\u00e9 \u00farovn\u011b D\u00edky \u00fasp\u011b\u0161n\u011b slo\u017een\u00e9 zkou\u0161ce budete m\u00edt ofici\u00e1ln\u011b potvrzenou va\u0161i \u00farove\u0148. Budete tedy p\u0159esn\u011b v\u011bd\u011bt, na \u010dem jste a&nbsp;my v\u00e1m r\u00e1di pom\u016f\u017eeme posunout se d\u00e1l. Konkuren\u010dn\u00ed v\u00fdhoda Z\u00edsk\u00e1n\u00ed certifik\u00e1tu v\u00e1m zaru\u010d\u00ed konkuren\u010dn\u00ed v\u00fdhodu. Angli\u010dtina na \u00farovni C1 se bude v&nbsp;CV vyj\u00edmat. Mezin\u00e1rodn\u011b uzn\u00e1van\u00fd certifik\u00e1t Obavy stranou! Vybrat si m\u016f\u017eete [&hellip;]<\/p>\n","protected":false},"author":3,"featured_media":0,"parent":305,"menu_order":0,"comment_status":"closed","ping_status":"closed","template":"","meta":{"_acf_changed":false,"footnotes":""},"class_list":["post-4437","page","type-page","status-publish","hentry"],"acf":[],"aioseo_notices":[],"_links":{"self":[{"href":"https:\/\/skrivanek.cz\/cz\/wp-json\/wp\/v2\/pages\/4437","targetHints":{"allow":["GET"]}}],"collection":[{"href":"https:\/\/skrivanek.cz\/cz\/wp-json\/wp\/v2\/pages"}],"about":[{"href":"https:\/\/skrivanek.cz\/cz\/wp-json\/wp\/v2\/types\/page"}],"author":[{"embeddable":true,"href":"https:\/\/skrivanek.cz\/cz\/wp-json\/wp\/v2\/users\/3"}],"replies":[{"embeddable":true,"href":"https:\/\/skrivanek.cz\/cz\/wp-json\/wp\/v2\/comments?post=4437"}],"version-history":[{"count":3,"href":"https:\/\/skrivanek.cz\/cz\/wp-json\/wp\/v2\/pages\/4437\/revisions"}],"predecessor-version":[{"id":80247,"href":"https:\/\/skrivanek.cz\/cz\/wp-json\/wp\/v2\/pages\/4437\/revisions\/80247"}],"up":[{"embeddable":true,"href":"https:\/\/skrivanek.cz\/cz\/wp-json\/wp\/v2\/pages\/305"}],"wp:attachment":[{"href":"https:\/\/skrivanek.cz\/cz\/wp-json\/wp\/v2\/media?parent=4437"}],"curies":[{"name":"wp","href":"https:\/\/api.w.org\/{rel}","templated":true}]}}