{"id":4775,"date":"2021-03-11T08:57:25","date_gmt":"2021-03-11T07:57:25","guid":{"rendered":"https:\/\/skrivanek.cz\/?page_id=4775"},"modified":"2026-03-24T12:29:19","modified_gmt":"2026-03-24T11:29:19","slug":"jazykove-zkousky","status":"publish","type":"page","link":"https:\/\/skrivanek.cz\/cz\/jazykova-skola\/jazykove-zkousky\/","title":{"rendered":"Jazykov\u00e9 zkou\u0161ky"},"content":{"rendered":"<div id=\"pl-4775\"  class=\"panel-layout\" ><div id=\"pg-4775-0\"  class=\"panel-grid panel-has-style\"  style=\"margin-bottom: 0px\" ><div class=\"siteorigin-panels-stretch panel-row-padding-none panel-row-style panel-row-style-for-4775-0\" data-stretch-type=\"full\" ><div id=\"pgc-4775-0-0\"  class=\"panel-grid-cell\" ><div id=\"panel-4775-0-0-0\" class=\"so-panel widget widget_wpa9-card-m-ext panel-first-child\" data-index=\"0\" ><div\n\t\t\t\n\t\t\tclass=\"so-widget-wpa9-card-m-ext so-widget-wpa9-card-m-ext-default-c93e1481a745-4775\"\n\t\t\t\n\t\t>\n\n<div class=\"wpa9-card wpa9-card-m-ext-container d-flex flex-wrap justify-content-center wpa9-columns-3\">\n\n\n\t\n\t<div class=\"wpa9-card-m-ext-panel wpa9-panel _shadow rounded d-flex flex-wrap align-items-stretch\">\n\n\t\t\t<div>\n\n\t\t\t\t\n\t\t\t\t\n\n\n\t\t\t\t\n\t\t    <div class=\"wpa9-card-header\">\n\t\t\t\t\t\t\t      <h2 class=\"wpa9-card-title text-start\">Potvrzen\u00ed jazykov\u00e9 \u00farovn\u011b<\/h2>\n\t\t\t\t\t\t\t    <\/div>\n\n\t\t    <div class=\"wpa9-card-main wpa9-card-content text-start\">\n\t\t      R\u00e1di v\u00e1s p\u0159iprav\u00edme na jak\u00e9koliv jazykov\u00e9 zkou\u0161ky.\t\t    <\/div>\n\n\t\t\t<\/div>\n\n\t\t\t<div class=\"wpa9-card-aside meta meta-buttons align-self-end text-start\">\n\t\t\t\t\t\t<\/div>\n\n\t<\/div>\n\n\t\n\t<div class=\"wpa9-card-m-ext-panel wpa9-panel _shadow rounded d-flex flex-wrap align-items-stretch\">\n\n\t\t\t<div>\n\n\t\t\t\t\n\t\t\t\t\n\n\n\t\t\t\t\n\t\t    <div class=\"wpa9-card-header\">\n\t\t\t\t\t\t\t      <h2 class=\"wpa9-card-title text-start\">Konkuren\u010dn\u00ed v\u00fdhoda<\/h2>\n\t\t\t\t\t\t\t    <\/div>\n\n\t\t    <div class=\"wpa9-card-main wpa9-card-content text-start\">\n\t\t      Z\u00edsk\u00e1n\u00ed certifik\u00e1tu v\u00e1m zaru\u010d\u00ed konkuren\u010dn\u00ed v\u00fdhodu.\t\t    <\/div>\n\n\t\t\t<\/div>\n\n\t\t\t<div class=\"wpa9-card-aside meta meta-buttons align-self-end text-start\">\n\t\t\t\t\t\t<\/div>\n\n\t<\/div>\n\n\t\n\t<div class=\"wpa9-card-m-ext-panel wpa9-panel _shadow rounded d-flex flex-wrap align-items-stretch\">\n\n\t\t\t<div>\n\n\t\t\t\t\n\t\t\t\t\n\n\n\t\t\t\t\n\t\t    <div class=\"wpa9-card-header\">\n\t\t\t\t\t\t\t      <h2 class=\"wpa9-card-title text-start\">Mezin\u00e1rodn\u011b uzn\u00e1van\u00fd certifik\u00e1t<\/h2>\n\t\t\t\t\t\t\t    <\/div>\n\n\t\t    <div class=\"wpa9-card-main wpa9-card-content text-start\">\n\t\t      Obavy stranou! Vybrat si m\u016f\u017eete zkou\u0161ky, kter\u00e9 pat\u0159\u00ed k&nbsp;mezin\u00e1rodn\u011b uzn\u00e1van\u00fdm.\t\t    <\/div>\n\n\t\t\t<\/div>\n\n\t\t\t<div class=\"wpa9-card-aside meta meta-buttons align-self-end text-start\">\n\t\t\t\t\t\t<\/div>\n\n\t<\/div>\n\n\t\n\n<\/div>\n<\/div><\/div><div id=\"panel-4775-0-0-1\" class=\"so-panel widget widget_wpa9-editor-ext\" data-index=\"1\" ><div\n\t\t\t\n\t\t\tclass=\"so-widget-wpa9-editor-ext so-widget-wpa9-editor-ext-default-c93e1481a745-4775\"\n\t\t\t\n\t\t>\n<div class=\"siteorigin-widget-tinymce textwidget\">\n\t<h3 class=\"widget-title\" style=\"text-align: center;\">Zkou\u0161ky ETS<\/h3>\n<\/div>\n<\/div><\/div><div id=\"panel-4775-0-0-2\" class=\"so-panel widget widget_wpa9-card-m\" data-index=\"2\" ><div\n\t\t\t\n\t\t\tclass=\"so-widget-wpa9-card-m so-widget-wpa9-card-m-default-c93e1481a745-4775\"\n\t\t\t\n\t\t>\n\n<section class=\"wpa9-card wpa9-card-m-container d-flex flex-wrap justify-content-center FIcTbt\">\n\n\t\n\t\t\n\t\t\t\n\t<article class=\"wpa9-card-m-panel wpa9-panel \">\n\t<div class=\"rounded\">\n\t\t\t\t<header class=\"d-block flex-wrap pb-4\">\n\t\t\t\t\t\t\t<span class=\"wpa9-card-icon icon d-none\" style=\"background-image: url('https:\/\/skrivanek.cz\/wp-content\/uploads\/2021\/01\/ico-soudnipreklad.svg')\"><\/span>\n\t\t\t\t<span class=\"wpa9-card-icon icon\" style=\"mask-image: url(https:\/\/skrivanek.cz\/wp-content\/uploads\/2021\/01\/ico-soudnipreklad.svg); -webkit-mask-image: url(https:\/\/skrivanek.cz\/wp-content\/uploads\/2021\/01\/ico-soudnipreklad.svg);\"><\/span>\n\t\t\t\n\t\t\t\t\t\t\t\t<h2 class=\"wpa9-card-title\">Co zkou\u0161kou z\u00edsk\u00e1te?<\/h2>\n\t\t\t\t<\/header>\n\n\t\t\t\t<main class=\"wpa9-card-content\"><ul>\n<li>Celosv\u011btov\u011b\u00a0uzn\u00e1van\u00fd\u00a0certifik\u00e1t,<\/li>\n<li>spolehliv\u00e9\u00a0a\u00a0p\u0159esn\u00e9\u00a0v\u00fdsledky,<\/li>\n<li>certifik\u00e1t s\u00a0platnost\u00ed\u00a02\u00a0roky,<\/li>\n<li>zkou\u0161ku nelze nezvl\u00e1dnout \u2013 v\u017edy usp\u011bjete! V\u00fdsledky obdr\u017e\u00edte na bodov\u00e9 \u0161k\u00e1le podle toho, jak daleko se v\u00a0testu dostanete.<\/li>\n<\/ul>\n<\/main>\n\t\t\n\t<\/div>\t<\/article>\n\t\t\n\t\t\t\n\t<article class=\"wpa9-card-m-panel wpa9-panel \">\n\t<div class=\"rounded\">\n\t\t\t\t<header class=\"d-block flex-wrap pb-4\">\n\t\t\t\t\t\t\t<span class=\"wpa9-card-icon icon d-none\" style=\"background-image: url('https:\/\/skrivanek.cz\/wp-content\/uploads\/2021\/01\/ico-obecnypreklad.svg')\"><\/span>\n\t\t\t\t<span class=\"wpa9-card-icon icon\" style=\"mask-image: url(https:\/\/skrivanek.cz\/wp-content\/uploads\/2021\/01\/ico-obecnypreklad.svg); -webkit-mask-image: url(https:\/\/skrivanek.cz\/wp-content\/uploads\/2021\/01\/ico-obecnypreklad.svg);\"><\/span>\n\t\t\t\n\t\t\t\t\t\t\t\t<h2 class=\"wpa9-card-title\">Jak\u00e9 jsou typy zkou\u0161ek?<\/h2>\n\t\t\t\t<\/header>\n\n\t\t\t\t<main class=\"wpa9-card-content\"><div class=\"box-header\">\n<p><a href=\"https:\/\/www.etsglobal.org\/cz\/en\/programme\/toefl-young-students-series-tests\">TOEFL Junior<\/a>: angli\u010dtina pro studenty 11+, zkou\u0161ka\u00a0 pro akademickou angli\u010dtinu za \u00fa\u010delem nap\u0159\u00edklad studia v&nbsp;zahrani\u010d\u00ed<\/p>\n<p><a href=\"https:\/\/www.etsglobal.org\/cz\/en\/test-type-family\/toeic-bridge-test\" target=\"_blank\" rel=\"noopener\"><span class=\"caps\">TOEIC\u00a0Bridge<\/span><\/a>,\u00a0<a href=\"https:\/\/www.etsglobal.org\/cz\/en\/test-type-family\/toeic-speaking-and-writing-tests\" target=\"_blank\" rel=\"noopener\"><span class=\"caps\">TOEIC S&amp;W<\/span><\/a> a\u00a0<a href=\"https:\/\/www.etsglobal.org\/cz\/en\/test-type-family\/toeic-listening-and-reading-test\" target=\"_blank\" rel=\"noopener\"><span class=\"caps\">TOEIC<\/span>\u00a0<span class=\"caps\">L&amp;R<\/span><\/a>: angli\u010dtina pro pracovn\u00ed praxi \u2013 zohled\u0148uje po\u017eadavky mezin\u00e1rodn\u00edch zam\u011bstnavatel\u016f na jazykov\u00e9 znalosti zam\u011bstnanc\u016f,<\/p>\n<p><a href=\"https:\/\/www.etsglobal.org\/cz\/en\/test-type-family\/tfi-test\" target=\"_blank\" rel=\"noopener\"><span class=\"caps\">TFI<\/span><\/a>: francouz\u0161tina\u00a0v\u00a0pracovn\u00ed\u00a0praxi.<\/p>\n<\/div>\n<div class=\"box-content\"><\/div>\n<\/main>\n\t\t\n\t<\/div>\t<\/article>\n\t\t\n\t\t\t\n\t<article class=\"wpa9-card-m-panel wpa9-panel \">\n\t<div class=\"rounded\">\n\t\t\t\t<header class=\"d-block flex-wrap pb-4\">\n\t\t\t\t\t\t\t<span class=\"wpa9-card-icon icon d-none\" style=\"background-image: url('https:\/\/skrivanek.cz\/wp-content\/uploads\/2021\/03\/ico-jazykove-zkousky.svg')\"><\/span>\n\t\t\t\t<span class=\"wpa9-card-icon icon\" style=\"mask-image: url(https:\/\/skrivanek.cz\/wp-content\/uploads\/2021\/03\/ico-jazykove-zkousky.svg); -webkit-mask-image: url(https:\/\/skrivanek.cz\/wp-content\/uploads\/2021\/03\/ico-jazykove-zkousky.svg);\"><\/span>\n\t\t\t\n\t\t\t\t\t\t\t\t<h2 class=\"wpa9-card-title\">Jak zkou\u0161ka vypad\u00e1?<\/h2>\n\t\t\t\t<\/header>\n\n\t\t\t\t<main class=\"wpa9-card-content\"><ul>\n<li><strong><span class=\"caps\">TOEFL<\/span>\u00a0Junior<\/strong>: 3 \u010d\u00e1sti: porozum\u011bn\u00ed \u010dten\u00ed a\u00a0poslechu, forma a\u00a0v\u00fdznam\u00a0jazyka\u00a0(110\u00a0minut),<\/li>\n<li><strong><span class=\"caps\">TOEIC<\/span>\u00a0Bridge<\/strong>: 2 \u010d\u00e1sti: porozum\u011bn\u00ed \u010dten\u00ed a\u00a0poslechu\u00a0(60\u00a0minut),<\/li>\n<li><strong><span class=\"caps\">TOEIC<\/span>\u00a0<\/strong><strong><span class=\"caps\">S&amp;W<\/span><\/strong>: 2 \u010d\u00e1sti: \u00fastn\u00ed a\u00a0p\u00edsemn\u00fd\u00a0projev\u00a0(80\u00a0minut),<\/li>\n<li><strong><span class=\"caps\">TOEIC<\/span>\u00a0<\/strong><strong><span class=\"caps\">L&amp;R<\/span><\/strong>: 2 \u010d\u00e1sti: porozum\u011bn\u00ed \u010dten\u00ed a\u00a0poslechu\u00a0(120\u00a0minut),<\/li>\n<li><strong><span class=\"caps\">TFI<\/span><\/strong>: 2 \u010d\u00e1sti: porozum\u011bn\u00ed \u010dten\u00ed a\u00a0poslechu\u00a0(110\u00a0minut).<\/li>\n<\/ul>\n<\/main>\n\t\t\n\t<\/div>\t<\/article>\n\t\t\n\t\t\t\n\t<article class=\"wpa9-card-m-panel wpa9-panel \">\n\t<div class=\"rounded\">\n\t\t\t\t<header class=\"d-block flex-wrap pb-4\">\n\t\t\t\t\t\t\t<span class=\"wpa9-card-icon icon d-none\" style=\"background-image: url('https:\/\/skrivanek.cz\/wp-content\/uploads\/2021\/03\/ico-info.svg')\"><\/span>\n\t\t\t\t<span class=\"wpa9-card-icon icon\" style=\"mask-image: url(https:\/\/skrivanek.cz\/wp-content\/uploads\/2021\/03\/ico-info.svg); -webkit-mask-image: url(https:\/\/skrivanek.cz\/wp-content\/uploads\/2021\/03\/ico-info.svg);\"><\/span>\n\t\t\t\n\t\t\t\t\t\t\t\t<h2 class=\"wpa9-card-title\">Cena<\/h2>\n\t\t\t\t<\/header>\n\n\t\t\t\t<main class=\"wpa9-card-content\"><p>(v&nbsp;cen\u011b je zkou\u0161ka a&nbsp;zpr\u00e1va o&nbsp;v\u00fdsledku)<\/p>\n<ul>\n<li><strong><span class=\"caps\">TOEFL<\/span><\/strong><strong>\u00a0<\/strong><strong>Junior<\/strong>: od 1\u00a0930\u00a0K\u010d v\u010d.\u00a0<span class=\"caps\">DPH<\/span>,<\/li>\n<li><strong><span class=\"caps\">TOEIC<\/span><\/strong><strong>\u00a0Bridge<\/strong>\u00a0a\u00a0<strong><span class=\"caps\">TOEIC<\/span><\/strong><strong>\u00a0<\/strong><strong><span class=\"caps\">L&amp;R<\/span><\/strong>: od 2\u00a0995\u00a0K\u010d v\u010d.\u00a0<span class=\"caps\">DPH<\/span>,<\/li>\n<li><strong><span class=\"caps\">TOEIC<\/span>\u00a0<span class=\"caps\">S&amp;W<\/span>:\u00a0<\/strong>od 3\u00a0827 K\u010d\u00a0v\u010d.\u00a0<span class=\"caps\">DPH<\/span>,<\/li>\n<li><strong><span class=\"caps\">TFI<\/span><\/strong>: od 2\u00a0995\u00a0K\u010d\u00a0v\u010d.\u00a0<span class=\"caps\">DPH<\/span>.<\/li>\n<\/ul>\n<\/main>\n\t\t\n\t<\/div>\t<\/article>\n\t\t\n\t\t\t\n\t<article class=\"wpa9-card-m-panel wpa9-panel \">\n\t<div class=\"rounded\">\n\t\t\t\t<header class=\"d-block flex-wrap pb-4\">\n\t\t\t\t\t\t\t<span class=\"wpa9-card-icon icon d-none\" style=\"background-image: url('https:\/\/skrivanek.cz\/wp-content\/uploads\/2021\/02\/ico-time.svg')\"><\/span>\n\t\t\t\t<span class=\"wpa9-card-icon icon\" style=\"mask-image: url(https:\/\/skrivanek.cz\/wp-content\/uploads\/2021\/02\/ico-time.svg); -webkit-mask-image: url(https:\/\/skrivanek.cz\/wp-content\/uploads\/2021\/02\/ico-time.svg);\"><\/span>\n\t\t\t\n\t\t\t\t\t\t\t\t<h2 class=\"wpa9-card-title\">Term\u00edny zkou\u0161ek<\/h2>\n\t\t\t\t<\/header>\n\n\t\t\t\t<main class=\"wpa9-card-content\"><p>Pro aktu\u00e1ln\u00ed term\u00edny n\u00e1s kontaktujte p\u0159es formul\u00e1\u0159 n\u00ed\u017ee.<\/p>\n<\/main>\n\t\t\n\t<\/div>\t<\/article>\n\t\t\n\n\t\t\n\t\n<\/section>\n<\/div><\/div><div id=\"panel-4775-0-0-3\" class=\"so-panel widget widget_wpa9-editor-ext\" data-index=\"3\" ><div\n\t\t\t\n\t\t\tclass=\"so-widget-wpa9-editor-ext so-widget-wpa9-editor-ext-default-c93e1481a745-4775\"\n\t\t\t\n\t\t>\n<div class=\"siteorigin-widget-tinymce textwidget\">\n\t<h3 class=\"widget-title\" style=\"text-align: center;\">Cambridge English<\/h3>\n<\/div>\n<\/div><\/div><div id=\"panel-4775-0-0-4\" class=\"so-panel widget widget_wpa9-card-m\" data-index=\"4\" ><div\n\t\t\t\n\t\t\tclass=\"so-widget-wpa9-card-m so-widget-wpa9-card-m-default-c93e1481a745-4775\"\n\t\t\t\n\t\t>\n\n<section class=\"wpa9-card wpa9-card-m-container d-flex flex-wrap justify-content-center KieSst\">\n\n\t\n\t\t\n\t\t\t\n\t<article class=\"wpa9-card-m-panel wpa9-panel \">\n\t<div class=\"rounded\">\n\t\t\t\t<header class=\"d-block flex-wrap pb-4\">\n\t\t\t\t\t\t\t<span class=\"wpa9-card-icon icon d-none\" style=\"background-image: url('https:\/\/skrivanek.cz\/wp-content\/uploads\/2021\/01\/ico-soudnipreklad.svg')\"><\/span>\n\t\t\t\t<span class=\"wpa9-card-icon icon\" style=\"mask-image: url(https:\/\/skrivanek.cz\/wp-content\/uploads\/2021\/01\/ico-soudnipreklad.svg); -webkit-mask-image: url(https:\/\/skrivanek.cz\/wp-content\/uploads\/2021\/01\/ico-soudnipreklad.svg);\"><\/span>\n\t\t\t\n\t\t\t\t\t\t\t\t<h2 class=\"wpa9-card-title\">Co zkou\u0161kou z\u00edsk\u00e1te?<\/h2>\n\t\t\t\t<\/header>\n\n\t\t\t\t<main class=\"wpa9-card-content\"><ul>\n<li>Celosv\u011btov\u011b\u00a0uzn\u00e1van\u00fd\u00a0certifik\u00e1t,<\/li>\n<li>spolehliv\u00e9 a\u00a0p\u0159esn\u00e9\u00a0v\u00fdsledky,<\/li>\n<li>certifik\u00e1t s\u00a0celo\u017eivotn\u00ed platnost\u00ed.<\/li>\n<\/ul>\n<\/main>\n\t\t\n\t<\/div>\t<\/article>\n\t\t\n\t\t\t\n\t<article class=\"wpa9-card-m-panel wpa9-panel \">\n\t<div class=\"rounded\">\n\t\t\t\t<header class=\"d-block flex-wrap pb-4\">\n\t\t\t\t\t\t\t<span class=\"wpa9-card-icon icon d-none\" style=\"background-image: url('https:\/\/skrivanek.cz\/wp-content\/uploads\/2021\/01\/ico-obecnypreklad.svg')\"><\/span>\n\t\t\t\t<span class=\"wpa9-card-icon icon\" style=\"mask-image: url(https:\/\/skrivanek.cz\/wp-content\/uploads\/2021\/01\/ico-obecnypreklad.svg); -webkit-mask-image: url(https:\/\/skrivanek.cz\/wp-content\/uploads\/2021\/01\/ico-obecnypreklad.svg);\"><\/span>\n\t\t\t\n\t\t\t\t\t\t\t\t<h2 class=\"wpa9-card-title\">Jak\u00e9 jsou typy zkou\u0161ek?<\/h2>\n\t\t\t\t<\/header>\n\n\t\t\t\t<main class=\"wpa9-card-content\"><div class=\"box-header\">\n<ul>\n<li><a href=\"https:\/\/www.cambridgeenglish.org\/exams-and-tests\/preliminary\/exam-format\/\" target=\"_blank\" rel=\"noopener\">Cambridge Preliminary<\/a>:\u00a0schopnost komunikace a\u00a0porozum\u011bn\u00ed v\u00a0angli\u010dtin\u011b na\u00a0z\u00e1kladn\u00ed\u00a0\u00farovni,<\/li>\n<li><a href=\"https:\/\/www.cambridgeenglish.org\/exams-and-tests\/first\/exam-format\/\" target=\"_blank\" rel=\"noopener\">Cambridge First<\/a>:\u00a0angli\u010dtina k\u00a0pracovn\u00edm a\u00a0studijn\u00edm \u00fa\u010del\u016fm na\u00a0pokro\u010dil\u00e9\u00a0\u00farovni,<\/li>\n<li><a href=\"https:\/\/www.cambridgeenglish.org\/exams-and-tests\/advanced\/exam-format\/\" target=\"_blank\" rel=\"noopener\">Cambridge Advanced<\/a>: angli\u010dtina na vysok\u00e9 \u00farovni p\u0159i\u00a0v\u011bt\u0161in\u011b profesn\u00edch a\u00a0spole\u010densk\u00fdch\u00a0aktivit.<\/li>\n<\/ul>\n<\/div>\n<div class=\"box-content\"><\/div>\n<\/main>\n\t\t\n\t<\/div>\t<\/article>\n\t\t\n\t\t\t\n\t<article class=\"wpa9-card-m-panel wpa9-panel \">\n\t<div class=\"rounded\">\n\t\t\t\t<header class=\"d-block flex-wrap pb-4\">\n\t\t\t\t\t\t\t<span class=\"wpa9-card-icon icon d-none\" style=\"background-image: url('https:\/\/skrivanek.cz\/wp-content\/uploads\/2021\/03\/ico-jazykove-zkousky.svg')\"><\/span>\n\t\t\t\t<span class=\"wpa9-card-icon icon\" style=\"mask-image: url(https:\/\/skrivanek.cz\/wp-content\/uploads\/2021\/03\/ico-jazykove-zkousky.svg); -webkit-mask-image: url(https:\/\/skrivanek.cz\/wp-content\/uploads\/2021\/03\/ico-jazykove-zkousky.svg);\"><\/span>\n\t\t\t\n\t\t\t\t\t\t\t\t<h2 class=\"wpa9-card-title\">Jak zkou\u0161ka vypad\u00e1?<\/h2>\n\t\t\t\t<\/header>\n\n\t\t\t\t<main class=\"wpa9-card-content\"><ul>\n<li><strong>Cambridge Preliminary (PET)<\/strong>: 3 \u010d\u00e1sti: Reading\u00a0&amp;\u00a0Writing, Listening, Speaking\u00a0(140\u00a0minut),<\/li>\n<li><strong>Cambridge First (FCE)<\/strong>: 4 \u010d\u00e1sti:\u00a0 Reading\u00a0&amp;\u00a0Use of English,\u00a0Writing, Listening, Speaking\u00a0(210\u00a0minut),<\/li>\n<li><strong>Cambridge Advanced (CAE)<\/strong>:\u00a04 \u010d\u00e1sti:\u00a0 Reading\u00a0&amp;\u00a0Use of English,\u00a0Writing, Listening, Speaking\u00a0(240\u00a0minut).<\/li>\n<\/ul>\n<\/main>\n\t\t\n\t<\/div>\t<\/article>\n\t\t\n\t\t\t\n\t<article class=\"wpa9-card-m-panel wpa9-panel \">\n\t<div class=\"rounded\">\n\t\t\t\t<header class=\"d-block flex-wrap pb-4\">\n\t\t\t\t\t\t\t<span class=\"wpa9-card-icon icon d-none\" style=\"background-image: url('https:\/\/skrivanek.cz\/wp-content\/uploads\/2021\/03\/ico-info.svg')\"><\/span>\n\t\t\t\t<span class=\"wpa9-card-icon icon\" style=\"mask-image: url(https:\/\/skrivanek.cz\/wp-content\/uploads\/2021\/03\/ico-info.svg); -webkit-mask-image: url(https:\/\/skrivanek.cz\/wp-content\/uploads\/2021\/03\/ico-info.svg);\"><\/span>\n\t\t\t\n\t\t\t\t\t\t\t\t<h2 class=\"wpa9-card-title\">Cena<\/h2>\n\t\t\t\t<\/header>\n\n\t\t\t\t<main class=\"wpa9-card-content\"><p>(v\u00a0cen\u011b je zkou\u0161ka, zpr\u00e1va\u00a0o v\u00fdsledku\u00a0a\u00a0certifik\u00e1t)<\/p>\n<ul>\n<li><strong>Cambridge Preliminary (PET)<\/strong>: od 2\u00a0790 K\u010d\u00a0v\u010d.\u00a0<span class=\"caps\">DPH<\/span>,<\/li>\n<li><strong>Cambridge First (FCE)<\/strong>: od 4\u00a0290 K\u010d\u00a0v\u010d.\u00a0<span class=\"caps\">DPH<\/span>,<\/li>\n<li><strong>Cambridge Advanced (CAE)<\/strong>: od 4\u00a0390 K\u010d\u00a0v\u010d.\u00a0<span class=\"caps\">DPH<\/span>.<\/li>\n<\/ul>\n<\/main>\n\t\t\n\t<\/div>\t<\/article>\n\t\t\n\t\t\t\n\t<article class=\"wpa9-card-m-panel wpa9-panel \">\n\t<div class=\"rounded\">\n\t\t\t\t<header class=\"d-block flex-wrap pb-4\">\n\t\t\t\t\t\t\t<span class=\"wpa9-card-icon icon d-none\" style=\"background-image: url('https:\/\/skrivanek.cz\/wp-content\/uploads\/2021\/02\/ico-time.svg')\"><\/span>\n\t\t\t\t<span class=\"wpa9-card-icon icon\" style=\"mask-image: url(https:\/\/skrivanek.cz\/wp-content\/uploads\/2021\/02\/ico-time.svg); -webkit-mask-image: url(https:\/\/skrivanek.cz\/wp-content\/uploads\/2021\/02\/ico-time.svg);\"><\/span>\n\t\t\t\n\t\t\t\t\t\t\t\t<h2 class=\"wpa9-card-title\">Term\u00edny zkou\u0161ek<\/h2>\n\t\t\t\t<\/header>\n\n\t\t\t\t<main class=\"wpa9-card-content\"><p>Pro aktu\u00e1ln\u00ed term\u00edny n\u00e1s kontaktujte p\u0159es formul\u00e1\u0159 n\u00ed\u017ee.<\/p>\n<h5><\/h5>\n<\/main>\n\t\t\n\t<\/div>\t<\/article>\n\t\t\n\n\t\t\n\t\n<\/section>\n<\/div><\/div><div id=\"panel-4775-0-0-5\" class=\"so-panel widget widget_wpa9-editor-ext panel-last-child\" data-index=\"5\" ><div\n\t\t\t\n\t\t\tclass=\"so-widget-wpa9-editor-ext so-widget-wpa9-editor-ext-default-c93e1481a745-4775\"\n\t\t\t\n\t\t>\n<div class=\"siteorigin-widget-tinymce textwidget\">\n\t<h5><strong>Sedmero d\u016fvod\u016f, pro\u010d zvolit Cambridge:<\/strong><\/h5>\n<ol>\n<li>testuje\u00a0<strong>jazykov\u00e9 dovednosti<\/strong>, konkr\u00e9tn\u011b mluven\u00ed, \u010dten\u00ed, psan\u00ed, poslech a\u00a0gramatiku + slovn\u00ed z\u00e1sobu (v\u00a0angli\u010dtin\u011b),<\/li>\n<li>zkou\u0161ky pro\u00a0<strong>\u0161irok\u00e9 spektrum \u00farovn\u00ed<\/strong>\u00a0a\u00a0pou\u017eit\u00ed,<\/li>\n<li>zkou\u0161ky jsou akceptov\u00e1ny zam\u011bstnavateli, imigra\u010dn\u00edmi \u00fa\u0159ady a\u00a0\u0161kolami na cel\u00e9m sv\u011bt\u011b,<\/li>\n<li>pln\u00e1\u00a0<strong>materi\u00e1lov\u00e1 a\u00a0v\u00fdukov\u00e1 podpora<\/strong>\u00a0p\u0159i\u00a0p\u0159\u00edprav\u011b\u00a0na\u00a0zkou\u0161ku,<\/li>\n<li>mezin\u00e1rodn\u00ed zkou\u0161ka dostupn\u00e1\u00a0<strong>po\u00a0cel\u00e9m\u00a0sv\u011bt\u011b<\/strong>,<\/li>\n<li>bezpe\u010dn\u00e1, spolehliv\u00e1, f\u00e9rov\u00e1,<\/li>\n<li>podpo\u0159en\u00e1 celosv\u011btov\u00fdm v\u00fdzkumem.<\/li>\n<\/ol>\n<\/div>\n<\/div><\/div><\/div><\/div><\/div><div id=\"pg-4775-1\"  class=\"panel-grid panel-has-style\"  style=\"margin-bottom: 0px\" ><div class=\"siteorigin-panels-stretch panel-row-padding-none panel-row-style panel-row-style-for-4775-1\" data-stretch-type=\"full\" ><div id=\"pgc-4775-1-0\"  class=\"panel-grid-cell\" ><div id=\"panel-4775-1-0-0\" class=\"so-panel widget widget_skrv-incl-widget panel-first-child panel-last-child\" data-index=\"6\" ><div\n\t\t\t\n\t\t\tclass=\"so-widget-skrv-incl-widget so-widget-skrv-incl-widget-default-c93e1481a745-4775\"\n\t\t\t\n\t\t><div id=\"pl-9061\"  class=\"panel-layout\" ><div id=\"pg-9061-0\"  class=\"panel-grid panel-has-style\" ><div class=\"siteorigin-panels-stretch panel-row-padding-none panel-row-style panel-row-style-for-9061-0\" data-stretch-type=\"full\" ><div id=\"pgc-9061-0-0\"  class=\"panel-grid-cell\" ><div id=\"panel-9061-0-0-0\" class=\"so-panel widget widget_wpa9-editor-ext panel-first-child panel-last-child\" data-index=\"0\" ><div\n\t\t\t\n\t\t\tclass=\"so-widget-wpa9-editor-ext so-widget-wpa9-editor-ext-default-c93e1481a745-4775\"\n\t\t\t\n\t\t>\n<div class=\"siteorigin-widget-tinymce textwidget\">\n\t<h2 class=\"decorated-heading\" style=\"text-align: center;\"><span class=\"innerText\" style=\"color: #ffffff;\">P\u0159\u00edpravn\u00e9\u00a0kurzy<\/span><\/h2>\n<p style=\"text-align: center;\"><span style=\"color: #ffffff;\">P\u0159iprav\u00edme v\u00e1s na jakoukoliv jazykovou\u00a0zkou\u0161ku.<\/span><\/p>\n<p style=\"text-align: center;\"><a class=\"btn btn-negative\" href=\"https:\/\/skrivanek.cz\/cz\/poptavka\/\">Chci p\u0159\u00edpravn\u00fd kurz<\/a><\/p>\n<\/div>\n<\/div><\/div><\/div><\/div><\/div><\/div><\/div><\/div><\/div><\/div><\/div><div id=\"pg-4775-2\"  class=\"panel-grid panel-has-style\" ><div class=\"siteorigin-panels-stretch panel-row-padding-none panel-row-style panel-row-style-for-4775-2\" data-stretch-type=\"full\" ><div id=\"pgc-4775-2-0\"  class=\"panel-grid-cell\" ><div id=\"panel-4775-2-0-0\" class=\"so-panel widget widget_wpa9-card-s panel-first-child panel-last-child\" data-index=\"7\" ><div\n\t\t\t\n\t\t\tclass=\"so-widget-wpa9-card-s so-widget-wpa9-card-s-default-c93e1481a745-4775\"\n\t\t\t\n\t\t><div class=\"wpa9-card wpa9-card-s wide negative\">\n\n\t<div class=\"wpa9-card-wrapper container\">\n\n\t\t<div class=\"wpa9-card-text\">\n\t\t\t<h2 class=\"wpa9-card-title\">Chcete zjistit svou jazykovou \u00farove\u0148?<\/h2>\n\t\t\t<div class=\"wpa9-card-content\"><p style=\"text-align: center\">Ov\u011b\u0159te si sv\u00e9 znalosti online\u00a0testem.<\/p>\n<\/div>\t\t<\/div>\n\n\t\t\t\t<div class=\"meta meta-buttons d-flex flex-row justify-content-center\">\n\t\t\t\t\t\t\t<a class=\"btn btn-negative show-inquiry-form\" href=\"https:\/\/testy.skrivanek.cz\/\" title=\"Chci roz\u0159azovac\u00ed test\">Chci roz\u0159azovac\u00ed test<\/a>\n\t\t\t\t<\/div>\n\t\t\n\t<\/div>\n\n<\/div>\n<\/div><\/div><\/div><\/div><\/div><\/div>","protected":false},"excerpt":{"rendered":"<p>Potvrzen\u00ed jazykov\u00e9 \u00farovn\u011b R\u00e1di v\u00e1s p\u0159iprav\u00edme na jak\u00e9koliv jazykov\u00e9 zkou\u0161ky. Konkuren\u010dn\u00ed v\u00fdhoda Z\u00edsk\u00e1n\u00ed certifik\u00e1tu v\u00e1m zaru\u010d\u00ed konkuren\u010dn\u00ed v\u00fdhodu. Mezin\u00e1rodn\u011b uzn\u00e1van\u00fd certifik\u00e1t Obavy stranou! Vybrat si m\u016f\u017eete zkou\u0161ky, kter\u00e9 pat\u0159\u00ed k&nbsp;mezin\u00e1rodn\u011b uzn\u00e1van\u00fdm. Zkou\u0161ky ETS Co zkou\u0161kou z\u00edsk\u00e1te? Celosv\u011btov\u011b\u00a0uzn\u00e1van\u00fd\u00a0certifik\u00e1t, spolehliv\u00e9\u00a0a\u00a0p\u0159esn\u00e9\u00a0v\u00fdsledky, certifik\u00e1t s\u00a0platnost\u00ed\u00a02\u00a0roky, zkou\u0161ku nelze nezvl\u00e1dnout \u2013 v\u017edy usp\u011bjete! V\u00fdsledky obdr\u017e\u00edte na bodov\u00e9 \u0161k\u00e1le podle toho, jak daleko [&hellip;]<\/p>\n","protected":false},"author":3,"featured_media":0,"parent":305,"menu_order":0,"comment_status":"closed","ping_status":"closed","template":"","meta":{"_acf_changed":false,"footnotes":""},"class_list":["post-4775","page","type-page","status-publish","hentry"],"acf":[],"aioseo_notices":[],"_links":{"self":[{"href":"https:\/\/skrivanek.cz\/cz\/wp-json\/wp\/v2\/pages\/4775","targetHints":{"allow":["GET"]}}],"collection":[{"href":"https:\/\/skrivanek.cz\/cz\/wp-json\/wp\/v2\/pages"}],"about":[{"href":"https:\/\/skrivanek.cz\/cz\/wp-json\/wp\/v2\/types\/page"}],"author":[{"embeddable":true,"href":"https:\/\/skrivanek.cz\/cz\/wp-json\/wp\/v2\/users\/3"}],"replies":[{"embeddable":true,"href":"https:\/\/skrivanek.cz\/cz\/wp-json\/wp\/v2\/comments?post=4775"}],"version-history":[{"count":3,"href":"https:\/\/skrivanek.cz\/cz\/wp-json\/wp\/v2\/pages\/4775\/revisions"}],"predecessor-version":[{"id":80227,"href":"https:\/\/skrivanek.cz\/cz\/wp-json\/wp\/v2\/pages\/4775\/revisions\/80227"}],"up":[{"embeddable":true,"href":"https:\/\/skrivanek.cz\/cz\/wp-json\/wp\/v2\/pages\/305"}],"wp:attachment":[{"href":"https:\/\/skrivanek.cz\/cz\/wp-json\/wp\/v2\/media?parent=4775"}],"curies":[{"name":"wp","href":"https:\/\/api.w.org\/{rel}","templated":true}]}}