{"id":5636,"date":"2021-03-12T12:37:08","date_gmt":"2021-03-12T11:37:08","guid":{"rendered":"https:\/\/skrivanek.cz\/?page_id=5636"},"modified":"2026-03-24T11:41:00","modified_gmt":"2026-03-24T10:41:00","slug":"e-lekce","status":"publish","type":"page","link":"https:\/\/skrivanek.cz\/cz\/jazykova-skola\/e-lekce\/","title":{"rendered":"E-lekce angli\u010dtiny zdarma"},"content":{"rendered":"<div id=\"pl-5636\"  class=\"panel-layout\" ><div id=\"pg-5636-0\"  class=\"panel-grid panel-has-style\"  style=\"margin-bottom: 0px\" ><div class=\"siteorigin-panels-stretch panel-row-padding-none panel-row-style panel-row-style-for-5636-0\" data-stretch-type=\"full\" ><div id=\"pgc-5636-0-0\"  class=\"panel-grid-cell\" ><div id=\"panel-5636-0-0-0\" class=\"so-panel widget widget_wpa9-card-l panel-first-child\" data-index=\"0\" ><div\n\t\t\t\n\t\t\tclass=\"so-widget-wpa9-card-l so-widget-wpa9-card-l-default-c93e1481a745-5636\"\n\t\t\t\n\t\t>\n\n<div class=\"wpa9-card wpa9-card-l-container d-flex flex-wrap wpa9-columns-2\">\n\n\t\n\t\t\n\t<div class=\"wpa9-card-l-panel wpa9-panel shadow rounded d-flex flex-column justify-content-between\">\n\n\t\t<div>\n\t\t\t\t\n\t\t\t\t\t\t\t\t<h2 class=\"wpa9-panel-title\">E-lekce angli\u010dtiny<\/h2>\n\t\t\n\t\t\t\t\t\t\t<div class=\"wpa9-panel-content\"><p><span style=\"font-size: 16px\">Nebojte se, nebudeme v\u00e1m pos\u00edlat nudn\u00e1 shrnut\u00ed gramatick\u00fdch pou\u010dek, ale <strong>z\u00e1bavn\u00e9<\/strong> a&nbsp;r\u016fznorod\u00e9 <strong>minilekce<\/strong> zam\u011b\u0159en\u00e9 na \u010dasto pou\u017e\u00edvan\u00e9 fr\u00e1ze, slov\u00ed\u010dka, idiomy a&nbsp;n\u00e1cvik situac\u00ed z\u00a0b\u011b\u017en\u00e9ho\u00a0\u017eivota.<\/span><\/p>\n<p><span style=\"font-size: 16px\">Nechceme v\u00e1s spamovat, a&nbsp;nav\u00edc m\u016f\u017eete kdykoliv odb\u011br <\/span><span style=\"font-size: 16px\">e-lekc\u00ed\u00a0odhl\u00e1sit.<\/span><\/p>\n<\/div>\n\t\t\t\t<\/div>\n\n\t\t\t\t<div class=\"meta meta-buttons d-flex flex-column flex-sm-row justify-content-start\">\n\t\t\t\t\t\t\t<a class=\"btn btn-negative \" href=\"https:\/\/skrivanekcz.ecomailapp.cz\/public\/form\/1-43c2cd496486bcc27217c3e790fb4088\" title=\"Chci dost\u00e1vat e-lekce!\">Chci dost\u00e1vat e-lekce!<\/a>\n\t\t\t\t<\/div>\n\t\t\n\t<\/div>\n\n\t\t\n\t\n<\/div>\n<\/div><\/div><div id=\"panel-5636-0-0-1\" class=\"so-panel widget widget_wpa9-editor-ext panel-last-child\" data-index=\"1\" ><div\n\t\t\t\n\t\t\tclass=\"so-widget-wpa9-editor-ext so-widget-wpa9-editor-ext-default-c93e1481a745-5636\"\n\t\t\t\n\t\t>\n<div class=\"siteorigin-widget-tinymce textwidget\">\n\t<h4>Uk\u00e1zka e-lekce<\/h4>\n<p>&nbsp;<\/p>\n<p><img alt=\"e-lekce\" loading=\"lazy\" decoding=\"async\" class=\"alignnone wp-image-15467 \" src=\"https:\/\/skrivanek.cz\/wp-content\/uploads\/2022\/01\/e-lekce.png\" alt=\"\" width=\"371\" height=\"745\" \/><\/p>\n<\/div>\n<\/div><\/div><\/div><\/div><\/div><div id=\"pg-5636-1\"  class=\"panel-grid panel-no-style\"  style=\"margin-bottom: 0px\" ><div id=\"pgc-5636-1-0\"  class=\"panel-grid-cell\" ><div id=\"panel-5636-1-0-0\" class=\"so-panel widget widget_wpa9-steps panel-first-child panel-last-child\" data-index=\"2\" ><div\n\t\t\t\n\t\t\tclass=\"so-widget-wpa9-steps so-widget-wpa9-steps-default-c93e1481a745-5636\"\n\t\t\t\n\t\t><h3 class=\"widget-title\">A co d\u00e1l?<\/h3><div class=\"wpa9-steps\">\n\t<div class=\"wpa9-steps-togglers d-flex flex-wrap justify-content-center\" data-wpa9-interval=\"7000\">\n\t\t\t\n\t\t<div class=\"wpa9-steps-toggler-wrapper wpa9-steps-active\" id=\"wpa9-steps-toggler-panel-0\">\n\t\t\t<div class=\"wpa9-steps-toggler f-headlines d-flex align-items-center justify-content-center\" data-content=\"panel-0\" role=\"button\">\n\t\t\t\t\t\t\t\t<span class=\"wpa9-step-title\">St\u00e1hn\u011bte si aplikaci<\/span>\n\t\t\t\t\t\t\t<\/div>\n\t\t\t<div class=\"wpa9-steps-decoration\"><\/div>\n\t\t<\/div>\n\t\t<div class=\"wpa9-steps-content wpa9-steps-active\" role=\"region\" id=\"wpa9-steps-content-panel-0\">\n\t\t\t<p>Chcete si procvi\u010dovat slov\u00ed\u010dka a&nbsp;ukl\u00e1dat nov\u00e1? Zkuste aplikaci\u00a0<a href=\"https:\/\/quizlet.com\/mobile\">Quizlet<\/a>, ve kter\u00e9 si procvi\u010d\u00edte slov\u00ed\u010dka z&nbsp;r\u016fzn\u00fdch jazyk\u016f.<br \/>\nPot\u0159ebujete rychl\u00fd slovn\u00edk na cesty? Zkuste n\u011bkter\u00fd z&nbsp;offline slovn\u00edk\u016f od firmy\u00a0<a href=\"http:\/\/www.dic-o.com\/\"><span class=\"caps\">DIC<\/span>-o<\/a>.<br \/>\nR\u00e1di byste si zopakovali z\u00e1klady?\u00a0<a href=\"https:\/\/cs.duolingo.com\/\">Duolingo<\/a>\u00a0v\u00e1s to\u00a0nau\u010d\u00ed.<\/p>\n\t\t<\/div>\n\t\t<div class=\"wpa9-steps-hyphen hyphen-visible\"><\/div>\t\t\t\n\t\t<div class=\"wpa9-steps-toggler-wrapper\" id=\"wpa9-steps-toggler-panel-1\">\n\t\t\t<div class=\"wpa9-steps-toggler f-headlines d-flex align-items-center justify-content-center\" data-content=\"panel-1\" role=\"button\">\n\t\t\t\t\t\t\t\t<span class=\"wpa9-step-title\">P\u0159elouskejte knihu<\/span>\n\t\t\t\t\t\t\t<\/div>\n\t\t\t<div class=\"wpa9-steps-decoration\"><\/div>\n\t\t<\/div>\n\t\t<div class=\"wpa9-steps-content\" role=\"region\" id=\"wpa9-steps-content-panel-1\">\n\t\t\t<p>Chcete si ulo\u017eit slov\u00ed\u010dka do dlouhodob\u00e9 pam\u011bti a&nbsp;nau\u010dit se nov\u00e1? \u010ct\u011bte! Vzpome\u0148te si t\u0159eba na knihu, kterou jste si ji\u017e dlouho cht\u011bli p\u0159e\u010d\u00edst, a&nbsp;kupte si ji v&nbsp;ciz\u00edm jazyce. Od \u00farovn\u011b\u00a0<span class=\"caps\">B2<\/span>\u00a0(pokro\u010dil\u00fd) hrav\u011b zvl\u00e1dnete p\u0159elouskat i&nbsp;origin\u00e1l. Pokud si na origin\u00e1l je\u0161t\u011b netrouf\u00e1te, po\u0159i\u010fte si speci\u00e1ln\u00ed edici s&nbsp;o\u0159ezanou slovn\u00ed z\u00e1sobou \u2013 takov\u00e9 nap\u0159.&nbsp;publikuje Penguin Readers.<br \/>\n\u010c\u00edst nemus\u00edte jen knihy, st\u00e1hn\u011bte si t\u0159eba aplikaci\u00a0<a href=\"https:\/\/www.bbc.com\/news\/10628994\"><span class=\"caps\">BBC<\/span>\u00a0News<\/a>\u00a0a \u010dt\u011bte novinky ze\u00a0sv\u011bta.<\/p>\n\t\t<\/div>\n\t\t<div class=\"wpa9-steps-hyphen hyphen-visible\"><\/div>\t\t\t\n\t\t<div class=\"wpa9-steps-toggler-wrapper\" id=\"wpa9-steps-toggler-panel-2\">\n\t\t\t<div class=\"wpa9-steps-toggler f-headlines d-flex align-items-center justify-content-center\" data-content=\"panel-2\" role=\"button\">\n\t\t\t\t\t\t\t\t<span class=\"wpa9-step-title\">Sledujte zahrani\u010dn\u00ed seri\u00e1ly<\/span>\n\t\t\t\t\t\t\t<\/div>\n\t\t\t<div class=\"wpa9-steps-decoration\"><\/div>\n\t\t<\/div>\n\t\t<div class=\"wpa9-steps-content\" role=\"region\" id=\"wpa9-steps-content-panel-2\">\n\t\t\t<p>V\u011bd\u011bli jste, \u017ee a\u017e 75&nbsp;% informac\u00ed pochyt\u00edme z&nbsp;nonverb\u00e1ln\u00ed komunikace? Proto student\u016fm doporu\u010dujeme, aby si na\u0161li seri\u00e1l, kter\u00fd je bude zaj\u00edmat v\u00edce, a&nbsp;za\u010dali ho sledovat v&nbsp;ciz\u00edm jazyce. Pokud je na v\u00e1s jazyk st\u00e1le obt\u00ed\u017en\u00fd, pus\u0165te si k&nbsp;seri\u00e1lu titulky nebo se pod\u00edvejte znovu na seri\u00e1l, kter\u00fd u\u017e zn\u00e1te, ale r\u00e1di si ho pust\u00edte je\u0161t\u011b\u00a0jednou.<\/p>\n\t\t<\/div>\n\t\t<div class=\"wpa9-steps-hyphen hyphen-visible\"><\/div>\t\t\t\n\t\t<div class=\"wpa9-steps-toggler-wrapper\" id=\"wpa9-steps-toggler-panel-3\">\n\t\t\t<div class=\"wpa9-steps-toggler f-headlines d-flex align-items-center justify-content-center\" data-content=\"panel-3\" role=\"button\">\n\t\t\t\t\t\t\t\t<span class=\"wpa9-step-title\">Najd\u011bte si sparingpartnera<\/span>\n\t\t\t\t\t\t\t<\/div>\n\t\t\t<div class=\"wpa9-steps-decoration\"><\/div>\n\t\t<\/div>\n\t\t<div class=\"wpa9-steps-content\" role=\"region\" id=\"wpa9-steps-content-panel-3\">\n\t\t\t<p>Mluvte, mluvte, mluvte. Jazyk je jako sval \u2013 kdy\u017e ho nepou\u017e\u00edv\u00e1me, ochabne. Nepou\u017e\u00edv\u00e1te jazyk v&nbsp;pr\u00e1ci? Najd\u011bte si kolegu, kter\u00fd si tak\u00e9 chce procvi\u010dovat jazyk, a&nbsp;cho\u010fte konverzovat t\u0159eba do hospody. Pokud si chcete popov\u00eddat s&nbsp;rodil\u00fdm mluv\u010d\u00edm, zkuste konverza\u010dn\u00ed lekce, kter\u00e9 mohou klidn\u011b prob\u00edhat u&nbsp;v\u00e1s doma po&nbsp;Skypu. M\u016f\u017eete si tak\u00e9 ps\u00e1t s&nbsp;n\u011bk\u00fdm na druh\u00e9 stran\u011b zem\u011bkoule \u2013\u00a0<a href=\"https:\/\/www.interpals.net\/\">www.interpals.net<\/a>.<\/p>\n\t\t<\/div>\n\t\t<div class=\"wpa9-steps-hyphen hyphen-visible\"><\/div>\t\t\t\n\t\t<div class=\"wpa9-steps-toggler-wrapper\" id=\"wpa9-steps-toggler-panel-4\">\n\t\t\t<div class=\"wpa9-steps-toggler f-headlines d-flex align-items-center justify-content-center\" data-content=\"panel-4\" role=\"button\">\n\t\t\t\t\t\t\t\t<span class=\"wpa9-step-title\">Cestujte<\/span>\n\t\t\t\t\t\t\t<\/div>\n\t\t\t<div class=\"wpa9-steps-decoration\"><\/div>\n\t\t<\/div>\n\t\t<div class=\"wpa9-steps-content\" role=\"region\" id=\"wpa9-steps-content-panel-4\">\n\t\t\t<p>Odpo\u010dinek je nezbytn\u00fd, ale odpo\u010dinek, p\u0159i&nbsp;kter\u00e9m pro sebe i&nbsp;n\u011bco ud\u011bl\u00e1te, je dvojn\u00e1sobn\u011b prosp\u011b\u0161n\u00fd. Naordinujte si<br \/>\ns&nbsp;partnerem \u010di&nbsp;rodinou prodlou\u017een\u00fd v\u00edkend v&nbsp;letn\u00edm Lond\u00fdn\u011b nebo p\u0159edv\u00e1no\u010dn\u00ed V\u00eddni a&nbsp;zkuste se domluvit tamn\u00edm jazykem. Nesty\u010fte se, m\u00edstn\u00ed v\u00e1m jist\u011b r\u00e1di odpust\u00ed jazykov\u00e9 nep\u0159esnosti a&nbsp;naopak ocen\u00ed snahu se\u00a0domluvit.<\/p>\n\t\t<\/div>\n\t\t\t\t<\/div>\n\t<div class=\"wpa9-steps-contents-wrapper\">\n\t\t\t\t\t<div class=\"wpa9-steps-content _step_5_1 wpa9-steps-active\" role=\"region\" id=\"wpa9-steps-content-panel-0\">\n\t\t\t<p>Chcete si procvi\u010dovat slov\u00ed\u010dka a&nbsp;ukl\u00e1dat nov\u00e1? Zkuste aplikaci\u00a0<a href=\"https:\/\/quizlet.com\/mobile\">Quizlet<\/a>, ve kter\u00e9 si procvi\u010d\u00edte slov\u00ed\u010dka z&nbsp;r\u016fzn\u00fdch jazyk\u016f.<br \/>\nPot\u0159ebujete rychl\u00fd slovn\u00edk na cesty? Zkuste n\u011bkter\u00fd z&nbsp;offline slovn\u00edk\u016f od firmy\u00a0<a href=\"http:\/\/www.dic-o.com\/\"><span class=\"caps\">DIC<\/span>-o<\/a>.<br \/>\nR\u00e1di byste si zopakovali z\u00e1klady?\u00a0<a href=\"https:\/\/cs.duolingo.com\/\">Duolingo<\/a>\u00a0v\u00e1s to\u00a0nau\u010d\u00ed.<\/p>\n\t\t<\/div>\n\t\t\t\t\t<div class=\"wpa9-steps-content _step_5_2\" role=\"region\" id=\"wpa9-steps-content-panel-1\">\n\t\t\t<p>Chcete si ulo\u017eit slov\u00ed\u010dka do dlouhodob\u00e9 pam\u011bti a&nbsp;nau\u010dit se nov\u00e1? \u010ct\u011bte! Vzpome\u0148te si t\u0159eba na knihu, kterou jste si ji\u017e dlouho cht\u011bli p\u0159e\u010d\u00edst, a&nbsp;kupte si ji v&nbsp;ciz\u00edm jazyce. Od \u00farovn\u011b\u00a0<span class=\"caps\">B2<\/span>\u00a0(pokro\u010dil\u00fd) hrav\u011b zvl\u00e1dnete p\u0159elouskat i&nbsp;origin\u00e1l. Pokud si na origin\u00e1l je\u0161t\u011b netrouf\u00e1te, po\u0159i\u010fte si speci\u00e1ln\u00ed edici s&nbsp;o\u0159ezanou slovn\u00ed z\u00e1sobou \u2013 takov\u00e9 nap\u0159.&nbsp;publikuje Penguin Readers.<br \/>\n\u010c\u00edst nemus\u00edte jen knihy, st\u00e1hn\u011bte si t\u0159eba aplikaci\u00a0<a href=\"https:\/\/www.bbc.com\/news\/10628994\"><span class=\"caps\">BBC<\/span>\u00a0News<\/a>\u00a0a \u010dt\u011bte novinky ze\u00a0sv\u011bta.<\/p>\n\t\t<\/div>\n\t\t\t\t\t<div class=\"wpa9-steps-content _step_5_3\" role=\"region\" id=\"wpa9-steps-content-panel-2\">\n\t\t\t<p>V\u011bd\u011bli jste, \u017ee a\u017e 75&nbsp;% informac\u00ed pochyt\u00edme z&nbsp;nonverb\u00e1ln\u00ed komunikace? Proto student\u016fm doporu\u010dujeme, aby si na\u0161li seri\u00e1l, kter\u00fd je bude zaj\u00edmat v\u00edce, a&nbsp;za\u010dali ho sledovat v&nbsp;ciz\u00edm jazyce. Pokud je na v\u00e1s jazyk st\u00e1le obt\u00ed\u017en\u00fd, pus\u0165te si k&nbsp;seri\u00e1lu titulky nebo se pod\u00edvejte znovu na seri\u00e1l, kter\u00fd u\u017e zn\u00e1te, ale r\u00e1di si ho pust\u00edte je\u0161t\u011b\u00a0jednou.<\/p>\n\t\t<\/div>\n\t\t\t\t\t<div class=\"wpa9-steps-content _step_5_4\" role=\"region\" id=\"wpa9-steps-content-panel-3\">\n\t\t\t<p>Mluvte, mluvte, mluvte. Jazyk je jako sval \u2013 kdy\u017e ho nepou\u017e\u00edv\u00e1me, ochabne. Nepou\u017e\u00edv\u00e1te jazyk v&nbsp;pr\u00e1ci? Najd\u011bte si kolegu, kter\u00fd si tak\u00e9 chce procvi\u010dovat jazyk, a&nbsp;cho\u010fte konverzovat t\u0159eba do hospody. Pokud si chcete popov\u00eddat s&nbsp;rodil\u00fdm mluv\u010d\u00edm, zkuste konverza\u010dn\u00ed lekce, kter\u00e9 mohou klidn\u011b prob\u00edhat u&nbsp;v\u00e1s doma po&nbsp;Skypu. M\u016f\u017eete si tak\u00e9 ps\u00e1t s&nbsp;n\u011bk\u00fdm na druh\u00e9 stran\u011b zem\u011bkoule \u2013\u00a0<a href=\"https:\/\/www.interpals.net\/\">www.interpals.net<\/a>.<\/p>\n\t\t<\/div>\n\t\t\t\t\t<div class=\"wpa9-steps-content _step_5_5\" role=\"region\" id=\"wpa9-steps-content-panel-4\">\n\t\t\t<p>Odpo\u010dinek je nezbytn\u00fd, ale odpo\u010dinek, p\u0159i&nbsp;kter\u00e9m pro sebe i&nbsp;n\u011bco ud\u011bl\u00e1te, je dvojn\u00e1sobn\u011b prosp\u011b\u0161n\u00fd. Naordinujte si<br \/>\ns&nbsp;partnerem \u010di&nbsp;rodinou prodlou\u017een\u00fd v\u00edkend v&nbsp;letn\u00edm Lond\u00fdn\u011b nebo p\u0159edv\u00e1no\u010dn\u00ed V\u00eddni a&nbsp;zkuste se domluvit tamn\u00edm jazykem. Nesty\u010fte se, m\u00edstn\u00ed v\u00e1m jist\u011b r\u00e1di odpust\u00ed jazykov\u00e9 nep\u0159esnosti a&nbsp;naopak ocen\u00ed snahu se\u00a0domluvit.<\/p>\n\t\t<\/div>\n\t\t<\/div>\n\t<\/div>\n<\/div><\/div><\/div><\/div><div id=\"pg-5636-2\"  class=\"panel-grid panel-has-style\" ><div class=\"siteorigin-panels-stretch panel-row-padding-none panel-row-style panel-row-style-for-5636-2\" data-stretch-type=\"full\" ><div id=\"pgc-5636-2-0\"  class=\"panel-grid-cell\" ><div id=\"panel-5636-2-0-0\" class=\"so-panel widget widget_skrv-incl-widget panel-first-child panel-last-child\" data-index=\"3\" ><div\n\t\t\t\n\t\t\tclass=\"so-widget-skrv-incl-widget so-widget-skrv-incl-widget-default-c93e1481a745-5636\"\n\t\t\t\n\t\t><div id=\"pl-5422\"  class=\"panel-layout\" ><div id=\"pg-5422-0\"  class=\"panel-grid panel-has-style\" ><div class=\"siteorigin-panels-stretch panel-row-padding-none panel-row-style panel-row-style-for-5422-0\" data-stretch-type=\"full\" ><div id=\"pgc-5422-0-0\"  class=\"panel-grid-cell\" ><div id=\"panel-5422-0-0-0\" class=\"so-panel widget widget_wpa9-editor-ext panel-first-child\" data-index=\"0\" ><div\n\t\t\t\n\t\t\tclass=\"so-widget-wpa9-editor-ext so-widget-wpa9-editor-ext-default-c93e1481a745-5636\"\n\t\t\t\n\t\t>\n<div class=\"siteorigin-widget-tinymce textwidget\">\n\t<h2 style=\"text-align: center;\"><span style=\"color: #4e172e;\">Z na\u0161\u00ed \u0161irok\u00e9 nab\u00eddky kurz\u016f si vyberete i&nbsp;vy!<\/span><\/h2>\n<\/div>\n<\/div><\/div><div id=\"panel-5422-0-0-1\" class=\"so-panel widget widget_wpa9-buttons-group panel-last-child\" data-index=\"1\" ><div\n\t\t\t\n\t\t\tclass=\"so-widget-wpa9-buttons-group so-widget-wpa9-buttons-group-default-7f91da832e02-5636\"\n\t\t\t\n\t\t>\n\n<div class=\"wpa9-buttons-group-wrapper\">\n\n\t<div class=\"wpa9-buttons-group d-flex flex-wrap justify-content-center\">\n\n\t\n\t\t\n\t\t<a class=\"wpa9-buttons-group-button btn btn-size-m btn-light d-flex flex-row justify-content-center \" href=\"https:\/\/skrivanek.cz\/cz\/jazykova-skola\/typy-kurzu\/\" id=\"wpa9-buttons-group-panel-vsechny-typy-vyuky\" title=\"V\u0161echny typy v\u00fduky\"><span class=\"align-self-center\">V\u0161echny typy v\u00fduky<\/span><\/a>\n\n\t\n\t<\/div>\n\n<\/div>\n<\/div><\/div><\/div><\/div><\/div><\/div><\/div><\/div><\/div><\/div><\/div><\/div>","protected":false},"excerpt":{"rendered":"<p>E-lekce angli\u010dtiny Nebojte se, nebudeme v\u00e1m pos\u00edlat nudn\u00e1 shrnut\u00ed gramatick\u00fdch pou\u010dek, ale z\u00e1bavn\u00e9 a&nbsp;r\u016fznorod\u00e9 minilekce zam\u011b\u0159en\u00e9 na \u010dasto pou\u017e\u00edvan\u00e9 fr\u00e1ze, slov\u00ed\u010dka, idiomy a&nbsp;n\u00e1cvik situac\u00ed z\u00a0b\u011b\u017en\u00e9ho\u00a0\u017eivota. Nechceme v\u00e1s spamovat, a&nbsp;nav\u00edc m\u016f\u017eete kdykoliv odb\u011br e-lekc\u00ed\u00a0odhl\u00e1sit. Chci dost\u00e1vat e-lekce! Uk\u00e1zka e-lekce &nbsp; A&nbsp;co d\u00e1l? St\u00e1hn\u011bte si aplikaci Chcete si procvi\u010dovat slov\u00ed\u010dka a&nbsp;ukl\u00e1dat nov\u00e1? Zkuste aplikaci\u00a0Quizlet, ve kter\u00e9 [&hellip;]<\/p>\n","protected":false},"author":9,"featured_media":0,"parent":305,"menu_order":0,"comment_status":"closed","ping_status":"closed","template":"","meta":{"_acf_changed":false,"footnotes":""},"class_list":["post-5636","page","type-page","status-publish","hentry"],"acf":[],"aioseo_notices":[],"_links":{"self":[{"href":"https:\/\/skrivanek.cz\/cz\/wp-json\/wp\/v2\/pages\/5636","targetHints":{"allow":["GET"]}}],"collection":[{"href":"https:\/\/skrivanek.cz\/cz\/wp-json\/wp\/v2\/pages"}],"about":[{"href":"https:\/\/skrivanek.cz\/cz\/wp-json\/wp\/v2\/types\/page"}],"author":[{"embeddable":true,"href":"https:\/\/skrivanek.cz\/cz\/wp-json\/wp\/v2\/users\/9"}],"replies":[{"embeddable":true,"href":"https:\/\/skrivanek.cz\/cz\/wp-json\/wp\/v2\/comments?post=5636"}],"version-history":[{"count":4,"href":"https:\/\/skrivanek.cz\/cz\/wp-json\/wp\/v2\/pages\/5636\/revisions"}],"predecessor-version":[{"id":80202,"href":"https:\/\/skrivanek.cz\/cz\/wp-json\/wp\/v2\/pages\/5636\/revisions\/80202"}],"up":[{"embeddable":true,"href":"https:\/\/skrivanek.cz\/cz\/wp-json\/wp\/v2\/pages\/305"}],"wp:attachment":[{"href":"https:\/\/skrivanek.cz\/cz\/wp-json\/wp\/v2\/media?parent=5636"}],"curies":[{"name":"wp","href":"https:\/\/api.w.org\/{rel}","templated":true}]}}