{"id":5653,"date":"2021-03-12T13:21:48","date_gmt":"2021-03-12T12:21:48","guid":{"rendered":"https:\/\/skrivanek.cz\/?page_id=5653"},"modified":"2026-03-24T13:11:14","modified_gmt":"2026-03-24T12:11:14","slug":"spokojenost","status":"publish","type":"page","link":"https:\/\/skrivanek.cz\/cz\/jazykova-skola\/spokojenost\/","title":{"rendered":"Spokojenost student\u016f jazykov\u00e9 \u0161koly"},"content":{"rendered":"<div id=\"pl-5653\"  class=\"panel-layout\" ><div id=\"pg-5653-0\"  class=\"panel-grid panel-has-style\" ><div class=\"siteorigin-panels-stretch panel-row-padding-none panel-row-style panel-row-style-for-5653-0\" data-stretch-type=\"full\" ><div id=\"pgc-5653-0-0\"  class=\"panel-grid-cell\" ><div id=\"panel-5653-0-0-0\" class=\"so-panel widget widget_wpa9-editor-ext panel-first-child panel-last-child\" data-index=\"0\" ><div\n\t\t\t\n\t\t\tclass=\"so-widget-wpa9-editor-ext so-widget-wpa9-editor-ext-default-c93e1481a745-5653\"\n\t\t\t\n\t\t>\n<div class=\"siteorigin-widget-tinymce textwidget\">\n\t<h2><\/h2>\n<h2 style=\"text-align: center;\">Chceme b\u00fdt st\u00e1le lep\u0161\u00ed a&nbsp;vy n\u00e1m s&nbsp;t\u00edm m\u016f\u017eete pomoci!<\/h2>\n<p style=\"text-align: center;\">Vypln\u011bn\u00ed dotazn\u00edk\u016f zabere maxim\u00e1ln\u011b 5 minut.<\/p>\n<div style=\"text-align: center;\">D\u011bkujeme v\u00e1m za pomoc a&nbsp;podporu!<\/div>\n<div><\/div>\n<div style=\"text-align: center;\"><a class=\"btn btn-negative btn-size-l\" href=\"https:\/\/isweb.skrivanek.cz\/cs\/questionary.aspx?paramKod=rating-course-online2021&amp;Lang=cs-CZ\">Vyplnit dotazn\u00edk<\/a><\/div>\n<\/div>\n<\/div><\/div><\/div><\/div><\/div><\/div>","protected":false},"excerpt":{"rendered":"<p>Chceme b\u00fdt st\u00e1le lep\u0161\u00ed a&nbsp;vy n\u00e1m s&nbsp;t\u00edm m\u016f\u017eete pomoci! Vypln\u011bn\u00ed dotazn\u00edk\u016f zabere maxim\u00e1ln\u011b 5 minut. D\u011bkujeme v\u00e1m za pomoc a&nbsp;podporu! Vyplnit dotazn\u00edk<\/p>\n","protected":false},"author":9,"featured_media":0,"parent":305,"menu_order":0,"comment_status":"closed","ping_status":"closed","template":"","meta":{"_acf_changed":false,"footnotes":""},"class_list":["post-5653","page","type-page","status-publish","hentry"],"acf":[],"aioseo_notices":[],"_links":{"self":[{"href":"https:\/\/skrivanek.cz\/cz\/wp-json\/wp\/v2\/pages\/5653","targetHints":{"allow":["GET"]}}],"collection":[{"href":"https:\/\/skrivanek.cz\/cz\/wp-json\/wp\/v2\/pages"}],"about":[{"href":"https:\/\/skrivanek.cz\/cz\/wp-json\/wp\/v2\/types\/page"}],"author":[{"embeddable":true,"href":"https:\/\/skrivanek.cz\/cz\/wp-json\/wp\/v2\/users\/9"}],"replies":[{"embeddable":true,"href":"https:\/\/skrivanek.cz\/cz\/wp-json\/wp\/v2\/comments?post=5653"}],"version-history":[{"count":4,"href":"https:\/\/skrivanek.cz\/cz\/wp-json\/wp\/v2\/pages\/5653\/revisions"}],"predecessor-version":[{"id":80255,"href":"https:\/\/skrivanek.cz\/cz\/wp-json\/wp\/v2\/pages\/5653\/revisions\/80255"}],"up":[{"embeddable":true,"href":"https:\/\/skrivanek.cz\/cz\/wp-json\/wp\/v2\/pages\/305"}],"wp:attachment":[{"href":"https:\/\/skrivanek.cz\/cz\/wp-json\/wp\/v2\/media?parent=5653"}],"curies":[{"name":"wp","href":"https:\/\/api.w.org\/{rel}","templated":true}]}}