{"id":5674,"date":"2021-03-12T13:35:39","date_gmt":"2021-03-12T12:35:39","guid":{"rendered":"https:\/\/skrivanek.cz\/?page_id=5674"},"modified":"2026-03-24T15:13:31","modified_gmt":"2026-03-24T14:13:31","slug":"spokojenost-pravidla-souteze","status":"publish","type":"page","link":"https:\/\/skrivanek.cz\/cz\/spokojenost-pravidla-souteze\/","title":{"rendered":"Pravidla sout\u011b\u017ee"},"content":{"rendered":"<h4><strong>1. Po\u0159adatel sout\u011b\u017ee<\/strong><\/h4>\n<p>1.1. Po\u0159adatelem sout\u011b\u017ee je spole\u010dnost Sk\u0159iv\u00e1nek s.r.o., I\u010c 60715235, se s\u00eddlem Na Dolin\u00e1ch 153\/22, Podol\u00ed, 147&nbsp;00 Praha 4, zapsan\u00e1 v&nbsp;obchodn\u00edm rejst\u0159\u00edku veden\u00e9m M\u011bstsk\u00fdm soudem v&nbsp;Praze odd\u00edl C, vlo\u017eka 232789 (d\u00e1le jen \u201ePo\u0159adatel\u201c).<\/p>\n<p>1.2. Pravidla sout\u011b\u017ee o&nbsp;d\u00e1rkov\u00e9 pouk\u00e1zky Tescoma\u00a0 (d\u00e1le jen \u201ePravidla\u201c) jsou k&nbsp;nahl\u00e9dnut\u00ed na webov\u00fdch str\u00e1nk\u00e1ch Po\u0159adatele <a href=\"https:\/\/skrivanek.cz\/cz\/spokojenost-pravidla-souteze\/\">www.skrivanek.cz\/spokojenost-pravidla-souteze<\/a> a&nbsp;v&nbsp;m\u00edst\u011b s\u00eddla Po\u0159adatele.<\/p>\n<h4><strong>2. Podm\u00ednky \u00fa\u010dasti v&nbsp;sout\u011b\u017ei<\/strong><\/h4>\n<p>Sout\u011b\u017ee se m\u016f\u017ee z\u00fa\u010dastnit jak\u00e1koliv osoba, kter\u00e1 je studentem jazykov\u00e9ho kurzu organizovan\u00e9ho Po\u0159adatelem, a&nbsp;kter\u00e1 z\u00e1rove\u0148 \u0159\u00e1dn\u011b vypln\u00ed a&nbsp;ode\u0161le online Dotazn\u00edk spokojenosti student\u016f jazykov\u00e9 \u0161koly Sk\u0159iv\u00e1nek (d\u00e1le jen \u201eDotazn\u00edk spokojenosti\u201c) na adrese <a href=\"https:\/\/skrivanek.cz\/cz\/jazykova-skola\/spokojenost\/\">www.skrivanek.cz\/spokojenost<\/a> v\u010detn\u011b zad\u00e1n\u00ed sv\u00e9 skute\u010dn\u00e9 e-mailov\u00e9 adresy. K\u00f3d kurzu pot\u0159ebn\u00fd k&nbsp;vypln\u011bn\u00ed Dotazn\u00edku spokojenosti student kurzu obdr\u017e\u00ed e-mailem spole\u010dn\u011b s&nbsp;\u017e\u00e1dost\u00ed o&nbsp;vypln\u011bn\u00ed Dotazn\u00edku spokojenosti. Na obdr\u017een\u00ed informace s&nbsp;\u010d\u00edslem kurzu, ani na bezpodm\u00edne\u010dn\u00e9 vypln\u011bn\u00ed Dotazn\u00edku spokojenosti nevznik\u00e1 pr\u00e1vn\u00ed n\u00e1rok. Z&nbsp;\u00fa\u010dasti na sout\u011b\u017ei jsou vylou\u010deni zam\u011bstnanci Po\u0159adatele a&nbsp;osoby v&nbsp;obdobn\u00e9m pom\u011bru, a&nbsp;d\u00e1le studenti, kte\u0159\u00ed nevyplnili svou skute\u010dnou e-mailovou adresu.<\/p>\n<h4><strong>3. Mechanika sout\u011b\u017ee<\/strong><\/h4>\n<p>3.1. Na adrese <a href=\"https:\/\/skrivanek.cz\/cz\/jazykova-skola\/spokojenost\/\">www.skrivanek.cz\/spokojenost<\/a> bude zp\u0159\u00edstupn\u011bn online Dotazn\u00edk spokojenosti. Po\u0159adatel e-mailem informuje studenty jazykov\u00e9 \u0161koly, anebo v&nbsp;p\u0159\u00edpad\u011b firemn\u00ed v\u00fduky kontaktn\u00ed osoby o&nbsp;zp\u0159\u00edstupn\u011bn\u00ed online Dotazn\u00edku spokojenosti v\u010detn\u011b \u010d\u00edsla jazykov\u00e9ho kurzu, kter\u00e9 je nezbytn\u00e9 vyplnit pro odesl\u00e1n\u00ed Dotazn\u00edku spokojenosti. Z\u00e1jemce o&nbsp;sout\u011b\u017e spl\u0148uj\u00edc\u00ed podm\u00ednky dle \u010dl\u00e1nku 2 t\u011bchto Podm\u00ednek, kter\u00fd \u0159\u00e1dn\u011b vypln\u00ed Dotazn\u00edk spokojenosti, a&nbsp;to v\u010detn\u011b kolonky \u201eE-MAIL\u201c, kam uvede svou skute\u010dnou e-mailovou adresu. Z\u00e1jemce o&nbsp;sout\u011b\u017e m\u016f\u017ee vyplnit ke ka\u017ed\u00e9mu kurzu, jen\u017e nav\u0161t\u011bvuje, pouze jeden Dotazn\u00edk spokojenosti. Dotazn\u00edk spokojenosti v\u010detn\u011b e-mailov\u00e9 adresy z\u00e1jemce o&nbsp;sout\u011b\u017e bude n\u00e1sledn\u011b odesl\u00e1n do elektronick\u00e9 datab\u00e1ze Po\u0159adatele, ze kter\u00e9 Po\u0159adatel d\u00e1le exportuje data pro pot\u0159eby vyhodnocen\u00ed Dotazn\u00edk\u016f spokojenosti a&nbsp;z\u00e1rove\u0148 pro \u00fa\u010dely vytvo\u0159en\u00ed losovac\u00edho ko\u0161e obsahuj\u00edc\u00edho e-mailov\u00e9 adresy zadan\u00e9 do Dotazn\u00edku spokojenosti v&nbsp;souladu s&nbsp;v\u00fd\u0161e uveden\u00fdmi podm\u00ednkami. V&nbsp;p\u0159\u00edpad\u011b, \u017ee z\u00e1jemce o&nbsp;sout\u011b\u017e neuvede \u017e\u00e1dnou nebo uvede klamavou \u010di&nbsp;nespr\u00e1vnou e-mailovou adresu, nebude do sout\u011b\u017ee za\u0159azen. Ve\u0161ker\u00e9 duplicitn\u00ed e-mailov\u00e9 adresy jsou z&nbsp;losovac\u00edho ko\u0161e odstran\u011bny.<\/p>\n<p>3.2. V\u00fdherci sout\u011b\u017ee se ur\u010d\u00ed tak, \u017ee z&nbsp;losovac\u00edho ko\u0161e vytvo\u0159en\u00e9ho dle bodu 3.1 bude dne 7.&nbsp;1.&nbsp;2022 n\u00e1hodn\u011b vybr\u00e1no\/vylosov\u00e1no 5 e-mailov\u00fdch adres. Posloupnost losovan\u00fdch e-mailov\u00fdch adres je p\u0159\u00edmo \u00fam\u011brn\u00e1 posloupnosti cen uveden\u00fdch v&nbsp;bod\u011b 4.1., tzn.&nbsp;prvn\u00ed vylosovan\u00e1 e-mailov\u00e1 adresa z\u00edsk\u00e1v\u00e1 prvn\u00ed uvedenou cenu, druh\u00e1 vylosovan\u00e1 e-mailov\u00e1 adresa z\u00edsk\u00e1v\u00e1 druhou cenu atd. K&nbsp;vylosovan\u00fdm e-mailov\u00fdm adres\u00e1m budou n\u00e1sledn\u011b dle p\u0159\u00edslu\u0161n\u00fdch Dotazn\u00edk\u016f spokojenosti p\u0159i\u0159azena jm\u00e9na \u00fa\u010dastn\u00edk\u016f sout\u011b\u017ee, kte\u0159\u00ed tyto Dotazn\u00edky spokojenosti vyplnili. T\u011bmto v\u00fdherc\u016fm bude informace o&nbsp;v\u00fdh\u0159e v&nbsp;sout\u011b\u017ei sd\u011blena prost\u0159ednictv\u00edm e-mailov\u00e9 adresy uveden\u00e9 v&nbsp;jimi vypln\u011bn\u00e9m Dotazn\u00edku spokojenosti. Po\u0159adatel d\u00e1le na adrese <a href=\"https:\/\/skrivanek.cz\/cz\/jazykova-skola\/spokojenost\/\">www.skrivanek.cz\/spokojenost<\/a> uve\u0159ejn\u00ed informaci o&nbsp;v\u00fdherc\u00edch sout\u011b\u017ee, kde uvede k\u0159estn\u00ed jm\u00e9no, prvn\u00ed p\u00edsmeno z&nbsp;p\u0159\u00edjmen\u00ed a&nbsp;m\u011bsto, ve kter\u00e9m se nach\u00e1z\u00ed pobo\u010dka Po\u0159adatele, pod kterou spad\u00e1 jazykov\u00fd kurz v\u00fdherce &#8211; nap\u0159.&nbsp;Jan S., Praha.<\/p>\n<h4><strong>4. V\u00fdhra<\/strong><\/h4>\n<p>4.1. V\u00fdhrou v&nbsp;sout\u011b\u017ei v\u00fdherce z\u00edsk\u00e1 1 kus d\u00e1rkov\u00e9ho poukazu z&nbsp;n\u00ed\u017ee uveden\u00fdch:<\/p>\n<ol>\n<li>poukaz do zna\u010dkov\u00e9ho e-shopu Tescoma v&nbsp;hodnot\u011b 500&nbsp;K\u010d s&nbsp;platnost\u00ed do 30.&nbsp;6.&nbsp;2022,<\/li>\n<li>poukaz do zna\u010dkov\u00e9ho e-shopu Tescoma v&nbsp;hodnot\u011b 500&nbsp;K\u010d s&nbsp;platnost\u00ed do 30.&nbsp;6.&nbsp;2022,<\/li>\n<li>poukaz do zna\u010dkov\u00e9ho e-shopu Tescoma v&nbsp;hodnot\u011b 500&nbsp;K\u010d s&nbsp;platnost\u00ed do 30.&nbsp;6.&nbsp;2022,<\/li>\n<li>poukaz do zna\u010dkov\u00e9ho e-shopu Tescoma v&nbsp;hodnot\u011b 500&nbsp;K\u010d s&nbsp;platnost\u00ed do 30.&nbsp;6.&nbsp;2022,<\/li>\n<li>poukaz do zna\u010dkov\u00e9ho e-shopu Tescoma v&nbsp;hodnot\u011b 500&nbsp;K\u010d s&nbsp;platnost\u00ed do 30.&nbsp;6.&nbsp;2022.<\/li>\n<\/ol>\n<p>Kone\u010dn\u00fd po\u010det v\u00fdherc\u016f se stanovuje na 5, p\u0159i\u010dem\u017e ka\u017ed\u00fd v\u00fdherce m\u00e1 n\u00e1rok pouze na jednu V\u00fdhru. V\u00fdhra je rozd\u011blena pr\u00e1v\u011b v\u00a0takov\u00e9m po\u0159ad\u00ed, v\u00a0jak\u00e9m budou vylosovan\u00e9 e-mailov\u00e9 adresy.<\/p>\n<p>4.2. Vyplacen\u00ed d\u00e1rkov\u00fdch poukaz\u016f, uveden\u00fdch v\u00a0bod\u011b 4.1.\u00a0v\u00a0pen\u011bz\u00edch nen\u00ed p\u0159\u00edpustn\u00e9.<\/p>\n<p>4.3. V\u00a0p\u0159\u00edpad\u011b, \u017ee se v\u00fdherce dle \u010dl\u00e1nku 3 t\u011bchto pravidel po\u00a0sd\u011blen\u00ed informace o\u00a0v\u00fdh\u0159e na e-mailovou adresu dle Dotazn\u00edku spokojenosti ve lh\u016ft\u011b 30 dn\u016f nep\u0159ihl\u00e1s\u00ed o\u00a0v\u00fdhru na elektronick\u00e9 nebo po\u0161tovn\u00ed adrese Po\u0159adatele, ztr\u00e1c\u00ed n\u00e1rok na jej\u00ed poskytnut\u00ed, a\u00a0to bez n\u00e1hrady.<\/p>\n<p>4.4. N\u00e1rok na v\u00fdhru nem\u016f\u017ee b\u00fdt postoupen a\u00a0za \u017e\u00e1dn\u00fdch okolnost\u00ed nem\u016f\u017ee p\u0159ej\u00edt na t\u0159et\u00ed osobu.<\/p>\n<h4><strong>5. Osobn\u00ed \u00fadaje<\/strong><\/h4>\n<p>5.1. Osobn\u00ed \u00fadaje z\u00e1jemc\u016f o&nbsp;sout\u011b\u017e budou shroma\u017e\u010fov\u00e1ny pouze pro \u00fa\u010dely sout\u011b\u017ee a&nbsp;po&nbsp;jej\u00edm skon\u010den\u00ed (tj.&nbsp;po&nbsp;p\u0159ed\u00e1n\u00ed ve\u0161ker\u00fdch v\u00fdher dle \u010dl. 4) budou smaz\u00e1ny. \u00dadaje z\u00edskan\u00e9 z&nbsp;Dotazn\u00edk\u016f spokojenosti, kter\u00e9 nejsou osobn\u00edmi \u00fadaji, budou ulo\u017eeny u&nbsp;Po\u0159adatele za \u00fa\u010delem jejich pou\u017eit\u00ed pro vlastn\u00ed pot\u0159eby Po\u0159adatele, zejm\u00e9na pr\u016fzkum trhu a&nbsp;zlep\u0161en\u00ed kvality slu\u017eeb.<\/p>\n<p>5.2. P\u0159edchoz\u00edm ustanoven\u00edm nejsou dot\u010dena ujedn\u00e1n\u00ed mezi Po\u0159adatelem a&nbsp;z\u00e1jemci nebo \u00fa\u010dastn\u00edky sout\u011b\u017ee t\u00fdkaj\u00edc\u00ed se zpracov\u00e1n\u00ed a&nbsp;uchov\u00e1v\u00e1n\u00ed osobn\u00edch \u00fadaj\u016f u\u010din\u011bn\u00e1 v&nbsp;r\u00e1mci uzav\u00edr\u00e1n\u00ed smluv \u010di&nbsp;jedn\u00e1n\u00ed o&nbsp;nich t\u00fdkaj\u00edc\u00edch se poskytov\u00e1n\u00ed slu\u017eeb Po\u0159adatele v&nbsp;r\u00e1mci jeho podnikatelsk\u00e9 \u010di&nbsp;obchodn\u00ed \u010dinnosti.<\/p>\n<h4><strong>6. V\u00fdhrada zm\u011bny Pravidel<\/strong><\/h4>\n<p>Po\u0159adatel sout\u011b\u017ee si vyhrazuje pr\u00e1vo tato Pravidla kdykoli a\u017e do doby kon\u00e1n\u00ed sout\u011b\u017ee m\u011bnit.<\/p>\n<p><a class=\"btn\" href=\"https:\/\/isweb.skrivanek.cz\/cs\/questionary.aspx?paramKod=rating-course-online2021&amp;Lang=cs-CZ\">Vyplnit dotazn\u00edk<\/a><\/p>\n","protected":false},"excerpt":{"rendered":"<p>1. Po\u0159adatel sout\u011b\u017ee 1.1. Po\u0159adatelem sout\u011b\u017ee je spole\u010dnost Sk\u0159iv\u00e1nek s.r.o., I\u010c 60715235, se s\u00eddlem Na Dolin\u00e1ch 153\/22, Podol\u00ed, 147&nbsp;00 Praha 4, zapsan\u00e1 v&nbsp;obchodn\u00edm rejst\u0159\u00edku veden\u00e9m M\u011bstsk\u00fdm soudem v&nbsp;Praze odd\u00edl C, vlo\u017eka 232789 (d\u00e1le jen \u201ePo\u0159adatel\u201c). 1.2. Pravidla sout\u011b\u017ee o&nbsp;d\u00e1rkov\u00e9 pouk\u00e1zky Tescoma\u00a0 (d\u00e1le jen \u201ePravidla\u201c) jsou k&nbsp;nahl\u00e9dnut\u00ed na webov\u00fdch str\u00e1nk\u00e1ch Po\u0159adatele www.skrivanek.cz\/spokojenost-pravidla-souteze a&nbsp;v&nbsp;m\u00edst\u011b s\u00eddla Po\u0159adatele. 2. [&hellip;]<\/p>\n","protected":false},"author":9,"featured_media":0,"parent":0,"menu_order":0,"comment_status":"closed","ping_status":"closed","template":"","meta":{"_acf_changed":false,"footnotes":""},"class_list":["post-5674","page","type-page","status-publish","hentry"],"acf":[],"aioseo_notices":[],"_links":{"self":[{"href":"https:\/\/skrivanek.cz\/cz\/wp-json\/wp\/v2\/pages\/5674","targetHints":{"allow":["GET"]}}],"collection":[{"href":"https:\/\/skrivanek.cz\/cz\/wp-json\/wp\/v2\/pages"}],"about":[{"href":"https:\/\/skrivanek.cz\/cz\/wp-json\/wp\/v2\/types\/page"}],"author":[{"embeddable":true,"href":"https:\/\/skrivanek.cz\/cz\/wp-json\/wp\/v2\/users\/9"}],"replies":[{"embeddable":true,"href":"https:\/\/skrivanek.cz\/cz\/wp-json\/wp\/v2\/comments?post=5674"}],"version-history":[{"count":3,"href":"https:\/\/skrivanek.cz\/cz\/wp-json\/wp\/v2\/pages\/5674\/revisions"}],"predecessor-version":[{"id":80359,"href":"https:\/\/skrivanek.cz\/cz\/wp-json\/wp\/v2\/pages\/5674\/revisions\/80359"}],"wp:attachment":[{"href":"https:\/\/skrivanek.cz\/cz\/wp-json\/wp\/v2\/media?parent=5674"}],"curies":[{"name":"wp","href":"https:\/\/api.w.org\/{rel}","templated":true}]}}