{"id":5709,"date":"2021-03-12T15:16:45","date_gmt":"2021-03-12T14:16:45","guid":{"rendered":"https:\/\/skrivanek.cz\/?page_id=5709"},"modified":"2026-03-24T13:59:51","modified_gmt":"2026-03-24T12:59:51","slug":"jazykove-urovne-dle-err","status":"publish","type":"page","link":"https:\/\/skrivanek.cz\/cz\/jazykove-urovne-dle-err\/","title":{"rendered":"Jazykov\u00e9 \u00farovn\u011b dle ERR"},"content":{"rendered":"<div id=\"pl-5709\"  class=\"panel-layout\" ><div id=\"pg-5709-0\"  class=\"panel-grid panel-has-style\"  style=\"margin-bottom: 0px\" ><div class=\"siteorigin-panels-stretch panel-row-padding-none panel-row-style panel-row-style-for-5709-0\" data-stretch-type=\"full\" ><div id=\"pgc-5709-0-0\"  class=\"panel-grid-cell\" ><div id=\"panel-5709-0-0-0\" class=\"so-panel widget widget_wpa9-card-l panel-first-child\" data-index=\"0\" ><div\n\t\t\t\n\t\t\tclass=\"so-widget-wpa9-card-l so-widget-wpa9-card-l-default-c93e1481a745-5709\"\n\t\t\t\n\t\t>\n\n<div class=\"wpa9-card wpa9-card-l-container d-flex flex-wrap wpa9-columns-2\">\n\n\t\n\t\t\n\t<div class=\"wpa9-card-l-panel wpa9-panel shadow rounded d-flex flex-column justify-content-between\">\n\n\t\t<div>\n\t\t\t\t\t\t\t<span class=\"wpa9-panel-icon icon\" style=\"display: none; background-image: url('https:\/\/skrivanek.cz\/wp-content\/uploads\/2021\/03\/ico-info.svg')\"><\/span>\n\t\t\t<span class=\"wpa9-panel-icon icon\" style=\"mask-image: url(https:\/\/skrivanek.cz\/wp-content\/uploads\/2021\/03\/ico-info.svg); -webkit-mask-image: url(https:\/\/skrivanek.cz\/wp-content\/uploads\/2021\/03\/ico-info.svg);\"><\/span>\n\t\t\n\t\t\t\t\t\t\t\t<h2 class=\"wpa9-panel-title\">Jazykov\u00e1 \u00farove\u0148 A1<\/h2>\n\t\t\n\t\t\t\t\t\t\t<div class=\"wpa9-panel-content\"><ul>\n<li>Rozum\u00ed \u010dasto u\u017e\u00edvan\u00fdm ka\u017edodenn\u00edm v\u00fdraz\u016fm a&nbsp;z\u00e1kladn\u00edm fr\u00e1z\u00edm umo\u017e\u0148uj\u00edc\u00ed uspokojovat z\u00e1kladn\u00ed \u017eivotn\u00ed pot\u0159eby a\u00a0um\u00ed takov\u00e9 v\u00fdrazy a&nbsp;fr\u00e1ze\u00a0pou\u017e\u00edvat.<\/li>\n<li>Um\u00ed p\u0159edstavit sebe a&nbsp;jin\u00e9, um\u00ed se pt\u00e1t na osobn\u00ed \u00fadaje, jako nap\u0159\u00edklad kde n\u011bkdo \u017eije, koho zn\u00e1 a&nbsp;co vlastn\u00ed, a&nbsp;um\u00ed na podobn\u00e9 ot\u00e1zky\u00a0odpov\u00eddat.<\/li>\n<li>Dok\u00e1\u017ee se jednodu\u0161e domluvit, pokud \u010dlov\u011bk, se kter\u00fdm mluv\u00ed, hovo\u0159\u00ed pomalu a&nbsp;z\u0159eteln\u011b a&nbsp;je ochoten\u00a0pomoci.<\/li>\n<li>Jazykov\u00e1 \u00farove\u0148 Sk\u0159iv\u00e1nek:\u00a0<strong>\u00fapln\u00fd za\u010d\u00e1te\u010dn\u00edk<\/strong>.<\/li>\n<\/ul>\n<\/div>\n\t\t\t\t<\/div>\n\n\t\t\n\t<\/div>\n\n\t\t\n\t<div class=\"wpa9-card-l-panel wpa9-panel shadow rounded d-flex flex-column justify-content-between\">\n\n\t\t<div>\n\t\t\t\t\t\t\t<span class=\"wpa9-panel-icon icon\" style=\"display: none; background-image: url('https:\/\/skrivanek.cz\/wp-content\/uploads\/2021\/03\/ico-info.svg')\"><\/span>\n\t\t\t<span class=\"wpa9-panel-icon icon\" style=\"mask-image: url(https:\/\/skrivanek.cz\/wp-content\/uploads\/2021\/03\/ico-info.svg); -webkit-mask-image: url(https:\/\/skrivanek.cz\/wp-content\/uploads\/2021\/03\/ico-info.svg);\"><\/span>\n\t\t\n\t\t\t\t\t\t\t\t<h2 class=\"wpa9-panel-title\">Jazykov\u00e1 \u00farove\u0148 A2<\/h2>\n\t\t\n\t\t\t\t\t\t\t<div class=\"wpa9-panel-content\"><ul>\n<li>Rozum\u00ed v\u011bt\u00e1m a&nbsp;\u010dasto u\u017e\u00edvan\u00fdm v\u00fdraz\u016fm t\u00fdkaj\u00edc\u00edm se ka\u017edodenn\u00edho \u017eivota (nap\u0159\u00edklad z\u00e1kladn\u00ed osobn\u00ed \u00fadaje a&nbsp;informace o\u00a0rodin\u011b, nakupov\u00e1n\u00ed, m\u00edsto, kde \u017eije,\u00a0zam\u011bstn\u00e1n\u00ed).<\/li>\n<li>Dok\u00e1\u017ee komunikovat v\u00a0jednoduch\u00fdch, \u010dasto se opakuj\u00edc\u00edch situac\u00edch, kter\u00e9 vy\u017eaduj\u00ed jednoduchou, p\u0159\u00edmou v\u00fdm\u011bnu informac\u00ed o&nbsp;d\u016fv\u011brn\u011b zn\u00e1m\u00fdch, \u010dasto se opakuj\u00edc\u00edch\u00a0z\u00e1le\u017eitostech.<\/li>\n<li>Jednoduch\u00fdm zp\u016fsobem um\u00ed popsat sv\u00e9 vzd\u011bl\u00e1n\u00ed, sv\u00e9 nejbli\u017e\u0161\u00ed okol\u00ed a&nbsp;v\u011bci t\u00fdkaj\u00edc\u00ed se bezprost\u0159edn\u00edch\u00a0pot\u0159eb.<\/li>\n<li>Jazykov\u00e1 \u00farove\u0148 Sk\u0159iv\u00e1nek:\u00a0<strong>za\u010d\u00e1te\u010dn\u00edk<\/strong>.<\/li>\n<\/ul>\n<\/div>\n\t\t\t\t<\/div>\n\n\t\t\n\t<\/div>\n\n\t\t\n\t<div class=\"wpa9-card-l-panel wpa9-panel shadow rounded d-flex flex-column justify-content-between\">\n\n\t\t<div>\n\t\t\t\t\t\t\t<span class=\"wpa9-panel-icon icon\" style=\"display: none; background-image: url('https:\/\/skrivanek.cz\/wp-content\/uploads\/2021\/03\/ico-info.svg')\"><\/span>\n\t\t\t<span class=\"wpa9-panel-icon icon\" style=\"mask-image: url(https:\/\/skrivanek.cz\/wp-content\/uploads\/2021\/03\/ico-info.svg); -webkit-mask-image: url(https:\/\/skrivanek.cz\/wp-content\/uploads\/2021\/03\/ico-info.svg);\"><\/span>\n\t\t\n\t\t\t\t\t\t\t\t<h2 class=\"wpa9-panel-title\">Jazykov\u00e1 \u00farove\u0148 B1<\/h2>\n\t\t\n\t\t\t\t\t\t\t<div class=\"wpa9-panel-content\"><ul>\n<li>V\u00a0hlavn\u00edch rysech rozum\u00ed informac\u00edm o&nbsp;d\u016fv\u011brn\u011b zn\u00e1m\u00fdch v\u011bcech, se kter\u00fdmi se pravideln\u011b setk\u00e1v\u00e1 v\u00a0pr\u00e1ci, ve \u0161kole, ve voln\u00e9m \u010dase apod., pokud jsou vyj\u00e1d\u0159eny z\u0159eteln\u00fdm standardn\u00edm\u00a0zp\u016fsobem.<\/li>\n<li>Um\u00ed se vypo\u0159\u00e1dat s&nbsp;v\u011bt\u0161inou situac\u00ed, kter\u00e9 mohou nastat p\u0159i&nbsp;cestov\u00e1n\u00ed na \u00fazem\u00ed, kde se dan\u00fdm jazykem hovo\u0159\u00ed. Um\u00ed vytvo\u0159it jednoduch\u00fd souvisl\u00fd text o\u00a0t\u00e9matech, kter\u00e1 dob\u0159e zn\u00e1 nebo kter\u00e1 ho osobn\u011b\u00a0zaj\u00edmaj\u00ed.<\/li>\n<li>Dok\u00e1\u017ee popsat z\u00e1\u017eitky a&nbsp;ud\u00e1losti, sny, nad\u011bje a&nbsp;touhy a\u00a0stru\u010dn\u011b zd\u016fvodnit a&nbsp;vysv\u011btlit sv\u00e9 n\u00e1zory a\u00a0pl\u00e1ny.<\/li>\n<li>Jazykov\u00e1 \u00farove\u0148 Sk\u0159iv\u00e1nek:\u00a0<strong>m\u00edrn\u011b pokro\u010dil\u00fd<\/strong>.<\/li>\n<\/ul>\n<\/div>\n\t\t\t\t<\/div>\n\n\t\t\n\t<\/div>\n\n\t\t\n\t<div class=\"wpa9-card-l-panel wpa9-panel shadow rounded d-flex flex-column justify-content-between\">\n\n\t\t<div>\n\t\t\t\t\t\t\t<span class=\"wpa9-panel-icon icon\" style=\"display: none; background-image: url('https:\/\/skrivanek.cz\/wp-content\/uploads\/2021\/03\/ico-info.svg')\"><\/span>\n\t\t\t<span class=\"wpa9-panel-icon icon\" style=\"mask-image: url(https:\/\/skrivanek.cz\/wp-content\/uploads\/2021\/03\/ico-info.svg); -webkit-mask-image: url(https:\/\/skrivanek.cz\/wp-content\/uploads\/2021\/03\/ico-info.svg);\"><\/span>\n\t\t\n\t\t\t\t\t\t\t\t<h2 class=\"wpa9-panel-title\">Jazykov\u00e1 \u00farove\u0148 B2<\/h2>\n\t\t\n\t\t\t\t\t\t\t<div class=\"wpa9-panel-content\"><ul>\n<li>Rozum\u00ed hlavn\u00edm my\u0161lenk\u00e1m slo\u017eit\u00fdch text\u016f jak s\u00a0konkr\u00e9tn\u00edmi, tak abstraktn\u00edmi n\u00e1m\u011bty, v\u010detn\u011b odborn\u00e9 diskuse o&nbsp;oboru sv\u00e9\u00a0specializace.<\/li>\n<li>Dok\u00e1\u017ee se dorozum\u011bt tak plynule a&nbsp;spont\u00e1nn\u011b, \u017ee m\u016f\u017ee uspokojiv\u011b v\u00e9st b\u011b\u017en\u00fd dialog s\u00a0rodil\u00fdmi mluv\u010d\u00edmi bez v\u011bt\u0161\u00edho \u00fasil\u00ed na obou\u00a0stran\u00e1ch.<\/li>\n<li>Um\u00ed sestavit jasn\u00fd podrobn\u00fd text o&nbsp;\u0161irok\u00e9m okruhu t\u00e9mat, vysv\u011btlit stanovisko k\u00a0aktu\u00e1ln\u00edm probl\u00e9m\u016fm a&nbsp;uv\u00e9st v\u00fdhody a&nbsp;nev\u00fdhody r\u016fzn\u00fdch\u00a0mo\u017enost\u00ed.<\/li>\n<li>Jazykov\u00e1 \u00farove\u0148 Sk\u0159iv\u00e1nek:\u00a0<strong>st\u0159edn\u011b\u00a0pokro\u010dil\u00fd<\/strong>.<\/li>\n<\/ul>\n<\/div>\n\t\t\t\t<\/div>\n\n\t\t\n\t<\/div>\n\n\t\t\n\t<div class=\"wpa9-card-l-panel wpa9-panel shadow rounded d-flex flex-column justify-content-between\">\n\n\t\t<div>\n\t\t\t\t\t\t\t<span class=\"wpa9-panel-icon icon\" style=\"display: none; background-image: url('https:\/\/skrivanek.cz\/wp-content\/uploads\/2021\/03\/ico-info.svg')\"><\/span>\n\t\t\t<span class=\"wpa9-panel-icon icon\" style=\"mask-image: url(https:\/\/skrivanek.cz\/wp-content\/uploads\/2021\/03\/ico-info.svg); -webkit-mask-image: url(https:\/\/skrivanek.cz\/wp-content\/uploads\/2021\/03\/ico-info.svg);\"><\/span>\n\t\t\n\t\t\t\t\t\t\t\t<h2 class=\"wpa9-panel-title\">Jazykov\u00e1 \u00farove\u0148 C1<\/h2>\n\t\t\n\t\t\t\t\t\t\t<div class=\"wpa9-panel-content\"><ul>\n<li>Rozum\u00ed \u0161irok\u00e9mu okruhu n\u00e1ro\u010dn\u00fdch del\u0161\u00edch text\u016f a&nbsp;dok\u00e1\u017ee rozpoznat skryt\u00fd\u00a0v\u00fdznam.<\/li>\n<li>Um\u00ed se vyjad\u0159ovat plynule a\u00a0spont\u00e1nn\u011b, bez p\u0159\u00edli\u0161 zjevn\u00e9ho hled\u00e1n\u00ed\u00a0v\u00fdraz\u016f.<\/li>\n<li>Dok\u00e1\u017ee pou\u017e\u00edvat jazyk pru\u017en\u011b a&nbsp;\u00fa\u010dinn\u011b pro spole\u010densk\u00e9, studijn\u00ed a&nbsp;pracovn\u00ed\u00a0\u00fa\u010dely.<\/li>\n<li>Um\u00ed vytvo\u0159it jasn\u00fd, dob\u0159e \u010dlen\u011bn\u00fd podrobn\u00fd text o&nbsp;slo\u017eit\u00fdch t\u00e9matech, prok\u00e1zat uv\u011bdom\u011bl\u00e9 u\u017eit\u00ed z\u00e1sad stavby textu, spojovac\u00edch v\u00fdraz\u016f a&nbsp;prost\u0159edk\u016f vyjad\u0159uj\u00edc\u00edch vazby\u00a0v\u00a0textu.<\/li>\n<li>Jazykov\u00e1 \u00farove\u0148 Sk\u0159iv\u00e1nek:\u00a0<strong>velmi\u00a0pokro\u010dil\u00fd<\/strong>.<\/li>\n<\/ul>\n<\/div>\n\t\t\t\t<\/div>\n\n\t\t\n\t<\/div>\n\n\t\t\n\t<div class=\"wpa9-card-l-panel wpa9-panel shadow rounded d-flex flex-column justify-content-between\">\n\n\t\t<div>\n\t\t\t\t\t\t\t<span class=\"wpa9-panel-icon icon\" style=\"display: none; background-image: url('https:\/\/skrivanek.cz\/wp-content\/uploads\/2021\/03\/ico-info.svg')\"><\/span>\n\t\t\t<span class=\"wpa9-panel-icon icon\" style=\"mask-image: url(https:\/\/skrivanek.cz\/wp-content\/uploads\/2021\/03\/ico-info.svg); -webkit-mask-image: url(https:\/\/skrivanek.cz\/wp-content\/uploads\/2021\/03\/ico-info.svg);\"><\/span>\n\t\t\n\t\t\t\t\t\t\t\t<h2 class=\"wpa9-panel-title\">Jazykov\u00e1 \u00farove\u0148 C2<\/h2>\n\t\t\n\t\t\t\t\t\t\t<div class=\"wpa9-panel-content\"><ul>\n<li>Snadno rozum\u00ed prakticky v\u0161emu, co sly\u0161\u00ed nebo\u00a0\u010dte.<\/li>\n<li>Dok\u00e1\u017ee shrnout informace z\u00a0r\u016fzn\u00fdch mluven\u00fdch a&nbsp;psan\u00fdch zdroj\u016f, rekonstruovat argumenty a&nbsp;vysv\u011btlen\u00ed a&nbsp;souvisle je\u00a0prezentovat.<\/li>\n<li>Um\u00ed se vyjad\u0159ovat spont\u00e1nn\u011b, velice plynule a&nbsp;p\u0159esn\u011b, p\u0159i\u010dem\u017e rozli\u0161uje jemn\u011bj\u0161\u00ed v\u00fdznamov\u00e9 odst\u00edny i&nbsp;ve slo\u017eit\u011bj\u0161\u00edch\u00a0situac\u00edch.<\/li>\n<li>Jazykov\u00e1 \u00farove\u0148 Sk\u0159iv\u00e1nek:\u00a0<strong>expert<\/strong>.<\/li>\n<\/ul>\n<\/div>\n\t\t\t\t<\/div>\n\n\t\t\n\t<\/div>\n\n\t\t\n\t\n<\/div>\n<\/div><\/div><div id=\"panel-5709-0-0-1\" class=\"widget_text so-panel widget widget_custom_html panel-last-child\" data-index=\"1\" ><div class=\"textwidget custom-html-widget\"><div class=\"has-text-align-center\" style=\"text-align: center;\">\n<h4><a href=\"https:\/\/skrivanek.cz\/wp-content\/uploads\/2021\/03\/jazykoveurovnedleerrsudajemopoctuvyucovanychhodin.pdf\">Hodinov\u00e1 dotace jazykov\u00fdch zkou\u0161ek<\/a><\/h4>\n\t\n<\/div><\/div><\/div><\/div><\/div><\/div><div id=\"pg-5709-1\"  class=\"panel-grid panel-has-style\"  style=\"margin-bottom: 0px\" ><div class=\"siteorigin-panels-stretch panel-row-padding-none panel-row-style panel-row-style-for-5709-1\" data-stretch-type=\"full\" ><div id=\"pgc-5709-1-0\"  class=\"panel-grid-cell\" ><div id=\"panel-5709-1-0-0\" class=\"so-panel widget widget_wpa9-editor-ext panel-first-child\" data-index=\"2\" ><div\n\t\t\t\n\t\t\tclass=\"so-widget-wpa9-editor-ext so-widget-wpa9-editor-ext-default-c93e1481a745-5709\"\n\t\t\t\n\t\t>\n<div class=\"siteorigin-widget-tinymce textwidget\">\n\t<h2 class=\"decorated-heading\" style=\"text-align: center;\"><span class=\"innerText\" style=\"color: #4e172e;\">Chcete zjistit svou jazykovou\u00a0\u00farove\u0148 angli\u010dtiny, n\u011bm\u010diny nebo ru\u0161tiny?<\/span><\/h2>\n<p style=\"text-align: center;\"><span style=\"color: #4e172e;\">Ov\u011b\u0159te si sv\u00e9 znalosti online\u00a0testem.<\/span><\/p>\n<\/div>\n<\/div><\/div><div id=\"panel-5709-1-0-1\" class=\"so-panel widget widget_wpa9-buttons-group panel-last-child\" data-index=\"3\" ><div\n\t\t\t\n\t\t\tclass=\"so-widget-wpa9-buttons-group so-widget-wpa9-buttons-group-default-7f91da832e02-5709\"\n\t\t\t\n\t\t>\n\n<div class=\"wpa9-buttons-group-wrapper\">\n\n\t<div class=\"wpa9-buttons-group d-flex flex-wrap justify-content-center\">\n\n\t\n\t\t\n\t\t<a class=\"wpa9-buttons-group-button btn btn-size-m btn-negative d-flex flex-row justify-content-center \" href=\"https:\/\/testy.skrivanek.cz\/\" id=\"wpa9-buttons-group-panel-chci-test\" title=\"Chci test\"><span class=\"align-self-center\">Chci test<\/span><\/a>\n\n\t\n\t<\/div>\n\n<\/div>\n<\/div><\/div><\/div><\/div><\/div><div id=\"pg-5709-2\"  class=\"panel-grid panel-has-style\" ><div class=\"siteorigin-panels-stretch panel-row-padding-none panel-row-style panel-row-style-for-5709-2\" data-stretch-type=\"full\" ><div id=\"pgc-5709-2-0\"  class=\"panel-grid-cell\" ><div id=\"panel-5709-2-0-0\" class=\"so-panel widget widget_wpa9-card-s panel-first-child panel-last-child\" data-index=\"4\" ><div\n\t\t\t\n\t\t\tclass=\"so-widget-wpa9-card-s so-widget-wpa9-card-s-default-c93e1481a745-5709\"\n\t\t\t\n\t\t><div class=\"wpa9-card wpa9-card-s wide negative\">\n\n\t<div class=\"wpa9-card-wrapper container\">\n\n\t\t<div class=\"wpa9-card-text\">\n\t\t\t<h2 class=\"wpa9-card-title\">Jsme tu pro v\u00e1s<\/h2>\n\t\t\t<div class=\"wpa9-card-content\"><p style=\"text-align: center\">Kontaktujte n\u00e1s a\u00a0vybereme pro v\u00e1s ten spr\u00e1vn\u00fd kurz.<\/p>\n<\/div>\t\t<\/div>\n\n\t\t\t\t<div class=\"meta meta-buttons d-flex flex-row justify-content-center\">\n\t\t\t\t\t\t\t<a class=\"btn btn-negative show-inquiry-form\" href=\"https:\/\/skrivanek.cz\/cz\/poptavka\/\" title=\"Zaslat popt\u00e1vku\">Zaslat popt\u00e1vku<\/a>\n\t\t\t\t<\/div>\n\t\t\n\t<\/div>\n\n<\/div>\n<\/div><\/div><\/div><\/div><\/div><\/div>","protected":false},"excerpt":{"rendered":"<p>Jazykov\u00e1 \u00farove\u0148 A1 Rozum\u00ed \u010dasto u\u017e\u00edvan\u00fdm ka\u017edodenn\u00edm v\u00fdraz\u016fm a&nbsp;z\u00e1kladn\u00edm fr\u00e1z\u00edm umo\u017e\u0148uj\u00edc\u00ed uspokojovat z\u00e1kladn\u00ed \u017eivotn\u00ed pot\u0159eby a\u00a0um\u00ed takov\u00e9 v\u00fdrazy a&nbsp;fr\u00e1ze\u00a0pou\u017e\u00edvat. Um\u00ed p\u0159edstavit sebe a&nbsp;jin\u00e9, um\u00ed se pt\u00e1t na osobn\u00ed \u00fadaje, jako nap\u0159\u00edklad kde n\u011bkdo \u017eije, koho zn\u00e1 a&nbsp;co vlastn\u00ed, a&nbsp;um\u00ed na podobn\u00e9 ot\u00e1zky\u00a0odpov\u00eddat. Dok\u00e1\u017ee se jednodu\u0161e domluvit, pokud \u010dlov\u011bk, se kter\u00fdm mluv\u00ed, hovo\u0159\u00ed pomalu a&nbsp;z\u0159eteln\u011b a&nbsp;je [&hellip;]<\/p>\n","protected":false},"author":9,"featured_media":0,"parent":0,"menu_order":0,"comment_status":"closed","ping_status":"closed","template":"","meta":{"_acf_changed":false,"footnotes":""},"class_list":["post-5709","page","type-page","status-publish","hentry"],"acf":[],"aioseo_notices":[],"_links":{"self":[{"href":"https:\/\/skrivanek.cz\/cz\/wp-json\/wp\/v2\/pages\/5709","targetHints":{"allow":["GET"]}}],"collection":[{"href":"https:\/\/skrivanek.cz\/cz\/wp-json\/wp\/v2\/pages"}],"about":[{"href":"https:\/\/skrivanek.cz\/cz\/wp-json\/wp\/v2\/types\/page"}],"author":[{"embeddable":true,"href":"https:\/\/skrivanek.cz\/cz\/wp-json\/wp\/v2\/users\/9"}],"replies":[{"embeddable":true,"href":"https:\/\/skrivanek.cz\/cz\/wp-json\/wp\/v2\/comments?post=5709"}],"version-history":[{"count":4,"href":"https:\/\/skrivanek.cz\/cz\/wp-json\/wp\/v2\/pages\/5709\/revisions"}],"predecessor-version":[{"id":80278,"href":"https:\/\/skrivanek.cz\/cz\/wp-json\/wp\/v2\/pages\/5709\/revisions\/80278"}],"wp:attachment":[{"href":"https:\/\/skrivanek.cz\/cz\/wp-json\/wp\/v2\/media?parent=5709"}],"curies":[{"name":"wp","href":"https:\/\/api.w.org\/{rel}","templated":true}]}}