{"id":60219,"date":"2023-07-04T11:39:30","date_gmt":"2023-07-04T09:39:30","guid":{"rendered":"https:\/\/skrivanek.cz\/?page_id=60219"},"modified":"2026-03-24T21:13:24","modified_gmt":"2026-03-24T20:13:24","slug":"jazyky","status":"publish","type":"page","link":"https:\/\/skrivanek.cz\/cz\/tlumoceni\/jazyky\/","title":{"rendered":"Tlumo\u010den\u00e9 jazyky"},"content":{"rendered":"<div id=\"pl-60219\"  class=\"panel-layout\" ><div id=\"pg-60219-0\"  class=\"panel-grid panel-has-style\"  style=\"margin-bottom: 0px\" ><div class=\"siteorigin-panels-stretch panel-row-padding-none panel-row-style panel-row-style-for-60219-0\" data-stretch-type=\"full\" ><div id=\"pgc-60219-0-0\"  class=\"panel-grid-cell\" ><div id=\"panel-60219-0-0-0\" class=\"so-panel widget widget_wpa9-editor-ext panel-first-child panel-last-child\" data-index=\"0\" ><div\n\t\t\t\n\t\t\tclass=\"so-widget-wpa9-editor-ext so-widget-wpa9-editor-ext-default-c93e1481a745-60219\"\n\t\t\t\n\t\t>\n<div class=\"siteorigin-widget-tinymce textwidget\">\n\t<h3 style=\"text-align: center;\">Nej\u010dast\u011bji tlumo\u010d\u00edme tyto jazyky<\/h3>\n<p style=\"text-align: center;\"><a class=\"btn btn-negative\" href=\"https:\/\/skrivanek.cz\/cz\/tlumoceni\/tlumoceni-anglictina\/\">angli\u010dtina<\/a> <a class=\"btn btn-negative\" href=\"https:\/\/skrivanek.cz\/cz\/tlumoceni\/tlumoceni-francouzstina\/\">francouz\u0161tina<\/a> <a class=\"btn btn-negative\" href=\"https:\/\/skrivanek.cz\/cz\/tlumoceni\/tlumoceni-nemcina\/\">n\u011bm\u010dina<\/a><\/p>\n<p style=\"text-align: center;\"><a class=\"btn btn-negative\" href=\"https:\/\/skrivanek.cz\/cz\/tlumoceni\/tlumoceni-rustina\/\">ru\u0161tina<\/a> <a class=\"btn btn-negative\" href=\"https:\/\/skrivanek.cz\/cz\/tlumoceni\/tlumoceni-spanelstina\/\">\u0161pan\u011bl\u0161tina<\/a><\/p><\/div>\n<\/div><\/div><\/div><\/div><\/div><div id=\"pg-60219-1\"  class=\"panel-grid panel-no-style\"  style=\"margin-bottom: 0px\" ><div id=\"pgc-60219-1-0\"  class=\"panel-grid-cell\" ><div id=\"panel-60219-1-0-0\" class=\"so-panel widget widget_wpa9-editor-ext panel-first-child panel-last-child\" data-index=\"1\" ><div\n\t\t\t\n\t\t\tclass=\"so-widget-wpa9-editor-ext so-widget-wpa9-editor-ext-default-c93e1481a745-60219\"\n\t\t\t\n\t\t>\n<div class=\"siteorigin-widget-tinymce textwidget\">\n\t<h3 style=\"text-align: center;\">Dal\u0161\u00ed jazyky do\/z kter\u00fdch tlumo\u010d\u00edme<\/h3>\n<p>&nbsp;<\/p>\n<div class=\"columns columns-3\" data-columns=\"3\">\n<div class=\"column column-1\">\n<p style=\"text-align: center;\">arab\u0161tina<\/p>\n<p style=\"text-align: center;\">bulhar\u0161tina<\/p>\n<p style=\"text-align: center;\"><a href=\"https:\/\/skrivanek.cz\/cz\/tlumoceni\/tlumoceni-cinstina\/\">\u010d\u00edn\u0161tina<\/a><\/p>\n<p style=\"text-align: center;\">d\u00e1n\u0161tina<\/p>\n<p style=\"text-align: center;\">fin\u0161tina<\/p>\n<p style=\"text-align: center;\">hebrej\u0161tina<\/p>\n<p style=\"text-align: center;\">holand\u0161tina<\/p>\n<\/div>\n<div class=\"column column-2\">\n<p style=\"text-align: center;\">chorvat\u0161tina<\/p>\n<p style=\"text-align: center;\"><a href=\"https:\/\/skrivanek.cz\/cz\/tlumoceni\/tlumoceni-italstina\/\">ital\u0161tina<\/a><\/p>\n<p style=\"text-align: center;\">japon\u0161tina<\/p>\n<p style=\"text-align: center;\">korej\u0161tina<\/p>\n<p style=\"text-align: center;\"><a href=\"https:\/\/skrivanek.cz\/cz\/tlumoceni\/tlumoceni-madarstina\/\">ma\u010far\u0161tina<\/a><\/p>\n<p style=\"text-align: center;\">nor\u0161tina<\/p>\n<p style=\"text-align: center;\"><a href=\"https:\/\/skrivanek.cz\/cz\/tlumoceni\/tlumoceni-polstina\/\">pol\u0161tina<\/a><\/p>\n<\/div>\n<div class=\"column column-3\">\n<p style=\"text-align: center;\">portugal\u0161tina<\/p>\n<p style=\"text-align: center;\">\u0159e\u010dtina<\/p>\n<p style=\"text-align: center;\">sloven\u0161tina<\/p>\n<p style=\"text-align: center;\">\u0161v\u00e9d\u0161tina<\/p>\n<p style=\"text-align: center;\">ture\u010dtina<\/p>\n<p style=\"text-align: center;\"><a href=\"https:\/\/skrivanek.cz\/cz\/tlumoceni\/tlumoceni-ukrajinstina\/\">ukrajin\u0161tina<\/a><\/p>\n<p style=\"text-align: center;\">vietnam\u0161tina<\/p>\n<\/div>\n<\/div>\n<p>&nbsp;<\/p>\n<p style=\"text-align: center;\">Nena\u0161li jste jazyk, kter\u00fd pot\u0159ebujete? Nezoufejte, tento v\u00fd\u010det jazyk\u016f nen\u00ed kone\u010dn\u00fd! Tlumo\u010d\u00edme z&nbsp;i&nbsp;do m\u00e9n\u011b obvykl\u00fdch jazyk\u016f. <a href=\"https:\/\/skrivanek.cz\/cz\/kontaktni-formular\/\">Kontaktujte n\u00e1s<\/a> a&nbsp;my se o&nbsp;tlumo\u010den\u00ed postar\u00e1me.<\/p>\n<\/div>\n<\/div><\/div><\/div><\/div><div id=\"pg-60219-2\"  class=\"panel-grid panel-has-style\"  style=\"margin-bottom: 0px\" ><div class=\"panel-row-padding-none panel-row-style panel-row-style-for-60219-2\" ><div id=\"pgc-60219-2-0\"  class=\"panel-grid-cell\" ><div id=\"panel-60219-2-0-0\" class=\"so-panel widget widget_wpa9-steps panel-first-child panel-last-child\" data-index=\"2\" ><div\n\t\t\t\n\t\t\tclass=\"so-widget-wpa9-steps so-widget-wpa9-steps-default-c93e1481a745-60219\"\n\t\t\t\n\t\t><h3 class=\"widget-title\">Tlumo\u010den\u00ed na nejvy\u0161\u0161\u00ed \u00farovni<\/h3><div class=\"wpa9-steps\">\n\t<div class=\"wpa9-steps-togglers d-flex flex-wrap justify-content-center\" data-wpa9-interval=\"7000\">\n\t\t\t\n\t\t<div class=\"wpa9-steps-toggler-wrapper wpa9-steps-active\" id=\"wpa9-steps-toggler-panel-0\">\n\t\t\t<div class=\"wpa9-steps-toggler f-headlines d-flex align-items-center justify-content-center\" data-content=\"panel-0\" role=\"button\">\n\t\t\t\t\t\t\t\t<span class=\"wpa9-step-title\">Komplexn\u00ed servis<\/span>\n\t\t\t\t\t\t\t<\/div>\n\t\t\t<div class=\"wpa9-steps-decoration\"><\/div>\n\t\t<\/div>\n\t\t<div class=\"wpa9-steps-content wpa9-steps-active\" role=\"region\" id=\"wpa9-steps-content-panel-0\">\n\t\t\t<p>P\u0159etlumo\u010d\u00edme konferenci, obchodn\u00ed jedn\u00e1n\u00ed i\u00a0svatebn\u00ed ob\u0159ad. Cokoliv pot\u0159ebujete.\u00a0<a href=\"https:\/\/skrivanek.cz\/cz\/tlumoceni\/distancni-tlumoceni\/\">Tlumo\u010d\u00edme online i\u00a0po\u00a0telefonu<\/a>\u00a0a\u00a0pronaj\u00edm\u00e1me tak\u00e9 tlumo\u010dnickou techniku.\u00a0<strong>Spole\u010dnost Sk\u0159iv\u00e1nek je tu pro v\u00e1s kdykoliv a\u00a0kdekoliv pot\u0159ebujete.<\/strong><\/p>\n\t\t<\/div>\n\t\t<div class=\"wpa9-steps-hyphen hyphen-visible\"><\/div>\t\t\t\n\t\t<div class=\"wpa9-steps-toggler-wrapper\" id=\"wpa9-steps-toggler-panel-1\">\n\t\t\t<div class=\"wpa9-steps-toggler f-headlines d-flex align-items-center justify-content-center\" data-content=\"panel-1\" role=\"button\">\n\t\t\t\t\t\t\t\t<span class=\"wpa9-step-title\">Vysok\u00e1 kvalita tlumo\u010den\u00ed<\/span>\n\t\t\t\t\t\t\t<\/div>\n\t\t\t<div class=\"wpa9-steps-decoration\"><\/div>\n\t\t<\/div>\n\t\t<div class=\"wpa9-steps-content\" role=\"region\" id=\"wpa9-steps-content-panel-1\">\n\t\t\t<p>Db\u00e1me na p\u0159\u00edsn\u00e1 pravidla p\u0159i\u00a0v\u00fdb\u011bru tlumo\u010dn\u00edk\u016f angli\u010dtiny.\u00a0<strong>Na\u0161i tlumo\u010dn\u00edci jsou profesion\u00e1lov\u00e9 a\u00a0\u0161pi\u010dky ve sv\u00e9m oboru.<\/strong><\/p>\n\t\t<\/div>\n\t\t<div class=\"wpa9-steps-hyphen hyphen-visible\"><\/div>\t\t\t\n\t\t<div class=\"wpa9-steps-toggler-wrapper\" id=\"wpa9-steps-toggler-panel-2\">\n\t\t\t<div class=\"wpa9-steps-toggler f-headlines d-flex align-items-center justify-content-center\" data-content=\"panel-2\" role=\"button\">\n\t\t\t\t\t\t\t\t<span class=\"wpa9-step-title\">10 obor\u016f, 96 specializac\u00ed<\/span>\n\t\t\t\t\t\t\t<\/div>\n\t\t\t<div class=\"wpa9-steps-decoration\"><\/div>\n\t\t<\/div>\n\t\t<div class=\"wpa9-steps-content\" role=\"region\" id=\"wpa9-steps-content-panel-2\">\n\t\t\t<p>A\u0165 u\u017e p\u016fsob\u00edte ve stroj\u00edrenstv\u00ed, advokacii, automobilov\u00e9m pr\u016fmyslu, medic\u00edn\u011b, stavebnictv\u00ed, bankovnictv\u00ed, nebo marketingu, v\u017edy v\u00e1m pomohou\u00a0<strong>na\u0161e odborn\u00e9 znalosti, zku\u0161enosti a\u00a0osv\u011bd\u010den\u00e1 \u0159e\u0161en\u00ed<\/strong>.<\/p>\n\t\t<\/div>\n\t\t<div class=\"wpa9-steps-hyphen hyphen-visible\"><\/div>\t\t\t\n\t\t<div class=\"wpa9-steps-toggler-wrapper\" id=\"wpa9-steps-toggler-panel-3\">\n\t\t\t<div class=\"wpa9-steps-toggler f-headlines d-flex align-items-center justify-content-center\" data-content=\"panel-3\" role=\"button\">\n\t\t\t\t\t\t\t\t<span class=\"wpa9-step-title\">R\u016fzn\u00e9 druhy tlumo\u010den\u00ed<\/span>\n\t\t\t\t\t\t\t<\/div>\n\t\t\t<div class=\"wpa9-steps-decoration\"><\/div>\n\t\t<\/div>\n\t\t<div class=\"wpa9-steps-content\" role=\"region\" id=\"wpa9-steps-content-panel-3\">\n\t\t\t<p>Najdeme v\u00e1m vhodn\u00e9ho tlumo\u010dn\u00edka na konferenci, obchodn\u00ed sch\u016fzku nebo jin\u00e9 ud\u00e1losti, kter\u00fdch se \u00fa\u010dastn\u00edte. Zaji\u0161\u0165ujeme <a href=\"https:\/\/skrivanek.cz\/cz\/tlumoceni\/tlumoceni-obchodni-schuzky\/\">konsekutivn\u00ed<\/a>, <a href=\"https:\/\/skrivanek.cz\/cz\/tlumoceni\/tlumoceni-na-konferenci\/\">simult\u00e1nn\u00ed<\/a>, <a href=\"https:\/\/skrivanek.cz\/cz\/tlumoceni\/soudni-tlumoceni\/\">soudn\u00ed<\/a> i&nbsp;<a href=\"https:\/\/skrivanek.cz\/cz\/tlumoceni\/distancni-tlumoceni\/\">distan\u010dn\u00ed tlumo\u010den\u00ed<\/a>.<\/p>\n\t\t<\/div>\n\t\t\t\t<\/div>\n\t<div class=\"wpa9-steps-contents-wrapper\">\n\t\t\t\t\t<div class=\"wpa9-steps-content _step_4_1 wpa9-steps-active\" role=\"region\" id=\"wpa9-steps-content-panel-0\">\n\t\t\t<p>P\u0159etlumo\u010d\u00edme konferenci, obchodn\u00ed jedn\u00e1n\u00ed i\u00a0svatebn\u00ed ob\u0159ad. Cokoliv pot\u0159ebujete.\u00a0<a href=\"https:\/\/skrivanek.cz\/cz\/tlumoceni\/distancni-tlumoceni\/\">Tlumo\u010d\u00edme online i\u00a0po\u00a0telefonu<\/a>\u00a0a\u00a0pronaj\u00edm\u00e1me tak\u00e9 tlumo\u010dnickou techniku.\u00a0<strong>Spole\u010dnost Sk\u0159iv\u00e1nek je tu pro v\u00e1s kdykoliv a\u00a0kdekoliv pot\u0159ebujete.<\/strong><\/p>\n\t\t<\/div>\n\t\t\t\t\t<div class=\"wpa9-steps-content _step_4_2\" role=\"region\" id=\"wpa9-steps-content-panel-1\">\n\t\t\t<p>Db\u00e1me na p\u0159\u00edsn\u00e1 pravidla p\u0159i\u00a0v\u00fdb\u011bru tlumo\u010dn\u00edk\u016f angli\u010dtiny.\u00a0<strong>Na\u0161i tlumo\u010dn\u00edci jsou profesion\u00e1lov\u00e9 a\u00a0\u0161pi\u010dky ve sv\u00e9m oboru.<\/strong><\/p>\n\t\t<\/div>\n\t\t\t\t\t<div class=\"wpa9-steps-content _step_4_3\" role=\"region\" id=\"wpa9-steps-content-panel-2\">\n\t\t\t<p>A\u0165 u\u017e p\u016fsob\u00edte ve stroj\u00edrenstv\u00ed, advokacii, automobilov\u00e9m pr\u016fmyslu, medic\u00edn\u011b, stavebnictv\u00ed, bankovnictv\u00ed, nebo marketingu, v\u017edy v\u00e1m pomohou\u00a0<strong>na\u0161e odborn\u00e9 znalosti, zku\u0161enosti a\u00a0osv\u011bd\u010den\u00e1 \u0159e\u0161en\u00ed<\/strong>.<\/p>\n\t\t<\/div>\n\t\t\t\t\t<div class=\"wpa9-steps-content _step_4_4\" role=\"region\" id=\"wpa9-steps-content-panel-3\">\n\t\t\t<p>Najdeme v\u00e1m vhodn\u00e9ho tlumo\u010dn\u00edka na konferenci, obchodn\u00ed sch\u016fzku nebo jin\u00e9 ud\u00e1losti, kter\u00fdch se \u00fa\u010dastn\u00edte. Zaji\u0161\u0165ujeme <a href=\"https:\/\/skrivanek.cz\/cz\/tlumoceni\/tlumoceni-obchodni-schuzky\/\">konsekutivn\u00ed<\/a>, <a href=\"https:\/\/skrivanek.cz\/cz\/tlumoceni\/tlumoceni-na-konferenci\/\">simult\u00e1nn\u00ed<\/a>, <a href=\"https:\/\/skrivanek.cz\/cz\/tlumoceni\/soudni-tlumoceni\/\">soudn\u00ed<\/a> i&nbsp;<a href=\"https:\/\/skrivanek.cz\/cz\/tlumoceni\/distancni-tlumoceni\/\">distan\u010dn\u00ed tlumo\u010den\u00ed<\/a>.<\/p>\n\t\t<\/div>\n\t\t<\/div>\n\t<\/div>\n<\/div><\/div><\/div><\/div><\/div><div id=\"pg-60219-3\"  class=\"panel-grid panel-has-style\"  style=\"margin-bottom: 0px\" ><div class=\"siteorigin-panels-stretch panel-row-padding-none panel-row-style panel-row-style-for-60219-3\" data-stretch-type=\"full\" ><div id=\"pgc-60219-3-0\"  class=\"panel-grid-cell\" ><div id=\"panel-60219-3-0-0\" class=\"so-panel widget widget_skrv-incl-widget panel-first-child panel-last-child\" data-index=\"3\" ><div\n\t\t\t\n\t\t\tclass=\"so-widget-skrv-incl-widget so-widget-skrv-incl-widget-default-c93e1481a745-60219\"\n\t\t\t\n\t\t><div id=\"pl-3382\"  class=\"panel-layout\" ><div id=\"pg-3382-0\"  class=\"panel-grid panel-no-style\" ><div id=\"pgc-3382-0-0\"  class=\"panel-grid-cell\" ><div id=\"panel-3382-0-0-0\" class=\"so-panel widget widget_wpa9-accordion panel-first-child panel-last-child\" data-index=\"0\" ><div\n\t\t\t\n\t\t\tclass=\"so-widget-wpa9-accordion so-widget-wpa9-accordion-default-c93e1481a745-60219\"\n\t\t\t\n\t\t><h3 class=\"widget-title\">\u010casto se pt\u00e1te<\/h3><div class=\"wpa9-accordion\">\n\t<div class=\"wpa9-accordion-panel\" id=\"wpa9-accordion-panel-jake-typy-tlumoceni-nabizite\">\n\n\t\t<div class=\"wpa9-accordion-toggler d-flex\" data-panel=\"jake-typy-tlumoceni-nabizite\" role=\"button\" aria-controls=\"wpa9-accordion-panel-jake-typy-tlumoceni-nabizite\" aria-expanded=\"false\">\n\n\t\t\t<div class=\"wpa9-accordion-icon wpa9-accordion-icon-open\"><\/div>\n\n\t\t\t<div class=\"wpa9-accordion-title\">Jak\u00e9 typy tlumo\u010den\u00ed nab\u00edz\u00edte?<\/div>\n\n\t\t<\/div>\n\n\t\t<div class=\"wpa9-accordion-content\" role=\"region\">\n\t\t\t<div>\n<div class=\"faq-section__item\">\n<div class=\"answer\">\n<p>Tlumo\u010d\u00edme r\u016fzn\u00e9 v&nbsp;kombinaci a\u017e 40 jazyk\u016f. Nej\u010dast\u011bji se jedn\u00e1 <br \/>o soudn\u00ed tlumo\u010den\u00ed, tlumo\u010den\u00ed na konferenc\u00edch, na sch\u016fzk\u00e1ch nebo tlumo\u010den\u00ed na d\u00e1lku.<\/p>\n<\/div>\n<\/div>\n<\/div>\n\t\t<\/div>\n\n\t<\/div>\n\t<div class=\"wpa9-accordion-panel\" id=\"wpa9-accordion-panel-mohu-si-vybrat-tlumocnika-se-kterym-jsem-uz-spolupracoval\">\n\n\t\t<div class=\"wpa9-accordion-toggler d-flex\" data-panel=\"mohu-si-vybrat-tlumocnika-se-kterym-jsem-uz-spolupracoval\" role=\"button\" aria-controls=\"wpa9-accordion-panel-mohu-si-vybrat-tlumocnika-se-kterym-jsem-uz-spolupracoval\" aria-expanded=\"false\">\n\n\t\t\t<div class=\"wpa9-accordion-icon wpa9-accordion-icon-open\"><\/div>\n\n\t\t\t<div class=\"wpa9-accordion-title\">Mohu si vybrat tlumo\u010dn\u00edka, se kter\u00fdm jsem u\u017e spolupracoval?<\/div>\n\n\t\t<\/div>\n\n\t\t<div class=\"wpa9-accordion-content\" role=\"region\">\n\t\t\t<p>Ano, pokud jste byl s&nbsp;konkr\u00e9tn\u00edm tlumo\u010dn\u00edkem spokojen a&nbsp;je v&nbsp;dan\u00e9m term\u00ednu voln\u00fd, spolupr\u00e1ci s&nbsp;n\u00edm r\u00e1di znovu\u00a0zprost\u0159edkujeme.<\/p>\n\t\t<\/div>\n\n\t<\/div>\n\t<div class=\"wpa9-accordion-panel\" id=\"wpa9-accordion-panel-kolik-casu-se-mnou-tlumocnik-stravi\">\n\n\t\t<div class=\"wpa9-accordion-toggler d-flex\" data-panel=\"kolik-casu-se-mnou-tlumocnik-stravi\" role=\"button\" aria-controls=\"wpa9-accordion-panel-kolik-casu-se-mnou-tlumocnik-stravi\" aria-expanded=\"false\">\n\n\t\t\t<div class=\"wpa9-accordion-icon wpa9-accordion-icon-open\"><\/div>\n\n\t\t\t<div class=\"wpa9-accordion-title\">Kolik \u010dasu se mnou tlumo\u010dn\u00edk str\u00e1v\u00ed?<\/div>\n\n\t\t<\/div>\n\n\t\t<div class=\"wpa9-accordion-content\" role=\"region\">\n\t\t\t<p>V\u017edy z\u00e1le\u017e\u00ed na konkr\u00e9tn\u00ed dohod\u011b a&nbsp;va\u0161ich po\u017eadavc\u00edch. \u010cas, kter\u00fd <br \/>s v\u00e1mi tlumo\u010dn\u00edk str\u00e1v\u00ed, si ur\u010dujete\u00a0sami.<\/p>\n\t\t<\/div>\n\n\t<\/div>\n<\/div>\n<\/div><\/div><\/div><\/div><\/div><\/div><\/div><\/div><\/div><\/div><div id=\"pg-60219-4\"  class=\"panel-grid panel-has-style\" ><div class=\"siteorigin-panels-stretch panel-row-padding-none panel-row-style panel-row-style-for-60219-4\" data-stretch-type=\"full\" ><div id=\"pgc-60219-4-0\"  class=\"panel-grid-cell\" ><div id=\"panel-60219-4-0-0\" class=\"so-panel widget widget_wpa9-card-s panel-first-child panel-last-child\" data-index=\"4\" ><div\n\t\t\t\n\t\t\tclass=\"so-widget-wpa9-card-s so-widget-wpa9-card-s-default-c93e1481a745-60219\"\n\t\t\t\n\t\t><div class=\"wpa9-card wpa9-card-s wide negative\">\n\n\t<div class=\"wpa9-card-wrapper container\">\n\n\t\t<div class=\"wpa9-card-text\">\n\t\t\t<h2 class=\"wpa9-card-title\">Pot\u0159ebujete tlumo\u010dn\u00edka?<\/h2>\n\t\t\t<div class=\"wpa9-card-content\"><p style=\"text-align: center\">P\u0159iprav\u00edme v\u00e1m cenovou nab\u00eddku na m\u00edru!<\/p>\n<\/div>\t\t<\/div>\n\n\t\t\t\t<div class=\"meta meta-buttons d-flex flex-row justify-content-center\">\n\t\t\t\t\t\t\t<a class=\"btn btn-negative \" href=\"https:\/\/skrivanek.cz\/cz\/tlumoceni-poptavka\/\" title=\"M\u00e1m z\u00e1jem o cenovou nab\u00eddku na m\u00edru\">M\u00e1m z\u00e1jem o&nbsp;cenovou nab\u00eddku na m\u00edru<\/a>\n\t\t\t\t<\/div>\n\t\t\n\t<\/div>\n\n<\/div>\n<\/div><\/div><\/div><\/div><\/div><\/div>","protected":false},"excerpt":{"rendered":"<p>Nej\u010dast\u011bji tlumo\u010d\u00edme tyto jazyky angli\u010dtina francouz\u0161tina n\u011bm\u010dina ru\u0161tina \u0161pan\u011bl\u0161tina Dal\u0161\u00ed jazyky do\/z kter\u00fdch tlumo\u010d\u00edme &nbsp; arab\u0161tina bulhar\u0161tina \u010d\u00edn\u0161tina d\u00e1n\u0161tina fin\u0161tina hebrej\u0161tina holand\u0161tina chorvat\u0161tina ital\u0161tina japon\u0161tina korej\u0161tina ma\u010far\u0161tina nor\u0161tina pol\u0161tina portugal\u0161tina \u0159e\u010dtina sloven\u0161tina \u0161v\u00e9d\u0161tina ture\u010dtina ukrajin\u0161tina vietnam\u0161tina &nbsp; Nena\u0161li jste jazyk, kter\u00fd pot\u0159ebujete? Nezoufejte, tento v\u00fd\u010det jazyk\u016f nen\u00ed kone\u010dn\u00fd! Tlumo\u010d\u00edme z&nbsp;i&nbsp;do m\u00e9n\u011b obvykl\u00fdch jazyk\u016f. Kontaktujte n\u00e1s [&hellip;]<\/p>\n","protected":false},"author":9,"featured_media":0,"parent":690,"menu_order":0,"comment_status":"closed","ping_status":"closed","template":"","meta":{"_acf_changed":false,"footnotes":""},"class_list":["post-60219","page","type-page","status-publish","hentry"],"acf":[],"aioseo_notices":[],"_links":{"self":[{"href":"https:\/\/skrivanek.cz\/cz\/wp-json\/wp\/v2\/pages\/60219","targetHints":{"allow":["GET"]}}],"collection":[{"href":"https:\/\/skrivanek.cz\/cz\/wp-json\/wp\/v2\/pages"}],"about":[{"href":"https:\/\/skrivanek.cz\/cz\/wp-json\/wp\/v2\/types\/page"}],"author":[{"embeddable":true,"href":"https:\/\/skrivanek.cz\/cz\/wp-json\/wp\/v2\/users\/9"}],"replies":[{"embeddable":true,"href":"https:\/\/skrivanek.cz\/cz\/wp-json\/wp\/v2\/comments?post=60219"}],"version-history":[{"count":4,"href":"https:\/\/skrivanek.cz\/cz\/wp-json\/wp\/v2\/pages\/60219\/revisions"}],"predecessor-version":[{"id":80611,"href":"https:\/\/skrivanek.cz\/cz\/wp-json\/wp\/v2\/pages\/60219\/revisions\/80611"}],"up":[{"embeddable":true,"href":"https:\/\/skrivanek.cz\/cz\/wp-json\/wp\/v2\/pages\/690"}],"wp:attachment":[{"href":"https:\/\/skrivanek.cz\/cz\/wp-json\/wp\/v2\/media?parent=60219"}],"curies":[{"name":"wp","href":"https:\/\/api.w.org\/{rel}","templated":true}]}}