{"id":6101,"date":"2021-03-17T10:46:10","date_gmt":"2021-03-17T09:46:10","guid":{"rendered":"https:\/\/skrivanek.cz\/?page_id=6101"},"modified":"2026-03-24T20:58:55","modified_gmt":"2026-03-24T19:58:55","slug":"strediska-podpory-obchodni-zastupce","status":"publish","type":"page","link":"https:\/\/skrivanek.cz\/cz\/strediska-podpory-obchodni-zastupce\/","title":{"rendered":"St\u0159ediska podpory a&nbsp;obchodn\u00ed z\u00e1stupce"},"content":{"rendered":"<div id=\"pl-6101\"  class=\"panel-layout\" ><div id=\"pg-6101-0\"  class=\"panel-grid panel-has-style\"  style=\"margin-bottom: 0px\" ><div class=\"siteorigin-panels-stretch panel-row-padding-none panel-row-style panel-row-style-for-6101-0\" data-stretch-type=\"full\" ><div id=\"pgc-6101-0-0\"  class=\"panel-grid-cell\" ><div id=\"panel-6101-0-0-0\" class=\"so-panel widget widget_wpa9-steps panel-first-child\" data-index=\"0\" ><div\n\t\t\t\n\t\t\tclass=\"so-widget-wpa9-steps so-widget-wpa9-steps-default-c93e1481a745-6101\"\n\t\t\t\n\t\t><div class=\"wpa9-steps\">\n\t<div class=\"wpa9-steps-togglers d-flex flex-wrap justify-content-center\" data-wpa9-interval=\"7000\">\n\t\t\t\n\t\t<div class=\"wpa9-steps-toggler-wrapper wpa9-steps-active\" id=\"wpa9-steps-toggler-panel-0\">\n\t\t\t<div class=\"wpa9-steps-toggler f-headlines d-flex align-items-center justify-content-center\" data-content=\"panel-0\" role=\"button\">\n\t\t\t\t\t\t\t\t<span class=\"wpa9-step-title\">Mlad\u00fd a&nbsp;p\u0159\u00e1telsk\u00fd kolektiv<\/span>\n\t\t\t\t\t\t\t<\/div>\n\t\t\t<div class=\"wpa9-steps-decoration\"><\/div>\n\t\t<\/div>\n\t\t<div class=\"wpa9-steps-content wpa9-steps-active\" role=\"region\" id=\"wpa9-steps-content-panel-0\">\n\t\t\t\t\t<\/div>\n\t\t<div class=\"wpa9-steps-hyphen\"><\/div>\t\t\t\n\t\t<div class=\"wpa9-steps-toggler-wrapper\" id=\"wpa9-steps-toggler-panel-1\">\n\t\t\t<div class=\"wpa9-steps-toggler f-headlines d-flex align-items-center justify-content-center\" data-content=\"panel-1\" role=\"button\">\n\t\t\t\t\t\t\t\t<span class=\"wpa9-step-title\">Stabiln\u00ed z\u00e1zem\u00ed mezin\u00e1rodn\u00ed spole\u010dnosti<\/span>\n\t\t\t\t\t\t\t<\/div>\n\t\t\t<div class=\"wpa9-steps-decoration\"><\/div>\n\t\t<\/div>\n\t\t<div class=\"wpa9-steps-content\" role=\"region\" id=\"wpa9-steps-content-panel-1\">\n\t\t\t\t\t<\/div>\n\t\t<div class=\"wpa9-steps-hyphen\"><\/div>\t\t\t\n\t\t<div class=\"wpa9-steps-toggler-wrapper\" id=\"wpa9-steps-toggler-panel-2\">\n\t\t\t<div class=\"wpa9-steps-toggler f-headlines d-flex align-items-center justify-content-center\" data-content=\"panel-2\" role=\"button\">\n\t\t\t\t\t\t\t\t<span class=\"wpa9-step-title\">Podpora osobn\u00edho r\u016fstu<\/span>\n\t\t\t\t\t\t\t<\/div>\n\t\t\t<div class=\"wpa9-steps-decoration\"><\/div>\n\t\t<\/div>\n\t\t<div class=\"wpa9-steps-content\" role=\"region\" id=\"wpa9-steps-content-panel-2\">\n\t\t\t\t\t<\/div>\n\t\t\t\t<\/div>\n\t<div class=\"wpa9-steps-contents-wrapper\">\n\t\t\t\t\t<div class=\"wpa9-steps-content _step_3_1 wpa9-steps-active\" role=\"region\" id=\"wpa9-steps-content-panel-0\">\n\t\t\t\t\t<\/div>\n\t\t\t\t\t<div class=\"wpa9-steps-content _step_3_2\" role=\"region\" id=\"wpa9-steps-content-panel-1\">\n\t\t\t\t\t<\/div>\n\t\t\t\t\t<div class=\"wpa9-steps-content _step_3_3\" role=\"region\" id=\"wpa9-steps-content-panel-2\">\n\t\t\t\t\t<\/div>\n\t\t<\/div>\n\t<\/div>\n<\/div><\/div><div id=\"panel-6101-0-0-1\" class=\"so-panel widget widget_wpa9-card-l panel-last-child\" data-index=\"1\" ><div\n\t\t\t\n\t\t\tclass=\"so-widget-wpa9-card-l so-widget-wpa9-card-l-default-c93e1481a745-6101\"\n\t\t\t\n\t\t>\n\n<div class=\"wpa9-card wpa9-card-l-container d-flex flex-wrap wpa9-columns-2\">\n\n\t\n\t\t\n\t<div class=\"wpa9-card-l-panel wpa9-panel shadow rounded d-flex flex-column justify-content-between\">\n\n\t\t<div>\n\t\t\t\t\t\t\t<span class=\"wpa9-panel-icon icon\" style=\"display: none; background-image: url('https:\/\/skrivanek.cz\/wp-content\/uploads\/2021\/01\/ico-lidi.svg')\"><\/span>\n\t\t\t<span class=\"wpa9-panel-icon icon\" style=\"mask-image: url(https:\/\/skrivanek.cz\/wp-content\/uploads\/2021\/01\/ico-lidi.svg); -webkit-mask-image: url(https:\/\/skrivanek.cz\/wp-content\/uploads\/2021\/01\/ico-lidi.svg);\"><\/span>\n\t\t\n\t\t\t\t\t\t\t\t<h2 class=\"wpa9-panel-title\">Na\u0161im zam\u011bstnanc\u016fm<\/h2>\n\t\t\n\t\t\t\t\t\t\t<div class=\"wpa9-panel-content\"><div class=\"box-content\">\n<p>nab\u00edz\u00edme stabiln\u00ed z\u00e1zem\u00ed nejv\u011bt\u0161\u00ed jazykov\u00e9 agentury ve st\u0159edn\u00ed a&nbsp;v\u00fdchodn\u00ed Evrop\u011b.<\/p>\n<p>Jsme modern\u00ed spole\u010dnost a&nbsp;home office pova\u017eujeme u&nbsp;v\u011bt\u0161iny pozic za samoz\u0159ejmost. Nav\u00edc m\u00e1me b\u00e1je\u010dn\u00fd bal\u00ed\u010dek benefit\u016f, nap\u0159\u00edklad:<\/p>\n<ul>\n<li>t\u00fdden dovolen\u00e9 nav\u00edc,<\/li>\n<\/ul>\n<\/div>\n<div class=\"box-proscons\">\n<div class=\"box-proscons__item\">\n<ul>\n<li class=\"innerText\">p\u0159\u00edsp\u011bvek na vzd\u011bl\u00e1v\u00e1n\u00ed,<\/li>\n<\/ul>\n<\/div>\n<div class=\"box-proscons__item\">\n<ul>\n<li class=\"innerText\">p\u0159\u00edsp\u011bvek na sportovn\u00ed aktivity,<\/li>\n<\/ul>\n<\/div>\n<div class=\"box-proscons__item\">\n<ul>\n<li class=\"innerText\">stravenky,<\/li>\n<\/ul>\n<\/div>\n<div class=\"box-proscons__item\">\n<ul>\n<li class=\"innerText\">sick days.<\/li>\n<\/ul>\n<\/div>\n<\/div>\n<\/div>\n\t\t\t\t<\/div>\n\n\t\t\n\t<\/div>\n\n\t\t\n\t<div class=\"wpa9-card-l-panel wpa9-panel shadow rounded d-flex flex-column justify-content-between\">\n\n\t\t<div>\n\t\t\t\t\t\t\t<span class=\"wpa9-panel-icon icon\" style=\"display: none; background-image: url('https:\/\/skrivanek.cz\/wp-content\/uploads\/2021\/03\/ico-jazykove-zkousky.svg')\"><\/span>\n\t\t\t<span class=\"wpa9-panel-icon icon\" style=\"mask-image: url(https:\/\/skrivanek.cz\/wp-content\/uploads\/2021\/03\/ico-jazykove-zkousky.svg); -webkit-mask-image: url(https:\/\/skrivanek.cz\/wp-content\/uploads\/2021\/03\/ico-jazykove-zkousky.svg);\"><\/span>\n\t\t\n\t\t\t\t\t\t\t\t<h2 class=\"wpa9-panel-title\">Jin\u00e9 pozice<\/h2>\n\t\t\n\t\t\t\t\t\t\t<div class=\"wpa9-panel-content\"><p>Jak u\u017e to chod\u00ed \u2013 a&nbsp;\u017ee to n\u011bkdy m\u00ed\u0159\u00ed daleko \u2013 ob\u010das se n\u00e1m uvoln\u00ed i\u00a0jin\u00e9\u00a0m\u00edsto.<\/p>\n<p>V p\u0159\u00edpad\u011b, \u017ee jsi stejn\u00fd nad\u0161enec jako my, r\u00e1d(a)\u00a0bys pronikl(a) do sv\u011bta jazyk\u016f a&nbsp;mysl\u00ed\u0161, \u017ee m\u00e1\u0161 co nab\u00eddnout, po\u0161li sv\u016fj motiva\u010dn\u00ed dopis v\u010detn\u011b strukturovan\u00e9ho \u017eivotopisu na\u00a0<a href=\"javascript:secureDecryptAndNavigate('L6ZzaZEfegk9WTCxR0pkGWTnd3DniHyb\/qS8hq4NSfl3EyK4zCXfFMRokS7zf1o2mDACzL8XrvAWVJkd5pg9O6aF0Ltat2KNVTUN', '9c1e8f5271bf4f233390c22bdf43601f044e80460c2e9cc63c40d8bc66437679')\">&#107;ar&#105;&#101;&#114;&#97;&#64;s&#107;&#114;i&#118;ane&#107;&#46;cz<\/a>.<\/p>\n<\/div>\n\t\t\t\t<\/div>\n\n\t\t\n\t<\/div>\n\n\t\t\n\t\n<\/div>\n<\/div><\/div><\/div><\/div><\/div><div id=\"pg-6101-1\"  class=\"panel-grid panel-has-style\" ><div class=\"siteorigin-panels-stretch panel-row-padding-none panel-row-style panel-row-style-for-6101-1\" data-stretch-type=\"full\" ><div id=\"pgc-6101-1-0\"  class=\"panel-grid-cell\" ><div id=\"panel-6101-1-0-0\" class=\"so-panel widget widget_wpa9-editor-ext panel-first-child panel-last-child\" data-index=\"2\" ><div\n\t\t\t\n\t\t\tclass=\"so-widget-wpa9-editor-ext so-widget-wpa9-editor-ext-default-c93e1481a745-6101\"\n\t\t\t\n\t\t>\n<div class=\"siteorigin-widget-tinymce textwidget\">\n\t<p style=\"text-align: center;\"><span style=\"color: #4e172e;\">A jedna oblig\u00e1tn\u00ed v\u011bc: Odesl\u00e1n\u00edm sv\u00e9ho \u017eivotopisu na v\u00fd\u0161e uvedenou e-mailovou adresu vyslovuje\u0161 souhlas se\u00a0zpracov\u00e1n\u00edm sv\u00fdch osobn\u00edch \u00fadaj\u016f\u00a0v souladu s\u00a0Na\u0159\u00edzen\u00edm Evropsk\u00e9ho parlamentu ze dne 27.&nbsp;dubna 2016 a&nbsp;v&nbsp;souladu se z\u00e1konem \u010d.&nbsp;110\/2019 Sb., o&nbsp;zpracov\u00e1n\u00ed osobn\u00edch \u00fadaj\u016f. Jin\u00fdmi slovy, tv\u00e9 osobn\u00ed \u00fadaje si na na\u0161em person\u00e1ln\u00edm odd\u011blen\u00ed ponech\u00e1me po&nbsp;dobu dvou let a\u00a0nevyu\u017eijeme je pro jin\u00fd \u00fa\u010del ne\u017e pro p\u0159\u00edpadnou\u00a0nab\u00eddku\u00a0spolupr\u00e1ce.<\/span><\/p>\n<p style=\"text-align: center;\"><span style=\"color: #4e172e;\">D\u011bkujeme!<\/span><\/p>\n<p style=\"text-align: center;\"><a class=\"btn btn-negative btn-size-l\" href=\"https:\/\/skrivanek.cz\/cz\/zpracovani-ochrana-osobnich-udaju\/\">Zpracov\u00e1n\u00ed osobn\u00edch \u00fadaj\u016f<\/a><\/p>\n<\/div>\n<\/div><\/div><\/div><\/div><\/div><\/div>","protected":false},"excerpt":{"rendered":"<p>Mlad\u00fd a&nbsp;p\u0159\u00e1telsk\u00fd kolektiv Stabiln\u00ed z\u00e1zem\u00ed mezin\u00e1rodn\u00ed spole\u010dnosti Podpora osobn\u00edho r\u016fstu Na\u0161im zam\u011bstnanc\u016fm nab\u00edz\u00edme stabiln\u00ed z\u00e1zem\u00ed nejv\u011bt\u0161\u00ed jazykov\u00e9 agentury ve st\u0159edn\u00ed a&nbsp;v\u00fdchodn\u00ed Evrop\u011b. Jsme modern\u00ed spole\u010dnost a&nbsp;home office pova\u017eujeme u&nbsp;v\u011bt\u0161iny pozic za samoz\u0159ejmost. Nav\u00edc m\u00e1me b\u00e1je\u010dn\u00fd bal\u00ed\u010dek benefit\u016f, nap\u0159\u00edklad: t\u00fdden dovolen\u00e9 nav\u00edc, p\u0159\u00edsp\u011bvek na vzd\u011bl\u00e1v\u00e1n\u00ed, p\u0159\u00edsp\u011bvek na sportovn\u00ed aktivity, stravenky, sick days. Jin\u00e9 pozice Jak u\u017e [&hellip;]<\/p>\n","protected":false},"author":9,"featured_media":0,"parent":0,"menu_order":0,"comment_status":"closed","ping_status":"closed","template":"","meta":{"_acf_changed":false,"footnotes":""},"class_list":["post-6101","page","type-page","status-publish","hentry"],"acf":[],"aioseo_notices":[],"_links":{"self":[{"href":"https:\/\/skrivanek.cz\/cz\/wp-json\/wp\/v2\/pages\/6101","targetHints":{"allow":["GET"]}}],"collection":[{"href":"https:\/\/skrivanek.cz\/cz\/wp-json\/wp\/v2\/pages"}],"about":[{"href":"https:\/\/skrivanek.cz\/cz\/wp-json\/wp\/v2\/types\/page"}],"author":[{"embeddable":true,"href":"https:\/\/skrivanek.cz\/cz\/wp-json\/wp\/v2\/users\/9"}],"replies":[{"embeddable":true,"href":"https:\/\/skrivanek.cz\/cz\/wp-json\/wp\/v2\/comments?post=6101"}],"version-history":[{"count":4,"href":"https:\/\/skrivanek.cz\/cz\/wp-json\/wp\/v2\/pages\/6101\/revisions"}],"predecessor-version":[{"id":80582,"href":"https:\/\/skrivanek.cz\/cz\/wp-json\/wp\/v2\/pages\/6101\/revisions\/80582"}],"wp:attachment":[{"href":"https:\/\/skrivanek.cz\/cz\/wp-json\/wp\/v2\/media?parent=6101"}],"curies":[{"name":"wp","href":"https:\/\/api.w.org\/{rel}","templated":true}]}}