{"id":65861,"date":"2024-02-21T11:17:34","date_gmt":"2024-02-21T10:17:34","guid":{"rendered":"https:\/\/skrivanek.cz\/?page_id=65861"},"modified":"2026-02-10T07:31:08","modified_gmt":"2026-02-10T06:31:08","slug":"individualni-vyuka","status":"publish","type":"page","link":"https:\/\/skrivanek.cz\/cz\/poptavka\/individualni-vyuka\/","title":{"rendered":"Popt\u00e1vka: individu\u00e1ln\u00ed v\u00fduka"},"content":{"rendered":"<div id=\"pl-65861\"  class=\"panel-layout\" ><div id=\"pg-65861-0\"  class=\"panel-grid panel-has-style\" ><div class=\"siteorigin-panels-stretch panel-row-padding-none panel-row-style panel-row-style-for-65861-0\" data-stretch-type=\"full\" ><div id=\"pgc-65861-0-0\"  class=\"panel-grid-cell\" ><div id=\"panel-65861-0-0-0\" class=\"so-panel widget widget_wpforms-widget wpforms-widget panel-first-child panel-last-child\" data-index=\"0\" >\r\n<style type=\"text\/css\">\r\n\r\n\r\n\r\nbody #wpforms-75308 {\r\n\t\t\r\n\t\t\tfont-family:inherit;}\r\n\r\n\t\r\n\r\n\tbody #wpforms-75308 .wpforms-head-container {\r\n\t\tborder-width: 0px;}\r\n\r\n\tbody #wpforms-75308 .wpforms-head-container .wpforms-title {\r\n\t\t}\r\n\r\n\tbody #wpforms-75308 .wpforms-head-container .wpforms-description {\r\n\t\t\t\tdisplay:block;\r\n\t}\r\n\r\n\r\n\tbody #wpforms-75308 .wpforms-submit-container .wpforms-submit, body #wpforms-75308 .wpforms-field-pagebreak button.wpforms-page-button {\r\n\t\tcolor:#ffffff ;background-color:#ff643b ;border-width:0px ;border-style:solid ;border-radius:10px ;-web-border-radius:10px ;-moz-border-radius:10px ;\t\t\t}\r\n\r\n\tbody #wpforms-75308 .wpforms-submit-container .wpforms-submit:hover, body #wpforms-75308 .wpforms-field-pagebreak button.wpforms-page-button:hover {\r\n\tbackground-color:;\tcolor:;\t}\r\n\r\n\tbody #wpforms-75308 .wpforms-submit-container,\r\n\tbody #wpforms-75308 .wpforms-field-pagebreak .wpforms-pagebreak-left{\r\n\t\t}\r\n\r\n\r\n\tbody #wpforms-75308 .wpforms-form .wpforms-field input[type=text],\r\n\tbody #wpforms-75308 .wpforms-form .wpforms-field input[type=email],\r\n\tbody #wpforms-75308 .wpforms-form .wpforms-field input[type=tel],\r\n\tbody #wpforms-75308 .wpforms-form .wpforms-field input[type=url],\r\n\tbody #wpforms-75308 .wpforms-form .wpforms-field input[type=password],\r\n\tbody #wpforms-75308 .wpforms-form .wpforms-field input[type=number]\r\n\t{\r\n\t\tborder-width:1px ;border-style:solid ;\t\t\t}\r\n\r\n\tbody #wpforms-75308 .wpforms-form .wpforms-field .wpforms-field-row\r\n\t{\r\n\t\t\t}\r\n\r\n\tbody #wpforms-75308 .wpforms-form .wpforms-field-layout.wpforms-field input[type=text],\r\n\tbody #wpforms-75308 .wpforms-form .wpforms-field-layout.wpforms-field input[type=email],\r\n\tbody #wpforms-75308 .wpforms-form .wpforms-field-layout.wpforms-field input[type=tel],\r\n\tbody #wpforms-75308 .wpforms-form .wpforms-field-layout.wpforms-field input[type=url],\r\n\tbody #wpforms-75308 .wpforms-form .wpforms-field-layout.wpforms-field input[type=password],\r\n\tbody #wpforms-75308 .wpforms-form .wpforms-field-layout.wpforms-field input[type=number]{\r\n\t\twidth: 100%;\r\n\t}\r\n\r\n\tbody #wpforms-75308 .wpforms-form .wpforms-field .wpforms-field-row input[type=text]{\r\n\t\twidth: 100%;\r\n\t}\r\n\r\n\r\n\r\n\t#wpforms-75308 .wpforms-form .wpforms-field-layout-rows,\r\n\t#wpforms-75308 .wpforms-form .wpforms-field-layout-columns{\r\n\t\t\t}\r\n\r\n\r\n\r\n\tbody #wpforms-75308 .wpforms-form .wpforms-field textarea {\r\n\t\t\t\t\tborder-width: 1px;\t}\r\n\r\n \r\n\r\n\tbody #wpforms-75308 .wpforms-form .wpforms-field select {\r\n\r\n\t\t\r\n\t\tborder-width: 1px;\t}\r\n\r\n\t\/* dropdown styles on modern background *\/\r\n\tbody #wpforms-75308 .wpforms-form .wpforms-field-select-style-modern .choices__inner{\r\n\t\t\t\t\r\n\t}\r\n\r\n\t\/* background color on modern dropdown *\/\r\n\t\r\n \r\n\tbody #wpforms-75308 .wpforms-form .wpforms-field-radio li label,\r\n\tbody #wpforms-75308 .wpforms-form .wpforms-field-payment-multiple li label {\r\n\t\t\t}\r\n \r\n\tbody #wpforms-75308 .wpforms-form .wpforms-field-checkbox li label {\r\n\t\t\t}\r\n \r\n\tbody #wpforms-75308 .wpforms-form .wpforms-field .wpforms-field-description {\r\n\r\n\t\t\t}\r\n\r\n \r\n\tbody #wpforms-75308 .wpforms-form .wpforms-field label.wpforms-field-label,\r\n\tbody #wpforms-75308 .wpforms-form .wpforms-field .wpforms-field-label {\r\n\t\tfont-weight: bold;\t}\r\n\r\n\r\n \r\n\tbody #wpforms-confirmation-75308  {\r\n\r\n\tbackground-color:#ffffff ;\t\t\tborder-width: 1px;\t}\r\n\r\n\tbody #wpforms-confirmation-75308 p{\r\n\t\ttext-transform: uppercase;\r\n\t\ttext-decoration: underline;\r\n\t\tcolor: inherit;\r\n\t}\r\n\r\n \r\n\tbody #wpforms-75308 label.wpforms-error,\r\n\tbody #wpforms-75308 .wpforms-error[role=\"alert\"] {\r\n\t\t\r\n\t\t\t\tborder-width: 1px;\t}\r\n\/* Styling for Tablets *\/\r\n@media only screen and (max-width: 800px) and (min-width:481px) {\r\n\t\r\n\r\n\r\n\r\n}\r\n\r\n@media only screen and (max-width: 480px){\r\n\t\r\n\r\n\r\n\r\n}\r\n\/*Option to add custom CSS *\/\r\n\r\n\r\n\r\n\t\t<\/style>\r\n\t\t<div class=\"wpforms-container wpforms-container-full wpforms-render-modern\" id=\"wpforms-75308\"><form id=\"wpforms-form-75308\" class=\"wpforms-validate wpforms-form wpforms-ajax-form\" data-formid=\"75308\" method=\"post\" enctype=\"multipart\/form-data\" action=\"\/cz\/wp-json\/wp\/v2\/pages\/65861\" data-token=\"753e140ac1149bffe931b1af6df6b137\" data-token-time=\"1776883505\"><noscript class=\"wpforms-error-noscript\">Chcete-li vyplnit tento formul\u00e1\u0159, pros\u00edm povolte v&nbsp;prohl\u00ed\u017ee\u010di JavaScript.<\/noscript><div id=\"wpforms-error-noscript\" style=\"display: none;\">Chcete-li vyplnit tento formul\u00e1\u0159, pros\u00edm povolte v&nbsp;prohl\u00ed\u017ee\u010di JavaScript.<\/div><div class=\"wpforms-field-container\"><div id=\"wpforms-75308-field_15-container\" class=\"wpforms-field wpforms-field-layout\" data-field-id=\"15\"><div class=\"wpforms-field-layout-rows wpforms-field-large\"><div class=\"wpforms-layout-row\"><div class=\"wpforms-layout-column wpforms-layout-column-50\"><div id=\"wpforms-75308-field_26-container\" class=\"wpforms-field wpforms-field-radio wpforms-list-3-columns\" data-field-id=\"26\"><fieldset><legend class=\"wpforms-field-label\">Jak\u00fd jazyk budeme vyu\u010dovat?<\/legend><ul id=\"wpforms-75308-field_26\"><li class=\"choice-1 depth-1\"><input type=\"radio\" id=\"wpforms-75308-field_26_1\" name=\"wpforms[fields][26]\" value=\"angli\u010dtina\" aria-errormessage=\"wpforms-75308-field_26_1-error\"  ><label class=\"wpforms-field-label-inline\" for=\"wpforms-75308-field_26_1\">angli\u010dtina<\/label><\/li><li class=\"choice-2 depth-1\"><input type=\"radio\" id=\"wpforms-75308-field_26_2\" name=\"wpforms[fields][26]\" value=\"n\u011bm\u010dina\" aria-errormessage=\"wpforms-75308-field_26_2-error\"  ><label class=\"wpforms-field-label-inline\" for=\"wpforms-75308-field_26_2\">n\u011bm\u010dina<\/label><\/li><li class=\"choice-3 depth-1\"><input type=\"radio\" id=\"wpforms-75308-field_26_3\" name=\"wpforms[fields][26]\" value=\"francouz\u0161tina\" aria-errormessage=\"wpforms-75308-field_26_3-error\"  ><label class=\"wpforms-field-label-inline\" for=\"wpforms-75308-field_26_3\">francouz\u0161tina<\/label><\/li><li class=\"choice-4 depth-1\"><input type=\"radio\" id=\"wpforms-75308-field_26_4\" name=\"wpforms[fields][26]\" value=\"ital\u0161tina\" aria-errormessage=\"wpforms-75308-field_26_4-error\"  ><label class=\"wpforms-field-label-inline\" for=\"wpforms-75308-field_26_4\">ital\u0161tina<\/label><\/li><li class=\"choice-5 depth-1\"><input type=\"radio\" id=\"wpforms-75308-field_26_5\" name=\"wpforms[fields][26]\" value=\"ru\u0161tina\" aria-errormessage=\"wpforms-75308-field_26_5-error\"  ><label class=\"wpforms-field-label-inline\" for=\"wpforms-75308-field_26_5\">ru\u0161tina<\/label><\/li><li class=\"choice-6 depth-1\"><input type=\"radio\" id=\"wpforms-75308-field_26_6\" name=\"wpforms[fields][26]\" value=\"\u0161pan\u011bl\u0161tina\" aria-errormessage=\"wpforms-75308-field_26_6-error\"  ><label class=\"wpforms-field-label-inline\" for=\"wpforms-75308-field_26_6\">\u0161pan\u011bl\u0161tina<\/label><\/li><li class=\"choice-7 depth-1\"><input type=\"radio\" id=\"wpforms-75308-field_26_7\" name=\"wpforms[fields][26]\" value=\"\u010de\u0161tina pro cizince\" aria-errormessage=\"wpforms-75308-field_26_7-error\"  ><label class=\"wpforms-field-label-inline\" for=\"wpforms-75308-field_26_7\">\u010de\u0161tina pro cizince<\/label><\/li><li class=\"choice-8 depth-1\"><input type=\"radio\" id=\"wpforms-75308-field_26_8\" name=\"wpforms[fields][26]\" value=\"jin\u00fd\" aria-errormessage=\"wpforms-75308-field_26_8-error\"  ><label class=\"wpforms-field-label-inline\" for=\"wpforms-75308-field_26_8\">jin\u00fd<\/label><\/li><\/ul><\/fieldset><\/div><\/div><div class=\"wpforms-layout-column wpforms-layout-column-50\"><div id=\"wpforms-75308-field_27-container\" class=\"wpforms-field wpforms-field-radio wpforms-list-3-columns\" data-field-id=\"27\"><fieldset><legend class=\"wpforms-field-label\">Jak\u00e1 je va\u0161e jazykov\u00e1 \u00farove\u0148?<\/legend><ul id=\"wpforms-75308-field_27\"><li class=\"choice-1 depth-1\"><input type=\"radio\" id=\"wpforms-75308-field_27_1\" name=\"wpforms[fields][27]\" value=\"A1 za\u010d\u00e1te\u010dn\u00edk\" aria-errormessage=\"wpforms-75308-field_27_1-error\"  ><label class=\"wpforms-field-label-inline\" for=\"wpforms-75308-field_27_1\">A1 za\u010d\u00e1te\u010dn\u00edk<\/label><\/li><li class=\"choice-2 depth-1\"><input type=\"radio\" id=\"wpforms-75308-field_27_2\" name=\"wpforms[fields][27]\" value=\"A2 m\u00edrn\u011b pokro\u010dil\u00fd\" aria-errormessage=\"wpforms-75308-field_27_2-error\"  ><label class=\"wpforms-field-label-inline\" for=\"wpforms-75308-field_27_2\">A2 m\u00edrn\u011b pokro\u010dil\u00fd<\/label><\/li><li class=\"choice-3 depth-1\"><input type=\"radio\" id=\"wpforms-75308-field_27_3\" name=\"wpforms[fields][27]\" value=\"B1 st\u0159edn\u011b pokro\u010dil\u00fd\" aria-errormessage=\"wpforms-75308-field_27_3-error\"  ><label class=\"wpforms-field-label-inline\" for=\"wpforms-75308-field_27_3\">B1 st\u0159edn\u011b pokro\u010dil\u00fd<\/label><\/li><li class=\"choice-4 depth-1\"><input type=\"radio\" id=\"wpforms-75308-field_27_4\" name=\"wpforms[fields][27]\" value=\"B2 pokro\u010dil\u00fd\" aria-errormessage=\"wpforms-75308-field_27_4-error\"  ><label class=\"wpforms-field-label-inline\" for=\"wpforms-75308-field_27_4\">B2 pokro\u010dil\u00fd<\/label><\/li><li class=\"choice-5 depth-1\"><input type=\"radio\" id=\"wpforms-75308-field_27_5\" name=\"wpforms[fields][27]\" value=\"C1 velmi pokro\u010dil\u00fd\" aria-errormessage=\"wpforms-75308-field_27_5-error\"  ><label class=\"wpforms-field-label-inline\" for=\"wpforms-75308-field_27_5\">C1 velmi pokro\u010dil\u00fd<\/label><\/li><li class=\"choice-6 depth-1\"><input type=\"radio\" id=\"wpforms-75308-field_27_6\" name=\"wpforms[fields][27]\" value=\"C2 expert\" aria-errormessage=\"wpforms-75308-field_27_6-error\"  ><label class=\"wpforms-field-label-inline\" for=\"wpforms-75308-field_27_6\">C2 expert<\/label><\/li><li class=\"choice-7 depth-1\"><input type=\"radio\" id=\"wpforms-75308-field_27_7\" name=\"wpforms[fields][27]\" value=\"nev\u00edm\" aria-errormessage=\"wpforms-75308-field_27_7-error\"  ><label class=\"wpforms-field-label-inline\" for=\"wpforms-75308-field_27_7\">nev\u00edm<\/label><\/li><\/ul><\/fieldset><\/div><\/div><\/div><div class=\"wpforms-layout-row\"><div class=\"wpforms-layout-column wpforms-layout-column-50\"><div id=\"wpforms-75308-field_28-container\" class=\"wpforms-field wpforms-field-radio wpforms-list-inline\" data-field-id=\"28\"><fieldset><legend class=\"wpforms-field-label\">Forma v\u00fduky<\/legend><ul id=\"wpforms-75308-field_28\"><li class=\"choice-1 depth-1\"><input type=\"radio\" id=\"wpforms-75308-field_28_1\" name=\"wpforms[fields][28]\" value=\"online\" aria-errormessage=\"wpforms-75308-field_28_1-error\"  ><label class=\"wpforms-field-label-inline\" for=\"wpforms-75308-field_28_1\">online<\/label><\/li><li class=\"choice-2 depth-1\"><input type=\"radio\" id=\"wpforms-75308-field_28_2\" name=\"wpforms[fields][28]\" value=\"prezen\u010dn\u011b v u\u010debn\u011b J\u0160 Sk\u0159iv\u00e1nek\" aria-errormessage=\"wpforms-75308-field_28_2-error\"  ><label class=\"wpforms-field-label-inline\" for=\"wpforms-75308-field_28_2\">prezen\u010dn\u011b v&nbsp;u\u010debn\u011b J\u0160 Sk\u0159iv\u00e1nek<\/label><\/li><li class=\"choice-3 depth-1\"><input type=\"radio\" id=\"wpforms-75308-field_28_3\" name=\"wpforms[fields][28]\" value=\"jinde\" aria-errormessage=\"wpforms-75308-field_28_3-error\"  ><label class=\"wpforms-field-label-inline\" for=\"wpforms-75308-field_28_3\">jinde<\/label><\/li><\/ul><\/fieldset><\/div><\/div><div class=\"wpforms-layout-column wpforms-layout-column-50\"><div id=\"wpforms-75308-field_29-container\" class=\"wpforms-field wpforms-field-radio wpforms-list-inline\" data-field-id=\"29\"><fieldset><legend class=\"wpforms-field-label\">Preference lektora<\/legend><ul id=\"wpforms-75308-field_29\"><li class=\"choice-1 depth-1\"><input type=\"radio\" id=\"wpforms-75308-field_29_1\" name=\"wpforms[fields][29]\" value=\"\u010desk\u00fd lektor\" aria-errormessage=\"wpforms-75308-field_29_1-error\"  ><label class=\"wpforms-field-label-inline\" for=\"wpforms-75308-field_29_1\">\u010desk\u00fd lektor<\/label><\/li><li class=\"choice-2 depth-1\"><input type=\"radio\" id=\"wpforms-75308-field_29_2\" name=\"wpforms[fields][29]\" value=\"rodil\u00fd mluv\u010d\u00ed\" aria-errormessage=\"wpforms-75308-field_29_2-error\"  ><label class=\"wpforms-field-label-inline\" for=\"wpforms-75308-field_29_2\">rodil\u00fd mluv\u010d\u00ed<\/label><\/li><li class=\"choice-3 depth-1\"><input type=\"radio\" id=\"wpforms-75308-field_29_3\" name=\"wpforms[fields][29]\" value=\"nev\u00edm \/ nem\u00e1m preferenci\" aria-errormessage=\"wpforms-75308-field_29_3-error\"  ><label class=\"wpforms-field-label-inline\" for=\"wpforms-75308-field_29_3\">nev\u00edm \/ nem\u00e1m preferenci<\/label><\/li><\/ul><\/fieldset><\/div><\/div><\/div><div class=\"wpforms-layout-row\"><div class=\"wpforms-layout-column wpforms-layout-column-50\"><div id=\"wpforms-75308-field_30-container\" class=\"wpforms-field wpforms-field-radio wpforms-list-3-columns\" data-field-id=\"30\"><fieldset><legend class=\"wpforms-field-label\">Vyberte si bal\u00ed\u010dek v\u00fduky<\/legend><ul id=\"wpforms-75308-field_30\"><li class=\"choice-2 depth-1\"><input type=\"radio\" id=\"wpforms-75308-field_30_2\" name=\"wpforms[fields][30]\" value=\"10\u00d7 60 minut\" aria-errormessage=\"wpforms-75308-field_30_2-error\"  ><label class=\"wpforms-field-label-inline\" for=\"wpforms-75308-field_30_2\">10\u00d7 60 minut<\/label><\/li><li class=\"choice-3 depth-1\"><input type=\"radio\" id=\"wpforms-75308-field_30_3\" name=\"wpforms[fields][30]\" value=\"15\u00d7 60 minut\" aria-errormessage=\"wpforms-75308-field_30_3-error\"  ><label class=\"wpforms-field-label-inline\" for=\"wpforms-75308-field_30_3\">15\u00d7 60 minut<\/label><\/li><li class=\"choice-4 depth-1\"><input type=\"radio\" id=\"wpforms-75308-field_30_4\" name=\"wpforms[fields][30]\" value=\"20\u00d7 60 minut\" aria-errormessage=\"wpforms-75308-field_30_4-error\"  ><label class=\"wpforms-field-label-inline\" for=\"wpforms-75308-field_30_4\">20\u00d7 60 minut<\/label><\/li><li class=\"choice-6 depth-1\"><input type=\"radio\" id=\"wpforms-75308-field_30_6\" name=\"wpforms[fields][30]\" value=\"10\u00d7 90 minut\" aria-errormessage=\"wpforms-75308-field_30_6-error\"  ><label class=\"wpforms-field-label-inline\" for=\"wpforms-75308-field_30_6\">10\u00d7 90 minut<\/label><\/li><li class=\"choice-7 depth-1\"><input type=\"radio\" id=\"wpforms-75308-field_30_7\" name=\"wpforms[fields][30]\" value=\"15\u00d7 90 minut\" aria-errormessage=\"wpforms-75308-field_30_7-error\"  ><label class=\"wpforms-field-label-inline\" for=\"wpforms-75308-field_30_7\">15\u00d7 90 minut<\/label><\/li><li class=\"choice-8 depth-1\"><input type=\"radio\" id=\"wpforms-75308-field_30_8\" name=\"wpforms[fields][30]\" value=\"20\u00d7 90 minut\" aria-errormessage=\"wpforms-75308-field_30_8-error\"  ><label class=\"wpforms-field-label-inline\" for=\"wpforms-75308-field_30_8\">20\u00d7 90 minut<\/label><\/li><\/ul><\/fieldset><\/div><\/div><div class=\"wpforms-layout-column wpforms-layout-column-50\"><div id=\"wpforms-75308-field_7-container\" class=\"wpforms-field wpforms-field-textarea\" data-field-id=\"7\"><label class=\"wpforms-field-label\" for=\"wpforms-75308-field_7\">Chcete doplnit n\u011bjak\u00e9 informace?<\/label><textarea id=\"wpforms-75308-field_7\" class=\"wpforms-field-medium\" name=\"wpforms[fields][7]\" aria-errormessage=\"wpforms-75308-field_7-error\" aria-describedby=\"wpforms-75308-field_7-description\" ><\/textarea><div id=\"wpforms-75308-field_7-description\" class=\"wpforms-field-description\">Jak v\u00e1m m\u016f\u017eeme pomoci? Dejte n\u00e1m v\u011bd\u011bt, co aktu\u00e1ln\u011b \u0159e\u0161\u00edte. M\u00e1te na n\u00e1s ot\u00e1zku? Jsme tu pro v\u00e1s.<\/div><\/div><\/div><\/div><div class=\"wpforms-layout-row\"><div class=\"wpforms-layout-column wpforms-layout-column-50\"><div id=\"wpforms-75308-field_31-container\" class=\"wpforms-field wpforms-field-name\" data-field-id=\"31\"><label class=\"wpforms-field-label\" for=\"wpforms-75308-field_31\">Jm\u00e9no <span class=\"wpforms-required-label\" aria-hidden=\"true\">*<\/span><\/label><input type=\"text\" id=\"wpforms-75308-field_31\" class=\"wpforms-field-medium wpforms-field-required\" name=\"wpforms[fields][31]\" aria-errormessage=\"wpforms-75308-field_31-error\" required><\/div><\/div><div class=\"wpforms-layout-column wpforms-layout-column-50\"><div id=\"wpforms-75308-field_32-container\" class=\"wpforms-field wpforms-field-name\" data-field-id=\"32\"><label class=\"wpforms-field-label\" for=\"wpforms-75308-field_32\">P\u0159\u00edjmen\u00ed <span class=\"wpforms-required-label\" aria-hidden=\"true\">*<\/span><\/label><input type=\"text\" id=\"wpforms-75308-field_32\" class=\"wpforms-field-medium wpforms-field-required\" name=\"wpforms[fields][32]\" aria-errormessage=\"wpforms-75308-field_32-error\" required><\/div><\/div><\/div><div class=\"wpforms-layout-row\"><div class=\"wpforms-layout-column wpforms-layout-column-50\"><div id=\"wpforms-75308-field_2-container\" class=\"wpforms-field wpforms-field-email\" data-field-id=\"2\"><label class=\"wpforms-field-label\" for=\"wpforms-75308-field_2\">Email <span class=\"wpforms-required-label\" aria-hidden=\"true\">*<\/span><\/label><input type=\"email\" id=\"wpforms-75308-field_2\" class=\"wpforms-field-medium wpforms-field-required\" name=\"wpforms[fields][2]\" spellcheck=\"false\" aria-errormessage=\"wpforms-75308-field_2-error\" required><\/div><\/div><div class=\"wpforms-layout-column wpforms-layout-column-50\"><div id=\"wpforms-75308-field_3-container\" class=\"wpforms-field wpforms-field-phone\" data-field-id=\"3\"><label class=\"wpforms-field-label\" for=\"wpforms-75308-field_3\">Telefon<\/label><input type=\"tel\" id=\"wpforms-75308-field_3\" class=\"wpforms-field-medium wpforms-smart-phone-field\" data-rule-smart-phone-field=\"true\" name=\"wpforms[fields][3]\" aria-label=\"Telefon\" aria-errormessage=\"wpforms-75308-field_3-error\" ><\/div><\/div><\/div><div class=\"wpforms-layout-row\"><div class=\"wpforms-layout-column wpforms-layout-column-50\"><div id=\"wpforms-75308-field_33-container\" class=\"wpforms-field wpforms-field-text\" data-field-id=\"33\"><label class=\"wpforms-field-label\" for=\"wpforms-75308-field_33\">Va\u0161e adresa<\/label><input type=\"text\" id=\"wpforms-75308-field_33\" class=\"wpforms-field-medium\" name=\"wpforms[fields][33]\" aria-errormessage=\"wpforms-75308-field_33-error\" ><\/div><\/div><div class=\"wpforms-layout-column wpforms-layout-column-50\"><div id=\"wpforms-75308-field_14-container\" class=\"wpforms-field wpforms-field-text\" data-field-id=\"14\"><label class=\"wpforms-field-label\" for=\"wpforms-75308-field_14\">PS\u010c <span class=\"wpforms-required-label\" aria-hidden=\"true\">*<\/span><\/label><input type=\"text\" id=\"wpforms-75308-field_14\" class=\"wpforms-field-medium wpforms-field-required\" name=\"wpforms[fields][14]\" aria-errormessage=\"wpforms-75308-field_14-error\" required><\/div><\/div><\/div><\/div><\/div><div id=\"wpforms-75308-field_16-container\" class=\"wpforms-field wpforms-field-html\" data-field-id=\"16\"><div id=\"wpforms-75308-field_16\" aria-errormessage=\"wpforms-75308-field_16-error\"><font size=\"2\">Odesl\u00e1n\u00edm popt\u00e1vky souhlas\u00edte se <a href=\"https:\/\/skrivanek.cz\/cz\/zpracovani-ochrana-osobnich-udaju\/\" title=\"Z\u00e1sady zpracov\u00e1n\u00ed osobn\u00edch \u00fadaj\u016f\" target=\"_blank\">z\u00e1sadami zpracov\u00e1n\u00ed osobn\u00edch \u00fadaj\u016f<\/a>.<\/font><\/div><\/div><div id=\"wpforms-75308-field_34-container\" class=\"wpforms-field wpforms-field-hidden\" data-field-id=\"34\"><input type=\"hidden\" id=\"wpforms-75308-field_34\" name=\"wpforms[fields][34]\" value=\"[channel]\"><\/div>\t\t<div id=\"wpforms-75308-field_1-container\"\n\t\t\tclass=\"wpforms-field wpforms-field-text\"\n\t\t\tdata-field-type=\"text\"\n\t\t\tdata-field-id=\"1\"\n\t\t\t>\n\t\t\t<label class=\"wpforms-field-label\" for=\"wpforms-75308-field_1\" >2 Page \u00farove\u0148?<\/label>\n\t\t\t<input type=\"text\" id=\"wpforms-75308-field_1\" class=\"wpforms-field-medium\" name=\"wpforms[fields][1]\" >\n\t\t<\/div>\n\t\t<div id=\"wpforms-75308-field_35-container\" class=\"wpforms-field wpforms-field-hidden\" data-field-id=\"35\"><input type=\"hidden\" id=\"wpforms-75308-field_35\" name=\"wpforms[fields][35]\" value=\"[channeldrilldown1]\"><\/div><div id=\"wpforms-75308-field_36-container\" class=\"wpforms-field wpforms-field-hidden\" data-field-id=\"36\"><input type=\"hidden\" id=\"wpforms-75308-field_36\" name=\"wpforms[fields][36]\" value=\"[channeldrilldown2]\"><\/div><div id=\"wpforms-75308-field_37-container\" class=\"wpforms-field wpforms-field-hidden\" data-field-id=\"37\"><input type=\"hidden\" id=\"wpforms-75308-field_37\" name=\"wpforms[fields][37]\" value=\"[channeldrilldown3]\"><\/div><div id=\"wpforms-75308-field_39-container\" class=\"wpforms-field wpforms-field-hidden\" data-field-id=\"39\"><input type=\"hidden\" id=\"wpforms-75308-field_39\" name=\"wpforms[fields][39]\" value=\"[landingpage]\"><\/div><div id=\"wpforms-75308-field_38-container\" class=\"wpforms-field wpforms-field-hidden\" data-field-id=\"38\"><input type=\"hidden\" id=\"wpforms-75308-field_38\" name=\"wpforms[fields][38]\" value=\"[landingpagegroup]\"><\/div><script>\n\t\t\t\t( function() {\n\t\t\t\t\tconst style = document.createElement( 'style' );\n\t\t\t\t\tstyle.appendChild( document.createTextNode( '#wpforms-75308-field_1-container { position: absolute !important; overflow: hidden !important; display: inline !important; height: 1px !important; width: 1px !important; z-index: -1000 !important; padding: 0 !important; } #wpforms-75308-field_1-container input { visibility: hidden; } #wpforms-conversational-form-page #wpforms-75308-field_1-container label { counter-increment: none; }' ) );\n\t\t\t\t\tdocument.head.appendChild( style );\n\t\t\t\t\tdocument.currentScript?.remove();\n\t\t\t\t} )();\n\t\t\t<\/script><\/div><!-- .wpforms-field-container --><div class=\"wpforms-recaptcha-container wpforms-is-recaptcha wpforms-is-recaptcha-type-v3\" ><input type=\"hidden\" name=\"wpforms[recaptcha]\" value=\"\"><\/div><div class=\"wpforms-submit-container\" ><input type=\"hidden\" name=\"wpforms[id]\" value=\"75308\"><input type=\"hidden\" name=\"page_title\" value=\"\"><input type=\"hidden\" name=\"page_url\" value=\"https:\/\/skrivanek.cz\/cz\/wp-json\/wp\/v2\/pages\/65861\"><input type=\"hidden\" name=\"url_referer\" value=\"\"><button type=\"submit\" name=\"wpforms[submit]\" id=\"wpforms-submit-75308\" class=\"wpforms-submit\" data-alt-text=\"Odes\u00edl\u00e1n\u00ed...\" data-submit-text=\"Odeslat\" aria-live=\"assertive\" value=\"wpforms-submit\">Odeslat<\/button><img loading=\"lazy\" decoding=\"async\" src=\"https:\/\/skrivanek.cz\/wp-content\/plugins\/wpforms\/assets\/images\/submit-spin.svg\" class=\"wpforms-submit-spinner\" style=\"display: none;\" width=\"26\" height=\"26\" alt=\"Na\u010d\u00edt\u00e1n\u00ed\"><\/div><\/form><\/div>  <!-- .wpforms-container --><\/div><\/div><\/div><\/div><\/div>","protected":false},"excerpt":{"rendered":"<p>Chcete-li vyplnit tento formul\u00e1\u0159, pros\u00edm povolte v&nbsp;prohl\u00ed\u017ee\u010di JavaScript.Chcete-li vyplnit tento formul\u00e1\u0159, pros\u00edm povolte v&nbsp;prohl\u00ed\u017ee\u010di JavaScript.Jak\u00fd jazyk budeme vyu\u010dovat?angli\u010dtinan\u011bm\u010dinafrancouz\u0161tinaital\u0161tinaru\u0161tina\u0161pan\u011bl\u0161tina\u010de\u0161tina pro cizincejin\u00fdJak\u00e1 je va\u0161e jazykov\u00e1 \u00farove\u0148?A1 za\u010d\u00e1te\u010dn\u00edkA2 m\u00edrn\u011b pokro\u010dil\u00fdB1 st\u0159edn\u011b pokro\u010dil\u00fdB2 pokro\u010dil\u00fdC1 velmi pokro\u010dil\u00fdC2 expertnev\u00edmForma v\u00fdukyonlineprezen\u010dn\u011b v&nbsp;u\u010debn\u011b J\u0160 Sk\u0159iv\u00e1nekjindePreference lektora\u010desk\u00fd lektorrodil\u00fd mluv\u010d\u00ednev\u00edm \/ nem\u00e1m preferenciVyberte si bal\u00ed\u010dek v\u00fduky10\u00d7 60 minut15\u00d7 60 minut20\u00d7 60 minut10\u00d7 90 minut15\u00d7 90 [&hellip;]<\/p>\n","protected":false},"author":9,"featured_media":0,"parent":12494,"menu_order":0,"comment_status":"closed","ping_status":"closed","template":"","meta":{"_acf_changed":false,"footnotes":""},"class_list":["post-65861","page","type-page","status-publish","hentry"],"acf":[],"aioseo_notices":[],"_links":{"self":[{"href":"https:\/\/skrivanek.cz\/cz\/wp-json\/wp\/v2\/pages\/65861","targetHints":{"allow":["GET"]}}],"collection":[{"href":"https:\/\/skrivanek.cz\/cz\/wp-json\/wp\/v2\/pages"}],"about":[{"href":"https:\/\/skrivanek.cz\/cz\/wp-json\/wp\/v2\/types\/page"}],"author":[{"embeddable":true,"href":"https:\/\/skrivanek.cz\/cz\/wp-json\/wp\/v2\/users\/9"}],"replies":[{"embeddable":true,"href":"https:\/\/skrivanek.cz\/cz\/wp-json\/wp\/v2\/comments?post=65861"}],"version-history":[{"count":5,"href":"https:\/\/skrivanek.cz\/cz\/wp-json\/wp\/v2\/pages\/65861\/revisions"}],"predecessor-version":[{"id":75721,"href":"https:\/\/skrivanek.cz\/cz\/wp-json\/wp\/v2\/pages\/65861\/revisions\/75721"}],"up":[{"embeddable":true,"href":"https:\/\/skrivanek.cz\/cz\/wp-json\/wp\/v2\/pages\/12494"}],"wp:attachment":[{"href":"https:\/\/skrivanek.cz\/cz\/wp-json\/wp\/v2\/media?parent=65861"}],"curies":[{"name":"wp","href":"https:\/\/api.w.org\/{rel}","templated":true}]}}