{"id":70507,"date":"2024-05-26T09:29:18","date_gmt":"2024-05-26T07:29:18","guid":{"rendered":"https:\/\/skrivanek.cz\/?page_id=70507"},"modified":"2026-03-24T12:49:45","modified_gmt":"2026-03-24T11:49:45","slug":"kurzy","status":"publish","type":"page","link":"https:\/\/skrivanek.cz\/cz\/jazykova-skola\/kurzy\/","title":{"rendered":"Skupinov\u00e1 v\u00fduka"},"content":{"rendered":"<div id=\"pl-70507\"  class=\"panel-layout\" ><div id=\"pg-70507-0\"  class=\"panel-grid panel-has-style\"  style=\"margin-bottom: 0px\" ><div class=\"siteorigin-panels-stretch panel-row-padding-none panel-row-style panel-row-style-for-70507-0\" data-stretch-type=\"full\" ><div id=\"pgc-70507-0-0\"  class=\"panel-grid-cell\" ><div id=\"panel-70507-0-0-0\" class=\"so-panel widget widget_wpa9-card-m-ext panel-first-child panel-last-child\" data-index=\"0\" ><div\n\t\t\t\n\t\t\tclass=\"so-widget-wpa9-card-m-ext so-widget-wpa9-card-m-ext-default-c93e1481a745-70507\"\n\t\t\t\n\t\t>\n\n<div class=\"wpa9-card wpa9-card-m-ext-container d-flex flex-wrap justify-content-center wpa9-columns-2\">\n\n\n\t\n\t<div class=\"wpa9-card-m-ext-panel wpa9-panel _shadow rounded d-flex flex-wrap align-items-stretch\">\n\n\t\t\t<div>\n\n\t\t\t\t\n\t\t\t\t\t\t\t\t<figure class=\"dadsad wpa9-card-image wpa9-card-icon icon-size-s text-start\">\n\t\t\t\t\t\t\t\t    <img loading=\"lazy\" decoding=\"async\" src=\"https:\/\/skrivanek.cz\/wp-content\/uploads\/2021\/03\/ico-nmt.svg\" alt=\"Forma kurzu\" width=\"62\" height=\"62\" style=\"display: none\" \/>\n\t\t\t\t\t<span style=\"mask-image: url(https:\/\/skrivanek.cz\/wp-content\/uploads\/2021\/03\/ico-nmt.svg); -webkit-mask-image: url(https:\/\/skrivanek.cz\/wp-content\/uploads\/2021\/03\/ico-nmt.svg);\"><\/span>\n\t\t\t\t\t\t\t\t  <\/figure>\n\t\t\t\t\n\n\n\t\t\t\t\n\t\t    <div class=\"wpa9-card-header\">\n\t\t\t\t\t\t\t      <h2 class=\"wpa9-card-title text-start\">Forma kurzu<\/h2>\n\t\t\t\t\t\t\t    <\/div>\n\n\t\t    <div class=\"wpa9-card-main wpa9-card-content text-start\">\n\t\t      Kurzy prob\u00edhaj\u00ed online, co\u017e v\u00e1m p\u0159in\u00e1\u0161\u00ed nespo\u010det v\u00fdhod. Nemus\u00edte nikam doj\u00ed\u017ed\u011bt, m\u016f\u017eete se u\u010dit z&nbsp;pohodl\u00ed sv\u00e9ho domova nebo kancel\u00e1\u0159e. Online form\u00e1t tak\u00e9 umo\u017e\u0148uje flexibilitu ve va\u0161em harmonogramu a&nbsp;p\u0159\u00edstup ke studijn\u00edm materi\u00e1l\u016fm kdykoli a&nbsp;odkudkoli. Nav\u00edc m\u016f\u017eete vyu\u017e\u00edt interaktivn\u00ed n\u00e1stroje a&nbsp;technologie, kter\u00e9 \u010din\u00ed u\u010den\u00ed z\u00e1bavn\u011bj\u0161\u00edm a&nbsp;efektivn\u011bj\u0161\u00edm.\t\t    <\/div>\n\n\t\t\t<\/div>\n\n\t\t\t<div class=\"wpa9-card-aside meta meta-buttons align-self-end text-start\">\n\t\t\t\t\t\t<\/div>\n\n\t<\/div>\n\n\t\n\t<div class=\"wpa9-card-m-ext-panel wpa9-panel _shadow rounded d-flex flex-wrap align-items-stretch\">\n\n\t\t\t<div>\n\n\t\t\t\t\n\t\t\t\t\t\t\t\t<figure class=\"dadsad wpa9-card-image wpa9-card-icon icon-size-s text-start\">\n\t\t\t\t\t\t\t\t    <img loading=\"lazy\" decoding=\"async\" src=\"https:\/\/skrivanek.cz\/wp-content\/uploads\/2023\/03\/ico-skupina-lidi.svg\" alt=\"Po\u010det student\u016f ve skupin\u011b\" width=\"62\" height=\"62\" style=\"display: none\" \/>\n\t\t\t\t\t<span style=\"mask-image: url(https:\/\/skrivanek.cz\/wp-content\/uploads\/2023\/03\/ico-skupina-lidi.svg); -webkit-mask-image: url(https:\/\/skrivanek.cz\/wp-content\/uploads\/2023\/03\/ico-skupina-lidi.svg);\"><\/span>\n\t\t\t\t\t\t\t\t  <\/figure>\n\t\t\t\t\n\n\n\t\t\t\t\n\t\t    <div class=\"wpa9-card-header\">\n\t\t\t\t\t\t\t      <h2 class=\"wpa9-card-title text-start\">Po\u010det student\u016f ve skupin\u011b<\/h2>\n\t\t\t\t\t\t\t    <\/div>\n\n\t\t    <div class=\"wpa9-card-main wpa9-card-content text-start\">\n\t\t      Ka\u017ed\u00e1 skupina bude m\u00edt 3-4 studenty. Tento mal\u00fd po\u010det zaji\u0161\u0165uje individu\u00e1ln\u00ed p\u0159\u00edstup lektora ke ka\u017ed\u00e9mu studentovi, dostatek \u010dasu na procvi\u010dov\u00e1n\u00ed a&nbsp;z\u00e1rove\u0148 zachov\u00e1n\u00ed dynamiky skupinov\u00e9 v\u00fduky. Men\u0161\u00ed skupiny tak\u00e9 umo\u017e\u0148uj\u00ed efektivn\u011bj\u0161\u00ed zp\u011btnou vazbu a&nbsp;intenzivn\u011bj\u0161\u00ed zapojen\u00ed do v\u00fduky.\t\t    <\/div>\n\n\t\t\t<\/div>\n\n\t\t\t<div class=\"wpa9-card-aside meta meta-buttons align-self-end text-start\">\n\t\t\t\t\t\t<\/div>\n\n\t<\/div>\n\n\t\n\n<\/div>\n<\/div><\/div><\/div><\/div><\/div><div id=\"pg-70507-1\"  class=\"panel-grid panel-has-style\"  style=\"margin-bottom: 0px\" ><div class=\"siteorigin-panels-stretch panel-row-padding-none panel-row-style panel-row-style-for-70507-1\" data-stretch-type=\"full\" ><div id=\"pgc-70507-1-0\"  class=\"panel-grid-cell\" ><div id=\"panel-70507-1-0-0\" class=\"so-panel widget widget_wpa9-editor-ext panel-first-child panel-last-child\" data-index=\"1\" ><div\n\t\t\t\n\t\t\tclass=\"so-widget-wpa9-editor-ext so-widget-wpa9-editor-ext-default-c93e1481a745-70507\"\n\t\t\t\n\t\t>\n<div class=\"siteorigin-widget-tinymce textwidget\">\n\t<h3 style=\"text-align: center;\">Pro\u010d si vybrat skupinov\u00fd kurz od Sk\u0159iv\u00e1nka?<\/h3>\n<div class=\"columns columns-4\" data-columns=\"4\">\n<div class=\"column column-1\">\n<p><img alt=\"ico-certifikovana-spolecnost\" loading=\"lazy\" decoding=\"async\" class=\"wp-image-5285 aligncenter\" src=\"https:\/\/skrivanek.cz\/wp-content\/uploads\/2021\/03\/ico-certifikovana-spolecnost.svg\" alt=\"\" width=\"30\" height=\"30\" \/><\/p>\n<h4 style=\"text-align: center;\">Profesion\u00e1ln\u00ed lekto\u0159i<\/h4>\n<p style=\"text-align: center;\">Na\u0161i lekto\u0159i jsou kvalifikovan\u00ed odborn\u00edci s&nbsp;bohat\u00fdmi zku\u0161enostmi v&nbsp;oblasti v\u00fduky jazyk\u016f.<\/p>\n<\/div>\n<div class=\"column column-2\">\n<p><img alt=\"ico-nmt\" loading=\"lazy\" decoding=\"async\" class=\"wp-image-5221 aligncenter\" src=\"https:\/\/skrivanek.cz\/wp-content\/uploads\/2021\/03\/ico-nmt.svg\" alt=\"\" width=\"30\" height=\"30\" \/><\/p>\n<h4 style=\"text-align: center;\">Interaktivn\u00ed v\u00fduka<\/h4>\n<p style=\"text-align: center;\">Vyu\u017e\u00edv\u00e1me modern\u00ed technologie a&nbsp;interaktivn\u00ed metody, kter\u00e9 \u010din\u00ed v\u00fduku zaj\u00edmavou a&nbsp;efektivn\u00ed.<\/p>\n<\/div>\n<div class=\"column column-3\">\n<p><img alt=\"ico-cena-1\" decoding=\"async\" class=\"wp-image-27212 aligncenter\" src=\"https:\/\/skrivanek.cz\/wp-content\/uploads\/2023\/03\/ico-cena-1.svg\" alt=\"\" width=\"30\" \/><\/p>\n<h4 style=\"text-align: center;\">Cenov\u00e1 dostupnost<\/h4>\n<p style=\"text-align: center;\">Nab\u00edz\u00edme kvalitn\u00ed kurzy za p\u0159ijateln\u00e9 ceny, co\u017e \u010din\u00ed studium jazyk\u016f dostupn\u011bj\u0161\u00edm pro ka\u017ed\u00e9ho.<\/p>\n<\/div>\n<div class=\"column column-4\">\n<p><img decoding=\"async\" class=\"aligncenter wp-image-61371\" src=\"https:\/\/skrivanek.cz\/wp-content\/uploads\/2023\/08\/ico-pece-1.svg\" alt=\"z\u00e1kaznick\u00e1 p\u00e9\u010de\" width=\"35\" \/><\/p>\n<h4 style=\"text-align: center;\">Individu\u00e1ln\u00ed p\u0159\u00edstup<\/h4>\n<p style=\"text-align: center;\">I v&nbsp;r\u00e1mci skupinov\u00fdch kurz\u016f se zam\u011b\u0159ujeme na individu\u00e1ln\u00ed pot\u0159eby a&nbsp;pokrok ka\u017ed\u00e9ho studenta, co\u017e zaji\u0161\u0165uje efektivn\u00ed a&nbsp;osobn\u00ed rozvoj.<\/p>\n<\/div>\n<\/div>\n<p>&nbsp;<\/p>\n<\/div>\n<\/div><\/div><\/div><\/div><\/div><div id=\"pg-70507-2\"  class=\"panel-grid panel-has-style\"  style=\"margin-bottom: 0px\" ><div class=\"siteorigin-panels-stretch panel-row-padding-none panel-row-style panel-row-style-for-70507-2\" data-stretch-type=\"full\" ><div id=\"pgc-70507-2-0\"  class=\"panel-grid-cell\" ><div id=\"panel-70507-2-0-0\" class=\"so-panel widget widget_wpa9-editor-ext panel-first-child panel-last-child\" data-index=\"2\" ><div\n\t\t\t\n\t\t\tclass=\"so-widget-wpa9-editor-ext so-widget-wpa9-editor-ext-default-c93e1481a745-70507\"\n\t\t\t\n\t\t>\n<div class=\"siteorigin-widget-tinymce textwidget\">\n\t<h3 style=\"text-align: center;\">V\u00fdhody skupinov\u00e9ho kurzu<\/h3>\n<p>&nbsp;<\/p>\n<div class=\"columns columns-3\" data-columns=\"3\">\n<div class=\"column column-1\">\n<h4 style=\"text-align: center;\">Motivace a&nbsp;podpora skupiny<\/h4>\n<div class=\"wpa9-panel-title\" style=\"text-align: center;\">U\u010den\u00ed v\u00a0mal\u00e9 skupin\u011b vytv\u00e1\u0159\u00ed podp\u016frn\u00e9 prost\u0159ed\u00ed, kde si studenti navz\u00e1jem pom\u00e1haj\u00ed a\u00a0motivuj\u00ed se k\u00a0dosa\u017een\u00ed lep\u0161\u00edch v\u00fdsledk\u016f.<\/div>\n<\/div>\n<div class=\"column column-2\">\n<h4 style=\"text-align: center;\">Simulace re\u00e1ln\u00fdch situac\u00ed<\/h4>\n<div class=\"wpa9-panel-content\">\n<p>Skupinov\u00e9 kurzy umo\u017e\u0148uj\u00ed simulovat re\u00e1ln\u00e9 konverza\u010dn\u00ed situace, co\u017e v\u00e1m pom\u016f\u017ee l\u00e9pe se p\u0159ipravit na skute\u010dn\u00e9 jazykov\u00e9 interakce.<\/p>\n<\/div>\n<\/div>\n<div class=\"column column-3\">\n<h4 style=\"text-align: center;\">V\u00fdhodn\u011bj\u0161\u00ed cena<\/h4>\n<div class=\"wpa9-panel-content\">\n<p style=\"text-align: center;\">N\u00e1klady na skupinov\u00e9 kurzy jsou cenov\u011b dostupn\u011bj\u0161\u00edmi ve srovn\u00e1n\u00ed s&nbsp;individu\u00e1ln\u00edmi lekcemi.<\/p>\n<\/div>\n<p style=\"text-align: center;\">\n<\/p><p style=\"text-align: center;\">\n<\/p><\/div>\n<\/div>\n<div class=\"columns columns-2\" data-columns=\"2\">\n<div class=\"column column-1\">\n<h4 style=\"text-align: center;\">Soci\u00e1ln\u00ed aspekt<\/h4>\n<p style=\"text-align: center;\">Sezn\u00e1m\u00edte se s\u00a0nov\u00fdmi lidmi, kte\u0159\u00ed sd\u00edlej\u00ed va\u0161e z\u00e1jmy a\u00a0c\u00edle, co\u017e \u010din\u00ed u\u010den\u00ed v\u00edce spole\u010densk\u00fdm a\u00a0z\u00e1bavn\u00fdm.<\/p>\n<\/div>\n<div class=\"column column-2\">\n<h4 style=\"text-align: center;\">V\u011bt\u0161\u00ed z\u00e1bava<\/h4>\n<p style=\"text-align: center;\">Interakce s\u00a0ostatn\u00edmi studenty p\u0159in\u00e1\u0161\u00ed do u\u010den\u00ed prvek hry a\u00a0sout\u011b\u017ee, co\u017e zvy\u0161uje motivaci a\u00a0radost z\u00a0u\u010den\u00ed.<\/p>\n<\/div>\n<\/div>\n<\/div>\n<\/div><\/div><\/div><div id=\"pgc-70507-2-1\"  class=\"panel-grid-cell\" ><div id=\"panel-70507-2-1-0\" class=\"so-panel widget widget_wpa9-editor-ext panel-first-child panel-last-child\" data-index=\"3\" ><div\n\t\t\t\n\t\t\tclass=\"so-widget-wpa9-editor-ext so-widget-wpa9-editor-ext-default-c93e1481a745-70507\"\n\t\t\t\n\t\t>\n<div class=\"siteorigin-widget-tinymce textwidget\">\n\t<div class=\"mceTemp\"><\/div>\n<p><img loading=\"lazy\" decoding=\"async\" class=\"aligncenter wp-image-76798\" src=\"https:\/\/skrivanek.cz\/wp-content\/uploads\/2025\/06\/close-up-woman-working-with-computer-948x520.jpg\" alt=\"skupinov\u00e9 kurzy\" width=\"1000\" height=\"672\" \/><\/p>\n<p><img loading=\"lazy\" decoding=\"async\" class=\"alignright wp-image-72984\" src=\"https:\/\/skrivanek.cz\/wp-content\/uploads\/2024\/06\/francouzstina-a1-a2-b1-b2-c1-c2-948x520.jpg\" alt=\"francouz\u0161tina a1, a2, b1, b2, c1, c2\" width=\"948\" height=\"520\" \/><\/p>\n<\/div>\n<\/div><\/div><\/div><\/div><\/div><div id=\"pg-70507-3\"  class=\"panel-grid panel-has-style\"  style=\"margin-bottom: 0px\" ><div class=\"panel-row-padding-none panel-row-style panel-row-style-for-70507-3\" ><div id=\"pgc-70507-3-0\"  class=\"panel-grid-cell\" ><div id=\"panel-70507-3-0-0\" class=\"so-panel widget widget_wpa9-editor-ext panel-first-child panel-last-child\" data-index=\"4\" ><div\n\t\t\t\n\t\t\tclass=\"so-widget-wpa9-editor-ext so-widget-wpa9-editor-ext-default-c93e1481a745-70507\"\n\t\t\t\n\t\t>\n<div class=\"siteorigin-widget-tinymce textwidget\">\n\t<h3 style=\"text-align: center;\">Individu\u00e1ln\u00ed kurzy \u2013 v\u00fduka na m\u00edru va\u0161im pot\u0159eb\u00e1m<\/h3>\n<p style=\"text-align: center;\">Pokud ale chcete, aby se lektor soust\u0159edil <strong data-start=\"290\" data-end=\"315\">v\u00fdhradn\u011b na va\u0161e c\u00edle<\/strong>, p\u0159izp\u016fsobil tempo jen v\u00e1m a&nbsp;v\u00fduku nastavil podle va\u0161eho rozvrhu, pak je ide\u00e1ln\u00ed volbou <strong data-start=\"404\" data-end=\"425\">individu\u00e1ln\u00ed kurz<\/strong> \u2013 jen vy a&nbsp;v\u00e1\u0161 lektor.<\/p>\n<p style=\"text-align: center;\"><span style=\"font-size: 28px;\"><a class=\"btn btn-negative\" href=\"https:\/\/skrivanek.cz\/cz\/jazykova-skola\/individualni-vyuka-jazyku\/\">Chci individu\u00e1ln\u00ed v\u00fduku<\/a><\/span><\/p>\n<p>&nbsp;<\/p>\n<p>&nbsp;<\/p>\n<\/div>\n<\/div><\/div><\/div><\/div><\/div><div id=\"pg-70507-4\"  class=\"panel-grid panel-has-style\"  style=\"margin-bottom: 0px\" ><div class=\"siteorigin-panels-stretch panel-row-padding-none panel-row-style panel-row-style-for-70507-4\" data-stretch-type=\"full\" ><div id=\"pgc-70507-4-0\"  class=\"panel-grid-cell\" ><div id=\"panel-70507-4-0-0\" class=\"so-panel widget widget_wpa9-accordion panel-first-child panel-last-child\" data-index=\"5\" ><div\n\t\t\t\n\t\t\tclass=\"so-widget-wpa9-accordion so-widget-wpa9-accordion-default-c93e1481a745-70507\"\n\t\t\t\n\t\t><h3 class=\"widget-title\">FAQ: \u010dasto kladen\u00e9 ot\u00e1zky ke skupinov\u00fdm kurz\u016fm<\/h3><div class=\"wpa9-accordion\">\n\t<div class=\"wpa9-accordion-panel\" id=\"wpa9-accordion-panel-jake-skupinove-kurzy-nabizite\">\n\n\t\t<div class=\"wpa9-accordion-toggler d-flex\" data-panel=\"jake-skupinove-kurzy-nabizite\" role=\"button\" aria-controls=\"wpa9-accordion-panel-jake-skupinove-kurzy-nabizite\" aria-expanded=\"false\">\n\n\t\t\t<div class=\"wpa9-accordion-icon wpa9-accordion-icon-open\"><\/div>\n\n\t\t\t<div class=\"wpa9-accordion-title\">Jak\u00e9 skupinov\u00e9 kurzy nab\u00edz\u00edte?<\/div>\n\n\t\t<\/div>\n\n\t\t<div class=\"wpa9-accordion-content\" role=\"region\">\n\t\t\t<p>Nab\u00edz\u00edme skupinov\u00e9 online kurzy angli\u010dtiny (\u00farovn\u011b A1\u2013B2), n\u011bm\u010diny (A1\u2013B1) a&nbsp;francouz\u0161tiny (A1\u2013B2). Krom\u011b b\u011b\u017en\u00fdch kurz\u016f nab\u00edz\u00edme tak\u00e9 angli\u010dtinu pro seniory a&nbsp;p\u0159\u00edpravn\u00fd kurz \u201eMaturita z&nbsp;angli\u010dtiny s\u202fklidem\u201c.<\/p>\n\t\t<\/div>\n\n\t<\/div>\n\t<div class=\"wpa9-accordion-panel\" id=\"wpa9-accordion-panel-v-jake-forme-kurzy-probihaji\">\n\n\t\t<div class=\"wpa9-accordion-toggler d-flex\" data-panel=\"v-jake-forme-kurzy-probihaji\" role=\"button\" aria-controls=\"wpa9-accordion-panel-v-jake-forme-kurzy-probihaji\" aria-expanded=\"false\">\n\n\t\t\t<div class=\"wpa9-accordion-icon wpa9-accordion-icon-open\"><\/div>\n\n\t\t\t<div class=\"wpa9-accordion-title\">V jak\u00e9 form\u011b kurzy prob\u00edhaj\u00ed?<\/div>\n\n\t\t<\/div>\n\n\t\t<div class=\"wpa9-accordion-content\" role=\"region\">\n\t\t\t<p>V\u0161echny kurzy prob\u00edhaj\u00ed online \u2013 v&nbsp;re\u00e1ln\u00e9m \u010dase, \u017eiv\u011b s&nbsp;lektorem. P\u0159ipoj\u00edte se z&nbsp;pohodl\u00ed domova a&nbsp;v\u00fduka prob\u00edh\u00e1 ve virtu\u00e1ln\u00ed u\u010debn\u011b s&nbsp;malou skupinou student\u016f.<\/p>\n\t\t<\/div>\n\n\t<\/div>\n\t<div class=\"wpa9-accordion-panel\" id=\"wpa9-accordion-panel-pro-koho-jsou-kurzy-urceny\">\n\n\t\t<div class=\"wpa9-accordion-toggler d-flex\" data-panel=\"pro-koho-jsou-kurzy-urceny\" role=\"button\" aria-controls=\"wpa9-accordion-panel-pro-koho-jsou-kurzy-urceny\" aria-expanded=\"false\">\n\n\t\t\t<div class=\"wpa9-accordion-icon wpa9-accordion-icon-open\"><\/div>\n\n\t\t\t<div class=\"wpa9-accordion-title\">Pro koho jsou kurzy ur\u010deny?<\/div>\n\n\t\t<\/div>\n\n\t\t<div class=\"wpa9-accordion-content\" role=\"region\">\n\t\t\t<p>Kurzy jsou ur\u010deny pro dosp\u011bl\u00e9 z\u00e1jemce \u2013 od \u00fapln\u00fdch za\u010d\u00e1te\u010dn\u00edk\u016f po&nbsp;st\u0159edn\u011b pokro\u010dil\u00e9. Kurzy vedou zku\u0161en\u00ed lekto\u0159i s&nbsp;d\u016frazem na konverzaci a&nbsp;praktick\u00e9 vyu\u017eit\u00ed jazyka.<\/p>\n\t\t<\/div>\n\n\t<\/div>\n\t<div class=\"wpa9-accordion-panel\" id=\"wpa9-accordion-panel-jak-se-na-kurz-prihlasim\">\n\n\t\t<div class=\"wpa9-accordion-toggler d-flex\" data-panel=\"jak-se-na-kurz-prihlasim\" role=\"button\" aria-controls=\"wpa9-accordion-panel-jak-se-na-kurz-prihlasim\" aria-expanded=\"false\">\n\n\t\t\t<div class=\"wpa9-accordion-icon wpa9-accordion-icon-open\"><\/div>\n\n\t\t\t<div class=\"wpa9-accordion-title\">Jak se na kurz p\u0159ihl\u00e1s\u00edm?<\/div>\n\n\t\t<\/div>\n\n\t\t<div class=\"wpa9-accordion-content\" role=\"region\">\n\t\t\t<p>Vyberte si konkr\u00e9tn\u00ed kurz na t\u00e9to str\u00e1nce a&nbsp;klikn\u011bte na tla\u010d\u00edtko \u201eObjednat\u201c.<\/p>\n\t\t<\/div>\n\n\t<\/div>\n\t<div class=\"wpa9-accordion-panel\" id=\"wpa9-accordion-panel-co-kdyz-nevim-jaky-kurz-zvolit\">\n\n\t\t<div class=\"wpa9-accordion-toggler d-flex\" data-panel=\"co-kdyz-nevim-jaky-kurz-zvolit\" role=\"button\" aria-controls=\"wpa9-accordion-panel-co-kdyz-nevim-jaky-kurz-zvolit\" aria-expanded=\"false\">\n\n\t\t\t<div class=\"wpa9-accordion-icon wpa9-accordion-icon-open\"><\/div>\n\n\t\t\t<div class=\"wpa9-accordion-title\">Co kdy\u017e nev\u00edm, jak\u00fd kurz zvolit?<\/div>\n\n\t\t<\/div>\n\n\t\t<div class=\"wpa9-accordion-content\" role=\"region\">\n\t\t\t<p>Pokud si nejste jist\u00ed v\u00fdb\u011brem kurzu nebo \u00farovn\u00ed, doporu\u010dujeme vyplnit n\u00e1\u0161 roz\u0159azovac\u00ed test. R\u00e1di v\u00e1m tak\u00e9 porad\u00edme telefonicky nebo e-mailem.<\/p>\n\t\t<\/div>\n\n\t<\/div>\n\t<div class=\"wpa9-accordion-panel\" id=\"wpa9-accordion-panel-jak-dlouho-jeden-kurz-trva\">\n\n\t\t<div class=\"wpa9-accordion-toggler d-flex\" data-panel=\"jak-dlouho-jeden-kurz-trva\" role=\"button\" aria-controls=\"wpa9-accordion-panel-jak-dlouho-jeden-kurz-trva\" aria-expanded=\"false\">\n\n\t\t\t<div class=\"wpa9-accordion-icon wpa9-accordion-icon-open\"><\/div>\n\n\t\t\t<div class=\"wpa9-accordion-title\">Jak dlouho jeden kurz trv\u00e1?<\/div>\n\n\t\t<\/div>\n\n\t\t<div class=\"wpa9-accordion-content\" role=\"region\">\n\t\t\t<p>Ka\u017ed\u00fd kurz m\u00e1 pevn\u011b dan\u00fd po\u010det lekc\u00ed \u2013 zpravidla 12, podle konkr\u00e9tn\u00ed nab\u00eddky. V\u00fduka prob\u00edh\u00e1 jednou t\u00fddn\u011b a&nbsp;jedna lekce trv\u00e1 60 minut. P\u0159esn\u00e9 informace najdete v\u017edy u&nbsp;konkr\u00e9tn\u00edho kurzu.<\/p>\n\t\t<\/div>\n\n\t<\/div>\n\t<div class=\"wpa9-accordion-panel\" id=\"wpa9-accordion-panel-kolik-studentu-je-ve-skupine\">\n\n\t\t<div class=\"wpa9-accordion-toggler d-flex\" data-panel=\"kolik-studentu-je-ve-skupine\" role=\"button\" aria-controls=\"wpa9-accordion-panel-kolik-studentu-je-ve-skupine\" aria-expanded=\"false\">\n\n\t\t\t<div class=\"wpa9-accordion-icon wpa9-accordion-icon-open\"><\/div>\n\n\t\t\t<div class=\"wpa9-accordion-title\">Kolik student\u016f je ve skupin\u011b?<\/div>\n\n\t\t<\/div>\n\n\t\t<div class=\"wpa9-accordion-content\" role=\"region\">\n\t\t\t<p>Kurzy prob\u00edhaj\u00ed v&nbsp;mal\u00fdch skupin\u00e1ch \u2013 obvykle 3 a\u017e 4 \u00fa\u010dastn\u00edk\u016f. D\u00edky tomu se ka\u017ed\u00fd student dostane ke slovu a&nbsp;v\u00fduka je interaktivn\u00ed a&nbsp;individu\u00e1ln\u011b zam\u011b\u0159en\u00e1.<\/p>\n\t\t<\/div>\n\n\t<\/div>\n\t<div class=\"wpa9-accordion-panel\" id=\"wpa9-accordion-panel-potrebuji-k-vyuce-nejake-specialni-vybaveni\">\n\n\t\t<div class=\"wpa9-accordion-toggler d-flex\" data-panel=\"potrebuji-k-vyuce-nejake-specialni-vybaveni\" role=\"button\" aria-controls=\"wpa9-accordion-panel-potrebuji-k-vyuce-nejake-specialni-vybaveni\" aria-expanded=\"false\">\n\n\t\t\t<div class=\"wpa9-accordion-icon wpa9-accordion-icon-open\"><\/div>\n\n\t\t\t<div class=\"wpa9-accordion-title\">Pot\u0159ebuji k&nbsp;v\u00fduce n\u011bjak\u00e9 speci\u00e1ln\u00ed vybaven\u00ed?<\/div>\n\n\t\t<\/div>\n\n\t\t<div class=\"wpa9-accordion-content\" role=\"region\">\n\t\t\t<p>Sta\u010d\u00ed b\u011b\u017en\u00fd po\u010d\u00edta\u010d, tablet nebo chytr\u00fd telefon s&nbsp;p\u0159ipojen\u00edm k&nbsp;internetu, mikrofonem a&nbsp;kamerou. V\u00fduka prob\u00edh\u00e1 ve virtu\u00e1ln\u00ed u\u010debn\u011b, ke kter\u00e9 z\u00edsk\u00e1te p\u0159\u00edstupov\u00e9 \u00fadaje e-mailem.<\/p>\n\t\t<\/div>\n\n\t<\/div>\n\t<div class=\"wpa9-accordion-panel\" id=\"wpa9-accordion-panel-kolik-stoji-skupinovy-jazykovy-kurz-a-kolik-stoji-jedna-lekce\">\n\n\t\t<div class=\"wpa9-accordion-toggler d-flex\" data-panel=\"kolik-stoji-skupinovy-jazykovy-kurz-a-kolik-stoji-jedna-lekce\" role=\"button\" aria-controls=\"wpa9-accordion-panel-kolik-stoji-skupinovy-jazykovy-kurz-a-kolik-stoji-jedna-lekce\" aria-expanded=\"false\">\n\n\t\t\t<div class=\"wpa9-accordion-icon wpa9-accordion-icon-open\"><\/div>\n\n\t\t\t<div class=\"wpa9-accordion-title\">Kolik stoj\u00ed skupinov\u00fd jazykov\u00fd kurz a&nbsp;kolik stoj\u00ed jedna lekce?<\/div>\n\n\t\t<\/div>\n\n\t\t<div class=\"wpa9-accordion-content\" role=\"region\">\n\t\t\t<p data-start=\"192\" data-end=\"383\">V\u011bt\u0161ina skupinov\u00fdch online kurz\u016f stoj\u00ed <strong data-start=\"231\" data-end=\"243\">3&nbsp;120&nbsp;K\u010d<\/strong> za 12 lekc\u00ed (1\u00d7 t\u00fddn\u011b, 60 minut). To znamen\u00e1, \u017ee <strong data-start=\"293\" data-end=\"326\">jedna lekce vych\u00e1z\u00ed na 260&nbsp;K\u010d<\/strong>.<br data-start=\"327\" data-end=\"330\" \/>U speci\u00e1ln\u00edch kurz\u016f se cena m\u016f\u017ee m\u00edrn\u011b li\u0161it \u2013 nap\u0159.:<\/p>\n<ul data-start=\"385\" data-end=\"554\">\n<li data-start=\"385\" data-end=\"450\">\n<p data-start=\"387\" data-end=\"450\"><strong data-start=\"387\" data-end=\"413\">Angli\u010dtina pro seniory<\/strong>: 3&nbsp;500&nbsp;K\u010d \u2192 <strong data-start=\"426\" data-end=\"448\">291,67&nbsp;K\u010d za lekci<\/strong><\/p>\n<\/li>\n<li data-start=\"451\" data-end=\"554\">\n<p data-start=\"453\" data-end=\"554\"><strong data-start=\"453\" data-end=\"503\">Konverza\u010dn\u00ed kurz \u201eRozmluvte se p\u0159ed dovolenou\u201c<\/strong> (90minutov\u00e9 lekce): 3&nbsp;590&nbsp;K\u010d \u2192 <strong data-start=\"535\" data-end=\"554\">299&nbsp;K\u010d za lekci<\/strong><\/p>\n<\/li>\n<\/ul>\n<p data-start=\"556\" data-end=\"630\">P\u0159esn\u00e9 ceny i&nbsp;d\u00e9lku lekc\u00ed najdete v\u017edy u&nbsp;konkr\u00e9tn\u00edho kurzu v&nbsp;tabulce v\u00fd\u0161e.<\/p>\n\t\t<\/div>\n\n\t<\/div>\n<\/div>\n<\/div><\/div><\/div><\/div><\/div><div id=\"pg-70507-5\"  class=\"panel-grid panel-has-style\" ><div class=\"siteorigin-panels-stretch panel-row-padding-none panel-row-style panel-row-style-for-70507-5\" data-stretch-type=\"full\" ><div id=\"pgc-70507-5-0\"  class=\"panel-grid-cell\" ><div id=\"panel-70507-5-0-0\" class=\"so-panel widget widget_wpa9-card-s panel-first-child panel-last-child\" data-index=\"6\" ><div\n\t\t\t\n\t\t\tclass=\"so-widget-wpa9-card-s so-widget-wpa9-card-s-default-c93e1481a745-70507\"\n\t\t\t\n\t\t><div class=\"wpa9-card wpa9-card-s wide negative\">\n\n\t<div class=\"wpa9-card-wrapper container\">\n\n\t\t<div class=\"wpa9-card-text\">\n\t\t\t<h2 class=\"wpa9-card-title\">Nevybrali jste z&nbsp;na\u0161\u00ed nab\u00eddky?<\/h2>\n\t\t\t<div class=\"wpa9-card-content\"><p style=\"text-align: center\">Za\u0161lete n\u00e1m va\u0161e po\u017eadavky a&nbsp;p\u0159iprav\u00edme v\u00e1m kurz na m\u00edru.<\/p>\n<\/div>\t\t<\/div>\n\n\t\t\t\t<div class=\"meta meta-buttons d-flex flex-row justify-content-center\">\n\t\t\t\t\t\t\t<a class=\"btn btn-negative \" href=\"https:\/\/skrivanek.cz\/cz\/poptavka\/individualni-vyuka\/\" title=\"Chci kurz\">Chci kurz<\/a>\n\t\t\t\t<\/div>\n\t\t\n\t<\/div>\n\n<\/div>\n<\/div><\/div><\/div><\/div><\/div><\/div>","protected":false},"excerpt":{"rendered":"<p>Forma kurzu Kurzy prob\u00edhaj\u00ed online, co\u017e v\u00e1m p\u0159in\u00e1\u0161\u00ed nespo\u010det v\u00fdhod. Nemus\u00edte nikam doj\u00ed\u017ed\u011bt, m\u016f\u017eete se u\u010dit z&nbsp;pohodl\u00ed sv\u00e9ho domova nebo kancel\u00e1\u0159e. Online form\u00e1t tak\u00e9 umo\u017e\u0148uje flexibilitu ve va\u0161em harmonogramu a&nbsp;p\u0159\u00edstup ke studijn\u00edm materi\u00e1l\u016fm kdykoli a&nbsp;odkudkoli. Nav\u00edc m\u016f\u017eete vyu\u017e\u00edt interaktivn\u00ed n\u00e1stroje a&nbsp;technologie, kter\u00e9 \u010din\u00ed u\u010den\u00ed z\u00e1bavn\u011bj\u0161\u00edm a&nbsp;efektivn\u011bj\u0161\u00edm. Po\u010det student\u016f ve skupin\u011b Ka\u017ed\u00e1 skupina bude m\u00edt 3-4 [&hellip;]<\/p>\n","protected":false},"author":1,"featured_media":0,"parent":305,"menu_order":0,"comment_status":"closed","ping_status":"closed","template":"template-parts\/page_template__skupinova-vyuka.php","meta":{"_acf_changed":false,"footnotes":""},"class_list":["post-70507","page","type-page","status-publish","hentry"],"acf":[],"aioseo_notices":[],"_links":{"self":[{"href":"https:\/\/skrivanek.cz\/cz\/wp-json\/wp\/v2\/pages\/70507","targetHints":{"allow":["GET"]}}],"collection":[{"href":"https:\/\/skrivanek.cz\/cz\/wp-json\/wp\/v2\/pages"}],"about":[{"href":"https:\/\/skrivanek.cz\/cz\/wp-json\/wp\/v2\/types\/page"}],"author":[{"embeddable":true,"href":"https:\/\/skrivanek.cz\/cz\/wp-json\/wp\/v2\/users\/1"}],"replies":[{"embeddable":true,"href":"https:\/\/skrivanek.cz\/cz\/wp-json\/wp\/v2\/comments?post=70507"}],"version-history":[{"count":8,"href":"https:\/\/skrivanek.cz\/cz\/wp-json\/wp\/v2\/pages\/70507\/revisions"}],"predecessor-version":[{"id":80249,"href":"https:\/\/skrivanek.cz\/cz\/wp-json\/wp\/v2\/pages\/70507\/revisions\/80249"}],"up":[{"embeddable":true,"href":"https:\/\/skrivanek.cz\/cz\/wp-json\/wp\/v2\/pages\/305"}],"wp:attachment":[{"href":"https:\/\/skrivanek.cz\/cz\/wp-json\/wp\/v2\/media?parent=70507"}],"curies":[{"name":"wp","href":"https:\/\/api.w.org\/{rel}","templated":true}]}}