{"id":71598,"date":"2024-08-12T17:17:19","date_gmt":"2024-08-12T15:17:19","guid":{"rendered":"https:\/\/skrivanek.cz\/?page_id=71598"},"modified":"2026-02-09T17:35:34","modified_gmt":"2026-02-09T16:35:34","slug":"nas-tym","status":"publish","type":"page","link":"https:\/\/skrivanek.cz\/cz\/nas-tym\/","title":{"rendered":"N\u00e1\u0161 t\u00fdm"},"content":{"rendered":"<div id=\"pl-71598\"  class=\"panel-layout\" ><div id=\"pg-71598-0\"  class=\"panel-grid panel-no-style\" ><div id=\"pgc-71598-0-0\"  class=\"panel-grid-cell\" ><div id=\"panel-71598-0-0-0\" class=\"so-panel widget widget_wpa9-team-members panel-first-child panel-last-child\" data-index=\"0\" ><div\n\t\t\t\n\t\t\tclass=\"so-widget-wpa9-team-members so-widget-wpa9-team-members-default-c93e1481a745-71598\"\n\t\t\t\n\t\t>\n\n\n<div class=\"wpa9-team-members row\">\n\n\t\n\t\t\n\t\t\n\t\t\t<div class=\"wpa9-team-members-panel col-12 col-md-6 col-lg-4\">\n\n\t\t\t\t\t\t\t<figure class=\"wpa9-team-members-image\">\n\t\t\t\t\t<img alt=\"eva-kadlecova\" decoding=\"async\" src=\"https:\/\/skrivanek.cz\/wp-content\/uploads\/2024\/11\/eva-kadlecova.jpg\" alt=\"\" class=\"img-responsive\" \/>\n\t\t\t\t<\/figure>\n\n\t\t\t\t<h4 class=\"wpa9-team-members-name\">Eva Kadlecov\u00e1<\/h4>\n\n\t\t\t\t<div class=\"wpa9-team-members-position\">\u0159editelka<\/div>\n\t\t\t\t<div class=\"wpa9-team-members-email\"><a href=\"mailto:\" title=\"Send e-mail to Eva Kadlecov\u00e1\"><\/a><\/div>\n\t\t\t\t<div class=\"wpa9-team-members-phone\"><\/div>\n\t\t\t\t<div class=\"wpa9-team-members-description\">Liberec, Mlad\u00e1 Boleslav, \u00dast\u00ed nad Labem, Most<br \/>\n<a href=\"https:\/\/skrivanek.cz\/cz\/nas-tym\/eva-kadlecova\/\">v\u00edce informac\u00ed<\/a>\n\n<\/div>\n\n\t\t\t<\/div>\n\n\t\t\n\t\t\t<div class=\"wpa9-team-members-panel col-12 col-md-6 col-lg-4\">\n\n\t\t\t\t\t\t\t<figure class=\"wpa9-team-members-image\">\n\t\t\t\t\t<img alt=\"eva-parentova\" decoding=\"async\" src=\"https:\/\/skrivanek.cz\/wp-content\/uploads\/2024\/11\/eva-parentova.jpg\" alt=\"\" class=\"img-responsive\" \/>\n\t\t\t\t<\/figure>\n\n\t\t\t\t<h4 class=\"wpa9-team-members-name\">Eva Parentov\u00e1, DiS.<\/h4>\n\n\t\t\t\t<div class=\"wpa9-team-members-position\">\u0159editelka<\/div>\n\t\t\t\t<div class=\"wpa9-team-members-email\"><a href=\"mailto:\" title=\"Send e-mail to Eva Parentov\u00e1, DiS.\"><\/a><\/div>\n\t\t\t\t<div class=\"wpa9-team-members-phone\"><\/div>\n\t\t\t\t<div class=\"wpa9-team-members-description\">Hradec Kr\u00e1lov\u00e9 a&nbsp;Pardubice<br \/>\n<a href=\"https:\/\/skrivanek.cz\/cz\/nas-tym\/eva-parentova\/\">v\u00edce informac\u00ed<\/a>\n\n<\/div>\n\n\t\t\t<\/div>\n\n\t\t\n\t\t\t<div class=\"wpa9-team-members-panel col-12 col-md-6 col-lg-4\">\n\n\t\t\t\t\t\t\t<figure class=\"wpa9-team-members-image\">\n\t\t\t\t\t<img alt=\"barbora-tricatnikova\" decoding=\"async\" src=\"https:\/\/skrivanek.cz\/wp-content\/uploads\/2024\/11\/barbora-tricatnikova.jpg\" alt=\"\" class=\"img-responsive\" \/>\n\t\t\t\t<\/figure>\n\n\t\t\t\t<h4 class=\"wpa9-team-members-name\">Ing. Barbora T\u0159ic\u00e1tn\u00edkov\u00e1<\/h4>\n\n\t\t\t\t<div class=\"wpa9-team-members-position\">obchodn\u00ed z\u00e1stupce<\/div>\n\t\t\t\t<div class=\"wpa9-team-members-email\"><a href=\"mailto:\" title=\"Send e-mail to Ing. Barbora T\u0159ic\u00e1tn\u00edkov\u00e1\"><\/a><\/div>\n\t\t\t\t<div class=\"wpa9-team-members-phone\"><\/div>\n\t\t\t\t<div class=\"wpa9-team-members-description\">\u00dast\u00ed nad Labem, Most<br \/>\n<a href=\"https:\/\/skrivanek.cz\/cz\/nas-tym\/barbora-tricatnikova\/\">v\u00edce informac\u00ed<\/a><\/div>\n\n\t\t\t<\/div>\n\n\t\t\n\t\t\t<div class=\"wpa9-team-members-panel col-12 col-md-6 col-lg-4\">\n\n\t\t\t\t\t\t\t<figure class=\"wpa9-team-members-image\">\n\t\t\t\t\t<img alt=\"hana-bartkova-1\" decoding=\"async\" src=\"https:\/\/skrivanek.cz\/wp-content\/uploads\/2024\/11\/hana-bartkova-1.jpg\" alt=\"\" class=\"img-responsive\" \/>\n\t\t\t\t<\/figure>\n\n\t\t\t\t<h4 class=\"wpa9-team-members-name\">Ing. Hana Bartkov\u00e1<\/h4>\n\n\t\t\t\t<div class=\"wpa9-team-members-position\">\u0159editelka<\/div>\n\t\t\t\t<div class=\"wpa9-team-members-email\"><a href=\"mailto:\" title=\"Send e-mail to Ing. Hana Bartkov\u00e1\"><\/a><\/div>\n\t\t\t\t<div class=\"wpa9-team-members-phone\"><\/div>\n\t\t\t\t<div class=\"wpa9-team-members-description\">Morava a&nbsp;Slezsko<br \/>\n<a href=\"https:\/\/skrivanek.cz\/cz\/nas-tym\/hana-bartkova\/\">v\u00edce informac\u00ed<\/a><\/div>\n\n\t\t\t<\/div>\n\n\t\t\n\t\t\t<div class=\"wpa9-team-members-panel col-12 col-md-6 col-lg-4\">\n\n\t\t\t\t\t\t\t<figure class=\"wpa9-team-members-image\">\n\t\t\t\t\t<img alt=\"petra-buresova\" decoding=\"async\" src=\"https:\/\/skrivanek.cz\/wp-content\/uploads\/2025\/01\/petra-buresova.jpg\" alt=\"\" class=\"img-responsive\" \/>\n\t\t\t\t<\/figure>\n\n\t\t\t\t<h4 class=\"wpa9-team-members-name\">Ing. Petra Bure\u0161ov\u00e1<\/h4>\n\n\t\t\t\t<div class=\"wpa9-team-members-position\">obchodn\u00ed z\u00e1stupce<\/div>\n\t\t\t\t<div class=\"wpa9-team-members-email\"><a href=\"mailto:\" title=\"Send e-mail to Ing. Petra Bure\u0161ov\u00e1\"><\/a><\/div>\n\t\t\t\t<div class=\"wpa9-team-members-phone\"><\/div>\n\t\t\t\t<div class=\"wpa9-team-members-description\">Praha a&nbsp;st\u0159edo\u010desk\u00fd kraj<br \/>\n<a href=\"https:\/\/skrivanek.cz\/cz\/nas-tym\/petra-buresova\/\">v\u00edce informac\u00ed<\/a><\/div>\n\n\t\t\t<\/div>\n\n\t\t\n\t\t\t<div class=\"wpa9-team-members-panel col-12 col-md-6 col-lg-4\">\n\n\t\t\t\t\t\t\t<figure class=\"wpa9-team-members-image\">\n\t\t\t\t\t<img alt=\"sylva-bejckova\" decoding=\"async\" src=\"https:\/\/skrivanek.cz\/wp-content\/uploads\/2024\/11\/sylva-bejckova.jpg\" alt=\"\" class=\"img-responsive\" \/>\n\t\t\t\t<\/figure>\n\n\t\t\t\t<h4 class=\"wpa9-team-members-name\">Sylva Bej\u010dkov\u00e1<\/h4>\n\n\t\t\t\t<div class=\"wpa9-team-members-position\">\u0159editelka pobo\u010dky<\/div>\n\t\t\t\t<div class=\"wpa9-team-members-email\"><a href=\"mailto:\" title=\"Send e-mail to Sylva Bej\u010dkov\u00e1\"><\/a><\/div>\n\t\t\t\t<div class=\"wpa9-team-members-phone\"><\/div>\n\t\t\t\t<div class=\"wpa9-team-members-description\">Plze\u0148sk\u00fd, Karlovarsk\u00fd, Jiho\u010desk\u00fd kraj<br \/>\n<a href=\"https:\/\/skrivanek.cz\/cz\/nas-tym\/sylva-bejckova\/\">v\u00edce informac\u00ed<\/a>\n\n<\/div>\n\n\t\t\t<\/div>\n\n\t\t\n\t\n<\/div>\n<\/div><\/div><\/div><\/div><\/div>","protected":false},"excerpt":{"rendered":"<p>Eva Kadlecov\u00e1 \u0159editelka Liberec, Mlad\u00e1 Boleslav, \u00dast\u00ed nad Labem, Most v\u00edce informac\u00ed Eva Parentov\u00e1, DiS. \u0159editelka Hradec Kr\u00e1lov\u00e9 a&nbsp;Pardubice v\u00edce informac\u00ed Ing. Barbora T\u0159ic\u00e1tn\u00edkov\u00e1 obchodn\u00ed z\u00e1stupce \u00dast\u00ed nad Labem, Most v\u00edce informac\u00ed Ing. Hana Bartkov\u00e1 \u0159editelka Morava a&nbsp;Slezsko v\u00edce informac\u00ed Ing. Petra Bure\u0161ov\u00e1 obchodn\u00ed z\u00e1stupce Praha a&nbsp;st\u0159edo\u010desk\u00fd kraj v\u00edce informac\u00ed Sylva Bej\u010dkov\u00e1 \u0159editelka pobo\u010dky Plze\u0148sk\u00fd, [&hellip;]<\/p>\n","protected":false},"author":9,"featured_media":0,"parent":0,"menu_order":0,"comment_status":"closed","ping_status":"closed","template":"","meta":{"_acf_changed":false,"footnotes":""},"class_list":["post-71598","page","type-page","status-publish","hentry"],"acf":[],"aioseo_notices":[],"_links":{"self":[{"href":"https:\/\/skrivanek.cz\/cz\/wp-json\/wp\/v2\/pages\/71598","targetHints":{"allow":["GET"]}}],"collection":[{"href":"https:\/\/skrivanek.cz\/cz\/wp-json\/wp\/v2\/pages"}],"about":[{"href":"https:\/\/skrivanek.cz\/cz\/wp-json\/wp\/v2\/types\/page"}],"author":[{"embeddable":true,"href":"https:\/\/skrivanek.cz\/cz\/wp-json\/wp\/v2\/users\/9"}],"replies":[{"embeddable":true,"href":"https:\/\/skrivanek.cz\/cz\/wp-json\/wp\/v2\/comments?post=71598"}],"version-history":[{"count":3,"href":"https:\/\/skrivanek.cz\/cz\/wp-json\/wp\/v2\/pages\/71598\/revisions"}],"predecessor-version":[{"id":79782,"href":"https:\/\/skrivanek.cz\/cz\/wp-json\/wp\/v2\/pages\/71598\/revisions\/79782"}],"wp:attachment":[{"href":"https:\/\/skrivanek.cz\/cz\/wp-json\/wp\/v2\/media?parent=71598"}],"curies":[{"name":"wp","href":"https:\/\/api.w.org\/{rel}","templated":true}]}}