{"id":71790,"date":"2024-08-21T16:31:32","date_gmt":"2024-08-21T14:31:32","guid":{"rendered":"https:\/\/skrivanek.cz\/?page_id=71790"},"modified":"2026-02-04T15:08:13","modified_gmt":"2026-02-04T14:08:13","slug":"dalsi-jazyky","status":"publish","type":"page","link":"https:\/\/skrivanek.cz\/cz\/jazykova-skola\/individualni-vyuka-jazyku\/dalsi-jazyky\/","title":{"rendered":"Dal\u0161\u00ed jazyky"},"content":{"rendered":"<div id=\"pl-71790\"  class=\"panel-layout\" ><div id=\"pg-71790-0\"  class=\"panel-grid panel-has-style\"  style=\"margin-bottom: 0px\" ><div class=\"siteorigin-panels-stretch panel-row-padding-none panel-row-style panel-row-style-for-71790-0\" data-stretch-type=\"full\" ><div id=\"pgc-71790-0-0\"  class=\"panel-grid-cell\" ><div id=\"panel-71790-0-0-0\" class=\"so-panel widget widget_wpa9-editor-ext panel-first-child panel-last-child\" data-index=\"0\" ><div\n\t\t\t\n\t\t\tclass=\"so-widget-wpa9-editor-ext so-widget-wpa9-editor-ext-default-c93e1481a745-71790\"\n\t\t\t\n\t\t>\n<div class=\"siteorigin-widget-tinymce textwidget\">\n\t<h3 style=\"text-align: center;\">P\u0159ehled vyu\u010dovan\u00fdch jazyk\u016f<\/h3>\n<p>&nbsp;<\/p>\n<div class=\"columns columns-3\" data-columns=\"3\">\n<div class=\"column column-1\">\n<p><img loading=\"lazy\" decoding=\"async\" class=\"aligncenter wp-image-71796\" src=\"https:\/\/skrivanek.cz\/wp-content\/uploads\/2024\/08\/flag-of-peoples-republic-of-china-256x171-1.png\" alt=\"\u010d\u00edn\u0161tina\" width=\"40\" height=\"27\" \/><\/p>\n<p style=\"text-align: center;\"><strong><span style=\"font-size: 28px;\">\u010d\u00edn\u0161tina<\/span><\/strong><\/p>\n<\/div>\n<div class=\"column column-2\" style=\"text-align: center;\">\n<p><strong><img loading=\"lazy\" decoding=\"async\" class=\"aligncenter wp-image-71799\" src=\"https:\/\/skrivanek.cz\/wp-content\/uploads\/2024\/08\/flag-of-japan-256x171-1.png\" alt=\"japon\u0161tina\" width=\"40\" height=\"27\" \/><\/strong><\/p>\n<p style=\"text-align: center;\"><strong><span style=\"font-size: 28px;\">japon\u0161tina<\/span><\/strong><\/p>\n<\/div>\n<div class=\"column column-3\" style=\"text-align: center;\">\n<p><strong><img loading=\"lazy\" decoding=\"async\" class=\"wp-image-71802 aligncenter\" src=\"https:\/\/skrivanek.cz\/wp-content\/uploads\/2024\/08\/flag-of-south-korea-256x171-1.png\" alt=\"korej\u0161tina\" width=\"40\" height=\"27\" \/><\/strong><\/p>\n<p style=\"text-align: center;\"><strong><span style=\"font-size: 28px;\">korej\u0161tina<\/span><\/strong><\/p>\n<\/div>\n<\/div>\n<div class=\"columns columns-3\" data-columns=\"3\">\n<div class=\"column column-1\" style=\"text-align: center;\">\n<p><strong><img loading=\"lazy\" decoding=\"async\" class=\"aligncenter wp-image-71805\" src=\"https:\/\/skrivanek.cz\/wp-content\/uploads\/2024\/08\/flag-of-hungary-256x128-1.png\" alt=\"ma\u010far\u0161tina\" width=\"40\" height=\"20\" \/><\/strong><\/p>\n<p style=\"text-align: center;\"><strong><span style=\"font-size: 28px;\">ma\u010far\u0161tina<\/span><\/strong><\/p>\n<\/div>\n<div class=\"column column-2\" style=\"text-align: center;\">\n<p><strong><img loading=\"lazy\" decoding=\"async\" class=\"aligncenter wp-image-71808\" src=\"https:\/\/skrivanek.cz\/wp-content\/uploads\/2024\/08\/flag-of-poland-256x160-1.png\" alt=\"pol\u0161tina\" width=\"40\" height=\"25\" \/><\/strong><\/p>\n<p style=\"text-align: center;\"><strong><span style=\"font-size: 28px;\">pol\u0161tina<\/span><\/strong><\/p>\n<\/div>\n<div class=\"column column-3\">\n<p style=\"text-align: center;\"><strong><img loading=\"lazy\" decoding=\"async\" class=\"aligncenter wp-image-71811\" src=\"https:\/\/skrivanek.cz\/wp-content\/uploads\/2024\/08\/flag-of-portugal-256x171-1.png\" alt=\"portugal\u0161tina\" width=\"40\" height=\"27\" \/><\/strong><\/p>\n<p style=\"text-align: center;\"><strong><span style=\"font-size: 28px;\">portugal\u0161tina<\/span><\/strong><\/p>\n<\/div>\n<\/div>\n<p>&nbsp;<\/p>\n<p style=\"text-align: center;\">a mnoho dal\u0161\u00edch<\/p>\n<p style=\"text-align: center;\"><a class=\"btn btn-negative\" href=\"https:\/\/skrivanek.cz\/cz\/poptavka\/individualni-vyuka\/\"><strong><span style=\"font-size: 22px;\">M\u00e1m z\u00e1jem o&nbsp;kurz!<\/span><\/strong><\/a><\/p>\n<\/div>\n<\/div><\/div><\/div><\/div><\/div><div id=\"pg-71790-1\"  class=\"panel-grid panel-has-style\"  style=\"margin-bottom: 0px\" ><div class=\"siteorigin-panels-stretch panel-row-padding-none panel-row-style panel-row-style-for-71790-1\" data-stretch-type=\"full\" ><div id=\"pgc-71790-1-0\"  class=\"panel-grid-cell\" ><div id=\"panel-71790-1-0-0\" class=\"so-panel widget widget_wpa9-editor-ext panel-first-child panel-last-child\" data-index=\"1\" ><div\n\t\t\t\n\t\t\tclass=\"so-widget-wpa9-editor-ext so-widget-wpa9-editor-ext-default-c93e1481a745-71790\"\n\t\t\t\n\t\t>\n<div class=\"siteorigin-widget-tinymce textwidget\">\n\t<h3 style=\"text-align: center;\">Pro\u010d zvolit individu\u00e1ln\u00ed v\u00fduku?<\/h3>\n<p>&nbsp;<\/p>\n<div class=\"columns columns-3\" data-columns=\"3\">\n<div class=\"column column-1\">\n<p><img alt=\"ico-zkusenosti\" decoding=\"async\" class=\"aligncenter wp-image-5289\" src=\"https:\/\/skrivanek.cz\/wp-content\/uploads\/2021\/03\/ico-zkusenosti.svg\" alt=\"\" width=\"50\" \/><\/p>\n<p style=\"text-align: center;\"><strong><span style=\"font-size: 22px;\">Flexibilita<\/span><\/strong><\/p>\n<p style=\"text-align: center;\">Individu\u00e1ln\u00ed v\u00fduka nab\u00edz\u00ed maxim\u00e1ln\u00ed flexibilitu v&nbsp;pl\u00e1nov\u00e1n\u00ed lekc\u00ed. Nemus\u00edte se p\u0159izp\u016fsobovat pevn\u00fdm term\u00edn\u016fm skupinov\u00fdch kurz\u016f \u2013 s&nbsp;individu\u00e1ln\u00ed v\u00fdukou si vyberete \u010das a&nbsp;frekvenci lekc\u00ed, kter\u00e9 v\u00e1m nejl\u00e9pe vyhovuj\u00ed. A\u0165 u\u017e preferujete rann\u00ed, odpoledn\u00ed, nebo ve\u010dern\u00ed hodiny, n\u00e1\u0161 lektor se v\u00e1m p\u0159izp\u016fsob\u00ed. Tato flexibilita v\u00e1m umo\u017e\u0148uje efektivn\u011b skloubit jazykov\u00e9 vzd\u011bl\u00e1v\u00e1n\u00ed s&nbsp;va\u0161\u00edm pracovn\u00edm nebo osobn\u00edm \u017eivotem.<\/p>\n<\/div>\n<div class=\"column column-2\" style=\"text-align: center;\">\n<p><img alt=\"ico-expresnipreklad\" decoding=\"async\" class=\"alignnone wp-image-246\" src=\"https:\/\/skrivanek.cz\/wp-content\/uploads\/2021\/01\/ico-expresnipreklad.svg\" alt=\"\" width=\"50\" \/><\/p>\n<p style=\"text-align: center;\"><strong><span style=\"font-size: 22px;\">Rychlej\u0161\u00ed pokrok<\/span><\/strong><\/p>\n<p>Individu\u00e1ln\u00ed v\u00fduka v\u00e1m umo\u017en\u00ed soust\u0159edit se pouze na to, co pot\u0159ebujete. Bez ohledu na to, zda za\u010d\u00edn\u00e1te \u00fapln\u011b od za\u010d\u00e1tku, nebo m\u00e1te ji\u017e n\u011bjak\u00e9 znalosti, n\u00e1\u0161 lektor se zam\u011b\u0159\u00ed na oblasti, kter\u00e9 jsou pro v\u00e1s nejd\u016fle\u017eit\u011bj\u0161\u00ed. D\u00edky tomu se m\u016f\u017eete vyhnout opakov\u00e1n\u00ed toho, co u\u017e zn\u00e1te, a&nbsp;u\u010dit se rychleji. Nav\u00edc m\u00e1te mo\u017enost neust\u00e1le pokl\u00e1dat ot\u00e1zky a&nbsp;dost\u00e1vat okam\u017eitou zp\u011btnou vazbu, co\u017e urychluje v\u00e1\u0161 pokrok.<\/p>\n<\/div>\n<div class=\"column column-3\">\n<p><img alt=\"ico-terc-1\" decoding=\"async\" class=\"aligncenter wp-image-61385\" src=\"https:\/\/skrivanek.cz\/wp-content\/uploads\/2023\/08\/ico-terc-1.svg\" alt=\"\" width=\"60\" \/><\/p>\n<p style=\"text-align: center;\"><strong><span style=\"font-size: 22px;\">Maxim\u00e1ln\u00ed p\u0159izp\u016fsoben\u00ed<\/span><\/strong><\/p>\n<p style=\"text-align: center;\">Ka\u017ed\u00fd m\u00e1 jin\u00fd styl u\u010den\u00ed, r\u016fzn\u00e9 c\u00edle a&nbsp;motivace. Na\u0161e individu\u00e1ln\u00ed v\u00fduka je navr\u017eena tak, aby pln\u011b vyhovovala va\u0161im pot\u0159eb\u00e1m. Lektor se zam\u011b\u0159\u00ed na va\u0161e osobn\u00ed c\u00edle \u2013 a\u0165 u\u017e jde o&nbsp;cestov\u00e1n\u00ed, profesn\u00ed rozvoj, nebo \u010dist\u011b z\u00e1jem o&nbsp;kulturu dan\u00e9 zem\u011b. U\u010debn\u00ed materi\u00e1ly a&nbsp;obsah lekc\u00ed jsou p\u0159izp\u016fsobeny p\u0159\u00edmo v\u00e1m, co\u017e znamen\u00e1, \u017ee se budete u\u010dit p\u0159esn\u011b to, co pot\u0159ebujete, a&nbsp;tempem, kter\u00e9 v\u00e1m vyhovuje.<\/p>\n<\/div>\n<\/div>\n<\/div>\n<\/div><\/div><\/div><\/div><\/div><div id=\"pg-71790-2\"  class=\"panel-grid panel-has-style\"  style=\"margin-bottom: 0px\" ><div class=\"siteorigin-panels-stretch panel-row-padding-none panel-row-style panel-row-style-for-71790-2\" data-stretch-type=\"full\" ><div id=\"pgc-71790-2-0\"  class=\"panel-grid-cell\" ><div id=\"panel-71790-2-0-0\" class=\"so-panel widget widget_wpa9-editor-ext panel-first-child panel-last-child\" data-index=\"2\" ><div\n\t\t\t\n\t\t\tclass=\"so-widget-wpa9-editor-ext so-widget-wpa9-editor-ext-default-c93e1481a745-71790\"\n\t\t\t\n\t\t>\n<div class=\"siteorigin-widget-tinymce textwidget\">\n\t<h3>Po\u010det student\u016f<\/h3>\n<h4><img decoding=\"async\" class=\"alignnone wp-image-27312\" src=\"https:\/\/skrivanek.cz\/wp-content\/uploads\/2023\/03\/ico-individual.svg\" alt=\"individu\u00e1ln\u00ed kurz \/ individual course\" width=\"20\" \/>\u00a0Pro jednotlivce<\/h4>\n<p>Individu\u00e1ln\u00ed v\u00fduka je navr\u017eena pro ty, kte\u0159\u00ed hledaj\u00ed<strong> osobn\u00ed p\u0159\u00edstup a&nbsp;v\u00fduku \u0161itou na m\u00edru<\/strong>. Tento form\u00e1t v\u00e1m poskytuje <strong>maxim\u00e1ln\u00ed pozornost lektora<\/strong>, co\u017e umo\u017e\u0148uje rychl\u00fd pokrok v&nbsp;oblastech, kter\u00e9 jsou pro v\u00e1s kl\u00ed\u010dov\u00e9. Bez jak\u00fdchkoli kompromis\u016f se <strong>lekce pln\u011b p\u0159izp\u016fsob\u00ed va\u0161im pot\u0159eb\u00e1m<\/strong> a&nbsp;\u010dasov\u00fdm mo\u017enostem, co\u017e zaji\u0161\u0165uje efektivn\u00ed a&nbsp;intenzivn\u00ed jazykov\u00fd rozvoj.<\/p>\n<h4><img alt=\"ico-lidi\" loading=\"lazy\" decoding=\"async\" class=\"alignnone wp-image-248\" src=\"https:\/\/skrivanek.cz\/wp-content\/uploads\/2021\/01\/ico-lidi.svg\" alt=\"\" width=\"30\" height=\"30\" \/>\u00a0Mal\u00e9 skupinky<\/h4>\n<p>Kurzy pro mal\u00e9 skupinky, kter\u00e9 se skl\u00e1daj\u00ed ze 2\u20133 \u00fa\u010dastn\u00edk\u016f, nab\u00edzej\u00ed <strong>vyv\u00e1\u017eenou kombinaci individu\u00e1ln\u00edho p\u0159\u00edstupu a&nbsp;dynamiky skupinov\u00e9ho u\u010den\u00ed<\/strong>. Tento form\u00e1t umo\u017e\u0148uje student\u016fm vz\u00e1jemn\u011b se motivovat, sd\u00edlet zku\u0161enosti a&nbsp;procvi\u010dovat jazyk v&nbsp;re\u00e1ln\u00fdch situac\u00edch. Velkou v\u00fdhodou mal\u00e9 skupiny je cena \u2013 n\u00e1klady na kurz se toti\u017e d\u011bl\u00ed mezi v\u0161echny \u00fa\u010dastn\u00edky! D\u00edky tomu z\u00edsk\u00e1te p\u0159\u00edstup k&nbsp;<strong>vysoce kvalitn\u00ed v\u00fduce za mnohem p\u0159\u00edzniv\u011bj\u0161\u00ed cenu<\/strong>, ani\u017e byste slevovali z&nbsp;kvality vzd\u011bl\u00e1n\u00ed nebo osobn\u00edho p\u0159\u00edstupu.<\/p>\n<\/div>\n<\/div><\/div><\/div><div id=\"pgc-71790-2-1\"  class=\"panel-grid-cell\" ><div id=\"panel-71790-2-1-0\" class=\"so-panel widget widget_wpa9-editor-ext panel-first-child panel-last-child\" data-index=\"3\" ><div\n\t\t\t\n\t\t\tclass=\"so-widget-wpa9-editor-ext so-widget-wpa9-editor-ext-default-c93e1481a745-71790\"\n\t\t\t\n\t\t>\n<div class=\"siteorigin-widget-tinymce textwidget\">\n\t<h3>Individu\u00e1ln\u00ed v\u00fduka krok za krokem<\/h3>\n<ol>\n<li>Za\u0161lete n\u00e1m nez\u00e1vaznou popt\u00e1vku.<\/li>\n<li>Stanov\u00edme c\u00edl v\u00fduky.<\/li>\n<li><span style=\"font-size: 20px;\">Provedeme vstupn\u00ed testov\u00e1n\u00ed.<\/span><\/li>\n<li>Vytvo\u0159\u00edme v\u00fdukov\u00fd pl\u00e1n na m\u00edru va\u0161im pot\u0159eb\u00e1m.<\/li>\n<li>Zah\u00e1jen\u00ed v\u00fduky.<\/li>\n<li>Kontrola spokojenosti, sledov\u00e1n\u00ed dosahov\u00e1n\u00ed c\u00edl\u016f.<\/li>\n<\/ol>\n<\/div>\n<\/div><\/div><\/div><\/div><\/div><div id=\"pg-71790-3\"  class=\"panel-grid panel-has-style\"  style=\"margin-bottom: 0px\" ><div class=\"siteorigin-panels-stretch panel-row-padding-none panel-row-style panel-row-style-for-71790-3\" data-stretch-type=\"full\" ><div id=\"pgc-71790-3-0\"  class=\"panel-grid-cell\" ><div id=\"panel-71790-3-0-0\" class=\"so-panel widget widget_wpa9-editor-ext panel-first-child\" data-index=\"4\" ><div\n\t\t\t\n\t\t\tclass=\"so-widget-wpa9-editor-ext so-widget-wpa9-editor-ext-default-c93e1481a745-71790\"\n\t\t\t\n\t\t>\n<div class=\"siteorigin-widget-tinymce textwidget\">\n\t<h3 style=\"text-align: center;\">Cena individu\u00e1ln\u00ed v\u00fduky<\/h3>\n<h4 style=\"text-align: center;\">60minutov\u00e9 lekce<\/h4>\n<\/div>\n<\/div><\/div><div id=\"panel-71790-3-0-1\" class=\"so-panel widget widget_skrv-incl-widget panel-last-child\" data-index=\"5\" ><div\n\t\t\t\n\t\t\tclass=\"so-widget-skrv-incl-widget so-widget-skrv-incl-widget-default-c93e1481a745-71790\"\n\t\t\t\n\t\t><div id=\"pl-69780\"  class=\"panel-layout\" ><div id=\"pg-69780-0\"  class=\"panel-grid panel-no-style\" ><div id=\"pgc-69780-0-0\"  class=\"panel-grid-cell\" ><div id=\"panel-69780-0-0-0\" class=\"so-panel widget widget_wpa9-card-m-ext panel-first-child\" data-index=\"0\" ><div\n\t\t\t\n\t\t\tclass=\"so-widget-wpa9-card-m-ext so-widget-wpa9-card-m-ext-default-c93e1481a745-71790\"\n\t\t\t\n\t\t>\n\n<div class=\"wpa9-card wpa9-card-m-ext-container d-flex flex-wrap justify-content-center wpa9-columns-3\">\n\n\n\t\n\t<div class=\"wpa9-card-m-ext-panel wpa9-panel _shadow rounded d-flex flex-wrap align-items-stretch\">\n\n\t\t\t<div>\n\n\t\t\t\t\n\t\t\t\t\n\n\n\t\t\t\t\n\t\t    <div class=\"wpa9-card-header\">\n\t\t\t\t\t\t\t      <h2 class=\"wpa9-card-title text-center\">Bal\u00ed\u010dek 10 lekc\u00ed<\/h2>\n\t\t\t\t\t\t\t    <\/div>\n\n\t\t    <div class=\"wpa9-card-main wpa9-card-content text-center\">\n\t\t      od 6&nbsp;100&nbsp;K\u010d <br \/> (cena za lekci od 610&nbsp;K\u010d)\t\t    <\/div>\n\n\t\t\t<\/div>\n\n\t\t\t<div class=\"wpa9-card-aside meta meta-buttons align-self-end text-center\">\n\t\t\t\t\t\t<\/div>\n\n\t<\/div>\n\n\t\n\t<div class=\"wpa9-card-m-ext-panel wpa9-panel _shadow rounded d-flex flex-wrap align-items-stretch\">\n\n\t\t\t<div>\n\n\t\t\t\t\n\t\t\t\t\n\n\n\t\t\t\t\n\t\t    <div class=\"wpa9-card-header\">\n\t\t\t\t\t\t\t      <h2 class=\"wpa9-card-title text-center\">Bal\u00ed\u010dek 15 lekc\u00ed<\/h2>\n\t\t\t\t\t\t\t    <\/div>\n\n\t\t    <div class=\"wpa9-card-main wpa9-card-content text-center\">\n\t\t      od 8&nbsp;850&nbsp;K\u010d <br \/> (cena za lekci od 590&nbsp;K\u010d)\t\t    <\/div>\n\n\t\t\t<\/div>\n\n\t\t\t<div class=\"wpa9-card-aside meta meta-buttons align-self-end text-center\">\n\t\t\t\t\t\t<\/div>\n\n\t<\/div>\n\n\t\n\t<div class=\"wpa9-card-m-ext-panel wpa9-panel _shadow rounded d-flex flex-wrap align-items-stretch\">\n\n\t\t\t<div>\n\n\t\t\t\t\n\t\t\t\t\n\n\n\t\t\t\t\n\t\t    <div class=\"wpa9-card-header\">\n\t\t\t\t\t\t\t      <h2 class=\"wpa9-card-title text-center\">Bal\u00ed\u010dek 20 lekc\u00ed<\/h2>\n\t\t\t\t\t\t\t    <\/div>\n\n\t\t    <div class=\"wpa9-card-main wpa9-card-content text-center\">\n\t\t      od 11&nbsp;600&nbsp;K\u010d <br \/> (cena za lekci od 580&nbsp;K\u010d)\t\t    <\/div>\n\n\t\t\t<\/div>\n\n\t\t\t<div class=\"wpa9-card-aside meta meta-buttons align-self-end text-center\">\n\t\t\t\t\t\t<\/div>\n\n\t<\/div>\n\n\t\n\n<\/div>\n<\/div><\/div><div id=\"panel-69780-0-0-1\" class=\"so-panel widget widget_wpa9-editor-ext\" data-index=\"1\" ><div\n\t\t\t\n\t\t\tclass=\"so-widget-wpa9-editor-ext so-widget-wpa9-editor-ext-default-c93e1481a745-71790\"\n\t\t\t\n\t\t>\n<div class=\"siteorigin-widget-tinymce textwidget\">\n\t<h4 style=\"text-align: center;\">90minutov\u00e9 lekce<\/h4>\n<\/div>\n<\/div><\/div><div id=\"panel-69780-0-0-2\" class=\"so-panel widget widget_wpa9-card-m-ext\" data-index=\"2\" ><div\n\t\t\t\n\t\t\tclass=\"so-widget-wpa9-card-m-ext so-widget-wpa9-card-m-ext-default-c93e1481a745-71790\"\n\t\t\t\n\t\t>\n\n<div class=\"wpa9-card wpa9-card-m-ext-container d-flex flex-wrap justify-content-center wpa9-columns-3\">\n\n\n\t\n\t<div class=\"wpa9-card-m-ext-panel wpa9-panel _shadow rounded d-flex flex-wrap align-items-stretch\">\n\n\t\t\t<div>\n\n\t\t\t\t\n\t\t\t\t\n\n\n\t\t\t\t\n\t\t    <div class=\"wpa9-card-header\">\n\t\t\t\t\t\t\t      <h2 class=\"wpa9-card-title text-center\">Bal\u00ed\u010dek 10 lekc\u00ed<\/h2>\n\t\t\t\t\t\t\t    <\/div>\n\n\t\t    <div class=\"wpa9-card-main wpa9-card-content text-center\">\n\t\t      od 9&nbsp;150&nbsp;K\u010d <br \/> (cena za lekci od 915&nbsp;K\u010d)\t\t    <\/div>\n\n\t\t\t<\/div>\n\n\t\t\t<div class=\"wpa9-card-aside meta meta-buttons align-self-end text-center\">\n\t\t\t\t\t\t<\/div>\n\n\t<\/div>\n\n\t\n\t<div class=\"wpa9-card-m-ext-panel wpa9-panel _shadow rounded d-flex flex-wrap align-items-stretch\">\n\n\t\t\t<div>\n\n\t\t\t\t\n\t\t\t\t\n\n\n\t\t\t\t\n\t\t    <div class=\"wpa9-card-header\">\n\t\t\t\t\t\t\t      <h2 class=\"wpa9-card-title text-center\">Bal\u00ed\u010dek 15 lekc\u00ed<\/h2>\n\t\t\t\t\t\t\t    <\/div>\n\n\t\t    <div class=\"wpa9-card-main wpa9-card-content text-center\">\n\t\t      od 13&nbsp;350&nbsp;K\u010d <br \/> (cena za lekci od 890&nbsp;K\u010d)\t\t    <\/div>\n\n\t\t\t<\/div>\n\n\t\t\t<div class=\"wpa9-card-aside meta meta-buttons align-self-end text-center\">\n\t\t\t\t\t\t<\/div>\n\n\t<\/div>\n\n\t\n\t<div class=\"wpa9-card-m-ext-panel wpa9-panel _shadow rounded d-flex flex-wrap align-items-stretch\">\n\n\t\t\t<div>\n\n\t\t\t\t\n\t\t\t\t\n\n\n\t\t\t\t\n\t\t    <div class=\"wpa9-card-header\">\n\t\t\t\t\t\t\t      <h2 class=\"wpa9-card-title text-center\">Bal\u00ed\u010dek 20 lekc\u00ed<\/h2>\n\t\t\t\t\t\t\t    <\/div>\n\n\t\t    <div class=\"wpa9-card-main wpa9-card-content text-center\">\n\t\t      od 17&nbsp;400&nbsp;K\u010d <br \/> (cena za lekci od 870&nbsp;K\u010d)\t\t    <\/div>\n\n\t\t\t<\/div>\n\n\t\t\t<div class=\"wpa9-card-aside meta meta-buttons align-self-end text-center\">\n\t\t\t\t\t\t<\/div>\n\n\t<\/div>\n\n\t\n\n<\/div>\n<\/div><\/div><div id=\"panel-69780-0-0-3\" class=\"so-panel widget widget_wpa9-editor-ext panel-last-child\" data-index=\"3\" ><div\n\t\t\t\n\t\t\tclass=\"so-widget-wpa9-editor-ext so-widget-wpa9-editor-ext-default-c93e1481a745-71790\"\n\t\t\t\n\t\t>\n<div class=\"siteorigin-widget-tinymce textwidget\">\n\t<p style=\"text-align: center;\">V\u00fduku lze uhradit i&nbsp;prost\u0159ednictv\u00edm benefitn\u00edch program\u016f \u2013 v\u00edce informac\u00ed najdete <a class=\"decorated-link\" href=\"https:\/\/skrivanek.cz\/cz\/benefity\/\" target=\"_new\" rel=\"noopener\" data-start=\"291\" data-end=\"331\">zde<\/a>.<\/p>\n<\/div>\n<\/div><\/div><\/div><\/div><\/div><\/div><\/div><\/div><\/div><\/div><div id=\"pg-71790-4\"  class=\"panel-grid panel-has-style\" ><div class=\"siteorigin-panels-stretch panel-row-padding-none panel-row-style panel-row-style-for-71790-4\" data-stretch-type=\"full\" ><div id=\"pgc-71790-4-0\"  class=\"panel-grid-cell\" ><div id=\"panel-71790-4-0-0\" class=\"so-panel widget widget_wpa9-card-s panel-first-child panel-last-child\" data-index=\"6\" ><div\n\t\t\t\n\t\t\tclass=\"so-widget-wpa9-card-s so-widget-wpa9-card-s-default-c93e1481a745-71790\"\n\t\t\t\n\t\t><div class=\"wpa9-card wpa9-card-s wide negative\">\n\n\t<div class=\"wpa9-card-wrapper container\">\n\n\t\t<div class=\"wpa9-card-text\">\n\t\t\t<h2 class=\"wpa9-card-title\">Za\u010dn\u011bte svou jazykovou cestu je\u0161t\u011b dnes!<\/h2>\n\t\t\t<div class=\"wpa9-card-content\"><p style=\"text-align: center\">Chcete se zdokonalit v&nbsp;ciz\u00edm jazyce? Na\u0161e individu\u00e1ln\u00ed kurzy v\u00e1m umo\u017en\u00ed u\u010dit se ve vlastn\u00edm tempu s&nbsp;lektorem, kter\u00fd se p\u0159izp\u016fsob\u00ed va\u0161im pot\u0159eb\u00e1m a&nbsp;c\u00edl\u016fm. Neztr\u00e1cejte \u010das a&nbsp;investujte do sv\u00e9ho rozvoje \u2013 u\u010den\u00ed jazyk\u016f nikdy nebylo tak p\u0159\u00edstupn\u00e9 a&nbsp;efektivn\u00ed.<\/p>\n<\/div>\t\t<\/div>\n\n\t\t\t\t<div class=\"meta meta-buttons d-flex flex-row justify-content-center\">\n\t\t\t\t\t\t\t<a class=\"btn btn-negative \" href=\"https:\/\/skrivanek.cz\/cz\/poptavka\/individualni-vyuka\/\" title=\"Jdeme na to!\">Jdeme na to!<\/a>\n\t\t\t\t<\/div>\n\t\t\n\t<\/div>\n\n<\/div>\n<\/div><\/div><\/div><\/div><\/div><\/div>","protected":false},"excerpt":{"rendered":"<p>P\u0159ehled vyu\u010dovan\u00fdch jazyk\u016f &nbsp; \u010d\u00edn\u0161tina japon\u0161tina korej\u0161tina ma\u010far\u0161tina pol\u0161tina portugal\u0161tina &nbsp; a&nbsp;mnoho dal\u0161\u00edch M\u00e1m z\u00e1jem o&nbsp;kurz! Pro\u010d zvolit individu\u00e1ln\u00ed v\u00fduku? &nbsp; Flexibilita Individu\u00e1ln\u00ed v\u00fduka nab\u00edz\u00ed maxim\u00e1ln\u00ed flexibilitu v&nbsp;pl\u00e1nov\u00e1n\u00ed lekc\u00ed. Nemus\u00edte se p\u0159izp\u016fsobovat pevn\u00fdm term\u00edn\u016fm skupinov\u00fdch kurz\u016f \u2013 s&nbsp;individu\u00e1ln\u00ed v\u00fdukou si vyberete \u010das a&nbsp;frekvenci lekc\u00ed, kter\u00e9 v\u00e1m nejl\u00e9pe vyhovuj\u00ed. A\u0165 u\u017e preferujete rann\u00ed, odpoledn\u00ed, nebo [&hellip;]<\/p>\n","protected":false},"author":9,"featured_media":0,"parent":66641,"menu_order":0,"comment_status":"closed","ping_status":"closed","template":"","meta":{"_acf_changed":false,"footnotes":""},"class_list":["post-71790","page","type-page","status-publish","hentry"],"acf":[],"aioseo_notices":[],"_links":{"self":[{"href":"https:\/\/skrivanek.cz\/cz\/wp-json\/wp\/v2\/pages\/71790","targetHints":{"allow":["GET"]}}],"collection":[{"href":"https:\/\/skrivanek.cz\/cz\/wp-json\/wp\/v2\/pages"}],"about":[{"href":"https:\/\/skrivanek.cz\/cz\/wp-json\/wp\/v2\/types\/page"}],"author":[{"embeddable":true,"href":"https:\/\/skrivanek.cz\/cz\/wp-json\/wp\/v2\/users\/9"}],"replies":[{"embeddable":true,"href":"https:\/\/skrivanek.cz\/cz\/wp-json\/wp\/v2\/comments?post=71790"}],"version-history":[{"count":3,"href":"https:\/\/skrivanek.cz\/cz\/wp-json\/wp\/v2\/pages\/71790\/revisions"}],"predecessor-version":[{"id":78779,"href":"https:\/\/skrivanek.cz\/cz\/wp-json\/wp\/v2\/pages\/71790\/revisions\/78779"}],"up":[{"embeddable":true,"href":"https:\/\/skrivanek.cz\/cz\/wp-json\/wp\/v2\/pages\/66641"}],"wp:attachment":[{"href":"https:\/\/skrivanek.cz\/cz\/wp-json\/wp\/v2\/media?parent=71790"}],"curies":[{"name":"wp","href":"https:\/\/api.w.org\/{rel}","templated":true}]}}