{"id":72059,"date":"2024-09-19T12:30:08","date_gmt":"2024-09-19T10:30:08","guid":{"rendered":"https:\/\/skrivanek.cz\/?page_id=72059"},"modified":"2026-03-24T09:19:28","modified_gmt":"2026-03-24T08:19:28","slug":"machine-translation","status":"publish","type":"page","link":"https:\/\/skrivanek.cz\/cz\/ai\/machine-translation\/","title":{"rendered":"Machine translation"},"content":{"rendered":"<div id=\"pl-72059\"  class=\"panel-layout\" ><div id=\"pg-72059-0\"  class=\"panel-grid panel-has-style\"  style=\"margin-bottom: 0px\" ><div class=\"siteorigin-panels-stretch panel-row-padding-none panel-row-style panel-row-style-for-72059-0\" data-stretch-type=\"full\" ><div id=\"pgc-72059-0-0\"  class=\"panel-grid-cell\" ><div id=\"panel-72059-0-0-0\" class=\"so-panel widget widget_wpa9-card-l panel-first-child panel-last-child\" data-index=\"0\" ><div\n\t\t\t\n\t\t\tclass=\"so-widget-wpa9-card-l so-widget-wpa9-card-l-default-c93e1481a745-72059\"\n\t\t\t\n\t\t>\n\n<div class=\"wpa9-card wpa9-card-l-container d-flex flex-wrap wpa9-columns-2\">\n\n\t\n\t\t\n\t<div class=\"wpa9-card-l-panel wpa9-panel shadow rounded d-flex flex-column justify-content-between\">\n\n\t\t<div>\n\t\t\t\t\t\t\t<span class=\"wpa9-panel-icon icon\" style=\"display: none; background-image: url('https:\/\/skrivanek.cz\/wp-content\/uploads\/2024\/09\/ai-icon-01.png')\"><\/span>\n\t\t\t<span class=\"wpa9-panel-icon icon\" style=\"mask-image: url(https:\/\/skrivanek.cz\/wp-content\/uploads\/2024\/09\/ai-icon-01.png); -webkit-mask-image: url(https:\/\/skrivanek.cz\/wp-content\/uploads\/2024\/09\/ai-icon-01.png);\"><\/span>\n\t\t\n\t\t\t\t\t\t\t\t<h2 class=\"wpa9-panel-title\">Posteditace<\/h2>\n\t\t\n\t\t\t\t\t\t\t<div class=\"wpa9-panel-content\"><p>Na\u0161e edita\u010dn\u00ed slu\u017eby, zahrnuj\u00edc\u00ed plnou a\u00a0light posteditaci, jsou navr\u017eeny tak, aby zdokonalily a\u00a0pov\u00fd\u0161ily v\u00fdstup z\u00a0raw neural machine translation (NMT\/AI), a\u00a0zajistily tak, \u017ee na\u0161i klienti obdr\u017e\u00ed p\u0159eklady p\u0159esn\u011b odpov\u00eddaj\u00edc\u00ed jejich po\u017eadavk\u016fm.<\/p>\n<\/div>\n\t\t\t\t<\/div>\n\n\t\t\t\t<div class=\"meta meta-buttons d-flex flex-column flex-sm-row justify-content-center\">\n\t\t\t\t\t\t\t<a class=\"btn btn-negative \" href=\"https:\/\/skrivanek.cz\/cz\/ai\/posteditace\/\" title=\"M\u00e1m z\u00e1jem o posteditaci\">M\u00e1m z\u00e1jem o&nbsp;posteditaci<\/a>\n\t\t\t\t<\/div>\n\t\t\n\t<\/div>\n\n\t\t\n\t<div class=\"wpa9-card-l-panel wpa9-panel shadow rounded d-flex flex-column justify-content-between\">\n\n\t\t<div>\n\t\t\t\t\t\t\t<span class=\"wpa9-panel-icon icon\" style=\"display: none; background-image: url('https:\/\/skrivanek.cz\/wp-content\/uploads\/2024\/09\/ai-icon-02.png')\"><\/span>\n\t\t\t<span class=\"wpa9-panel-icon icon\" style=\"mask-image: url(https:\/\/skrivanek.cz\/wp-content\/uploads\/2024\/09\/ai-icon-02.png); -webkit-mask-image: url(https:\/\/skrivanek.cz\/wp-content\/uploads\/2024\/09\/ai-icon-02.png);\"><\/span>\n\t\t\n\t\t\t\t\t\t\t\t<h2 class=\"wpa9-panel-title\">Raw Neural Machine Translation<\/h2>\n\t\t\n\t\t\t\t\t\t\t<div class=\"wpa9-panel-content\"><p>Raw NMT p\u0159edstavuje neupraven\u00fd v\u00fdstup strojov\u00e9ho p\u0159ekladu, kter\u00fd nab\u00edz\u00ed cenov\u011b v\u00fdhodnou alternativu k\u00a0tradi\u010dn\u00edm p\u0159eklad\u016fm. Tento v\u00fdstup toti\u017e nemus\u00ed b\u00fdt nutn\u011b d\u00e1le posteditov\u00e1n. Je dosta\u010duj\u00edc\u00ed pro \u00fa\u010dely z\u00e1kladn\u00edho porozum\u011bn\u00ed a\u00a0m\u016f\u017ee b\u00fdt vytvo\u0159en ve velmi kr\u00e1tk\u00e9m \u010dase.<\/p>\n<\/div>\n\t\t\t\t<\/div>\n\n\t\t\t\t<div class=\"meta meta-buttons d-flex flex-column flex-sm-row justify-content-center\">\n\t\t\t\t\t\t\t<a class=\"btn btn-negative \" href=\"https:\/\/skrivanek.cz\/cz\/ai\/raw-neural-machine-translation-nmt\/\" title=\"V\u00edce informac\u00ed o NMT\">V\u00edce informac\u00ed o&nbsp;NMT<\/a>\n\t\t\t\t<\/div>\n\t\t\n\t<\/div>\n\n\t\t\n\t\n<\/div>\n<\/div><\/div><\/div><\/div><\/div><div id=\"pg-72059-1\"  class=\"panel-grid panel-has-style\"  style=\"margin-bottom: 0px\" ><div class=\"panel-row-padding-none panel-row-style panel-row-style-for-72059-1\" ><div id=\"pgc-72059-1-0\"  class=\"panel-grid-cell\" ><div id=\"panel-72059-1-0-0\" class=\"so-panel widget widget_wpa9-editor-ext panel-first-child panel-last-child\" data-index=\"1\" ><div\n\t\t\t\n\t\t\tclass=\"so-widget-wpa9-editor-ext so-widget-wpa9-editor-ext-default-c93e1481a745-72059\"\n\t\t\t\n\t\t>\n<div class=\"siteorigin-widget-tinymce textwidget\">\n\t<h2>Z\u00e1ruka kvality<\/h2>\n<p>Vyu\u017eijte na\u0161e slu\u017eby strojov\u00e9ho p\u0159ekladu (raw neural machine translation) a&nbsp;posteditace, abyste m\u011bli jistotu profesion\u00e1ln\u011b zpracovan\u00e9ho v\u00fdsledku. Kvalitu na\u0161\u00ed pr\u00e1ce potvrzuj\u00ed certifik\u00e1ty, v\u010detn\u011b certifikace podle normy ISO 18587, kter\u00e1 stanovuje po\u017eadavky na proces pln\u00e9 posteditace v\u00fdstup\u016f strojov\u00e9ho p\u0159ekladu a&nbsp;kompetence posteditor\u016f.<\/p>\n<p><img loading=\"lazy\" decoding=\"async\" class=\"wp-image-72032 aligncenter\" src=\"https:\/\/skrivanek.cz\/wp-content\/uploads\/2024\/09\/ai-icon-05.png\" alt=\"ai\" width=\"64\" height=\"64\" \/><\/p>\n<h2>V\u00fdhody strojov\u00e9ho p\u0159ekladu<\/h2>\n<p>Hlavn\u00edmi v\u00fdhodami strojov\u00e9ho p\u0159ekladu jsou rychlost a&nbsp;p\u0159\u00edzniv\u00e1 cena. D\u00edky modern\u00edm technologi\u00edm lze proces p\u0159ekladu v\u00fdrazn\u011b urychlit a&nbsp;u\u0161et\u0159it tak cenn\u00fd \u010das. Kdy\u017e se strojov\u00fd p\u0159eklad zkombinuje se slu\u017ebou posteditace, dosahuje vy\u0161\u0161\u00ed p\u0159esnosti a&nbsp;kvality ne\u017e samotn\u00fd automatick\u00fd p\u0159eklad. Postedito\u0159i opravuj\u00ed chyby a&nbsp;upravuj\u00ed text tak, aby odpov\u00eddal origin\u00e1lu nejen obsahov\u011b, ale v&nbsp;p\u0159\u00edpad\u011b pln\u00e9 posteditace i&nbsp;stylisticky, a&nbsp;p\u0159izp\u016fsobuj\u00ed tonalitu podle kontextu zdrojov\u00e9ho materi\u00e1lu. Strojov\u00fd p\u0159eklad s&nbsp;posteditac\u00ed tak p\u0159edstavuje optim\u00e1ln\u00ed kombinaci rychlosti automatizace a&nbsp;kvality lidsk\u00e9 pr\u00e1ce. Tato metoda je tak\u00e9 ide\u00e1ln\u00ed, pokud pot\u0159ebujete efektivn\u011b a&nbsp;rychle p\u0159ekl\u00e1dat texty do v\u00edce jazyk\u016f najednou.<\/p>\n<\/div>\n<\/div><\/div><\/div><div id=\"pgc-72059-1-1\"  class=\"panel-grid-cell\" ><div id=\"panel-72059-1-1-0\" class=\"so-panel widget widget_wpforms-widget wpforms-widget panel-first-child panel-last-child\" data-index=\"2\" ><h3 class=\"widget-title\">Kontaktujte n\u00e1s a&nbsp;zjist\u011bte, jak AI m\u016f\u017ee va\u0161e texty posunout na vy\u0161\u0161\u00ed \u00farove\u0148<\/h3>\r\n<style type=\"text\/css\">\r\n\r\n\r\n\r\nbody #wpforms-75265 {\r\n\t\t\r\n\t\t\tfont-family:inherit;}\r\n\r\n\t\r\n\r\n\tbody #wpforms-75265 .wpforms-head-container {\r\n\t\tborder-width: 0px;}\r\n\r\n\tbody #wpforms-75265 .wpforms-head-container .wpforms-title {\r\n\t\t}\r\n\r\n\tbody #wpforms-75265 .wpforms-head-container .wpforms-description {\r\n\t\t\t\tdisplay:block;\r\n\t}\r\n\r\n\r\n\tbody #wpforms-75265 .wpforms-submit-container .wpforms-submit, body #wpforms-75265 .wpforms-field-pagebreak button.wpforms-page-button {\r\n\t\tcolor:#ffffff ;background-color:#ff643b ;border-width:0px ;border-style:solid ;border-radius:10px ;-web-border-radius:10px ;-moz-border-radius:10px ;\t\t\t}\r\n\r\n\tbody #wpforms-75265 .wpforms-submit-container .wpforms-submit:hover, body #wpforms-75265 .wpforms-field-pagebreak button.wpforms-page-button:hover {\r\n\tbackground-color:;\tcolor:;\t}\r\n\r\n\tbody #wpforms-75265 .wpforms-submit-container,\r\n\tbody #wpforms-75265 .wpforms-field-pagebreak .wpforms-pagebreak-left{\r\n\t\t}\r\n\r\n\r\n\tbody #wpforms-75265 .wpforms-form .wpforms-field input[type=text],\r\n\tbody #wpforms-75265 .wpforms-form .wpforms-field input[type=email],\r\n\tbody #wpforms-75265 .wpforms-form .wpforms-field input[type=tel],\r\n\tbody #wpforms-75265 .wpforms-form .wpforms-field input[type=url],\r\n\tbody #wpforms-75265 .wpforms-form .wpforms-field input[type=password],\r\n\tbody #wpforms-75265 .wpforms-form .wpforms-field input[type=number]\r\n\t{\r\n\t\tborder-width:1px ;border-style:solid ;\t\t\t}\r\n\r\n\tbody #wpforms-75265 .wpforms-form .wpforms-field .wpforms-field-row\r\n\t{\r\n\t\t\t}\r\n\r\n\tbody #wpforms-75265 .wpforms-form .wpforms-field-layout.wpforms-field input[type=text],\r\n\tbody #wpforms-75265 .wpforms-form .wpforms-field-layout.wpforms-field input[type=email],\r\n\tbody #wpforms-75265 .wpforms-form .wpforms-field-layout.wpforms-field input[type=tel],\r\n\tbody #wpforms-75265 .wpforms-form .wpforms-field-layout.wpforms-field input[type=url],\r\n\tbody #wpforms-75265 .wpforms-form .wpforms-field-layout.wpforms-field input[type=password],\r\n\tbody #wpforms-75265 .wpforms-form .wpforms-field-layout.wpforms-field input[type=number]{\r\n\t\twidth: 100%;\r\n\t}\r\n\r\n\tbody #wpforms-75265 .wpforms-form .wpforms-field .wpforms-field-row input[type=text]{\r\n\t\twidth: 100%;\r\n\t}\r\n\r\n\r\n\r\n\t#wpforms-75265 .wpforms-form .wpforms-field-layout-rows,\r\n\t#wpforms-75265 .wpforms-form .wpforms-field-layout-columns{\r\n\t\t\t}\r\n\r\n\r\n\r\n\tbody #wpforms-75265 .wpforms-form .wpforms-field textarea {\r\n\t\t\t\t\tborder-width: 1px;\t}\r\n\r\n \r\n\r\n\tbody #wpforms-75265 .wpforms-form .wpforms-field select {\r\n\r\n\t\t\r\n\t\tborder-width: 1px;\t}\r\n\r\n\t\/* dropdown styles on modern background *\/\r\n\tbody #wpforms-75265 .wpforms-form .wpforms-field-select-style-modern .choices__inner{\r\n\t\t\t\t\r\n\t}\r\n\r\n\t\/* background color on modern dropdown *\/\r\n\t\r\n \r\n\tbody #wpforms-75265 .wpforms-form .wpforms-field-radio li label,\r\n\tbody #wpforms-75265 .wpforms-form .wpforms-field-payment-multiple li label {\r\n\t\t\t}\r\n \r\n\tbody #wpforms-75265 .wpforms-form .wpforms-field-checkbox li label {\r\n\t\t\t}\r\n \r\n\tbody #wpforms-75265 .wpforms-form .wpforms-field .wpforms-field-description {\r\n\r\n\t\t\t}\r\n\r\n \r\n\tbody #wpforms-75265 .wpforms-form .wpforms-field label.wpforms-field-label,\r\n\tbody #wpforms-75265 .wpforms-form .wpforms-field .wpforms-field-label {\r\n\t\tfont-weight: bold;\t}\r\n\r\n\r\n \r\n\tbody #wpforms-confirmation-75265  {\r\n\r\n\t\t\t\tborder-width: 1px;\t}\r\n\r\n\tbody #wpforms-confirmation-75265 p{\r\n\t\ttext-transform: uppercase;\r\n\t\ttext-decoration: underline;\r\n\t\tcolor: inherit;\r\n\t}\r\n\r\n \r\n\tbody #wpforms-75265 label.wpforms-error,\r\n\tbody #wpforms-75265 .wpforms-error[role=\"alert\"] {\r\n\t\t\r\n\t\t\t\tborder-width: 1px;\t}\r\n\/* Styling for Tablets *\/\r\n@media only screen and (max-width: 800px) and (min-width:481px) {\r\n\t\r\n\r\n\r\n\r\n}\r\n\r\n@media only screen and (max-width: 480px){\r\n\t\r\n\r\n\r\n\r\n}\r\n\/*Option to add custom CSS *\/\r\n\r\n\r\n\r\n\t\t<\/style>\r\n\t\t<div class=\"wpforms-container wpforms-container-full wpforms-render-modern\" id=\"wpforms-75265\"><form id=\"wpforms-form-75265\" class=\"wpforms-validate wpforms-form wpforms-ajax-form\" data-formid=\"75265\" method=\"post\" enctype=\"multipart\/form-data\" action=\"\/cz\/wp-json\/wp\/v2\/pages\/72059\" data-token=\"b1c6cc8b50f79d5cafc9f57cb4247d8f\" data-token-time=\"1776286792\"><noscript class=\"wpforms-error-noscript\">Chcete-li vyplnit tento formul\u00e1\u0159, pros\u00edm povolte v&nbsp;prohl\u00ed\u017ee\u010di JavaScript.<\/noscript><div id=\"wpforms-error-noscript\" style=\"display: none;\">Chcete-li vyplnit tento formul\u00e1\u0159, pros\u00edm povolte v&nbsp;prohl\u00ed\u017ee\u010di JavaScript.<\/div><div class=\"wpforms-field-container\"><div id=\"wpforms-75265-field_15-container\" class=\"wpforms-field wpforms-field-layout\" data-field-id=\"15\"><div class=\"wpforms-field-layout-rows wpforms-field-large\"><div class=\"wpforms-layout-row\"><div class=\"wpforms-layout-column wpforms-layout-column-50\"><div id=\"wpforms-75265-field_1-container\" class=\"wpforms-field wpforms-field-name\" data-field-id=\"1\"><label class=\"wpforms-field-label\" for=\"wpforms-75265-field_1\">Va\u0161e jm\u00e9no <span class=\"wpforms-required-label\" aria-hidden=\"true\">*<\/span><\/label><input type=\"text\" id=\"wpforms-75265-field_1\" class=\"wpforms-field-medium wpforms-field-required\" name=\"wpforms[fields][1]\" aria-errormessage=\"wpforms-75265-field_1-error\" required><\/div><\/div><div class=\"wpforms-layout-column wpforms-layout-column-50\"><div id=\"wpforms-75265-field_31-container\" class=\"wpforms-field wpforms-field-text\" data-field-id=\"31\"><label class=\"wpforms-field-label\" for=\"wpforms-75265-field_31\">N\u00e1zev spole\u010dnosti<\/label><input type=\"text\" id=\"wpforms-75265-field_31\" class=\"wpforms-field-medium\" name=\"wpforms[fields][31]\" aria-errormessage=\"wpforms-75265-field_31-error\" ><\/div><\/div><\/div><div class=\"wpforms-layout-row\"><div class=\"wpforms-layout-column wpforms-layout-column-50\"><div id=\"wpforms-75265-field_2-container\" class=\"wpforms-field wpforms-field-email\" data-field-id=\"2\"><label class=\"wpforms-field-label\" for=\"wpforms-75265-field_2\">Email <span class=\"wpforms-required-label\" aria-hidden=\"true\">*<\/span><\/label><input type=\"email\" id=\"wpforms-75265-field_2\" class=\"wpforms-field-medium wpforms-field-required\" name=\"wpforms[fields][2]\" spellcheck=\"false\" aria-errormessage=\"wpforms-75265-field_2-error\" required><\/div><\/div><div class=\"wpforms-layout-column wpforms-layout-column-50\"><div id=\"wpforms-75265-field_3-container\" class=\"wpforms-field wpforms-field-phone\" data-field-id=\"3\"><label class=\"wpforms-field-label\" for=\"wpforms-75265-field_3\">Telefon<\/label><input type=\"tel\" id=\"wpforms-75265-field_3\" class=\"wpforms-field-medium wpforms-smart-phone-field\" data-rule-smart-phone-field=\"true\" name=\"wpforms[fields][3]\" aria-label=\"Telefon\" aria-errormessage=\"wpforms-75265-field_3-error\" ><\/div><\/div><\/div><\/div><\/div><div id=\"wpforms-75265-field_7-container\" class=\"wpforms-field wpforms-field-textarea\" data-field-id=\"7\"><label class=\"wpforms-field-label\" for=\"wpforms-75265-field_7\">Dejte n\u00e1m v\u011bd\u011bt, jak\u00e9 slu\u017eby nebo \u0159e\u0161en\u00ed pot\u0159ebujete.<\/label><textarea id=\"wpforms-75265-field_7\" class=\"wpforms-field-medium\" name=\"wpforms[fields][7]\" aria-errormessage=\"wpforms-75265-field_7-error\" aria-describedby=\"wpforms-75265-field_7-description\" ><\/textarea><div id=\"wpforms-75265-field_7-description\" class=\"wpforms-field-description\">P\u0159iprav\u00edme pro v\u00e1s <strong>nez\u00e1vaznou nab\u00eddku na m\u00edru<\/strong>, kter\u00e1 p\u0159esn\u011b odpov\u00edd\u00e1 va\u0161im po\u017eadavk\u016fm a&nbsp;pom\u016f\u017ee v\u00e1m dos\u00e1hnout va\u0161ich c\u00edl\u016f. M\u00e1te dotazy ohledn\u011b AI nebo dal\u0161\u00edch na\u0161ich slu\u017eeb? R\u00e1di v\u00e1m je zodpov\u00edme. Jsme tu pro v\u00e1s.<\/div><\/div><div id=\"wpforms-75265-field_16-container\" class=\"wpforms-field wpforms-field-html\" data-field-id=\"16\"><div id=\"wpforms-75265-field_16\" aria-errormessage=\"wpforms-75265-field_16-error\"><font size=\"2\">Odesl\u00e1n\u00edm popt\u00e1vky souhlas\u00edte se <a href=\"https:\/\/skrivanek.cz\/cz\/zpracovani-ochrana-osobnich-udaju\/\" title=\"Z\u00e1sady zpracov\u00e1n\u00ed osobn\u00edch \u00fadaj\u016f\" target=\"_blank\">z\u00e1sadami zpracov\u00e1n\u00ed osobn\u00edch \u00fadaj\u016f<\/a>.<\/font><\/div><\/div>\t\t<div id=\"wpforms-75265-field_4-container\"\n\t\t\tclass=\"wpforms-field wpforms-field-text\"\n\t\t\tdata-field-type=\"text\"\n\t\t\tdata-field-id=\"4\"\n\t\t\t>\n\t\t\t<label class=\"wpforms-field-label\" for=\"wpforms-75265-field_4\" >Email Landing Va\u0161e<\/label>\n\t\t\t<input type=\"text\" id=\"wpforms-75265-field_4\" class=\"wpforms-field-medium\" name=\"wpforms[fields][4]\" >\n\t\t<\/div>\n\t\t<div id=\"wpforms-75265-field_32-container\" class=\"wpforms-field wpforms-field-hidden\" data-field-id=\"32\"><input type=\"hidden\" id=\"wpforms-75265-field_32\" name=\"wpforms[fields][32]\" value=\"[channel]\"><\/div><div id=\"wpforms-75265-field_33-container\" class=\"wpforms-field wpforms-field-hidden\" data-field-id=\"33\"><input type=\"hidden\" id=\"wpforms-75265-field_33\" name=\"wpforms[fields][33]\" value=\"[channeldrilldown1]\"><\/div><div id=\"wpforms-75265-field_34-container\" class=\"wpforms-field wpforms-field-hidden\" data-field-id=\"34\"><input type=\"hidden\" id=\"wpforms-75265-field_34\" name=\"wpforms[fields][34]\" value=\"[channeldrilldown2]\"><\/div><div id=\"wpforms-75265-field_35-container\" class=\"wpforms-field wpforms-field-hidden\" data-field-id=\"35\"><input type=\"hidden\" id=\"wpforms-75265-field_35\" name=\"wpforms[fields][35]\" value=\"[channeldrilldown3]\"><\/div><div id=\"wpforms-75265-field_36-container\" class=\"wpforms-field wpforms-field-hidden\" data-field-id=\"36\"><input type=\"hidden\" id=\"wpforms-75265-field_36\" name=\"wpforms[fields][36]\" value=\"[landingpage]\"><\/div><div id=\"wpforms-75265-field_37-container\" class=\"wpforms-field wpforms-field-hidden\" data-field-id=\"37\"><input type=\"hidden\" id=\"wpforms-75265-field_37\" name=\"wpforms[fields][37]\" value=\"[landingpagegroup]\"><\/div><script>\n\t\t\t\t( function() {\n\t\t\t\t\tconst style = document.createElement( 'style' );\n\t\t\t\t\tstyle.appendChild( document.createTextNode( '#wpforms-75265-field_4-container { position: absolute !important; overflow: hidden !important; display: inline !important; height: 1px !important; width: 1px !important; z-index: -1000 !important; padding: 0 !important; } #wpforms-75265-field_4-container input { visibility: hidden; } #wpforms-conversational-form-page #wpforms-75265-field_4-container label { counter-increment: none; }' ) );\n\t\t\t\t\tdocument.head.appendChild( style );\n\t\t\t\t\tdocument.currentScript?.remove();\n\t\t\t\t} )();\n\t\t\t<\/script><\/div><!-- .wpforms-field-container --><div class=\"wpforms-recaptcha-container wpforms-is-recaptcha wpforms-is-recaptcha-type-v3\" ><input type=\"hidden\" name=\"wpforms[recaptcha]\" value=\"\"><\/div><div class=\"wpforms-submit-container\" ><input type=\"hidden\" name=\"wpforms[id]\" value=\"75265\"><input type=\"hidden\" name=\"page_title\" value=\"\"><input type=\"hidden\" name=\"page_url\" value=\"https:\/\/skrivanek.cz\/cz\/wp-json\/wp\/v2\/pages\/72059\"><input type=\"hidden\" name=\"url_referer\" value=\"\"><button type=\"submit\" name=\"wpforms[submit]\" id=\"wpforms-submit-75265\" class=\"wpforms-submit\" data-alt-text=\"Odes\u00edl\u00e1n\u00ed...\" data-submit-text=\"Odeslat\" aria-live=\"assertive\" value=\"wpforms-submit\">Odeslat<\/button><img loading=\"lazy\" decoding=\"async\" src=\"https:\/\/skrivanek.cz\/wp-content\/plugins\/wpforms\/assets\/images\/submit-spin.svg\" class=\"wpforms-submit-spinner\" style=\"display: none;\" width=\"26\" height=\"26\" alt=\"Na\u010d\u00edt\u00e1n\u00ed\"><\/div><\/form><\/div>  <!-- .wpforms-container --><\/div><\/div><\/div><\/div><div id=\"pg-72059-2\"  class=\"panel-grid panel-has-style\" ><div class=\"siteorigin-panels-stretch panel-row-padding-none panel-row-style panel-row-style-for-72059-2\" data-stretch-type=\"full\" ><div id=\"pgc-72059-2-0\"  class=\"panel-grid-cell\" ><div id=\"panel-72059-2-0-0\" class=\"so-panel widget widget_wpa9-card-s panel-first-child panel-last-child\" data-index=\"3\" ><div\n\t\t\t\n\t\t\tclass=\"so-widget-wpa9-card-s so-widget-wpa9-card-s-default-c93e1481a745-72059\"\n\t\t\t\n\t\t><div class=\"wpa9-card wpa9-card-s wide negative\">\n\n\t<div class=\"wpa9-card-wrapper container\">\n\n\t\t<div class=\"wpa9-card-text\">\n\t\t\t<h2 class=\"wpa9-card-title\">Efektivn\u011bj\u0161\u00ed pr\u00e1ce s&nbsp;v\u00edcejazy\u010dn\u00fdm obsahem<\/h2>\n\t\t\t<div class=\"wpa9-card-content\"><p style=\"text-align: center\">Kombinujeme v\u00fdkon modern\u00edch technologi\u00ed s&nbsp;jazykovou expertizou. Sd\u011blte n\u00e1m rozsah a&nbsp;\u00fa\u010del projektu a&nbsp;p\u0159iprav\u00edme odpov\u00eddaj\u00edc\u00ed n\u00e1vrh \u0159e\u0161en\u00ed.<\/p>\n<\/div>\t\t<\/div>\n\n\t\t\t\t<div class=\"meta meta-buttons d-flex flex-row justify-content-center\">\n\t\t\t\t\t\t\t<a class=\"btn btn-negative \" href=\"https:\/\/skrivanek.cz\/cz\/poptavka-ai\/\" title=\"Nez\u00e1vazn\u011b poptat \u0159e\u0161en\u00ed\">Nez\u00e1vazn\u011b poptat \u0159e\u0161en\u00ed<\/a>\n\t\t\t\t<\/div>\n\t\t\n\t<\/div>\n\n<\/div>\n<\/div><\/div><\/div><\/div><\/div><\/div>","protected":false},"excerpt":{"rendered":"<p>Posteditace Na\u0161e edita\u010dn\u00ed slu\u017eby, zahrnuj\u00edc\u00ed plnou a\u00a0light posteditaci, jsou navr\u017eeny tak, aby zdokonalily a\u00a0pov\u00fd\u0161ily v\u00fdstup z\u00a0raw neural machine translation (NMT\/AI), a\u00a0zajistily tak, \u017ee na\u0161i klienti obdr\u017e\u00ed p\u0159eklady p\u0159esn\u011b odpov\u00eddaj\u00edc\u00ed jejich po\u017eadavk\u016fm. M\u00e1m z\u00e1jem o&nbsp;posteditaci Raw Neural Machine Translation Raw NMT p\u0159edstavuje neupraven\u00fd v\u00fdstup strojov\u00e9ho p\u0159ekladu, kter\u00fd nab\u00edz\u00ed cenov\u011b v\u00fdhodnou alternativu k\u00a0tradi\u010dn\u00edm p\u0159eklad\u016fm. Tento v\u00fdstup toti\u017e [&hellip;]<\/p>\n","protected":false},"author":9,"featured_media":0,"parent":71988,"menu_order":0,"comment_status":"closed","ping_status":"closed","template":"","meta":{"_acf_changed":false,"footnotes":""},"class_list":["post-72059","page","type-page","status-publish","hentry"],"acf":[],"aioseo_notices":[],"_links":{"self":[{"href":"https:\/\/skrivanek.cz\/cz\/wp-json\/wp\/v2\/pages\/72059","targetHints":{"allow":["GET"]}}],"collection":[{"href":"https:\/\/skrivanek.cz\/cz\/wp-json\/wp\/v2\/pages"}],"about":[{"href":"https:\/\/skrivanek.cz\/cz\/wp-json\/wp\/v2\/types\/page"}],"author":[{"embeddable":true,"href":"https:\/\/skrivanek.cz\/cz\/wp-json\/wp\/v2\/users\/9"}],"replies":[{"embeddable":true,"href":"https:\/\/skrivanek.cz\/cz\/wp-json\/wp\/v2\/comments?post=72059"}],"version-history":[{"count":4,"href":"https:\/\/skrivanek.cz\/cz\/wp-json\/wp\/v2\/pages\/72059\/revisions"}],"predecessor-version":[{"id":80135,"href":"https:\/\/skrivanek.cz\/cz\/wp-json\/wp\/v2\/pages\/72059\/revisions\/80135"}],"up":[{"embeddable":true,"href":"https:\/\/skrivanek.cz\/cz\/wp-json\/wp\/v2\/pages\/71988"}],"wp:attachment":[{"href":"https:\/\/skrivanek.cz\/cz\/wp-json\/wp\/v2\/media?parent=72059"}],"curies":[{"name":"wp","href":"https:\/\/api.w.org\/{rel}","templated":true}]}}