{"id":72116,"date":"2024-09-19T16:00:52","date_gmt":"2024-09-19T14:00:52","guid":{"rendered":"https:\/\/skrivanek.cz\/?page_id=72116"},"modified":"2026-03-24T09:21:07","modified_gmt":"2026-03-24T08:21:07","slug":"raw-neural-machine-translation-nmt","status":"publish","type":"page","link":"https:\/\/skrivanek.cz\/cz\/ai\/raw-neural-machine-translation-nmt\/","title":{"rendered":"Raw Neural Machine Translation (NMT)"},"content":{"rendered":"<div id=\"pl-72116\"  class=\"panel-layout\" ><div id=\"pg-72116-0\"  class=\"panel-grid panel-has-style\"  style=\"margin-bottom: 0px\" ><div class=\"siteorigin-panels-stretch panel-row-padding-none panel-row-style panel-row-style-for-72116-0\" data-stretch-type=\"full\" ><div id=\"pgc-72116-0-0\"  class=\"panel-grid-cell\" ><div id=\"panel-72116-0-0-0\" class=\"so-panel widget widget_wpa9-card-l panel-first-child panel-last-child\" data-index=\"0\" ><div\n\t\t\t\n\t\t\tclass=\"so-widget-wpa9-card-l so-widget-wpa9-card-l-default-c93e1481a745-72116\"\n\t\t\t\n\t\t>\n<h3 class=\"widget-title\">Efektivita p\u0159ekladu s&nbsp;raw NMT<\/h3>\n<div class=\"wpa9-card wpa9-card-l-container d-flex flex-wrap wpa9-columns-2\">\n\n\t\n\t\t\n\t<div class=\"wpa9-card-l-panel wpa9-panel shadow rounded d-flex flex-column justify-content-between\">\n\n\t\t<div>\n\t\t\t\t\t\t\t<span class=\"wpa9-panel-icon icon\" style=\"display: none; background-image: url('https:\/\/skrivanek.cz\/wp-content\/uploads\/2024\/09\/ai-icon-02.png')\"><\/span>\n\t\t\t<span class=\"wpa9-panel-icon icon\" style=\"mask-image: url(https:\/\/skrivanek.cz\/wp-content\/uploads\/2024\/09\/ai-icon-02.png); -webkit-mask-image: url(https:\/\/skrivanek.cz\/wp-content\/uploads\/2024\/09\/ai-icon-02.png);\"><\/span>\n\t\t\n\t\t\t\t\t\t\t\t<h2 class=\"wpa9-panel-title\">Podstata raw NMT<\/h2>\n\t\t\n\t\t\t\t\t\t\t<div class=\"wpa9-panel-content\"><p>NMT od Sk\u0159iv\u00e1nek AI p\u0159edstavuje neupraven\u00fd v\u00fdstup um\u011bl\u00e9 inteligence bez z\u00e1sahu na\u0161ich posteditor\u016f. Tato metoda nab\u00edz\u00ed nejen cenov\u011b v\u00fdhodn\u00e9 \u0159e\u0161en\u00ed pro p\u0159eklad text\u016f, ale z\u00e1rove\u0148 zaji\u0161\u0165uje, \u017ee podstata a\u00a0kl\u00ed\u010dov\u00e9 sd\u011blen\u00ed p\u016fvodn\u00edho dokumentu jsou p\u0159esn\u011b p\u0159ed\u00e1ny. Na\u0161e intern\u00ed procesy pe\u010dliv\u011b kontroluj\u00ed, aby byl text klienta spr\u00e1vn\u011b p\u0159elo\u017een a\u00a0form\u00e1t p\u016fvodn\u00edho dokumentu z\u016fstal zachov\u00e1n i\u00a0ve v\u00fdsledn\u00e9 verzi. Tento \u201esyrov\u00fd\u201c p\u0159eklad je ide\u00e1ln\u00ed pro p\u0159\u00edpady, kdy je c\u00edlem z\u00e1kladn\u00ed porozum\u011bn\u00ed obsahu bez nutnosti detailn\u00edch kulturn\u00edch nebo idiomatick\u00fdch \u00faprav.<\/p>\n<\/div>\n\t\t\t\t<\/div>\n\n\t\t\n\t<\/div>\n\n\t\t\n\t<div class=\"wpa9-card-l-panel wpa9-panel shadow rounded d-flex flex-column justify-content-between\">\n\n\t\t<div>\n\t\t\t\t\t\t\t<span class=\"wpa9-panel-icon icon\" style=\"display: none; background-image: url('https:\/\/skrivanek.cz\/wp-content\/uploads\/2024\/09\/ai-icon-05.png')\"><\/span>\n\t\t\t<span class=\"wpa9-panel-icon icon\" style=\"mask-image: url(https:\/\/skrivanek.cz\/wp-content\/uploads\/2024\/09\/ai-icon-05.png); -webkit-mask-image: url(https:\/\/skrivanek.cz\/wp-content\/uploads\/2024\/09\/ai-icon-05.png);\"><\/span>\n\t\t\n\t\t\t\t\t\t\t\t<h2 class=\"wpa9-panel-title\">Na\u0161e odbornost v&nbsp;raw NMT<\/h2>\n\t\t\n\t\t\t\t\t\t\t<div class=\"wpa9-panel-content\"><p>Ve Sk\u0159iv\u00e1nek AI m\u00e1me jedine\u010dn\u00e9 znalosti a\u00a0zku\u0161enosti v\u00a0oblasti NMT. Vyu\u017e\u00edv\u00e1me nejnov\u011bj\u0161\u00ed pokroky v\u00a0um\u011bl\u00e9 inteligenci a\u00a0neuronov\u00fdch s\u00edt\u00edch, abychom poskytli p\u0159eklady, kter\u00e9 jsou nejen rychl\u00e9 a\u00a0efektivn\u00ed, ale tak\u00e9 p\u0159esn\u00e9. Na\u0161e pe\u010dlivost p\u0159i\u00a0zachov\u00e1n\u00ed form\u00e1tu p\u016fvodn\u00edho dokumentu v\u00a0p\u0159elo\u017een\u00e9 verzi n\u00e1s odli\u0161uje od konkurence. T\u00edm zaji\u0161\u0165ujeme, \u017ee na\u0161i klienti obdr\u017e\u00ed p\u0159eklady p\u0159ipraven\u00e9 k\u00a0okam\u017eit\u00e9mu pou\u017eit\u00ed \u2013 a\u0165 u\u017e pro intern\u00ed kontrolu, rychl\u00e9 sd\u00edlen\u00ed informac\u00ed nebo jako podklad pro n\u00e1sledn\u00fd, detailn\u011bj\u0161\u00ed p\u0159ekladov\u00fd proces.<\/p>\n<\/div>\n\t\t\t\t<\/div>\n\n\t\t\n\t<\/div>\n\n\t\t\n\t\n<\/div>\n<\/div><\/div><\/div><\/div><\/div><div id=\"pg-72116-1\"  class=\"panel-grid panel-has-style\"  style=\"margin-bottom: 0px\" ><div class=\"siteorigin-panels-stretch panel-row-padding-none panel-row-style panel-row-style-for-72116-1\" data-stretch-type=\"full\" ><div id=\"pgc-72116-1-0\"  class=\"panel-grid-cell\" ><div id=\"panel-72116-1-0-0\" class=\"so-panel widget widget_wpa9-editor-ext panel-first-child\" data-index=\"1\" ><div\n\t\t\t\n\t\t\tclass=\"so-widget-wpa9-editor-ext so-widget-wpa9-editor-ext-default-c93e1481a745-72116\"\n\t\t\t\n\t\t>\n<div class=\"siteorigin-widget-tinymce textwidget\">\n\t<h2>Pro\u010d zvolit Sk\u0159iv\u00e1nek AI pro raw NMT?<\/h2>\n<p>Volbou raw NMT od Sk\u0159iv\u00e1nka z\u00edsk\u00e1te slu\u017ebu, kter\u00e1 spojuje rychlost, efektivitu a&nbsp;v\u00fdhodnou cenu bez kompromis\u016f na kvalit\u011b.<br \/>\nNa\u0161e slu\u017eba raw NMT je ide\u00e1ln\u00ed pro firmy a&nbsp;jednotlivce, kte\u0159\u00ed pot\u0159ebuj\u00ed rychl\u00e9 p\u0159eklady s&nbsp;jasn\u00fdm a&nbsp;p\u0159esn\u00fdm pochopen\u00edm p\u016fvodn\u00edho textu. Se Sk\u0159iv\u00e1nek AI z\u00edsk\u00e1v\u00e1te nejen p\u0159eklad, ale i&nbsp;p\u0159\u00edstup k&nbsp;desetilet\u00edm zku\u0161enost\u00ed v&nbsp;jazykov\u00fdch slu\u017eb\u00e1ch podpo\u0159en\u00fdch nejmodern\u011bj\u0161\u00ed AI technologi\u00ed.<\/p>\n<p>Raw NMT od Sk\u0159iv\u00e1nek AI p\u0159edstavuje v\u00fdznamn\u00fd pokrok v&nbsp;technologii strojov\u00e9ho p\u0159ekladu. Je odrazem na\u0161eho z\u00e1vazku k&nbsp;inovac\u00edm, kvalit\u011b a&nbsp;poskytov\u00e1n\u00ed hodnoty na\u0161im klient\u016fm. S&nbsp;rostouc\u00ed popt\u00e1vkou po&nbsp;rychl\u00fdch, efektivn\u00edch a&nbsp;cenov\u011b dostupn\u00fdch p\u0159ekladech je raw NMT p\u0159ipraveno tyto pot\u0159eby naplnit a&nbsp;zajistit, \u017ee na\u0161i klienti budou \u00fasp\u011b\u0161n\u00ed v&nbsp;glob\u00e1ln\u011b propojen\u00e9m sv\u011bt\u011b.<\/p>\n<\/div>\n<\/div><\/div><div id=\"panel-72116-1-0-1\" class=\"so-panel widget widget_wpa9-editor-ext panel-last-child\" data-index=\"2\" ><div\n\t\t\t\n\t\t\tclass=\"so-widget-wpa9-editor-ext so-widget-wpa9-editor-ext-default-c93e1481a745-72116\"\n\t\t\t\n\t\t>\n<div class=\"siteorigin-widget-tinymce textwidget\">\n\t<h1 style=\"text-align: center;\">o 30&nbsp;%<\/h1>\n<p style=\"text-align: center;\"><em>rychlej\u0161\u00ed realizace<\/em><\/p>\n<p style=\"text-align: center;\">\n<span style=\"font-size: 20px;\"><strong>Urychlete svou glob\u00e1ln\u00ed komunikaci d\u00edky raw NMT od Sk\u0159iv\u00e1nka AI, kter\u00e9 zaru\u010duje rychl\u00e9 a&nbsp;p\u0159esn\u00e9 p\u0159eklady odpov\u00eddaj\u00edc\u00ed pot\u0159eb\u00e1m va\u0161eho podnik\u00e1n\u00ed.<\/strong><\/span><\/p>\n<\/div>\n<\/div><\/div><\/div><div id=\"pgc-72116-1-1\"  class=\"panel-grid-cell\" ><div id=\"panel-72116-1-1-0\" class=\"so-panel widget widget_wpforms-widget wpforms-widget panel-first-child panel-last-child\" data-index=\"3\" ><h3 class=\"widget-title\">Jsme odborn\u00edci na NMT<\/h3>\r\n<style type=\"text\/css\">\r\n\r\n\r\n\r\nbody #wpforms-75265 {\r\n\t\t\r\n\t\t\tfont-family:inherit;}\r\n\r\n\t\r\n\r\n\tbody #wpforms-75265 .wpforms-head-container {\r\n\t\tborder-width: 0px;}\r\n\r\n\tbody #wpforms-75265 .wpforms-head-container .wpforms-title {\r\n\t\t}\r\n\r\n\tbody #wpforms-75265 .wpforms-head-container .wpforms-description {\r\n\t\t\t\tdisplay:block;\r\n\t}\r\n\r\n\r\n\tbody #wpforms-75265 .wpforms-submit-container .wpforms-submit, body #wpforms-75265 .wpforms-field-pagebreak button.wpforms-page-button {\r\n\t\tcolor:#ffffff ;background-color:#ff643b ;border-width:0px ;border-style:solid ;border-radius:10px ;-web-border-radius:10px ;-moz-border-radius:10px ;\t\t\t}\r\n\r\n\tbody #wpforms-75265 .wpforms-submit-container .wpforms-submit:hover, body #wpforms-75265 .wpforms-field-pagebreak button.wpforms-page-button:hover {\r\n\tbackground-color:;\tcolor:;\t}\r\n\r\n\tbody #wpforms-75265 .wpforms-submit-container,\r\n\tbody #wpforms-75265 .wpforms-field-pagebreak .wpforms-pagebreak-left{\r\n\t\t}\r\n\r\n\r\n\tbody #wpforms-75265 .wpforms-form .wpforms-field input[type=text],\r\n\tbody #wpforms-75265 .wpforms-form .wpforms-field input[type=email],\r\n\tbody #wpforms-75265 .wpforms-form .wpforms-field input[type=tel],\r\n\tbody #wpforms-75265 .wpforms-form .wpforms-field input[type=url],\r\n\tbody #wpforms-75265 .wpforms-form .wpforms-field input[type=password],\r\n\tbody #wpforms-75265 .wpforms-form .wpforms-field input[type=number]\r\n\t{\r\n\t\tborder-width:1px ;border-style:solid ;\t\t\t}\r\n\r\n\tbody #wpforms-75265 .wpforms-form .wpforms-field .wpforms-field-row\r\n\t{\r\n\t\t\t}\r\n\r\n\tbody #wpforms-75265 .wpforms-form .wpforms-field-layout.wpforms-field input[type=text],\r\n\tbody #wpforms-75265 .wpforms-form .wpforms-field-layout.wpforms-field input[type=email],\r\n\tbody #wpforms-75265 .wpforms-form .wpforms-field-layout.wpforms-field input[type=tel],\r\n\tbody #wpforms-75265 .wpforms-form .wpforms-field-layout.wpforms-field input[type=url],\r\n\tbody #wpforms-75265 .wpforms-form .wpforms-field-layout.wpforms-field input[type=password],\r\n\tbody #wpforms-75265 .wpforms-form .wpforms-field-layout.wpforms-field input[type=number]{\r\n\t\twidth: 100%;\r\n\t}\r\n\r\n\tbody #wpforms-75265 .wpforms-form .wpforms-field .wpforms-field-row input[type=text]{\r\n\t\twidth: 100%;\r\n\t}\r\n\r\n\r\n\r\n\t#wpforms-75265 .wpforms-form .wpforms-field-layout-rows,\r\n\t#wpforms-75265 .wpforms-form .wpforms-field-layout-columns{\r\n\t\t\t}\r\n\r\n\r\n\r\n\tbody #wpforms-75265 .wpforms-form .wpforms-field textarea {\r\n\t\t\t\t\tborder-width: 1px;\t}\r\n\r\n \r\n\r\n\tbody #wpforms-75265 .wpforms-form .wpforms-field select {\r\n\r\n\t\t\r\n\t\tborder-width: 1px;\t}\r\n\r\n\t\/* dropdown styles on modern background *\/\r\n\tbody #wpforms-75265 .wpforms-form .wpforms-field-select-style-modern .choices__inner{\r\n\t\t\t\t\r\n\t}\r\n\r\n\t\/* background color on modern dropdown *\/\r\n\t\r\n \r\n\tbody #wpforms-75265 .wpforms-form .wpforms-field-radio li label,\r\n\tbody #wpforms-75265 .wpforms-form .wpforms-field-payment-multiple li label {\r\n\t\t\t}\r\n \r\n\tbody #wpforms-75265 .wpforms-form .wpforms-field-checkbox li label {\r\n\t\t\t}\r\n \r\n\tbody #wpforms-75265 .wpforms-form .wpforms-field .wpforms-field-description {\r\n\r\n\t\t\t}\r\n\r\n \r\n\tbody #wpforms-75265 .wpforms-form .wpforms-field label.wpforms-field-label,\r\n\tbody #wpforms-75265 .wpforms-form .wpforms-field .wpforms-field-label {\r\n\t\tfont-weight: bold;\t}\r\n\r\n\r\n \r\n\tbody #wpforms-confirmation-75265  {\r\n\r\n\t\t\t\tborder-width: 1px;\t}\r\n\r\n\tbody #wpforms-confirmation-75265 p{\r\n\t\ttext-transform: uppercase;\r\n\t\ttext-decoration: underline;\r\n\t\tcolor: inherit;\r\n\t}\r\n\r\n \r\n\tbody #wpforms-75265 label.wpforms-error,\r\n\tbody #wpforms-75265 .wpforms-error[role=\"alert\"] {\r\n\t\t\r\n\t\t\t\tborder-width: 1px;\t}\r\n\/* Styling for Tablets *\/\r\n@media only screen and (max-width: 800px) and (min-width:481px) {\r\n\t\r\n\r\n\r\n\r\n}\r\n\r\n@media only screen and (max-width: 480px){\r\n\t\r\n\r\n\r\n\r\n}\r\n\/*Option to add custom CSS *\/\r\n\r\n\r\n\r\n\t\t<\/style>\r\n\t\t<div class=\"wpforms-container wpforms-container-full wpforms-render-modern\" id=\"wpforms-75265\"><form id=\"wpforms-form-75265\" class=\"wpforms-validate wpforms-form wpforms-ajax-form\" data-formid=\"75265\" method=\"post\" enctype=\"multipart\/form-data\" action=\"\/cz\/wp-json\/wp\/v2\/pages\/72116\" data-token=\"f3aea3a002fb4568db88b673da564ee5\" data-token-time=\"1775443460\"><noscript class=\"wpforms-error-noscript\">Chcete-li vyplnit tento formul\u00e1\u0159, pros\u00edm povolte v&nbsp;prohl\u00ed\u017ee\u010di JavaScript.<\/noscript><div id=\"wpforms-error-noscript\" style=\"display: none;\">Chcete-li vyplnit tento formul\u00e1\u0159, pros\u00edm povolte v&nbsp;prohl\u00ed\u017ee\u010di JavaScript.<\/div><div class=\"wpforms-field-container\"><div id=\"wpforms-75265-field_15-container\" class=\"wpforms-field wpforms-field-layout\" data-field-id=\"15\"><div class=\"wpforms-field-layout-rows wpforms-field-large\"><div class=\"wpforms-layout-row\"><div class=\"wpforms-layout-column wpforms-layout-column-50\"><div id=\"wpforms-75265-field_1-container\" class=\"wpforms-field wpforms-field-name\" data-field-id=\"1\"><label class=\"wpforms-field-label\" for=\"wpforms-75265-field_1\">Va\u0161e jm\u00e9no <span class=\"wpforms-required-label\" aria-hidden=\"true\">*<\/span><\/label><input type=\"text\" id=\"wpforms-75265-field_1\" class=\"wpforms-field-medium wpforms-field-required\" name=\"wpforms[fields][1]\" aria-errormessage=\"wpforms-75265-field_1-error\" required><\/div><\/div><div class=\"wpforms-layout-column wpforms-layout-column-50\"><div id=\"wpforms-75265-field_31-container\" class=\"wpforms-field wpforms-field-text\" data-field-id=\"31\"><label class=\"wpforms-field-label\" for=\"wpforms-75265-field_31\">N\u00e1zev spole\u010dnosti<\/label><input type=\"text\" id=\"wpforms-75265-field_31\" class=\"wpforms-field-medium\" name=\"wpforms[fields][31]\" aria-errormessage=\"wpforms-75265-field_31-error\" ><\/div><\/div><\/div><div class=\"wpforms-layout-row\"><div class=\"wpforms-layout-column wpforms-layout-column-50\"><div id=\"wpforms-75265-field_2-container\" class=\"wpforms-field wpforms-field-email\" data-field-id=\"2\"><label class=\"wpforms-field-label\" for=\"wpforms-75265-field_2\">Email <span class=\"wpforms-required-label\" aria-hidden=\"true\">*<\/span><\/label><input type=\"email\" id=\"wpforms-75265-field_2\" class=\"wpforms-field-medium wpforms-field-required\" name=\"wpforms[fields][2]\" spellcheck=\"false\" aria-errormessage=\"wpforms-75265-field_2-error\" required><\/div><\/div><div class=\"wpforms-layout-column wpforms-layout-column-50\"><div id=\"wpforms-75265-field_3-container\" class=\"wpforms-field wpforms-field-phone\" data-field-id=\"3\"><label class=\"wpforms-field-label\" for=\"wpforms-75265-field_3\">Telefon<\/label><input type=\"tel\" id=\"wpforms-75265-field_3\" class=\"wpforms-field-medium wpforms-smart-phone-field\" data-rule-smart-phone-field=\"true\" name=\"wpforms[fields][3]\" aria-label=\"Telefon\" aria-errormessage=\"wpforms-75265-field_3-error\" ><\/div><\/div><\/div><\/div><\/div><div id=\"wpforms-75265-field_7-container\" class=\"wpforms-field wpforms-field-textarea\" data-field-id=\"7\"><label class=\"wpforms-field-label\" for=\"wpforms-75265-field_7\">Dejte n\u00e1m v\u011bd\u011bt, jak\u00e9 slu\u017eby nebo \u0159e\u0161en\u00ed pot\u0159ebujete.<\/label><textarea id=\"wpforms-75265-field_7\" class=\"wpforms-field-medium\" name=\"wpforms[fields][7]\" aria-errormessage=\"wpforms-75265-field_7-error\" aria-describedby=\"wpforms-75265-field_7-description\" ><\/textarea><div id=\"wpforms-75265-field_7-description\" class=\"wpforms-field-description\">P\u0159iprav\u00edme pro v\u00e1s <strong>nez\u00e1vaznou nab\u00eddku na m\u00edru<\/strong>, kter\u00e1 p\u0159esn\u011b odpov\u00edd\u00e1 va\u0161im po\u017eadavk\u016fm a&nbsp;pom\u016f\u017ee v\u00e1m dos\u00e1hnout va\u0161ich c\u00edl\u016f. M\u00e1te dotazy ohledn\u011b AI nebo dal\u0161\u00edch na\u0161ich slu\u017eeb? R\u00e1di v\u00e1m je zodpov\u00edme. Jsme tu pro v\u00e1s.<\/div><\/div><div id=\"wpforms-75265-field_16-container\" class=\"wpforms-field wpforms-field-html\" data-field-id=\"16\"><div id=\"wpforms-75265-field_16\" aria-errormessage=\"wpforms-75265-field_16-error\"><font size=\"2\">Odesl\u00e1n\u00edm popt\u00e1vky souhlas\u00edte se <a href=\"https:\/\/skrivanek.cz\/cz\/zpracovani-ochrana-osobnich-udaju\/\" title=\"Z\u00e1sady zpracov\u00e1n\u00ed osobn\u00edch \u00fadaj\u016f\" target=\"_blank\">z\u00e1sadami zpracov\u00e1n\u00ed osobn\u00edch \u00fadaj\u016f<\/a>.<\/font><\/div><\/div><div id=\"wpforms-75265-field_32-container\" class=\"wpforms-field wpforms-field-hidden\" data-field-id=\"32\"><input type=\"hidden\" id=\"wpforms-75265-field_32\" name=\"wpforms[fields][32]\" value=\"[channel]\"><\/div>\t\t<div id=\"wpforms-75265-field_4-container\"\n\t\t\tclass=\"wpforms-field wpforms-field-text\"\n\t\t\tdata-field-type=\"text\"\n\t\t\tdata-field-id=\"4\"\n\t\t\t>\n\t\t\t<label class=\"wpforms-field-label\" for=\"wpforms-75265-field_4\" >Layout Channel N\u00e1zev<\/label>\n\t\t\t<input type=\"text\" id=\"wpforms-75265-field_4\" class=\"wpforms-field-medium\" name=\"wpforms[fields][4]\" >\n\t\t<\/div>\n\t\t<div id=\"wpforms-75265-field_33-container\" class=\"wpforms-field wpforms-field-hidden\" data-field-id=\"33\"><input type=\"hidden\" id=\"wpforms-75265-field_33\" name=\"wpforms[fields][33]\" value=\"[channeldrilldown1]\"><\/div><div id=\"wpforms-75265-field_34-container\" class=\"wpforms-field wpforms-field-hidden\" data-field-id=\"34\"><input type=\"hidden\" id=\"wpforms-75265-field_34\" name=\"wpforms[fields][34]\" value=\"[channeldrilldown2]\"><\/div><div id=\"wpforms-75265-field_35-container\" class=\"wpforms-field wpforms-field-hidden\" data-field-id=\"35\"><input type=\"hidden\" id=\"wpforms-75265-field_35\" name=\"wpforms[fields][35]\" value=\"[channeldrilldown3]\"><\/div><div id=\"wpforms-75265-field_36-container\" class=\"wpforms-field wpforms-field-hidden\" data-field-id=\"36\"><input type=\"hidden\" id=\"wpforms-75265-field_36\" name=\"wpforms[fields][36]\" value=\"[landingpage]\"><\/div><div id=\"wpforms-75265-field_37-container\" class=\"wpforms-field wpforms-field-hidden\" data-field-id=\"37\"><input type=\"hidden\" id=\"wpforms-75265-field_37\" name=\"wpforms[fields][37]\" value=\"[landingpagegroup]\"><\/div><script>\n\t\t\t\t( function() {\n\t\t\t\t\tconst style = document.createElement( 'style' );\n\t\t\t\t\tstyle.appendChild( document.createTextNode( '#wpforms-75265-field_4-container { position: absolute !important; overflow: hidden !important; display: inline !important; height: 1px !important; width: 1px !important; z-index: -1000 !important; padding: 0 !important; } #wpforms-75265-field_4-container input { visibility: hidden; } #wpforms-conversational-form-page #wpforms-75265-field_4-container label { counter-increment: none; }' ) );\n\t\t\t\t\tdocument.head.appendChild( style );\n\t\t\t\t\tdocument.currentScript?.remove();\n\t\t\t\t} )();\n\t\t\t<\/script><\/div><!-- .wpforms-field-container --><div class=\"wpforms-recaptcha-container wpforms-is-recaptcha wpforms-is-recaptcha-type-v3\" ><input type=\"hidden\" name=\"wpforms[recaptcha]\" value=\"\"><\/div><div class=\"wpforms-submit-container\" ><input type=\"hidden\" name=\"wpforms[id]\" value=\"75265\"><input type=\"hidden\" name=\"page_title\" value=\"\"><input type=\"hidden\" name=\"page_url\" value=\"https:\/\/skrivanek.cz\/cz\/wp-json\/wp\/v2\/pages\/72116\"><input type=\"hidden\" name=\"url_referer\" value=\"\"><button type=\"submit\" name=\"wpforms[submit]\" id=\"wpforms-submit-75265\" class=\"wpforms-submit\" data-alt-text=\"Odes\u00edl\u00e1n\u00ed...\" data-submit-text=\"Odeslat\" aria-live=\"assertive\" value=\"wpforms-submit\">Odeslat<\/button><img loading=\"lazy\" decoding=\"async\" src=\"https:\/\/skrivanek.cz\/wp-content\/plugins\/wpforms\/assets\/images\/submit-spin.svg\" class=\"wpforms-submit-spinner\" style=\"display: none;\" width=\"26\" height=\"26\" alt=\"Na\u010d\u00edt\u00e1n\u00ed\"><\/div><\/form><\/div>  <!-- .wpforms-container --><\/div><\/div><\/div><\/div><div id=\"pg-72116-2\"  class=\"panel-grid panel-no-style\"  style=\"margin-bottom: 0px\" ><div id=\"pgc-72116-2-0\"  class=\"panel-grid-cell\" ><div id=\"panel-72116-2-0-0\" class=\"so-panel widget widget_wpa9-accordion panel-first-child panel-last-child\" data-index=\"4\" ><div\n\t\t\t\n\t\t\tclass=\"so-widget-wpa9-accordion so-widget-wpa9-accordion-default-c93e1481a745-72116\"\n\t\t\t\n\t\t><h3 class=\"widget-title\">FAQ - raw NMT<\/h3><div class=\"wpa9-accordion\">\n\t<div class=\"wpa9-accordion-panel\" id=\"wpa9-accordion-panel-pro-jake-typy-textu-je-raw-nmt-vhodny\">\n\n\t\t<div class=\"wpa9-accordion-toggler d-flex\" data-panel=\"pro-jake-typy-textu-je-raw-nmt-vhodny\" role=\"button\" aria-controls=\"wpa9-accordion-panel-pro-jake-typy-textu-je-raw-nmt-vhodny\" aria-expanded=\"false\">\n\n\t\t\t<div class=\"wpa9-accordion-icon wpa9-accordion-icon-open\"><\/div>\n\n\t\t\t<div class=\"wpa9-accordion-title\">Pro jak\u00e9 typy text\u016f je raw NMT vhodn\u00fd?<\/div>\n\n\t\t<\/div>\n\n\t\t<div class=\"wpa9-accordion-content\" role=\"region\">\n\t\t\t<p>Raw NMT je vhodn\u00fd pro intern\u00ed dokumenty, neform\u00e1ln\u00ed korespondenci, technick\u00e9 dokumenty a&nbsp;dal\u0161\u00ed texty, kde nen\u00ed vy\u017eadov\u00e1na vysok\u00e1 p\u0159esnost a&nbsp;stylistick\u00e1 \u00farove\u0148. Nedoporu\u010duje se pro marketingov\u00e9 materi\u00e1ly, pr\u00e1vn\u00ed dokumenty nebo texty vy\u017eaduj\u00edc\u00ed kreativn\u00ed p\u0159\u00edstup.<\/p>\n\t\t<\/div>\n\n\t<\/div>\n\t<div class=\"wpa9-accordion-panel\" id=\"wpa9-accordion-panel-muzete-mi-poskytnout-ukazku-prekladu\">\n\n\t\t<div class=\"wpa9-accordion-toggler d-flex\" data-panel=\"muzete-mi-poskytnout-ukazku-prekladu\" role=\"button\" aria-controls=\"wpa9-accordion-panel-muzete-mi-poskytnout-ukazku-prekladu\" aria-expanded=\"false\">\n\n\t\t\t<div class=\"wpa9-accordion-icon wpa9-accordion-icon-open\"><\/div>\n\n\t\t\t<div class=\"wpa9-accordion-title\">M\u016f\u017eete mi poskytnout uk\u00e1zku p\u0159ekladu?<\/div>\n\n\t\t<\/div>\n\n\t\t<div class=\"wpa9-accordion-content\" role=\"region\">\n\t\t\t<p>Ano, r\u00e1di v\u00e1m poskytneme uk\u00e1zku p\u0159ekladu pomoc\u00ed raw NMT. Pro v\u00edce informac\u00ed n\u00e1s nev\u00e1hejte kontaktovat.<\/p>\n\t\t<\/div>\n\n\t<\/div>\n\t<div class=\"wpa9-accordion-panel\" id=\"wpa9-accordion-panel-jsou-me-texty-pri-pouziti-raw-nmt-v-bezpeci\">\n\n\t\t<div class=\"wpa9-accordion-toggler d-flex\" data-panel=\"jsou-me-texty-pri-pouziti-raw-nmt-v-bezpeci\" role=\"button\" aria-controls=\"wpa9-accordion-panel-jsou-me-texty-pri-pouziti-raw-nmt-v-bezpeci\" aria-expanded=\"false\">\n\n\t\t\t<div class=\"wpa9-accordion-icon wpa9-accordion-icon-open\"><\/div>\n\n\t\t\t<div class=\"wpa9-accordion-title\">Jsou m\u00e9 texty p\u0159i&nbsp;pou\u017eit\u00ed raw NMT v&nbsp;bezpe\u010d\u00ed?<\/div>\n\n\t\t<\/div>\n\n\t\t<div class=\"wpa9-accordion-content\" role=\"region\">\n\t\t\t<p>Ano, ve\u0161ker\u00e9 texty, kter\u00e9 zpracov\u00e1v\u00e1me, jsou chr\u00e1n\u011bny vysok\u00fdmi standardy bezpe\u010dnosti. Va\u0161e data jsou u&nbsp;n\u00e1s v&nbsp;bezpe\u010d\u00ed.<\/p>\n\t\t<\/div>\n\n\t<\/div>\n\t<div class=\"wpa9-accordion-panel\" id=\"wpa9-accordion-panel-jaka-je-cena-sluzby-raw-nmt\">\n\n\t\t<div class=\"wpa9-accordion-toggler d-flex\" data-panel=\"jaka-je-cena-sluzby-raw-nmt\" role=\"button\" aria-controls=\"wpa9-accordion-panel-jaka-je-cena-sluzby-raw-nmt\" aria-expanded=\"false\">\n\n\t\t\t<div class=\"wpa9-accordion-icon wpa9-accordion-icon-open\"><\/div>\n\n\t\t\t<div class=\"wpa9-accordion-title\">Jak\u00e1 je cena slu\u017eby raw NMT?<\/div>\n\n\t\t<\/div>\n\n\t\t<div class=\"wpa9-accordion-content\" role=\"region\">\n\t\t\t<p>Cena raw NMT se odv\u00edj\u00ed od n\u011bkolika faktor\u016f, jako je rozsah textu, form\u00e1t dokumentu a&nbsp;term\u00edn dod\u00e1n\u00ed p\u0159ekladu. Ke ka\u017ed\u00e9 popt\u00e1vce p\u0159istupujeme individu\u00e1ln\u011b a&nbsp;sna\u017e\u00edme se naj\u00edt optim\u00e1ln\u00ed \u0159e\u0161en\u00ed, kter\u00e9 bude vyhovovat va\u0161im pot\u0159eb\u00e1m. Pro konkr\u00e9tn\u00ed cenovou nab\u00eddku n\u00e1s pros\u00edm kontaktujte.<\/p>\n\t\t<\/div>\n\n\t<\/div>\n<\/div>\n<\/div><\/div><\/div><\/div><div id=\"pg-72116-3\"  class=\"panel-grid panel-has-style\" ><div class=\"siteorigin-panels-stretch panel-row-padding-none panel-row-style panel-row-style-for-72116-3\" data-stretch-type=\"full\" ><div id=\"pgc-72116-3-0\"  class=\"panel-grid-cell\" ><div id=\"panel-72116-3-0-0\" class=\"so-panel widget widget_wpa9-card-s panel-first-child panel-last-child\" data-index=\"5\" ><div\n\t\t\t\n\t\t\tclass=\"so-widget-wpa9-card-s so-widget-wpa9-card-s-default-c93e1481a745-72116\"\n\t\t\t\n\t\t><div class=\"wpa9-card wpa9-card-s wide negative\">\n\n\t<div class=\"wpa9-card-wrapper container\">\n\n\t\t<div class=\"wpa9-card-text\">\n\t\t\t<h2 class=\"wpa9-card-title\">Transformujte sv\u016fj text pomoc\u00ed raw NMT od Sk\u0159iv\u00e1nka<\/h2>\n\t\t\t<div class=\"wpa9-card-content\"><p style=\"text-align: center\">Za\u017eijte budoucnost p\u0159ekladu:\u00a0 preciznost, rychlost a&nbsp;dostupnost.<\/p>\n<\/div>\t\t<\/div>\n\n\t\t\t\t<div class=\"meta meta-buttons d-flex flex-row justify-content-center\">\n\t\t\t\t\t\t\t<a class=\"btn btn-negative \" href=\"https:\/\/skrivanek.cz\/cz\/poptavka-ai\/\" title=\"To chci!\">To chci!<\/a>\n\t\t\t\t<\/div>\n\t\t\n\t<\/div>\n\n<\/div>\n<\/div><\/div><\/div><\/div><\/div><\/div>","protected":false},"excerpt":{"rendered":"<p>Efektivita p\u0159ekladu s&nbsp;raw NMT Podstata raw NMT NMT od Sk\u0159iv\u00e1nek AI p\u0159edstavuje neupraven\u00fd v\u00fdstup um\u011bl\u00e9 inteligence bez z\u00e1sahu na\u0161ich posteditor\u016f. Tato metoda nab\u00edz\u00ed nejen cenov\u011b v\u00fdhodn\u00e9 \u0159e\u0161en\u00ed pro p\u0159eklad text\u016f, ale z\u00e1rove\u0148 zaji\u0161\u0165uje, \u017ee podstata a\u00a0kl\u00ed\u010dov\u00e9 sd\u011blen\u00ed p\u016fvodn\u00edho dokumentu jsou p\u0159esn\u011b p\u0159ed\u00e1ny. Na\u0161e intern\u00ed procesy pe\u010dliv\u011b kontroluj\u00ed, aby byl text klienta spr\u00e1vn\u011b p\u0159elo\u017een a\u00a0form\u00e1t p\u016fvodn\u00edho [&hellip;]<\/p>\n","protected":false},"author":9,"featured_media":0,"parent":71988,"menu_order":0,"comment_status":"closed","ping_status":"closed","template":"","meta":{"_acf_changed":false,"footnotes":""},"class_list":["post-72116","page","type-page","status-publish","hentry"],"acf":[],"aioseo_notices":[],"_links":{"self":[{"href":"https:\/\/skrivanek.cz\/cz\/wp-json\/wp\/v2\/pages\/72116","targetHints":{"allow":["GET"]}}],"collection":[{"href":"https:\/\/skrivanek.cz\/cz\/wp-json\/wp\/v2\/pages"}],"about":[{"href":"https:\/\/skrivanek.cz\/cz\/wp-json\/wp\/v2\/types\/page"}],"author":[{"embeddable":true,"href":"https:\/\/skrivanek.cz\/cz\/wp-json\/wp\/v2\/users\/9"}],"replies":[{"embeddable":true,"href":"https:\/\/skrivanek.cz\/cz\/wp-json\/wp\/v2\/comments?post=72116"}],"version-history":[{"count":6,"href":"https:\/\/skrivanek.cz\/cz\/wp-json\/wp\/v2\/pages\/72116\/revisions"}],"predecessor-version":[{"id":80139,"href":"https:\/\/skrivanek.cz\/cz\/wp-json\/wp\/v2\/pages\/72116\/revisions\/80139"}],"up":[{"embeddable":true,"href":"https:\/\/skrivanek.cz\/cz\/wp-json\/wp\/v2\/pages\/71988"}],"wp:attachment":[{"href":"https:\/\/skrivanek.cz\/cz\/wp-json\/wp\/v2\/media?parent=72116"}],"curies":[{"name":"wp","href":"https:\/\/api.w.org\/{rel}","templated":true}]}}