{"id":72156,"date":"2024-09-23T13:14:54","date_gmt":"2024-09-23T11:14:54","guid":{"rendered":"https:\/\/skrivanek.cz\/?page_id=72156"},"modified":"2026-03-24T09:15:34","modified_gmt":"2026-03-24T08:15:34","slug":"audio-video-reseni","status":"publish","type":"page","link":"https:\/\/skrivanek.cz\/cz\/ai\/audio-video-reseni\/","title":{"rendered":"Audio a&nbsp;video \u0159e\u0161en\u00ed"},"content":{"rendered":"<div id=\"pl-72156\"  class=\"panel-layout\" ><div id=\"pg-72156-0\"  class=\"panel-grid panel-has-style\"  style=\"margin-bottom: 0px\" ><div class=\"siteorigin-panels-stretch panel-row-padding-none panel-row-style panel-row-style-for-72156-0\" data-stretch-type=\"full\" ><div id=\"pgc-72156-0-0\"  class=\"panel-grid-cell\" ><div id=\"panel-72156-0-0-0\" class=\"so-panel widget widget_wpa9-card-l panel-first-child panel-last-child\" data-index=\"0\" ><div\n\t\t\t\n\t\t\tclass=\"so-widget-wpa9-card-l so-widget-wpa9-card-l-default-c93e1481a745-72156\"\n\t\t\t\n\t\t>\n\n<div class=\"wpa9-card wpa9-card-l-container d-flex flex-wrap wpa9-columns-3\">\n\n\t\n\t\t\n\t<div class=\"wpa9-card-l-panel wpa9-panel shadow rounded d-flex flex-column justify-content-between\">\n\n\t\t<div>\n\t\t\t\t\t\t\t<span class=\"wpa9-panel-icon icon\" style=\"display: none; background-image: url('https:\/\/skrivanek.cz\/wp-content\/uploads\/2024\/09\/ai-icon-01.png')\"><\/span>\n\t\t\t<span class=\"wpa9-panel-icon icon\" style=\"mask-image: url(https:\/\/skrivanek.cz\/wp-content\/uploads\/2024\/09\/ai-icon-01.png); -webkit-mask-image: url(https:\/\/skrivanek.cz\/wp-content\/uploads\/2024\/09\/ai-icon-01.png);\"><\/span>\n\t\t\n\t\t\t\t\t\t\t\t<h2 class=\"wpa9-panel-title\">P\u0159evod textu na \u0159e\u010d<\/h2>\n\t\t\n\t\t\t\t\t\t\t<div class=\"wpa9-panel-content\"><p>Slu\u017eba Text-to-Speech (TTS) v\u00a0r\u00e1mci Sk\u0159iv\u00e1nek AI nab\u00edz\u00ed snadn\u00fd p\u0159evod textu do hlasov\u00e9 podoby generovan\u00e9 um\u011blou inteligenc\u00ed, bez nutnosti lidsk\u00e9ho z\u00e1sahu k\u00a0zaji\u0161t\u011bn\u00ed p\u0159irozenosti v\u00fdstupu pro publikaci. Tento neupraven\u00fd v\u00fdstup je dosta\u010duj\u00edc\u00ed pro \u0159adu intern\u00edch \u00fa\u010del\u016f.<\/p>\n<\/div>\n\t\t\t\t<\/div>\n\n\t\t\t\t<div class=\"meta meta-buttons d-flex flex-column flex-sm-row justify-content-start\">\n\t\t\t\t\t\t\t<a class=\"btn btn-negative \" href=\"https:\/\/skrivanek.cz\/cz\/ai\/prevod-textu-na-rec\/\" title=\"Chci se dozv\u011bd\u011bt v\u00edce\">Chci se dozv\u011bd\u011bt v\u00edce<\/a>\n\t\t\t\t<\/div>\n\t\t\n\t<\/div>\n\n\t\t\n\t<div class=\"wpa9-card-l-panel wpa9-panel shadow rounded d-flex flex-column justify-content-between\">\n\n\t\t<div>\n\t\t\t\t\t\t\t<span class=\"wpa9-panel-icon icon\" style=\"display: none; background-image: url('https:\/\/skrivanek.cz\/wp-content\/uploads\/2024\/09\/ai-icon-02.png')\"><\/span>\n\t\t\t<span class=\"wpa9-panel-icon icon\" style=\"mask-image: url(https:\/\/skrivanek.cz\/wp-content\/uploads\/2024\/09\/ai-icon-02.png); -webkit-mask-image: url(https:\/\/skrivanek.cz\/wp-content\/uploads\/2024\/09\/ai-icon-02.png);\"><\/span>\n\t\t\n\t\t\t\t\t\t\t\t<h2 class=\"wpa9-panel-title\">Transkripce<\/h2>\n\t\t\n\t\t\t\t\t\t\t<div class=\"wpa9-panel-content\"><p>A\u0165 u\u017e se jedn\u00e1 o\u00a0z\u00e1kladn\u00ed porozum\u011bn\u00ed nebo obsah p\u0159ipraven\u00fd k\u00a0publikaci, na\u0161e AI-driven slu\u017eby p\u0159episu nab\u00edzej\u00ed flexibilitu, p\u0159esnost a\u00a0efektivitu. Na z\u00e1klad\u011b kvality a\u00a0srozumitelnosti zvukov\u00e9ho vstupu si mohou klienti vybrat ze t\u0159\u00ed \u00farovn\u00ed slu\u017eeb, kter\u00e9 vyhovuj\u00ed jejich specifick\u00fdm po\u017eadavk\u016fm.<\/p>\n<\/div>\n\t\t\t\t<\/div>\n\n\t\t\t\t<div class=\"meta meta-buttons d-flex flex-column flex-sm-row justify-content-start\">\n\t\t\t\t\t\t\t<a class=\"btn btn-negative \" href=\"https:\/\/skrivanek.cz\/cz\/ai\/prevod-textu-na-rec\/\" title=\"Chci se dozv\u011bd\u011bt v\u00edce\">Chci se dozv\u011bd\u011bt v\u00edce<\/a>\n\t\t\t\t<\/div>\n\t\t\n\t<\/div>\n\n\t\t\n\t<div class=\"wpa9-card-l-panel wpa9-panel shadow rounded d-flex flex-column justify-content-between\">\n\n\t\t<div>\n\t\t\t\t\t\t\t<span class=\"wpa9-panel-icon icon\" style=\"display: none; background-image: url('https:\/\/skrivanek.cz\/wp-content\/uploads\/2024\/09\/ai-icon-05.png')\"><\/span>\n\t\t\t<span class=\"wpa9-panel-icon icon\" style=\"mask-image: url(https:\/\/skrivanek.cz\/wp-content\/uploads\/2024\/09\/ai-icon-05.png); -webkit-mask-image: url(https:\/\/skrivanek.cz\/wp-content\/uploads\/2024\/09\/ai-icon-05.png);\"><\/span>\n\t\t\n\t\t\t\t\t\t\t\t<h2 class=\"wpa9-panel-title\">Tvorba sc\u00e9n\u00e1\u0159\u016f k&nbsp;vide\u00edm<\/h2>\n\t\t\n\t\t\t\t\t\t\t<div class=\"wpa9-panel-content\"><p>Sk\u0159iv\u00e1nek AI vyu\u017e\u00edv\u00e1 s\u00edlu um\u011bl\u00e9 inteligence k\u00a0nab\u00eddce slu\u017eeb tvorby sc\u00e9n\u00e1\u0159\u016f na m\u00edru, p\u0159izp\u016fsoben\u00fdch specifick\u00fdm pot\u0159eb\u00e1m a\u00a0viz\u00edm na\u0161ich klient\u016f.<\/p>\n<\/div>\n\t\t\t\t<\/div>\n\n\t\t\t\t<div class=\"meta meta-buttons d-flex flex-column flex-sm-row justify-content-start\">\n\t\t\t\t\t\t\t<a class=\"btn btn-negative \" href=\"https:\/\/skrivanek.cz\/cz\/ai\/tvorba-video-scenaru\/\" title=\"Chci se dozv\u011bd\u011bt v\u00edce\">Chci se dozv\u011bd\u011bt v\u00edce<\/a>\n\t\t\t\t<\/div>\n\t\t\n\t<\/div>\n\n\t\t\n\t<div class=\"wpa9-card-l-panel wpa9-panel shadow rounded d-flex flex-column justify-content-between\">\n\n\t\t<div>\n\t\t\t\t\t\t\t<span class=\"wpa9-panel-icon icon\" style=\"display: none; background-image: url('https:\/\/skrivanek.cz\/wp-content\/uploads\/2024\/09\/ai-icon-06.png')\"><\/span>\n\t\t\t<span class=\"wpa9-panel-icon icon\" style=\"mask-image: url(https:\/\/skrivanek.cz\/wp-content\/uploads\/2024\/09\/ai-icon-06.png); -webkit-mask-image: url(https:\/\/skrivanek.cz\/wp-content\/uploads\/2024\/09\/ai-icon-06.png);\"><\/span>\n\t\t\n\t\t\t\t\t\t\t\t<h2 class=\"wpa9-panel-title\">Human AI voiceover<\/h2>\n\t\t\n\t\t\t\t\t\t\t<div class=\"wpa9-panel-content\"><p>Tato slu\u017eba je navr\u017eena tak, aby \u0159e\u0161ila b\u011b\u017en\u00e9 probl\u00e9my u&nbsp;hlas\u016f generovan\u00fdch AI, jako jsou mechanick\u00e9 t\u00f3ny \u010di&nbsp;monot\u00f3nnost, \u00fapravou intonace, tempa a&nbsp;rytmu pro dosa\u017een\u00ed p\u0159\u00edjemn\u011bj\u0161\u00edho a&nbsp;p\u0159irozen\u011bj\u0161\u00edho v\u00fdstupu. To v\u0161e garantuje n\u00e1\u0161 posteditor, odborn\u00edk ve sv\u00e9m oboru.<\/p>\n<\/div>\n\t\t\t\t<\/div>\n\n\t\t\t\t<div class=\"meta meta-buttons d-flex flex-column flex-sm-row justify-content-start\">\n\t\t\t\t\t\t\t<a class=\"btn btn-negative \" href=\"https:\/\/skrivanek.cz\/cz\/ai\/ai-voiceover\/\" title=\"Chci se dozv\u011bd\u011bt v\u00edce\">Chci se dozv\u011bd\u011bt v\u00edce<\/a>\n\t\t\t\t<\/div>\n\t\t\n\t<\/div>\n\n\t\t\n\t<div class=\"wpa9-card-l-panel wpa9-panel shadow rounded d-flex flex-column justify-content-between\">\n\n\t\t<div>\n\t\t\t\t\t\t\t<span class=\"wpa9-panel-icon icon\" style=\"display: none; background-image: url('https:\/\/skrivanek.cz\/wp-content\/uploads\/2024\/09\/ai-icon-03.png')\"><\/span>\n\t\t\t<span class=\"wpa9-panel-icon icon\" style=\"mask-image: url(https:\/\/skrivanek.cz\/wp-content\/uploads\/2024\/09\/ai-icon-03.png); -webkit-mask-image: url(https:\/\/skrivanek.cz\/wp-content\/uploads\/2024\/09\/ai-icon-03.png);\"><\/span>\n\t\t\n\t\t\t\t\t\t\t\t<h2 class=\"wpa9-panel-title\">Titulky<\/h2>\n\t\t\n\t\t\t\t\t\t\t<div class=\"wpa9-panel-content\"><p>Titulky se staly nezbytn\u00fdm n\u00e1strojem nejen pro sluchov\u011b posti\u017een\u00e9, ale tak\u00e9 pro zlep\u0161en\u00ed celkov\u00e9ho u\u017eivatelsk\u00e9ho z\u00e1\u017eitku na soci\u00e1ln\u00edch m\u00e9di\u00edch. Titulky ve stejn\u00e9m jazyce jako origin\u00e1ln\u00ed zvuk jsou st\u00e1le \u010dast\u011bji vyu\u017e\u00edv\u00e1ny ke zlep\u0161en\u00ed porozum\u011bn\u00ed u\u00a0\u0161irok\u00e9 ve\u0159ejnosti.<\/p>\n<\/div>\n\t\t\t\t<\/div>\n\n\t\t\t\t<div class=\"meta meta-buttons d-flex flex-column flex-sm-row justify-content-start\">\n\t\t\t\t\t\t\t<a class=\"btn btn-negative \" href=\"https:\/\/skrivanek.cz\/cz\/ai\/titulky\/\" title=\"Chci se dozv\u011bd\u011bt v\u00edce\">Chci se dozv\u011bd\u011bt v\u00edce<\/a>\n\t\t\t\t<\/div>\n\t\t\n\t<\/div>\n\n\t\t\n\t\n<\/div>\n<\/div><\/div><\/div><\/div><\/div><div id=\"pg-72156-1\"  class=\"panel-grid panel-has-style\"  style=\"margin-bottom: 0px\" ><div class=\"siteorigin-panels-stretch panel-row-padding-none panel-row-style panel-row-style-for-72156-1\" data-stretch-type=\"full\" ><div id=\"pgc-72156-1-0\"  class=\"panel-grid-cell\" ><div id=\"panel-72156-1-0-0\" class=\"so-panel widget widget_wpa9-editor-ext panel-first-child panel-last-child\" data-index=\"1\" ><div\n\t\t\t\n\t\t\tclass=\"so-widget-wpa9-editor-ext so-widget-wpa9-editor-ext-default-c93e1481a745-72156\"\n\t\t\t\n\t\t>\n<div class=\"siteorigin-widget-tinymce textwidget\">\n\t<h2>Pro\u010d si vybrat n\u00e1s?<\/h2>\n<h4>Profesion\u00e1ln\u00ed p\u0159\u00edstup a&nbsp;odborn\u00e9 zku\u0161enosti<\/h4>\n<p>N\u00e1\u0161 t\u00fdm tvo\u0159\u00ed kvalifikovan\u00ed odborn\u00edci, kte\u0159\u00ed se zam\u011b\u0159uj\u00ed na p\u0159esnost, kvalitu a&nbsp;efektivitu ka\u017ed\u00e9ho projektu.<\/p>\n<h4>Klientsky orientovan\u00fd p\u0159\u00edstup v\u010detn\u011b poradenstv\u00ed<\/h4>\n<p>Ke ka\u017ed\u00e9mu klientovi p\u0159istupujeme individu\u00e1ln\u011b. Zaji\u0161\u0165ujeme poradenstv\u00ed a&nbsp;podporu, abychom spole\u010dn\u011b na\u0161li to nejlep\u0161\u00ed \u0159e\u0161en\u00ed pro va\u0161e pot\u0159eby.<\/p>\n<h4>Nejmodern\u011bj\u0161\u00ed technologie<\/h4>\n<p>Vyu\u017e\u00edv\u00e1me nejnov\u011bj\u0161\u00ed technologie a&nbsp;n\u00e1stroje pro zpracov\u00e1n\u00ed audia, videa i&nbsp;textu, co\u017e n\u00e1m umo\u017e\u0148uje dosahovat rychl\u00fdch a&nbsp;p\u0159esn\u00fdch v\u00fdsledk\u016f.<\/p>\n<p>Profesion\u00e1ln\u011b vytv\u00e1\u0159en\u00fd multimedi\u00e1ln\u00ed obsah m\u016f\u017ee v\u00fdrazn\u011b zv\u00fd\u0161it dosah a&nbsp;anga\u017eovanost va\u0161ich z\u00e1kazn\u00edk\u016f a\u017e<\/p>\n<h1>o 80&nbsp;%<\/h1>\n<p>&nbsp;<\/p>\n<p><strong>Vyberte si Sk\u0159iv\u00e1nka a&nbsp;z\u00edskejte partnera, kter\u00fd v\u00e1m poskytne profesion\u00e1ln\u00ed a&nbsp;komplexn\u00ed slu\u017eby na \u0161pi\u010dkov\u00e9 \u00farovni.<\/strong><\/p>\n<p style=\"text-align: center;\">\n<\/p><\/div>\n<\/div><\/div><\/div><div id=\"pgc-72156-1-1\"  class=\"panel-grid-cell\" ><div id=\"panel-72156-1-1-0\" class=\"so-panel widget widget_wpforms-widget wpforms-widget panel-first-child panel-last-child\" data-index=\"2\" ><h3 class=\"widget-title\">Kontaktujte n\u00e1s<\/h3>\r\n<style type=\"text\/css\">\r\n\r\n\r\n\r\nbody #wpforms-75265 {\r\n\t\t\r\n\t\t\tfont-family:inherit;}\r\n\r\n\t\r\n\r\n\tbody #wpforms-75265 .wpforms-head-container {\r\n\t\tborder-width: 0px;}\r\n\r\n\tbody #wpforms-75265 .wpforms-head-container .wpforms-title {\r\n\t\t}\r\n\r\n\tbody #wpforms-75265 .wpforms-head-container .wpforms-description {\r\n\t\t\t\tdisplay:block;\r\n\t}\r\n\r\n\r\n\tbody #wpforms-75265 .wpforms-submit-container .wpforms-submit, body #wpforms-75265 .wpforms-field-pagebreak button.wpforms-page-button {\r\n\t\tcolor:#ffffff ;background-color:#ff643b ;border-width:0px ;border-style:solid ;border-radius:10px ;-web-border-radius:10px ;-moz-border-radius:10px ;\t\t\t}\r\n\r\n\tbody #wpforms-75265 .wpforms-submit-container .wpforms-submit:hover, body #wpforms-75265 .wpforms-field-pagebreak button.wpforms-page-button:hover {\r\n\tbackground-color:;\tcolor:;\t}\r\n\r\n\tbody #wpforms-75265 .wpforms-submit-container,\r\n\tbody #wpforms-75265 .wpforms-field-pagebreak .wpforms-pagebreak-left{\r\n\t\t}\r\n\r\n\r\n\tbody #wpforms-75265 .wpforms-form .wpforms-field input[type=text],\r\n\tbody #wpforms-75265 .wpforms-form .wpforms-field input[type=email],\r\n\tbody #wpforms-75265 .wpforms-form .wpforms-field input[type=tel],\r\n\tbody #wpforms-75265 .wpforms-form .wpforms-field input[type=url],\r\n\tbody #wpforms-75265 .wpforms-form .wpforms-field input[type=password],\r\n\tbody #wpforms-75265 .wpforms-form .wpforms-field input[type=number]\r\n\t{\r\n\t\tborder-width:1px ;border-style:solid ;\t\t\t}\r\n\r\n\tbody #wpforms-75265 .wpforms-form .wpforms-field .wpforms-field-row\r\n\t{\r\n\t\t\t}\r\n\r\n\tbody #wpforms-75265 .wpforms-form .wpforms-field-layout.wpforms-field input[type=text],\r\n\tbody #wpforms-75265 .wpforms-form .wpforms-field-layout.wpforms-field input[type=email],\r\n\tbody #wpforms-75265 .wpforms-form .wpforms-field-layout.wpforms-field input[type=tel],\r\n\tbody #wpforms-75265 .wpforms-form .wpforms-field-layout.wpforms-field input[type=url],\r\n\tbody #wpforms-75265 .wpforms-form .wpforms-field-layout.wpforms-field input[type=password],\r\n\tbody #wpforms-75265 .wpforms-form .wpforms-field-layout.wpforms-field input[type=number]{\r\n\t\twidth: 100%;\r\n\t}\r\n\r\n\tbody #wpforms-75265 .wpforms-form .wpforms-field .wpforms-field-row input[type=text]{\r\n\t\twidth: 100%;\r\n\t}\r\n\r\n\r\n\r\n\t#wpforms-75265 .wpforms-form .wpforms-field-layout-rows,\r\n\t#wpforms-75265 .wpforms-form .wpforms-field-layout-columns{\r\n\t\t\t}\r\n\r\n\r\n\r\n\tbody #wpforms-75265 .wpforms-form .wpforms-field textarea {\r\n\t\t\t\t\tborder-width: 1px;\t}\r\n\r\n \r\n\r\n\tbody #wpforms-75265 .wpforms-form .wpforms-field select {\r\n\r\n\t\t\r\n\t\tborder-width: 1px;\t}\r\n\r\n\t\/* dropdown styles on modern background *\/\r\n\tbody #wpforms-75265 .wpforms-form .wpforms-field-select-style-modern .choices__inner{\r\n\t\t\t\t\r\n\t}\r\n\r\n\t\/* background color on modern dropdown *\/\r\n\t\r\n \r\n\tbody #wpforms-75265 .wpforms-form .wpforms-field-radio li label,\r\n\tbody #wpforms-75265 .wpforms-form .wpforms-field-payment-multiple li label {\r\n\t\t\t}\r\n \r\n\tbody #wpforms-75265 .wpforms-form .wpforms-field-checkbox li label {\r\n\t\t\t}\r\n \r\n\tbody #wpforms-75265 .wpforms-form .wpforms-field .wpforms-field-description {\r\n\r\n\t\t\t}\r\n\r\n \r\n\tbody #wpforms-75265 .wpforms-form .wpforms-field label.wpforms-field-label,\r\n\tbody #wpforms-75265 .wpforms-form .wpforms-field .wpforms-field-label {\r\n\t\tfont-weight: bold;\t}\r\n\r\n\r\n \r\n\tbody #wpforms-confirmation-75265  {\r\n\r\n\t\t\t\tborder-width: 1px;\t}\r\n\r\n\tbody #wpforms-confirmation-75265 p{\r\n\t\ttext-transform: uppercase;\r\n\t\ttext-decoration: underline;\r\n\t\tcolor: inherit;\r\n\t}\r\n\r\n \r\n\tbody #wpforms-75265 label.wpforms-error,\r\n\tbody #wpforms-75265 .wpforms-error[role=\"alert\"] {\r\n\t\t\r\n\t\t\t\tborder-width: 1px;\t}\r\n\/* Styling for Tablets *\/\r\n@media only screen and (max-width: 800px) and (min-width:481px) {\r\n\t\r\n\r\n\r\n\r\n}\r\n\r\n@media only screen and (max-width: 480px){\r\n\t\r\n\r\n\r\n\r\n}\r\n\/*Option to add custom CSS *\/\r\n\r\n\r\n\r\n\t\t<\/style>\r\n\t\t<div class=\"wpforms-container wpforms-container-full wpforms-render-modern\" id=\"wpforms-75265\"><form id=\"wpforms-form-75265\" class=\"wpforms-validate wpforms-form wpforms-ajax-form\" data-formid=\"75265\" method=\"post\" enctype=\"multipart\/form-data\" action=\"\/cz\/wp-json\/wp\/v2\/pages\/72156\" data-token=\"a0124eff8744076fa0f00ffe8e7014b7\" data-token-time=\"1777440146\"><noscript class=\"wpforms-error-noscript\">Chcete-li vyplnit tento formul\u00e1\u0159, pros\u00edm povolte v&nbsp;prohl\u00ed\u017ee\u010di JavaScript.<\/noscript><div id=\"wpforms-error-noscript\" style=\"display: none;\">Chcete-li vyplnit tento formul\u00e1\u0159, pros\u00edm povolte v&nbsp;prohl\u00ed\u017ee\u010di JavaScript.<\/div><div class=\"wpforms-field-container\"><div id=\"wpforms-75265-field_15-container\" class=\"wpforms-field wpforms-field-layout\" data-field-id=\"15\"><div class=\"wpforms-field-layout-rows wpforms-field-large\"><div class=\"wpforms-layout-row\"><div class=\"wpforms-layout-column wpforms-layout-column-50\"><div id=\"wpforms-75265-field_1-container\" class=\"wpforms-field wpforms-field-name\" data-field-id=\"1\"><label class=\"wpforms-field-label\" for=\"wpforms-75265-field_1\">Va\u0161e jm\u00e9no <span class=\"wpforms-required-label\" aria-hidden=\"true\">*<\/span><\/label><input type=\"text\" id=\"wpforms-75265-field_1\" class=\"wpforms-field-medium wpforms-field-required\" name=\"wpforms[fields][1]\" aria-errormessage=\"wpforms-75265-field_1-error\" required><\/div><\/div><div class=\"wpforms-layout-column wpforms-layout-column-50\"><div id=\"wpforms-75265-field_31-container\" class=\"wpforms-field wpforms-field-text\" data-field-id=\"31\"><label class=\"wpforms-field-label\" for=\"wpforms-75265-field_31\">N\u00e1zev spole\u010dnosti<\/label><input type=\"text\" id=\"wpforms-75265-field_31\" class=\"wpforms-field-medium\" name=\"wpforms[fields][31]\" aria-errormessage=\"wpforms-75265-field_31-error\" ><\/div><\/div><\/div><div class=\"wpforms-layout-row\"><div class=\"wpforms-layout-column wpforms-layout-column-50\"><div id=\"wpforms-75265-field_2-container\" class=\"wpforms-field wpforms-field-email\" data-field-id=\"2\"><label class=\"wpforms-field-label\" for=\"wpforms-75265-field_2\">Email <span class=\"wpforms-required-label\" aria-hidden=\"true\">*<\/span><\/label><input type=\"email\" id=\"wpforms-75265-field_2\" class=\"wpforms-field-medium wpforms-field-required\" name=\"wpforms[fields][2]\" spellcheck=\"false\" aria-errormessage=\"wpforms-75265-field_2-error\" required><\/div><\/div><div class=\"wpforms-layout-column wpforms-layout-column-50\"><div id=\"wpforms-75265-field_3-container\" class=\"wpforms-field wpforms-field-phone\" data-field-id=\"3\"><label class=\"wpforms-field-label\" for=\"wpforms-75265-field_3\">Telefon<\/label><input type=\"tel\" id=\"wpforms-75265-field_3\" class=\"wpforms-field-medium wpforms-smart-phone-field\" data-rule-smart-phone-field=\"true\" name=\"wpforms[fields][3]\" aria-label=\"Telefon\" aria-errormessage=\"wpforms-75265-field_3-error\" ><\/div><\/div><\/div><\/div><\/div><div id=\"wpforms-75265-field_7-container\" class=\"wpforms-field wpforms-field-textarea\" data-field-id=\"7\"><label class=\"wpforms-field-label\" for=\"wpforms-75265-field_7\">Dejte n\u00e1m v\u011bd\u011bt, jak\u00e9 slu\u017eby nebo \u0159e\u0161en\u00ed pot\u0159ebujete.<\/label><textarea id=\"wpforms-75265-field_7\" class=\"wpforms-field-medium\" name=\"wpforms[fields][7]\" aria-errormessage=\"wpforms-75265-field_7-error\" aria-describedby=\"wpforms-75265-field_7-description\" ><\/textarea><div id=\"wpforms-75265-field_7-description\" class=\"wpforms-field-description\">P\u0159iprav\u00edme pro v\u00e1s <strong>nez\u00e1vaznou nab\u00eddku na m\u00edru<\/strong>, kter\u00e1 p\u0159esn\u011b odpov\u00edd\u00e1 va\u0161im po\u017eadavk\u016fm a&nbsp;pom\u016f\u017ee v\u00e1m dos\u00e1hnout va\u0161ich c\u00edl\u016f. M\u00e1te dotazy ohledn\u011b AI nebo dal\u0161\u00edch na\u0161ich slu\u017eeb? R\u00e1di v\u00e1m je zodpov\u00edme. Jsme tu pro v\u00e1s.<\/div><\/div><div id=\"wpforms-75265-field_16-container\" class=\"wpforms-field wpforms-field-html\" data-field-id=\"16\"><div id=\"wpforms-75265-field_16\" aria-errormessage=\"wpforms-75265-field_16-error\"><font size=\"2\">Odesl\u00e1n\u00edm popt\u00e1vky souhlas\u00edte se <a href=\"https:\/\/skrivanek.cz\/cz\/zpracovani-ochrana-osobnich-udaju\/\" title=\"Z\u00e1sady zpracov\u00e1n\u00ed osobn\u00edch \u00fadaj\u016f\" target=\"_blank\">z\u00e1sadami zpracov\u00e1n\u00ed osobn\u00edch \u00fadaj\u016f<\/a>.<\/font><\/div><\/div>\t\t<div id=\"wpforms-75265-field_4-container\"\n\t\t\tclass=\"wpforms-field wpforms-field-text\"\n\t\t\tdata-field-type=\"text\"\n\t\t\tdata-field-id=\"4\"\n\t\t\t>\n\t\t\t<label class=\"wpforms-field-label\" for=\"wpforms-75265-field_4\" >nebo Page slu\u017eby<\/label>\n\t\t\t<input type=\"text\" id=\"wpforms-75265-field_4\" class=\"wpforms-field-medium\" name=\"wpforms[fields][4]\" >\n\t\t<\/div>\n\t\t<div id=\"wpforms-75265-field_32-container\" class=\"wpforms-field wpforms-field-hidden\" data-field-id=\"32\"><input type=\"hidden\" id=\"wpforms-75265-field_32\" name=\"wpforms[fields][32]\" value=\"[channel]\"><\/div><div id=\"wpforms-75265-field_33-container\" class=\"wpforms-field wpforms-field-hidden\" data-field-id=\"33\"><input type=\"hidden\" id=\"wpforms-75265-field_33\" name=\"wpforms[fields][33]\" value=\"[channeldrilldown1]\"><\/div><div id=\"wpforms-75265-field_34-container\" class=\"wpforms-field wpforms-field-hidden\" data-field-id=\"34\"><input type=\"hidden\" id=\"wpforms-75265-field_34\" name=\"wpforms[fields][34]\" value=\"[channeldrilldown2]\"><\/div><div id=\"wpforms-75265-field_35-container\" class=\"wpforms-field wpforms-field-hidden\" data-field-id=\"35\"><input type=\"hidden\" id=\"wpforms-75265-field_35\" name=\"wpforms[fields][35]\" value=\"[channeldrilldown3]\"><\/div><div id=\"wpforms-75265-field_36-container\" class=\"wpforms-field wpforms-field-hidden\" data-field-id=\"36\"><input type=\"hidden\" id=\"wpforms-75265-field_36\" name=\"wpforms[fields][36]\" value=\"[landingpage]\"><\/div><div id=\"wpforms-75265-field_37-container\" class=\"wpforms-field wpforms-field-hidden\" data-field-id=\"37\"><input type=\"hidden\" id=\"wpforms-75265-field_37\" name=\"wpforms[fields][37]\" value=\"[landingpagegroup]\"><\/div><script>\n\t\t\t\t( function() {\n\t\t\t\t\tconst style = document.createElement( 'style' );\n\t\t\t\t\tstyle.appendChild( document.createTextNode( '#wpforms-75265-field_4-container { position: absolute !important; overflow: hidden !important; display: inline !important; height: 1px !important; width: 1px !important; z-index: -1000 !important; padding: 0 !important; } #wpforms-75265-field_4-container input { visibility: hidden; } #wpforms-conversational-form-page #wpforms-75265-field_4-container label { counter-increment: none; }' ) );\n\t\t\t\t\tdocument.head.appendChild( style );\n\t\t\t\t\tdocument.currentScript?.remove();\n\t\t\t\t} )();\n\t\t\t<\/script><\/div><!-- .wpforms-field-container --><div class=\"wpforms-recaptcha-container wpforms-is-recaptcha wpforms-is-recaptcha-type-v3\" ><input type=\"hidden\" name=\"wpforms[recaptcha]\" value=\"\"><\/div><div class=\"wpforms-submit-container\" ><input type=\"hidden\" name=\"wpforms[id]\" value=\"75265\"><input type=\"hidden\" name=\"page_title\" value=\"\"><input type=\"hidden\" name=\"page_url\" value=\"https:\/\/skrivanek.cz\/cz\/wp-json\/wp\/v2\/pages\/72156\"><input type=\"hidden\" name=\"url_referer\" value=\"\"><button type=\"submit\" name=\"wpforms[submit]\" id=\"wpforms-submit-75265\" class=\"wpforms-submit\" data-alt-text=\"Odes\u00edl\u00e1n\u00ed...\" data-submit-text=\"Odeslat\" aria-live=\"assertive\" value=\"wpforms-submit\">Odeslat<\/button><img loading=\"lazy\" decoding=\"async\" src=\"https:\/\/skrivanek.cz\/wp-content\/plugins\/wpforms\/assets\/images\/submit-spin.svg\" class=\"wpforms-submit-spinner\" style=\"display: none;\" width=\"26\" height=\"26\" alt=\"Na\u010d\u00edt\u00e1n\u00ed\"><\/div><\/form><\/div>  <!-- .wpforms-container --><\/div><\/div><\/div><\/div><div id=\"pg-72156-2\"  class=\"panel-grid panel-has-style\" ><div class=\"siteorigin-panels-stretch panel-row-padding-none panel-row-style panel-row-style-for-72156-2\" data-stretch-type=\"full\" ><div id=\"pgc-72156-2-0\"  class=\"panel-grid-cell\" ><div id=\"panel-72156-2-0-0\" class=\"so-panel widget widget_wpa9-card-s panel-first-child panel-last-child\" data-index=\"3\" ><div\n\t\t\t\n\t\t\tclass=\"so-widget-wpa9-card-s so-widget-wpa9-card-s-default-c93e1481a745-72156\"\n\t\t\t\n\t\t><div class=\"wpa9-card wpa9-card-s wide negative\">\n\n\t<div class=\"wpa9-card-wrapper container\">\n\n\t\t<div class=\"wpa9-card-text\">\n\t\t\t<h2 class=\"wpa9-card-title\">Hled\u00e1te spolehliv\u00e9 audio-video \u0159e\u0161en\u00ed?<\/h2>\n\t\t\t<div class=\"wpa9-card-content\"><p style=\"text-align: center\">Zpracujeme v\u00e1\u0161 projekt s&nbsp;d\u016frazem na kvalitu, jazykovou p\u0159esnost i&nbsp;technologick\u00e9 mo\u017enosti. R\u00e1di p\u0159iprav\u00edme konkr\u00e9tn\u00ed n\u00e1vrh podle va\u0161eho zad\u00e1n\u00ed.<\/p>\n<\/div>\t\t<\/div>\n\n\t\t\t\t<div class=\"meta meta-buttons d-flex flex-row justify-content-center\">\n\t\t\t\t\t\t\t<a class=\"btn btn-negative \" href=\"https:\/\/skrivanek.cz\/cz\/poptavka-ai\/\" title=\"Z\u00edskat nab\u00eddku\">Z\u00edskat nab\u00eddku<\/a>\n\t\t\t\t<\/div>\n\t\t\n\t<\/div>\n\n<\/div>\n<\/div><\/div><\/div><\/div><\/div><\/div>","protected":false},"excerpt":{"rendered":"<p>P\u0159evod textu na \u0159e\u010d Slu\u017eba Text-to-Speech (TTS) v\u00a0r\u00e1mci Sk\u0159iv\u00e1nek AI nab\u00edz\u00ed snadn\u00fd p\u0159evod textu do hlasov\u00e9 podoby generovan\u00e9 um\u011blou inteligenc\u00ed, bez nutnosti lidsk\u00e9ho z\u00e1sahu k\u00a0zaji\u0161t\u011bn\u00ed p\u0159irozenosti v\u00fdstupu pro publikaci. Tento neupraven\u00fd v\u00fdstup je dosta\u010duj\u00edc\u00ed pro \u0159adu intern\u00edch \u00fa\u010del\u016f. Chci se dozv\u011bd\u011bt v\u00edce Transkripce A\u0165 u\u017e se jedn\u00e1 o\u00a0z\u00e1kladn\u00ed porozum\u011bn\u00ed nebo obsah p\u0159ipraven\u00fd k\u00a0publikaci, na\u0161e AI-driven [&hellip;]<\/p>\n","protected":false},"author":9,"featured_media":0,"parent":71988,"menu_order":0,"comment_status":"closed","ping_status":"closed","template":"","meta":{"_acf_changed":false,"footnotes":""},"class_list":["post-72156","page","type-page","status-publish","hentry"],"acf":[],"aioseo_notices":[],"_links":{"self":[{"href":"https:\/\/skrivanek.cz\/cz\/wp-json\/wp\/v2\/pages\/72156","targetHints":{"allow":["GET"]}}],"collection":[{"href":"https:\/\/skrivanek.cz\/cz\/wp-json\/wp\/v2\/pages"}],"about":[{"href":"https:\/\/skrivanek.cz\/cz\/wp-json\/wp\/v2\/types\/page"}],"author":[{"embeddable":true,"href":"https:\/\/skrivanek.cz\/cz\/wp-json\/wp\/v2\/users\/9"}],"replies":[{"embeddable":true,"href":"https:\/\/skrivanek.cz\/cz\/wp-json\/wp\/v2\/comments?post=72156"}],"version-history":[{"count":5,"href":"https:\/\/skrivanek.cz\/cz\/wp-json\/wp\/v2\/pages\/72156\/revisions"}],"predecessor-version":[{"id":80124,"href":"https:\/\/skrivanek.cz\/cz\/wp-json\/wp\/v2\/pages\/72156\/revisions\/80124"}],"up":[{"embeddable":true,"href":"https:\/\/skrivanek.cz\/cz\/wp-json\/wp\/v2\/pages\/71988"}],"wp:attachment":[{"href":"https:\/\/skrivanek.cz\/cz\/wp-json\/wp\/v2\/media?parent=72156"}],"curies":[{"name":"wp","href":"https:\/\/api.w.org\/{rel}","templated":true}]}}