{"id":72218,"date":"2024-09-24T13:42:06","date_gmt":"2024-09-24T11:42:06","guid":{"rendered":"https:\/\/skrivanek.cz\/?page_id=72218"},"modified":"2026-02-19T08:38:39","modified_gmt":"2026-02-19T07:38:39","slug":"titulky","status":"publish","type":"page","link":"https:\/\/skrivanek.cz\/cz\/ai\/titulky\/","title":{"rendered":"Titulky"},"content":{"rendered":"<div id=\"pl-72218\"  class=\"panel-layout\" ><div id=\"pg-72218-0\"  class=\"panel-grid panel-has-style\"  style=\"margin-bottom: 0px\" ><div class=\"siteorigin-panels-stretch panel-row-padding-none panel-row-style panel-row-style-for-72218-0\" data-stretch-type=\"full\" ><div id=\"pgc-72218-0-0\"  class=\"panel-grid-cell\" ><div id=\"panel-72218-0-0-0\" class=\"so-panel widget widget_wpa9-card-l panel-first-child panel-last-child\" data-index=\"0\" ><div\n\t\t\t\n\t\t\tclass=\"so-widget-wpa9-card-l so-widget-wpa9-card-l-default-c93e1481a745-72218\"\n\t\t\t\n\t\t>\n\n<div class=\"wpa9-card wpa9-card-l-container d-flex flex-wrap wpa9-columns-2\">\n\n\t\n\t\t\n\t<div class=\"wpa9-card-l-panel wpa9-panel shadow rounded d-flex flex-column justify-content-between\">\n\n\t\t<div>\n\t\t\t\t\t\t\t<span class=\"wpa9-panel-icon icon\" style=\"display: none; background-image: url('https:\/\/skrivanek.cz\/wp-content\/uploads\/2024\/09\/ai-icon-02.png')\"><\/span>\n\t\t\t<span class=\"wpa9-panel-icon icon\" style=\"mask-image: url(https:\/\/skrivanek.cz\/wp-content\/uploads\/2024\/09\/ai-icon-02.png); -webkit-mask-image: url(https:\/\/skrivanek.cz\/wp-content\/uploads\/2024\/09\/ai-icon-02.png);\"><\/span>\n\t\t\n\t\t\t\t\t\t\t\t<h2 class=\"wpa9-panel-title\">V\u00fdhody profesion\u00e1ln\u00edch titulk\u016f ve vide\u00edch<\/h2>\n\t\t\n\t\t\t\t\t\t\t<div class=\"wpa9-panel-content\"><p>Profesion\u00e1ln\u00ed titulky ve vide\u00edch nejsou jen praktick\u00fdm dopl\u0148kem, ale tak\u00e9 strategick\u00fdm n\u00e1strojem, kter\u00fd pos\u00edl\u00ed va\u0161i komunikaci a\u00a0roz\u0161\u00ed\u0159\u00ed dosah va\u0161eho obsahu. Kvalitn\u00ed titulky zajist\u00ed, \u017ee va\u0161e sd\u011blen\u00ed bude dostupn\u00e9 \u0161ir\u0161\u00edmu publiku, v\u010detn\u011b lid\u00ed se sluchov\u00fdm posti\u017een\u00edm, a\u00a0usnadn\u00ed porozum\u011bn\u00ed obsahu i\u00a0v\u00a0hlu\u010dn\u00e9m prost\u0159ed\u00ed. Z\u00e1rove\u0148 mohou zv\u00fd\u0161it zapojen\u00ed div\u00e1k\u016f a\u00a0zlep\u0161it optimalizaci pro vyhled\u00e1va\u010de (SEO), \u010d\u00edm\u017e va\u0161im vide\u00edm zajist\u00ed lep\u0161\u00ed viditelnost a\u00a0snadn\u011bj\u0161\u00ed dohledatelnost.<\/p>\n<\/div>\n\t\t\t\t<\/div>\n\n\t\t\n\t<\/div>\n\n\t\t\n\t<div class=\"wpa9-card-l-panel wpa9-panel shadow rounded d-flex flex-column justify-content-between\">\n\n\t\t<div>\n\t\t\t\t\t\t\t<span class=\"wpa9-panel-icon icon\" style=\"display: none; background-image: url('https:\/\/skrivanek.cz\/wp-content\/uploads\/2024\/09\/ai-icon-06.png')\"><\/span>\n\t\t\t<span class=\"wpa9-panel-icon icon\" style=\"mask-image: url(https:\/\/skrivanek.cz\/wp-content\/uploads\/2024\/09\/ai-icon-06.png); -webkit-mask-image: url(https:\/\/skrivanek.cz\/wp-content\/uploads\/2024\/09\/ai-icon-06.png);\"><\/span>\n\t\t\n\t\t\t\t\t\t\t\t<h2 class=\"wpa9-panel-title\">Pracujeme s&nbsp;r\u016fzn\u00fdmi form\u00e1ty audio a&nbsp;video soubor\u016f<\/h2>\n\t\t\n\t\t\t\t\t\t\t<div class=\"wpa9-panel-content\"><p>D\u00edky na\u0161im zku\u0161enostem dok\u00e1\u017eeme pracovat s\u00a0\u0161irokou \u0161k\u00e1lou audio a\u00a0video form\u00e1t\u016f a\u00a0dodat v\u00e1m titulky ve v\u00fdstupech, kter\u00e9 odpov\u00eddaj\u00ed va\u0161im pot\u0159eb\u00e1m. Nez\u00e1le\u017e\u00ed na typu zdrojov\u00e9ho souboru \u2013 od b\u011b\u017en\u00e9ho MP4 a\u017e po\u00a0specializovan\u00e9 multimedi\u00e1ln\u00ed form\u00e1ty \u2013 na\u0161\u00edm c\u00edlem je dodat soubor, kter\u00fd je p\u0159ipraven\u00fd k\u00a0okam\u017eit\u00e9mu pou\u017eit\u00ed. A\u0165 u\u017e po\u017eadujete titulky ve form\u00e1tu .srt, .ssa, .ttml, .sbv, .dfxp, .vtt nebo .txt, p\u0159izp\u016fsob\u00edme se va\u0161im po\u017eadavk\u016fm a\u00a0zajist\u00edme, \u017ee v\u00fdstup bude dokonale korespondovat s\u00a0va\u0161\u00edm zdrojem. Pokud pot\u0159ebujete vyrenderovat nov\u00fd videosoubor s\u00a0na\u0161imi titulky, sta\u010d\u00ed \u0159\u00edct.<\/p>\n<\/div>\n\t\t\t\t<\/div>\n\n\t\t\n\t<\/div>\n\n\t\t\n\t\n<\/div>\n<\/div><\/div><\/div><\/div><\/div><div id=\"pg-72218-1\"  class=\"panel-grid panel-has-style\"  style=\"margin-bottom: 0px\" ><div class=\"siteorigin-panels-stretch panel-row-padding-none panel-row-style panel-row-style-for-72218-1\" data-stretch-type=\"full\" ><div id=\"pgc-72218-1-0\"  class=\"panel-grid-cell\" ><div id=\"panel-72218-1-0-0\" class=\"so-panel widget widget_wpa9-editor-ext panel-first-child panel-last-child\" data-index=\"1\" ><div\n\t\t\t\n\t\t\tclass=\"so-widget-wpa9-editor-ext so-widget-wpa9-editor-ext-default-c93e1481a745-72218\"\n\t\t\t\n\t\t>\n<div class=\"siteorigin-widget-tinymce textwidget\">\n\t<h3>Pro\u010d si vybrat Sk\u0159iv\u00e1nek AI pro titulky?<\/h3>\n<p>Volba Sk\u0159iv\u00e1nek AI pro va\u0161e titulky znamen\u00e1 rozhodnout se pro slu\u017ebu, kter\u00e1 kombinuje efektivitu um\u011bl\u00e9 inteligence s&nbsp;preciznost\u00ed lidsk\u00e9 odbornosti. A\u0165 u\u017e pot\u0159ebujete rychl\u00e9 hrub\u00e9 titulky pro intern\u00ed pou\u017eit\u00ed nebo propracovan\u00fd form\u00e1t p\u0159ipraven\u00fd k&nbsp;publikaci, n\u00e1\u0161 p\u0159izp\u016fsoben\u00fd p\u0159\u00edstup zaji\u0161\u0165uje, \u017ee <strong>v\u00e1\u0161 obsah bude p\u0159\u00edstupn\u00fd a&nbsp;poutav\u00fd<\/strong>. D\u00edky na\u0161im pokro\u010dil\u00fdm technologi\u00edm a&nbsp;profesion\u00e1ln\u00edmu edita\u010dn\u00edmu t\u00fdmu je Sk\u0159iv\u00e1nek AI va\u0161\u00edm partnerem p\u0159i&nbsp;zp\u0159\u00edstup\u0148ov\u00e1n\u00ed a&nbsp;zp\u0159\u00edjem\u0148ov\u00e1n\u00ed va\u0161ich vide\u00ed v\u0161em div\u00e1k\u016fm.<\/p>\n<p>Na\u0161e slu\u017eby titulkov\u00e1n\u00ed jsou navr\u017eeny tak, aby spl\u0148ovaly rostouc\u00ed pot\u0159eby tv\u016frc\u016f digit\u00e1ln\u00edho obsahu i&nbsp;jejich publika. Vyu\u017eit\u00edm s\u00edly um\u011bl\u00e9 inteligence a&nbsp;lidsk\u00e9 odbornosti poskytujeme titulky, kter\u00e9 zlep\u0161uj\u00ed dostupnost, zvy\u0161uj\u00ed srozumitelnost a&nbsp;zaji\u0161\u0165uj\u00ed, \u017ee v\u00e1\u0161 obsah zas\u00e1hne \u0161ir\u0161\u00ed publikum. A\u0165 u\u017e pro soukrom\u00e9 pou\u017eit\u00ed nebo pro ve\u0159ejn\u00e9 \u0161\u00ed\u0159en\u00ed, Sk\u0159iv\u00e1nek AI se zavazuje poskytovat vysoce kvalitn\u00ed titulky, kter\u00e9 rezonuj\u00ed s&nbsp;va\u0161imi div\u00e1ky.<\/p>\n<h1>99%<\/h1>\n<p><em>p\u0159esnost<\/em><\/p>\n<p>D\u00edky na\u0161\u00ed \u0161pi\u010dkov\u00e9 technologii um\u011bl\u00e9 inteligence a&nbsp;p\u0159\u00edsn\u00fdm proces\u016fm zaji\u0161t\u011bn\u00ed kvality zaru\u010dujeme, \u017ee va\u0161e titulky budou p\u0159esn\u00e9 a&nbsp;spolehliv\u00e9, spl\u0148uj\u00edc\u00ed nejvy\u0161\u0161\u00ed standardy preciznosti. Spolehn\u011bte se na Sk\u0159iv\u00e1nek AI, \u017ee v\u00e1m poskytne titulky, kter\u00e9 zvy\u0161uj\u00ed dostupnost a&nbsp;dopad va\u0161eho obsahu, \u010d\u00edm\u017e oslov\u00edte sv\u00e9 publikum s&nbsp;bezkonkuren\u010dn\u00ed jasnost\u00ed a&nbsp;p\u0159esnost\u00ed.<\/p>\n<\/div>\n<\/div><\/div><\/div><div id=\"pgc-72218-1-1\"  class=\"panel-grid-cell\" ><div id=\"panel-72218-1-1-0\" class=\"so-panel widget widget_wpforms-widget wpforms-widget panel-first-child panel-last-child\" data-index=\"2\" ><h3 class=\"widget-title\">Nez\u00e1vazn\u00e1 kalkulace va\u0161eho projektu<\/h3>\r\n<style type=\"text\/css\">\r\n\r\n\r\n\r\nbody #wpforms-75265 {\r\n\t\t\r\n\t\t\tfont-family:inherit;}\r\n\r\n\t\r\n\r\n\tbody #wpforms-75265 .wpforms-head-container {\r\n\t\tborder-width: 0px;}\r\n\r\n\tbody #wpforms-75265 .wpforms-head-container .wpforms-title {\r\n\t\t}\r\n\r\n\tbody #wpforms-75265 .wpforms-head-container .wpforms-description {\r\n\t\t\t\tdisplay:block;\r\n\t}\r\n\r\n\r\n\tbody #wpforms-75265 .wpforms-submit-container .wpforms-submit, body #wpforms-75265 .wpforms-field-pagebreak button.wpforms-page-button {\r\n\t\tcolor:#ffffff ;background-color:#ff643b ;border-width:0px ;border-style:solid ;border-radius:10px ;-web-border-radius:10px ;-moz-border-radius:10px ;\t\t\t}\r\n\r\n\tbody #wpforms-75265 .wpforms-submit-container .wpforms-submit:hover, body #wpforms-75265 .wpforms-field-pagebreak button.wpforms-page-button:hover {\r\n\tbackground-color:;\tcolor:;\t}\r\n\r\n\tbody #wpforms-75265 .wpforms-submit-container,\r\n\tbody #wpforms-75265 .wpforms-field-pagebreak .wpforms-pagebreak-left{\r\n\t\t}\r\n\r\n\r\n\tbody #wpforms-75265 .wpforms-form .wpforms-field input[type=text],\r\n\tbody #wpforms-75265 .wpforms-form .wpforms-field input[type=email],\r\n\tbody #wpforms-75265 .wpforms-form .wpforms-field input[type=tel],\r\n\tbody #wpforms-75265 .wpforms-form .wpforms-field input[type=url],\r\n\tbody #wpforms-75265 .wpforms-form .wpforms-field input[type=password],\r\n\tbody #wpforms-75265 .wpforms-form .wpforms-field input[type=number]\r\n\t{\r\n\t\tborder-width:1px ;border-style:solid ;\t\t\t}\r\n\r\n\tbody #wpforms-75265 .wpforms-form .wpforms-field .wpforms-field-row\r\n\t{\r\n\t\t\t}\r\n\r\n\tbody #wpforms-75265 .wpforms-form .wpforms-field-layout.wpforms-field input[type=text],\r\n\tbody #wpforms-75265 .wpforms-form .wpforms-field-layout.wpforms-field input[type=email],\r\n\tbody #wpforms-75265 .wpforms-form .wpforms-field-layout.wpforms-field input[type=tel],\r\n\tbody #wpforms-75265 .wpforms-form .wpforms-field-layout.wpforms-field input[type=url],\r\n\tbody #wpforms-75265 .wpforms-form .wpforms-field-layout.wpforms-field input[type=password],\r\n\tbody #wpforms-75265 .wpforms-form .wpforms-field-layout.wpforms-field input[type=number]{\r\n\t\twidth: 100%;\r\n\t}\r\n\r\n\tbody #wpforms-75265 .wpforms-form .wpforms-field .wpforms-field-row input[type=text]{\r\n\t\twidth: 100%;\r\n\t}\r\n\r\n\r\n\r\n\t#wpforms-75265 .wpforms-form .wpforms-field-layout-rows,\r\n\t#wpforms-75265 .wpforms-form .wpforms-field-layout-columns{\r\n\t\t\t}\r\n\r\n\r\n\r\n\tbody #wpforms-75265 .wpforms-form .wpforms-field textarea {\r\n\t\t\t\t\tborder-width: 1px;\t}\r\n\r\n \r\n\r\n\tbody #wpforms-75265 .wpforms-form .wpforms-field select {\r\n\r\n\t\t\r\n\t\tborder-width: 1px;\t}\r\n\r\n\t\/* dropdown styles on modern background *\/\r\n\tbody #wpforms-75265 .wpforms-form .wpforms-field-select-style-modern .choices__inner{\r\n\t\t\t\t\r\n\t}\r\n\r\n\t\/* background color on modern dropdown *\/\r\n\t\r\n \r\n\tbody #wpforms-75265 .wpforms-form .wpforms-field-radio li label,\r\n\tbody #wpforms-75265 .wpforms-form .wpforms-field-payment-multiple li label {\r\n\t\t\t}\r\n \r\n\tbody #wpforms-75265 .wpforms-form .wpforms-field-checkbox li label {\r\n\t\t\t}\r\n \r\n\tbody #wpforms-75265 .wpforms-form .wpforms-field .wpforms-field-description {\r\n\r\n\t\t\t}\r\n\r\n \r\n\tbody #wpforms-75265 .wpforms-form .wpforms-field label.wpforms-field-label,\r\n\tbody #wpforms-75265 .wpforms-form .wpforms-field .wpforms-field-label {\r\n\t\tfont-weight: bold;\t}\r\n\r\n\r\n \r\n\tbody #wpforms-confirmation-75265  {\r\n\r\n\t\t\t\tborder-width: 1px;\t}\r\n\r\n\tbody #wpforms-confirmation-75265 p{\r\n\t\ttext-transform: uppercase;\r\n\t\ttext-decoration: underline;\r\n\t\tcolor: inherit;\r\n\t}\r\n\r\n \r\n\tbody #wpforms-75265 label.wpforms-error,\r\n\tbody #wpforms-75265 .wpforms-error[role=\"alert\"] {\r\n\t\t\r\n\t\t\t\tborder-width: 1px;\t}\r\n\/* Styling for Tablets *\/\r\n@media only screen and (max-width: 800px) and (min-width:481px) {\r\n\t\r\n\r\n\r\n\r\n}\r\n\r\n@media only screen and (max-width: 480px){\r\n\t\r\n\r\n\r\n\r\n}\r\n\/*Option to add custom CSS *\/\r\n\r\n\r\n\r\n\t\t<\/style>\r\n\t\t<div class=\"wpforms-container wpforms-container-full wpforms-render-modern\" id=\"wpforms-75265\"><form id=\"wpforms-form-75265\" class=\"wpforms-validate wpforms-form wpforms-ajax-form\" data-formid=\"75265\" method=\"post\" enctype=\"multipart\/form-data\" action=\"\/cz\/wp-json\/wp\/v2\/pages\/72218\" data-token=\"a6167e32d02f7ca7b9e371f2e97622ef\" data-token-time=\"1776556647\"><noscript class=\"wpforms-error-noscript\">Chcete-li vyplnit tento formul\u00e1\u0159, pros\u00edm povolte v&nbsp;prohl\u00ed\u017ee\u010di JavaScript.<\/noscript><div id=\"wpforms-error-noscript\" style=\"display: none;\">Chcete-li vyplnit tento formul\u00e1\u0159, pros\u00edm povolte v&nbsp;prohl\u00ed\u017ee\u010di JavaScript.<\/div><div class=\"wpforms-field-container\">\t\t<div id=\"wpforms-75265-field_4-container\"\n\t\t\tclass=\"wpforms-field wpforms-field-text\"\n\t\t\tdata-field-type=\"text\"\n\t\t\tdata-field-id=\"4\"\n\t\t\t>\n\t\t\t<label class=\"wpforms-field-label\" for=\"wpforms-75265-field_4\" >3 \u0159e\u0161en\u00ed Layout<\/label>\n\t\t\t<input type=\"text\" id=\"wpforms-75265-field_4\" class=\"wpforms-field-medium\" name=\"wpforms[fields][4]\" >\n\t\t<\/div>\n\t\t<div id=\"wpforms-75265-field_15-container\" class=\"wpforms-field wpforms-field-layout\" data-field-id=\"15\"><div class=\"wpforms-field-layout-rows wpforms-field-large\"><div class=\"wpforms-layout-row\"><div class=\"wpforms-layout-column wpforms-layout-column-50\"><div id=\"wpforms-75265-field_1-container\" class=\"wpforms-field wpforms-field-name\" data-field-id=\"1\"><label class=\"wpforms-field-label\" for=\"wpforms-75265-field_1\">Va\u0161e jm\u00e9no <span class=\"wpforms-required-label\" aria-hidden=\"true\">*<\/span><\/label><input type=\"text\" id=\"wpforms-75265-field_1\" class=\"wpforms-field-medium wpforms-field-required\" name=\"wpforms[fields][1]\" aria-errormessage=\"wpforms-75265-field_1-error\" required><\/div><\/div><div class=\"wpforms-layout-column wpforms-layout-column-50\"><div id=\"wpforms-75265-field_31-container\" class=\"wpforms-field wpforms-field-text\" data-field-id=\"31\"><label class=\"wpforms-field-label\" for=\"wpforms-75265-field_31\">N\u00e1zev spole\u010dnosti<\/label><input type=\"text\" id=\"wpforms-75265-field_31\" class=\"wpforms-field-medium\" name=\"wpforms[fields][31]\" aria-errormessage=\"wpforms-75265-field_31-error\" ><\/div><\/div><\/div><div class=\"wpforms-layout-row\"><div class=\"wpforms-layout-column wpforms-layout-column-50\"><div id=\"wpforms-75265-field_2-container\" class=\"wpforms-field wpforms-field-email\" data-field-id=\"2\"><label class=\"wpforms-field-label\" for=\"wpforms-75265-field_2\">Email <span class=\"wpforms-required-label\" aria-hidden=\"true\">*<\/span><\/label><input type=\"email\" id=\"wpforms-75265-field_2\" class=\"wpforms-field-medium wpforms-field-required\" name=\"wpforms[fields][2]\" spellcheck=\"false\" aria-errormessage=\"wpforms-75265-field_2-error\" required><\/div><\/div><div class=\"wpforms-layout-column wpforms-layout-column-50\"><div id=\"wpforms-75265-field_3-container\" class=\"wpforms-field wpforms-field-phone\" data-field-id=\"3\"><label class=\"wpforms-field-label\" for=\"wpforms-75265-field_3\">Telefon<\/label><input type=\"tel\" id=\"wpforms-75265-field_3\" class=\"wpforms-field-medium wpforms-smart-phone-field\" data-rule-smart-phone-field=\"true\" name=\"wpforms[fields][3]\" aria-label=\"Telefon\" aria-errormessage=\"wpforms-75265-field_3-error\" ><\/div><\/div><\/div><\/div><\/div><div id=\"wpforms-75265-field_7-container\" class=\"wpforms-field wpforms-field-textarea\" data-field-id=\"7\"><label class=\"wpforms-field-label\" for=\"wpforms-75265-field_7\">Dejte n\u00e1m v\u011bd\u011bt, jak\u00e9 slu\u017eby nebo \u0159e\u0161en\u00ed pot\u0159ebujete.<\/label><textarea id=\"wpforms-75265-field_7\" class=\"wpforms-field-medium\" name=\"wpforms[fields][7]\" aria-errormessage=\"wpforms-75265-field_7-error\" aria-describedby=\"wpforms-75265-field_7-description\" ><\/textarea><div id=\"wpforms-75265-field_7-description\" class=\"wpforms-field-description\">P\u0159iprav\u00edme pro v\u00e1s <strong>nez\u00e1vaznou nab\u00eddku na m\u00edru<\/strong>, kter\u00e1 p\u0159esn\u011b odpov\u00edd\u00e1 va\u0161im po\u017eadavk\u016fm a&nbsp;pom\u016f\u017ee v\u00e1m dos\u00e1hnout va\u0161ich c\u00edl\u016f. M\u00e1te dotazy ohledn\u011b AI nebo dal\u0161\u00edch na\u0161ich slu\u017eeb? R\u00e1di v\u00e1m je zodpov\u00edme. Jsme tu pro v\u00e1s.<\/div><\/div><div id=\"wpforms-75265-field_16-container\" class=\"wpforms-field wpforms-field-html\" data-field-id=\"16\"><div id=\"wpforms-75265-field_16\" aria-errormessage=\"wpforms-75265-field_16-error\"><font size=\"2\">Odesl\u00e1n\u00edm popt\u00e1vky souhlas\u00edte se <a href=\"https:\/\/skrivanek.cz\/cz\/zpracovani-ochrana-osobnich-udaju\/\" title=\"Z\u00e1sady zpracov\u00e1n\u00ed osobn\u00edch \u00fadaj\u016f\" target=\"_blank\">z\u00e1sadami zpracov\u00e1n\u00ed osobn\u00edch \u00fadaj\u016f<\/a>.<\/font><\/div><\/div><div id=\"wpforms-75265-field_32-container\" class=\"wpforms-field wpforms-field-hidden\" data-field-id=\"32\"><input type=\"hidden\" id=\"wpforms-75265-field_32\" name=\"wpforms[fields][32]\" value=\"[channel]\"><\/div><div id=\"wpforms-75265-field_33-container\" class=\"wpforms-field wpforms-field-hidden\" data-field-id=\"33\"><input type=\"hidden\" id=\"wpforms-75265-field_33\" name=\"wpforms[fields][33]\" value=\"[channeldrilldown1]\"><\/div><div id=\"wpforms-75265-field_34-container\" class=\"wpforms-field wpforms-field-hidden\" data-field-id=\"34\"><input type=\"hidden\" id=\"wpforms-75265-field_34\" name=\"wpforms[fields][34]\" value=\"[channeldrilldown2]\"><\/div><div id=\"wpforms-75265-field_35-container\" class=\"wpforms-field wpforms-field-hidden\" data-field-id=\"35\"><input type=\"hidden\" id=\"wpforms-75265-field_35\" name=\"wpforms[fields][35]\" value=\"[channeldrilldown3]\"><\/div><div id=\"wpforms-75265-field_36-container\" class=\"wpforms-field wpforms-field-hidden\" data-field-id=\"36\"><input type=\"hidden\" id=\"wpforms-75265-field_36\" name=\"wpforms[fields][36]\" value=\"[landingpage]\"><\/div><div id=\"wpforms-75265-field_37-container\" class=\"wpforms-field wpforms-field-hidden\" data-field-id=\"37\"><input type=\"hidden\" id=\"wpforms-75265-field_37\" name=\"wpforms[fields][37]\" value=\"[landingpagegroup]\"><\/div><script>\n\t\t\t\t( function() {\n\t\t\t\t\tconst style = document.createElement( 'style' );\n\t\t\t\t\tstyle.appendChild( document.createTextNode( '#wpforms-75265-field_4-container { position: absolute !important; overflow: hidden !important; display: inline !important; height: 1px !important; width: 1px !important; z-index: -1000 !important; padding: 0 !important; } #wpforms-75265-field_4-container input { visibility: hidden; } #wpforms-conversational-form-page #wpforms-75265-field_4-container label { counter-increment: none; }' ) );\n\t\t\t\t\tdocument.head.appendChild( style );\n\t\t\t\t\tdocument.currentScript?.remove();\n\t\t\t\t} )();\n\t\t\t<\/script><\/div><!-- .wpforms-field-container --><div class=\"wpforms-recaptcha-container wpforms-is-recaptcha wpforms-is-recaptcha-type-v3\" ><input type=\"hidden\" name=\"wpforms[recaptcha]\" value=\"\"><\/div><div class=\"wpforms-submit-container\" ><input type=\"hidden\" name=\"wpforms[id]\" value=\"75265\"><input type=\"hidden\" name=\"page_title\" value=\"\"><input type=\"hidden\" name=\"page_url\" value=\"https:\/\/skrivanek.cz\/cz\/wp-json\/wp\/v2\/pages\/72218\"><input type=\"hidden\" name=\"url_referer\" value=\"\"><button type=\"submit\" name=\"wpforms[submit]\" id=\"wpforms-submit-75265\" class=\"wpforms-submit\" data-alt-text=\"Odes\u00edl\u00e1n\u00ed...\" data-submit-text=\"Odeslat\" aria-live=\"assertive\" value=\"wpforms-submit\">Odeslat<\/button><img loading=\"lazy\" decoding=\"async\" src=\"https:\/\/skrivanek.cz\/wp-content\/plugins\/wpforms\/assets\/images\/submit-spin.svg\" class=\"wpforms-submit-spinner\" style=\"display: none;\" width=\"26\" height=\"26\" alt=\"Na\u010d\u00edt\u00e1n\u00ed\"><\/div><\/form><\/div>  <!-- .wpforms-container --><\/div><\/div><\/div><\/div><div id=\"pg-72218-2\"  class=\"panel-grid panel-has-style\"  style=\"margin-bottom: 0px\" ><div class=\"siteorigin-panels-stretch panel-row-padding-none panel-row-style panel-row-style-for-72218-2\" data-stretch-type=\"full\" ><div id=\"pgc-72218-2-0\"  class=\"panel-grid-cell\" ><div id=\"panel-72218-2-0-0\" class=\"so-panel widget widget_wpa9-card-l panel-first-child panel-last-child\" data-index=\"3\" ><div\n\t\t\t\n\t\t\tclass=\"so-widget-wpa9-card-l so-widget-wpa9-card-l-default-c93e1481a745-72218\"\n\t\t\t\n\t\t>\n\n<div class=\"wpa9-card wpa9-card-l-container d-flex flex-wrap wpa9-columns-2\">\n\n\t\n\t\t\n\t<div class=\"wpa9-card-l-panel wpa9-panel shadow rounded d-flex flex-column justify-content-between\">\n\n\t\t<div>\n\t\t\t\t\t\t\t<span class=\"wpa9-panel-icon icon\" style=\"display: none; background-image: url('https:\/\/skrivanek.cz\/wp-content\/uploads\/2024\/09\/ai-icon-05.png')\"><\/span>\n\t\t\t<span class=\"wpa9-panel-icon icon\" style=\"mask-image: url(https:\/\/skrivanek.cz\/wp-content\/uploads\/2024\/09\/ai-icon-05.png); -webkit-mask-image: url(https:\/\/skrivanek.cz\/wp-content\/uploads\/2024\/09\/ai-icon-05.png);\"><\/span>\n\t\t\n\t\t\t\t\t\t\t\t<h2 class=\"wpa9-panel-title\">Z\u00e1kladn\u00ed generov\u00e1n\u00ed titulk\u016f<\/h2>\n\t\t\n\t\t\t\t\t\t\t<div class=\"wpa9-panel-content\"><h5><strong>AI generovan\u00e9 titulky pro z\u00e1kladn\u00ed porozum\u011bn\u00ed<\/strong><\/h5>\n<p>Na\u0161e technologie um\u011bl\u00e9 inteligence dok\u00e1\u017ee generovat hrub\u00e9 form\u00e1ty titulk\u016f SRT\/VTT na z\u00e1klad\u011b vstupn\u00ed audio stopy, \u010d\u00edm\u017e poskytuje klient\u016fm p\u0159epis vhodn\u00fd pro z\u00e1kladn\u00ed porozum\u011bn\u00ed. Oproti na\u0161\u00ed slu\u017eb\u011b raw STT, kter\u00e1 nab\u00edz\u00ed p\u0159epis bez lidsk\u00e9 kontroly, tato varianta nav\u00edc poskytuje p\u0159esn\u011bj\u0161\u00ed \u010dasov\u00e9 zna\u010dky pro lep\u0161\u00ed orientaci a\u00a0rovnou ve zvolen\u00e9m titulkov\u00e9m form\u00e1tu. Tento n\u00edzkon\u00e1kladov\u00fd v\u00fdstup je ide\u00e1ln\u00ed pro soukrom\u00e9 \u00fa\u010dely nebo pro klienty, kte\u0159\u00ed cht\u011bj\u00ed prov\u00e9st vlastn\u00ed posteditaci ve sv\u00e9m mate\u0159sk\u00e9m jazyce, v\u010detn\u011b \u00faprav podle standard\u016f znak\u016f na \u0159\u00e1dek (CPL) a\u00a0znak\u016f za sekundu (CPS).<\/p>\n<\/div>\n\t\t\t\t<\/div>\n\n\t\t\n\t<\/div>\n\n\t\t\n\t<div class=\"wpa9-card-l-panel wpa9-panel shadow rounded d-flex flex-column justify-content-between\">\n\n\t\t<div>\n\t\t\t\t\t\t\t<span class=\"wpa9-panel-icon icon\" style=\"display: none; background-image: url('https:\/\/skrivanek.cz\/wp-content\/uploads\/2024\/09\/ai-icon-01.png')\"><\/span>\n\t\t\t<span class=\"wpa9-panel-icon icon\" style=\"mask-image: url(https:\/\/skrivanek.cz\/wp-content\/uploads\/2024\/09\/ai-icon-01.png); -webkit-mask-image: url(https:\/\/skrivanek.cz\/wp-content\/uploads\/2024\/09\/ai-icon-01.png);\"><\/span>\n\t\t\n\t\t\t\t\t\t\t\t<h2 class=\"wpa9-panel-title\">Titulky p\u0159ipraven\u00e9 k&nbsp;publikaci<\/h2>\n\t\t\n\t\t\t\t\t\t\t<div class=\"wpa9-panel-content\"><h5><strong>Od hrub\u00fdch titulk\u016f k\u00a0profesion\u00e1ln\u00edm v\u00fdstup\u016fm<\/strong><\/h5>\n<p>Pro klienty, kte\u0159\u00ed pot\u0159ebuj\u00ed titulky p\u0159ipraven\u00e9 k\u00a0publikaci, nab\u00edz\u00ed Sk\u0159iv\u00e1nek AI slu\u017ebu zahrnuj\u00edc\u00ed posteditaci strojov\u00e9ho trankriptu (STT) odborn\u00edky a\u00a0n\u00e1sledn\u00e9 profesion\u00e1ln\u00ed titulkov\u00e1n\u00ed. T\u00edm je zaji\u0161t\u011bn 100% form\u00e1t titulk\u016f, kter\u00fd spl\u0148uje standardn\u00ed po\u017eadavky na CPL a\u00a0CPS. Tato komplexn\u00ed slu\u017eba je ur\u010dena pro ty, kte\u0159\u00ed pot\u0159ebuj\u00ed m\u00edt sv\u016fj obsah p\u0159\u00edstupn\u00fd, profesion\u00e1ln\u00ed a\u00a0p\u0159ipraven\u00fd k\u00a0ve\u0159ejn\u00e9mu zve\u0159ejn\u011bn\u00ed.<\/p>\n<\/div>\n\t\t\t\t<\/div>\n\n\t\t\n\t<\/div>\n\n\t\t\n\t\n<\/div>\n<\/div><\/div><\/div><\/div><\/div><div id=\"pg-72218-3\"  class=\"panel-grid panel-has-style\" ><div class=\"siteorigin-panels-stretch panel-row-padding-none panel-row-style panel-row-style-for-72218-3\" data-stretch-type=\"full\" ><div id=\"pgc-72218-3-0\"  class=\"panel-grid-cell\" ><div id=\"panel-72218-3-0-0\" class=\"so-panel widget widget_wpa9-card-s panel-first-child panel-last-child\" data-index=\"4\" ><div\n\t\t\t\n\t\t\tclass=\"so-widget-wpa9-card-s so-widget-wpa9-card-s-default-c93e1481a745-72218\"\n\t\t\t\n\t\t><div class=\"wpa9-card wpa9-card-s wide negative\">\n\n\t<div class=\"wpa9-card-wrapper container\">\n\n\t\t<div class=\"wpa9-card-text\">\n\t\t\t<h2 class=\"wpa9-card-title\">Zvy\u0161te dosah sv\u00e9ho obsahu s&nbsp;titulky od Sk\u0159iv\u00e1nka<\/h2>\n\t\t\t<div class=\"wpa9-card-content\"><p style=\"text-align: center\">Od z\u00e1kladn\u00edho porozum\u011bn\u00ed po&nbsp;profesion\u00e1ln\u00ed prezentaci \u2013 zajist\u011bte, aby va\u0161e sd\u011blen\u00ed oslovilo ka\u017ed\u00e9ho div\u00e1ka.<\/p>\n<\/div>\t\t<\/div>\n\n\t\t\t\t<div class=\"meta meta-buttons d-flex flex-row justify-content-center\">\n\t\t\t\t\t\t\t<a class=\"btn btn-negative \" href=\"https:\/\/skrivanek.cz\/cz\/poptavka-ai\/\" title=\"M\u00e1me z\u00e1jem o titulky\">M\u00e1me z\u00e1jem o&nbsp;titulky<\/a>\n\t\t\t\t<\/div>\n\t\t\n\t<\/div>\n\n<\/div>\n<\/div><\/div><\/div><\/div><\/div><\/div>","protected":false},"excerpt":{"rendered":"<p>V\u00fdhody profesion\u00e1ln\u00edch titulk\u016f ve vide\u00edch Profesion\u00e1ln\u00ed titulky ve vide\u00edch nejsou jen praktick\u00fdm dopl\u0148kem, ale tak\u00e9 strategick\u00fdm n\u00e1strojem, kter\u00fd pos\u00edl\u00ed va\u0161i komunikaci a\u00a0roz\u0161\u00ed\u0159\u00ed dosah va\u0161eho obsahu. Kvalitn\u00ed titulky zajist\u00ed, \u017ee va\u0161e sd\u011blen\u00ed bude dostupn\u00e9 \u0161ir\u0161\u00edmu publiku, v\u010detn\u011b lid\u00ed se sluchov\u00fdm posti\u017een\u00edm, a\u00a0usnadn\u00ed porozum\u011bn\u00ed obsahu i\u00a0v\u00a0hlu\u010dn\u00e9m prost\u0159ed\u00ed. Z\u00e1rove\u0148 mohou zv\u00fd\u0161it zapojen\u00ed div\u00e1k\u016f a\u00a0zlep\u0161it optimalizaci pro vyhled\u00e1va\u010de (SEO), [&hellip;]<\/p>\n","protected":false},"author":9,"featured_media":0,"parent":71988,"menu_order":0,"comment_status":"closed","ping_status":"closed","template":"","meta":{"_acf_changed":false,"footnotes":""},"class_list":["post-72218","page","type-page","status-publish","hentry"],"acf":[],"aioseo_notices":[],"_links":{"self":[{"href":"https:\/\/skrivanek.cz\/cz\/wp-json\/wp\/v2\/pages\/72218","targetHints":{"allow":["GET"]}}],"collection":[{"href":"https:\/\/skrivanek.cz\/cz\/wp-json\/wp\/v2\/pages"}],"about":[{"href":"https:\/\/skrivanek.cz\/cz\/wp-json\/wp\/v2\/types\/page"}],"author":[{"embeddable":true,"href":"https:\/\/skrivanek.cz\/cz\/wp-json\/wp\/v2\/users\/9"}],"replies":[{"embeddable":true,"href":"https:\/\/skrivanek.cz\/cz\/wp-json\/wp\/v2\/comments?post=72218"}],"version-history":[{"count":5,"href":"https:\/\/skrivanek.cz\/cz\/wp-json\/wp\/v2\/pages\/72218\/revisions"}],"predecessor-version":[{"id":75284,"href":"https:\/\/skrivanek.cz\/cz\/wp-json\/wp\/v2\/pages\/72218\/revisions\/75284"}],"up":[{"embeddable":true,"href":"https:\/\/skrivanek.cz\/cz\/wp-json\/wp\/v2\/pages\/71988"}],"wp:attachment":[{"href":"https:\/\/skrivanek.cz\/cz\/wp-json\/wp\/v2\/media?parent=72218"}],"curies":[{"name":"wp","href":"https:\/\/api.w.org\/{rel}","templated":true}]}}