{"id":72228,"date":"2024-09-24T14:55:21","date_gmt":"2024-09-24T12:55:21","guid":{"rendered":"https:\/\/skrivanek.cz\/?page_id=72228"},"modified":"2026-03-24T09:16:25","modified_gmt":"2026-03-24T08:16:25","slug":"ai-voiceover","status":"publish","type":"page","link":"https:\/\/skrivanek.cz\/cz\/ai\/ai-voiceover\/","title":{"rendered":"Human AI voiceover"},"content":{"rendered":"<div id=\"pl-72228\"  class=\"panel-layout\" ><div id=\"pg-72228-0\"  class=\"panel-grid panel-has-style\"  style=\"margin-bottom: 0px\" ><div class=\"siteorigin-panels-stretch panel-row-padding-none panel-row-style panel-row-style-for-72228-0\" data-stretch-type=\"full\" ><div id=\"pgc-72228-0-0\"  class=\"panel-grid-cell\" ><div id=\"panel-72228-0-0-0\" class=\"so-panel widget widget_wpa9-card-l panel-first-child panel-last-child\" data-index=\"0\" ><div\n\t\t\t\n\t\t\tclass=\"so-widget-wpa9-card-l so-widget-wpa9-card-l-default-c93e1481a745-72228\"\n\t\t\t\n\t\t>\n\n<div class=\"wpa9-card wpa9-card-l-container d-flex flex-wrap wpa9-columns-2\">\n\n\t\n\t\t\n\t<div class=\"wpa9-card-l-panel wpa9-panel shadow rounded d-flex flex-column justify-content-between\">\n\n\t\t<div>\n\t\t\t\t\t\t\t<span class=\"wpa9-panel-icon icon\" style=\"display: none; background-image: url('https:\/\/skrivanek.cz\/wp-content\/uploads\/2024\/09\/ai-icon-01.png')\"><\/span>\n\t\t\t<span class=\"wpa9-panel-icon icon\" style=\"mask-image: url(https:\/\/skrivanek.cz\/wp-content\/uploads\/2024\/09\/ai-icon-01.png); -webkit-mask-image: url(https:\/\/skrivanek.cz\/wp-content\/uploads\/2024\/09\/ai-icon-01.png);\"><\/span>\n\t\t\n\t\t\t\t\t\t\t\t<h2 class=\"wpa9-panel-title\">Tvorba TTS v\u00fdstup\u016f s&nbsp;lidsk\u00fdm n\u00e1dechem<\/h2>\n\t\t\n\t\t\t\t\t\t\t<div class=\"wpa9-panel-content\"><h5><strong>Um\u011bn\u00ed dokonalosti<\/strong><\/h5>\n<p>Na\u0161i jazykov\u00ed specialist\u00e9 a\u00a0odborn\u00edci na mluven\u00e9 slovo hraj\u00ed kl\u00ed\u010dovou roli p\u0159i\u00a0p\u0159em\u011bn\u011b TTS v\u00fdstup\u016f tak, aby v\u011brn\u011b napodobovaly lidskou \u0159e\u010d. D\u00edky jejich hlubok\u00e9mu porozum\u011bn\u00ed textu dok\u00e1\u017e\u00ed aplikovat emocion\u00e1ln\u00ed d\u016frazy tam, kde je to pot\u0159eba, nebo prodlou\u017eit pauzy pro dramatick\u00fd efekt. Opravuj\u00ed \u0161patnou v\u00fdslovnost, \u0159e\u0161\u00ed probl\u00e9my s\u00a0akcentem a\u00a0dokonce upravuj\u00ed zvuky dechu, aby v\u00fdsledn\u00fd voiceover spl\u0148oval nejvy\u0161\u0161\u00ed standardy kvality a\u00a0p\u0159irozenosti. Tento proces mezi um\u011blou inteligenc\u00ed a\u00a0lidskou odbornost\u00ed p\u0159in\u00e1\u0161\u00ed v\u00a0z\u00e1v\u011bru hlasov\u00fd v\u00fdstup, kter\u00fd nejen spl\u0148uje, ale \u010dasto i\u00a0p\u0159ekon\u00e1v\u00e1 o\u010dek\u00e1v\u00e1n\u00ed na\u0161ich klient\u016f.<\/p>\n<\/div>\n\t\t\t\t<\/div>\n\n\t\t\n\t<\/div>\n\n\t\t\n\t<div class=\"wpa9-card-l-panel wpa9-panel shadow rounded d-flex flex-column justify-content-between\">\n\n\t\t<div>\n\t\t\t\t\t\t\t<span class=\"wpa9-panel-icon icon\" style=\"display: none; background-image: url('https:\/\/skrivanek.cz\/wp-content\/uploads\/2024\/09\/ai-icon-06.png')\"><\/span>\n\t\t\t<span class=\"wpa9-panel-icon icon\" style=\"mask-image: url(https:\/\/skrivanek.cz\/wp-content\/uploads\/2024\/09\/ai-icon-06.png); -webkit-mask-image: url(https:\/\/skrivanek.cz\/wp-content\/uploads\/2024\/09\/ai-icon-06.png);\"><\/span>\n\t\t\n\t\t\t\t\t\t\t\t<h2 class=\"wpa9-panel-title\">Profesion\u00e1ln\u00ed AI voiceover<\/h2>\n\t\t\n\t\t\t\t\t\t\t<div class=\"wpa9-panel-content\"><h5><strong>V\u00fdstup ve studiov\u00e9 kvalit\u011b<\/strong><\/h5>\n<p>D\u00edky pe\u010dliv\u00e9 pr\u00e1ci na\u0161ich specialist\u016f je v\u00fdsledn\u00fd hlasov\u00fd projev um\u011bl\u00e9 inteligence prakticky nerozeznateln\u00fd od lidsk\u00e9ho hlasu. To zaji\u0161\u0165uje, \u017ee klienti obdr\u017e\u00ed produkt, kter\u00fd kombinuje efektivitu a\u00a0\u0161k\u00e1lovatelnost AI s\u00a0jemn\u00fdmi nuancemi a\u00a0emocion\u00e1ln\u00ed hloubkou lidsk\u00e9 \u0159e\u010di, a\u00a0to ve form\u00e1tu spl\u0148uj\u00edc\u00edm po\u017eadavky na profesion\u00e1ln\u00ed v\u00fdstup.<\/p>\n<h5><strong>Plynul\u00e1 integrace s&nbsp;video obsahem<\/strong><\/h5>\n<p>Krom\u011b vylep\u0161en\u00ed hlasov\u00e9ho projevu nab\u00edz\u00ed Sk\u0159iv\u00e1nk AI tak\u00e9 bezprobl\u00e9movou integraci upraven\u00e9ho zvuku s\u00a0p\u016fvodn\u00edm videem klienta. A\u0165 u\u017e jde o\u00a0nahrazen\u00ed p\u016fvodn\u00edho zvuku, nebo jeho p\u0159ekryt\u00ed (s\u00a0p\u016fvodn\u00edm zvukem jemn\u011b v\u00a0pozad\u00ed), na\u0161e slu\u017eba zaji\u0161\u0165uje, \u017ee kone\u010dn\u00fd produkt je dokonale slad\u011bn s\u00a0vizu\u00e1ln\u00edm obsahem, \u010d\u00edm\u017e zvy\u0161uje celkov\u00fd div\u00e1ck\u00fd z\u00e1\u017eitek.<\/p>\n<\/div>\n\t\t\t\t<\/div>\n\n\t\t\n\t<\/div>\n\n\t\t\n\t\n<\/div>\n<\/div><\/div><\/div><\/div><\/div><div id=\"pg-72228-1\"  class=\"panel-grid panel-has-style\"  style=\"margin-bottom: 0px\" ><div class=\"siteorigin-panels-stretch panel-row-padding-none panel-row-style panel-row-style-for-72228-1\" data-stretch-type=\"full\" ><div id=\"pgc-72228-1-0\"  class=\"panel-grid-cell\" ><div id=\"panel-72228-1-0-0\" class=\"so-panel widget widget_wpa9-editor-ext panel-first-child panel-last-child\" data-index=\"1\" ><div\n\t\t\t\n\t\t\tclass=\"so-widget-wpa9-editor-ext so-widget-wpa9-editor-ext-default-c93e1481a745-72228\"\n\t\t\t\n\t\t>\n<div class=\"siteorigin-widget-tinymce textwidget\">\n\t<h3>N\u00e1kladov\u011b efektivn\u00ed \u0159e\u0161en\u00ed<\/h3>\n<p>I p\u0159es vysokou \u00farove\u0148 kvality a&nbsp;p\u0159izp\u016fsoben\u00ed je na\u0161e slu\u017eba AI voiceoveru v\u00fdrazn\u011b dostupn\u011bj\u0161\u00ed ne\u017e tradi\u010dn\u00ed produkce lidsk\u00fdch hlasov\u00fdch z\u00e1znam\u016f ve specializovan\u00fdch studi\u00edch. D\u00edky t\u00e9to cenov\u00e9 efektivit\u011b, spojen\u00e9 s&nbsp;p\u0159irozen\u00fdm a&nbsp;studiov\u011b kvalitn\u00edm v\u00fdstupem, je Sk\u0159iv\u00e1nek AI atraktivn\u00ed volbou pro klienty, kte\u0159\u00ed hledaj\u00ed to nejlep\u0161\u00ed z&nbsp;obou sv\u011bt\u016f.<\/p>\n<p>Slu\u017eba Human AI voiceoveru p\u0159edstavuje vrchol technologie p\u0159evodu textu na \u0159e\u010d a&nbsp;nab\u00edz\u00ed prvot\u0159\u00eddn\u00ed, p\u0159irozen\u011b zn\u011bj\u00edc\u00ed produkt vyu\u017e\u00edvaj\u00edc\u00ed nejnov\u011bj\u0161\u00ed pokroky v&nbsp;AI. Tento v\u00fdstup je nav\u00edc obohacen o&nbsp;post\u0159ehy a&nbsp;\u00fapravy, kter\u00e9 m\u016f\u017ee poskytnout jen lidsk\u00fd specialista. Tato slu\u017eba je ide\u00e1ln\u00ed pro ty, kte\u0159\u00ed hledaj\u00ed vysoce kvalitn\u00ed, efektivn\u00ed a&nbsp;n\u00e1kladov\u011b \u00fasporn\u00e9 \u0159e\u0161en\u00ed hlasov\u00e9ho projevu, a&nbsp;to ani\u017e by se vzdali lidsk\u00e9ho doteku.<\/p>\n<h1>96%<\/h1>\n<p><em>realismus<\/em><\/p>\n<p>Dos\u00e1hn\u011bte 96% realismu s&nbsp;na\u0161\u00edm hlasov\u00fdm projevem p\u0159ipom\u00ednaj\u00edc\u00edm lidsk\u00fd hlas od Sk\u0159iv\u00e1nek AI. N\u00e1\u0161 pe\u010dliv\u00fd proces kontroly zaji\u0161\u0165uje, \u017ee v\u00fdstupy generovan\u00e9 AI v\u011brn\u011b napodobuj\u00ed lidskou \u0159e\u010d a&nbsp;eliminuj\u00ed b\u011b\u017en\u00e9 probl\u00e9my, jako je mechanick\u00fd t\u00f3n nebo monot\u00f3nnost. \u00dapravou intonace, tempa a&nbsp;rytmu vytv\u00e1\u0159\u00edme p\u0159\u00edjemn\u011bj\u0161\u00ed a&nbsp;p\u0159irozen\u011bj\u0161\u00ed hlasov\u00fd projev. Za\u017eijte dokonalou kombinaci efektivity AI a&nbsp;lidsk\u00e9 odbornosti, kter\u00e1 vede ke studiov\u00fdm hlasov\u00fdm projev\u016fm, je\u017e p\u0159ekra\u010duj\u00ed o\u010dek\u00e1v\u00e1n\u00ed klient\u016f.<\/p>\n<p><strong>Nez\u00e1vazn\u00e1 kalkulace pro v\u00e1\u0161 projekt<\/strong><\/p>\n<\/div>\n<\/div><\/div><\/div><div id=\"pgc-72228-1-1\"  class=\"panel-grid-cell\" ><div id=\"panel-72228-1-1-0\" class=\"so-panel widget widget_wpforms-widget wpforms-widget panel-first-child panel-last-child\" data-index=\"2\" ><h3 class=\"widget-title\">Profesion\u00e1ln\u00ed AI slu\u017eby \u2013\u2060\u2060\u2060\u2060\u2060\u2060 kontaktujte n\u00e1s!<\/h3>\r\n<style type=\"text\/css\">\r\n\r\n\r\n\r\nbody #wpforms-75265 {\r\n\t\t\r\n\t\t\tfont-family:inherit;}\r\n\r\n\t\r\n\r\n\tbody #wpforms-75265 .wpforms-head-container {\r\n\t\tborder-width: 0px;}\r\n\r\n\tbody #wpforms-75265 .wpforms-head-container .wpforms-title {\r\n\t\t}\r\n\r\n\tbody #wpforms-75265 .wpforms-head-container .wpforms-description {\r\n\t\t\t\tdisplay:block;\r\n\t}\r\n\r\n\r\n\tbody #wpforms-75265 .wpforms-submit-container .wpforms-submit, body #wpforms-75265 .wpforms-field-pagebreak button.wpforms-page-button {\r\n\t\tcolor:#ffffff ;background-color:#ff643b ;border-width:0px ;border-style:solid ;border-radius:10px ;-web-border-radius:10px ;-moz-border-radius:10px ;\t\t\t}\r\n\r\n\tbody #wpforms-75265 .wpforms-submit-container .wpforms-submit:hover, body #wpforms-75265 .wpforms-field-pagebreak button.wpforms-page-button:hover {\r\n\tbackground-color:;\tcolor:;\t}\r\n\r\n\tbody #wpforms-75265 .wpforms-submit-container,\r\n\tbody #wpforms-75265 .wpforms-field-pagebreak .wpforms-pagebreak-left{\r\n\t\t}\r\n\r\n\r\n\tbody #wpforms-75265 .wpforms-form .wpforms-field input[type=text],\r\n\tbody #wpforms-75265 .wpforms-form .wpforms-field input[type=email],\r\n\tbody #wpforms-75265 .wpforms-form .wpforms-field input[type=tel],\r\n\tbody #wpforms-75265 .wpforms-form .wpforms-field input[type=url],\r\n\tbody #wpforms-75265 .wpforms-form .wpforms-field input[type=password],\r\n\tbody #wpforms-75265 .wpforms-form .wpforms-field input[type=number]\r\n\t{\r\n\t\tborder-width:1px ;border-style:solid ;\t\t\t}\r\n\r\n\tbody #wpforms-75265 .wpforms-form .wpforms-field .wpforms-field-row\r\n\t{\r\n\t\t\t}\r\n\r\n\tbody #wpforms-75265 .wpforms-form .wpforms-field-layout.wpforms-field input[type=text],\r\n\tbody #wpforms-75265 .wpforms-form .wpforms-field-layout.wpforms-field input[type=email],\r\n\tbody #wpforms-75265 .wpforms-form .wpforms-field-layout.wpforms-field input[type=tel],\r\n\tbody #wpforms-75265 .wpforms-form .wpforms-field-layout.wpforms-field input[type=url],\r\n\tbody #wpforms-75265 .wpforms-form .wpforms-field-layout.wpforms-field input[type=password],\r\n\tbody #wpforms-75265 .wpforms-form .wpforms-field-layout.wpforms-field input[type=number]{\r\n\t\twidth: 100%;\r\n\t}\r\n\r\n\tbody #wpforms-75265 .wpforms-form .wpforms-field .wpforms-field-row input[type=text]{\r\n\t\twidth: 100%;\r\n\t}\r\n\r\n\r\n\r\n\t#wpforms-75265 .wpforms-form .wpforms-field-layout-rows,\r\n\t#wpforms-75265 .wpforms-form .wpforms-field-layout-columns{\r\n\t\t\t}\r\n\r\n\r\n\r\n\tbody #wpforms-75265 .wpforms-form .wpforms-field textarea {\r\n\t\t\t\t\tborder-width: 1px;\t}\r\n\r\n \r\n\r\n\tbody #wpforms-75265 .wpforms-form .wpforms-field select {\r\n\r\n\t\t\r\n\t\tborder-width: 1px;\t}\r\n\r\n\t\/* dropdown styles on modern background *\/\r\n\tbody #wpforms-75265 .wpforms-form .wpforms-field-select-style-modern .choices__inner{\r\n\t\t\t\t\r\n\t}\r\n\r\n\t\/* background color on modern dropdown *\/\r\n\t\r\n \r\n\tbody #wpforms-75265 .wpforms-form .wpforms-field-radio li label,\r\n\tbody #wpforms-75265 .wpforms-form .wpforms-field-payment-multiple li label {\r\n\t\t\t}\r\n \r\n\tbody #wpforms-75265 .wpforms-form .wpforms-field-checkbox li label {\r\n\t\t\t}\r\n \r\n\tbody #wpforms-75265 .wpforms-form .wpforms-field .wpforms-field-description {\r\n\r\n\t\t\t}\r\n\r\n \r\n\tbody #wpforms-75265 .wpforms-form .wpforms-field label.wpforms-field-label,\r\n\tbody #wpforms-75265 .wpforms-form .wpforms-field .wpforms-field-label {\r\n\t\tfont-weight: bold;\t}\r\n\r\n\r\n \r\n\tbody #wpforms-confirmation-75265  {\r\n\r\n\t\t\t\tborder-width: 1px;\t}\r\n\r\n\tbody #wpforms-confirmation-75265 p{\r\n\t\ttext-transform: uppercase;\r\n\t\ttext-decoration: underline;\r\n\t\tcolor: inherit;\r\n\t}\r\n\r\n \r\n\tbody #wpforms-75265 label.wpforms-error,\r\n\tbody #wpforms-75265 .wpforms-error[role=\"alert\"] {\r\n\t\t\r\n\t\t\t\tborder-width: 1px;\t}\r\n\/* Styling for Tablets *\/\r\n@media only screen and (max-width: 800px) and (min-width:481px) {\r\n\t\r\n\r\n\r\n\r\n}\r\n\r\n@media only screen and (max-width: 480px){\r\n\t\r\n\r\n\r\n\r\n}\r\n\/*Option to add custom CSS *\/\r\n\r\n\r\n\r\n\t\t<\/style>\r\n\t\t<div class=\"wpforms-container wpforms-container-full wpforms-render-modern\" id=\"wpforms-75265\"><form id=\"wpforms-form-75265\" class=\"wpforms-validate wpforms-form wpforms-ajax-form\" data-formid=\"75265\" method=\"post\" enctype=\"multipart\/form-data\" action=\"\/cz\/wp-json\/wp\/v2\/pages\/72228\" data-token=\"f3aea3a002fb4568db88b673da564ee5\" data-token-time=\"1775442898\"><noscript class=\"wpforms-error-noscript\">Chcete-li vyplnit tento formul\u00e1\u0159, pros\u00edm povolte v&nbsp;prohl\u00ed\u017ee\u010di JavaScript.<\/noscript><div id=\"wpforms-error-noscript\" style=\"display: none;\">Chcete-li vyplnit tento formul\u00e1\u0159, pros\u00edm povolte v&nbsp;prohl\u00ed\u017ee\u010di JavaScript.<\/div><div class=\"wpforms-field-container\"><div id=\"wpforms-75265-field_15-container\" class=\"wpforms-field wpforms-field-layout\" data-field-id=\"15\"><div class=\"wpforms-field-layout-rows wpforms-field-large\"><div class=\"wpforms-layout-row\"><div class=\"wpforms-layout-column wpforms-layout-column-50\"><div id=\"wpforms-75265-field_1-container\" class=\"wpforms-field wpforms-field-name\" data-field-id=\"1\"><label class=\"wpforms-field-label\" for=\"wpforms-75265-field_1\">Va\u0161e jm\u00e9no <span class=\"wpforms-required-label\" aria-hidden=\"true\">*<\/span><\/label><input type=\"text\" id=\"wpforms-75265-field_1\" class=\"wpforms-field-medium wpforms-field-required\" name=\"wpforms[fields][1]\" aria-errormessage=\"wpforms-75265-field_1-error\" required><\/div><\/div><div class=\"wpforms-layout-column wpforms-layout-column-50\"><div id=\"wpforms-75265-field_31-container\" class=\"wpforms-field wpforms-field-text\" data-field-id=\"31\"><label class=\"wpforms-field-label\" for=\"wpforms-75265-field_31\">N\u00e1zev spole\u010dnosti<\/label><input type=\"text\" id=\"wpforms-75265-field_31\" class=\"wpforms-field-medium\" name=\"wpforms[fields][31]\" aria-errormessage=\"wpforms-75265-field_31-error\" ><\/div><\/div><\/div><div class=\"wpforms-layout-row\"><div class=\"wpforms-layout-column wpforms-layout-column-50\"><div id=\"wpforms-75265-field_2-container\" class=\"wpforms-field wpforms-field-email\" data-field-id=\"2\"><label class=\"wpforms-field-label\" for=\"wpforms-75265-field_2\">Email <span class=\"wpforms-required-label\" aria-hidden=\"true\">*<\/span><\/label><input type=\"email\" id=\"wpforms-75265-field_2\" class=\"wpforms-field-medium wpforms-field-required\" name=\"wpforms[fields][2]\" spellcheck=\"false\" aria-errormessage=\"wpforms-75265-field_2-error\" required><\/div><\/div><div class=\"wpforms-layout-column wpforms-layout-column-50\"><div id=\"wpforms-75265-field_3-container\" class=\"wpforms-field wpforms-field-phone\" data-field-id=\"3\"><label class=\"wpforms-field-label\" for=\"wpforms-75265-field_3\">Telefon<\/label><input type=\"tel\" id=\"wpforms-75265-field_3\" class=\"wpforms-field-medium wpforms-smart-phone-field\" data-rule-smart-phone-field=\"true\" name=\"wpforms[fields][3]\" aria-label=\"Telefon\" aria-errormessage=\"wpforms-75265-field_3-error\" ><\/div><\/div><\/div><\/div><\/div>\t\t<div id=\"wpforms-75265-field_4-container\"\n\t\t\tclass=\"wpforms-field wpforms-field-text\"\n\t\t\tdata-field-type=\"text\"\n\t\t\tdata-field-id=\"4\"\n\t\t\t>\n\t\t\t<label class=\"wpforms-field-label\" for=\"wpforms-75265-field_4\" >v\u011bd\u011bt, Group pot\u0159ebujete.<\/label>\n\t\t\t<input type=\"text\" id=\"wpforms-75265-field_4\" class=\"wpforms-field-medium\" name=\"wpforms[fields][4]\" >\n\t\t<\/div>\n\t\t<div id=\"wpforms-75265-field_7-container\" class=\"wpforms-field wpforms-field-textarea\" data-field-id=\"7\"><label class=\"wpforms-field-label\" for=\"wpforms-75265-field_7\">Dejte n\u00e1m v\u011bd\u011bt, jak\u00e9 slu\u017eby nebo \u0159e\u0161en\u00ed pot\u0159ebujete.<\/label><textarea id=\"wpforms-75265-field_7\" class=\"wpforms-field-medium\" name=\"wpforms[fields][7]\" aria-errormessage=\"wpforms-75265-field_7-error\" aria-describedby=\"wpforms-75265-field_7-description\" ><\/textarea><div id=\"wpforms-75265-field_7-description\" class=\"wpforms-field-description\">P\u0159iprav\u00edme pro v\u00e1s <strong>nez\u00e1vaznou nab\u00eddku na m\u00edru<\/strong>, kter\u00e1 p\u0159esn\u011b odpov\u00edd\u00e1 va\u0161im po\u017eadavk\u016fm a&nbsp;pom\u016f\u017ee v\u00e1m dos\u00e1hnout va\u0161ich c\u00edl\u016f. M\u00e1te dotazy ohledn\u011b AI nebo dal\u0161\u00edch na\u0161ich slu\u017eeb? R\u00e1di v\u00e1m je zodpov\u00edme. Jsme tu pro v\u00e1s.<\/div><\/div><div id=\"wpforms-75265-field_16-container\" class=\"wpforms-field wpforms-field-html\" data-field-id=\"16\"><div id=\"wpforms-75265-field_16\" aria-errormessage=\"wpforms-75265-field_16-error\"><font size=\"2\">Odesl\u00e1n\u00edm popt\u00e1vky souhlas\u00edte se <a href=\"https:\/\/skrivanek.cz\/cz\/zpracovani-ochrana-osobnich-udaju\/\" title=\"Z\u00e1sady zpracov\u00e1n\u00ed osobn\u00edch \u00fadaj\u016f\" target=\"_blank\">z\u00e1sadami zpracov\u00e1n\u00ed osobn\u00edch \u00fadaj\u016f<\/a>.<\/font><\/div><\/div><div id=\"wpforms-75265-field_32-container\" class=\"wpforms-field wpforms-field-hidden\" data-field-id=\"32\"><input type=\"hidden\" id=\"wpforms-75265-field_32\" name=\"wpforms[fields][32]\" value=\"[channel]\"><\/div><div id=\"wpforms-75265-field_33-container\" class=\"wpforms-field wpforms-field-hidden\" data-field-id=\"33\"><input type=\"hidden\" id=\"wpforms-75265-field_33\" name=\"wpforms[fields][33]\" value=\"[channeldrilldown1]\"><\/div><div id=\"wpforms-75265-field_34-container\" class=\"wpforms-field wpforms-field-hidden\" data-field-id=\"34\"><input type=\"hidden\" id=\"wpforms-75265-field_34\" name=\"wpforms[fields][34]\" value=\"[channeldrilldown2]\"><\/div><div id=\"wpforms-75265-field_35-container\" class=\"wpforms-field wpforms-field-hidden\" data-field-id=\"35\"><input type=\"hidden\" id=\"wpforms-75265-field_35\" name=\"wpforms[fields][35]\" value=\"[channeldrilldown3]\"><\/div><div id=\"wpforms-75265-field_36-container\" class=\"wpforms-field wpforms-field-hidden\" data-field-id=\"36\"><input type=\"hidden\" id=\"wpforms-75265-field_36\" name=\"wpforms[fields][36]\" value=\"[landingpage]\"><\/div><div id=\"wpforms-75265-field_37-container\" class=\"wpforms-field wpforms-field-hidden\" data-field-id=\"37\"><input type=\"hidden\" id=\"wpforms-75265-field_37\" name=\"wpforms[fields][37]\" value=\"[landingpagegroup]\"><\/div><script>\n\t\t\t\t( function() {\n\t\t\t\t\tconst style = document.createElement( 'style' );\n\t\t\t\t\tstyle.appendChild( document.createTextNode( '#wpforms-75265-field_4-container { position: absolute !important; overflow: hidden !important; display: inline !important; height: 1px !important; width: 1px !important; z-index: -1000 !important; padding: 0 !important; } #wpforms-75265-field_4-container input { visibility: hidden; } #wpforms-conversational-form-page #wpforms-75265-field_4-container label { counter-increment: none; }' ) );\n\t\t\t\t\tdocument.head.appendChild( style );\n\t\t\t\t\tdocument.currentScript?.remove();\n\t\t\t\t} )();\n\t\t\t<\/script><\/div><!-- .wpforms-field-container --><div class=\"wpforms-recaptcha-container wpforms-is-recaptcha wpforms-is-recaptcha-type-v3\" ><input type=\"hidden\" name=\"wpforms[recaptcha]\" value=\"\"><\/div><div class=\"wpforms-submit-container\" ><input type=\"hidden\" name=\"wpforms[id]\" value=\"75265\"><input type=\"hidden\" name=\"page_title\" value=\"\"><input type=\"hidden\" name=\"page_url\" value=\"https:\/\/skrivanek.cz\/cz\/wp-json\/wp\/v2\/pages\/72228\"><input type=\"hidden\" name=\"url_referer\" value=\"\"><button type=\"submit\" name=\"wpforms[submit]\" id=\"wpforms-submit-75265\" class=\"wpforms-submit\" data-alt-text=\"Odes\u00edl\u00e1n\u00ed...\" data-submit-text=\"Odeslat\" aria-live=\"assertive\" value=\"wpforms-submit\">Odeslat<\/button><img loading=\"lazy\" decoding=\"async\" src=\"https:\/\/skrivanek.cz\/wp-content\/plugins\/wpforms\/assets\/images\/submit-spin.svg\" class=\"wpforms-submit-spinner\" style=\"display: none;\" width=\"26\" height=\"26\" alt=\"Na\u010d\u00edt\u00e1n\u00ed\"><\/div><\/form><\/div>  <!-- .wpforms-container --><\/div><\/div><\/div><\/div><div id=\"pg-72228-2\"  class=\"panel-grid panel-has-style\" ><div class=\"siteorigin-panels-stretch panel-row-padding-none panel-row-style panel-row-style-for-72228-2\" data-stretch-type=\"full\" ><div id=\"pgc-72228-2-0\"  class=\"panel-grid-cell\" ><div id=\"panel-72228-2-0-0\" class=\"so-panel widget widget_wpa9-card-s panel-first-child panel-last-child\" data-index=\"3\" ><div\n\t\t\t\n\t\t\tclass=\"so-widget-wpa9-card-s so-widget-wpa9-card-s-default-c93e1481a745-72228\"\n\t\t\t\n\t\t><div class=\"wpa9-card wpa9-card-s wide negative\">\n\n\t<div class=\"wpa9-card-wrapper container\">\n\n\t\t<div class=\"wpa9-card-text\">\n\t\t\t<h2 class=\"wpa9-card-title\">AI voiceover pro kvalitn\u00ed video obsah<\/h2>\n\t\t\t<div class=\"wpa9-card-content\"><p style=\"text-align: center\">Vyu\u017eijte AI voiceover pro rychlou a&nbsp;profesion\u00e1ln\u00ed lokalizaci vide\u00ed, \u0161kolen\u00ed i&nbsp;marketingov\u00fdch materi\u00e1l\u016f. Sd\u011blte n\u00e1m parametry projektu a&nbsp;p\u0159iprav\u00edme konkr\u00e9tn\u00ed n\u00e1vrh \u0159e\u0161en\u00ed.<\/p>\n<\/div>\t\t<\/div>\n\n\t\t\t\t<div class=\"meta meta-buttons d-flex flex-row justify-content-center\">\n\t\t\t\t\t\t\t<a class=\"btn btn-negative \" href=\"https:\/\/skrivanek.cz\/cz\/poptavka-ai\/\" title=\"Nez\u00e1vazn\u011b poptat AI voiceover\">Nez\u00e1vazn\u011b poptat AI voiceover<\/a>\n\t\t\t\t<\/div>\n\t\t\n\t<\/div>\n\n<\/div>\n<\/div><\/div><\/div><\/div><\/div><\/div>","protected":false},"excerpt":{"rendered":"<p>Tvorba TTS v\u00fdstup\u016f s&nbsp;lidsk\u00fdm n\u00e1dechem Um\u011bn\u00ed dokonalosti Na\u0161i jazykov\u00ed specialist\u00e9 a\u00a0odborn\u00edci na mluven\u00e9 slovo hraj\u00ed kl\u00ed\u010dovou roli p\u0159i\u00a0p\u0159em\u011bn\u011b TTS v\u00fdstup\u016f tak, aby v\u011brn\u011b napodobovaly lidskou \u0159e\u010d. D\u00edky jejich hlubok\u00e9mu porozum\u011bn\u00ed textu dok\u00e1\u017e\u00ed aplikovat emocion\u00e1ln\u00ed d\u016frazy tam, kde je to pot\u0159eba, nebo prodlou\u017eit pauzy pro dramatick\u00fd efekt. Opravuj\u00ed \u0161patnou v\u00fdslovnost, \u0159e\u0161\u00ed probl\u00e9my s\u00a0akcentem a\u00a0dokonce upravuj\u00ed zvuky [&hellip;]<\/p>\n","protected":false},"author":9,"featured_media":0,"parent":71988,"menu_order":0,"comment_status":"closed","ping_status":"closed","template":"","meta":{"_acf_changed":false,"footnotes":""},"class_list":["post-72228","page","type-page","status-publish","hentry"],"acf":[],"aioseo_notices":[],"_links":{"self":[{"href":"https:\/\/skrivanek.cz\/cz\/wp-json\/wp\/v2\/pages\/72228","targetHints":{"allow":["GET"]}}],"collection":[{"href":"https:\/\/skrivanek.cz\/cz\/wp-json\/wp\/v2\/pages"}],"about":[{"href":"https:\/\/skrivanek.cz\/cz\/wp-json\/wp\/v2\/types\/page"}],"author":[{"embeddable":true,"href":"https:\/\/skrivanek.cz\/cz\/wp-json\/wp\/v2\/users\/9"}],"replies":[{"embeddable":true,"href":"https:\/\/skrivanek.cz\/cz\/wp-json\/wp\/v2\/comments?post=72228"}],"version-history":[{"count":4,"href":"https:\/\/skrivanek.cz\/cz\/wp-json\/wp\/v2\/pages\/72228\/revisions"}],"predecessor-version":[{"id":80126,"href":"https:\/\/skrivanek.cz\/cz\/wp-json\/wp\/v2\/pages\/72228\/revisions\/80126"}],"up":[{"embeddable":true,"href":"https:\/\/skrivanek.cz\/cz\/wp-json\/wp\/v2\/pages\/71988"}],"wp:attachment":[{"href":"https:\/\/skrivanek.cz\/cz\/wp-json\/wp\/v2\/media?parent=72228"}],"curies":[{"name":"wp","href":"https:\/\/api.w.org\/{rel}","templated":true}]}}