{"id":72242,"date":"2024-09-24T16:04:59","date_gmt":"2024-09-24T14:04:59","guid":{"rendered":"https:\/\/skrivanek.cz\/?page_id=72242"},"modified":"2026-03-24T09:24:27","modified_gmt":"2026-03-24T08:24:27","slug":"tvorba-video-scenaru","status":"publish","type":"page","link":"https:\/\/skrivanek.cz\/cz\/ai\/tvorba-video-scenaru\/","title":{"rendered":"Tvorba video sc\u00e9n\u00e1\u0159\u016f"},"content":{"rendered":"<div id=\"pl-72242\"  class=\"panel-layout\" ><div id=\"pg-72242-0\"  class=\"panel-grid panel-has-style\"  style=\"margin-bottom: 0px\" ><div class=\"siteorigin-panels-stretch panel-row-padding-none panel-row-style panel-row-style-for-72242-0\" data-stretch-type=\"full\" ><div id=\"pgc-72242-0-0\"  class=\"panel-grid-cell\" ><div id=\"panel-72242-0-0-0\" class=\"so-panel widget widget_wpa9-card-l panel-first-child panel-last-child\" data-index=\"0\" ><div\n\t\t\t\n\t\t\tclass=\"so-widget-wpa9-card-l so-widget-wpa9-card-l-default-c93e1481a745-72242\"\n\t\t\t\n\t\t>\n\n<div class=\"wpa9-card wpa9-card-l-container d-flex flex-wrap wpa9-columns-2\">\n\n\t\n\t\t\n\t<div class=\"wpa9-card-l-panel wpa9-panel shadow rounded d-flex flex-column justify-content-between\">\n\n\t\t<div>\n\t\t\t\t\t\t\t<span class=\"wpa9-panel-icon icon\" style=\"display: none; background-image: url('https:\/\/skrivanek.cz\/wp-content\/uploads\/2024\/09\/ai-icon-05.png')\"><\/span>\n\t\t\t<span class=\"wpa9-panel-icon icon\" style=\"mask-image: url(https:\/\/skrivanek.cz\/wp-content\/uploads\/2024\/09\/ai-icon-05.png); -webkit-mask-image: url(https:\/\/skrivanek.cz\/wp-content\/uploads\/2024\/09\/ai-icon-05.png);\"><\/span>\n\t\t\n\t\t\t\t\t\t\t\t<h2 class=\"wpa9-panel-title\">Tvorba p\u0159izp\u016fsoben\u00fdch p\u0159\u00edb\u011bh\u016f s&nbsp;p\u0159esnost\u00ed<\/h2>\n\t\t\n\t\t\t\t\t\t\t<div class=\"wpa9-panel-content\"><h5><strong>Na m\u00edru va\u0161\u00ed kreativn\u00ed vizi<\/strong><\/h5>\n<p>Na\u0161e slu\u017eba psan\u00ed sc\u00e9n\u00e1\u0159\u016f poh\u00e1n\u011bn\u00e1 AI je navr\u017eena tak, aby byla flexibiln\u00ed a\u00a0splnila \u0161irokou \u0161k\u00e1lu kreativn\u00edch po\u017eadavk\u016f. A\u0165 u\u017e chcete vytvo\u0159it sci-fi s\u00e1gu, komedi\u00e1ln\u00ed ske\u010de nebo instrukt\u00e1\u017en\u00ed obsah pro technick\u00e9 manu\u00e1ly, Sk\u0159iv\u00e1nek AI dok\u00e1\u017ee prom\u011bnit va\u0161e n\u00e1pady v\u00a0poutav\u00e9 p\u0159\u00edb\u011bhy. Parametry, jako jsou \u017e\u00e1nr, d\u00e9lka, styl psan\u00ed a\u00a0dal\u0161\u00ed specifick\u00e9 po\u017eadavky, jsou pe\u010dliv\u011b zohledn\u011bny, aby v\u00fdsledn\u00fd obsah odpov\u00eddal va\u0161im c\u00edl\u016fm a\u00a0zaujal va\u0161i c\u00edlovou skupinu.<\/p>\n<\/div>\n\t\t\t\t<\/div>\n\n\t\t\n\t<\/div>\n\n\t\t\n\t<div class=\"wpa9-card-l-panel wpa9-panel shadow rounded d-flex flex-column justify-content-between\">\n\n\t\t<div>\n\t\t\t\t\t\t\t<span class=\"wpa9-panel-icon icon\" style=\"display: none; background-image: url('https:\/\/skrivanek.cz\/wp-content\/uploads\/2024\/09\/ai-icon-04.png')\"><\/span>\n\t\t\t<span class=\"wpa9-panel-icon icon\" style=\"mask-image: url(https:\/\/skrivanek.cz\/wp-content\/uploads\/2024\/09\/ai-icon-04.png); -webkit-mask-image: url(https:\/\/skrivanek.cz\/wp-content\/uploads\/2024\/09\/ai-icon-04.png);\"><\/span>\n\t\t\n\t\t\t\t\t\t\t\t<h2 class=\"wpa9-panel-title\">Pozvedn\u011bte sv\u016fj video obsah<\/h2>\n\t\t\n\t\t\t\t\t\t\t<div class=\"wpa9-panel-content\"><p>V dne\u0161n\u00edm konkuren\u010dn\u00edm digit\u00e1ln\u00edm prost\u0159ed\u00ed je vynikaj\u00edc\u00ed video obsah d\u016fle\u017eit\u011bj\u0161\u00ed ne\u017e kdy jindy. D\u00edky slu\u017eb\u011b tvorby video sc\u00e9n\u00e1\u0159\u016f od Sk\u0159iv\u00e1nek AI m\u00e1te mo\u017enost pozvednout sv\u016fj obsah, zaujmout publikum a\u00a0p\u0159edat sv\u00e9 sd\u011blen\u00ed prost\u0159ednictv\u00edm siln\u00e9ho p\u0159\u00edb\u011bhu. Pom\u016f\u017eeme v\u00e1m prom\u011bnit va\u0161i kreativn\u00ed vizi ve skute\u010dnost prost\u0159ednictv\u00edm sc\u00e9n\u00e1\u0159\u016f, kter\u00e9 zaujmou, informuj\u00ed a\u00a0bav\u00ed.<\/p>\n<p>A\u0165 u\u017e je va\u0161\u00edm c\u00edlem bavit, informovat nebo vzd\u011bl\u00e1vat, slu\u017eba tvorby video sc\u00e9n\u00e1\u0159\u016f od Sk\u0159iv\u00e1nek AI je va\u0161\u00ed cestou k\u00a0produkci video obsahu, kter\u00fd m\u00e1 dopad. Vyu\u017eijte s\u00edlu AI, abyste p\u0159ivedli sv\u00e9 p\u0159\u00edb\u011bhy k\u00a0\u017eivotu a\u00a0nav\u00e1zali smyslupln\u00e9 spojen\u00ed se sv\u00fdm publikem.<\/p>\n<\/div>\n\t\t\t\t<\/div>\n\n\t\t\n\t<\/div>\n\n\t\t\n\t\n<\/div>\n<\/div><\/div><\/div><\/div><\/div><div id=\"pg-72242-1\"  class=\"panel-grid panel-has-style\"  style=\"margin-bottom: 0px\" ><div class=\"siteorigin-panels-stretch panel-row-padding-none panel-row-style panel-row-style-for-72242-1\" data-stretch-type=\"full\" ><div id=\"pgc-72242-1-0\"  class=\"panel-grid-cell\" ><div id=\"panel-72242-1-0-0\" class=\"so-panel widget widget_wpa9-editor-ext panel-first-child panel-last-child\" data-index=\"1\" ><div\n\t\t\t\n\t\t\tclass=\"so-widget-wpa9-editor-ext so-widget-wpa9-editor-ext-default-c93e1481a745-72242\"\n\t\t\t\n\t\t>\n<div class=\"siteorigin-widget-tinymce textwidget\">\n\t<h3>Pro\u010d si vybrat Sk\u0159iv\u00e1nek AI pro tvorbu video sc\u00e9n\u00e1\u0159\u016f?<\/h3>\n<p>Na\u0161e slu\u017eby kombinuj\u00ed efektivitu a&nbsp;\u0161k\u00e1lovatelnost AI s&nbsp;kreativn\u00edmi post\u0159ehy zku\u0161en\u00fdch tv\u016frc\u016f obsahu. Vyberte si partnera, kter\u00fd rozum\u00ed s\u00edle vypr\u00e1v\u011bn\u00ed p\u0159\u00edb\u011bh\u016f a&nbsp;potenci\u00e1lu AI pro zlep\u0161en\u00ed kreativn\u00edch proces\u016f.<\/p>\n<p>Na\u0161e slu\u017eba nab\u00edz\u00ed:<\/p>\n<ul>\n<li><strong>p\u0159izp\u016fsoben\u00ed:<\/strong> sc\u00e9n\u00e1\u0159e, kter\u00e9 jsou \u0161it\u00e9 na m\u00edru va\u0161im specifick\u00fdm po\u017eadavk\u016fm na \u017e\u00e1nr, styl a&nbsp;obsah,<\/li>\n<li><strong>efektivitu:<\/strong> rychl\u00e9 dodac\u00ed lh\u016fty bez kompromis\u016f v&nbsp;kvalit\u011b nebo hloubce p\u0159\u00edb\u011bhu,<\/li>\n<li><strong>inovaci:<\/strong> p\u0159\u00edstup k&nbsp;nejmodern\u011bj\u0161\u00ed AI technologii pro psan\u00ed sc\u00e9n\u00e1\u0159\u016f, co\u017e zaji\u0161\u0165uje, \u017ee v\u00e1\u0161 obsah bude sv\u011b\u017e\u00ed a&nbsp;poutav\u00fd,<\/li>\n<li><strong>odbornost:<\/strong> podporu t\u00fdmu, kter\u00fd rozum\u00ed nuanc\u00edm efektivn\u00edho vypr\u00e1v\u011bn\u00ed p\u0159\u00edb\u011bh\u016f pro video obsah.<\/li>\n<\/ul>\n<h1>96%<\/h1>\n<p><em>efektivita<\/em><\/p>\n<p>Dos\u00e1hn\u011bte 96% efektivity se slu\u017ebou tvorby video sc\u00e9n\u00e1\u0159\u016f od Sk\u0159iv\u00e1nek AI. Na\u0161e AI technologie zefektiv\u0148uje proces psan\u00ed sc\u00e9n\u00e1\u0159\u016f a&nbsp;zaji\u0161\u0165uje rychl\u00e9 dodac\u00ed lh\u016fty bez kompromis\u016f v&nbsp;kvalit\u011b. Vyu\u017eit\u00edm inovativn\u00edch AI algoritm\u016f dod\u00e1v\u00e1me sc\u00e9n\u00e1\u0159e na m\u00edru va\u0161im specifick\u00fdm po\u017eadavk\u016fm na \u017e\u00e1nr, styl a&nbsp;obsah. D\u00edky na\u0161\u00ed odbornosti v&nbsp;oblasti efektivn\u00edho vypr\u00e1v\u011bn\u00ed p\u0159\u00edb\u011bh\u016f garantujeme sc\u00e9n\u00e1\u0159e, kter\u00e9 zaujmou, informuj\u00ed a&nbsp;pobav\u00ed va\u0161e publikum, \u010d\u00edm\u017e v\u00e1\u0161 video obsah povy\u0161ujeme na novou \u00farove\u0148 \u00fasp\u011bchu.<\/p>\n<\/div>\n<\/div><\/div><\/div><div id=\"pgc-72242-1-1\"  class=\"panel-grid-cell\" ><div id=\"panel-72242-1-1-0\" class=\"so-panel widget widget_wpforms-widget wpforms-widget panel-first-child panel-last-child\" data-index=\"2\" ><h3 class=\"widget-title\">Nez\u00e1vazn\u00e1 nab\u00eddka pro v\u00e1\u0161 projekt<\/h3>\r\n<style type=\"text\/css\">\r\n\r\n\r\n\r\nbody #wpforms-75265 {\r\n\t\t\r\n\t\t\tfont-family:inherit;}\r\n\r\n\t\r\n\r\n\tbody #wpforms-75265 .wpforms-head-container {\r\n\t\tborder-width: 0px;}\r\n\r\n\tbody #wpforms-75265 .wpforms-head-container .wpforms-title {\r\n\t\t}\r\n\r\n\tbody #wpforms-75265 .wpforms-head-container .wpforms-description {\r\n\t\t\t\tdisplay:block;\r\n\t}\r\n\r\n\r\n\tbody #wpforms-75265 .wpforms-submit-container .wpforms-submit, body #wpforms-75265 .wpforms-field-pagebreak button.wpforms-page-button {\r\n\t\tcolor:#ffffff ;background-color:#ff643b ;border-width:0px ;border-style:solid ;border-radius:10px ;-web-border-radius:10px ;-moz-border-radius:10px ;\t\t\t}\r\n\r\n\tbody #wpforms-75265 .wpforms-submit-container .wpforms-submit:hover, body #wpforms-75265 .wpforms-field-pagebreak button.wpforms-page-button:hover {\r\n\tbackground-color:;\tcolor:;\t}\r\n\r\n\tbody #wpforms-75265 .wpforms-submit-container,\r\n\tbody #wpforms-75265 .wpforms-field-pagebreak .wpforms-pagebreak-left{\r\n\t\t}\r\n\r\n\r\n\tbody #wpforms-75265 .wpforms-form .wpforms-field input[type=text],\r\n\tbody #wpforms-75265 .wpforms-form .wpforms-field input[type=email],\r\n\tbody #wpforms-75265 .wpforms-form .wpforms-field input[type=tel],\r\n\tbody #wpforms-75265 .wpforms-form .wpforms-field input[type=url],\r\n\tbody #wpforms-75265 .wpforms-form .wpforms-field input[type=password],\r\n\tbody #wpforms-75265 .wpforms-form .wpforms-field input[type=number]\r\n\t{\r\n\t\tborder-width:1px ;border-style:solid ;\t\t\t}\r\n\r\n\tbody #wpforms-75265 .wpforms-form .wpforms-field .wpforms-field-row\r\n\t{\r\n\t\t\t}\r\n\r\n\tbody #wpforms-75265 .wpforms-form .wpforms-field-layout.wpforms-field input[type=text],\r\n\tbody #wpforms-75265 .wpforms-form .wpforms-field-layout.wpforms-field input[type=email],\r\n\tbody #wpforms-75265 .wpforms-form .wpforms-field-layout.wpforms-field input[type=tel],\r\n\tbody #wpforms-75265 .wpforms-form .wpforms-field-layout.wpforms-field input[type=url],\r\n\tbody #wpforms-75265 .wpforms-form .wpforms-field-layout.wpforms-field input[type=password],\r\n\tbody #wpforms-75265 .wpforms-form .wpforms-field-layout.wpforms-field input[type=number]{\r\n\t\twidth: 100%;\r\n\t}\r\n\r\n\tbody #wpforms-75265 .wpforms-form .wpforms-field .wpforms-field-row input[type=text]{\r\n\t\twidth: 100%;\r\n\t}\r\n\r\n\r\n\r\n\t#wpforms-75265 .wpforms-form .wpforms-field-layout-rows,\r\n\t#wpforms-75265 .wpforms-form .wpforms-field-layout-columns{\r\n\t\t\t}\r\n\r\n\r\n\r\n\tbody #wpforms-75265 .wpforms-form .wpforms-field textarea {\r\n\t\t\t\t\tborder-width: 1px;\t}\r\n\r\n \r\n\r\n\tbody #wpforms-75265 .wpforms-form .wpforms-field select {\r\n\r\n\t\t\r\n\t\tborder-width: 1px;\t}\r\n\r\n\t\/* dropdown styles on modern background *\/\r\n\tbody #wpforms-75265 .wpforms-form .wpforms-field-select-style-modern .choices__inner{\r\n\t\t\t\t\r\n\t}\r\n\r\n\t\/* background color on modern dropdown *\/\r\n\t\r\n \r\n\tbody #wpforms-75265 .wpforms-form .wpforms-field-radio li label,\r\n\tbody #wpforms-75265 .wpforms-form .wpforms-field-payment-multiple li label {\r\n\t\t\t}\r\n \r\n\tbody #wpforms-75265 .wpforms-form .wpforms-field-checkbox li label {\r\n\t\t\t}\r\n \r\n\tbody #wpforms-75265 .wpforms-form .wpforms-field .wpforms-field-description {\r\n\r\n\t\t\t}\r\n\r\n \r\n\tbody #wpforms-75265 .wpforms-form .wpforms-field label.wpforms-field-label,\r\n\tbody #wpforms-75265 .wpforms-form .wpforms-field .wpforms-field-label {\r\n\t\tfont-weight: bold;\t}\r\n\r\n\r\n \r\n\tbody #wpforms-confirmation-75265  {\r\n\r\n\t\t\t\tborder-width: 1px;\t}\r\n\r\n\tbody #wpforms-confirmation-75265 p{\r\n\t\ttext-transform: uppercase;\r\n\t\ttext-decoration: underline;\r\n\t\tcolor: inherit;\r\n\t}\r\n\r\n \r\n\tbody #wpforms-75265 label.wpforms-error,\r\n\tbody #wpforms-75265 .wpforms-error[role=\"alert\"] {\r\n\t\t\r\n\t\t\t\tborder-width: 1px;\t}\r\n\/* Styling for Tablets *\/\r\n@media only screen and (max-width: 800px) and (min-width:481px) {\r\n\t\r\n\r\n\r\n\r\n}\r\n\r\n@media only screen and (max-width: 480px){\r\n\t\r\n\r\n\r\n\r\n}\r\n\/*Option to add custom CSS *\/\r\n\r\n\r\n\r\n\t\t<\/style>\r\n\t\t<div class=\"wpforms-container wpforms-container-full wpforms-render-modern\" id=\"wpforms-75265\"><form id=\"wpforms-form-75265\" class=\"wpforms-validate wpforms-form wpforms-ajax-form\" data-formid=\"75265\" method=\"post\" enctype=\"multipart\/form-data\" action=\"\/cz\/wp-json\/wp\/v2\/pages\/72242\" data-token=\"b82eace00acd04c678bcb066a0bf7862\" data-token-time=\"1777350858\"><noscript class=\"wpforms-error-noscript\">Chcete-li vyplnit tento formul\u00e1\u0159, pros\u00edm povolte v&nbsp;prohl\u00ed\u017ee\u010di JavaScript.<\/noscript><div id=\"wpforms-error-noscript\" style=\"display: none;\">Chcete-li vyplnit tento formul\u00e1\u0159, pros\u00edm povolte v&nbsp;prohl\u00ed\u017ee\u010di JavaScript.<\/div><div class=\"wpforms-field-container\"><div id=\"wpforms-75265-field_15-container\" class=\"wpforms-field wpforms-field-layout\" data-field-id=\"15\"><div class=\"wpforms-field-layout-rows wpforms-field-large\"><div class=\"wpforms-layout-row\"><div class=\"wpforms-layout-column wpforms-layout-column-50\"><div id=\"wpforms-75265-field_1-container\" class=\"wpforms-field wpforms-field-name\" data-field-id=\"1\"><label class=\"wpforms-field-label\" for=\"wpforms-75265-field_1\">Va\u0161e jm\u00e9no <span class=\"wpforms-required-label\" aria-hidden=\"true\">*<\/span><\/label><input type=\"text\" id=\"wpforms-75265-field_1\" class=\"wpforms-field-medium wpforms-field-required\" name=\"wpforms[fields][1]\" aria-errormessage=\"wpforms-75265-field_1-error\" required><\/div><\/div><div class=\"wpforms-layout-column wpforms-layout-column-50\"><div id=\"wpforms-75265-field_31-container\" class=\"wpforms-field wpforms-field-text\" data-field-id=\"31\"><label class=\"wpforms-field-label\" for=\"wpforms-75265-field_31\">N\u00e1zev spole\u010dnosti<\/label><input type=\"text\" id=\"wpforms-75265-field_31\" class=\"wpforms-field-medium\" name=\"wpforms[fields][31]\" aria-errormessage=\"wpforms-75265-field_31-error\" ><\/div><\/div><\/div><div class=\"wpforms-layout-row\"><div class=\"wpforms-layout-column wpforms-layout-column-50\"><div id=\"wpforms-75265-field_2-container\" class=\"wpforms-field wpforms-field-email\" data-field-id=\"2\"><label class=\"wpforms-field-label\" for=\"wpforms-75265-field_2\">Email <span class=\"wpforms-required-label\" aria-hidden=\"true\">*<\/span><\/label><input type=\"email\" id=\"wpforms-75265-field_2\" class=\"wpforms-field-medium wpforms-field-required\" name=\"wpforms[fields][2]\" spellcheck=\"false\" aria-errormessage=\"wpforms-75265-field_2-error\" required><\/div><\/div><div class=\"wpforms-layout-column wpforms-layout-column-50\"><div id=\"wpforms-75265-field_3-container\" class=\"wpforms-field wpforms-field-phone\" data-field-id=\"3\"><label class=\"wpforms-field-label\" for=\"wpforms-75265-field_3\">Telefon<\/label><input type=\"tel\" id=\"wpforms-75265-field_3\" class=\"wpforms-field-medium wpforms-smart-phone-field\" data-rule-smart-phone-field=\"true\" name=\"wpforms[fields][3]\" aria-label=\"Telefon\" aria-errormessage=\"wpforms-75265-field_3-error\" ><\/div><\/div><\/div><\/div><\/div><div id=\"wpforms-75265-field_7-container\" class=\"wpforms-field wpforms-field-textarea\" data-field-id=\"7\"><label class=\"wpforms-field-label\" for=\"wpforms-75265-field_7\">Dejte n\u00e1m v\u011bd\u011bt, jak\u00e9 slu\u017eby nebo \u0159e\u0161en\u00ed pot\u0159ebujete.<\/label><textarea id=\"wpforms-75265-field_7\" class=\"wpforms-field-medium\" name=\"wpforms[fields][7]\" aria-errormessage=\"wpforms-75265-field_7-error\" aria-describedby=\"wpforms-75265-field_7-description\" ><\/textarea><div id=\"wpforms-75265-field_7-description\" class=\"wpforms-field-description\">P\u0159iprav\u00edme pro v\u00e1s <strong>nez\u00e1vaznou nab\u00eddku na m\u00edru<\/strong>, kter\u00e1 p\u0159esn\u011b odpov\u00edd\u00e1 va\u0161im po\u017eadavk\u016fm a&nbsp;pom\u016f\u017ee v\u00e1m dos\u00e1hnout va\u0161ich c\u00edl\u016f. M\u00e1te dotazy ohledn\u011b AI nebo dal\u0161\u00edch na\u0161ich slu\u017eeb? R\u00e1di v\u00e1m je zodpov\u00edme. Jsme tu pro v\u00e1s.<\/div><\/div><div id=\"wpforms-75265-field_16-container\" class=\"wpforms-field wpforms-field-html\" data-field-id=\"16\"><div id=\"wpforms-75265-field_16\" aria-errormessage=\"wpforms-75265-field_16-error\"><font size=\"2\">Odesl\u00e1n\u00edm popt\u00e1vky souhlas\u00edte se <a href=\"https:\/\/skrivanek.cz\/cz\/zpracovani-ochrana-osobnich-udaju\/\" title=\"Z\u00e1sady zpracov\u00e1n\u00ed osobn\u00edch \u00fadaj\u016f\" target=\"_blank\">z\u00e1sadami zpracov\u00e1n\u00ed osobn\u00edch \u00fadaj\u016f<\/a>.<\/font><\/div><\/div><div id=\"wpforms-75265-field_32-container\" class=\"wpforms-field wpforms-field-hidden\" data-field-id=\"32\"><input type=\"hidden\" id=\"wpforms-75265-field_32\" name=\"wpforms[fields][32]\" value=\"[channel]\"><\/div>\t\t<div id=\"wpforms-75265-field_4-container\"\n\t\t\tclass=\"wpforms-field wpforms-field-text\"\n\t\t\tdata-field-type=\"text\"\n\t\t\tdata-field-id=\"4\"\n\t\t\t>\n\t\t\t<label class=\"wpforms-field-label\" for=\"wpforms-75265-field_4\" >Email slu\u017eby Group<\/label>\n\t\t\t<input type=\"text\" id=\"wpforms-75265-field_4\" class=\"wpforms-field-medium\" name=\"wpforms[fields][4]\" >\n\t\t<\/div>\n\t\t<div id=\"wpforms-75265-field_33-container\" class=\"wpforms-field wpforms-field-hidden\" data-field-id=\"33\"><input type=\"hidden\" id=\"wpforms-75265-field_33\" name=\"wpforms[fields][33]\" value=\"[channeldrilldown1]\"><\/div><div id=\"wpforms-75265-field_34-container\" class=\"wpforms-field wpforms-field-hidden\" data-field-id=\"34\"><input type=\"hidden\" id=\"wpforms-75265-field_34\" name=\"wpforms[fields][34]\" value=\"[channeldrilldown2]\"><\/div><div id=\"wpforms-75265-field_35-container\" class=\"wpforms-field wpforms-field-hidden\" data-field-id=\"35\"><input type=\"hidden\" id=\"wpforms-75265-field_35\" name=\"wpforms[fields][35]\" value=\"[channeldrilldown3]\"><\/div><div id=\"wpforms-75265-field_36-container\" class=\"wpforms-field wpforms-field-hidden\" data-field-id=\"36\"><input type=\"hidden\" id=\"wpforms-75265-field_36\" name=\"wpforms[fields][36]\" value=\"[landingpage]\"><\/div><div id=\"wpforms-75265-field_37-container\" class=\"wpforms-field wpforms-field-hidden\" data-field-id=\"37\"><input type=\"hidden\" id=\"wpforms-75265-field_37\" name=\"wpforms[fields][37]\" value=\"[landingpagegroup]\"><\/div><script>\n\t\t\t\t( function() {\n\t\t\t\t\tconst style = document.createElement( 'style' );\n\t\t\t\t\tstyle.appendChild( document.createTextNode( '#wpforms-75265-field_4-container { position: absolute !important; overflow: hidden !important; display: inline !important; height: 1px !important; width: 1px !important; z-index: -1000 !important; padding: 0 !important; } #wpforms-75265-field_4-container input { visibility: hidden; } #wpforms-conversational-form-page #wpforms-75265-field_4-container label { counter-increment: none; }' ) );\n\t\t\t\t\tdocument.head.appendChild( style );\n\t\t\t\t\tdocument.currentScript?.remove();\n\t\t\t\t} )();\n\t\t\t<\/script><\/div><!-- .wpforms-field-container --><div class=\"wpforms-recaptcha-container wpforms-is-recaptcha wpforms-is-recaptcha-type-v3\" ><input type=\"hidden\" name=\"wpforms[recaptcha]\" value=\"\"><\/div><div class=\"wpforms-submit-container\" ><input type=\"hidden\" name=\"wpforms[id]\" value=\"75265\"><input type=\"hidden\" name=\"page_title\" value=\"\"><input type=\"hidden\" name=\"page_url\" value=\"https:\/\/skrivanek.cz\/cz\/wp-json\/wp\/v2\/pages\/72242\"><input type=\"hidden\" name=\"url_referer\" value=\"\"><button type=\"submit\" name=\"wpforms[submit]\" id=\"wpforms-submit-75265\" class=\"wpforms-submit\" data-alt-text=\"Odes\u00edl\u00e1n\u00ed...\" data-submit-text=\"Odeslat\" aria-live=\"assertive\" value=\"wpforms-submit\">Odeslat<\/button><img loading=\"lazy\" decoding=\"async\" src=\"https:\/\/skrivanek.cz\/wp-content\/plugins\/wpforms\/assets\/images\/submit-spin.svg\" class=\"wpforms-submit-spinner\" style=\"display: none;\" width=\"26\" height=\"26\" alt=\"Na\u010d\u00edt\u00e1n\u00ed\"><\/div><\/form><\/div>  <!-- .wpforms-container --><\/div><\/div><\/div><\/div><div id=\"pg-72242-2\"  class=\"panel-grid panel-no-style\"  style=\"margin-bottom: 0px\" ><div id=\"pgc-72242-2-0\"  class=\"panel-grid-cell\" ><div id=\"panel-72242-2-0-0\" class=\"so-panel widget widget_wpa9-editor-ext panel-first-child panel-last-child\" data-index=\"3\" ><div\n\t\t\t\n\t\t\tclass=\"so-widget-wpa9-editor-ext so-widget-wpa9-editor-ext-default-c93e1481a745-72242\"\n\t\t\t\n\t\t>\n<div class=\"siteorigin-widget-tinymce textwidget\">\n\t<h2>Efektivn\u00ed proces tvorby sc\u00e9n\u00e1\u0159\u016f<\/h2>\n<p>Cel\u00fd proces za\u010d\u00edn\u00e1 podrobnou konzultac\u00ed, abychom porozum\u011bli va\u0161\u00ed vizi a&nbsp;po\u017eadavk\u016fm. Jakmile m\u00e1me jasnou p\u0159edstavu o&nbsp;va\u0161ich pot\u0159eb\u00e1ch, na\u0161e AI technologie, \u0159\u00edzen\u00e1 t\u00fdmem odborn\u00edk\u016f na obsah, za\u010d\u00edn\u00e1 pracovat. AI analyzuje obrovsk\u00e9 mno\u017estv\u00ed dat a&nbsp;vyu\u017e\u00edv\u00e1 sofistikovan\u00e9 algoritmy k&nbsp;vytvo\u0159en\u00ed sc\u00e9n\u00e1\u0159e, kter\u00fd nejen\u017ee spl\u0148uje va\u0161e zadan\u00e9 parametry, ale tak\u00e9 zahrnuje nejlep\u0161\u00ed postupy pro zapojen\u00ed publika a&nbsp;vypr\u00e1v\u011bn\u00ed p\u0159\u00edb\u011bh\u016f.<\/p>\n<\/div>\n<\/div><\/div><\/div><\/div><div id=\"pg-72242-3\"  class=\"panel-grid panel-has-style\" ><div class=\"siteorigin-panels-stretch panel-row-padding-none panel-row-style panel-row-style-for-72242-3\" data-stretch-type=\"full\" ><div id=\"pgc-72242-3-0\"  class=\"panel-grid-cell\" ><div id=\"panel-72242-3-0-0\" class=\"so-panel widget widget_wpa9-card-s panel-first-child panel-last-child\" data-index=\"4\" ><div\n\t\t\t\n\t\t\tclass=\"so-widget-wpa9-card-s so-widget-wpa9-card-s-default-c93e1481a745-72242\"\n\t\t\t\n\t\t><div class=\"wpa9-card wpa9-card-s wide negative\">\n\n\t<div class=\"wpa9-card-wrapper container\">\n\n\t\t<div class=\"wpa9-card-text\">\n\t\t\t<h2 class=\"wpa9-card-title\">Vytv\u00e1\u0159ejte strhuj\u00edc\u00ed p\u0159\u00edb\u011bhy<\/h2>\n\t\t\t<div class=\"wpa9-card-content\"><p style=\"text-align: center\">Perfektn\u011b p\u0159izp\u016fsoben\u00e9 sc\u00e9n\u00e1\u0159e, efektivn\u011b vytvo\u0159en\u00e9 tak, aby uchv\u00e1tily p\u0159edstavivost va\u0161eho publika.<\/p>\n<\/div>\t\t<\/div>\n\n\t\t\t\t<div class=\"meta meta-buttons d-flex flex-row justify-content-center\">\n\t\t\t\t\t\t\t<a class=\"btn btn-negative \" href=\"https:\/\/skrivanek.cz\/cz\/poptavka-ai\/\" title=\"To m\u011b zaj\u00edm\u00e1!\">To m\u011b zaj\u00edm\u00e1!<\/a>\n\t\t\t\t<\/div>\n\t\t\n\t<\/div>\n\n<\/div>\n<\/div><\/div><\/div><\/div><\/div><\/div>","protected":false},"excerpt":{"rendered":"<p>Tvorba p\u0159izp\u016fsoben\u00fdch p\u0159\u00edb\u011bh\u016f s&nbsp;p\u0159esnost\u00ed Na m\u00edru va\u0161\u00ed kreativn\u00ed vizi Na\u0161e slu\u017eba psan\u00ed sc\u00e9n\u00e1\u0159\u016f poh\u00e1n\u011bn\u00e1 AI je navr\u017eena tak, aby byla flexibiln\u00ed a\u00a0splnila \u0161irokou \u0161k\u00e1lu kreativn\u00edch po\u017eadavk\u016f. A\u0165 u\u017e chcete vytvo\u0159it sci-fi s\u00e1gu, komedi\u00e1ln\u00ed ske\u010de nebo instrukt\u00e1\u017en\u00ed obsah pro technick\u00e9 manu\u00e1ly, Sk\u0159iv\u00e1nek AI dok\u00e1\u017ee prom\u011bnit va\u0161e n\u00e1pady v\u00a0poutav\u00e9 p\u0159\u00edb\u011bhy. Parametry, jako jsou \u017e\u00e1nr, d\u00e9lka, styl psan\u00ed [&hellip;]<\/p>\n","protected":false},"author":9,"featured_media":0,"parent":71988,"menu_order":0,"comment_status":"closed","ping_status":"closed","template":"","meta":{"_acf_changed":false,"footnotes":""},"class_list":["post-72242","page","type-page","status-publish","hentry"],"acf":[],"aioseo_notices":[],"_links":{"self":[{"href":"https:\/\/skrivanek.cz\/cz\/wp-json\/wp\/v2\/pages\/72242","targetHints":{"allow":["GET"]}}],"collection":[{"href":"https:\/\/skrivanek.cz\/cz\/wp-json\/wp\/v2\/pages"}],"about":[{"href":"https:\/\/skrivanek.cz\/cz\/wp-json\/wp\/v2\/types\/page"}],"author":[{"embeddable":true,"href":"https:\/\/skrivanek.cz\/cz\/wp-json\/wp\/v2\/users\/9"}],"replies":[{"embeddable":true,"href":"https:\/\/skrivanek.cz\/cz\/wp-json\/wp\/v2\/comments?post=72242"}],"version-history":[{"count":5,"href":"https:\/\/skrivanek.cz\/cz\/wp-json\/wp\/v2\/pages\/72242\/revisions"}],"predecessor-version":[{"id":80147,"href":"https:\/\/skrivanek.cz\/cz\/wp-json\/wp\/v2\/pages\/72242\/revisions\/80147"}],"up":[{"embeddable":true,"href":"https:\/\/skrivanek.cz\/cz\/wp-json\/wp\/v2\/pages\/71988"}],"wp:attachment":[{"href":"https:\/\/skrivanek.cz\/cz\/wp-json\/wp\/v2\/media?parent=72242"}],"curies":[{"name":"wp","href":"https:\/\/api.w.org\/{rel}","templated":true}]}}