{"id":72260,"date":"2024-09-25T09:09:13","date_gmt":"2024-09-25T07:09:13","guid":{"rendered":"https:\/\/skrivanek.cz\/?page_id=72260"},"modified":"2026-03-24T09:25:05","modified_gmt":"2026-03-24T08:25:05","slug":"tvorba-obsahu","status":"publish","type":"page","link":"https:\/\/skrivanek.cz\/cz\/ai\/tvorba-obsahu\/","title":{"rendered":"Tvorba obsahu"},"content":{"rendered":"<div id=\"pl-72260\"  class=\"panel-layout\" ><div id=\"pg-72260-0\"  class=\"panel-grid panel-has-style\"  style=\"margin-bottom: 0px\" ><div class=\"siteorigin-panels-stretch panel-row-padding-none panel-row-style panel-row-style-for-72260-0\" data-stretch-type=\"full\" ><div id=\"pgc-72260-0-0\"  class=\"panel-grid-cell\" ><div id=\"panel-72260-0-0-0\" class=\"so-panel widget widget_wpa9-card-l panel-first-child panel-last-child\" data-index=\"0\" ><div\n\t\t\t\n\t\t\tclass=\"so-widget-wpa9-card-l so-widget-wpa9-card-l-default-c93e1481a745-72260\"\n\t\t\t\n\t\t>\n\n<div class=\"wpa9-card wpa9-card-l-container d-flex flex-wrap wpa9-columns-3\">\n\n\t\n\t\t\n\t<div class=\"wpa9-card-l-panel wpa9-panel shadow rounded d-flex flex-column justify-content-between\">\n\n\t\t<div>\n\t\t\t\t\t\t\t<span class=\"wpa9-panel-icon icon\" style=\"display: none; background-image: url('https:\/\/skrivanek.cz\/wp-content\/uploads\/2024\/09\/ai-icon-01.png')\"><\/span>\n\t\t\t<span class=\"wpa9-panel-icon icon\" style=\"mask-image: url(https:\/\/skrivanek.cz\/wp-content\/uploads\/2024\/09\/ai-icon-01.png); -webkit-mask-image: url(https:\/\/skrivanek.cz\/wp-content\/uploads\/2024\/09\/ai-icon-01.png);\"><\/span>\n\t\t\n\t\t\t\t\t\t\t\t<h2 class=\"wpa9-panel-title\">AI Copywriting<\/h2>\n\t\t\n\t\t\t\t\t\t\t<div class=\"wpa9-panel-content\"><p>Tato slu\u017eba kombinuje efektivitu um\u011bl\u00e9 inteligence s\u00a0odborn\u00fdmi znalostmi na\u0161ich specialist\u016f, aby zajistila, \u017ee ka\u017ed\u00fd text bude nejen p\u0159izp\u016fsoben va\u0161im pot\u0159eb\u00e1m, ale tak\u00e9 vylad\u011bn k\u00a0dokonalosti.<\/p>\n<\/div>\n\t\t\t\t<\/div>\n\n\t\t\t\t<div class=\"meta meta-buttons d-flex flex-column flex-sm-row justify-content-start\">\n\t\t\t\t\t\t\t<a class=\"btn btn-negative \" href=\"https:\/\/skrivanek.cz\/cz\/ai\/ai-copywriting\/\" title=\"Chci se dozv\u011bd\u011bt v\u00edce\">Chci se dozv\u011bd\u011bt v\u00edce<\/a>\n\t\t\t\t<\/div>\n\t\t\n\t<\/div>\n\n\t\t\n\t<div class=\"wpa9-card-l-panel wpa9-panel shadow rounded d-flex flex-column justify-content-between\">\n\n\t\t<div>\n\t\t\t\t\t\t\t<span class=\"wpa9-panel-icon icon\" style=\"display: none; background-image: url('https:\/\/skrivanek.cz\/wp-content\/uploads\/2024\/09\/ai-icon-02.png')\"><\/span>\n\t\t\t<span class=\"wpa9-panel-icon icon\" style=\"mask-image: url(https:\/\/skrivanek.cz\/wp-content\/uploads\/2024\/09\/ai-icon-02.png); -webkit-mask-image: url(https:\/\/skrivanek.cz\/wp-content\/uploads\/2024\/09\/ai-icon-02.png);\"><\/span>\n\t\t\n\t\t\t\t\t\t\t\t<h2 class=\"wpa9-panel-title\">Tvorba sc\u00e9n\u00e1\u0159\u016f pro videa<\/h2>\n\t\t\n\t\t\t\t\t\t\t<div class=\"wpa9-panel-content\"><p>Sk\u0159iv\u00e1nek AI vyu\u017e\u00edv\u00e1 pokro\u010dilou um\u011blou inteligenci k\u00a0vytv\u00e1\u0159en\u00ed poutav\u00fdch sc\u00e9n\u00e1\u0159\u016f pro videa, kter\u00e9 jsou p\u0159izp\u016fsobeny va\u0161im konkr\u00e9tn\u00edm pot\u0159eb\u00e1m a\u00a0kreativn\u00ed vizi. N\u00e1\u0161 proces poh\u00e1n\u011bn\u00fd AI je navr\u017een tak, aby vyhovoval \u0161irok\u00e9mu spektru parametr\u016f a\u00a0t\u00e9mat, co\u017e zaji\u0161\u0165uje, \u017ee v\u00fdsledn\u00fd sc\u00e9n\u00e1\u0159 bude dokonale slad\u011bn s\u00a0va\u0161imi c\u00edli.<\/p>\n<\/div>\n\t\t\t\t<\/div>\n\n\t\t\t\t<div class=\"meta meta-buttons d-flex flex-column flex-sm-row justify-content-start\">\n\t\t\t\t\t\t\t<a class=\"btn btn-negative \" href=\"https:\/\/skrivanek.cz\/cz\/ai\/tvorba-video-scenaru\/\" title=\"Chci se dozv\u011bd\u011bt v\u00edce\">Chci se dozv\u011bd\u011bt v\u00edce<\/a>\n\t\t\t\t<\/div>\n\t\t\n\t<\/div>\n\n\t\t\n\t<div class=\"wpa9-card-l-panel wpa9-panel shadow rounded d-flex flex-column justify-content-between\">\n\n\t\t<div>\n\t\t\t\t\t\t\t<span class=\"wpa9-panel-icon icon\" style=\"display: none; background-image: url('https:\/\/skrivanek.cz\/wp-content\/uploads\/2024\/09\/ai-icon-04.png')\"><\/span>\n\t\t\t<span class=\"wpa9-panel-icon icon\" style=\"mask-image: url(https:\/\/skrivanek.cz\/wp-content\/uploads\/2024\/09\/ai-icon-04.png); -webkit-mask-image: url(https:\/\/skrivanek.cz\/wp-content\/uploads\/2024\/09\/ai-icon-04.png);\"><\/span>\n\t\t\n\t\t\t\t\t\t\t\t<h2 class=\"wpa9-panel-title\">Korektura AI generovan\u00e9ho obsahu<\/h2>\n\t\t\n\t\t\t\t\t\t\t<div class=\"wpa9-panel-content\"><p>Nab\u00edz\u00edme specializovanou slu\u017ebu korektury AI generovan\u00e9ho obsahu, kter\u00e1 je navr\u017eena tak, aby pe\u010dliv\u011b prov\u011b\u0159ila a\u00a0zdokonalila va\u0161e vlastn\u00ed v\u00fdstupy vytvo\u0159en\u00e9 um\u011blou inteligenc\u00ed.<\/p>\n<\/div>\n\t\t\t\t<\/div>\n\n\t\t\t\t<div class=\"meta meta-buttons d-flex flex-column flex-sm-row justify-content-start\">\n\t\t\t\t\t\t\t<a class=\"btn btn-negative \" href=\"https:\/\/skrivanek.cz\/cz\/ai\/korektura-obsahu-generovaneho-ai\/\" title=\"Chci se dozv\u011bd\u011bt v\u00edce\">Chci se dozv\u011bd\u011bt v\u00edce<\/a>\n\t\t\t\t<\/div>\n\t\t\n\t<\/div>\n\n\t\t\n\t<div class=\"wpa9-card-l-panel wpa9-panel shadow rounded d-flex flex-column justify-content-between\">\n\n\t\t<div>\n\t\t\t\t\t\t\t<span class=\"wpa9-panel-icon icon\" style=\"display: none; background-image: url('https:\/\/skrivanek.cz\/wp-content\/uploads\/2024\/09\/ai-icon-06.png')\"><\/span>\n\t\t\t<span class=\"wpa9-panel-icon icon\" style=\"mask-image: url(https:\/\/skrivanek.cz\/wp-content\/uploads\/2024\/09\/ai-icon-06.png); -webkit-mask-image: url(https:\/\/skrivanek.cz\/wp-content\/uploads\/2024\/09\/ai-icon-06.png);\"><\/span>\n\t\t\n\t\t\t\t\t\t\t\t<h2 class=\"wpa9-panel-title\">Kontrola dodr\u017eov\u00e1n\u00ed stylu<\/h2>\n\t\t\n\t\t\t\t\t\t\t<div class=\"wpa9-panel-content\"><p>Sk\u0159iv\u00e1nek AI poskytuje specializovanou slu\u017ebu kontroly dodr\u017eov\u00e1n\u00ed stylu na m\u00edru, kter\u00e1 je navr\u017eena tak, aby d\u016fkladn\u011b zkontrolovala va\u0161e dokumenty a\u00a0materi\u00e1ly a\u00a0zajistila, \u017ee budou dokonale odpov\u00eddat zvolen\u00fdm stylistick\u00fdm a\u00a0referen\u010dn\u00edm pokyn\u016fm.<\/p>\n<\/div>\n\t\t\t\t<\/div>\n\n\t\t\t\t<div class=\"meta meta-buttons d-flex flex-column flex-sm-row justify-content-start\">\n\t\t\t\t\t\t\t<a class=\"btn btn-negative \" href=\"https:\/\/skrivanek.cz\/cz\/ai\/kontrola-dodrzovani-stylu-na-miru\/\" title=\"Chci se dozv\u011bd\u011bt v\u00edce\">Chci se dozv\u011bd\u011bt v\u00edce<\/a>\n\t\t\t\t<\/div>\n\t\t\n\t<\/div>\n\n\t\t\n\t<div class=\"wpa9-card-l-panel wpa9-panel shadow rounded d-flex flex-column justify-content-between\">\n\n\t\t<div>\n\t\t\t\t\t\t\t<span class=\"wpa9-panel-icon icon\" style=\"display: none; background-image: url('https:\/\/skrivanek.cz\/wp-content\/uploads\/2024\/09\/ai-icon-03.png')\"><\/span>\n\t\t\t<span class=\"wpa9-panel-icon icon\" style=\"mask-image: url(https:\/\/skrivanek.cz\/wp-content\/uploads\/2024\/09\/ai-icon-03.png); -webkit-mask-image: url(https:\/\/skrivanek.cz\/wp-content\/uploads\/2024\/09\/ai-icon-03.png);\"><\/span>\n\t\t\n\t\t\t\t\t\t\t\t<h2 class=\"wpa9-panel-title\">V\u00edcejazy\u010dn\u00e1 integrace kl\u00ed\u010dov\u00fdch slov a&nbsp;SEO \u0159e\u0161en\u00ed<\/h2>\n\t\t\n\t\t\t\t\t\t\t<div class=\"wpa9-panel-content\"><p>Tato slu\u017eba je navr\u017eena tak, aby identifikovala nejvhodn\u011bj\u0161\u00ed kl\u00ed\u010dov\u00e1 slova pro va\u0161e c\u00edlov\u00e9 trhy, co\u017e zajist\u00ed, \u017ee v\u00e1\u0161 obsah bude dokonale optimalizov\u00e1n pro mezin\u00e1rodn\u00ed publikum.<\/p>\n<\/div>\n\t\t\t\t<\/div>\n\n\t\t\t\t<div class=\"meta meta-buttons d-flex flex-column flex-sm-row justify-content-start\">\n\t\t\t\t\t\t\t<a class=\"btn btn-negative \" href=\"https:\/\/skrivanek.cz\/cz\/ai\/vicejazycna-integrace-klicovych-slov-a-seo\/\" title=\"Chci se dozv\u011bd\u011bt v\u00edce\">Chci se dozv\u011bd\u011bt v\u00edce<\/a>\n\t\t\t\t<\/div>\n\t\t\n\t<\/div>\n\n\t\t\n\t\n<\/div>\n<\/div><\/div><\/div><\/div><\/div><div id=\"pg-72260-1\"  class=\"panel-grid panel-has-style\"  style=\"margin-bottom: 0px\" ><div class=\"panel-row-padding-none panel-row-style panel-row-style-for-72260-1\" ><div id=\"pgc-72260-1-0\"  class=\"panel-grid-cell\" ><div id=\"panel-72260-1-0-0\" class=\"so-panel widget widget_wpa9-editor-ext panel-first-child panel-last-child\" data-index=\"1\" ><div\n\t\t\t\n\t\t\tclass=\"so-widget-wpa9-editor-ext so-widget-wpa9-editor-ext-default-c93e1481a745-72260\"\n\t\t\t\n\t\t>\n<div class=\"siteorigin-widget-tinymce textwidget\">\n\t<h3>Pro\u010d si vybrat Sk\u0159iv\u00e1nek AI pro tvorbu obsahu?<\/h3>\n<h4>\u0160pi\u010dkov\u00e1 technologie a&nbsp;lidsk\u00e1 expert\u00edza<\/h4>\n<p>Sk\u0159iv\u00e1nek AI spojuje nejmodern\u011bj\u0161\u00ed technologie um\u011bl\u00e9 inteligence s&nbsp;odborn\u00fdmi znalostmi na\u0161ich zku\u0161en\u00fdch tv\u016frc\u016f obsahu. V\u00fdsledkem je obsah, kter\u00fd je nejen jazykov\u011b p\u0159esn\u00fd, ale tak\u00e9 p\u0159izp\u016fsoben\u00fd va\u0161im specifick\u00fdm po\u017eadavk\u016fm.<\/p>\n<h4>\u00daspora \u010dasu a&nbsp;n\u00e1klad\u016f<\/h4>\n<p>D\u00edky AI technologii dok\u00e1\u017eeme efektivn\u011b zpracov\u00e1vat velk\u00e9 objemy obsahu, co\u017e v\u00fdrazn\u011b sni\u017euje n\u00e1klady a&nbsp;zkracuje dobu dod\u00e1n\u00ed. Z\u00edskejte kvalitn\u00ed obsah rychle a&nbsp;za v\u00fdhodnou cenu.<\/p>\n<h4>V\u00edcejazy\u010dn\u00e9 pokryt\u00ed<\/h4>\n<p>Sk\u0159iv\u00e1nek je p\u0159es 30 let l\u00eddrem v&nbsp;oblasti p\u0159eklad\u016f a&nbsp;lokalizace. Tvo\u0159\u00edme obsah ve v\u00edce ne\u017e 100 jazyc\u00edch, co\u017e v\u00e1m umo\u017en\u00ed oslovit glob\u00e1ln\u00ed publikum snadn\u011bji ne\u017e kdy d\u0159\u00edve.<\/p>\n<h4>Z\u00e1ruka kvality<\/h4>\n<p>Na\u0161i lingvist\u00e9 a&nbsp;specialist\u00e9 na tvorbu obsahu dohl\u00ed\u017eej\u00ed na ka\u017ed\u00fd v\u00fdstup, kter\u00fd AI vytvo\u0159\u00ed. D\u00edky t\u00e9to kombinaci um\u011bl\u00e9 inteligence a&nbsp;lidsk\u00e9 odbornosti garantujeme vysokou kvalitu v\u0161ech na\u0161ich slu\u017eeb.<\/p>\n<\/div>\n<\/div><\/div><\/div><div id=\"pgc-72260-1-1\"  class=\"panel-grid-cell\" ><div id=\"panel-72260-1-1-0\" class=\"so-panel widget widget_wpforms-widget wpforms-widget panel-first-child panel-last-child\" data-index=\"2\" ><h3 class=\"widget-title\">Tvo\u0159te content s&nbsp;n\u00e1mi!<\/h3>\r\n<style type=\"text\/css\">\r\n\r\n\r\n\r\nbody #wpforms-75265 {\r\n\t\t\r\n\t\t\tfont-family:inherit;}\r\n\r\n\t\r\n\r\n\tbody #wpforms-75265 .wpforms-head-container {\r\n\t\tborder-width: 0px;}\r\n\r\n\tbody #wpforms-75265 .wpforms-head-container .wpforms-title {\r\n\t\t}\r\n\r\n\tbody #wpforms-75265 .wpforms-head-container .wpforms-description {\r\n\t\t\t\tdisplay:block;\r\n\t}\r\n\r\n\r\n\tbody #wpforms-75265 .wpforms-submit-container .wpforms-submit, body #wpforms-75265 .wpforms-field-pagebreak button.wpforms-page-button {\r\n\t\tcolor:#ffffff ;background-color:#ff643b ;border-width:0px ;border-style:solid ;border-radius:10px ;-web-border-radius:10px ;-moz-border-radius:10px ;\t\t\t}\r\n\r\n\tbody #wpforms-75265 .wpforms-submit-container .wpforms-submit:hover, body #wpforms-75265 .wpforms-field-pagebreak button.wpforms-page-button:hover {\r\n\tbackground-color:;\tcolor:;\t}\r\n\r\n\tbody #wpforms-75265 .wpforms-submit-container,\r\n\tbody #wpforms-75265 .wpforms-field-pagebreak .wpforms-pagebreak-left{\r\n\t\t}\r\n\r\n\r\n\tbody #wpforms-75265 .wpforms-form .wpforms-field input[type=text],\r\n\tbody #wpforms-75265 .wpforms-form .wpforms-field input[type=email],\r\n\tbody #wpforms-75265 .wpforms-form .wpforms-field input[type=tel],\r\n\tbody #wpforms-75265 .wpforms-form .wpforms-field input[type=url],\r\n\tbody #wpforms-75265 .wpforms-form .wpforms-field input[type=password],\r\n\tbody #wpforms-75265 .wpforms-form .wpforms-field input[type=number]\r\n\t{\r\n\t\tborder-width:1px ;border-style:solid ;\t\t\t}\r\n\r\n\tbody #wpforms-75265 .wpforms-form .wpforms-field .wpforms-field-row\r\n\t{\r\n\t\t\t}\r\n\r\n\tbody #wpforms-75265 .wpforms-form .wpforms-field-layout.wpforms-field input[type=text],\r\n\tbody #wpforms-75265 .wpforms-form .wpforms-field-layout.wpforms-field input[type=email],\r\n\tbody #wpforms-75265 .wpforms-form .wpforms-field-layout.wpforms-field input[type=tel],\r\n\tbody #wpforms-75265 .wpforms-form .wpforms-field-layout.wpforms-field input[type=url],\r\n\tbody #wpforms-75265 .wpforms-form .wpforms-field-layout.wpforms-field input[type=password],\r\n\tbody #wpforms-75265 .wpforms-form .wpforms-field-layout.wpforms-field input[type=number]{\r\n\t\twidth: 100%;\r\n\t}\r\n\r\n\tbody #wpforms-75265 .wpforms-form .wpforms-field .wpforms-field-row input[type=text]{\r\n\t\twidth: 100%;\r\n\t}\r\n\r\n\r\n\r\n\t#wpforms-75265 .wpforms-form .wpforms-field-layout-rows,\r\n\t#wpforms-75265 .wpforms-form .wpforms-field-layout-columns{\r\n\t\t\t}\r\n\r\n\r\n\r\n\tbody #wpforms-75265 .wpforms-form .wpforms-field textarea {\r\n\t\t\t\t\tborder-width: 1px;\t}\r\n\r\n \r\n\r\n\tbody #wpforms-75265 .wpforms-form .wpforms-field select {\r\n\r\n\t\t\r\n\t\tborder-width: 1px;\t}\r\n\r\n\t\/* dropdown styles on modern background *\/\r\n\tbody #wpforms-75265 .wpforms-form .wpforms-field-select-style-modern .choices__inner{\r\n\t\t\t\t\r\n\t}\r\n\r\n\t\/* background color on modern dropdown *\/\r\n\t\r\n \r\n\tbody #wpforms-75265 .wpforms-form .wpforms-field-radio li label,\r\n\tbody #wpforms-75265 .wpforms-form .wpforms-field-payment-multiple li label {\r\n\t\t\t}\r\n \r\n\tbody #wpforms-75265 .wpforms-form .wpforms-field-checkbox li label {\r\n\t\t\t}\r\n \r\n\tbody #wpforms-75265 .wpforms-form .wpforms-field .wpforms-field-description {\r\n\r\n\t\t\t}\r\n\r\n \r\n\tbody #wpforms-75265 .wpforms-form .wpforms-field label.wpforms-field-label,\r\n\tbody #wpforms-75265 .wpforms-form .wpforms-field .wpforms-field-label {\r\n\t\tfont-weight: bold;\t}\r\n\r\n\r\n \r\n\tbody #wpforms-confirmation-75265  {\r\n\r\n\t\t\t\tborder-width: 1px;\t}\r\n\r\n\tbody #wpforms-confirmation-75265 p{\r\n\t\ttext-transform: uppercase;\r\n\t\ttext-decoration: underline;\r\n\t\tcolor: inherit;\r\n\t}\r\n\r\n \r\n\tbody #wpforms-75265 label.wpforms-error,\r\n\tbody #wpforms-75265 .wpforms-error[role=\"alert\"] {\r\n\t\t\r\n\t\t\t\tborder-width: 1px;\t}\r\n\/* Styling for Tablets *\/\r\n@media only screen and (max-width: 800px) and (min-width:481px) {\r\n\t\r\n\r\n\r\n\r\n}\r\n\r\n@media only screen and (max-width: 480px){\r\n\t\r\n\r\n\r\n\r\n}\r\n\/*Option to add custom CSS *\/\r\n\r\n\r\n\r\n\t\t<\/style>\r\n\t\t<div class=\"wpforms-container wpforms-container-full wpforms-render-modern\" id=\"wpforms-75265\"><form id=\"wpforms-form-75265\" class=\"wpforms-validate wpforms-form wpforms-ajax-form\" data-formid=\"75265\" method=\"post\" enctype=\"multipart\/form-data\" action=\"\/cz\/wp-json\/wp\/v2\/pages\/72260\" data-token=\"5f6fa7cffe5d70e5406e61a682ec64a5\" data-token-time=\"1776067185\"><noscript class=\"wpforms-error-noscript\">Chcete-li vyplnit tento formul\u00e1\u0159, pros\u00edm povolte v&nbsp;prohl\u00ed\u017ee\u010di JavaScript.<\/noscript><div id=\"wpforms-error-noscript\" style=\"display: none;\">Chcete-li vyplnit tento formul\u00e1\u0159, pros\u00edm povolte v&nbsp;prohl\u00ed\u017ee\u010di JavaScript.<\/div><div class=\"wpforms-field-container\"><div id=\"wpforms-75265-field_15-container\" class=\"wpforms-field wpforms-field-layout\" data-field-id=\"15\"><div class=\"wpforms-field-layout-rows wpforms-field-large\"><div class=\"wpforms-layout-row\"><div class=\"wpforms-layout-column wpforms-layout-column-50\"><div id=\"wpforms-75265-field_1-container\" class=\"wpforms-field wpforms-field-name\" data-field-id=\"1\"><label class=\"wpforms-field-label\" for=\"wpforms-75265-field_1\">Va\u0161e jm\u00e9no <span class=\"wpforms-required-label\" aria-hidden=\"true\">*<\/span><\/label><input type=\"text\" id=\"wpforms-75265-field_1\" class=\"wpforms-field-medium wpforms-field-required\" name=\"wpforms[fields][1]\" aria-errormessage=\"wpforms-75265-field_1-error\" required><\/div><\/div><div class=\"wpforms-layout-column wpforms-layout-column-50\"><div id=\"wpforms-75265-field_31-container\" class=\"wpforms-field wpforms-field-text\" data-field-id=\"31\"><label class=\"wpforms-field-label\" for=\"wpforms-75265-field_31\">N\u00e1zev spole\u010dnosti<\/label><input type=\"text\" id=\"wpforms-75265-field_31\" class=\"wpforms-field-medium\" name=\"wpforms[fields][31]\" aria-errormessage=\"wpforms-75265-field_31-error\" ><\/div><\/div><\/div><div class=\"wpforms-layout-row\"><div class=\"wpforms-layout-column wpforms-layout-column-50\"><div id=\"wpforms-75265-field_2-container\" class=\"wpforms-field wpforms-field-email\" data-field-id=\"2\"><label class=\"wpforms-field-label\" for=\"wpforms-75265-field_2\">Email <span class=\"wpforms-required-label\" aria-hidden=\"true\">*<\/span><\/label><input type=\"email\" id=\"wpforms-75265-field_2\" class=\"wpforms-field-medium wpforms-field-required\" name=\"wpforms[fields][2]\" spellcheck=\"false\" aria-errormessage=\"wpforms-75265-field_2-error\" required><\/div><\/div><div class=\"wpforms-layout-column wpforms-layout-column-50\"><div id=\"wpforms-75265-field_3-container\" class=\"wpforms-field wpforms-field-phone\" data-field-id=\"3\"><label class=\"wpforms-field-label\" for=\"wpforms-75265-field_3\">Telefon<\/label><input type=\"tel\" id=\"wpforms-75265-field_3\" class=\"wpforms-field-medium wpforms-smart-phone-field\" data-rule-smart-phone-field=\"true\" name=\"wpforms[fields][3]\" aria-label=\"Telefon\" aria-errormessage=\"wpforms-75265-field_3-error\" ><\/div><\/div><\/div><\/div><\/div><div id=\"wpforms-75265-field_7-container\" class=\"wpforms-field wpforms-field-textarea\" data-field-id=\"7\"><label class=\"wpforms-field-label\" for=\"wpforms-75265-field_7\">Dejte n\u00e1m v\u011bd\u011bt, jak\u00e9 slu\u017eby nebo \u0159e\u0161en\u00ed pot\u0159ebujete.<\/label><textarea id=\"wpforms-75265-field_7\" class=\"wpforms-field-medium\" name=\"wpforms[fields][7]\" aria-errormessage=\"wpforms-75265-field_7-error\" aria-describedby=\"wpforms-75265-field_7-description\" ><\/textarea><div id=\"wpforms-75265-field_7-description\" class=\"wpforms-field-description\">P\u0159iprav\u00edme pro v\u00e1s <strong>nez\u00e1vaznou nab\u00eddku na m\u00edru<\/strong>, kter\u00e1 p\u0159esn\u011b odpov\u00edd\u00e1 va\u0161im po\u017eadavk\u016fm a&nbsp;pom\u016f\u017ee v\u00e1m dos\u00e1hnout va\u0161ich c\u00edl\u016f. M\u00e1te dotazy ohledn\u011b AI nebo dal\u0161\u00edch na\u0161ich slu\u017eeb? R\u00e1di v\u00e1m je zodpov\u00edme. Jsme tu pro v\u00e1s.<\/div><\/div><div id=\"wpforms-75265-field_16-container\" class=\"wpforms-field wpforms-field-html\" data-field-id=\"16\"><div id=\"wpforms-75265-field_16\" aria-errormessage=\"wpforms-75265-field_16-error\"><font size=\"2\">Odesl\u00e1n\u00edm popt\u00e1vky souhlas\u00edte se <a href=\"https:\/\/skrivanek.cz\/cz\/zpracovani-ochrana-osobnich-udaju\/\" title=\"Z\u00e1sady zpracov\u00e1n\u00ed osobn\u00edch \u00fadaj\u016f\" target=\"_blank\">z\u00e1sadami zpracov\u00e1n\u00ed osobn\u00edch \u00fadaj\u016f<\/a>.<\/font><\/div><\/div><div id=\"wpforms-75265-field_32-container\" class=\"wpforms-field wpforms-field-hidden\" data-field-id=\"32\"><input type=\"hidden\" id=\"wpforms-75265-field_32\" name=\"wpforms[fields][32]\" value=\"[channel]\"><\/div><div id=\"wpforms-75265-field_33-container\" class=\"wpforms-field wpforms-field-hidden\" data-field-id=\"33\"><input type=\"hidden\" id=\"wpforms-75265-field_33\" name=\"wpforms[fields][33]\" value=\"[channeldrilldown1]\"><\/div><div id=\"wpforms-75265-field_34-container\" class=\"wpforms-field wpforms-field-hidden\" data-field-id=\"34\"><input type=\"hidden\" id=\"wpforms-75265-field_34\" name=\"wpforms[fields][34]\" value=\"[channeldrilldown2]\"><\/div><div id=\"wpforms-75265-field_35-container\" class=\"wpforms-field wpforms-field-hidden\" data-field-id=\"35\"><input type=\"hidden\" id=\"wpforms-75265-field_35\" name=\"wpforms[fields][35]\" value=\"[channeldrilldown3]\"><\/div>\t\t<div id=\"wpforms-75265-field_4-container\"\n\t\t\tclass=\"wpforms-field wpforms-field-text\"\n\t\t\tdata-field-type=\"text\"\n\t\t\tdata-field-id=\"4\"\n\t\t\t>\n\t\t\t<label class=\"wpforms-field-label\" for=\"wpforms-75265-field_4\" >Channel \u0159e\u0161en\u00ed spole\u010dnosti<\/label>\n\t\t\t<input type=\"text\" id=\"wpforms-75265-field_4\" class=\"wpforms-field-medium\" name=\"wpforms[fields][4]\" >\n\t\t<\/div>\n\t\t<div id=\"wpforms-75265-field_36-container\" class=\"wpforms-field wpforms-field-hidden\" data-field-id=\"36\"><input type=\"hidden\" id=\"wpforms-75265-field_36\" name=\"wpforms[fields][36]\" value=\"[landingpage]\"><\/div><div id=\"wpforms-75265-field_37-container\" class=\"wpforms-field wpforms-field-hidden\" data-field-id=\"37\"><input type=\"hidden\" id=\"wpforms-75265-field_37\" name=\"wpforms[fields][37]\" value=\"[landingpagegroup]\"><\/div><script>\n\t\t\t\t( function() {\n\t\t\t\t\tconst style = document.createElement( 'style' );\n\t\t\t\t\tstyle.appendChild( document.createTextNode( '#wpforms-75265-field_4-container { position: absolute !important; overflow: hidden !important; display: inline !important; height: 1px !important; width: 1px !important; z-index: -1000 !important; padding: 0 !important; } #wpforms-75265-field_4-container input { visibility: hidden; } #wpforms-conversational-form-page #wpforms-75265-field_4-container label { counter-increment: none; }' ) );\n\t\t\t\t\tdocument.head.appendChild( style );\n\t\t\t\t\tdocument.currentScript?.remove();\n\t\t\t\t} )();\n\t\t\t<\/script><\/div><!-- .wpforms-field-container --><div class=\"wpforms-recaptcha-container wpforms-is-recaptcha wpforms-is-recaptcha-type-v3\" ><input type=\"hidden\" name=\"wpforms[recaptcha]\" value=\"\"><\/div><div class=\"wpforms-submit-container\" ><input type=\"hidden\" name=\"wpforms[id]\" value=\"75265\"><input type=\"hidden\" name=\"page_title\" value=\"\"><input type=\"hidden\" name=\"page_url\" value=\"https:\/\/skrivanek.cz\/cz\/wp-json\/wp\/v2\/pages\/72260\"><input type=\"hidden\" name=\"url_referer\" value=\"\"><button type=\"submit\" name=\"wpforms[submit]\" id=\"wpforms-submit-75265\" class=\"wpforms-submit\" data-alt-text=\"Odes\u00edl\u00e1n\u00ed...\" data-submit-text=\"Odeslat\" aria-live=\"assertive\" value=\"wpforms-submit\">Odeslat<\/button><img loading=\"lazy\" decoding=\"async\" src=\"https:\/\/skrivanek.cz\/wp-content\/plugins\/wpforms\/assets\/images\/submit-spin.svg\" class=\"wpforms-submit-spinner\" style=\"display: none;\" width=\"26\" height=\"26\" alt=\"Na\u010d\u00edt\u00e1n\u00ed\"><\/div><\/form><\/div>  <!-- .wpforms-container --><\/div><\/div><\/div><\/div><div id=\"pg-72260-2\"  class=\"panel-grid panel-has-style\" ><div class=\"siteorigin-panels-stretch panel-row-padding-none panel-row-style panel-row-style-for-72260-2\" data-stretch-type=\"full\" ><div id=\"pgc-72260-2-0\"  class=\"panel-grid-cell\" ><div id=\"panel-72260-2-0-0\" class=\"so-panel widget widget_wpa9-card-s panel-first-child panel-last-child\" data-index=\"3\" ><div\n\t\t\t\n\t\t\tclass=\"so-widget-wpa9-card-s so-widget-wpa9-card-s-default-c93e1481a745-72260\"\n\t\t\t\n\t\t><div class=\"wpa9-card wpa9-card-s wide negative\">\n\n\t<div class=\"wpa9-card-wrapper container\">\n\n\t\t<div class=\"wpa9-card-text\">\n\t\t\t<h2 class=\"wpa9-card-title\">Hled\u00e1te efektivn\u00ed zp\u016fsob, jak tvo\u0159it kvalitn\u00ed obsah?<\/h2>\n\t\t\t<div class=\"wpa9-card-content\"><p style=\"text-align: center\">Propoj\u00edme AI technologie s&nbsp;expertem a&nbsp;nastav\u00edme \u0159e\u0161en\u00ed odpov\u00eddaj\u00edc\u00ed va\u0161emu oboru, c\u00edlov\u00e9 skupin\u011b i&nbsp;intern\u00edm proces\u016fm.<\/p>\n<\/div>\t\t<\/div>\n\n\t\t\t\t<div class=\"meta meta-buttons d-flex flex-row justify-content-center\">\n\t\t\t\t\t\t\t<a class=\"btn btn-negative \" href=\"https:\/\/skrivanek.cz\/cz\/poptavka-ai\/\" title=\"Probrat mo\u017enosti spolupr\u00e1ce\">Probrat mo\u017enosti spolupr\u00e1ce<\/a>\n\t\t\t\t<\/div>\n\t\t\n\t<\/div>\n\n<\/div>\n<\/div><\/div><\/div><\/div><\/div><\/div>","protected":false},"excerpt":{"rendered":"<p>AI Copywriting Tato slu\u017eba kombinuje efektivitu um\u011bl\u00e9 inteligence s\u00a0odborn\u00fdmi znalostmi na\u0161ich specialist\u016f, aby zajistila, \u017ee ka\u017ed\u00fd text bude nejen p\u0159izp\u016fsoben va\u0161im pot\u0159eb\u00e1m, ale tak\u00e9 vylad\u011bn k\u00a0dokonalosti. Chci se dozv\u011bd\u011bt v\u00edce Tvorba sc\u00e9n\u00e1\u0159\u016f pro videa Sk\u0159iv\u00e1nek AI vyu\u017e\u00edv\u00e1 pokro\u010dilou um\u011blou inteligenci k\u00a0vytv\u00e1\u0159en\u00ed poutav\u00fdch sc\u00e9n\u00e1\u0159\u016f pro videa, kter\u00e9 jsou p\u0159izp\u016fsobeny va\u0161im konkr\u00e9tn\u00edm pot\u0159eb\u00e1m a\u00a0kreativn\u00ed vizi. N\u00e1\u0161 proces [&hellip;]<\/p>\n","protected":false},"author":9,"featured_media":0,"parent":71988,"menu_order":0,"comment_status":"closed","ping_status":"closed","template":"","meta":{"_acf_changed":false,"footnotes":""},"class_list":["post-72260","page","type-page","status-publish","hentry"],"acf":[],"aioseo_notices":[],"_links":{"self":[{"href":"https:\/\/skrivanek.cz\/cz\/wp-json\/wp\/v2\/pages\/72260","targetHints":{"allow":["GET"]}}],"collection":[{"href":"https:\/\/skrivanek.cz\/cz\/wp-json\/wp\/v2\/pages"}],"about":[{"href":"https:\/\/skrivanek.cz\/cz\/wp-json\/wp\/v2\/types\/page"}],"author":[{"embeddable":true,"href":"https:\/\/skrivanek.cz\/cz\/wp-json\/wp\/v2\/users\/9"}],"replies":[{"embeddable":true,"href":"https:\/\/skrivanek.cz\/cz\/wp-json\/wp\/v2\/comments?post=72260"}],"version-history":[{"count":4,"href":"https:\/\/skrivanek.cz\/cz\/wp-json\/wp\/v2\/pages\/72260\/revisions"}],"predecessor-version":[{"id":80149,"href":"https:\/\/skrivanek.cz\/cz\/wp-json\/wp\/v2\/pages\/72260\/revisions\/80149"}],"up":[{"embeddable":true,"href":"https:\/\/skrivanek.cz\/cz\/wp-json\/wp\/v2\/pages\/71988"}],"wp:attachment":[{"href":"https:\/\/skrivanek.cz\/cz\/wp-json\/wp\/v2\/media?parent=72260"}],"curies":[{"name":"wp","href":"https:\/\/api.w.org\/{rel}","templated":true}]}}