{"id":72309,"date":"2024-09-25T15:38:32","date_gmt":"2024-09-25T13:38:32","guid":{"rendered":"https:\/\/skrivanek.cz\/?page_id=72309"},"modified":"2026-03-24T09:25:46","modified_gmt":"2026-03-24T08:25:46","slug":"vicejazycna-integrace-klicovych-slov-a-seo","status":"publish","type":"page","link":"https:\/\/skrivanek.cz\/cz\/ai\/vicejazycna-integrace-klicovych-slov-a-seo\/","title":{"rendered":"V\u00edcejazy\u010dn\u00e1 integrace kl\u00ed\u010dov\u00fdch slov a&nbsp;SEO"},"content":{"rendered":"<div id=\"pl-72309\"  class=\"panel-layout\" ><div id=\"pg-72309-0\"  class=\"panel-grid panel-no-style\"  style=\"margin-bottom: 0px\" ><div id=\"pgc-72309-0-0\"  class=\"panel-grid-cell\" ><div id=\"panel-72309-0-0-0\" class=\"so-panel widget widget_wpa9-editor-ext panel-first-child panel-last-child\" data-index=\"0\" ><div\n\t\t\t\n\t\t\tclass=\"so-widget-wpa9-editor-ext so-widget-wpa9-editor-ext-default-c93e1481a745-72309\"\n\t\t\t\n\t\t>\n<div class=\"siteorigin-widget-tinymce textwidget\">\n\t<div class=\"columns columns-2\" data-columns=\"2\">\n<div class=\"column column-1\">\n<h2>Efektivn\u00ed anal\u00fdza kl\u00ed\u010dov\u00fdch slov ve v\u00edce jazyc\u00edch<\/h2>\n<p><strong>Glob\u00e1ln\u00ed optimalizace kl\u00ed\u010dov\u00fdch slov<\/strong><\/p>\n<p>N\u00e1\u0161 p\u0159\u00edstup poh\u00e1n\u011bn\u00fd um\u011blou inteligenc\u00ed umo\u017e\u0148uje efektivn\u00ed anal\u00fdzu kl\u00ed\u010dov\u00fdch slov nap\u0159\u00ed\u010d r\u016fzn\u00fdmi jazyky, d\u00edky \u010demu\u017e dok\u00e1\u017eeme identifikovat ta nejlep\u0161\u00ed kl\u00ed\u010dov\u00e1 slova pro v\u00e1\u0161 obsah, bez ohledu na jazykov\u00e9 a&nbsp;kulturn\u00ed rozd\u00edly va\u0161ich c\u00edlov\u00fdch trh\u016f. Tento pe\u010dliv\u00fd proces zaji\u0161\u0165uje, \u017ee va\u0161e SEO strategie bude nejen \u00fa\u010dinn\u00e1, ale tak\u00e9 inkluzivn\u00ed a&nbsp;p\u0159izp\u016fsoben\u00e1 glob\u00e1ln\u00edmu publiku.<\/p>\n<\/div>\n<div class=\"column column-2\">\n<p><img loading=\"lazy\" decoding=\"async\" class=\"wp-image-72002 aligncenter\" src=\"https:\/\/skrivanek.cz\/wp-content\/uploads\/2024\/09\/ai-brain-500x500-1.jpg\" alt=\"AI\" width=\"350\" height=\"350\" \/><\/p>\n<\/div>\n<\/div>\n<\/div>\n<\/div><\/div><\/div><\/div><div id=\"pg-72309-1\"  class=\"panel-grid panel-has-style\"  style=\"margin-bottom: 0px\" ><div class=\"siteorigin-panels-stretch panel-row-padding-none panel-row-style panel-row-style-for-72309-1\" data-stretch-type=\"full\" ><div id=\"pgc-72309-1-0\"  class=\"panel-grid-cell\" ><div id=\"panel-72309-1-0-0\" class=\"so-panel widget widget_wpa9-card-l panel-first-child panel-last-child\" data-index=\"1\" ><div\n\t\t\t\n\t\t\tclass=\"so-widget-wpa9-card-l so-widget-wpa9-card-l-default-c93e1481a745-72309\"\n\t\t\t\n\t\t>\n\n<div class=\"wpa9-card wpa9-card-l-container d-flex flex-wrap wpa9-columns-2\">\n\n\t\n\t\t\n\t<div class=\"wpa9-card-l-panel wpa9-panel shadow rounded d-flex flex-column justify-content-between\">\n\n\t\t<div>\n\t\t\t\t\t\t\t<span class=\"wpa9-panel-icon icon\" style=\"display: none; background-image: url('https:\/\/skrivanek.cz\/wp-content\/uploads\/2024\/09\/ai-icon-01.png')\"><\/span>\n\t\t\t<span class=\"wpa9-panel-icon icon\" style=\"mask-image: url(https:\/\/skrivanek.cz\/wp-content\/uploads\/2024\/09\/ai-icon-01.png); -webkit-mask-image: url(https:\/\/skrivanek.cz\/wp-content\/uploads\/2024\/09\/ai-icon-01.png);\"><\/span>\n\t\t\n\t\t\t\t\t\t\t\t<h2 class=\"wpa9-panel-title\">Bezprobl\u00e9mov\u00e1 integrace kl\u00ed\u010dov\u00fdch slov<\/h2>\n\t\t\n\t\t\t\t\t\t\t<div class=\"wpa9-panel-content\"><p>Skrivanek AI jde nad r\u00e1mec anal\u00fdzy kl\u00ed\u010dov\u00fdch slov a\u00a0pom\u00e1h\u00e1 tato kl\u00ed\u010dov\u00e1 slova efektivn\u011b za\u010dlenit do va\u0161eho obsahu. A\u0165 u\u017e se jedn\u00e1 o\u00a0webov\u00e9 str\u00e1nky, \u010dl\u00e1nky, popisy produkt\u016f nebo jin\u00e9 texty, na\u0161e AI \u0159e\u0161en\u00ed usnad\u0148uje bezprobl\u00e9movou adaptaci va\u0161eho obsahu pro SEO. To zahrnuje zaji\u0161t\u011bn\u00ed p\u0159irozen\u00e9ho za\u010dlen\u011bn\u00ed relevantn\u00edch kl\u00ed\u010dov\u00fdch slov do va\u0161eho obsahu ve v\u0161ech vybran\u00fdch jazyc\u00edch, co\u017e zvy\u0161uje viditelnost a\u00a0zapojen\u00ed nap\u0159\u00ed\u010d r\u016fzn\u00fdmi jazykov\u00fdmi oblastmi.<\/p>\n<\/div>\n\t\t\t\t<\/div>\n\n\t\t\n\t<\/div>\n\n\t\t\n\t<div class=\"wpa9-card-l-panel wpa9-panel shadow rounded d-flex flex-column justify-content-between\">\n\n\t\t<div>\n\t\t\t\t\t\t\t<span class=\"wpa9-panel-icon icon\" style=\"display: none; background-image: url('https:\/\/skrivanek.cz\/wp-content\/uploads\/2024\/09\/ai-icon-05.png')\"><\/span>\n\t\t\t<span class=\"wpa9-panel-icon icon\" style=\"mask-image: url(https:\/\/skrivanek.cz\/wp-content\/uploads\/2024\/09\/ai-icon-05.png); -webkit-mask-image: url(https:\/\/skrivanek.cz\/wp-content\/uploads\/2024\/09\/ai-icon-05.png);\"><\/span>\n\t\t\n\t\t\t\t\t\t\t\t<h2 class=\"wpa9-panel-title\">Na m\u00edru pro expanzi na mezin\u00e1rodn\u00ed trhy<\/h2>\n\t\t\n\t\t\t\t\t\t\t<div class=\"wpa9-panel-content\"><p>Na\u0161e \u0159e\u0161en\u00ed pro v\u00edcejazy\u010dnou integraci kl\u00ed\u010dov\u00fdch slov a\u00a0SEO je zvl\u00e1\u0161t\u011b p\u0159\u00ednosn\u00e9 pro spole\u010dnosti a\u00a0webov\u00e9 platformy, kter\u00e9 se cht\u011bj\u00ed prosadit na mezin\u00e1rodn\u00edch trz\u00edch. Optimalizac\u00ed obsahu pro r\u016fzn\u00e9 jazyky a\u00a0kultury pom\u00e1h\u00e1me firm\u00e1m z\u00edskat konkuren\u010dn\u00ed v\u00fdhodu a\u00a0zajistit, \u017ee jejich nab\u00eddky efektivn\u011b oslov\u00ed a\u00a0zas\u00e1hnou zam\u00fd\u0161len\u00e9 glob\u00e1ln\u00ed publikum.<\/p>\n<\/div>\n\t\t\t\t<\/div>\n\n\t\t\n\t<\/div>\n\n\t\t\n\t\n<\/div>\n<\/div><\/div><\/div><\/div><\/div><div id=\"pg-72309-2\"  class=\"panel-grid panel-has-style\"  style=\"margin-bottom: 0px\" ><div class=\"panel-row-padding-none panel-row-style panel-row-style-for-72309-2\" ><div id=\"pgc-72309-2-0\"  class=\"panel-grid-cell\" ><div id=\"panel-72309-2-0-0\" class=\"so-panel widget widget_wpa9-editor-ext panel-first-child panel-last-child\" data-index=\"2\" ><div\n\t\t\t\n\t\t\tclass=\"so-widget-wpa9-editor-ext so-widget-wpa9-editor-ext-default-c93e1481a745-72309\"\n\t\t\t\n\t\t>\n<div class=\"siteorigin-widget-tinymce textwidget\">\n\t<h3>Sk\u0159iv\u00e1nek AI: Kl\u00ed\u010d k&nbsp;\u00fasp\u011bchu v&nbsp;glob\u00e1ln\u00edm SEO<\/h3>\n<p>Sk\u0159iv\u00e1nek AI je v\u00e1\u0161 partner pro \u00fasp\u011b\u0161nou expanzi na glob\u00e1ln\u00ed trh. D\u00edky na\u0161im inovativn\u00edm technologi\u00edm a&nbsp;odborn\u00fdm zku\u0161enostem zajist\u00edme, \u017ee va\u0161e kl\u00ed\u010dov\u00e1 slova a&nbsp;obsah budou optimalizov\u00e1ny pro v\u00edce jazyk\u016f, a&nbsp;t\u00edm v\u00e1m pom\u016f\u017eeme z\u00edskat p\u0159edn\u00ed pozice ve vyhled\u00e1va\u010d\u00edch. Na\u0161e \u0159e\u0161en\u00ed je efektivn\u00ed, p\u0159esn\u00e9 a&nbsp;p\u0159izp\u016fsoben\u00e9 va\u0161im specifick\u00fdm pot\u0159eb\u00e1m. Vyberte si n\u00e1s a&nbsp;dos\u00e1hn\u011bte lep\u0161\u00edch v\u00fdsledk\u016f v&nbsp;mezin\u00e1rodn\u00edm SEO.<\/p>\n<p><strong>Nab\u00edz\u00edme p\u0159izp\u016fsoben\u00fd p\u0159\u00edstup k&nbsp;optimalizaci obsahu<\/strong>, kter\u00fd usnad\u0148uje va\u0161i expanzi na nov\u00e9 trhy s&nbsp;obsahem, kter\u00fd nejen\u017ee zaujme, ale je tak\u00e9 srozumiteln\u00fd a&nbsp;ocen\u011bn\u00fd.<\/p>\n<h1>98%<\/h1>\n<p><em>efektivita glob\u00e1ln\u00edho SEO<\/em><\/p>\n<p>Se slu\u017ebou v\u00edcejazy\u010dn\u00e9 integrace kl\u00ed\u010dov\u00fdch slov a&nbsp;SEO od Sk\u0159iv\u00e1nka ud\u011blejte prvn\u00ed krok k&nbsp;tomu, aby se v\u00e1\u0161 obsah stal mocn\u00fdm n\u00e1strojem pro proniknut\u00ed na mezin\u00e1rodn\u00ed trhy. Pom\u016f\u017eeme v\u00e1m zorientovat se v&nbsp;komplexnosti glob\u00e1ln\u00edho SEO, aby v\u00e1\u0161 obsah byl optimalizovan\u00fd, relevantn\u00ed a&nbsp;p\u0159ipraven\u00fd ud\u011blat dojem na sv\u011btov\u00e9 sc\u00e9n\u011b.<\/p>\n<\/div>\n<\/div><\/div><\/div><div id=\"pgc-72309-2-1\"  class=\"panel-grid-cell\" ><div id=\"panel-72309-2-1-0\" class=\"so-panel widget widget_wpforms-widget wpforms-widget panel-first-child panel-last-child\" data-index=\"3\" ><h3 class=\"widget-title\">Kontaktujte n\u00e1s<\/h3>\r\n<style type=\"text\/css\">\r\n\r\n\r\n\r\nbody #wpforms-75265 {\r\n\t\t\r\n\t\t\tfont-family:inherit;}\r\n\r\n\t\r\n\r\n\tbody #wpforms-75265 .wpforms-head-container {\r\n\t\tborder-width: 0px;}\r\n\r\n\tbody #wpforms-75265 .wpforms-head-container .wpforms-title {\r\n\t\t}\r\n\r\n\tbody #wpforms-75265 .wpforms-head-container .wpforms-description {\r\n\t\t\t\tdisplay:block;\r\n\t}\r\n\r\n\r\n\tbody #wpforms-75265 .wpforms-submit-container .wpforms-submit, body #wpforms-75265 .wpforms-field-pagebreak button.wpforms-page-button {\r\n\t\tcolor:#ffffff ;background-color:#ff643b ;border-width:0px ;border-style:solid ;border-radius:10px ;-web-border-radius:10px ;-moz-border-radius:10px ;\t\t\t}\r\n\r\n\tbody #wpforms-75265 .wpforms-submit-container .wpforms-submit:hover, body #wpforms-75265 .wpforms-field-pagebreak button.wpforms-page-button:hover {\r\n\tbackground-color:;\tcolor:;\t}\r\n\r\n\tbody #wpforms-75265 .wpforms-submit-container,\r\n\tbody #wpforms-75265 .wpforms-field-pagebreak .wpforms-pagebreak-left{\r\n\t\t}\r\n\r\n\r\n\tbody #wpforms-75265 .wpforms-form .wpforms-field input[type=text],\r\n\tbody #wpforms-75265 .wpforms-form .wpforms-field input[type=email],\r\n\tbody #wpforms-75265 .wpforms-form .wpforms-field input[type=tel],\r\n\tbody #wpforms-75265 .wpforms-form .wpforms-field input[type=url],\r\n\tbody #wpforms-75265 .wpforms-form .wpforms-field input[type=password],\r\n\tbody #wpforms-75265 .wpforms-form .wpforms-field input[type=number]\r\n\t{\r\n\t\tborder-width:1px ;border-style:solid ;\t\t\t}\r\n\r\n\tbody #wpforms-75265 .wpforms-form .wpforms-field .wpforms-field-row\r\n\t{\r\n\t\t\t}\r\n\r\n\tbody #wpforms-75265 .wpforms-form .wpforms-field-layout.wpforms-field input[type=text],\r\n\tbody #wpforms-75265 .wpforms-form .wpforms-field-layout.wpforms-field input[type=email],\r\n\tbody #wpforms-75265 .wpforms-form .wpforms-field-layout.wpforms-field input[type=tel],\r\n\tbody #wpforms-75265 .wpforms-form .wpforms-field-layout.wpforms-field input[type=url],\r\n\tbody #wpforms-75265 .wpforms-form .wpforms-field-layout.wpforms-field input[type=password],\r\n\tbody #wpforms-75265 .wpforms-form .wpforms-field-layout.wpforms-field input[type=number]{\r\n\t\twidth: 100%;\r\n\t}\r\n\r\n\tbody #wpforms-75265 .wpforms-form .wpforms-field .wpforms-field-row input[type=text]{\r\n\t\twidth: 100%;\r\n\t}\r\n\r\n\r\n\r\n\t#wpforms-75265 .wpforms-form .wpforms-field-layout-rows,\r\n\t#wpforms-75265 .wpforms-form .wpforms-field-layout-columns{\r\n\t\t\t}\r\n\r\n\r\n\r\n\tbody #wpforms-75265 .wpforms-form .wpforms-field textarea {\r\n\t\t\t\t\tborder-width: 1px;\t}\r\n\r\n \r\n\r\n\tbody #wpforms-75265 .wpforms-form .wpforms-field select {\r\n\r\n\t\t\r\n\t\tborder-width: 1px;\t}\r\n\r\n\t\/* dropdown styles on modern background *\/\r\n\tbody #wpforms-75265 .wpforms-form .wpforms-field-select-style-modern .choices__inner{\r\n\t\t\t\t\r\n\t}\r\n\r\n\t\/* background color on modern dropdown *\/\r\n\t\r\n \r\n\tbody #wpforms-75265 .wpforms-form .wpforms-field-radio li label,\r\n\tbody #wpforms-75265 .wpforms-form .wpforms-field-payment-multiple li label {\r\n\t\t\t}\r\n \r\n\tbody #wpforms-75265 .wpforms-form .wpforms-field-checkbox li label {\r\n\t\t\t}\r\n \r\n\tbody #wpforms-75265 .wpforms-form .wpforms-field .wpforms-field-description {\r\n\r\n\t\t\t}\r\n\r\n \r\n\tbody #wpforms-75265 .wpforms-form .wpforms-field label.wpforms-field-label,\r\n\tbody #wpforms-75265 .wpforms-form .wpforms-field .wpforms-field-label {\r\n\t\tfont-weight: bold;\t}\r\n\r\n\r\n \r\n\tbody #wpforms-confirmation-75265  {\r\n\r\n\t\t\t\tborder-width: 1px;\t}\r\n\r\n\tbody #wpforms-confirmation-75265 p{\r\n\t\ttext-transform: uppercase;\r\n\t\ttext-decoration: underline;\r\n\t\tcolor: inherit;\r\n\t}\r\n\r\n \r\n\tbody #wpforms-75265 label.wpforms-error,\r\n\tbody #wpforms-75265 .wpforms-error[role=\"alert\"] {\r\n\t\t\r\n\t\t\t\tborder-width: 1px;\t}\r\n\/* Styling for Tablets *\/\r\n@media only screen and (max-width: 800px) and (min-width:481px) {\r\n\t\r\n\r\n\r\n\r\n}\r\n\r\n@media only screen and (max-width: 480px){\r\n\t\r\n\r\n\r\n\r\n}\r\n\/*Option to add custom CSS *\/\r\n\r\n\r\n\r\n\t\t<\/style>\r\n\t\t<div class=\"wpforms-container wpforms-container-full wpforms-render-modern\" id=\"wpforms-75265\"><form id=\"wpforms-form-75265\" class=\"wpforms-validate wpforms-form wpforms-ajax-form\" data-formid=\"75265\" method=\"post\" enctype=\"multipart\/form-data\" action=\"\/cz\/wp-json\/wp\/v2\/pages\/72309\" data-token=\"cc3715db2ec55c4de6c9ea5a7a6205f7\" data-token-time=\"1776179552\"><noscript class=\"wpforms-error-noscript\">Chcete-li vyplnit tento formul\u00e1\u0159, pros\u00edm povolte v&nbsp;prohl\u00ed\u017ee\u010di JavaScript.<\/noscript><div id=\"wpforms-error-noscript\" style=\"display: none;\">Chcete-li vyplnit tento formul\u00e1\u0159, pros\u00edm povolte v&nbsp;prohl\u00ed\u017ee\u010di JavaScript.<\/div><div class=\"wpforms-field-container\"><div id=\"wpforms-75265-field_15-container\" class=\"wpforms-field wpforms-field-layout\" data-field-id=\"15\"><div class=\"wpforms-field-layout-rows wpforms-field-large\"><div class=\"wpforms-layout-row\"><div class=\"wpforms-layout-column wpforms-layout-column-50\"><div id=\"wpforms-75265-field_1-container\" class=\"wpforms-field wpforms-field-name\" data-field-id=\"1\"><label class=\"wpforms-field-label\" for=\"wpforms-75265-field_1\">Va\u0161e jm\u00e9no <span class=\"wpforms-required-label\" aria-hidden=\"true\">*<\/span><\/label><input type=\"text\" id=\"wpforms-75265-field_1\" class=\"wpforms-field-medium wpforms-field-required\" name=\"wpforms[fields][1]\" aria-errormessage=\"wpforms-75265-field_1-error\" required><\/div><\/div><div class=\"wpforms-layout-column wpforms-layout-column-50\"><div id=\"wpforms-75265-field_31-container\" class=\"wpforms-field wpforms-field-text\" data-field-id=\"31\"><label class=\"wpforms-field-label\" for=\"wpforms-75265-field_31\">N\u00e1zev spole\u010dnosti<\/label><input type=\"text\" id=\"wpforms-75265-field_31\" class=\"wpforms-field-medium\" name=\"wpforms[fields][31]\" aria-errormessage=\"wpforms-75265-field_31-error\" ><\/div><\/div><\/div><div class=\"wpforms-layout-row\"><div class=\"wpforms-layout-column wpforms-layout-column-50\"><div id=\"wpforms-75265-field_2-container\" class=\"wpforms-field wpforms-field-email\" data-field-id=\"2\"><label class=\"wpforms-field-label\" for=\"wpforms-75265-field_2\">Email <span class=\"wpforms-required-label\" aria-hidden=\"true\">*<\/span><\/label><input type=\"email\" id=\"wpforms-75265-field_2\" class=\"wpforms-field-medium wpforms-field-required\" name=\"wpforms[fields][2]\" spellcheck=\"false\" aria-errormessage=\"wpforms-75265-field_2-error\" required><\/div><\/div><div class=\"wpforms-layout-column wpforms-layout-column-50\"><div id=\"wpforms-75265-field_3-container\" class=\"wpforms-field wpforms-field-phone\" data-field-id=\"3\"><label class=\"wpforms-field-label\" for=\"wpforms-75265-field_3\">Telefon<\/label><input type=\"tel\" id=\"wpforms-75265-field_3\" class=\"wpforms-field-medium wpforms-smart-phone-field\" data-rule-smart-phone-field=\"true\" name=\"wpforms[fields][3]\" aria-label=\"Telefon\" aria-errormessage=\"wpforms-75265-field_3-error\" ><\/div><\/div><\/div><\/div><\/div><div id=\"wpforms-75265-field_7-container\" class=\"wpforms-field wpforms-field-textarea\" data-field-id=\"7\"><label class=\"wpforms-field-label\" for=\"wpforms-75265-field_7\">Dejte n\u00e1m v\u011bd\u011bt, jak\u00e9 slu\u017eby nebo \u0159e\u0161en\u00ed pot\u0159ebujete.<\/label><textarea id=\"wpforms-75265-field_7\" class=\"wpforms-field-medium\" name=\"wpforms[fields][7]\" aria-errormessage=\"wpforms-75265-field_7-error\" aria-describedby=\"wpforms-75265-field_7-description\" ><\/textarea><div id=\"wpforms-75265-field_7-description\" class=\"wpforms-field-description\">P\u0159iprav\u00edme pro v\u00e1s <strong>nez\u00e1vaznou nab\u00eddku na m\u00edru<\/strong>, kter\u00e1 p\u0159esn\u011b odpov\u00edd\u00e1 va\u0161im po\u017eadavk\u016fm a&nbsp;pom\u016f\u017ee v\u00e1m dos\u00e1hnout va\u0161ich c\u00edl\u016f. M\u00e1te dotazy ohledn\u011b AI nebo dal\u0161\u00edch na\u0161ich slu\u017eeb? R\u00e1di v\u00e1m je zodpov\u00edme. Jsme tu pro v\u00e1s.<\/div><\/div><div id=\"wpforms-75265-field_16-container\" class=\"wpforms-field wpforms-field-html\" data-field-id=\"16\"><div id=\"wpforms-75265-field_16\" aria-errormessage=\"wpforms-75265-field_16-error\"><font size=\"2\">Odesl\u00e1n\u00edm popt\u00e1vky souhlas\u00edte se <a href=\"https:\/\/skrivanek.cz\/cz\/zpracovani-ochrana-osobnich-udaju\/\" title=\"Z\u00e1sady zpracov\u00e1n\u00ed osobn\u00edch \u00fadaj\u016f\" target=\"_blank\">z\u00e1sadami zpracov\u00e1n\u00ed osobn\u00edch \u00fadaj\u016f<\/a>.<\/font><\/div><\/div><div id=\"wpforms-75265-field_32-container\" class=\"wpforms-field wpforms-field-hidden\" data-field-id=\"32\"><input type=\"hidden\" id=\"wpforms-75265-field_32\" name=\"wpforms[fields][32]\" value=\"[channel]\"><\/div><div id=\"wpforms-75265-field_33-container\" class=\"wpforms-field wpforms-field-hidden\" data-field-id=\"33\"><input type=\"hidden\" id=\"wpforms-75265-field_33\" name=\"wpforms[fields][33]\" value=\"[channeldrilldown1]\"><\/div><div id=\"wpforms-75265-field_34-container\" class=\"wpforms-field wpforms-field-hidden\" data-field-id=\"34\"><input type=\"hidden\" id=\"wpforms-75265-field_34\" name=\"wpforms[fields][34]\" value=\"[channeldrilldown2]\"><\/div><div id=\"wpforms-75265-field_35-container\" class=\"wpforms-field wpforms-field-hidden\" data-field-id=\"35\"><input type=\"hidden\" id=\"wpforms-75265-field_35\" name=\"wpforms[fields][35]\" value=\"[channeldrilldown3]\"><\/div>\t\t<div id=\"wpforms-75265-field_4-container\"\n\t\t\tclass=\"wpforms-field wpforms-field-text\"\n\t\t\tdata-field-type=\"text\"\n\t\t\tdata-field-id=\"4\"\n\t\t\t>\n\t\t\t<label class=\"wpforms-field-label\" for=\"wpforms-75265-field_4\" >Channel pot\u0159ebujete. Email<\/label>\n\t\t\t<input type=\"text\" id=\"wpforms-75265-field_4\" class=\"wpforms-field-medium\" name=\"wpforms[fields][4]\" >\n\t\t<\/div>\n\t\t<div id=\"wpforms-75265-field_36-container\" class=\"wpforms-field wpforms-field-hidden\" data-field-id=\"36\"><input type=\"hidden\" id=\"wpforms-75265-field_36\" name=\"wpforms[fields][36]\" value=\"[landingpage]\"><\/div><div id=\"wpforms-75265-field_37-container\" class=\"wpforms-field wpforms-field-hidden\" data-field-id=\"37\"><input type=\"hidden\" id=\"wpforms-75265-field_37\" name=\"wpforms[fields][37]\" value=\"[landingpagegroup]\"><\/div><script>\n\t\t\t\t( function() {\n\t\t\t\t\tconst style = document.createElement( 'style' );\n\t\t\t\t\tstyle.appendChild( document.createTextNode( '#wpforms-75265-field_4-container { position: absolute !important; overflow: hidden !important; display: inline !important; height: 1px !important; width: 1px !important; z-index: -1000 !important; padding: 0 !important; } #wpforms-75265-field_4-container input { visibility: hidden; } #wpforms-conversational-form-page #wpforms-75265-field_4-container label { counter-increment: none; }' ) );\n\t\t\t\t\tdocument.head.appendChild( style );\n\t\t\t\t\tdocument.currentScript?.remove();\n\t\t\t\t} )();\n\t\t\t<\/script><\/div><!-- .wpforms-field-container --><div class=\"wpforms-recaptcha-container wpforms-is-recaptcha wpforms-is-recaptcha-type-v3\" ><input type=\"hidden\" name=\"wpforms[recaptcha]\" value=\"\"><\/div><div class=\"wpforms-submit-container\" ><input type=\"hidden\" name=\"wpforms[id]\" value=\"75265\"><input type=\"hidden\" name=\"page_title\" value=\"\"><input type=\"hidden\" name=\"page_url\" value=\"https:\/\/skrivanek.cz\/cz\/wp-json\/wp\/v2\/pages\/72309\"><input type=\"hidden\" name=\"url_referer\" value=\"\"><button type=\"submit\" name=\"wpforms[submit]\" id=\"wpforms-submit-75265\" class=\"wpforms-submit\" data-alt-text=\"Odes\u00edl\u00e1n\u00ed...\" data-submit-text=\"Odeslat\" aria-live=\"assertive\" value=\"wpforms-submit\">Odeslat<\/button><img loading=\"lazy\" decoding=\"async\" src=\"https:\/\/skrivanek.cz\/wp-content\/plugins\/wpforms\/assets\/images\/submit-spin.svg\" class=\"wpforms-submit-spinner\" style=\"display: none;\" width=\"26\" height=\"26\" alt=\"Na\u010d\u00edt\u00e1n\u00ed\"><\/div><\/form><\/div>  <!-- .wpforms-container --><\/div><\/div><\/div><\/div><div id=\"pg-72309-3\"  class=\"panel-grid panel-no-style\" ><div id=\"pgc-72309-3-0\"  class=\"panel-grid-cell panel-grid-cell-empty\" ><\/div><\/div><\/div>","protected":false},"excerpt":{"rendered":"<p>Efektivn\u00ed anal\u00fdza kl\u00ed\u010dov\u00fdch slov ve v\u00edce jazyc\u00edch Glob\u00e1ln\u00ed optimalizace kl\u00ed\u010dov\u00fdch slov N\u00e1\u0161 p\u0159\u00edstup poh\u00e1n\u011bn\u00fd um\u011blou inteligenc\u00ed umo\u017e\u0148uje efektivn\u00ed anal\u00fdzu kl\u00ed\u010dov\u00fdch slov nap\u0159\u00ed\u010d r\u016fzn\u00fdmi jazyky, d\u00edky \u010demu\u017e dok\u00e1\u017eeme identifikovat ta nejlep\u0161\u00ed kl\u00ed\u010dov\u00e1 slova pro v\u00e1\u0161 obsah, bez ohledu na jazykov\u00e9 a&nbsp;kulturn\u00ed rozd\u00edly va\u0161ich c\u00edlov\u00fdch trh\u016f. Tento pe\u010dliv\u00fd proces zaji\u0161\u0165uje, \u017ee va\u0161e SEO strategie bude nejen \u00fa\u010dinn\u00e1, [&hellip;]<\/p>\n","protected":false},"author":9,"featured_media":0,"parent":71988,"menu_order":0,"comment_status":"closed","ping_status":"closed","template":"","meta":{"_acf_changed":false,"footnotes":""},"class_list":["post-72309","page","type-page","status-publish","hentry"],"acf":[],"aioseo_notices":[],"_links":{"self":[{"href":"https:\/\/skrivanek.cz\/cz\/wp-json\/wp\/v2\/pages\/72309","targetHints":{"allow":["GET"]}}],"collection":[{"href":"https:\/\/skrivanek.cz\/cz\/wp-json\/wp\/v2\/pages"}],"about":[{"href":"https:\/\/skrivanek.cz\/cz\/wp-json\/wp\/v2\/types\/page"}],"author":[{"embeddable":true,"href":"https:\/\/skrivanek.cz\/cz\/wp-json\/wp\/v2\/users\/9"}],"replies":[{"embeddable":true,"href":"https:\/\/skrivanek.cz\/cz\/wp-json\/wp\/v2\/comments?post=72309"}],"version-history":[{"count":4,"href":"https:\/\/skrivanek.cz\/cz\/wp-json\/wp\/v2\/pages\/72309\/revisions"}],"predecessor-version":[{"id":80151,"href":"https:\/\/skrivanek.cz\/cz\/wp-json\/wp\/v2\/pages\/72309\/revisions\/80151"}],"up":[{"embeddable":true,"href":"https:\/\/skrivanek.cz\/cz\/wp-json\/wp\/v2\/pages\/71988"}],"wp:attachment":[{"href":"https:\/\/skrivanek.cz\/cz\/wp-json\/wp\/v2\/media?parent=72309"}],"curies":[{"name":"wp","href":"https:\/\/api.w.org\/{rel}","templated":true}]}}