{"id":72538,"date":"2024-10-26T13:02:52","date_gmt":"2024-10-26T11:02:52","guid":{"rendered":"https:\/\/skrivanek.cz\/?page_id=72538"},"modified":"2024-11-05T12:50:08","modified_gmt":"2024-11-05T11:50:08","slug":"technology-driven","status":"publish","type":"page","link":"https:\/\/skrivanek.cz\/cz\/technology-driven\/","title":{"rendered":"Technology driven"},"content":{"rendered":"<div id=\"pl-72538\"  class=\"panel-layout\" ><div id=\"pg-72538-0\"  class=\"panel-grid panel-no-style\" ><div id=\"pgc-72538-0-0\"  class=\"panel-grid-cell\" ><div id=\"panel-72538-0-0-0\" class=\"so-panel widget widget_sow-editor panel-first-child panel-last-child\" data-index=\"0\" ><div\n\t\t\t\n\t\t\tclass=\"so-widget-sow-editor so-widget-sow-editor-base\"\n\t\t\t\n\t\t>\n<div class=\"siteorigin-widget-tinymce textwidget\">\n\t<div class=\"woocommerce columns-4 \"><ul class=\"products columns-4\">\n<li class=\"product type-product post-72535 status-publish first instock product_cat-technology-driven has-post-thumbnail shipping-taxable purchasable product-type-variable has-default-attributes\">\n\t<a href=\"https:\/\/skrivanek.cz\/cz\/produkt\/integrace-audio\/\" class=\"woocommerce-LoopProduct-link woocommerce-loop-product__link\"><figure class=\"r3x2\"><img loading=\"lazy\" decoding=\"async\" width=\"340\" height=\"226\" src=\"https:\/\/skrivanek.cz\/wp-content\/uploads\/2024\/09\/ai-eye-340x226.jpg\" class=\"attachment-woocommerce_thumbnail size-woocommerce_thumbnail\" alt=\"ai\" \/><\/figure><h2 class=\"woocommerce-loop-product__title\">Integrace audia<\/h2>\n\t<span class=\"price\"><span class=\"woocommerce-Price-amount amount\" aria-hidden=\"true\"><bdi>700&nbsp;<span class=\"woocommerce-Price-currencySymbol\">&#75;&#269;<\/span><\/bdi><\/span> <span aria-hidden=\"true\">&ndash;<\/span> <span class=\"woocommerce-Price-amount amount\" aria-hidden=\"true\"><bdi>2.100&nbsp;<span class=\"woocommerce-Price-currencySymbol\">&#75;&#269;<\/span><\/bdi><\/span><span class=\"screen-reader-text\">Rozp\u011bt\u00ed cen: 700&nbsp;&#75;&#269; a\u017e 2.100&nbsp;&#75;&#269;<\/span><\/span>\n<\/a><a href=\"https:\/\/skrivanek.cz\/cz\/produkt\/integrace-audio\/\" aria-describedby=\"woocommerce_loop_add_to_cart_link_describedby_72535\" data-quantity=\"1\" class=\"button product_type_variable add_to_cart_button\" data-product_id=\"72535\" data-product_sku=\"AVM\" aria-label=\"Vyberte nastaven\u00ed pro &bdquo;Integrace audia&ldquo;\" rel=\"nofollow\">Objednat<\/a>\t<span id=\"woocommerce_loop_add_to_cart_link_describedby_72535\" class=\"screen-reader-text\">\n\t\tTento produkt m\u00e1 v\u00edce variant. Mo\u017enosti lze vybrat na str\u00e1nce produktu\t<\/span>\n<\/li>\n<li class=\"product type-product post-72532 status-publish instock product_cat-technology-driven has-post-thumbnail shipping-taxable purchasable product-type-variable has-default-attributes\">\n\t<a href=\"https:\/\/skrivanek.cz\/cz\/produkt\/integrace-titulku\/\" class=\"woocommerce-LoopProduct-link woocommerce-loop-product__link\"><figure class=\"r3x2\"><img loading=\"lazy\" decoding=\"async\" width=\"340\" height=\"226\" src=\"https:\/\/skrivanek.cz\/wp-content\/uploads\/2024\/09\/ai-eye-340x226.jpg\" class=\"attachment-woocommerce_thumbnail size-woocommerce_thumbnail\" alt=\"ai\" \/><\/figure><h2 class=\"woocommerce-loop-product__title\">Integrace titulk\u016f<\/h2>\n\t<span class=\"price\"><span class=\"woocommerce-Price-amount amount\" aria-hidden=\"true\"><bdi>500&nbsp;<span class=\"woocommerce-Price-currencySymbol\">&#75;&#269;<\/span><\/bdi><\/span> <span aria-hidden=\"true\">&ndash;<\/span> <span class=\"woocommerce-Price-amount amount\" aria-hidden=\"true\"><bdi>1.500&nbsp;<span class=\"woocommerce-Price-currencySymbol\">&#75;&#269;<\/span><\/bdi><\/span><span class=\"screen-reader-text\">Rozp\u011bt\u00ed cen: 500&nbsp;&#75;&#269; a\u017e 1.500&nbsp;&#75;&#269;<\/span><\/span>\n<\/a><a href=\"https:\/\/skrivanek.cz\/cz\/produkt\/integrace-titulku\/\" aria-describedby=\"woocommerce_loop_add_to_cart_link_describedby_72532\" data-quantity=\"1\" class=\"button product_type_variable add_to_cart_button\" data-product_id=\"72532\" data-product_sku=\"SI\" aria-label=\"Vyberte nastaven\u00ed pro &bdquo;Integrace titulk\u016f&ldquo;\" rel=\"nofollow\">Objednat<\/a>\t<span id=\"woocommerce_loop_add_to_cart_link_describedby_72532\" class=\"screen-reader-text\">\n\t\tTento produkt m\u00e1 v\u00edce variant. Mo\u017enosti lze vybrat na str\u00e1nce produktu\t<\/span>\n<\/li>\n<\/ul>\n<\/div>\n<\/div>\n<\/div><\/div><\/div><\/div><\/div>","protected":false},"excerpt":{"rendered":"<p>Integrace audia 700&nbsp;&#75;&#269; &ndash; 2.100&nbsp;&#75;&#269;Rozp\u011bt\u00ed cen: 700&nbsp;&#75;&#269; a\u017e 2.100&nbsp;&#75;&#269; Objednat Tento produkt m\u00e1 v\u00edce variant. Mo\u017enosti lze vybrat na str\u00e1nce produktu Integrace titulk\u016f 500&nbsp;&#75;&#269; &ndash; 1.500&nbsp;&#75;&#269;Rozp\u011bt\u00ed cen: 500&nbsp;&#75;&#269; a\u017e 1.500&nbsp;&#75;&#269; Objednat Tento produkt m\u00e1 v\u00edce variant. Mo\u017enosti lze vybrat na str\u00e1nce produktu<\/p>\n","protected":false},"author":1,"featured_media":0,"parent":0,"menu_order":0,"comment_status":"closed","ping_status":"closed","template":"","meta":{"_acf_changed":false,"footnotes":""},"class_list":["post-72538","page","type-page","status-publish","hentry"],"acf":[],"aioseo_notices":[],"_links":{"self":[{"href":"https:\/\/skrivanek.cz\/cz\/wp-json\/wp\/v2\/pages\/72538","targetHints":{"allow":["GET"]}}],"collection":[{"href":"https:\/\/skrivanek.cz\/cz\/wp-json\/wp\/v2\/pages"}],"about":[{"href":"https:\/\/skrivanek.cz\/cz\/wp-json\/wp\/v2\/types\/page"}],"author":[{"embeddable":true,"href":"https:\/\/skrivanek.cz\/cz\/wp-json\/wp\/v2\/users\/1"}],"replies":[{"embeddable":true,"href":"https:\/\/skrivanek.cz\/cz\/wp-json\/wp\/v2\/comments?post=72538"}],"version-history":[{"count":5,"href":"https:\/\/skrivanek.cz\/cz\/wp-json\/wp\/v2\/pages\/72538\/revisions"}],"predecessor-version":[{"id":72664,"href":"https:\/\/skrivanek.cz\/cz\/wp-json\/wp\/v2\/pages\/72538\/revisions\/72664"}],"wp:attachment":[{"href":"https:\/\/skrivanek.cz\/cz\/wp-json\/wp\/v2\/media?parent=72538"}],"curies":[{"name":"wp","href":"https:\/\/api.w.org\/{rel}","templated":true}]}}