{"id":72678,"date":"2024-11-05T13:34:12","date_gmt":"2024-11-05T12:34:12","guid":{"rendered":"https:\/\/skrivanek.cz\/?page_id=72678"},"modified":"2026-02-09T17:38:56","modified_gmt":"2026-02-09T16:38:56","slug":"barbora-tricatnikova","status":"publish","type":"page","link":"https:\/\/skrivanek.cz\/cz\/nas-tym\/barbora-tricatnikova\/","title":{"rendered":"Ing. Barbora T\u0159ic\u00e1tn\u00edkov\u00e1"},"content":{"rendered":"<div id=\"pl-72678\"  class=\"panel-layout\" ><div id=\"pg-72678-0\"  class=\"panel-grid panel-has-style\"  style=\"margin-bottom: 0px\" ><div class=\"panel-row-padding-none panel-row-style panel-row-style-for-72678-0\" ><div id=\"pgc-72678-0-0\"  class=\"panel-grid-cell\" ><div id=\"panel-72678-0-0-0\" class=\"so-panel widget widget_wpa9-editor-ext panel-first-child panel-last-child\" data-index=\"0\" ><div\n\t\t\t\n\t\t\tclass=\"so-widget-wpa9-editor-ext so-widget-wpa9-editor-ext-default-c93e1481a745-72678\"\n\t\t\t\n\t\t>\n<div class=\"siteorigin-widget-tinymce textwidget\">\n\t<p><img loading=\"lazy\" decoding=\"async\" class=\"wp-image-72680\" src=\"https:\/\/skrivanek.cz\/wp-content\/uploads\/2024\/11\/barbora-tricatnikova.jpg\" alt=\"Ing. Barbora T\u0159ic\u00e1tn\u00edkov\u00e1\" width=\"300\" height=\"300\" \/><\/p>\n<\/div>\n<\/div><\/div><\/div><div id=\"pgc-72678-0-1\"  class=\"panel-grid-cell\" ><div id=\"panel-72678-0-1-0\" class=\"so-panel widget widget_wpa9-editor-ext panel-first-child panel-last-child\" data-index=\"1\" ><div\n\t\t\t\n\t\t\tclass=\"so-widget-wpa9-editor-ext so-widget-wpa9-editor-ext-default-c93e1481a745-72678\"\n\t\t\t\n\t\t>\n<div class=\"siteorigin-widget-tinymce textwidget\">\n\t<p><span style=\"font-size: 20px;\">Obchodn\u00ed z\u00e1stupce pro oblast X<\/span><\/p>\n<div class=\"columns columns-2\" data-columns=\"2\">\n<div class=\"column column-1\">\n<p>E-mail: <a href=\"javascript:secureDecryptAndNavigate('mIaF99vBVkIRvbnvYIBxSAccnQAdiKrLdnpDW0+KN6pTi945wh3tIV7Xwxl5iD+D1z2p\/Zqz5DR9BM34VsYb3tq1i8LfoLzF+njkq8MfaoixMjzAO6ta0g==', '9c1e8f5271bf4f233390c22bdf43601f044e80460c2e9cc63c40d8bc66437679')\">&#98;&#97;&#114;&#98;or&#97;.t&#114;&#105;catnik&#111;&#118;&#97;&#64;skr&#105;&#118;&#97;&#110;ek.c&#122;<\/a><\/p>\n<p>Telefon: +420&nbsp;603&nbsp;145&nbsp;410<br \/>\n<a class=\"btn btn-negative btn-size-1\" href=\"https:\/\/outlook.office.com\/bookwithme\/user\/&#100;&#50;&#51;&#54;3&#48;3&#54;d&#49;9c&#52;0&#55;&#100;8&#99;&#56;&#57;&#55;f18&#101;&#48;&#100;&#56;&#99;e&#52;&#49;&#64;s&#107;&#114;&#105;&#118;a&#110;e&#107;.&#99;&#122;?anonymous&amp;ep=plink\"><span style=\"font-size: 22px;\">Sjednat sch\u016fzku<\/span><\/a><\/p>\n<p><span style=\"font-size: 20px;\"><strong>Jazyky:<\/strong><\/span><\/p>\n<ul>\n<li>\u010ce\u0161tina (rodil\u00fd mluv\u010d\u00ed)<\/li>\n<li>Angli\u010dtina (pokro\u010dil\u00e1 \u00farove\u0148)<\/li>\n<li>Francouz\u0161tina (st\u0159edn\u011b pokro\u010dil\u00e1 \u00farove\u0148)<\/li>\n<\/ul>\n<\/div>\n<div class=\"column column-2\">\n<p><span style=\"font-size: 20px;\"><strong>Odborn\u00e9 kvalifikace a&nbsp;certifikace:<\/strong><\/span><\/p>\n<p>Barbora disponuje bohat\u00fdmi zku\u0161enostmi v&nbsp;oblasti obchodu a&nbsp;p\u00e9\u010de o&nbsp;klienty s&nbsp;d\u016frazem na jazykov\u00e9 slu\u017eby a&nbsp;individu\u00e1ln\u00ed p\u0159\u00edstup. \u00dasp\u011b\u0161n\u011b absolvovala \u0161kolen\u00ed zam\u011b\u0159en\u00e1 na obchodn\u00ed komunikaci a&nbsp;efektivn\u00ed vyjedn\u00e1v\u00e1n\u00ed, co\u017e j\u00ed umo\u017e\u0148uje efektivn\u011b analyzovat pot\u0159eby klient\u016f a&nbsp;nab\u00eddnout jim \u0159e\u0161en\u00ed \u0161it\u00e1 na m\u00edru.<\/p>\n<\/div>\n<\/div>\n<\/div>\n<\/div><\/div><\/div><\/div><\/div><div id=\"pg-72678-1\"  class=\"panel-grid panel-has-style\" ><div class=\"siteorigin-panels-stretch panel-row-padding-none panel-row-style panel-row-style-for-72678-1\" data-stretch-type=\"full\" ><div id=\"pgc-72678-1-0\"  class=\"panel-grid-cell\" ><div id=\"panel-72678-1-0-0\" class=\"so-panel widget widget_wpa9-editor-ext panel-first-child panel-last-child\" data-index=\"2\" ><div\n\t\t\t\n\t\t\tclass=\"so-widget-wpa9-editor-ext so-widget-wpa9-editor-ext-default-c93e1481a745-72678\"\n\t\t\t\n\t\t>\n<div class=\"siteorigin-widget-tinymce textwidget\">\n\t<p>\u201eVe Sk\u0159iv\u00e1nku se sna\u017e\u00edm o&nbsp;vytv\u00e1\u0159en\u00ed dlouhodob\u00fdch vztah\u016f s&nbsp;na\u0161imi klienty. V\u011b\u0159\u00edm, \u017ee jazyk je mostem, kter\u00fd spojuje firmy s&nbsp;jejich c\u00edlov\u00fdmi trhy, a&nbsp;\u017ee kvalitn\u00ed jazykov\u00e9 slu\u017eby mohou b\u00fdt kl\u00ed\u010dov\u00fdm prvkem \u00fasp\u011bchu. Spole\u010dn\u011b se mnou naleznete jazykov\u00e9 \u0159e\u0161en\u00ed p\u0159esn\u011b dle va\u0161ich po\u017eadavk\u016f, od p\u0159eklad\u016f a&nbsp;tlumo\u010den\u00ed a\u017e po&nbsp;jazykov\u00e9 vzd\u011bl\u00e1v\u00e1n\u00ed. R\u00e1da se stanu va\u0161\u00edm pr\u016fvodcem na cest\u011b k&nbsp;nov\u00fdm mo\u017enostem a&nbsp;t\u011b\u0161\u00edm se na na\u0161i spolupr\u00e1ci.\u201c<\/p>\n<\/div>\n<\/div><\/div><\/div><\/div><\/div><\/div>","protected":false},"excerpt":{"rendered":"<p>Obchodn\u00ed z\u00e1stupce pro oblast X E-mail: ba&#114;&#98;o&#114;a.tric&#97;&#116;n&#105;&#107;o&#118;&#97;&#64;&#115;&#107;&#114;&#105;v&#97;&#110;ek.&#99;z&nbsp;Telefon: +420&nbsp;603&nbsp;145&nbsp;410 Sjednat sch\u016fzku Jazyky: \u010ce\u0161tina (rodil\u00fd mluv\u010d\u00ed) Angli\u010dtina (pokro\u010dil\u00e1 \u00farove\u0148) Francouz\u0161tina (st\u0159edn\u011b pokro\u010dil\u00e1 \u00farove\u0148) Odborn\u00e9 kvalifikace a&nbsp;certifikace: Barbora disponuje bohat\u00fdmi zku\u0161enostmi v&nbsp;oblasti obchodu a&nbsp;p\u00e9\u010de o&nbsp;klienty s&nbsp;d\u016frazem na jazykov\u00e9 slu\u017eby a&nbsp;individu\u00e1ln\u00ed p\u0159\u00edstup. \u00dasp\u011b\u0161n\u011b absolvovala \u0161kolen\u00ed zam\u011b\u0159en\u00e1 na obchodn\u00ed komunikaci a&nbsp;efektivn\u00ed vyjedn\u00e1v\u00e1n\u00ed, co\u017e j\u00ed umo\u017e\u0148uje efektivn\u011b analyzovat pot\u0159eby klient\u016f [&hellip;]<\/p>\n","protected":false},"author":9,"featured_media":0,"parent":71598,"menu_order":0,"comment_status":"closed","ping_status":"closed","template":"","meta":{"_acf_changed":false,"footnotes":""},"class_list":["post-72678","page","type-page","status-publish","hentry"],"acf":[],"aioseo_notices":[],"_links":{"self":[{"href":"https:\/\/skrivanek.cz\/cz\/wp-json\/wp\/v2\/pages\/72678","targetHints":{"allow":["GET"]}}],"collection":[{"href":"https:\/\/skrivanek.cz\/cz\/wp-json\/wp\/v2\/pages"}],"about":[{"href":"https:\/\/skrivanek.cz\/cz\/wp-json\/wp\/v2\/types\/page"}],"author":[{"embeddable":true,"href":"https:\/\/skrivanek.cz\/cz\/wp-json\/wp\/v2\/users\/9"}],"replies":[{"embeddable":true,"href":"https:\/\/skrivanek.cz\/cz\/wp-json\/wp\/v2\/comments?post=72678"}],"version-history":[{"count":3,"href":"https:\/\/skrivanek.cz\/cz\/wp-json\/wp\/v2\/pages\/72678\/revisions"}],"predecessor-version":[{"id":72686,"href":"https:\/\/skrivanek.cz\/cz\/wp-json\/wp\/v2\/pages\/72678\/revisions\/72686"}],"up":[{"embeddable":true,"href":"https:\/\/skrivanek.cz\/cz\/wp-json\/wp\/v2\/pages\/71598"}],"wp:attachment":[{"href":"https:\/\/skrivanek.cz\/cz\/wp-json\/wp\/v2\/media?parent=72678"}],"curies":[{"name":"wp","href":"https:\/\/api.w.org\/{rel}","templated":true}]}}