{"id":72694,"date":"2024-11-05T13:43:12","date_gmt":"2024-11-05T12:43:12","guid":{"rendered":"https:\/\/skrivanek.cz\/?page_id=72694"},"modified":"2026-02-09T17:39:12","modified_gmt":"2026-02-09T16:39:12","slug":"petra-buresova","status":"publish","type":"page","link":"https:\/\/skrivanek.cz\/cz\/nas-tym\/petra-buresova\/","title":{"rendered":"Ing. Petra Bure\u0161ov\u00e1"},"content":{"rendered":"<div id=\"pl-72694\"  class=\"panel-layout\" ><div id=\"pg-72694-0\"  class=\"panel-grid panel-has-style\"  style=\"margin-bottom: 0px\" ><div class=\"panel-row-padding-none panel-row-style panel-row-style-for-72694-0\" ><div id=\"pgc-72694-0-0\"  class=\"panel-grid-cell\" ><div id=\"panel-72694-0-0-0\" class=\"so-panel widget widget_wpa9-editor-ext panel-first-child panel-last-child\" data-index=\"0\" ><div\n\t\t\t\n\t\t\tclass=\"so-widget-wpa9-editor-ext so-widget-wpa9-editor-ext-default-c93e1481a745-72694\"\n\t\t\t\n\t\t>\n<div class=\"siteorigin-widget-tinymce textwidget\">\n\t<\/div>\n<\/div><\/div><\/div><div id=\"pgc-72694-0-1\"  class=\"panel-grid-cell\" ><div id=\"panel-72694-0-1-0\" class=\"so-panel widget widget_wpa9-editor-ext panel-first-child panel-last-child\" data-index=\"1\" ><div\n\t\t\t\n\t\t\tclass=\"so-widget-wpa9-editor-ext so-widget-wpa9-editor-ext-default-c93e1481a745-72694\"\n\t\t\t\n\t\t>\n<div class=\"siteorigin-widget-tinymce textwidget\">\n\t<p><span style=\"font-size: 20px;\">Obchodn\u00ed z\u00e1stupce pro oblast X<\/span><\/p>\n<div class=\"columns columns-2\" data-columns=\"2\">\n<div class=\"column column-1\">\n<p>E-mail: <a href=\"javascript:secureDecryptAndNavigate('mUgFhi1v3m\/GV4T6HbljlK9ac3WDwV2IvhJoBQH7Spxn8Zb+5yT9GQhrAwVC1vxVbCT8LiFMNIHYiPBHJHTByVSF6UheSTzXOx75i3Vu19dmrg==', '9c1e8f5271bf4f233390c22bdf43601f044e80460c2e9cc63c40d8bc66437679')\">&#112;&#101;&#116;ra&#46;&#98;ur&#101;so&#118;&#97;&#64;sk&#114;iva&#110;&#101;&#107;.&#99;&#122;<\/a><\/p>\n<p>Telefon: +420&nbsp;731&nbsp;401&nbsp;488<br \/>\n<a class=\"btn btn-negative btn-size-1\" href=\"https:\/\/outlook.office.com\/bookwithme\/user\/d2363&#48;&#51;6d&#49;9c&#52;07&#100;8&#99;897f1&#56;e&#48;&#100;&#56;&#99;e4&#49;&#64;&#115;k&#114;ivane&#107;.c&#122;?anonymous&amp;ep=plink\"><span style=\"font-size: 22px;\">Sjednat sch\u016fzku<\/span><\/a><\/p>\n<p><span style=\"font-size: 20px;\"><strong>Jazyky:<\/strong><\/span><\/p>\n<ul>\n<li>\u010ce\u0161tina (rodil\u00fd mluv\u010d\u00ed)<\/li>\n<li>Angli\u010dtina (pokro\u010dil\u00e1 \u00farove\u0148)<\/li>\n<li>Francouz\u0161tina (st\u0159edn\u011b pokro\u010dil\u00e1 \u00farove\u0148)<\/li>\n<\/ul>\n<\/div>\n<div class=\"column column-2\">\n<p><span style=\"font-size: 20px;\"><strong>Odborn\u00e9 kvalifikace a&nbsp;certifikace:<\/strong><\/span><\/p>\n<p>Petra Bure\u0161ov\u00e1 je profesion\u00e1lkou v&nbsp;oblasti projektov\u00e9ho \u0159\u00edzen\u00ed jazykov\u00fdch slu\u017eeb s&nbsp;rozs\u00e1hl\u00fdmi zku\u0161enostmi v&nbsp;tvorb\u011b komplexn\u00edch jazykov\u00fdch \u0159e\u0161en\u00ed. D\u00edky specializovan\u00e9mu vzd\u011bl\u00e1n\u00ed v&nbsp;obchodn\u00ed komunikaci a&nbsp;p\u0159\u00edstupu k&nbsp;z\u00e1kazn\u00edk\u016fm dok\u00e1\u017ee v\u00fdborn\u011b rozpoznat, co klienti skute\u010dn\u011b pot\u0159ebuj\u00ed, a&nbsp;nab\u00eddnout jim slu\u017eby, kter\u00e9 budou odpov\u00eddat jejich dlouhodob\u00fdm c\u00edl\u016fm.<\/p>\n<\/div>\n<\/div>\n<\/div>\n<\/div><\/div><\/div><\/div><\/div><div id=\"pg-72694-1\"  class=\"panel-grid panel-has-style\" ><div class=\"siteorigin-panels-stretch panel-row-padding-none panel-row-style panel-row-style-for-72694-1\" data-stretch-type=\"full\" ><div id=\"pgc-72694-1-0\"  class=\"panel-grid-cell\" ><div id=\"panel-72694-1-0-0\" class=\"so-panel widget widget_wpa9-editor-ext panel-first-child panel-last-child\" data-index=\"2\" ><div\n\t\t\t\n\t\t\tclass=\"so-widget-wpa9-editor-ext so-widget-wpa9-editor-ext-default-c93e1481a745-72694\"\n\t\t\t\n\t\t>\n<div class=\"siteorigin-widget-tinymce textwidget\">\n\t<p>\u201eJsem p\u0159esv\u011bd\u010den\u00e1, \u017ee ka\u017ed\u00e1 firma m\u00e1 sv\u016fj vlastn\u00ed p\u0159\u00edb\u011bh, kter\u00fd chce sd\u00edlet s&nbsp;okoln\u00edm sv\u011btem. Ve Sk\u0159iv\u00e1nku nab\u00edz\u00edm podporu a&nbsp;poradenstv\u00ed v&nbsp;oblasti jazykov\u00fdch slu\u017eeb, kter\u00e9 va\u0161emu podnik\u00e1n\u00ed pomohou p\u0159ekon\u00e1vat jazykov\u00e9 bari\u00e9ry. R\u00e1da v\u00e1m pomohu s&nbsp;v\u00fdb\u011brem slu\u017eeb, kter\u00e9 odpov\u00eddaj\u00ed specifik\u016fm va\u0161\u00ed firmy, od p\u0159eklad\u016f a\u017e po&nbsp;jazykov\u00e9 kurzy. T\u011b\u0161\u00edm se na na\u0161i spole\u010dnou cestu k&nbsp;va\u0161emu \u00fasp\u011bchu.\u201c<\/p>\n<\/div>\n<\/div><\/div><\/div><\/div><\/div><\/div>","protected":false},"excerpt":{"rendered":"<p>Obchodn\u00ed z\u00e1stupce pro oblast X E-mail: &#112;&#101;&#116;r&#97;&#46;bur&#101;&#115;o&#118;&#97;&#64;sk&#114;&#105;&#118;an&#101;k&#46;c&#122; Telefon: +420&nbsp;731&nbsp;401&nbsp;488 Sjednat sch\u016fzku Jazyky: \u010ce\u0161tina (rodil\u00fd mluv\u010d\u00ed) Angli\u010dtina (pokro\u010dil\u00e1 \u00farove\u0148) Francouz\u0161tina (st\u0159edn\u011b pokro\u010dil\u00e1 \u00farove\u0148) Odborn\u00e9 kvalifikace a&nbsp;certifikace: Petra Bure\u0161ov\u00e1 je profesion\u00e1lkou v&nbsp;oblasti projektov\u00e9ho \u0159\u00edzen\u00ed jazykov\u00fdch slu\u017eeb s&nbsp;rozs\u00e1hl\u00fdmi zku\u0161enostmi v&nbsp;tvorb\u011b komplexn\u00edch jazykov\u00fdch \u0159e\u0161en\u00ed. D\u00edky specializovan\u00e9mu vzd\u011bl\u00e1n\u00ed v&nbsp;obchodn\u00ed komunikaci a&nbsp;p\u0159\u00edstupu k&nbsp;z\u00e1kazn\u00edk\u016fm dok\u00e1\u017ee v\u00fdborn\u011b rozpoznat, co klienti skute\u010dn\u011b pot\u0159ebuj\u00ed, a&nbsp;nab\u00eddnout [&hellip;]<\/p>\n","protected":false},"author":9,"featured_media":0,"parent":71598,"menu_order":0,"comment_status":"closed","ping_status":"closed","template":"","meta":{"_acf_changed":false,"footnotes":""},"class_list":["post-72694","page","type-page","status-publish","hentry"],"acf":[],"aioseo_notices":[],"_links":{"self":[{"href":"https:\/\/skrivanek.cz\/cz\/wp-json\/wp\/v2\/pages\/72694","targetHints":{"allow":["GET"]}}],"collection":[{"href":"https:\/\/skrivanek.cz\/cz\/wp-json\/wp\/v2\/pages"}],"about":[{"href":"https:\/\/skrivanek.cz\/cz\/wp-json\/wp\/v2\/types\/page"}],"author":[{"embeddable":true,"href":"https:\/\/skrivanek.cz\/cz\/wp-json\/wp\/v2\/users\/9"}],"replies":[{"embeddable":true,"href":"https:\/\/skrivanek.cz\/cz\/wp-json\/wp\/v2\/comments?post=72694"}],"version-history":[{"count":3,"href":"https:\/\/skrivanek.cz\/cz\/wp-json\/wp\/v2\/pages\/72694\/revisions"}],"predecessor-version":[{"id":72720,"href":"https:\/\/skrivanek.cz\/cz\/wp-json\/wp\/v2\/pages\/72694\/revisions\/72720"}],"up":[{"embeddable":true,"href":"https:\/\/skrivanek.cz\/cz\/wp-json\/wp\/v2\/pages\/71598"}],"wp:attachment":[{"href":"https:\/\/skrivanek.cz\/cz\/wp-json\/wp\/v2\/media?parent=72694"}],"curies":[{"name":"wp","href":"https:\/\/api.w.org\/{rel}","templated":true}]}}