{"id":72705,"date":"2024-11-05T15:16:05","date_gmt":"2024-11-05T14:16:05","guid":{"rendered":"https:\/\/skrivanek.cz\/?page_id=72705"},"modified":"2026-02-09T17:39:18","modified_gmt":"2026-02-09T16:39:18","slug":"sylva-bejckova","status":"publish","type":"page","link":"https:\/\/skrivanek.cz\/cz\/nas-tym\/sylva-bejckova\/","title":{"rendered":"Sylva Bej\u010dkov\u00e1"},"content":{"rendered":"<div id=\"pl-72705\"  class=\"panel-layout\" ><div id=\"pg-72705-0\"  class=\"panel-grid panel-has-style\"  style=\"margin-bottom: 0px\" ><div class=\"panel-row-padding-none panel-row-style panel-row-style-for-72705-0\" ><div id=\"pgc-72705-0-0\"  class=\"panel-grid-cell\" ><div id=\"panel-72705-0-0-0\" class=\"so-panel widget widget_wpa9-editor-ext panel-first-child panel-last-child\" data-index=\"0\" ><div\n\t\t\t\n\t\t\tclass=\"so-widget-wpa9-editor-ext so-widget-wpa9-editor-ext-default-c93e1481a745-72705\"\n\t\t\t\n\t\t>\n<div class=\"siteorigin-widget-tinymce textwidget\">\n\t<p><img loading=\"lazy\" decoding=\"async\" class=\"alignnone wp-image-72723\" src=\"https:\/\/skrivanek.cz\/wp-content\/uploads\/2024\/11\/sylva-bejckova.jpg\" alt=\"Sylva Bej\u010dkov\u00e1\" width=\"300\" height=\"300\" \/><\/p>\n<\/div>\n<\/div><\/div><\/div><div id=\"pgc-72705-0-1\"  class=\"panel-grid-cell\" ><div id=\"panel-72705-0-1-0\" class=\"so-panel widget widget_wpa9-editor-ext panel-first-child panel-last-child\" data-index=\"1\" ><div\n\t\t\t\n\t\t\tclass=\"so-widget-wpa9-editor-ext so-widget-wpa9-editor-ext-default-c93e1481a745-72705\"\n\t\t\t\n\t\t>\n<div class=\"siteorigin-widget-tinymce textwidget\">\n\t<p><strong><span style=\"font-size: 20px;\">\u0158editelka pobo\u010dky pro oblast Plze\u0148, Karlovy Vary, \u010cesk\u00e9 Bud\u011bjovice<\/span><\/strong><\/p>\n<div class=\"columns columns-2\" data-columns=\"2\">\n<div class=\"column column-1\">\n<p>E-mail: <a href=\"javascript:secureDecryptAndNavigate('jPMlfJDQcatyDYskPIXN+NJ0RM6I2NzsFNXmPpQioZNwrBCDId86wCdQamP70NAp5FOnXohZbJjPXfGWzjiapUGfthljx2hpOyys2OE7bqMOHw==', '9c1e8f5271bf4f233390c22bdf43601f044e80460c2e9cc63c40d8bc66437679')\">&#115;&#121;l&#118;a.&#98;&#101;&#106;&#99;ko&#118;&#97;&#64;s&#107;r&#105;v&#97;&#110;ek&#46;&#99;&#122;<\/a><\/p>\n<p>Telefon: +420&nbsp;731&nbsp;450&nbsp;058<br \/>\n<a class=\"btn btn-negative btn-size-1\" href=\"https:\/\/outlook.office.com\/bookwithme\/user\/d23&#54;3036&#100;&#49;9&#99;407d8&#99;897&#102;1&#56;e&#48;&#100;&#56;c&#101;41&#64;&#115;k&#114;i&#118;a&#110;&#101;&#107;&#46;cz?anonymous&amp;ep=plink\"><span style=\"font-size: 22px;\">Sjednat sch\u016fzku<\/span><\/a><\/p>\n<p><span style=\"font-size: 20px;\"><strong>Jazyky:<\/strong><\/span><\/p>\n<ul>\n<li>\u010ce\u0161tina (rodil\u00fd mluv\u010d\u00ed)<\/li>\n<li>Angli\u010dtina (pokro\u010dil\u00e1 \u00farove\u0148)<\/li>\n<li>Francouz\u0161tina (st\u0159edn\u011b pokro\u010dil\u00e1 \u00farove\u0148)<\/li>\n<\/ul>\n<\/div>\n<div class=\"column column-2\">Sylva Bej\u010dkov\u00e1 je \u0159editelkou pobo\u010dky jazykov\u00e9 agentury Sk\u0159iv\u00e1nek a&nbsp;p\u0159in\u00e1\u0161\u00ed do jej\u00edho veden\u00ed cenn\u00e9 zku\u0161enosti z&nbsp;oblasti jazykov\u00e9ho vzd\u011bl\u00e1v\u00e1n\u00ed a&nbsp;slu\u017eeb. D\u00edky sv\u00e9mu pe\u010dliv\u00e9mu p\u0159\u00edstupu a&nbsp;orientaci na kvalitu se star\u00e1 o&nbsp;to, aby ka\u017ed\u00e1 slu\u017eba, kterou agentura poskytuje, odpov\u00eddala vysok\u00fdm standard\u016fm a&nbsp;pot\u0159eb\u00e1m klient\u016f. Sylva klade d\u016fraz na vz\u00e1jemnou spolupr\u00e1ci a&nbsp;dlouhodob\u00e9 partnerstv\u00ed, kter\u00e9 pom\u00e1h\u00e1 klient\u016fm efektivn\u011b r\u016fst na glob\u00e1ln\u00edm trhu. Jej\u00ed veden\u00ed podporuje inovace a&nbsp;udr\u017euje agenturu mezi \u0161pi\u010dkami v&nbsp;oboru.<\/div>\n<\/div>\n<p>&nbsp;<\/p>\n<\/div>\n<\/div><\/div><\/div><\/div><\/div><div id=\"pg-72705-1\"  class=\"panel-grid panel-has-style\" ><div class=\"siteorigin-panels-stretch panel-row-padding-none panel-row-style panel-row-style-for-72705-1\" data-stretch-type=\"full\" ><div id=\"pgc-72705-1-0\"  class=\"panel-grid-cell\" ><div id=\"panel-72705-1-0-0\" class=\"so-panel widget widget_wpa9-editor-ext panel-first-child panel-last-child\" data-index=\"2\" ><div\n\t\t\t\n\t\t\tclass=\"so-widget-wpa9-editor-ext so-widget-wpa9-editor-ext-default-c93e1481a745-72705\"\n\t\t\t\n\t\t>\n<div class=\"siteorigin-widget-tinymce textwidget\">\n\t<p>\u201eVe Sk\u0159iv\u00e1nku se sna\u017e\u00edme b\u00fdt spolehliv\u00fdm partnerem na\u0161im klient\u016fm, kte\u0159\u00ed cht\u011bj\u00ed p\u0159ekon\u00e1vat jazykov\u00e9 bari\u00e9ry a&nbsp;r\u016fst na mezin\u00e1rodn\u00edm trhu. V\u011b\u0159\u00edm, \u017ee kvalitn\u00ed jazykov\u00e9 slu\u017eby a&nbsp;individu\u00e1ln\u00ed p\u0159\u00edstup jsou kl\u00ed\u010dov\u00e9 pro \u00fasp\u011bch ka\u017ed\u00e9 firmy. S&nbsp;m\u00fdm t\u00fdmem jsme p\u0159ipraveni v\u00e1m pomoci vyu\u017e\u00edt ka\u017edou p\u0159\u00edle\u017eitost a&nbsp;p\u0159iv\u00e9st v\u00e1\u0161 podnik k&nbsp;nov\u00fdm \u00fasp\u011bch\u016fm.\u201c<\/p>\n<\/div>\n<\/div><\/div><\/div><\/div><\/div><\/div>","protected":false},"excerpt":{"rendered":"<p>\u0158editelka pobo\u010dky pro oblast Plze\u0148, Karlovy Vary, \u010cesk\u00e9 Bud\u011bjovice E-mail: &#115;yl&#118;a.bej&#99;&#107;o&#118;a&#64;s&#107;r&#105;v&#97;nek.cz Telefon: +420&nbsp;731&nbsp;450&nbsp;058 Sjednat sch\u016fzku Jazyky: \u010ce\u0161tina (rodil\u00fd mluv\u010d\u00ed) Angli\u010dtina (pokro\u010dil\u00e1 \u00farove\u0148) Francouz\u0161tina (st\u0159edn\u011b pokro\u010dil\u00e1 \u00farove\u0148) Sylva Bej\u010dkov\u00e1 je \u0159editelkou pobo\u010dky jazykov\u00e9 agentury Sk\u0159iv\u00e1nek a&nbsp;p\u0159in\u00e1\u0161\u00ed do jej\u00edho veden\u00ed cenn\u00e9 zku\u0161enosti z&nbsp;oblasti jazykov\u00e9ho vzd\u011bl\u00e1v\u00e1n\u00ed a&nbsp;slu\u017eeb. D\u00edky sv\u00e9mu pe\u010dliv\u00e9mu p\u0159\u00edstupu a&nbsp;orientaci na kvalitu se star\u00e1 o&nbsp;to, aby [&hellip;]<\/p>\n","protected":false},"author":9,"featured_media":0,"parent":71598,"menu_order":0,"comment_status":"closed","ping_status":"closed","template":"","meta":{"_acf_changed":false,"footnotes":""},"class_list":["post-72705","page","type-page","status-publish","hentry"],"acf":[],"aioseo_notices":[],"_links":{"self":[{"href":"https:\/\/skrivanek.cz\/cz\/wp-json\/wp\/v2\/pages\/72705","targetHints":{"allow":["GET"]}}],"collection":[{"href":"https:\/\/skrivanek.cz\/cz\/wp-json\/wp\/v2\/pages"}],"about":[{"href":"https:\/\/skrivanek.cz\/cz\/wp-json\/wp\/v2\/types\/page"}],"author":[{"embeddable":true,"href":"https:\/\/skrivanek.cz\/cz\/wp-json\/wp\/v2\/users\/9"}],"replies":[{"embeddable":true,"href":"https:\/\/skrivanek.cz\/cz\/wp-json\/wp\/v2\/comments?post=72705"}],"version-history":[{"count":4,"href":"https:\/\/skrivanek.cz\/cz\/wp-json\/wp\/v2\/pages\/72705\/revisions"}],"predecessor-version":[{"id":72756,"href":"https:\/\/skrivanek.cz\/cz\/wp-json\/wp\/v2\/pages\/72705\/revisions\/72756"}],"up":[{"embeddable":true,"href":"https:\/\/skrivanek.cz\/cz\/wp-json\/wp\/v2\/pages\/71598"}],"wp:attachment":[{"href":"https:\/\/skrivanek.cz\/cz\/wp-json\/wp\/v2\/media?parent=72705"}],"curies":[{"name":"wp","href":"https:\/\/api.w.org\/{rel}","templated":true}]}}