{"id":72734,"date":"2024-11-05T15:50:56","date_gmt":"2024-11-05T14:50:56","guid":{"rendered":"https:\/\/skrivanek.cz\/?page_id=72734"},"modified":"2026-02-09T17:39:04","modified_gmt":"2026-02-09T16:39:04","slug":"hana-bartkova","status":"publish","type":"page","link":"https:\/\/skrivanek.cz\/cz\/nas-tym\/hana-bartkova\/","title":{"rendered":"Ing. Hana Bartkov\u00e1"},"content":{"rendered":"<div id=\"pl-72734\"  class=\"panel-layout\" ><div id=\"pg-72734-0\"  class=\"panel-grid panel-has-style\"  style=\"margin-bottom: 0px\" ><div class=\"panel-row-padding-none panel-row-style panel-row-style-for-72734-0\" ><div id=\"pgc-72734-0-0\"  class=\"panel-grid-cell\" ><div id=\"panel-72734-0-0-0\" class=\"so-panel widget widget_wpa9-editor-ext panel-first-child panel-last-child\" data-index=\"0\" ><div\n\t\t\t\n\t\t\tclass=\"so-widget-wpa9-editor-ext so-widget-wpa9-editor-ext-default-c93e1481a745-72734\"\n\t\t\t\n\t\t>\n<div class=\"siteorigin-widget-tinymce textwidget\">\n\t<p><img loading=\"lazy\" decoding=\"async\" class=\"wp-image-72739\" src=\"https:\/\/skrivanek.cz\/wp-content\/uploads\/2024\/11\/hana-bartkova-1.jpg\" alt=\"Ing. Hana Bartkov\u00e1\" width=\"300\" height=\"300\" \/><\/p>\n<\/div>\n<\/div><\/div><\/div><div id=\"pgc-72734-0-1\"  class=\"panel-grid-cell\" ><div id=\"panel-72734-0-1-0\" class=\"so-panel widget widget_wpa9-editor-ext panel-first-child panel-last-child\" data-index=\"1\" ><div\n\t\t\t\n\t\t\tclass=\"so-widget-wpa9-editor-ext so-widget-wpa9-editor-ext-default-c93e1481a745-72734\"\n\t\t\t\n\t\t>\n<div class=\"siteorigin-widget-tinymce textwidget\">\n\t<p><strong><span style=\"font-size: 20px;\" data-mce-style=\"font-size: 20px;\">\u0158editelka pobo\u010dky pro oblast Morava a&nbsp;Slezsko<\/span><\/strong><\/p>\n<div class=\"columns columns-2\" data-columns=\"2\">\n<div class=\"column column-1\">\n<p>E-mail: <a href=\"javascript:secureDecryptAndNavigate('JvOUxtMobfKVGkrCvPiF624MIB09MPBkzYqyj5p8KSkaEagYsklwc3nuHTUeOM9VDOppFPM3zjsF5ZyqjAiE+r1Tt21F7Xa1IHru1YUnOtQz', '9c1e8f5271bf4f233390c22bdf43601f044e80460c2e9cc63c40d8bc66437679')\" data-mce-href=\"javascript:secureDecryptAndNavigate('JvOUxtMobfKVGkrCvPiF624MIB09MPBkzYqyj5p8KSkaEagYsklwc3nuHTUeOM9VDOppFPM3zjsF5ZyqjAiE+r1Tt21F7Xa1IHru1YUnOtQz', '9c1e8f5271bf4f233390c22bdf43601f044e80460c2e9cc63c40d8bc66437679')\">&#104;an&#97;&#46;ba&#114;t&#107;o&#118;a&#64;s&#107;&#114;&#105;v&#97;&#110;e&#107;&#46;c&#122;<\/a><\/p>\n<p>Telefon: +420&nbsp;603&nbsp;171&nbsp;141<br \/><a class=\"btn btn-negative btn-size-1\" href=\"https:\/\/outlook.office.com\/bookwithme\/user\/&#100;&#50;&#51;&#54;&#51;03&#54;d1&#57;&#99;&#52;&#48;7&#100;&#56;c8&#57;&#55;&#102;&#49;&#56;&#101;&#48;&#100;&#56;&#99;&#101;4&#49;&#64;&#115;&#107;&#114;&#105;v&#97;n&#101;k&#46;cz?anonymous&amp;ep=plink\" data-mce-href=\"https:\/\/outlook.office.com\/bookwithme\/user\/d236&#51;&#48;3&#54;&#100;&#49;&#57;c&#52;0&#55;&#100;&#56;c8&#57;&#55;&#102;&#49;&#56;e0&#100;8&#99;&#101;&#52;&#49;&#64;&#115;&#107;ri&#118;&#97;&#110;e&#107;.c&#122;?anonymous&amp;ep=plink\"><span style=\"font-size: 22px;\" data-mce-style=\"font-size: 22px;\">Sjednat sch\u016fzku<\/span><\/a><\/p>\n<p><span style=\"font-size: 20px;\" data-mce-style=\"font-size: 20px;\"><strong>Jazyky:<\/strong><\/span><\/p>\n<ul>\n<li>\u010ce\u0161tina (rodil\u00fd mluv\u010d\u00ed)<\/li>\n<li>Angli\u010dtina (pokro\u010dil\u00e1 \u00farove\u0148)<\/li>\n<li>Francouz\u0161tina (st\u0159edn\u011b pokro\u010dil\u00e1 \u00farove\u0148)<\/li>\n<\/ul>\n<\/div>\n<div class=\"column column-2\">Hana Bartkov\u00e1 je zku\u0161en\u00e1 \u0159editelka pobo\u010dky jazykov\u00e9 agentury Sk\u0159iv\u00e1nek, jej\u00ed\u017e veden\u00ed kombinuje d\u016fraz na profesionalitu s&nbsp;p\u0159\u00e1telsk\u00fdm p\u0159\u00edstupem k&nbsp;z\u00e1kazn\u00edk\u016fm. Sv\u00fdmi znalostmi v&nbsp;oblasti jazykov\u00e9ho vzd\u011bl\u00e1v\u00e1n\u00ed a&nbsp;slu\u017eeb se stala kl\u00ed\u010dovou osobnost\u00ed, kter\u00e1 stoj\u00ed za strategick\u00fdm rozvojem agentury. D\u00edky sv\u00e9 schopnosti propojit jazykovou odbornost s&nbsp;byznysov\u00fdmi c\u00edli nab\u00edz\u00ed klient\u016fm nejen \u0161pi\u010dkov\u00e9 slu\u017eby, ale i&nbsp;poradenstv\u00ed, kter\u00e9 jim umo\u017e\u0148uje pln\u011b vyu\u017e\u00edt sv\u016fj potenci\u00e1l na glob\u00e1ln\u00edm trhu. Hana klade velk\u00fd d\u016fraz na kvalitu a&nbsp;inovace, d\u00edky nim\u017e se agentura Sk\u0159iv\u00e1nek dlouhodob\u011b \u0159ad\u00ed mezi l\u00eddry na trhu jazykov\u00fdch slu\u017eeb.<\/div>\n<\/div>\n<p><\/p>\n<\/div>\n<\/div><\/div><\/div><\/div><\/div><div id=\"pg-72734-1\"  class=\"panel-grid panel-has-style\" ><div class=\"siteorigin-panels-stretch panel-row-padding-none panel-row-style panel-row-style-for-72734-1\" data-stretch-type=\"full\" ><div id=\"pgc-72734-1-0\"  class=\"panel-grid-cell\" ><div id=\"panel-72734-1-0-0\" class=\"so-panel widget widget_wpa9-editor-ext panel-first-child panel-last-child\" data-index=\"2\" ><div\n\t\t\t\n\t\t\tclass=\"so-widget-wpa9-editor-ext so-widget-wpa9-editor-ext-default-c93e1481a745-72734\"\n\t\t\t\n\t\t>\n<div class=\"siteorigin-widget-tinymce textwidget\">\n\t<p>\u201eVe sv\u00e9 roli \u0159editelky se soust\u0159ed\u00edm na to, aby ka\u017ed\u00fd klient, kter\u00fd se na n\u00e1s obr\u00e1t\u00ed, dostal v\u00edce ne\u017e jen jazykov\u00e9 slu\u017eby \u2013 aby z\u00edskal partnera, na kter\u00e9ho se m\u016f\u017ee spolehnout. Na\u0161\u00ed prioritou je kvalita a&nbsp;flexibilita, kter\u00e9 n\u00e1m umo\u017e\u0148uj\u00ed vyhov\u011bt individu\u00e1ln\u00edm pot\u0159eb\u00e1m ka\u017ed\u00e9ho klienta. Jsem hrd\u00e1, \u017ee mohu b\u00fdt sou\u010d\u00e1st\u00ed t\u00fdmu, kter\u00fd podporuje rozvoj firem a&nbsp;jednotlivc\u016f skrze efektivn\u00ed a&nbsp;profesion\u00e1ln\u00ed komunikaci.\u201c<\/p>\n<\/div>\n<\/div><\/div><\/div><\/div><\/div><\/div>","protected":false},"excerpt":{"rendered":"<p>\u0158editelka pobo\u010dky pro oblast Morava a&nbsp;Slezsko E-mail: han&#97;&#46;bar&#116;&#107;o&#118;&#97;&#64;&#115;k&#114;&#105;v&#97;&#110;&#101;&#107;&#46;c&#122; Telefon: +420&nbsp;603&nbsp;171&nbsp;141Sjednat sch\u016fzku Jazyky: \u010ce\u0161tina (rodil\u00fd mluv\u010d\u00ed) Angli\u010dtina (pokro\u010dil\u00e1 \u00farove\u0148) Francouz\u0161tina (st\u0159edn\u011b pokro\u010dil\u00e1 \u00farove\u0148) Hana Bartkov\u00e1 je zku\u0161en\u00e1 \u0159editelka pobo\u010dky jazykov\u00e9 agentury Sk\u0159iv\u00e1nek, jej\u00ed\u017e veden\u00ed kombinuje d\u016fraz na profesionalitu s&nbsp;p\u0159\u00e1telsk\u00fdm p\u0159\u00edstupem k&nbsp;z\u00e1kazn\u00edk\u016fm. Sv\u00fdmi znalostmi v&nbsp;oblasti jazykov\u00e9ho vzd\u011bl\u00e1v\u00e1n\u00ed a&nbsp;slu\u017eeb se stala kl\u00ed\u010dovou osobnost\u00ed, kter\u00e1 stoj\u00ed za strategick\u00fdm rozvojem [&hellip;]<\/p>\n","protected":false},"author":9,"featured_media":0,"parent":71598,"menu_order":0,"comment_status":"closed","ping_status":"closed","template":"","meta":{"_acf_changed":false,"footnotes":""},"class_list":["post-72734","page","type-page","status-publish","hentry"],"acf":[],"aioseo_notices":[],"_links":{"self":[{"href":"https:\/\/skrivanek.cz\/cz\/wp-json\/wp\/v2\/pages\/72734","targetHints":{"allow":["GET"]}}],"collection":[{"href":"https:\/\/skrivanek.cz\/cz\/wp-json\/wp\/v2\/pages"}],"about":[{"href":"https:\/\/skrivanek.cz\/cz\/wp-json\/wp\/v2\/types\/page"}],"author":[{"embeddable":true,"href":"https:\/\/skrivanek.cz\/cz\/wp-json\/wp\/v2\/users\/9"}],"replies":[{"embeddable":true,"href":"https:\/\/skrivanek.cz\/cz\/wp-json\/wp\/v2\/comments?post=72734"}],"version-history":[{"count":3,"href":"https:\/\/skrivanek.cz\/cz\/wp-json\/wp\/v2\/pages\/72734\/revisions"}],"predecessor-version":[{"id":72764,"href":"https:\/\/skrivanek.cz\/cz\/wp-json\/wp\/v2\/pages\/72734\/revisions\/72764"}],"up":[{"embeddable":true,"href":"https:\/\/skrivanek.cz\/cz\/wp-json\/wp\/v2\/pages\/71598"}],"wp:attachment":[{"href":"https:\/\/skrivanek.cz\/cz\/wp-json\/wp\/v2\/media?parent=72734"}],"curies":[{"name":"wp","href":"https:\/\/api.w.org\/{rel}","templated":true}]}}