{"id":72750,"date":"2024-11-05T16:02:01","date_gmt":"2024-11-05T15:02:01","guid":{"rendered":"https:\/\/skrivanek.cz\/?page_id=72750"},"modified":"2026-02-09T17:37:59","modified_gmt":"2026-02-09T16:37:59","slug":"eva-kadlecova","status":"publish","type":"page","link":"https:\/\/skrivanek.cz\/cz\/nas-tym\/eva-kadlecova\/","title":{"rendered":"Eva Kadlecov\u00e1"},"content":{"rendered":"<div id=\"pl-72750\"  class=\"panel-layout\" ><div id=\"pg-72750-0\"  class=\"panel-grid panel-has-style\"  style=\"margin-bottom: 0px\" ><div class=\"siteorigin-panels-stretch panel-row-padding-none panel-row-style panel-row-style-for-72750-0\" data-stretch-type=\"full\" ><div id=\"pgc-72750-0-0\"  class=\"panel-grid-cell\" ><div id=\"panel-72750-0-0-0\" class=\"so-panel widget widget_wpa9-editor-ext panel-first-child panel-last-child\" data-index=\"0\" ><div\n\t\t\t\n\t\t\tclass=\"so-widget-wpa9-editor-ext so-widget-wpa9-editor-ext-default-c93e1481a745-72750\"\n\t\t\t\n\t\t>\n<div class=\"siteorigin-widget-tinymce textwidget\">\n\t<p><img loading=\"lazy\" decoding=\"async\" class=\"alignnone wp-image-72753\" src=\"https:\/\/skrivanek.cz\/wp-content\/uploads\/2024\/11\/eva-kadlecova.jpg\" alt=\"Eva Kadlecov\u00e1\" width=\"300\" height=\"300\" \/><\/p>\n<\/div>\n<\/div><\/div><\/div><div id=\"pgc-72750-0-1\"  class=\"panel-grid-cell\" ><div id=\"panel-72750-0-1-0\" class=\"so-panel widget widget_wpa9-editor-ext panel-first-child panel-last-child\" data-index=\"1\" ><div\n\t\t\t\n\t\t\tclass=\"so-widget-wpa9-editor-ext so-widget-wpa9-editor-ext-default-c93e1481a745-72750\"\n\t\t\t\n\t\t>\n<div class=\"siteorigin-widget-tinymce textwidget\">\n\t<p><strong><span style=\"font-size: 20px;\">\u0158editelka pobo\u010dek Liberec, Mlad\u00e1 Boleslav, \u00dast\u00ed nad Labem a&nbsp;Most<\/span><\/strong><\/p>\n<div class=\"columns columns-2\" data-columns=\"2\">\n<div class=\"column column-1\">\n<p>E-mail: <a href=\"javascript:secureDecryptAndNavigate('aMCXNALAF0Lgogwurcb\/q\/QPYscCnMf7x6\/jPkoGtevcUYTC3z1Ufud9vu0ydM1UpumcaNiCG\/if6dOIXHFF\/2impuU6hVjyDXMmFibkQARu', '9c1e8f5271bf4f233390c22bdf43601f044e80460c2e9cc63c40d8bc66437679')\">&#101;&#118;&#97;.&#107;&#97;&#100;le&#99;ov&#97;&#64;&#115;&#107;&#114;&#105;&#118;a&#110;e&#107;.cz<\/a><\/p>\n<p>Telefon: +420&nbsp;603&nbsp;171&nbsp;141<br \/>\n<a class=\"btn btn-negative btn-size-1\" href=\"https:\/\/outlook.office.com\/bookwithme\/user\/d23&#54;3&#48;&#51;&#54;d&#49;&#57;c407&#100;&#56;&#99;8&#57;&#55;&#102;&#49;&#56;&#101;0d8ce&#52;1&#64;&#115;kri&#118;an&#101;&#107;.&#99;&#122;?anonymous&amp;ep=plink\"><span style=\"font-size: 22px;\">Sjednat sch\u016fzku<\/span><\/a><\/p>\n<p><span style=\"font-size: 20px;\"><strong>Jazyky:<\/strong><\/span><\/p>\n<ul>\n<li>\u010ce\u0161tina (rodil\u00fd mluv\u010d\u00ed)<\/li>\n<li>Angli\u010dtina (pokro\u010dil\u00e1 \u00farove\u0148)<\/li>\n<li>Francouz\u0161tina (st\u0159edn\u011b pokro\u010dil\u00e1 \u00farove\u0148)<\/li>\n<\/ul>\n<\/div>\n<div class=\"column column-2\">Eva Kadlecov\u00e1 zast\u00e1v\u00e1 pozici \u0159editelky v&nbsp;jazykov\u00e9 agentu\u0159e Sk\u0159iv\u00e1nek, kde p\u0159in\u00e1\u0161\u00ed sv\u00e9 dlouholet\u00e9 zku\u0161enosti v&nbsp;oblasti \u0159\u00edzen\u00ed jazykov\u00fdch projekt\u016f a&nbsp;slu\u017eeb. Eva m\u00e1 bohatou praxi v&nbsp;tvorb\u011b a&nbsp;implementaci jazykov\u00fdch \u0159e\u0161en\u00ed na m\u00edru a&nbsp;hluboce rozum\u00ed tomu, jak jazykov\u00e1 komunikace m\u016f\u017ee ovlivnit obchodn\u00ed \u00fasp\u011bch. Jej\u00ed p\u0159\u00edstup je zalo\u017een na d\u016fkladn\u00e9m pochopen\u00ed pot\u0159eb klient\u016f a&nbsp;vytv\u00e1\u0159en\u00ed \u0159e\u0161en\u00ed, kter\u00e1 reflektuj\u00ed jejich specifick\u00e9 po\u017eadavky a&nbsp;c\u00edle. Eva se sv\u00fdm t\u00fdmem neust\u00e1le hled\u00e1 nov\u00e9 p\u0159\u00edle\u017eitosti pro inovace a&nbsp;efektivitu, kter\u00e9 klient\u016fm pom\u00e1haj\u00ed usp\u011bt na konkuren\u010dn\u00edm trhu.<\/div>\n<\/div>\n<p>&nbsp;<\/p>\n<\/div>\n<\/div><\/div><\/div><\/div><\/div><div id=\"pg-72750-1\"  class=\"panel-grid panel-has-style\" ><div class=\"siteorigin-panels-stretch panel-row-padding-none panel-row-style panel-row-style-for-72750-1\" data-stretch-type=\"full\" ><div id=\"pgc-72750-1-0\"  class=\"panel-grid-cell\" ><div id=\"panel-72750-1-0-0\" class=\"so-panel widget widget_wpa9-editor-ext panel-first-child panel-last-child\" data-index=\"2\" ><div\n\t\t\t\n\t\t\tclass=\"so-widget-wpa9-editor-ext so-widget-wpa9-editor-ext-default-c93e1481a745-72750\"\n\t\t\t\n\t\t>\n<div class=\"siteorigin-widget-tinymce textwidget\">\n\t<p>\u201eMoje pr\u00e1ce je o&nbsp;naslouch\u00e1n\u00ed a&nbsp;vytv\u00e1\u0159en\u00ed \u0159e\u0161en\u00ed, kter\u00e1 jsou v&nbsp;souladu s&nbsp;viz\u00ed a&nbsp;ambicemi na\u0161ich klient\u016f. Jsem p\u0159esv\u011bd\u010den\u00e1, \u017ee dob\u0159e zvolen\u00e1 jazykov\u00e1 strategie m\u016f\u017ee b\u00fdt z\u00e1sadn\u00ed konkuren\u010dn\u00ed v\u00fdhodou, kter\u00e1 otev\u00edr\u00e1 dve\u0159e k&nbsp;r\u016fstu a&nbsp;nov\u00fdm trh\u016fm. R\u00e1da budu va\u0161\u00edm partnerem na cest\u011b k&nbsp;dosa\u017een\u00ed va\u0161ich c\u00edl\u016f a&nbsp;t\u011b\u0161\u00edm se, jak spole\u010dn\u011b p\u0159ekon\u00e1me jazykov\u00e9 hranice.\u201c<\/p>\n<\/div>\n<\/div><\/div><\/div><\/div><\/div><\/div>","protected":false},"excerpt":{"rendered":"<p>\u0158editelka pobo\u010dek Liberec, Mlad\u00e1 Boleslav, \u00dast\u00ed nad Labem a&nbsp;Most E-mail: &#101;va.&#107;a&#100;le&#99;&#111;&#118;&#97;&#64;&#115;&#107;&#114;ivan&#101;&#107;&#46;c&#122; Telefon: +420&nbsp;603&nbsp;171&nbsp;141 Sjednat sch\u016fzku Jazyky: \u010ce\u0161tina (rodil\u00fd mluv\u010d\u00ed) Angli\u010dtina (pokro\u010dil\u00e1 \u00farove\u0148) Francouz\u0161tina (st\u0159edn\u011b pokro\u010dil\u00e1 \u00farove\u0148) Eva Kadlecov\u00e1 zast\u00e1v\u00e1 pozici \u0159editelky v&nbsp;jazykov\u00e9 agentu\u0159e Sk\u0159iv\u00e1nek, kde p\u0159in\u00e1\u0161\u00ed sv\u00e9 dlouholet\u00e9 zku\u0161enosti v&nbsp;oblasti \u0159\u00edzen\u00ed jazykov\u00fdch projekt\u016f a&nbsp;slu\u017eeb. Eva m\u00e1 bohatou praxi v&nbsp;tvorb\u011b a&nbsp;implementaci jazykov\u00fdch \u0159e\u0161en\u00ed na m\u00edru a&nbsp;hluboce [&hellip;]<\/p>\n","protected":false},"author":9,"featured_media":0,"parent":71598,"menu_order":0,"comment_status":"closed","ping_status":"closed","template":"","meta":{"_acf_changed":false,"footnotes":""},"class_list":["post-72750","page","type-page","status-publish","hentry"],"acf":[],"aioseo_notices":[],"_links":{"self":[{"href":"https:\/\/skrivanek.cz\/cz\/wp-json\/wp\/v2\/pages\/72750","targetHints":{"allow":["GET"]}}],"collection":[{"href":"https:\/\/skrivanek.cz\/cz\/wp-json\/wp\/v2\/pages"}],"about":[{"href":"https:\/\/skrivanek.cz\/cz\/wp-json\/wp\/v2\/types\/page"}],"author":[{"embeddable":true,"href":"https:\/\/skrivanek.cz\/cz\/wp-json\/wp\/v2\/users\/9"}],"replies":[{"embeddable":true,"href":"https:\/\/skrivanek.cz\/cz\/wp-json\/wp\/v2\/comments?post=72750"}],"version-history":[{"count":3,"href":"https:\/\/skrivanek.cz\/cz\/wp-json\/wp\/v2\/pages\/72750\/revisions"}],"predecessor-version":[{"id":72763,"href":"https:\/\/skrivanek.cz\/cz\/wp-json\/wp\/v2\/pages\/72750\/revisions\/72763"}],"up":[{"embeddable":true,"href":"https:\/\/skrivanek.cz\/cz\/wp-json\/wp\/v2\/pages\/71598"}],"wp:attachment":[{"href":"https:\/\/skrivanek.cz\/cz\/wp-json\/wp\/v2\/media?parent=72750"}],"curies":[{"name":"wp","href":"https:\/\/api.w.org\/{rel}","templated":true}]}}