{"id":72765,"date":"2024-11-05T16:13:04","date_gmt":"2024-11-05T15:13:04","guid":{"rendered":"https:\/\/skrivanek.cz\/?page_id=72765"},"modified":"2026-02-09T17:37:50","modified_gmt":"2026-02-09T16:37:50","slug":"eva-parentova","status":"publish","type":"page","link":"https:\/\/skrivanek.cz\/cz\/nas-tym\/eva-parentova\/","title":{"rendered":"Eva Parentov\u00e1, DiS."},"content":{"rendered":"<div id=\"pl-72765\"  class=\"panel-layout\" ><div id=\"pg-72765-0\"  class=\"panel-grid panel-has-style\"  style=\"margin-bottom: 0px\" ><div class=\"panel-row-padding-none panel-row-style panel-row-style-for-72765-0\" ><div id=\"pgc-72765-0-0\"  class=\"panel-grid-cell\" ><div id=\"panel-72765-0-0-0\" class=\"so-panel widget widget_wpa9-editor-ext panel-first-child panel-last-child\" data-index=\"0\" ><div\n\t\t\t\n\t\t\tclass=\"so-widget-wpa9-editor-ext so-widget-wpa9-editor-ext-default-c93e1481a745-72765\"\n\t\t\t\n\t\t>\n<div class=\"siteorigin-widget-tinymce textwidget\">\n\t<p><img loading=\"lazy\" decoding=\"async\" class=\"alignnone wp-image-72766\" src=\"https:\/\/skrivanek.cz\/wp-content\/uploads\/2024\/11\/eva-parentova.jpg\" alt=\"Eva Parentov\u00e1, DiS.\" width=\"300\" height=\"300\" \/><\/p>\n<\/div>\n<\/div><\/div><\/div><div id=\"pgc-72765-0-1\"  class=\"panel-grid-cell\" ><div id=\"panel-72765-0-1-0\" class=\"so-panel widget widget_wpa9-editor-ext panel-first-child panel-last-child\" data-index=\"1\" ><div\n\t\t\t\n\t\t\tclass=\"so-widget-wpa9-editor-ext so-widget-wpa9-editor-ext-default-c93e1481a745-72765\"\n\t\t\t\n\t\t>\n<div class=\"siteorigin-widget-tinymce textwidget\">\n\t<p><strong><span style=\"font-size: 20px;\">\u0158editelka pobo\u010dky pro oblast Hradec Kr\u00e1lov\u00e9 a&nbsp;Pardubice<\/span><\/strong><\/p>\n<div class=\"columns columns-2\" data-columns=\"2\">\n<div class=\"column column-1\">\n<p>E-mail: <a href=\"javascript:secureDecryptAndNavigate('w6K1vpqrhPtNrV4SumsA00aKdKJ6He9kxOya24iNAE1LwIvrUspykCDyoa3IRSgr2Pqt1eMX6Nc2Qf1Rgo2IhOGpnI4URI9CAcspmBD8yqFp', '9c1e8f5271bf4f233390c22bdf43601f044e80460c2e9cc63c40d8bc66437679')\">&#101;va&#46;&#112;a&#114;en&#116;&#111;v&#97;&#64;&#115;kr&#105;va&#110;ek&#46;cz<\/a><\/p>\n<p>Telefon: +420&nbsp;603&nbsp;853&nbsp;419<br \/>\n<a class=\"btn btn-negative btn-size-1\" href=\"https:\/\/outlook.office.com\/bookwithme\/user\/d&#50;3&#54;&#51;03&#54;&#100;&#49;9&#99;&#52;&#48;7d&#56;c8&#57;&#55;f&#49;8e0d8ce4&#49;&#64;s&#107;r&#105;v&#97;&#110;&#101;k&#46;c&#122;?anonymous&amp;ep=plink\"><span style=\"font-size: 22px;\">Sjednat sch\u016fzku<\/span><\/a><\/p>\n<p><span style=\"font-size: 20px;\"><strong>Jazyky:<\/strong><\/span><\/p>\n<ul>\n<li>\u010ce\u0161tina (rodil\u00fd mluv\u010d\u00ed)<\/li>\n<li>Angli\u010dtina (pokro\u010dil\u00e1 \u00farove\u0148)<\/li>\n<li>Francouz\u0161tina (st\u0159edn\u011b pokro\u010dil\u00e1 \u00farove\u0148)<\/li>\n<\/ul>\n<\/div>\n<div class=\"column column-2\">Eva Parentov\u00e1 je \u0159editelkou cel\u00e9 \u010desk\u00e9 divize agentury Sk\u0159iv\u00e1nek a&nbsp;jej\u00ed veden\u00ed v&nbsp;sob\u011b spojuje zku\u0161enosti s&nbsp;\u0159\u00edzen\u00edm jazykov\u00fdch slu\u017eeb s&nbsp;viz\u00ed pro rozvoj a&nbsp;inovace na celon\u00e1rodn\u00ed \u00farovni. S&nbsp;bohatou prax\u00ed v&nbsp;oblasti jazykov\u00e9ho vzd\u011bl\u00e1v\u00e1n\u00ed a&nbsp;strategick\u00e9ho \u0159\u00edzen\u00ed je Eva nejen kl\u00ed\u010dovou osobnost\u00ed v&nbsp;\u0159\u00edzen\u00ed t\u00fdmu, ale tak\u00e9 d\u016fle\u017eit\u00fdm partnerem pro klienty, kte\u0159\u00ed hledaj\u00ed \u0159e\u0161en\u00ed na m\u00edru sv\u00fdm specifick\u00fdm pot\u0159eb\u00e1m. D\u00edky jej\u00ed schopnosti rychle se p\u0159izp\u016fsobit dynamick\u00fdm zm\u011bn\u00e1m trhu a&nbsp;vysok\u00e9 odbornosti se Sk\u0159iv\u00e1nek pod jej\u00edm veden\u00edm nad\u00e1le dr\u017e\u00ed v&nbsp;\u010dele jazykov\u00fdch slu\u017eeb v&nbsp;\u010cesk\u00e9 republice.<\/div>\n<\/div>\n<p>&nbsp;<\/p>\n<\/div>\n<\/div><\/div><\/div><\/div><\/div><div id=\"pg-72765-1\"  class=\"panel-grid panel-has-style\" ><div class=\"siteorigin-panels-stretch panel-row-padding-none panel-row-style panel-row-style-for-72765-1\" data-stretch-type=\"full\" ><div id=\"pgc-72765-1-0\"  class=\"panel-grid-cell\" ><div id=\"panel-72765-1-0-0\" class=\"so-panel widget widget_wpa9-editor-ext panel-first-child panel-last-child\" data-index=\"2\" ><div\n\t\t\t\n\t\t\tclass=\"so-widget-wpa9-editor-ext so-widget-wpa9-editor-ext-default-c93e1481a745-72765\"\n\t\t\t\n\t\t>\n<div class=\"siteorigin-widget-tinymce textwidget\">\n\t<p>\u201eM\u00fdm c\u00edlem je poskytovat na\u0161im klient\u016fm podporu, kter\u00e1 jim umo\u017en\u00ed pln\u011b vyu\u017e\u00edt p\u0159\u00edle\u017eitosti na glob\u00e1ln\u00edm trhu. Ka\u017ed\u00fd projekt je pro m\u011b p\u0159\u00edle\u017eitost\u00ed dok\u00e1zat, \u017ee kvalitn\u00ed jazykov\u00e9 slu\u017eby mohou m\u00edt z\u00e1sadn\u00ed dopad na rozvoj firmy a&nbsp;dosa\u017een\u00ed jej\u00edch c\u00edl\u016f. Se sv\u00fdm t\u00fdmem se sna\u017e\u00edm o&nbsp;inovativn\u00ed p\u0159\u00edstupy a&nbsp;vysokou m\u00edru flexibility, abychom klient\u016fm v\u017edy poskytli \u0159e\u0161en\u00ed, kter\u00e1 p\u0159in\u00e1\u0161ej\u00ed v\u00fdsledky.\u201c<\/p>\n<\/div>\n<\/div><\/div><\/div><\/div><\/div><\/div>","protected":false},"excerpt":{"rendered":"<p>\u0158editelka pobo\u010dky pro oblast Hradec Kr\u00e1lov\u00e9 a&nbsp;Pardubice E-mail: e&#118;&#97;&#46;pa&#114;&#101;n&#116;o&#118;a&#64;s&#107;r&#105;&#118;an&#101;k.cz Telefon: +420&nbsp;603&nbsp;853&nbsp;419 Sjednat sch\u016fzku Jazyky: \u010ce\u0161tina (rodil\u00fd mluv\u010d\u00ed) Angli\u010dtina (pokro\u010dil\u00e1 \u00farove\u0148) Francouz\u0161tina (st\u0159edn\u011b pokro\u010dil\u00e1 \u00farove\u0148) Eva Parentov\u00e1 je \u0159editelkou cel\u00e9 \u010desk\u00e9 divize agentury Sk\u0159iv\u00e1nek a&nbsp;jej\u00ed veden\u00ed v&nbsp;sob\u011b spojuje zku\u0161enosti s&nbsp;\u0159\u00edzen\u00edm jazykov\u00fdch slu\u017eeb s&nbsp;viz\u00ed pro rozvoj a&nbsp;inovace na celon\u00e1rodn\u00ed \u00farovni. S&nbsp;bohatou prax\u00ed v&nbsp;oblasti jazykov\u00e9ho vzd\u011bl\u00e1v\u00e1n\u00ed a&nbsp;strategick\u00e9ho \u0159\u00edzen\u00ed [&hellip;]<\/p>\n","protected":false},"author":9,"featured_media":0,"parent":71598,"menu_order":0,"comment_status":"closed","ping_status":"closed","template":"","meta":{"_acf_changed":false,"footnotes":""},"class_list":["post-72765","page","type-page","status-publish","hentry"],"acf":[],"aioseo_notices":[],"_links":{"self":[{"href":"https:\/\/skrivanek.cz\/cz\/wp-json\/wp\/v2\/pages\/72765","targetHints":{"allow":["GET"]}}],"collection":[{"href":"https:\/\/skrivanek.cz\/cz\/wp-json\/wp\/v2\/pages"}],"about":[{"href":"https:\/\/skrivanek.cz\/cz\/wp-json\/wp\/v2\/types\/page"}],"author":[{"embeddable":true,"href":"https:\/\/skrivanek.cz\/cz\/wp-json\/wp\/v2\/users\/9"}],"replies":[{"embeddable":true,"href":"https:\/\/skrivanek.cz\/cz\/wp-json\/wp\/v2\/comments?post=72765"}],"version-history":[{"count":3,"href":"https:\/\/skrivanek.cz\/cz\/wp-json\/wp\/v2\/pages\/72765\/revisions"}],"predecessor-version":[{"id":72771,"href":"https:\/\/skrivanek.cz\/cz\/wp-json\/wp\/v2\/pages\/72765\/revisions\/72771"}],"up":[{"embeddable":true,"href":"https:\/\/skrivanek.cz\/cz\/wp-json\/wp\/v2\/pages\/71598"}],"wp:attachment":[{"href":"https:\/\/skrivanek.cz\/cz\/wp-json\/wp\/v2\/media?parent=72765"}],"curies":[{"name":"wp","href":"https:\/\/api.w.org\/{rel}","templated":true}]}}