{"id":7480,"date":"2021-03-24T13:58:00","date_gmt":"2021-03-24T12:58:00","guid":{"rendered":"https:\/\/skrivanek.cz\/?page_id=7480"},"modified":"2026-02-09T16:34:47","modified_gmt":"2026-02-09T15:34:47","slug":"nasi-lektori","status":"publish","type":"page","link":"https:\/\/skrivanek.cz\/cz\/jazykova-skola\/nasi-lektori\/","title":{"rendered":"Na\u0161i lekto\u0159i"},"content":{"rendered":"<div id=\"pl-7480\"  class=\"panel-layout\" ><div id=\"pg-7480-0\"  class=\"panel-grid panel-has-style\"  style=\"margin-bottom: 0px\" ><div class=\"siteorigin-panels-stretch panel-row-padding-none panel-row-style panel-row-style-for-7480-0\" data-stretch-type=\"full\" ><div id=\"pgc-7480-0-0\"  class=\"panel-grid-cell\" ><div id=\"panel-7480-0-0-0\" class=\"so-panel widget widget_wpa9-card-m panel-first-child panel-last-child\" data-index=\"0\" ><div\n\t\t\t\n\t\t\tclass=\"so-widget-wpa9-card-m so-widget-wpa9-card-m-default-c93e1481a745-7480\"\n\t\t\t\n\t\t>\n\n<section class=\"wpa9-card wpa9-card-m-container d-flex flex-wrap justify-content-center veBXof\">\n\n\t\n\t\t\n\t\t\t\n\t<article class=\"wpa9-card-m-panel wpa9-panel \">\n\t<div class=\"rounded\">\n\t\t\t\t<header class=\"d-block flex-wrap pb-4\">\n\t\t\t\n\t\t\t\t\t\t\t\t<h2 class=\"wpa9-card-title\">Lekto\u0159i<\/h2>\n\t\t\t\t<\/header>\n\n\t\t\t\t<main class=\"wpa9-card-content\"><p><strong>Zku\u0161en\u00ed lekto\u0159i<\/strong> v\u00e1s nau\u010d\u00ed ciz\u00ed jazyk dle va\u0161eho v\u00fdb\u011bru.<\/p>\n<\/main>\n\t\t\n\t<\/div>\t<\/article>\n\t\t\n\t\t\t\n\t<article class=\"wpa9-card-m-panel wpa9-panel \">\n\t<div class=\"rounded\">\n\t\t\t\t<header class=\"d-block flex-wrap pb-4\">\n\t\t\t\n\t\t\t\t\t\t\t\t<h2 class=\"wpa9-card-title\">Kvalifikace<\/h2>\n\t\t\t\t<\/header>\n\n\t\t\t\t<main class=\"wpa9-card-content\"><p>V\u0161ichni lekto\u0159i proch\u00e1zej\u00ed d\u016fkladn\u00fdm v\u00fdb\u011brov\u00fdm \u0159\u00edzen\u00edm. Jazykov\u00e9 kurzy vedou pouze <strong>experti z\u00a0oboru<\/strong>.<\/p>\n<\/main>\n\t\t\n\t<\/div>\t<\/article>\n\t\t\n\t\t\t\n\t<article class=\"wpa9-card-m-panel wpa9-panel \">\n\t<div class=\"rounded\">\n\t\t\t\t<header class=\"d-block flex-wrap pb-4\">\n\t\t\t\n\t\t\t\t\t\t\t\t<h2 class=\"wpa9-card-title\">Spokojenost<\/h2>\n\t\t\t\t<\/header>\n\n\t\t\t\t<main class=\"wpa9-card-content\"><p><strong>P\u0159izp\u016fsob\u00edme se va\u0161im pot\u0159eb\u00e1m<\/strong> (zam\u011b\u0159en\u00ed slovn\u00ed z\u00e1soby, pom\u011br gramatiky a&nbsp;konverzace, intenzita v\u00fduky).<\/p>\n<\/main>\n\t\t\n\t<\/div>\t<\/article>\n\t\t\n\n\t\t\n\t\n<\/section>\n<\/div><\/div><\/div><\/div><\/div><div id=\"pg-7480-1\"  class=\"panel-grid panel-has-style\"  style=\"margin-bottom: 0px\" ><div class=\"panel-row-padding-none panel-row-style panel-row-style-for-7480-1\" ><div id=\"pgc-7480-1-0\"  class=\"panel-grid-cell\" ><div id=\"panel-7480-1-0-0\" class=\"so-panel widget widget_wpa9-editor-ext panel-first-child panel-last-child\" data-index=\"1\" ><div\n\t\t\t\n\t\t\tclass=\"so-widget-wpa9-editor-ext so-widget-wpa9-editor-ext-default-c93e1481a745-7480\"\n\t\t\t\n\t\t>\n<div class=\"siteorigin-widget-tinymce textwidget\">\n\t<h3 style=\"text-align: center;\">N\u00e1borov\u00fd proces lektor\u016f<\/h3>\n<p>&nbsp;<\/p>\n<div class=\"columns columns-3\" data-columns=\"3\">\n<div class=\"column column-1\">\n<p style=\"text-align: center;\"><img decoding=\"async\" class=\"alignnone wp-image-61784\" src=\"https:\/\/skrivanek.cz\/wp-content\/uploads\/2023\/08\/ico-lupa-2.svg\" alt=\"lupa, detaily\" width=\"50\" \/><\/p>\n<p style=\"text-align: center;\"><strong>D\u016fkladn\u00fd v\u00fdb\u011br<\/strong><\/p>\n<p style=\"text-align: center;\">N\u00e1\u0161 lektorsk\u00fd t\u00fdm tvo\u0159\u00ed cca 600 zku\u0161en\u00fdch lektor\u016f z&nbsp;cel\u00e9ho sv\u011bta, kte\u0159\u00ed maj\u00ed chu\u0165 se trvale vzd\u011bl\u00e1vat a\u00a0do v\u00fduky zapojovat nov\u00e9 trendy. P\u0159i&nbsp;v\u00fdb\u011bru jsou pro n\u00e1s z\u00e1sadn\u00ed <strong>odborn\u00e9 jazykov\u00e9 a&nbsp;pedagogick\u00e9 kvalifikace lektor\u016f, jejich zku\u0161enosti s&nbsp;v\u00fdukou a&nbsp;ochota d\u00e1le se profesn\u011b rozv\u00edjet<\/strong>.<\/p>\n<\/div>\n<div class=\"column column-2\">\n<p style=\"text-align: center;\"><img decoding=\"async\" class=\"alignnone wp-image-61769\" src=\"https:\/\/skrivanek.cz\/wp-content\/uploads\/2023\/08\/ico-individual-bublina.svg\" alt=\"komunikace\" width=\"50\" \/><\/p>\n<p style=\"text-align: center;\"><strong>Pohovor a&nbsp;testy<\/strong><\/p>\n<p style=\"text-align: center;\">B\u011bhem pohovoru se zam\u011b\u0159ujeme na p\u0159edchoz\u00ed zku\u0161enosti kandid\u00e1t\u016f, jejich motivaci a&nbsp;p\u0159\u00edstup k&nbsp;v\u00fduce. N\u00e1sleduje s\u00e9rie test\u016f, kter\u00e9 zahrnuj\u00ed pedagogick\u00fd test, lingvistick\u00fd test a&nbsp;jazykov\u00fd test. Tyto testy n\u00e1m umo\u017e\u0148uj\u00ed d\u016fkladn\u011b posoudit odborn\u00e9 znalosti, pedagogick\u00e9 dovednosti a&nbsp;jazykovou kompetenci uchaze\u010d\u016f. C\u00edlem je zajistit, aby ka\u017ed\u00fd n\u00e1\u0161 lektor spl\u0148oval vysok\u00e9 standardy, kter\u00e9 pro na\u0161i \u0161kolu stanovujeme, a&nbsp;byl schopen efektivn\u011b p\u0159ed\u00e1vat sv\u00e9 znalosti student\u016fm.<\/p>\n<\/div>\n<div class=\"column column-3\">\n<p><img alt=\"ico-jazykove-zkousky\" decoding=\"async\" class=\"wp-image-5234 aligncenter\" src=\"https:\/\/skrivanek.cz\/wp-content\/uploads\/2021\/03\/ico-jazykove-zkousky.svg\" alt=\"\" width=\"50\" \/><\/p>\n<p style=\"text-align: center;\"><strong>Uk\u00e1zkov\u00e1 hodina<\/strong><\/p>\n<p style=\"text-align: center;\">Abychom zaru\u010dili kvalitu na\u0161ich kurz\u016f, po\u017eadujeme, aby si lektor p\u0159ipravil si a&nbsp;p\u0159edvedl uk\u00e1zkovou hodinu.<\/p>\n<\/div>\n<\/div>\n<div class=\"columns columns-3\" data-columns=\"3\">\n<div class=\"column column-1\">\n<p><img alt=\"ico-typy-kurzu\" decoding=\"async\" class=\"wp-image-5230 aligncenter\" src=\"https:\/\/skrivanek.cz\/wp-content\/uploads\/2021\/03\/ico-typy-kurzu.svg\" alt=\"\" width=\"50\" \/><\/p>\n<p style=\"text-align: center;\"><strong>Za\u0161kolen\u00ed<\/strong><\/p>\n<p style=\"text-align: center;\">Pokud lektor vyhovuje na\u0161im po\u017eadavk\u016f a&nbsp;je p\u0159ijat, dal\u0161\u00edm krokem je za\u0161kolen\u00ed. Zakl\u00e1d\u00e1me si na na dodr\u017eov\u00e1n\u00ed na\u0161\u00ed unik\u00e1tn\u00ed v\u00fdukov\u00e9 metody Effecto.<\/p>\n<\/div>\n<div class=\"column column-2\">\n<p><img alt=\"ico-seznam-1\" decoding=\"async\" class=\"wp-image-5169 aligncenter\" src=\"https:\/\/skrivanek.cz\/wp-content\/uploads\/2021\/03\/ico-seznam-1.svg\" alt=\"\" width=\"50\" \/><\/p>\n<p style=\"text-align: center;\"><strong>Pravideln\u00e9 observace<\/strong><\/p>\n<p style=\"text-align: center;\">Kontrola pr\u00e1ce lektor\u016f prob\u00edh\u00e1 formou <strong>observac\u00ed senior lektorem<\/strong> minim\u00e1ln\u011b 1\u00d7 za rok p\u0159\u00edmo ve vyu\u010dovac\u00ed hodin\u011b.<\/p>\n<\/div>\n<div class=\"column column-3\">\n<p><img decoding=\"async\" class=\"wp-image-61775 aligncenter\" src=\"https:\/\/skrivanek.cz\/wp-content\/uploads\/2023\/08\/ico-puzzle.svg\" alt=\"puzzle\" width=\"50\" \/><\/p>\n<p style=\"text-align: center;\"><strong>Vzd\u011bl\u00e1v\u00e1n\u00ed lektor\u016f<\/strong><\/p>\n<p style=\"text-align: center;\">Na\u0161e jazykov\u00e1 \u0161kola m\u00e1 d\u016fkladn\u011b propracovan\u00fd syst\u00e9m dal\u0161\u00edho vzd\u011bl\u00e1v\u00e1n\u00ed, j\u00edm\u017e <strong>zvy\u0161ujeme jazykovou i\u00a0metodickou kvalifikaci na\u0161ich lektor\u016f<\/strong>. Lekto\u0159i maj\u00ed mo\u017enost nav\u0161t\u011bvovat pravideln\u00e9 semin\u00e1\u0159e a\u00a0webin\u00e1\u0159e, kter\u00e9 pro n\u011b p\u0159ipravujeme.<\/p>\n<\/div>\n<\/div>\n<\/div>\n<\/div><\/div><\/div><\/div><\/div><div id=\"pg-7480-2\"  class=\"panel-grid panel-no-style\"  style=\"margin-bottom: 0px\" ><div id=\"pgc-7480-2-0\"  class=\"panel-grid-cell\" ><div id=\"panel-7480-2-0-0\" class=\"so-panel widget widget_wpa9-steps panel-first-child\" data-index=\"2\" ><div\n\t\t\t\n\t\t\tclass=\"so-widget-wpa9-steps so-widget-wpa9-steps-default-c93e1481a745-7480\"\n\t\t\t\n\t\t><h3 class=\"widget-title\">Na\u0161i lekto\u0159i o&nbsp;n\u00e1s \u0159\u00edkaj\u00ed<\/h3><div class=\"wpa9-steps\">\n\t<div class=\"wpa9-steps-togglers d-flex flex-wrap justify-content-center\" data-wpa9-interval=\"7000\">\n\t\t\t\n\t\t<div class=\"wpa9-steps-toggler-wrapper wpa9-steps-active\" id=\"wpa9-steps-toggler-panel-0\">\n\t\t\t<div class=\"wpa9-steps-toggler f-headlines d-flex align-items-center justify-content-center\" data-content=\"panel-0\" role=\"button\">\n\t\t\t\t\t\t\t\t<span class=\"wpa9-step-title\">Kl\u00e1ra H\u00e1jkov\u00e1<\/span>\n\t\t\t\t\t\t\t<\/div>\n\t\t\t<div class=\"wpa9-steps-decoration\"><\/div>\n\t\t<\/div>\n\t\t<div class=\"wpa9-steps-content wpa9-steps-active\" role=\"region\" id=\"wpa9-steps-content-panel-0\">\n\t\t\t<p>A\u010dkoliv jsem vystudovala Pr\u00e1vnickou fakultu UK, u\u017e od za\u010d\u00e1tku studia jsem za\u010dala u\u010dit angli\u010dtinu. I&nbsp;po&nbsp;7 letech m\u011b tato pr\u00e1ce st\u00e1le bav\u00ed a&nbsp;nejv\u00edc mi vyhovuje to, \u017ee si m\u016f\u017eu organizovat sv\u016fj vlastn\u00ed \u010das a&nbsp;tak\u00e9 to, \u017ee m\u016f\u017eu pozn\u00e1vat a&nbsp;pov\u00eddat si s\u00a0r\u016fzn\u00fdmi lidmi o&nbsp;r\u016fzn\u00fdch v\u011bcech a&nbsp;vid\u011bt je usm\u00edvat se. Proto\u017ee v\u00edm, \u017ee v\u011bt\u0161ina m\u00fdch student\u016f je velmi vyt\u00ed\u017een\u00e1 svou prac\u00ed, sna\u017e\u00edm se, aby pro n\u011b hodina angli\u010dtiny byla jak\u00fdmsi ok\u00e9nkem v\u00a0t\u00fddnu, kde se mohou na chv\u00edli zastavit a&nbsp;nadechnout se. Nejd\u016fle\u017eit\u011bj\u0161\u00ed v\u011bc\u00ed a&nbsp;z\u00e1rove\u0148 nejv\u011bt\u0161\u00edm \u00fasp\u011bchem je p\u0159\u00edjemn\u00e1 atmosf\u00e9ra a&nbsp;sm\u00edch na hodin\u011b. Mysl\u00edm si, \u017ee pr\u00e1v\u011b tehdy se m\u016f\u017ee \u010dlov\u011bk jazyk nau\u010dit daleko sn\u00e1z.<\/p>\n<p><strong>Kl\u00e1ra H\u00e1jkov\u00e1<\/strong><\/p>\n\t\t<\/div>\n\t\t<div class=\"wpa9-steps-hyphen\"><\/div>\t\t\t\n\t\t<div class=\"wpa9-steps-toggler-wrapper\" id=\"wpa9-steps-toggler-panel-1\">\n\t\t\t<div class=\"wpa9-steps-toggler f-headlines d-flex align-items-center justify-content-center\" data-content=\"panel-1\" role=\"button\">\n\t\t\t\t\t\t\t\t<span class=\"wpa9-step-title\">V\u011bra R\u00e1dyov\u00e1<\/span>\n\t\t\t\t\t\t\t<\/div>\n\t\t\t<div class=\"wpa9-steps-decoration\"><\/div>\n\t\t<\/div>\n\t\t<div class=\"wpa9-steps-content\" role=\"region\" id=\"wpa9-steps-content-panel-1\">\n\t\t\t<p>Jak se ze studentky lingvistick\u00e9 antropologie stala lektorka francouz\u0161tiny a&nbsp;\u010de\u0161tiny pro cizince?<\/p>\n<p>Se Sk\u0159iv\u00e1nkem jsem za\u010dala spolupracovat v\u00a0dob\u011b, kdy jsem psala diplomovou pr\u00e1ci v\u00a0oboru srovn\u00e1v\u00e1n\u00ed dvou v\u00fdznamn\u00fdch jazyk\u016f z\u00e1padn\u00ed Afriky, a&nbsp;jako senior lektorka pokra\u010duji dodnes. L\u00edb\u00ed se mi tady toti\u017e profesion\u00e1ln\u00ed, ale z\u00e1rove\u0148 t\u00e9m\u011b\u0159 rodinn\u00fd p\u0159\u00edstup kolegy\u0148 a&nbsp;koleg\u016f. R\u00e1da pozn\u00e1v\u00e1m nov\u00e9 lidi r\u016fzn\u00e9ho p\u016fvodu a&nbsp;v\u011b\u0159\u00edm, \u017ee d\u00edky u\u010den\u00ed se jazyka jim otev\u00edr\u00e1m dve\u0159e do frankofonn\u00edho sv\u011bta i&nbsp;do exotiky \u010desk\u00e9 kotliny. Cel\u00fd sv\u011bt pr\u00fd dnes mluv\u00ed anglicky! Opravdu? Zkusme to i&nbsp;jinak a&nbsp;pozn\u00e1vejme se trochu l\u00e9pe!<\/p>\n<p><strong>V\u011bra R\u00e1dyov\u00e1<\/strong><\/p>\n\t\t<\/div>\n\t\t<div class=\"wpa9-steps-hyphen\"><\/div>\t\t\t\n\t\t<div class=\"wpa9-steps-toggler-wrapper\" id=\"wpa9-steps-toggler-panel-2\">\n\t\t\t<div class=\"wpa9-steps-toggler f-headlines d-flex align-items-center justify-content-center\" data-content=\"panel-2\" role=\"button\">\n\t\t\t\t\t\t\t\t<span class=\"wpa9-step-title\">Michal \u0160indel\u00e1\u0159 <\/span>\n\t\t\t\t\t\t\t<\/div>\n\t\t\t<div class=\"wpa9-steps-decoration\"><\/div>\n\t\t<\/div>\n\t\t<div class=\"wpa9-steps-content\" role=\"region\" id=\"wpa9-steps-content-panel-2\">\n\t\t\t<p style=\"margin: 0cm;\">V\u00fduce n\u011bm\u010diny se intenzivn\u011b v\u011bnuji od roku 2009 a&nbsp;ve Sk\u0159iv\u00e1nkovi p\u016fsob\u00edm jako lektor a&nbsp;posl\u00e9ze jako senior lektor od roku 2013, krom\u011b toho se zab\u00fdv\u00e1m \u010desko-rakousk\u00fdm pohrani\u010d\u00edm, se kter\u00fdm souvisely i&nbsp;m\u00e9 \u010dty\u0159i\u00a0 v\u00fdzkumn\u00e9 pobyty na univerzit\u011b ve V\u00eddni a&nbsp;v&nbsp;Krem\u017ei. Na pr\u00e1ci lektora m\u011b bav\u00ed jednak pozorovat jazykov\u00fd progres u&nbsp;student\u016f a&nbsp;tak\u00e9 nau\u010dit je m\u00edt ciz\u00ed jazyky, a&nbsp;obzvl\u00e1\u0161t\u011b n\u011bm\u010dinu, r\u00e1d.<\/p>\n<p>&nbsp;<\/p>\n<p><strong>Michal \u0160indel\u00e1\u0159 <\/strong><\/p>\n\t\t<\/div>\n\t\t\t\t<\/div>\n\t<div class=\"wpa9-steps-contents-wrapper\">\n\t\t\t\t\t<div class=\"wpa9-steps-content _step_3_1 wpa9-steps-active\" role=\"region\" id=\"wpa9-steps-content-panel-0\">\n\t\t\t<p>A\u010dkoliv jsem vystudovala Pr\u00e1vnickou fakultu UK, u\u017e od za\u010d\u00e1tku studia jsem za\u010dala u\u010dit angli\u010dtinu. I&nbsp;po&nbsp;7 letech m\u011b tato pr\u00e1ce st\u00e1le bav\u00ed a&nbsp;nejv\u00edc mi vyhovuje to, \u017ee si m\u016f\u017eu organizovat sv\u016fj vlastn\u00ed \u010das a&nbsp;tak\u00e9 to, \u017ee m\u016f\u017eu pozn\u00e1vat a&nbsp;pov\u00eddat si s\u00a0r\u016fzn\u00fdmi lidmi o&nbsp;r\u016fzn\u00fdch v\u011bcech a&nbsp;vid\u011bt je usm\u00edvat se. Proto\u017ee v\u00edm, \u017ee v\u011bt\u0161ina m\u00fdch student\u016f je velmi vyt\u00ed\u017een\u00e1 svou prac\u00ed, sna\u017e\u00edm se, aby pro n\u011b hodina angli\u010dtiny byla jak\u00fdmsi ok\u00e9nkem v\u00a0t\u00fddnu, kde se mohou na chv\u00edli zastavit a&nbsp;nadechnout se. Nejd\u016fle\u017eit\u011bj\u0161\u00ed v\u011bc\u00ed a&nbsp;z\u00e1rove\u0148 nejv\u011bt\u0161\u00edm \u00fasp\u011bchem je p\u0159\u00edjemn\u00e1 atmosf\u00e9ra a&nbsp;sm\u00edch na hodin\u011b. Mysl\u00edm si, \u017ee pr\u00e1v\u011b tehdy se m\u016f\u017ee \u010dlov\u011bk jazyk nau\u010dit daleko sn\u00e1z.<\/p>\n<p><strong>Kl\u00e1ra H\u00e1jkov\u00e1<\/strong><\/p>\n\t\t<\/div>\n\t\t\t\t\t<div class=\"wpa9-steps-content _step_3_2\" role=\"region\" id=\"wpa9-steps-content-panel-1\">\n\t\t\t<p>Jak se ze studentky lingvistick\u00e9 antropologie stala lektorka francouz\u0161tiny a&nbsp;\u010de\u0161tiny pro cizince?<\/p>\n<p>Se Sk\u0159iv\u00e1nkem jsem za\u010dala spolupracovat v\u00a0dob\u011b, kdy jsem psala diplomovou pr\u00e1ci v\u00a0oboru srovn\u00e1v\u00e1n\u00ed dvou v\u00fdznamn\u00fdch jazyk\u016f z\u00e1padn\u00ed Afriky, a&nbsp;jako senior lektorka pokra\u010duji dodnes. L\u00edb\u00ed se mi tady toti\u017e profesion\u00e1ln\u00ed, ale z\u00e1rove\u0148 t\u00e9m\u011b\u0159 rodinn\u00fd p\u0159\u00edstup kolegy\u0148 a&nbsp;koleg\u016f. R\u00e1da pozn\u00e1v\u00e1m nov\u00e9 lidi r\u016fzn\u00e9ho p\u016fvodu a&nbsp;v\u011b\u0159\u00edm, \u017ee d\u00edky u\u010den\u00ed se jazyka jim otev\u00edr\u00e1m dve\u0159e do frankofonn\u00edho sv\u011bta i&nbsp;do exotiky \u010desk\u00e9 kotliny. Cel\u00fd sv\u011bt pr\u00fd dnes mluv\u00ed anglicky! Opravdu? Zkusme to i&nbsp;jinak a&nbsp;pozn\u00e1vejme se trochu l\u00e9pe!<\/p>\n<p><strong>V\u011bra R\u00e1dyov\u00e1<\/strong><\/p>\n\t\t<\/div>\n\t\t\t\t\t<div class=\"wpa9-steps-content _step_3_3\" role=\"region\" id=\"wpa9-steps-content-panel-2\">\n\t\t\t<p style=\"margin: 0cm;\">V\u00fduce n\u011bm\u010diny se intenzivn\u011b v\u011bnuji od roku 2009 a&nbsp;ve Sk\u0159iv\u00e1nkovi p\u016fsob\u00edm jako lektor a&nbsp;posl\u00e9ze jako senior lektor od roku 2013, krom\u011b toho se zab\u00fdv\u00e1m \u010desko-rakousk\u00fdm pohrani\u010d\u00edm, se kter\u00fdm souvisely i&nbsp;m\u00e9 \u010dty\u0159i\u00a0 v\u00fdzkumn\u00e9 pobyty na univerzit\u011b ve V\u00eddni a&nbsp;v&nbsp;Krem\u017ei. Na pr\u00e1ci lektora m\u011b bav\u00ed jednak pozorovat jazykov\u00fd progres u&nbsp;student\u016f a&nbsp;tak\u00e9 nau\u010dit je m\u00edt ciz\u00ed jazyky, a&nbsp;obzvl\u00e1\u0161t\u011b n\u011bm\u010dinu, r\u00e1d.<\/p>\n<p>&nbsp;<\/p>\n<p><strong>Michal \u0160indel\u00e1\u0159 <\/strong><\/p>\n\t\t<\/div>\n\t\t<\/div>\n\t<\/div>\n<\/div><\/div><div id=\"panel-7480-2-0-1\" class=\"so-panel widget widget_wpa9-editor-ext panel-last-child\" data-index=\"3\" ><div\n\t\t\t\n\t\t\tclass=\"so-widget-wpa9-editor-ext so-widget-wpa9-editor-ext-default-c93e1481a745-7480\"\n\t\t\t\n\t\t>\n<div class=\"siteorigin-widget-tinymce textwidget\">\n\t<p>&nbsp;<\/p>\n<p style=\"text-align: center;\">a dal\u0161\u00ed skv\u011bl\u00ed lekto\u0159i!<\/p>\n<\/div>\n<\/div><\/div><\/div><\/div><div id=\"pg-7480-3\"  class=\"panel-grid panel-has-style\" ><div class=\"siteorigin-panels-stretch panel-row-padding-none panel-row-style panel-row-style-for-7480-3\" data-stretch-type=\"full\" ><div id=\"pgc-7480-3-0\"  class=\"panel-grid-cell\" ><div id=\"panel-7480-3-0-0\" class=\"so-panel widget widget_wpa9-card-s panel-first-child panel-last-child\" data-index=\"4\" ><div\n\t\t\t\n\t\t\tclass=\"so-widget-wpa9-card-s so-widget-wpa9-card-s-default-c93e1481a745-7480\"\n\t\t\t\n\t\t><div class=\"wpa9-card wpa9-card-s wide negative\">\n\n\t<div class=\"wpa9-card-wrapper container\">\n\n\t\t<div class=\"wpa9-card-text\">\n\t\t\t<h2 class=\"wpa9-card-title\">Chcete mluvit plynule?<\/h2>\n\t\t\t<div class=\"wpa9-card-content\"><p style=\"text-align: center\">Vyberte si ten spr\u00e1vn\u00fd jazykov\u00fd kurz.<\/p>\n<\/div>\t\t<\/div>\n\n\t\t\t\t<div class=\"meta meta-buttons d-flex flex-row justify-content-center\">\n\t\t\t\t\t\t\t<a class=\"btn btn-negative show-inquiry-form\" href=\"https:\/\/skrivanek.cz\/cz\/poptavka\/\" title=\"Zaslat popt\u00e1vku\">Zaslat popt\u00e1vku<\/a>\n\t\t\t\t<\/div>\n\t\t\n\t<\/div>\n\n<\/div>\n<\/div><\/div><\/div><\/div><\/div><\/div>","protected":false},"excerpt":{"rendered":"<p>Lekto\u0159i Zku\u0161en\u00ed lekto\u0159i v\u00e1s nau\u010d\u00ed ciz\u00ed jazyk dle va\u0161eho v\u00fdb\u011bru. Kvalifikace V\u0161ichni lekto\u0159i proch\u00e1zej\u00ed d\u016fkladn\u00fdm v\u00fdb\u011brov\u00fdm \u0159\u00edzen\u00edm. Jazykov\u00e9 kurzy vedou pouze experti z\u00a0oboru. Spokojenost P\u0159izp\u016fsob\u00edme se va\u0161im pot\u0159eb\u00e1m (zam\u011b\u0159en\u00ed slovn\u00ed z\u00e1soby, pom\u011br gramatiky a&nbsp;konverzace, intenzita v\u00fduky). N\u00e1borov\u00fd proces lektor\u016f &nbsp; D\u016fkladn\u00fd v\u00fdb\u011br N\u00e1\u0161 lektorsk\u00fd t\u00fdm tvo\u0159\u00ed cca 600 zku\u0161en\u00fdch lektor\u016f z&nbsp;cel\u00e9ho sv\u011bta, kte\u0159\u00ed maj\u00ed chu\u0165 [&hellip;]<\/p>\n","protected":false},"author":9,"featured_media":0,"parent":305,"menu_order":0,"comment_status":"closed","ping_status":"closed","template":"","meta":{"_acf_changed":false,"footnotes":""},"class_list":["post-7480","page","type-page","status-publish","hentry"],"acf":[],"aioseo_notices":[],"_links":{"self":[{"href":"https:\/\/skrivanek.cz\/cz\/wp-json\/wp\/v2\/pages\/7480","targetHints":{"allow":["GET"]}}],"collection":[{"href":"https:\/\/skrivanek.cz\/cz\/wp-json\/wp\/v2\/pages"}],"about":[{"href":"https:\/\/skrivanek.cz\/cz\/wp-json\/wp\/v2\/types\/page"}],"author":[{"embeddable":true,"href":"https:\/\/skrivanek.cz\/cz\/wp-json\/wp\/v2\/users\/9"}],"replies":[{"embeddable":true,"href":"https:\/\/skrivanek.cz\/cz\/wp-json\/wp\/v2\/comments?post=7480"}],"version-history":[{"count":3,"href":"https:\/\/skrivanek.cz\/cz\/wp-json\/wp\/v2\/pages\/7480\/revisions"}],"predecessor-version":[{"id":69553,"href":"https:\/\/skrivanek.cz\/cz\/wp-json\/wp\/v2\/pages\/7480\/revisions\/69553"}],"up":[{"embeddable":true,"href":"https:\/\/skrivanek.cz\/cz\/wp-json\/wp\/v2\/pages\/305"}],"wp:attachment":[{"href":"https:\/\/skrivanek.cz\/cz\/wp-json\/wp\/v2\/media?parent=7480"}],"curies":[{"name":"wp","href":"https:\/\/api.w.org\/{rel}","templated":true}]}}